{"id":212,"date":"2016-01-12T14:38:05","date_gmt":"2016-01-12T13:38:05","guid":{"rendered":"http:\/\/www.sf-germany.org\/einheiten\/hephaistos\/?page_id=212"},"modified":"2022-10-07T12:53:13","modified_gmt":"2022-10-07T10:53:13","slug":"kerral","status":"publish","type":"page","link":"https:\/\/www.sf-germany.org\/einheiten\/uss-hephaistos\/die-crew\/charakter-archiv\/kerral\/","title":{"rendered":"K\u2019erral"},"content":{"rendered":"<div style=\"float: right; margin-left: 15px; margin-bottom: 15px; font-size: 11px;\">\n<table style=\"border: solid 0px #003366; background: transparent; box-shadow: 0.1em 0.1em 0.5em rgba(255,255,255,0.75); -moz-box-shadow: 0.1em 0.1em 0.5em rgba(255,255,255,0.75); -webkit-box-shadow: 0.1em 0.1em 0.5em rgba(255,255,255,0.75); border-radius: 1em; -moz-border-radius: 1em; -webkit-border-radius: 1em;\" border=\"3\" cellspacing=\"10\" align=\"right\">\n<tbody>\n<tr>\n<td style=\"font-weight: bold; border: solid 0px transparent;\" colspan=\"2\" align=\"center\">&nbsp;<\/td>\n<\/tr>\n<tr>\n<td style=\"background: transparent; border: solid 0px transparent;\" colspan=\"2\" align=\"center\"><a href=\"https:\/\/www.sf-germany.org\/einheiten\/uss-hephaistos\/wp-content\/uploads\/Kerral.jpg\"><img loading=\"lazy\" decoding=\"async\" class=\"alignnone wp-image-370 size-thumbnail\" src=\"https:\/\/www.sf-germany.org\/einheiten\/uss-hephaistos\/wp-content\/uploads\/Kerral-150x150.jpg\" alt=\"K'erral\" width=\"150\" height=\"150\"><\/a><\/td>\n<\/tr>\n<tr>\n<td style=\"font-weight: bold; border: solid 0px transparent;\" colspan=\"2\" align=\"center\"><b>K&#8217;erral<\/b><\/td>\n<\/tr>\n<tr>\n<td style=\"font-weight: bold; border: solid 0px transparent;\" align=\"right\" width=\"50%\">Status<\/td>\n<td style=\"border: solid 0px transparent;\" align=\"left\" width=\"50%\">PC &gt; NPC<\/td>\n<\/tr>\n<tr>\n<td style=\"font-weight: bold; border: solid 0px transparent;\" align=\"right\" width=\"50%\">Spieler<\/td>\n<td style=\"border: solid 0px transparent;\" align=\"left\" width=\"50%\">Alexander S.<\/td>\n<\/tr>\n<tr>\n<td style=\"font-weight: bold; border: solid 0px #003366; background: #555; box-shadow: 0.1em 0.1em 0.5em rgba(255,255,255,0.75); -webkit-box-shadow: 0.1em 0.1em 0.5em rgba(255,255,255,0.75); border-radius: 1em; -webkit-border-radius: 1em;\" colspan=\"2\" align=\"center\">Dienstliche Informationen<\/td>\n<\/tr>\n<tr>\n<td style=\"font-weight: bold; border: solid 0px transparent;\" align=\"right\" width=\"50%\">Ranggrafik<\/td>\n<td style=\"border: solid 0px transparent;\" align=\"left\" width=\"50%\"><img loading=\"lazy\" decoding=\"async\" src=\"https:\/\/www.sf-germany.com\/images\/schemata\/sto\/rot\/ens.png\" alt=\"\" width=\"100\" height=\"25\"><\/td>\n<\/tr>\n<tr>\n<td style=\"font-weight: bold; border: solid 0px transparent;\" align=\"right\" width=\"50%\">Rang<\/td>\n<td style=\"border: solid 0px transparent;\" align=\"left\" width=\"50%\">Ensign<\/td>\n<\/tr>\n<tr>\n<td style=\"font-weight: bold; border: solid 0px transparent;\" align=\"right\" width=\"50%\">Posten<\/td>\n<td style=\"border: solid 0px transparent;\" align=\"left\" width=\"50%\">(De-)Chiffrierungs-Spezialist<\/td>\n<\/tr>\n<tr>\n<td style=\"font-weight: bold; border: solid 0px transparent;\" align=\"right\" width=\"50%\">Stationierung<\/td>\n<td style=\"border: solid 0px transparent;\" align=\"left\" width=\"50%\">USS Hephaistos<\/td>\n<\/tr>\n<tr>\n<td style=\"font-weight: bold; border: solid 0px #003366; background: #555; box-shadow: 0.1em 0.1em 0.5em rgba(255,255,255,0.75); -webkit-box-shadow: 0.1em 0.1em 0.5em rgba(255,255,255,0.75); border-radius: 1em; -webkit-border-radius: 1em;\" colspan=\"2\" align=\"center\">Biographische Informationen<\/td>\n<\/tr>\n<tr>\n<td style=\"font-weight: bold; border: solid 0px transparent;\" align=\"right\" width=\"50%\">Geburtstag<\/td>\n<td style=\"border: solid 0px transparent;\" align=\"left\" width=\"50%\">01.03.2383<\/td>\n<\/tr>\n<tr>\n<td style=\"font-weight: bold; border: solid 0px transparent;\" align=\"right\" width=\"50%\">Familienstand<\/td>\n<td style=\"border: solid 0px transparent;\" align=\"left\" width=\"50%\">ledig<\/td>\n<\/tr>\n<tr>\n<td style=\"font-weight: bold; border: 0px solid transparent;\" align=\"right\" valign=\"top\" width=\"50%\">Vater<\/td>\n<td style=\"border: 0px solid transparent;\" align=\"left\" width=\"50%\">\n<div>R\u2019elarrk, Bezirksclanoberhaupt<\/div>\n<\/td>\n<\/tr>\n<tr>\n<td style=\"font-weight: bold; border: solid 0px transparent;\" align=\"right\" valign=\"top\" width=\"50%\">Mutter<\/td>\n<td style=\"border: solid 0px transparent;\" align=\"left\" width=\"50%\">P\u2019errell, Botanikerin<\/td>\n<\/tr>\n<tr>\n<td style=\"font-weight: bold; border: solid 0px transparent;\" align=\"right\" valign=\"top\" width=\"50%\">Geschwister<\/td>\n<td style=\"border: solid 0px transparent;\" align=\"left\" width=\"50%\">R\u2019arlek,<br \/>\nDiplomat f\u00fcr die<br \/>\ncaitianische Regierung<br \/>\nM\u2019Lau,<br \/>\nRichterin eines Unterbezirks<br \/>\nvon Larrrtov auf Ferasa<\/td>\n<\/tr>\n<tr>\n<td style=\"font-weight: bold; border: solid 0px transparent;\" align=\"right\" valign=\"top\" width=\"50%\">Religion<\/td>\n<td style=\"border: solid 0px transparent;\" align=\"left\" width=\"50%\">Verehrung der Gottheit Rrikalla<\/td>\n<\/tr>\n<tr>\n<td style=\"font-weight: bold; border: solid 0px #003366; background: #555; box-shadow: 0.1em 0.1em 0.5em rgba(255,255,255,0.75); -webkit-box-shadow: 0.1em 0.1em 0.5em rgba(255,255,255,0.75); border-radius: 1em; -webkit-border-radius: 1em;\" colspan=\"2\" align=\"center\">Physische Beschreibung<\/td>\n<\/tr>\n<tr>\n<td style=\"font-weight: bold; border: solid 0px transparent;\" align=\"right\" width=\"50%\">Spezies<\/td>\n<td style=\"border: solid 0px transparent;\" align=\"left\" width=\"50%\">Caitianer<\/td>\n<\/tr>\n<tr>\n<td style=\"font-weight: bold; border: solid 0px transparent;\" align=\"right\" width=\"50%\">Geschlecht<\/td>\n<td style=\"border: solid 0px transparent;\" align=\"left\" width=\"50%\">m\u00e4nnlich<\/td>\n<\/tr>\n<tr>\n<td style=\"font-weight: bold; border: solid 0px transparent;\" align=\"right\" width=\"50%\">Gr\u00f6\u00dfe<\/td>\n<td style=\"border: solid 0px transparent;\" align=\"left\" width=\"50%\">185 cm<\/td>\n<\/tr>\n<tr>\n<td style=\"font-weight: bold; border: solid 0px transparent;\" align=\"right\" width=\"50%\">Gewicht<\/td>\n<td style=\"border: solid 0px transparent;\" align=\"left\" width=\"50%\">80 kg<\/td>\n<\/tr>\n<tr>\n<td style=\"font-weight: bold; border: solid 0px transparent;\" align=\"right\" width=\"50%\">Fellfarbe<\/td>\n<td style=\"border: solid 0px transparent;\" align=\"left\" width=\"50%\">Goldgelb<\/td>\n<\/tr>\n<tr>\n<td style=\"font-weight: bold; border: solid 0px transparent;\" align=\"right\" width=\"50%\">Augenfarbe<\/td>\n<td style=\"border: solid 0px transparent;\" align=\"left\" width=\"50%\">Goldgelb<\/td>\n<\/tr>\n<tr>\n<td style=\"font-weight: bold; border: solid 0px #003366; background: #555; box-shadow: 0.1em 0.1em 0.5em rgba(255,255,255,0.75); -webkit-box-shadow: 0.1em 0.1em 0.5em rgba(255,255,255,0.75); border-radius: 1em; -webkit-border-radius: 1em;\" colspan=\"2\" align=\"center\">Politische informationen<\/td>\n<\/tr>\n<tr>\n<td style=\"font-weight: bold; border: solid 0px transparent;\" align=\"right\" valign=\"top\" width=\"50%\">Buergerschaft<\/td>\n<td style=\"border: solid 0px transparent;\" align=\"left\" width=\"50%\">F\u00f6deration<\/td>\n<\/tr>\n<\/tbody>\n<\/table>\n<\/div>\n<h2>Lebenslauf<\/h2>\n<p>K\u2019errel wurde im Fr\u00fchjahr 2383 auf dem Kontinent Larrrtov geboren. Er ist das dritte und letzte Kind seiner Eltern. Der Zusammenhang in einer caitianischen Familie ist sehr stark, weshalb die meisten Familien oft ein Leben lang zusammen bleiben. Zwar bleiben viele Caitianer deshalb in der N\u00e4he ihrer Heimat, doch zieht es viele junge Caitianer seid der Mitgliedschaft in der F\u00f6deration und der Sternenflotte in die Weiten des Universums.<\/p>\n<p>R\u2019elarrk ist als Bezirksclanoberhaupt ein einflussreicher Caitianer, der zudem eine lange Familiengeschichte hat. Zu Zeiten der gro\u00dfen Clankriege brachte seine Familie einige bekannte Gener\u00e4le hervor. R\u2019elarrk werden weitreichende Kontakte zum caitianischen Milit\u00e4r und anderen Einrichtungen nachgesagt. Der \u00e4lteste Bruder, R\u2019arlek trat dem diplomatischen Corps bei, nachdem dieser seine milit\u00e4rische Grundausbildung beendet hatte. Die Schwester blieb auf Ferasa um dort, nach ihrer milit\u00e4rischen Grundausbildung, eine Karriere als Richterin zu verfolgen. K\u2019erral hat als junger Caitianer ebenfalls seine milit\u00e4rische Grundausbildung abgeschlossen. In der Grundausbildung zeigten sich schon fr\u00fch seine Talente im Bereich der Sicherheitssystemen und Sensortechnik. Als sich K\u2019erral entschieden hatte eine milit\u00e4rische Laufbahn einzuschlagen entschied er sich zu Sternenflotte zu gehen um dort die bestm\u00f6glichste Ausbildung zu erhalten. Trotz den Widerst\u00e4nden seiner Familie bewarb sich K\u2019erral bei der Sternenflotte. Dies f\u00fchrte zu einem Zerw\u00fcrfnis zwischen ihm und seiner Familie als er schlie\u00dflich an der Sternenflottenakademie angenommen wurde und die Heimat verlie\u00df.<\/p>\n<p>Er war einer der wenigen Caitianer seines Jahrgangs und dementsprechend waren viele seiner Kamerade neugierig auf ihn. Dies kam seiner caitianischen Natur entgegen, da er es gewohnt war immer viele Personen um sich zu haben.<\/p>\n<p>Nach den ersten zwei Jahren auf der Akademie, wurde beschlossen seine Talente zu f\u00f6rdern und ihm das Schwerpunktfach Geheimdienst nahezulegen. Als zweites Schwerpunktfach w\u00e4hlte er zus\u00e4tzlich das Schwerpunktfach Operation.<\/p>\n<p>Mit dem Abschluss der Akademie wurde er als junger Ensign auf einen Horchposten in der N\u00e4he der klingonischen Grenze versetzt. W\u00e4hrend dieser Zeit kam es zu einem \u00dcbergriff bei dem K\u2019erral gefangen genommen wurde. Er konnte jedoch entkommen. Nach einem Landurlaub wurde er als Offizier in die Logistikabteilung auf der USS Hephaistos versetzt. Schlie\u00dflich wurde er zum OPS der USS Hephaistos bef\u00f6rdert.<\/p>\n<hr>\n<h2>Psychologisches Profil<\/h2>\n<p>Ein famili\u00e4res Zerw\u00fcrfnis scheint den Kadetten stark zu belasten. Der Kadett sollte wenn m\u00f6glich diese Probleme l\u00f6sen, um zuk\u00fcnftige Problematiken vermeiden zu k\u00f6nnen. Diese Trennung von seiner Familie wirkt sich nicht auf seine Tauglichkeit aus. Der ersten Einsch\u00e4tzung nach ist er dennoch sehr gesellig. Der Kadett wirkt ausgeglichen und tauglich f\u00fcr die Ausbildung.<br \/>\n<em>&#8211; CNS Dr. J. Browning (Auszug psychologische Beurteilung zu Ausbildungsbeginn)<\/em><\/p>\n<p>Sein Zerw\u00fcrfnis mit seiner Familie belastet den Kadetten noch immer schwer. Deshalb sucht er meist die Gesellschaft anderer. Seine Hobbys dienen ihm meist gut als Entspannung. W\u00e4hrend seiner Zeit als Kadett fand er ein ausgewogenes Ma\u00df zwischen Arbeit und Freizeit.<br \/>\nSo wird diesem Kadett ein psychologisch einwandfreier Zustand bescheinigt.<br \/>\n<em>&#8211; CNS Dr. J. Browning (Auszug psychologische Beurteilung nach dem 2. Ausbildungsjahr)<\/em><\/p>\n<p>Ein psychologisches Profil zu erstellen ist bei Kadetten mit den gew\u00e4hlten Schwerpunktf\u00e4chern deutlich erschwert. Dennoch l\u00e4sst sich abschlie\u00dfend sagen, dass der Kadett sein Familienzerw\u00fcrfnis gut verarbeitet hat. Ein Kontakt mit seiner Familie wurde noch nicht hergestellt und ist weiterhin zu empfehlen. Die gesellige Art konnte sich der Kadett erhalten und wirkt sehr ausgeglichen. Es ist jedoch zu vermerken, dass der Kadett etwas verschlossener wurde, er jedoch weiterhin als aufgeschlossen z\u00e4hlt.<br \/>\n<em>&#8211; CNS Dr. Benjamin Thorm (Auszug psychologische Abschlussuntersuchung)<\/em><\/p>\n<p><strong>Klassifizierter psychologischer Bericht:<\/strong><br \/>\nEnsign K\u2019erral verkraftete die Zeit in Gefangenschaft scheinbar ohne direkte Nachwirkungen. Der Empfohlene Landurlaub wurde angetreten. Die aufkeimende Raumangst wurde dadurch wieder auf ein normales Ma\u00df geregelt. Ein gewisses Misstrauen gegen\u00fcber Klingonen hat sich verst\u00e4rkt.<br \/>\n<em>&#8211; CNS Dr. K.G (Auszug des geheimdienstlichen psychologischen Berichts nach Eins\u00e4tzen)<\/em><\/p>\n<hr>\n<h2>Spezialgebiete<\/h2>\n<ul>\n<li>Abh\u00f6ren\/St\u00f6ren, Verh\u00f6ren und Befragen<\/li>\n<li>Kryptoanalyse<\/li>\n<\/ul>\n<p><strong>Spionagespezialisierung:<\/strong><\/p>\n<ul>\n<li>Klingonisches Reich<\/li>\n<\/ul>\n<hr>\n<h2>Hobbies<\/h2>\n<ul>\n<li>Caitianische Jagd<\/li>\n<li>Aufzucht von Pflanzen und kleinen B\u00e4umen<\/li>\n<\/ul>\n<hr>\n<h2>Medizinisches Profil<\/h2>\n<p>K\u2019erral durchlebte die \u00fcblichen caitianischen Kinderkrankheiten.<br \/>\nEbenso \u00fcberstand er mehrere Knochenbr\u00fccke an Armen, Beinen und K\u00f6rper.<br \/>\nDiese zog er sich \u00fcber die Jahre hinweg w\u00e4hrend der caitianischen Grundausbildung zu. Dies ist laut Erfahrungen und Berichten jedoch im normalen Rahmen dieser Ausbildung.<\/p>\n<hr>\n<h2>Klassifizierte Sektion<\/h2>\n<p>R\u2019elarrk, sein Vater, hat tats\u00e4chlich sehr gute Verbindungen zur Sternenflottenadmiralit\u00e4t. Diese reichen auf die Zeit bis nach den Clankriegen zur\u00fcck, als die Caitianer noch ein Protektorat der Sternenflotte waren.<\/p>\n<p>Als junger Ensign hatte K\u2019erral einen Auftrag hinter den feindlichen Linien des Klingonischen Reichs. Er hatte die Aufgabe Informationen im Donatusystem zu sammeln.<br \/>\nDie Mission war erfolgreich, doch wurden er und sein Senioragent gefangen genommen.<br \/>\nBei der Flucht aus dieser Gefangenschaft wurde sein Senioragent get\u00f6tet.<br \/>\nK\u2019erral schloss das Ende der Mission alleine ab.<\/p>\n","protected":false},"excerpt":{"rendered":"<p>&nbsp; K&#8217;erral Status PC &gt; NPC Spieler Alexander S. Dienstliche Informationen Ranggrafik Rang Ensign Posten (De-)Chiffrierungs-Spezialist Stationierung USS Hephaistos Biographische Informationen Geburtstag 01.03.2383 Familienstand ledig Vater R\u2019elarrk, Bezirksclanoberhaupt Mutter P\u2019errell, Botanikerin Geschwister R\u2019arlek, Diplomat f\u00fcr die caitianische Regierung M\u2019Lau, Richterin eines Unterbezirks von Larrrtov auf Ferasa Religion Verehrung der Gottheit Rrikalla Physische Beschreibung Spezies Caitianer&#8230;<\/p>\n<p class=\"more-link-wrap\"><a href=\"https:\/\/www.sf-germany.org\/einheiten\/uss-hephaistos\/die-crew\/charakter-archiv\/kerral\/\" class=\"more-link\">Read More<span class=\"screen-reader-text\"> &ldquo;K\u2019erral&rdquo;<\/span> &raquo;<\/a><\/p>\n","protected":false},"author":1,"featured_media":0,"parent":1100,"menu_order":4,"comment_status":"closed","ping_status":"closed","template":"page-templates\/medium.php","meta":{"footnotes":""},"class_list":["post-212","page","type-page","status-publish","hentry"],"_links":{"self":[{"href":"https:\/\/www.sf-germany.org\/einheiten\/uss-hephaistos\/wp-json\/wp\/v2\/pages\/212","targetHints":{"allow":["GET"]}}],"collection":[{"href":"https:\/\/www.sf-germany.org\/einheiten\/uss-hephaistos\/wp-json\/wp\/v2\/pages"}],"about":[{"href":"https:\/\/www.sf-germany.org\/einheiten\/uss-hephaistos\/wp-json\/wp\/v2\/types\/page"}],"author":[{"embeddable":true,"href":"https:\/\/www.sf-germany.org\/einheiten\/uss-hephaistos\/wp-json\/wp\/v2\/users\/1"}],"replies":[{"embeddable":true,"href":"https:\/\/www.sf-germany.org\/einheiten\/uss-hephaistos\/wp-json\/wp\/v2\/comments?post=212"}],"version-history":[{"count":10,"href":"https:\/\/www.sf-germany.org\/einheiten\/uss-hephaistos\/wp-json\/wp\/v2\/pages\/212\/revisions"}],"predecessor-version":[{"id":5604,"href":"https:\/\/www.sf-germany.org\/einheiten\/uss-hephaistos\/wp-json\/wp\/v2\/pages\/212\/revisions\/5604"}],"up":[{"embeddable":true,"href":"https:\/\/www.sf-germany.org\/einheiten\/uss-hephaistos\/wp-json\/wp\/v2\/pages\/1100"}],"wp:attachment":[{"href":"https:\/\/www.sf-germany.org\/einheiten\/uss-hephaistos\/wp-json\/wp\/v2\/media?parent=212"}],"curies":[{"name":"wp","href":"https:\/\/api.w.org\/{rel}","templated":true}]}}