{"id":223,"date":"2016-01-12T15:08:16","date_gmt":"2016-01-12T14:08:16","guid":{"rendered":"http:\/\/www.sf-germany.org\/einheiten\/hephaistos\/?page_id=223"},"modified":"2022-10-07T21:55:49","modified_gmt":"2022-10-07T19:55:49","slug":"temba-qwara","status":"publish","type":"page","link":"https:\/\/www.sf-germany.org\/einheiten\/uss-hephaistos\/die-crew\/temba-qwara\/","title":{"rendered":"Temba Qwara"},"content":{"rendered":"<p>&nbsp;<\/p>\n<div style=\"float: right; margin-left: 15px; margin-bottom: 15px; font-size: 11px;\">\n<table style=\"border: solid 0px #003366; background: transparent; box-shadow: 0.1em 0.1em 0.5em rgba(255,255,255,0.75); -moz-box-shadow: 0.1em 0.1em 0.5em rgba(255,255,255,0.75); -webkit-box-shadow: 0.1em 0.1em 0.5em rgba(255,255,255,0.75); border-radius: 1em; -moz-border-radius: 1em; -webkit-border-radius: 1em;\" border=\"3\" cellspacing=\"10\" align=\"right\">\n<tbody>\n<tr>\n<td style=\"font-weight: bold; border: solid 0px transparent;\" colspan=\"2\" align=\"center\"><\/td>\n<\/tr>\n<tr>\n<td style=\"background: transparent; border: solid 0px transparent;\" colspan=\"2\" align=\"center\"><a href=\"https:\/\/www.sf-germany.org\/einheiten\/uss-hephaistos\/wp-content\/uploads\/2016\/01\/CharBild.png\" rel=\"attachment wp-att-111\"><img decoding=\"async\" class=\"alignnone size-full wp-image-111\" src=\"https:\/\/www.sf-germany.org\/einheiten\/uss-hephaistos\/wp-content\/uploads\/2016\/01\/CharBild.png\" alt=\"CharBild\" width=\"140\" \/><\/a><\/td>\n<\/tr>\n<tr>\n<td style=\"font-weight: bold; border: solid 0px transparent;\" colspan=\"2\" align=\"center\"><b>Temba Qwara<\/b><\/td>\n<\/tr>\n<tr>\n<td style=\"font-weight: bold; border: solid 0px transparent;\" align=\"right\" width=\"50%\">Status<\/td>\n<td style=\"border: solid 0px transparent;\" align=\"left\" width=\"50%\">NPC<\/td>\n<\/tr>\n<tr>\n<td style=\"font-weight: bold; border: solid 0px transparent;\" align=\"right\" width=\"50%\">Spieler<\/td>\n<td style=\"border: solid 0px transparent;\" align=\"left\" width=\"50%\">NPC<\/td>\n<\/tr>\n<tr>\n<td style=\"font-weight: bold; border: solid 0px #003366; background: #555; box-shadow: 0.1em 0.1em 0.5em rgba(255,255,255,0.75); -webkit-box-shadow: 0.1em 0.1em 0.5em rgba(255,255,255,0.75); border-radius: 1em; -webkit-border-radius: 1em;\" colspan=\"2\" align=\"center\">Dienstliche Informationen<\/td>\n<\/tr>\n<tr>\n<td style=\"font-weight: bold; border: solid 0px transparent;\" align=\"right\" width=\"50%\">Ranggrafik<\/td>\n<td style=\"border: solid 0px transparent;\" align=\"left\" width=\"50%\"><img loading=\"lazy\" decoding=\"async\" src=\"https:\/\/www.sf-germany.com\/images\/schemata\/sto\/rot\/ens.png\" alt=\"\" width=\"100\" height=\"25\" \/><\/td>\n<\/tr>\n<tr>\n<td style=\"font-weight: bold; border: solid 0px transparent;\" align=\"right\" width=\"50%\">Rang<\/td>\n<td style=\"border: solid 0px transparent;\" align=\"left\" width=\"50%\">Ensign<\/td>\n<\/tr>\n<tr>\n<td style=\"font-weight: bold; border: solid 0px transparent;\" align=\"right\" width=\"50%\">Posten<\/td>\n<td style=\"border: solid 0px transparent;\" align=\"left\" width=\"50%\">COMM<\/td>\n<\/tr>\n<tr>\n<td style=\"font-weight: bold; border: solid 0px transparent;\" align=\"right\" width=\"50%\">Stationierung<\/td>\n<td style=\"border: solid 0px transparent;\" align=\"left\" width=\"50%\">USS Hephaistos<\/td>\n<\/tr>\n<tr>\n<td style=\"font-weight: bold; border: solid 0px #003366; background: #555; box-shadow: 0.1em 0.1em 0.5em rgba(255,255,255,0.75); -webkit-box-shadow: 0.1em 0.1em 0.5em rgba(255,255,255,0.75); border-radius: 1em; -webkit-border-radius: 1em;\" colspan=\"2\" align=\"center\">Biographische Informationen<\/td>\n<\/tr>\n<tr>\n<td style=\"font-weight: bold; border: solid 0px transparent;\" align=\"right\" width=\"50%\">Geburtstag<\/td>\n<td style=\"border: solid 0px transparent;\" align=\"left\" width=\"50%\">31.05.2382<\/td>\n<\/tr>\n<tr>\n<td style=\"font-weight: bold; border: solid 0px transparent;\" align=\"right\" width=\"50%\">Geburtsort<\/td>\n<td style=\"border: solid 0px transparent;\" align=\"left\" width=\"50%\">Kapstadt, Afrika, Erde<\/td>\n<\/tr>\n<tr>\n<td style=\"font-weight: bold; border: solid 0px transparent;\" align=\"right\" width=\"50%\">Familienstand<\/td>\n<td style=\"border: solid 0px transparent;\" align=\"left\" width=\"50%\">ledig<\/td>\n<\/tr>\n<tr>\n<td style=\"font-weight: bold; border: solid 0px transparent;\" align=\"right\" width=\"50%\">Familie<\/td>\n<td style=\"border: solid 0px transparent;\" align=\"left\" width=\"50%\">Vater: Himidi Qwara,<br \/>\nServicetechniker COMM<br \/>\nMutter: Shani Qwara, geb. Yera,<br \/>\nHausfrau<br \/>\nSchwester Panya Qwara,<br \/>\nCOMM USB Deep Space 2<\/td>\n<\/tr>\n<tr>\n<td style=\"font-weight: bold; border: solid 0px #003366; background: #555; box-shadow: 0.1em 0.1em 0.5em rgba(255,255,255,0.75); -webkit-box-shadow: 0.1em 0.1em 0.5em rgba(255,255,255,0.75); border-radius: 1em; -webkit-border-radius: 1em;\" colspan=\"2\" align=\"center\">Physische Beschreibung<\/td>\n<\/tr>\n<tr>\n<td style=\"font-weight: bold; border: solid 0px transparent;\" align=\"right\" width=\"50%\">Spezies<\/td>\n<td style=\"border: solid 0px transparent;\" align=\"left\" width=\"50%\">Mensch<\/td>\n<\/tr>\n<tr>\n<td style=\"font-weight: bold; border: solid 0px transparent;\" align=\"right\" width=\"50%\">Geschlecht<\/td>\n<td style=\"border: solid 0px transparent;\" align=\"left\" width=\"50%\">m\u00e4nnlich<\/td>\n<\/tr>\n<tr>\n<td style=\"font-weight: bold; border: solid 0px transparent;\" align=\"right\" width=\"50%\">Gr\u00f6\u00dfe<\/td>\n<td style=\"border: solid 0px transparent;\" align=\"left\" width=\"50%\">191 cm<\/td>\n<\/tr>\n<tr>\n<td style=\"font-weight: bold; border: solid 0px transparent;\" align=\"right\" width=\"50%\">Hautfarbe<\/td>\n<td style=\"border: solid 0px transparent;\" align=\"left\" width=\"50%\">schwarz<\/td>\n<\/tr>\n<tr>\n<td style=\"font-weight: bold; border: solid 0px transparent;\" align=\"right\" width=\"50%\">Haarfarbe<\/td>\n<td style=\"border: solid 0px transparent;\" align=\"left\" width=\"50%\">schwarz, milit\u00e4risch kurz<\/td>\n<\/tr>\n<tr>\n<td style=\"font-weight: bold; border: solid 0px transparent;\" align=\"right\" width=\"50%\">Augenfarbe<\/td>\n<td style=\"border: solid 0px transparent;\" align=\"left\" width=\"50%\">dunkelbraun<\/td>\n<\/tr>\n<tr>\n<td style=\"font-weight: bold; border: solid 0px #003366; background: #555; box-shadow: 0.1em 0.1em 0.5em rgba(255,255,255,0.75); -webkit-box-shadow: 0.1em 0.1em 0.5em rgba(255,255,255,0.75); border-radius: 1em; -webkit-border-radius: 1em;\" colspan=\"2\" align=\"center\">Politische informationen<\/td>\n<\/tr>\n<tr>\n<td style=\"font-weight: bold; border: solid 0px transparent;\" align=\"right\" width=\"50%\">Buergerschaft<\/td>\n<td style=\"border: solid 0px transparent;\" align=\"left\" width=\"50%\">F\u00f6derationsb\u00fcrger<\/td>\n<\/tr>\n<tr>\n<td style=\"font-weight: bold; border: solid 0px transparent;\" align=\"right\" width=\"50%\"><\/td>\n<td style=\"border: solid 0px transparent;\" align=\"left\" width=\"50%\"><\/td>\n<\/tr>\n<\/tbody>\n<\/table>\n<\/div>\n<p><strong><span style=\"font-size: 24pt;\">Lebenslauf<\/span><\/strong><\/p>\n<p>Aufgewachsen ist Temba in Kapstadt, das schon lange keine Elendsviertel mehr hat. In der Schule stellte sich fr\u00fch heraus, das er einerseits eine Begabung f\u00fcr Sprachen und technisches Geschick besa\u00df, andererseits aber mit Menschen seine Schwierigkeiten hatte. Er akzeptierte Obrigkeiten nur schwer, lehnte sich h\u00e4ufig gegen Lehrer auf, wenn er sich, oder wenn andere, seiner Meinung nach ungerecht behandelt wurden. Im sportlichen Bereich lag er im oberen Bereich, Werfen (ob Speer, Ball oder sonstige Gegenst\u00e4nde an diverse K\u00f6pfe) konnte er immer weit und zielsicher, was ihn auch ins Olympiateam S\u00fcdafrikas und ihm den Gewinn der Bronzemedaillie brachte.<\/p>\n<p>Sprachf\u00e4cher fielen Temba in der Schule sehr leicht und er versuchte so viele Sprachkurse mitzumachen, wie es nur eben ging.<\/p>\n<p>Schon in der Schule liebte er Partys und feierte gern. Seine eigenen Partys, die er gab, wenn seine Eltern im Urlaub waren, waren legend\u00e4r &#8211; aufgrund der dort abgelaufenen Exzesse.<\/p>\n<p>W\u00e4hrend seiner Zeit als Sportler erwarb er diverse Pilotenscheine, vom einfachen Shuttle bis zum Lastraumschiff darf er alles selbst fliegen (auch wenn man ihm lieber kein gr\u00f6\u00dferes Schiff anvertrauen sollte, selbst wenn er von sich gro\u00dfspurig behauptet, er k\u00f6nnte das).<\/p>\n<p>Als Sohn eines Kommunikationstechnikers und einer \u00e4lteren Schwester, die 5 Jahre vor ihm die Sternenflottenakademie besuchte, gab es f\u00fcr Temba im Endeffekt kaum eine andere M\u00f6glichkeit und dank dem lang gehegten Traum ferne, fremde Welten zu besuchen kaum eine andere Wahl, als selbst der Sternenflotte beizutreten. Urspr\u00fcnglich (bei der Akademieeinschreibung) hatte er sich als Pilot gesehen, doch schon nach kurzer Zeit auf der Akademie stellte sich heraus, das er im Gebiet der Kommunikation (technisch und sprachlich) bessere M\u00f6glichkeiten bot. Auf der Akademie besch\u00e4ftigte sich Temba mit au\u00dferirdischen Sprachen, so auch mit einigen der schwierigsten, die es zu meistern gibt. Seine Schwester ist ebenfalls KOM (auf Deep Space 2), mit ihr f\u00fchrt er regen Briefverkehr.<\/p>\n<p>Im zweiten Jahr auf der Akademie handelte sich Temba einen Verweis ein, weil er sich an einem freien Abend, die er in der der Akademie nahen Blue Oyster Bar verbrachte, in eine Schl\u00e4gerei einmischte. Ein Caitianer verdrehte einem eher schm\u00e4chtigen Menschen den Arm, daraufhin kam es nach verbalen Anfeindungen und den Worten &#8222;Such Dir mal jemand in Deiner Gewichtsklasse&#8220; &#8211; von Temba ausgesprochen &#8211; zu diversen Sach- und Personensch\u00e4den. Temba kam hierbei mit dem sprichw\u00f6rtlichen blauen Auge und einigen Prellungen davon.<\/p>\n<p>So gut seine Hand-Auge-Koordination mit Speer und Dart auch sind, auf dem Schie\u00dfstand beweist er mit Handphasern jedes Mal, das er mit dieser Waffe niemals ein Scheunentor treffen w\u00fcrde. Mit dem Phasergewehr sieht es allerdings wesentlich besser aus.<\/p>\n<p>&nbsp;<\/p>\n<p><span style=\"font-size: 24pt;\"><strong>Psychologisches Profil<\/strong><\/span><\/p>\n<p>Temba hat teils ein \u00fcbersteigertes Selbstbewusstsein, was ihn manchmal arrogant oder rechthaberisch erscheinen l\u00e4sst. Er ist egozentrisch und egomanisch und h\u00e4lt sich selbst f\u00fcr \u00fcberragend in vielen Gebieten, auch wenn die Wirklichkeit anders aussieht. Temba ist nicht im eigentliche Sinne egoistisch, vielmehr sieht er sich selbst als den Mittelpunkt, um den sich alles dreht &#8211; oder zumindest drehen sollte.<\/p>\n<p>Sein Hang, immer in der Mitte des Geschehens zu stehen ist ausgepr\u00e4gt, sein Alkoholkonsum in seiner Freizeit ebenfalls.<\/p>\n<p>Temba Qwara hat einen ausgepr\u00e4gten Gerechtigkeitssinn. Er setzt sich f\u00fcr schw\u00e4chere ein, sehr lautstark und nat\u00fcrlich so, das er selbst als Held dasteht.<\/p>\n<p>Oft verf\u00e4llt Temba in Phasen der Euphorie und reagiert manisch, dies wirkt sich jedoch nicht auf den Dienst aus. Diese &#8222;Extrem gute Laune Phasen&#8220; k\u00f6nnen andere (besonders am fr\u00fchen Morgen) sehr nerven.<\/p>\n<p>&nbsp;<\/p>\n<p><strong><span style=\"font-size: 24pt;\">Spezialgebiete<\/span><\/strong><\/p>\n<p>Temba hat einiges an Sprachgeschick und technischen Fertigkeiten, was schon in der Schullaufbahn gezielt gef\u00f6rdert wurde. Er spricht flie\u00dfend folgende Sprachen:<br \/>\nAfrikaans, Englisch, Standard<\/p>\n<p>In vielen anderen Sprachen, auch verschiedenen erdfremder V\u00f6lker, besitzt er Grund- oder weitergehendes Wissen, spricht diese aber nicht akzentfrei und fehlerlos.<\/p>\n<p>Temba hat den Pilotenschein f\u00fcr Shuttles, Shuttlebusse und Frachtschiffe schon vor der Akademie erworben.<\/p>\n<p>Sport: Laufen, Dartspiel, Speerwerfen (war 2404 im Olympiateam S\u00fcdafrikas und gewann Bronze) &lt;&gt;Seit der Akademie l\u00e4sst Temba den Sport allerdings ein wenig schleifen und betrachtet ihn lediglich als Hobby, nicht mehr als Leistungssport.<\/p>\n<p>&nbsp;<\/p>\n<p><strong><span style=\"font-size: 24pt;\">Hobbies<\/span><\/strong><\/p>\n<p>Partys, Lesen, Technische Spielereien, Modellbau<\/p>\n<p>&nbsp;<\/p>\n<p><strong><span style=\"font-size: 24pt;\">Medizinisches Profil<\/span><\/strong><\/p>\n<p>Beim medizinischen Test wurde eine erh\u00f6hte Toleranzschwelle gegen Strahlung und Schmerzen festgestellt, die Hand-Auge-Koordination ist ebenfalls stark ausgepr\u00e4gt. Alle sonstigen Untersuchungen verliefen ohne Besonderheiten. Vorerkrankungen und Unf\u00e4lle sind keine bekannt, jedoch sollte der Patient dringend den Alkoholkonsum einschr\u00e4nken.<\/p>\n<p>&nbsp;<\/p>\n<p><span style=\"font-size: 24pt;\"><strong>Klassifzierte Sektion<\/strong><\/span><\/p>\n<p>keine Eintr\u00e4ge<\/p>\n","protected":false},"excerpt":{"rendered":"<p>&nbsp; Temba Qwara Status NPC Spieler NPC Dienstliche Informationen Ranggrafik Rang Ensign Posten COMM Stationierung USS Hephaistos Biographische Informationen Geburtstag 31.05.2382 Geburtsort Kapstadt, Afrika, Erde Familienstand ledig Familie Vater: Himidi Qwara, Servicetechniker COMM Mutter: Shani Qwara, geb. Yera, Hausfrau Schwester Panya Qwara, COMM USB Deep Space 2 Physische Beschreibung Spezies Mensch Geschlecht m\u00e4nnlich Gr\u00f6\u00dfe 191&#8230;<\/p>\n<p class=\"more-link-wrap\"><a href=\"https:\/\/www.sf-germany.org\/einheiten\/uss-hephaistos\/die-crew\/temba-qwara\/\" class=\"more-link\">Read More<span class=\"screen-reader-text\"> &ldquo;Temba Qwara&rdquo;<\/span> &raquo;<\/a><\/p>\n","protected":false},"author":1,"featured_media":0,"parent":27,"menu_order":1,"comment_status":"closed","ping_status":"closed","template":"page-templates\/medium.php","meta":{"footnotes":""},"class_list":["post-223","page","type-page","status-publish","hentry"],"_links":{"self":[{"href":"https:\/\/www.sf-germany.org\/einheiten\/uss-hephaistos\/wp-json\/wp\/v2\/pages\/223","targetHints":{"allow":["GET"]}}],"collection":[{"href":"https:\/\/www.sf-germany.org\/einheiten\/uss-hephaistos\/wp-json\/wp\/v2\/pages"}],"about":[{"href":"https:\/\/www.sf-germany.org\/einheiten\/uss-hephaistos\/wp-json\/wp\/v2\/types\/page"}],"author":[{"embeddable":true,"href":"https:\/\/www.sf-germany.org\/einheiten\/uss-hephaistos\/wp-json\/wp\/v2\/users\/1"}],"replies":[{"embeddable":true,"href":"https:\/\/www.sf-germany.org\/einheiten\/uss-hephaistos\/wp-json\/wp\/v2\/comments?post=223"}],"version-history":[{"count":6,"href":"https:\/\/www.sf-germany.org\/einheiten\/uss-hephaistos\/wp-json\/wp\/v2\/pages\/223\/revisions"}],"predecessor-version":[{"id":7007,"href":"https:\/\/www.sf-germany.org\/einheiten\/uss-hephaistos\/wp-json\/wp\/v2\/pages\/223\/revisions\/7007"}],"up":[{"embeddable":true,"href":"https:\/\/www.sf-germany.org\/einheiten\/uss-hephaistos\/wp-json\/wp\/v2\/pages\/27"}],"wp:attachment":[{"href":"https:\/\/www.sf-germany.org\/einheiten\/uss-hephaistos\/wp-json\/wp\/v2\/media?parent=223"}],"curies":[{"name":"wp","href":"https:\/\/api.w.org\/{rel}","templated":true}]}}