{"id":259,"date":"2016-01-12T21:37:11","date_gmt":"2016-01-12T20:37:11","guid":{"rendered":"http:\/\/www.sf-germany.org\/einheiten\/hephaistos\/?page_id=259"},"modified":"2022-10-17T19:46:10","modified_gmt":"2022-10-17T17:46:10","slug":"hazard-team","status":"publish","type":"page","link":"https:\/\/www.sf-germany.org\/einheiten\/uss-hephaistos\/das-schiff\/hazard-team\/","title":{"rendered":"Hazard Team"},"content":{"rendered":"<p><a href=\"https:\/\/www.sf-germany.org\/einheiten\/uss-hephaistos\/wp-content\/uploads\/2016\/01\/hephaistoscprw3.png\"><img loading=\"lazy\" decoding=\"async\" class=\"aligncenter size-thumbnail wp-image-11\" src=\"https:\/\/www.sf-germany.org\/einheiten\/uss-hephaistos\/wp-content\/uploads\/2016\/01\/hephaistoscprw3-150x150.png\" alt=\"\" width=\"150\" height=\"150\" \/><\/a><\/p>\n<p><a href=\"https:\/\/www.sf-germany.org\/einheiten\/uss-hephaistos\/wp-content\/uploads\/2016\/01\/trennline.gif\"><img loading=\"lazy\" decoding=\"async\" class=\"aligncenter wp-image-271 size-full\" src=\"https:\/\/www.sf-germany.org\/einheiten\/uss-hephaistos\/wp-content\/uploads\/2016\/01\/trennline.gif\" alt=\"\" width=\"555\" height=\"39\" \/><\/a><\/p>\n<p style=\"text-align: center;\"><span style=\"font-size: 16px;\"><em><strong>&#8211; To Protect and to Serve &#8211;<\/strong><\/em><\/span><\/p>\n<p><span style=\"font-size: 16px;\"><u><strong>Allgemeine Definition<\/strong><\/u><\/span><br \/>\nDas Hazard Team ist eine Spezialeinheit der Sternenflottensicherheit. Sie versteht sich nicht auf das Eliminieren einer m\u00f6glichst gro\u00dfen Anzahl von Gegnern, sondern kommt zum Einsatz, wenn die herk\u00f6mmlichen Mittel zur Bewahrung der F\u00f6derationsverfassung fehlschlagen.<br \/>\nDas Hazard Team besteht aus 10 Personen welche jeweils eine bestimmte Schwerpunkt- Ausbildung im Bereich der Sicherheit, Wissenschaft oder Technik besitzen. Kommandiert wird das Team vom Hazard Operator, welcher das Team betreut, brieft und im Fall eines Einsatzes anf\u00fchrt. Zentrale aller Eins\u00e4tze ist ein Sicherheitsbereich innerhalb des Schiffes, der als Hazard Operations gekennzeichnet ist.<\/p>\n<p><u><span style=\"font-size: 14px;\"><strong>Aufgaben<\/strong><\/span><\/u><br \/>\n&#8211; Terrorismusbek\u00e4mpfung<br \/>\n&#8211; Beenden von Shuttleentf\u00fchrungen<br \/>\n&#8211; Einschreiten bei Geiselnahmen<br \/>\n&#8211; Unterst\u00fctzung der lokalen Sicherheitsbeh\u00f6rden im Kampf gegen schwere Kriminalit\u00e4t.<br \/>\n&#8211; Entsch\u00e4rfen von Bomben<br \/>\n&#8211; Verfolgen und Festnehmen von Straft\u00e4tern in gef\u00e4hrlichen Lagen und unter besonders schwierigen Umst\u00e4nden<br \/>\n&#8211; Infiltration<br \/>\n&#8211; Datarelief<br \/>\n&#8211; VIP-Eskorten<br \/>\n&#8211; Sicherung von Aussenteams in feindlichen Territorien<\/p>\n<p><strong><span style=\"font-size: 14px;\"><u>Modus Operandi<\/u><\/span><\/strong><\/p>\n<p><u>Reiseflugmodus:<\/u><br \/>\nDie Mitglieder des Hazard Teams gehen einem geregelten Schichtdienst innerhalb einer Einheit nach. Jeden Tag werden jedoch 3 Stunden Training und Schulungen durch den HAZOP angewiesen.<\/p>\n<p><u>Gelber Alarm:<\/u><br \/>\nDie verf\u00fcgbaren Mitglieder des Hazard Teams einer Schicht finden sich in den Hazard Operations ein. Sie legen den Hazard Suit an und warten auf einen eventuellen Marschbefehl durch einen der FO&#8217;s, es werden noch keine Waffen ausgegeben.<\/p>\n<p><u>Roter Alarm:<\/u><br \/>\nAlle Mitglieder des Hazard Teams finden sich in den Hazard Operations ein. Sie r\u00fcsten sich vollst\u00e4ndig aus (Hazard Suit und Waffen) zwei Mitglieder finden sich innerhalb von 10 Minuten auf der Br\u00fccke (normalerweise der HAZOP und sein Stellvertreter) ein.<\/p>\n<p><u><strong>Zusammensetzung eines Squads<\/strong><\/u><\/p>\n<p><strong>HAZOP:<\/strong> Der Hazard Operator ist der Teamf\u00fchrer und f\u00e4llt alle Entscheidungen im Einsatz. Er tr\u00e4gt die Verantwortung f\u00fcr alle Mitglieder und kann bei Missachtung der Vorschriften mit schweren Strafen belangt werden.<\/p>\n<p><strong>Feuerteam eins:<\/strong> Vordere Gruppe<br \/>\nFeuerteam eins besteht aus drei Personen mit leichter bis mittlerer Bewaffnung. Sie ist f\u00fcr Infiltrations und Aufkl\u00e4rungsarbeiten zust\u00e4ndig. Ein Feuerteam hat einen separaten Teamleiter der im Falle der Trennung vom HAZOP die Befehlsgewalt \u00fcbernimmt.<\/p>\n<p>&#8212;<br \/>\n<em>Beispiel f\u00fcr einen Befehlsablauf:<br \/>\nHAZOP:<br \/>\n&#8222;Team eins. \u00d6ffnen, blenden sichern.&#8220;<br \/>\n(Eindringen in einen unbekannten Raum, z\u00fcnden einer Blendgranate und anschlie\u00dfendes sichern des Bereiches)<br \/>\nFT1 Alpha (Kommandant des Feuerteams):<br \/>\n&#8222;Schlie\u00dfen auf zur Einnahme.&#8220;<br \/>\n(FT1 Alpha \u00f6ffnet die T\u00fcr, FT1 Beta wirft die Granate, w\u00e4hrend FT1 Gamma die beiden anderen deckt.)<\/em><br \/>\n&#8212;<br \/>\n<strong><br \/>\nFeuerteam eins wird aus folgenden Personen zusammengesetzt:<\/strong><br \/>\nPointman, Sprengstoffexperte (Sprengstoffe aller Art), Waffenexperte (m\u00f6gliche Schwerpunkte: Energie- \/ Projektil- \/ Nahkampfwaffen), eventuell Feld-Techniker (Schwerpunkte: Selbstschu\u00dfanlagen, Schildsysteme, Fremdtechnologie), Schwere Waffen (nur im Ausnahmefall)<br \/>\n&#8212;<\/p>\n<p><strong>Feuerteam zwei:<\/strong> Hintere Gruppe<br \/>\nDie Feuerteam zwei ist die zweite Reihe hinter dem HAZOP, sie k\u00fcmmert sich um die Sicherung des hinteren Bereiches und das Versorgen von Verletzten, Evakuieren von Geiseln etc.. Auch sie besteht aus drei Personen und auch sie werden im selben Muster vom HAZOP kommandiert wie Feuerteam eins.<br \/>\nFeuerteam zwei ist mit mittleren bis schweren Waffen ausgestattet.<\/p>\n<p><strong>Feuerteam zwei wird aus folgenden Personen zusammengesetzt:<\/strong><br \/>\nSupport, Feld-Techniker, Scharfsch\u00fctze, Feld-Psychologe, Feld-Wissenschaftler, schwere Waffen, Sprengstoff Experten<\/p>\n<hr \/>\n<p><span style=\"text-decoration: underline;\"><strong><span style=\"font-size: 16px;\">Hazard Team Verhaltenskodex<\/span><\/strong><\/span><br \/>\nDer Kodex repr\u00e4sentiert die Regeln f\u00fcr den Einsatz eines Hazard Teams, sowie dessen Verhalten im Einsatz.<\/p>\n<p><u><strong>Grundlegende Regeln<\/strong><\/u><br \/>\n\u00a7 1. Das Hazard Team obliegt der Verfassung der Vereinten F\u00f6deration der Planeten. Kein Mitglied darf sich \u00fcber die Verfassung erheben.<br \/>\n&#8211; a.) Das Hazard Team obliegt den Regeln und Grunds\u00e4tzen der Sternenflotte. Kein Mitglied darf sich \u00fcber die Regularien hinwegsetzten und Direktiven verletzen.<br \/>\n\u00a7 2. Das Hazard Team ist keine milit\u00e4rische Einrichtung und darf deshalb nur im allernotwendigsten Verteidigungsfall t\u00f6dliche Gewalt zur Anwendung bringen. Ziel ist es Leben zu sch\u00fctzen, nicht zu vernichten.<br \/>\n\u00a7 3. Das Hazard Team darf nur in absoluten Notsituationen zum Einsatz gebracht werden. <span style=\"font-size: 8px;\">[1]<\/span><br \/>\n\u00a7 4. Das Hazard Team darf in Notsituationen f\u00fcr eine Deeskalation eingesetzt werden.<br \/>\n\u00a7 5. Das Hazard Team besitzt polizeiliche Rechte und darf verd\u00e4chtige Personen festnehmen und nach den Paragraphen der Verfassung oder dem Kithomer Abkommen verh\u00f6ren und zur Anklage an ein Gericht \u00fcberstellen.<br \/>\n\u00a7 6: Ein Mitglied des Hazard- Teams darf niemals zu Mitteln der Selbstjustiz greifen.<\/p>\n<p><span style=\"font-size: 11px;\"><em>[1] Eine solche Situation besteht, wenn ein \u00fcberdurchschnittliches Risiko f\u00fcr Leib und Leben von Sternenflottenoffizieren, Bewohnern und Angeh\u00f6rigen der F\u00f6deration oder andere Bed\u00fcrftiger die um Asyl, Schutz und \/ oder Beistand gebeten haben.<\/em><\/span><\/p>\n<p><u><strong>Waffengebrauch<\/strong><\/u><br \/>\n\u00a7 1. Ein Mitglied des Hazard Teams tr\u00e4gt seine Waffe, um sich und Unschuldige in Notsituationen zu sch\u00fctzen. Ein Mitglied des Hazard Teams greift nicht als erster an.<br \/>\n\u00a7 2. T\u00f6dlicher Waffengebrauch im Friedenszustand muss von den zwei h\u00f6chstrangigen FO&#8217;s einer Einheit genehmigt werden. Diese m\u00fcssen nach Abschluss des Einsatzes dem FKOM eine detaillierte Begr\u00fcndung vorlegen, warum der Gebrauch von t\u00f6dlicher Gewalt zum Einsatz kam.<br \/>\n&#8211; a.) T\u00f6dlicher Waffengebrauch im Kriegsfall kann vom diensthabenden Teamf\u00fchrer nach Bestimmungen des Kithomer Abkommens befohlen werden<br \/>\n&#8211; b.) T\u00f6dlicher Waffengebrauch im Verteidigungsfall kann von CO, EO, 2O, CSO oder TAK befohlen werden sollte eine Extremsituation vorliegen, in welcher eine nicht im Verh\u00e4ltnis zueinander stehende Anzahl an Leben in direktem Konflikt mit dem betroffenen Verd\u00e4chtigen und dessen Aktionen stehen (Finaler Rettungschuss).<br \/>\n\u00a7 3. Nicht t\u00f6dlicher Waffengebrauch ist nur im pers\u00f6nlichen Verteidigungsfall zul\u00e4ssig.<br \/>\n&#8211; a.) Nicht t\u00f6dlicher Waffengebrauch ist nur dann au\u00dferhalb des pers\u00f6nlichen Verteidigungsfalles zul\u00e4ssig, sollte Gefahr f\u00fcr unbeteiligte Zivilbev\u00f6lkerung, Mitglieder der Sternenflotte oder anderem unschuldigen intelligenten Leben stehen.<br \/>\n\u00a7 4. Getragene F\u00f6derationsphaser sind standardm\u00e4\u00dfig immer auf einer Stufe 2 Bet\u00e4ubung zu f\u00fchren.<\/p>\n<p><u><strong>Verhalten im Einsatz<\/strong><\/u><br \/>\n\u00a7 1. Ein Mitglied des Hazard Teams hat jedes Leben zu achten. Es steht weder \u00fcber ihm noch hat es das Recht ohne begr\u00fcndeten Tatverdacht polizeiliche Gewalt, noch Gewalt auf es auszu\u00fcben.<br \/>\n\u00a7 2. Mitglieder des Hazard Teams repr\u00e4sentieren Sternenflotte und F\u00f6deration nach deren Regeln und Gesetzen.<br \/>\n\u00a7 3. Der Hazard Operator f\u00fcr die Aktionen seines Teams verantwortlich. Deshalb hat er die alleinige Befehlsgewalt \u00fcber das Team im Feld.<br \/>\n\u00a7 4. Ein Mitglied eines Hazard Teams, ist verpflichtet den Befehlen des Hazard Operators folge zu leisten.<br \/>\n&#8211; a.) Die Befehle eines Hazard Operators d\u00fcrfen in Frage gestellt werden, sollten diese gegen die Verfassung und \/ oder die Direktiven der Sternenflotte versto\u00dfen.<\/p>\n<hr \/>\n<p><span style=\"font-size: 16px;\"><strong>Ausr\u00fcstung<\/strong><\/span><\/p>\n<p><a href=\"https:\/\/www.sf-germany.org\/einheiten\/uss-hephaistos\/wp-content\/uploads\/2016\/01\/Hazard_suit.jpg\"><img loading=\"lazy\" decoding=\"async\" class=\"aligncenter wp-image-265\" src=\"https:\/\/www.sf-germany.org\/einheiten\/uss-hephaistos\/wp-content\/uploads\/2016\/01\/Hazard_suit.jpg\" alt=\"\" width=\"500\" height=\"320\" srcset=\"https:\/\/www.sf-germany.org\/einheiten\/uss-hephaistos\/wp-content\/uploads\/2016\/01\/Hazard_suit.jpg 1004w, https:\/\/www.sf-germany.org\/einheiten\/uss-hephaistos\/wp-content\/uploads\/2016\/01\/Hazard_suit-300x192.jpg 300w, https:\/\/www.sf-germany.org\/einheiten\/uss-hephaistos\/wp-content\/uploads\/2016\/01\/Hazard_suit-768x491.jpg 768w\" sizes=\"auto, (max-width: 500px) 100vw, 500px\" \/><\/a><\/p>\n<p><span style=\"text-decoration: underline;\"><strong>Hazard Suit Mk I<\/strong><\/span><br \/>\nDer Mk I besteht au\u00dfen aus einem feinfaserigen Tritanium-Polymer, das auf den ersten Blick wie ein matter Metall\u00fcberzug aussieht. Dieses Polymer ist von Leiterbahnen durchzogen welche es erlauben eine Polarisierung \u00e4hnlich der einer Shuttlekapsel zu erzeugen, und diese in eine Absorbereinheit ableiten.<\/p>\n<p>Eine aktive Polarisierung reduziert die Schadenseinwirkungen durch \u00e4u\u00dfere Energiequellen, insofern, das z.B. eine auftreffende Plasmaentladung fast vollst\u00e4ndig absorbiert wird. Der Mk I bietet auch in Kampfsituationen bestm\u00f6glichen Schutz und h\u00e4lt Verluste im Team sehr gering.<\/p>\n<p>Die Absorbereinheit ist in der Lage bis zu 60 MegaJoule Energie abzufangen. Alle dar\u00fcber hinausgehende Mengen Energie k\u00f6nnen den Tr\u00e4ger des Hazard Suits gef\u00e4hrlich werden.<\/p>\n<p>Zudem besitzt der Hazard Suit eine integrierte Scannereinheit welche es dem Tr\u00e4ger erm\u00f6glicht den Sichtbereich nach Biowerten abzutasten. Jedoch kann der Scanner keine W\u00e4nde durchleuchten, weshalb man auch noch auf einen Tricorder ebenso wie die Sinne und den Verstand angewiesen ist.<\/p>\n<p>Die Anzeige der Scanergebnisse wird auf ein kleines HUD transfreriert, dies wird \u00fcber dem rechten Auge getragen und am Ohr befestigt. Hier befindet sich auch eine H\u00f6rmuschel, welche das Mith\u00f6ren von Einsatzbefehlen durch Aussenstehende ausschlie\u00dft.<\/p>\n<p>Kombiniert werden kann der Suite mit Schutzhelmen und Sturmmasken. Diese bieten allerdings keinen Polarisierungschutz, weswegen Kopftreffer vermieden werden sollten.<\/p>\n<p><u>Technische Daten:<\/u><br \/>\n<strong>Art:<\/strong> Ganzk\u00f6rperschutzanzug<br \/>\n<strong>Einsatzgebiet:<\/strong> Variabel<br \/>\n<strong>\u00c4u\u00dfere Schicht:<\/strong> Tritanium Polymer<br \/>\n<strong>Innere Schicht: <\/strong>Neopren, k\u00fcnstliche Polsterung<br \/>\n<strong>max. Energie\/ Treffer: <\/strong>60 MegaJoule<\/p>\n<p><span style=\"text-decoration: underline;\"><strong>Buffer Belt<\/strong><\/span><br \/>\nDer Buffer Belt ist eine tragbarer Mikro Transporter um Ausr\u00fcstungsgegenst\u00e4nde zu bef\u00f6rdern, ohne das sie den Tr\u00e4ger behindern. Der G\u00fcrtel verf\u00fcgt \u00fcber einen Musterpuffer der \u00fcber zwei Plasmazellen betrieben wird (\u00e4hnliche Energiemengen wie in Handphasern). Der Tr\u00e4ger kann bis zu drei Gegenst\u00e4nde im G\u00fcrtel ablegen, dies erfolgt \u00fcber eine Schnittstelle in Beckenh\u00f6he auf der rechten Seite.<\/p>\n<p>Der G\u00fcrtel ist jedoch eingeschr\u00e4nkt. Die maximale Zeit in der ein Gegenstand gespeichert werden kann ist auf zehn Stunden begrenzt. Die Muster beginnen zu zerfallen, da die Energiezellen nur f\u00fcr diese Zeit gen\u00fcgend Strom produzieren. Dies ist eine Angabe f\u00fcr den Ruhezustand, d.h. bei mehrmaligem hineinlegen und herausnehmen verringert sich die Zeit bevor der Musterzerfall einsetzt (Entsprechende Hinweise erh\u00e4llt der Nutzer \u00fcber das Heads Up Display des Hazard Suites).<\/p>\n<p>Es k\u00f6nnen nur Nicht-organische Gegenst\u00e4nde eingelagert werden, f\u00fcr organische Substanzen ist der Musterpuffer nicht ausgelegt. Es ist nicht gen\u00fcgend Energie vorhanden um schwere strukturelle und zellulare Besch\u00e4digungen zu verhindern.<\/p>\n<p>Jeder Gegenstand darf max. sieben Kilogramm schwer sein.<\/p>\n<p>Der G\u00fcrtel beherbergt aber auch noch &#8222;normale&#8220; Taschen in denen Ausr\u00fcstung verstaut werden kann. Ein Halfter f\u00fcr einen Tricorder und einen Handphaser sind darin eingearbeitet.<\/p>\n<p>Nebenwirkungen:<br \/>\nGer\u00e4te m\u00fcssen nach der Benutzung im Buffer Belt ausf\u00fchrlich gewartet werden. Sollte ein Gegenstand mehr als drei mal in den G\u00fcrtel eingesetzt werden, kann es zu einem strukturellen Zerfall kommen.<\/p>\n<p><u>Technische Daten:<\/u><\/p>\n<p><strong>Art:<\/strong> Transporthilfe<br \/>\n<strong>Einsatzgebiet:<\/strong> Variabel<br \/>\n<strong>Energiezufuhr:<\/strong> Zwei Plasmazellen, max Haltbarkeit 10 Stunden<br \/>\n<strong>max. Gesamtmenge:<\/strong> 21 kg<br \/>\n<strong>max. Einlagerungsmenge:<\/strong> 3<br \/>\n<strong>max. Einzelgewicht:<\/strong> 7 kg<br \/>\n<strong>geeignet zum Transport von organischem Material:<\/strong> nein<\/p>\n<hr \/>\n<p><span style=\"text-decoration: underline;\"><strong><span style=\"font-size: 16px;\">Bewaffnung:<\/span><\/strong><\/span><\/p>\n<p><u>Nahkampf:<\/u><br \/>\n&#8211; Tritanium Nahkampfmesser<br \/>\n&#8211; klingonische Mek&#8217;Leths<\/p>\n<p><u>Leichte Waffen:<\/u><br \/>\n&#8211; Handphaser<br \/>\n&#8211; Kompressionsgewehre Typ I<\/p>\n<p><u>Mittlere Waffen:<\/u><br \/>\n&#8211; Kompressionsgewehre Typ II <span style=\"font-size: 8px;\">[1]<\/span><br \/>\n&#8211; Antiprotonen Sturmgewehr ( Anti Borg) <span style=\"font-size: 8px;\">[1]<\/span><\/p>\n<p><u>Schwere Waffen:<\/u><br \/>\n&#8211; Phasergewehr Typ III &#8211; Automatikausf\u00fchrung<br \/>\n&#8211; Antiprotonen Sturmgewehr &#8211; Automatikausf\u00fchrung ( Anti Borg)<br \/>\n&#8211; TR-116 Scharfsch\u00fctzengewehr + Munitionsgurt<\/p>\n<p><u>Sprengstoffe:<\/u><br \/>\n&#8211; Blendgranate<br \/>\n&#8211; Photonengranaten<br \/>\n&#8211; Tricobalt 2 Sprengladungen ( k\u00fcrzel: T2 Ladung)<\/p>\n<p><span style=\"font-size: 11px;\">[1] Sturmwaffen sind mit Zieloptik f\u00fcr nahe und mittlere Distanzen ausgestattet. SpecOps Konfiguration l\u00e4sst auch eine Scharfsch\u00fctzenkonfiguration zu.<br \/>\n<\/span><\/p>\n<hr \/>\n<p><span style=\"font-size: 16px;\"><strong><u>Training<\/u><\/strong><\/span><\/p>\n<div>Die Mitglieder des Hazard Teams sollen maximale Ausbildung erhalten. Deshalb ist ein geteilter Dienstplan erforderlich. Halbtags werden die Mitglieder ihre normalen Stationen besetzen und in der \u00fcbrigen Zeit Schulungen und Training durch Ihren HAZOP bekommen.<\/div>\n<p><strong>Trainiert und gelehrt wird folgendes:<\/strong><\/p>\n<p>Taktik (z.B. Geiselbefreiung)<br \/>\nKraft<br \/>\nSchnelligkeit<br \/>\nAusdauer<br \/>\ngesetzliche Grundlagen (Rechtslehre, Kriminalistik)<br \/>\nNahkampf<br \/>\nSchie\u00dftraining,Sprengungen<br \/>\nErste Hilfe<\/p>\n<p>Au\u00dferdem besteht Gelegenheit zur Spezialisierung<\/p>\n<p><strong>Waffentraining:<\/strong><br \/>\nZielschie\u00dfen auf Ringwertung, Zielschie\u00dfen auf K\u00f6rperzonen, Deckungschie\u00dfen, Scharfsch\u00fctzentraining, Biathlon etc. K\u00f6rperliches Training: Marathon, Sprint, Schwimmen, Leichtathletik etc.<\/p>\n<p><strong>Schulungen:<\/strong><br \/>\nErweiterte Anti-Terror Taktiken, polizeiliche Zugriffe, Lebensformkunde, Politik und Gesetz etc.<br \/>\nDiese werden vom entweder vom HAZOP geleitet, oder durch einen zugewiesenen Trainer abgehalten. Die Hazard Operations sind im Reiseflugmodus stets von zwei Mitgliedern des Teams besetzt, die sich um die Ausr\u00fcstungs- und Waffenwartung k\u00fcmmern.<\/p>\n","protected":false},"excerpt":{"rendered":"<p>&#8211; To Protect and to Serve &#8211; Allgemeine Definition Das Hazard Team ist eine Spezialeinheit der Sternenflottensicherheit. Sie versteht sich nicht auf das Eliminieren einer m\u00f6glichst gro\u00dfen Anzahl von Gegnern, sondern kommt zum Einsatz, wenn die herk\u00f6mmlichen Mittel zur Bewahrung der F\u00f6derationsverfassung fehlschlagen. Das Hazard Team besteht aus 10 Personen welche jeweils eine bestimmte Schwerpunkt-&#8230;<\/p>\n<p class=\"more-link-wrap\"><a href=\"https:\/\/www.sf-germany.org\/einheiten\/uss-hephaistos\/das-schiff\/hazard-team\/\" class=\"more-link\">Read More<span class=\"screen-reader-text\"> &ldquo;Hazard Team&rdquo;<\/span> &raquo;<\/a><\/p>\n","protected":false},"author":1,"featured_media":0,"parent":43,"menu_order":2,"comment_status":"closed","ping_status":"closed","template":"page-templates\/medium.php","meta":{"footnotes":""},"class_list":["post-259","page","type-page","status-publish","hentry"],"_links":{"self":[{"href":"https:\/\/www.sf-germany.org\/einheiten\/uss-hephaistos\/wp-json\/wp\/v2\/pages\/259","targetHints":{"allow":["GET"]}}],"collection":[{"href":"https:\/\/www.sf-germany.org\/einheiten\/uss-hephaistos\/wp-json\/wp\/v2\/pages"}],"about":[{"href":"https:\/\/www.sf-germany.org\/einheiten\/uss-hephaistos\/wp-json\/wp\/v2\/types\/page"}],"author":[{"embeddable":true,"href":"https:\/\/www.sf-germany.org\/einheiten\/uss-hephaistos\/wp-json\/wp\/v2\/users\/1"}],"replies":[{"embeddable":true,"href":"https:\/\/www.sf-germany.org\/einheiten\/uss-hephaistos\/wp-json\/wp\/v2\/comments?post=259"}],"version-history":[{"count":13,"href":"https:\/\/www.sf-germany.org\/einheiten\/uss-hephaistos\/wp-json\/wp\/v2\/pages\/259\/revisions"}],"predecessor-version":[{"id":7031,"href":"https:\/\/www.sf-germany.org\/einheiten\/uss-hephaistos\/wp-json\/wp\/v2\/pages\/259\/revisions\/7031"}],"up":[{"embeddable":true,"href":"https:\/\/www.sf-germany.org\/einheiten\/uss-hephaistos\/wp-json\/wp\/v2\/pages\/43"}],"wp:attachment":[{"href":"https:\/\/www.sf-germany.org\/einheiten\/uss-hephaistos\/wp-json\/wp\/v2\/media?parent=259"}],"curies":[{"name":"wp","href":"https:\/\/api.w.org\/{rel}","templated":true}]}}