{"id":330,"date":"2016-04-29T10:15:51","date_gmt":"2016-04-29T08:15:51","guid":{"rendered":"http:\/\/www.sf-germany.org\/einheiten\/hephaistos\/?page_id=330"},"modified":"2022-10-07T12:53:13","modified_gmt":"2022-10-07T10:53:13","slug":"ethan-kendrick","status":"publish","type":"page","link":"https:\/\/www.sf-germany.org\/einheiten\/uss-hephaistos\/die-crew\/charakter-archiv\/ethan-kendrick\/","title":{"rendered":"Ethan Kendrick"},"content":{"rendered":"<p>&nbsp;<\/p>\n<div style=\"float: right; margin-left: 15px; margin-bottom: 15px; font-size: 11px;\">\n<table style=\"border: solid 0px #003366; background: transparent; box-shadow: 0.1em 0.1em 0.5em rgba(255,255,255,0.75); -moz-box-shadow: 0.1em 0.1em 0.5em rgba(255,255,255,0.75); -webkit-box-shadow: 0.1em 0.1em 0.5em rgba(255,255,255,0.75); border-radius: 1em; -moz-border-radius: 1em; -webkit-border-radius: 1em;\" border=\"3\" cellspacing=\"10\" align=\"right\">\n<tbody>\n<tr>\n<td style=\"font-weight: bold; border: solid 0px transparent;\" colspan=\"2\" align=\"center\"><\/td>\n<\/tr>\n<tr>\n<td style=\"background: transparent; border: solid 0px transparent;\" colspan=\"2\" align=\"center\"><a href=\"https:\/\/www.sf-germany.org\/einheiten\/uss-hephaistos\/hephaistos\/wp-content\/uploads\/2016\/01\/CharBild.png\" rel=\"attachment wp-att-111\"><img decoding=\"async\" class=\"alignnone size-full wp-image-111\" src=\"https:\/\/www.sf-germany.org\/einheiten\/uss-hephaistos\/hephaistos\/wp-content\/uploads\/2016\/01\/CharBild.png\" alt=\"CharBild\" width=\"140\" \/><\/a><\/td>\n<\/tr>\n<tr>\n<td style=\"font-weight: bold; border: solid 0px transparent;\" colspan=\"2\" align=\"center\">Ethan Kendrick<\/td>\n<\/tr>\n<tr>\n<td style=\"font-weight: bold; border: solid 0px transparent;\" align=\"right\" width=\"50%\">Status<\/td>\n<td style=\"border: solid 0px transparent;\" align=\"left\" width=\"50%\">PC<\/td>\n<\/tr>\n<tr>\n<td style=\"font-weight: bold; border: solid 0px transparent;\" align=\"right\" width=\"50%\">Spieler<\/td>\n<td style=\"border: solid 0px transparent;\" align=\"left\" width=\"50%\">Sascha M.<\/td>\n<\/tr>\n<tr>\n<td style=\"font-weight: bold; border: solid 0px #003366; background: #555; box-shadow: 0.1em 0.1em 0.5em rgba(255,255,255,0.75); -webkit-box-shadow: 0.1em 0.1em 0.5em rgba(255,255,255,0.75); border-radius: 1em; -webkit-border-radius: 1em;\" colspan=\"2\" align=\"center\">Dienstliche Informationen<\/td>\n<\/tr>\n<tr>\n<td style=\"font-weight: bold; border: solid 0px transparent;\" align=\"right\" width=\"50%\">Ranggrafik<\/td>\n<td style=\"border: solid 0px transparent;\" align=\"left\" width=\"50%\"><img loading=\"lazy\" decoding=\"async\" src=\"https:\/\/www.sf-germany.com\/images\/schemata\/sto\/rot\/cmdr.png\" alt=\"\" width=\"100\" height=\"25\" \/><\/td>\n<\/tr>\n<tr>\n<td style=\"font-weight: bold; border: solid 0px transparent;\" align=\"right\" width=\"50%\">Rang<\/td>\n<td style=\"border: solid 0px transparent;\" align=\"left\" width=\"50%\">Commander \/<br \/>\nSpecial Agent<\/td>\n<\/tr>\n<tr>\n<td style=\"font-weight: bold; border: solid 0px transparent;\" align=\"right\" width=\"50%\">Posten<\/td>\n<td style=\"border: solid 0px transparent;\" align=\"left\" width=\"50%\">EO \/ SFI Agent<\/td>\n<\/tr>\n<tr>\n<td style=\"font-weight: bold; border: solid 0px transparent;\" align=\"right\" width=\"50%\">Dienstnummer<\/td>\n<td style=\"border: solid 0px transparent;\" align=\"left\" width=\"50%\">19771951XX<\/td>\n<\/tr>\n<tr>\n<td style=\"font-weight: bold; border: solid 0px transparent;\" align=\"right\" width=\"50%\">Stationierung<\/td>\n<td style=\"border: solid 0px transparent;\" align=\"left\" width=\"50%\">USS Hephaistos<\/td>\n<\/tr>\n<tr>\n<td style=\"font-weight: bold; border: solid 0px #003366; background: #555; box-shadow: 0.1em 0.1em 0.5em rgba(255,255,255,0.75); -webkit-box-shadow: 0.1em 0.1em 0.5em rgba(255,255,255,0.75); border-radius: 1em; -webkit-border-radius: 1em;\" colspan=\"2\" align=\"center\">Biographische Informationen<\/td>\n<\/tr>\n<tr>\n<td style=\"font-weight: bold; border: solid 0px transparent;\" align=\"right\" width=\"50%\">Herkunft<\/td>\n<td style=\"border: solid 0px transparent;\" align=\"left\" width=\"50%\">Riegel II<\/td>\n<\/tr>\n<tr>\n<td style=\"font-weight: bold; border: solid 0px transparent;\" align=\"right\" width=\"50%\">Geburtstag<\/td>\n<td style=\"border: solid 0px transparent;\" align=\"left\" width=\"50%\">01.03.2380<\/td>\n<\/tr>\n<tr>\n<td style=\"font-weight: bold; border: solid 0px transparent;\" align=\"right\" width=\"50%\">Familienstand<\/td>\n<td style=\"border: solid 0px transparent;\" align=\"left\" width=\"50%\">ledig<\/td>\n<\/tr>\n<tr>\n<td style=\"font-weight: bold; border: solid 0px transparent;\" align=\"right\" width=\"50%\">Familie<\/td>\n<td style=\"border: solid 0px transparent;\" align=\"left\" width=\"50%\">unbekannt<\/td>\n<\/tr>\n<tr>\n<td style=\"font-weight: bold; border: solid 0px transparent;\" align=\"right\" width=\"50%\">Religion<\/td>\n<td style=\"border: solid 0px transparent;\" align=\"left\" width=\"50%\">Atheist<\/td>\n<\/tr>\n<tr>\n<td style=\"font-weight: bold; border: solid 0px #003366; background: #555; box-shadow: 0.1em 0.1em 0.5em rgba(255,255,255,0.75); -webkit-box-shadow: 0.1em 0.1em 0.5em rgba(255,255,255,0.75); border-radius: 1em; -webkit-border-radius: 1em;\" colspan=\"2\" align=\"center\">Physische Beschreibung<\/td>\n<\/tr>\n<tr>\n<td style=\"font-weight: bold; border: solid 0px transparent;\" align=\"right\" width=\"50%\">Spezies<\/td>\n<td style=\"border: solid 0px transparent;\" align=\"left\" width=\"50%\">Mensch<\/td>\n<\/tr>\n<tr>\n<td style=\"font-weight: bold; border: solid 0px transparent;\" align=\"right\" width=\"50%\">Geschlecht<\/td>\n<td style=\"border: solid 0px transparent;\" align=\"left\" width=\"50%\">m\u00e4nnlich<\/td>\n<\/tr>\n<tr>\n<td style=\"font-weight: bold; border: solid 0px transparent;\" align=\"right\" width=\"50%\">Gr\u00f6\u00dfe<\/td>\n<td style=\"border: solid 0px transparent;\" align=\"left\" width=\"50%\">190cm<\/td>\n<\/tr>\n<tr>\n<td style=\"font-weight: bold; border: solid 0px transparent;\" align=\"right\" width=\"50%\">Gewicht<\/td>\n<td style=\"border: solid 0px transparent;\" align=\"left\" width=\"50%\">88kg<\/td>\n<\/tr>\n<tr>\n<td style=\"font-weight: bold; border: solid 0px transparent;\" align=\"right\" width=\"50%\">Haarfarbe<\/td>\n<td style=\"border: solid 0px transparent;\" align=\"left\" width=\"50%\">dunkelbraun<\/td>\n<\/tr>\n<tr>\n<td style=\"font-weight: bold; border: solid 0px transparent;\" align=\"right\" width=\"50%\">Augenfarbe<\/td>\n<td style=\"border: solid 0px transparent;\" align=\"left\" width=\"50%\">braun<\/td>\n<\/tr>\n<tr>\n<td style=\"font-weight: bold; border: solid 0px transparent;\" align=\"right\" width=\"50%\">Hautfarbe<\/td>\n<td style=\"border: solid 0px transparent;\" align=\"left\" width=\"50%\">wei\u00df<\/td>\n<\/tr>\n<tr>\n<td style=\"font-weight: bold; border: solid 0px #003366; background: #555; box-shadow: 0.1em 0.1em 0.5em rgba(255,255,255,0.75); -webkit-box-shadow: 0.1em 0.1em 0.5em rgba(255,255,255,0.75); border-radius: 1em; -webkit-border-radius: 1em;\" colspan=\"2\" align=\"center\">Politische informationen<\/td>\n<\/tr>\n<tr>\n<td style=\"font-weight: bold; border: solid 0px transparent;\" align=\"right\" width=\"50%\">Buergerschaft<\/td>\n<td style=\"border: solid 0px transparent;\" align=\"left\" width=\"50%\">F\u00f6derationsb\u00fcrger<\/td>\n<\/tr>\n<tr>\n<td style=\"font-weight: bold; border: solid 0px transparent;\" align=\"right\" width=\"50%\"><\/td>\n<td style=\"border: solid 0px transparent;\" align=\"left\" width=\"50%\"><\/td>\n<\/tr>\n<\/tbody>\n<\/table>\n<\/div>\n<h2>Lebenslauf<\/h2>\n<p>Ethan Kendrick ist ein Findelkind das von Arbeitern einer Deliziummiene auf Riegel II gefunden wurde. \u00dcber seine Herkunft und seine Eltern ist nichts bekannt. Auch Untersuchungen und Nachforschungen brachten keine Ergebnisse. Ethan kam in ein Internat das von einem unbekannten Wohlt\u00e4ter gestiftet wurde. Schon sehr fr\u00fch erkannte man das Ethan ein sehr Intelligentes Kind ist. Er lernte viel und das auch sehr schnell was f\u00fcr sein Alter recht ungew\u00f6hnlich war. Niemand konnte sich seinen Wissensdurst, seine Lernbegierigkeit und sein f\u00f6rmliches \u201eAufsaugen\u201c von Informationen wirklich erkl\u00e4ren. Als er in die Schule kam machte er mit seinem gro\u00dfen Wissensdurst auf sich aufmerksam. Dadurch wurde er allerdings zum Au\u00dfenseiter. Er begann mehrere Sprachen zu erlernen die er nach weniger Zeit sehr gut bis Perfekt spricht, er beginnt sich in verschiedenen Kampfsportarten ausbilden zu lassen und entwickelte ein gro\u00dfes Interesse f\u00fcr Waffen und Waffensysteme aller Art.<\/p>\n<p>Zus\u00e4tzlich belegte er mehrere Kurse in Diplomatie. In seiner Freizeit spielte er gerne Theater denn er liebte es in verschiedene Rollen und Verkleidungen zu schl\u00fcpfen Er spielte \u00f6fter in Schulauff\u00fchrungen und Theaterst\u00fccken mit was seine Beliebtheit nat\u00fcrlich nicht gerade f\u00f6rderte aber darin fand Ethan den Ausgleich.Aufgrund seiner schulischen Leistungen bekam er sogar ein Stipendium was ihm erm\u00f6glichte zu Studieren. Er war ein sehr guter Sch\u00fcler. Er beschloss Jura zu Studieren da er darin einen sehr gro\u00dfen nutzen sah.. Er versuchte irgendwann auch seine Eltern zu finden, musste aber irgendwann die Suche entt\u00e4uscht abbrechen was den jungen Mann sehr gepr\u00e4gt hat. Durch diese bittere Erfahrung und um sich von dem Schmerz wegen seiner Eltern abzulenken Konzentrierte er sich auf sein Studium. Das machte ihn wie schon in seiner Schulzeit erneut zu einem Au\u00dfenseiter. Anfangs lief das Studium ganz gut aber irgendwann wurde es Ethan zuviel und er brach das Studium im 3. Semester ab. Er hatte die Anforderungen untersch\u00e4tzt und so entschied Ethan sich aus Flucht vor dem Schmerz des Versagens der Sternenflotte beizutreten. Nach Abbruch seines Studiums tritt er 2401 der Sternenflotte bei um seinen Horizont zu erweitern, neue Erfahrungen zu sammeln und eine Offizierslaufbahn einzuschlagen.. Er nutzte jeder freie Minute um sich der Ausbildung zu widmen. Er hatte wenig Kontakt zu seinen Kadettenkollegen und hatte daher keine Freunde was ihn zu einem Einzelg\u00e4nger machte der weniger durch Freizeitaktivit\u00e4ten sondern mehr durch sein st\u00e4ndiges bestreben nach Wissen auffiel.<\/p>\n<p>Zwangsl\u00e4ufig erzielte Ethan gute Leistungen. Aufgrund seiner guten Leistungen kontaktierte ihn der SFI und bot ihm eine Karriere beim Starfleet Intelligence an. Bis zu seinem Eintritt in den SFI vergingen nach seiner Akademiezeit allerdings noch etwas mehr als ein Jahr.Als er vom SFI rekrutiert wird willigt Ethan sofort ein und absolviert die Spezialausbildungen des Geheimdienstes. Er kann mit seinen Leistungen \u00fcberzeugen und wird nach Abschluss auf seine erste Trainingsmission, zuerst unter Agent Kessler auf die USS Archer dann unter einem anderen erfahrenen Offizier auf die USS Damokles versetzt. Durch diese st\u00e4ndigen Wechsel und interne Probleme verl\u00e4ngert sich die Ausbildungszeit was Ethan beinahe dazu bringt den Dienst zu Quittieren weil er das Gef\u00fchl bekommt immer wieder von vorne anfangen zu m\u00fcssen. Letztendlich beisst er sich aber doch durch.<\/p>\n<p><strong>Dienstlaufbahn<\/strong><\/p>\n<ul>\n<li>2400 Januar:<br \/>\nTritt der Sternenflotte bei und beginnt mit der Ausbildung<\/li>\n<li>2404 Januar:<br \/>\nErfolgreicher Abschluss der Sternenflottenakademie und Bef\u00f6rderung zum Ensign.<\/li>\n<li>2404 M\u00e4rz:<br \/>\nBeginn der Pilotenausbildung, dir er ein Jahr sp\u00e4ter erfolgreich abschlie\u00dft und erhalt der Alpha Fluglizenz. Es gelingt ihm im Rahmen dieser Ausbildung in einer Simulation mit einer Constititions Klasse durch spezielle Flugman\u00f6ver eine Romulanische Phoenix zu besiegen.<\/li>\n<li>2405 Juli:<br \/>\nBef\u00f6rderung zum Lieutenant Junior Grade.<\/li>\n<li>2405 August:<br \/>\nEintritt in den SFI. Beginn mit der Agentenausbildung.<\/li>\n<li>2406 November:<br \/>\nAbschluss der SFI Ausbildung. Versetzung im Rahmen einer Trainingsmission auf der USS Archer.<\/li>\n<li>2406 Dezember:<br \/>\nIm Rahmen der Trainingmission erfolgt die Versetzung auf die USS Damokles. Er wird von den Romulanern Gefangen genommen und mit einem Hirnscanner gefoltert. Mit Abschluss dieser Mission erfolgt die Ernennung zum Junior Agent.<\/li>\n<li>2407 Juli:<br \/>\nAgent Kendrick wird bei der Ausf\u00fchrung eines Auftrages im Raum der Sheliak von der zuf\u00e4llig in der n\u00e4he anwesenden USS Aquin aufgenommen. Es entsteht ein Konflikt zwischen der F\u00f6rderation und den Sheliak was mit Ethans Auftrag zu tun hat, der dadurch noch komplizierter wurde als er ohnehin schon war. Ethan trifft auf die _Legende_ Neo Simmons und Ethan tritt dem Mann von beginn an Ablehnend gegen\u00fcber obwohl ihm dieser \u00fcbergestellt ist. Eine \u00f6ffentliche, schlagende Auseinandersetzung zugunsten Simmons beendet die Feindseligkeiten der beiden.<\/li>\n<li>2407 August:<br \/>\nDie USS Aquin dringt auf dr\u00e4ngen des Agenten wieder in den Raum der Sheliak ein um wichtige Daten zu bergen die Agent Kendrick bei seiner Flucht zur\u00fcck lassen musste. Bei dieser Mission wird der Agent schwer verletzt. Die neue CM Ens. Ruthie Sullivan kann in einer Not OP das Leben von Agent Kendrick retten. Nach Abschluss seiner Mission (Dezember 2407) kehrt Agent Kendrick zur\u00fcck in HQ des SFI.<\/li>\n<li>2408 M\u00e4rz:<br \/>\nNach einer Erholungspause wird Agent Kendrick auf ein Experientelles Schiff der F\u00f6rderation geschickt und untersucht Unregelm\u00e4\u00dfigkeiten im Logbuch, den Tests und im Verhalten der Crew. Er findet herraus das eine Gruppe von Romulanern und Cardassianern versucht die Technik in ihre Gewalt zu bringen. Mit Hilfe mehreren Agenten des SFI gelingt es diesen Plan zu vereiteln und die Gruppierung zu zerschlagen.<\/li>\n<li>2410 April:<br \/>\nBef\u00f6rderung zum Agent<\/li>\n<li>2411 Juni:<br \/>\nexterne Fortbildungen in verscheidenen Bereichen<\/li>\n<li>2412 Juni:<br \/>\nInterne Fortbildung<\/li>\n<li>2414:<br \/>\nBef\u00f6rderung zum Special Agent<\/li>\n<li>SD 221221:<br \/>\nDurch Ausfall des EO der Hephaistos wird Ethan zum neuen EO ernannt<\/li>\n<\/ul>\n<p><strong>Auszeichnungen \/ Verweise<\/strong><\/p>\n<ul>\n<li>2407 Juli:<br \/>\nVerweis wegen ungeb\u00fchrlichem Verhalten gegen\u00fcber eines CO und eines Commodore<\/li>\n<li>2404 Januar:<br \/>\nBef\u00f6rderung zum Ensign<\/li>\n<li>2405 Juli:<br \/>\nErhalt der Alpha Fluglizenz und Bef\u00f6rderung zum Lieutenant (jg). Im Dezember ernennung zum Junior Agent<\/li>\n<\/ul>\n<hr \/>\n<h2>Psychologisches Profil<\/h2>\n<p>Ethan Kendrick ist eher ein verschlossener Mensch. \u00dcber Dinge aus seiner Vergangenheit redet er kaum. Er ist von sich entt\u00e4uscht da er denkt das er bei der suche nach seinen Eltern versagt hat. Ethan ist wenig Kritikf\u00e4hig und sieht oftmals Kritik als Angriff auf sich Pers\u00f6nlich.Er ist sehr ehrgeizig und neigt zu Perfektionismus was ihn nat\u00fcrlich die ein oder andere selbst verschuldete Entt\u00e4uschung nicht erspart.Ethan Kendrick ist ein selbstbewusster und Zielstrebiger Offizier. Allerdings bemerkt man \u00f6fter das Mr. Kendrick aufgrund seiner unbekannten Herkunft etwas neidisch zu sein scheint. Er w\u00fcsste gerne wo seine Wurzeln und wer seine Eltern waren und die erfolglose Suche hat eine tiefe Entt\u00e4uschung hinterlassen die eine starke Fokosierung auf seine Arbeit zur Folge hat.. Er wurde sehr durch die Trauer seiner fehlenden Kindheit gepr\u00e4gt. Er h\u00e4tte sicher auch gerne eine Familie aber er Konzentriert sich zu sehr auf seinen Beruf und seine Arbeit. Er versucht Arbeit und Privates so gut es geht von einander zu trennen. Oft mals gelingt ihm das nicht, in solchen F\u00e4llen kann es passieren das er seinem gegen\u00fcber Respektlos und Arrogant begegnet. Er muss noch lernen das er nicht unfehlbar ist auch wenn man vermuten k\u00f6nnte das er das denkt.Ethan Kendrick gilt als ein sehr attraktiver Mann, was auch des \u00d6fteren gewisse Aufmerksamkeit bei dem weiblichen Geschlecht bewirkt. Seine Loyalit\u00e4t gegen\u00fcber der Sternenflotte sind \u00fcber jeden Zweifel erhaben.<\/p>\n<p>&nbsp;<\/p>\n<hr \/>\n<h2>Spezialgebiete<\/h2>\n<ul>\n<li>SFI Spezial: Kampfsport,Waffenkunde,Antiterror,Survival, IT ,Infiltration,Spionage<\/li>\n<li>Linguist (spricht verschiedene Sprachen flie\u00dfend bis gebrochen )\u00b7<\/li>\n<li>Er verf\u00fcgt \u00fcber ein ausgepr\u00e4gtes taktisches und strategisches Verst\u00e4ndnis.<\/li>\n<li>Er besitzt Diplomatische F\u00e4higkeiten und ist geschickt in Verhandlungen<\/li>\n<\/ul>\n<p>&nbsp;<\/p>\n<hr \/>\n<h2>Medizinisches Profil<\/h2>\n<p>Ethan ist sportlich, ja geradezu sportbesessen. Er trainiert verschiedenes, von Kampfsport bis Gewichtheben . Er klettert gerne auf Berggipfel, mit Vorliebe ohne Sicherheitsprotokolle. Er ist ein Grenzg\u00e4nger, er muss immer bis an das Limit gehen. Er ist in guter K\u00f6rperlicher Verfassung und vollst\u00e4ndig Diensttauglich.<\/p>\n<p><strong>Medizinische Kurzdaten<\/strong><\/p>\n<ul>\n<li>Blutgruppe: 0<\/li>\n<li>Sehverm\u00f6gen: 100 %<\/li>\n<li>H\u00f6rverm\u00f6gen: 100 %<\/li>\n<li>Geruchsinn: 95 %<\/li>\n<li>Allergien: keine<\/li>\n<\/ul>\n<p>&nbsp;<\/p>\n<hr \/>\n<h2>Klassifzierte Sektion<\/h2>\n<p>Ethan Kenrickt hat Kontakte zu verschieden Gruppen und V\u00f6lkern. Durch sein Schauspielerisches Talent und mit Unterst\u00fctzung einiger Ausr\u00fcstungsgegenst\u00e4nde des SFI ist es ihm m\u00f6glich in verschiedene Rollen zu schl\u00fcpfen. Genauere Informationen sind nur mit einer ************** Genehmigung m\u00f6glich.<\/p>\n<p>Er unterh\u00e4lt (laut eigener Aussage nur f\u00fcr seinen Dienst bei der F\u00f6rderation \/ SFI) Kontakte zu Schmugglern, Widerst\u00e4nden und anderer, teils Kriminellen Organisationen.<\/p>\n<p>&nbsp;<\/p>\n","protected":false},"excerpt":{"rendered":"<p>&nbsp; Ethan Kendrick Status PC Spieler Sascha M. Dienstliche Informationen Ranggrafik Rang Commander \/ Special Agent Posten EO \/ SFI Agent Dienstnummer 19771951XX Stationierung USS Hephaistos Biographische Informationen Herkunft Riegel II Geburtstag 01.03.2380 Familienstand ledig Familie unbekannt Religion Atheist Physische Beschreibung Spezies Mensch Geschlecht m\u00e4nnlich Gr\u00f6\u00dfe 190cm Gewicht 88kg Haarfarbe dunkelbraun Augenfarbe braun Hautfarbe wei\u00df&#8230;<\/p>\n<p class=\"more-link-wrap\"><a href=\"https:\/\/www.sf-germany.org\/einheiten\/uss-hephaistos\/die-crew\/charakter-archiv\/ethan-kendrick\/\" class=\"more-link\">Read More<span class=\"screen-reader-text\"> &ldquo;Ethan Kendrick&rdquo;<\/span> &raquo;<\/a><\/p>\n","protected":false},"author":1,"featured_media":0,"parent":1100,"menu_order":1,"comment_status":"closed","ping_status":"closed","template":"page-templates\/medium.php","meta":{"footnotes":""},"class_list":["post-330","page","type-page","status-publish","hentry"],"_links":{"self":[{"href":"https:\/\/www.sf-germany.org\/einheiten\/uss-hephaistos\/wp-json\/wp\/v2\/pages\/330","targetHints":{"allow":["GET"]}}],"collection":[{"href":"https:\/\/www.sf-germany.org\/einheiten\/uss-hephaistos\/wp-json\/wp\/v2\/pages"}],"about":[{"href":"https:\/\/www.sf-germany.org\/einheiten\/uss-hephaistos\/wp-json\/wp\/v2\/types\/page"}],"author":[{"embeddable":true,"href":"https:\/\/www.sf-germany.org\/einheiten\/uss-hephaistos\/wp-json\/wp\/v2\/users\/1"}],"replies":[{"embeddable":true,"href":"https:\/\/www.sf-germany.org\/einheiten\/uss-hephaistos\/wp-json\/wp\/v2\/comments?post=330"}],"version-history":[{"count":6,"href":"https:\/\/www.sf-germany.org\/einheiten\/uss-hephaistos\/wp-json\/wp\/v2\/pages\/330\/revisions"}],"predecessor-version":[{"id":5599,"href":"https:\/\/www.sf-germany.org\/einheiten\/uss-hephaistos\/wp-json\/wp\/v2\/pages\/330\/revisions\/5599"}],"up":[{"embeddable":true,"href":"https:\/\/www.sf-germany.org\/einheiten\/uss-hephaistos\/wp-json\/wp\/v2\/pages\/1100"}],"wp:attachment":[{"href":"https:\/\/www.sf-germany.org\/einheiten\/uss-hephaistos\/wp-json\/wp\/v2\/media?parent=330"}],"curies":[{"name":"wp","href":"https:\/\/api.w.org\/{rel}","templated":true}]}}