{"id":364,"date":"2016-05-25T08:29:09","date_gmt":"2016-05-25T06:29:09","guid":{"rendered":"http:\/\/www.sf-germany.org\/einheiten\/hephaistos\/?page_id=364"},"modified":"2022-10-07T12:53:14","modified_gmt":"2022-10-07T10:53:14","slug":"merkwuerdige-funkwellen","status":"publish","type":"page","link":"https:\/\/www.sf-germany.org\/einheiten\/uss-hephaistos\/logbuch\/missionen\/merkwuerdige-funkwellen\/","title":{"rendered":"Merkw\u00fcrdige Funkwellen"},"content":{"rendered":"<p><a href=\"https:\/\/www.sf-germany.org\/einheiten\/uss-hephaistos\/hephaistos\/wp-content\/uploads\/2016\/01\/hephaistoscprw3.png\" rel=\"attachment wp-att-11\"><img decoding=\"async\" class=\"size-full wp-image-11 aligncenter\" src=\"https:\/\/www.sf-germany.org\/einheiten\/uss-hephaistos\/hephaistos\/wp-content\/uploads\/2016\/01\/hephaistoscprw3.png\" alt=\"hephaistoscprw3\" width=\"150\" srcset=\"https:\/\/www.sf-germany.org\/einheiten\/uss-hephaistos\/wp-content\/uploads\/2016\/01\/hephaistoscprw3.png 388w, https:\/\/www.sf-germany.org\/einheiten\/uss-hephaistos\/wp-content\/uploads\/2016\/01\/hephaistoscprw3-300x254.png 300w\" sizes=\"(max-width: 388px) 100vw, 388px\" \/><\/a><\/p>\n<hr \/>\n<p>&nbsp;<\/p>\n<table style=\"height: 199px;\" border=\"0\" width=\"420\" cellspacing=\"1\" cellpadding=\"1\">\n<tbody>\n<tr>\n<td colspan=\"2\" align=\"left\" valign=\"middle\" nowrap=\"nowrap\" bgcolor=\"#ea4701\"><span style=\"font-size: 16px;\"><strong>MISSIONSDATEN<\/strong><\/span><\/td>\n<\/tr>\n<tr>\n<td align=\"left\" valign=\"middle\" width=\"110\"><strong>CODENAME:<\/strong><\/td>\n<td align=\"left\" valign=\"middle\" width=\"290\">Merkw\u00fcrdige Funkwellen<\/td>\n<\/tr>\n<tr>\n<td align=\"left\" valign=\"middle\" width=\"110\"><strong>MISSIONSTYP:<\/strong><\/td>\n<td align=\"left\" valign=\"middle\" width=\"290\">SND<\/td>\n<\/tr>\n<tr>\n<td align=\"left\" valign=\"middle\" width=\"110\"><strong>ZEITRAUM:<\/strong><\/td>\n<td align=\"left\" valign=\"middle\" width=\"290\">SD 210401 &#8211; 220301 (6 Missionstage)<\/td>\n<\/tr>\n<tr>\n<td align=\"left\" valign=\"middle\" width=\"110\"><strong>STATUS:<\/strong><\/td>\n<td align=\"left\" valign=\"middle\" width=\"290\">abgeschlossen<\/td>\n<\/tr>\n<tr>\n<td align=\"left\" valign=\"middle\" width=\"110\"><strong>EINHEITEN:<\/strong><\/td>\n<td align=\"left\" valign=\"middle\" width=\"290\">USS Hephaistos<\/td>\n<\/tr>\n<\/tbody>\n<\/table>\n<p><strong><span style=\"font-size: 18px;\"><span style=\"font-family: Arial;\">Missionsverlauf<\/span><\/span><\/strong><\/p>\n<p><strong>Vorgeschichte:<\/strong><br \/>\nNachdem die Hephaistos die geheime Schiffswerft des Wahren Wegs zerst\u00f6rt hat und den vorl\u00e4ufigen Frieden mit den Subraumwesen namens Seltarika wieder hergestellt hat, will sie ihre eigentliche Mission wieder aufnehmen und nach weiteren Stationen oder Schiffen des Wahren Wegs innerhalb der Badlands suchen. Ein Signal von einer Sonde der USS Enterprise scheint ihnen hierbei den Weg zu weisen.<\/p>\n<p><strong>Aktuelle Ereignisse:<\/strong><br \/>\nDie Hephaistos hat innerhalb der Badlands ein Signal empfangen das offenbar von einer Sonde der USS Enterprise stammt und ist auf dem Weg um diese Sonde genauer unter Augenschein zu nehmen.<br \/>\nNachdem man die Sonde an Bord genommen hatte stellte man fest das sich eine Person und ein Daten-Kubus in der Sonde befand. Das Signal das von der Sonde ausging war eindeutig gef\u00e4lscht und sollte wohl Neugierige anlocken.<\/p>\n<p>Die Person in der Sonde konnte nach etlichen Scans als Mitglied der Spezies 8472, welche sich in der Gestalt eines Cardassianers befand, identifiziert werden. Welshalb es sich in einer Art Stasis befand konnte bislang noch nicht gekl\u00e4rt werden. Der Inhalt des Datenkristall besch\u00e4ftigte die Wissenschaftler jedoch mehr des darauf waren zig Tausende DNA Profile verschiedener Spezien &#8211; manche davon noch v\u00f6llig unbekannt enthalten.<\/p>\n<p>Weitere Untersuchungen konnten jedoch nicht durchgef\u00fchrt werden da die Hephaistos von einem romulanischen Wissenschaftsschiff au\u00dfer Gefecht gesetzt wurde. Wie sich nach Gespr\u00e4chen herausstellte war dies keine Absicht von Seiten der Romulaner, die ebenfalls schwere Besch\u00e4digungen davon trugen. Leider nutze das getarnte klingonische Schiff diese M\u00f6glichkeit um den in Statis befindlichen Passagier (Spezies 8472) von der Hephaistos zu beamen.<br \/>\nParallel zu diesen Ereignissen scheint sich auch ein romulanischer Hacker Zugriff zu den Systemen der Hephaistos verschafft zu haben.<\/p>\n<p>Gespr\u00e4che mit den Klingonen lie\u00dfen erkennen das Spezies 8472 offenbar auf dem klingonischen Schiff aus seiner Stasis erwachte und verschwand. Es ist anzunehmen das sie inzwischen erneut eine andere Gestalt angenommen hat um sich besser tarnen zu k\u00f6nnen.<br \/>\nDer romulanische CO N&#8217;Pek informierte die Hephaistos dar\u00fcber das sie die Sonde bereits l\u00e4nger verfolgen und das die Stasis offenbar eine Variante des &#8218;trojanisches Pferdes&#8216; sei. Sobald ein Schiff die Sonde an Bord beamt erwacht Spezie 8472 sammelt DNA Proben der Besatzung und sorgt daf\u00fcr das das Schiff am Ende zerst\u00f6rt wird.<\/p>\n<p>Cmdr. Ruthven hat mit diesem Wissen den FLG Ens. Charles Dudley sowie den CING Lt.(jg) Shruk Al&#8217;katok und einen Teil des Hazard Teams zu den Klingonen gesandt um ihnen zu helfen Spezies 8472 wieder einzufangen.<\/p>\n<p>W\u00e4hrendessen wurde eine Welle an Deltastrahlung geortet die sich offenbar auf Kollisionskurs mit der Hephaistos befindet. Um die Quelle der Strahlung ausfindig zumachen wurde ien zweites Au\u00dfenteam, bestehend aus sFLG L. Kendra Fayden, CWI Ens. Koron Konda sowie OPS Ens. Tarek ausgesandt.<\/p>\n<p>Auf der Hephaistos wurde beschlossen das Risiko einzugehen und einen kompletten Shutdown der Systeme zu vollziehen um den Hacker los zu werden. Diese Information wurde an die Klingonen und die Romulaner weitergeleitet. Gleichzeitig wurde den Klingonen bekannt gemacht das der Daten-Kubus aus der Sonde sich auf der Hephaistos befindet. Es ist anzunehmen das Spezies 8472 alles versuchen wird um den Daten-Kubus wieder in seinen Besitz zu bringen.<\/p>\n<p>Dem Au\u00dfenteam gelang es die kurze Gefangenschaft auf dem klingonischen Kreuzer zu beenden und zu fliehen. Auf dem Weg zur\u00fcck zur Hephaistos mussten sie feststellen das die Klingonen die &#8211; durch den Shutdown &#8211; hilflose Hephaistos angegriffen haben. Das romulanische Forschungsschiff tat sein bestes um die Hephaistos zu sch\u00fctzen. Der Kampf endete abrupt nachdem die Hephaistos wieder handlungsf\u00e4hig war und der richtige klingonische CO wieder das Kommando \u00fcber sein Schiff inne hatte.<\/p>\n<p>Die Hephaistos war nur leicht besch\u00e4digt unterst\u00fctzte aber das romulanische Schiff bei den Reparaturen. Die Klingonen verlie\u00dfen den Schauplatz ebenfallsum notwendige Reparaturen an ihrem Schiff durchf\u00fchren zu lassen.<\/p>\n<p>Zum Abschied \u00fcberlie\u00df das romulanische Forschungsschiff der Hephaistos eine etwas genauere Karte der Badlands mit deren Hilfe man sich erneut auf die Suche nach St\u00fctzpunkten des Wahren Wegs machte.<\/p>\n<p>Abschlie\u00dfend bleibt zu sagen das die diplomatischen Beziehungen zu dieser Fraktion der Romulaner als freundschaftlich zu sehen war w\u00e4hrend sich das Verh\u00e4ltnis zu den Klingonen bedauerlicherweise weiter abgek\u00fchlt hat.<\/p>\n<p><strong>Nachtrag:<\/strong> Dank der von der F\u00f6deration \u00fcberlassenen Sensorenmodifikationen konnte Ens. Tarek als Mitglied der Spezie 8472 (Undine) identifiziert und nach einem Kampf unsch\u00e4dlich gemacht werden. Von den richtigen Ens. Tarek fehlt jede Spur, Starfleet Command und die Familie des Ensigns wurden benachrichtigt.<\/p>\n<p>W\u00e4hrend der Mission ausgesprochene Bef\u00f6rderungen \/ Degradierungen \/ Postenwechsel:<\/p>\n<p>LtCmdr. James Allagheny l\u00f6st Lt.(jg.) Luxana Seyanachart als CM wegen Schangerschaft ab.<br \/>\nEns. K&#8217;erral \u00fcbernimmt den Posten des OPS f\u00fcr Ens. Tarek (MIA).<\/p>\n<p>gez.<br \/>\nCmdr. Shay Ruthven, CO USS Hephaistos<\/p>\n<p>&nbsp;<\/p>\n<p><strong><br \/>\n<\/strong><\/p>\n","protected":false},"excerpt":{"rendered":"<p>&nbsp; MISSIONSDATEN CODENAME: Merkw\u00fcrdige Funkwellen MISSIONSTYP: SND ZEITRAUM: SD 210401 &#8211; 220301 (6 Missionstage) STATUS: abgeschlossen EINHEITEN: USS Hephaistos Missionsverlauf Vorgeschichte: Nachdem die Hephaistos die geheime Schiffswerft des Wahren Wegs zerst\u00f6rt hat und den vorl\u00e4ufigen Frieden mit den Subraumwesen namens Seltarika wieder hergestellt hat, will sie ihre eigentliche Mission wieder aufnehmen und nach weiteren Stationen&#8230;<\/p>\n<p class=\"more-link-wrap\"><a href=\"https:\/\/www.sf-germany.org\/einheiten\/uss-hephaistos\/logbuch\/missionen\/merkwuerdige-funkwellen\/\" class=\"more-link\">Read More<span class=\"screen-reader-text\"> &ldquo;Merkw\u00fcrdige Funkwellen&rdquo;<\/span> &raquo;<\/a><\/p>\n","protected":false},"author":1,"featured_media":0,"parent":127,"menu_order":27,"comment_status":"closed","ping_status":"closed","template":"page-templates\/medium.php","meta":{"footnotes":""},"class_list":["post-364","page","type-page","status-publish","hentry"],"_links":{"self":[{"href":"https:\/\/www.sf-germany.org\/einheiten\/uss-hephaistos\/wp-json\/wp\/v2\/pages\/364","targetHints":{"allow":["GET"]}}],"collection":[{"href":"https:\/\/www.sf-germany.org\/einheiten\/uss-hephaistos\/wp-json\/wp\/v2\/pages"}],"about":[{"href":"https:\/\/www.sf-germany.org\/einheiten\/uss-hephaistos\/wp-json\/wp\/v2\/types\/page"}],"author":[{"embeddable":true,"href":"https:\/\/www.sf-germany.org\/einheiten\/uss-hephaistos\/wp-json\/wp\/v2\/users\/1"}],"replies":[{"embeddable":true,"href":"https:\/\/www.sf-germany.org\/einheiten\/uss-hephaistos\/wp-json\/wp\/v2\/comments?post=364"}],"version-history":[{"count":2,"href":"https:\/\/www.sf-germany.org\/einheiten\/uss-hephaistos\/wp-json\/wp\/v2\/pages\/364\/revisions"}],"predecessor-version":[{"id":5585,"href":"https:\/\/www.sf-germany.org\/einheiten\/uss-hephaistos\/wp-json\/wp\/v2\/pages\/364\/revisions\/5585"}],"up":[{"embeddable":true,"href":"https:\/\/www.sf-germany.org\/einheiten\/uss-hephaistos\/wp-json\/wp\/v2\/pages\/127"}],"wp:attachment":[{"href":"https:\/\/www.sf-germany.org\/einheiten\/uss-hephaistos\/wp-json\/wp\/v2\/media?parent=364"}],"curies":[{"name":"wp","href":"https:\/\/api.w.org\/{rel}","templated":true}]}}