{"id":421,"date":"2016-10-12T12:38:29","date_gmt":"2016-10-12T10:38:29","guid":{"rendered":"http:\/\/www.sf-germany.org\/einheiten\/hephaistos\/?page_id=421"},"modified":"2022-10-07T12:53:13","modified_gmt":"2022-10-07T10:53:13","slug":"catarina-de-almeida-rocha","status":"publish","type":"page","link":"https:\/\/www.sf-germany.org\/einheiten\/uss-hephaistos\/die-crew\/charakter-archiv\/catarina-de-almeida-rocha\/","title":{"rendered":"Catarina de Almeida Rocha"},"content":{"rendered":"<p>&nbsp;<\/p>\n<div style=\"float: right; margin-left: 15px; margin-bottom: 15px; font-size: 11px;\">\n<table style=\"border: solid 0px #003366; background: transparent; box-shadow: 0.1em 0.1em 0.5em rgba(255,255,255,0.75); -moz-box-shadow: 0.1em 0.1em 0.5em rgba(255,255,255,0.75); -webkit-box-shadow: 0.1em 0.1em 0.5em rgba(255,255,255,0.75); border-radius: 1em; -moz-border-radius: 1em; -webkit-border-radius: 1em;\" border=\"3\" cellspacing=\"10\" align=\"right\">\n<tbody>\n<tr>\n<td style=\"font-weight: bold; border: solid 0px transparent;\" colspan=\"2\" align=\"center\"><\/td>\n<\/tr>\n<tr>\n<td style=\"background: transparent; border: solid 0px transparent;\" colspan=\"2\" align=\"center\"><a href=\"https:\/\/www.sf-germany.org\/einheiten\/uss-hephaistos\/wp-content\/uploads\/IMG-20161013-WA0003.jpg\"><img loading=\"lazy\" decoding=\"async\" class=\"aligncenter wp-image-443 size-thumbnail\" src=\"https:\/\/www.sf-germany.org\/einheiten\/uss-hephaistos\/wp-content\/uploads\/IMG-20161013-WA0004-150x150.jpg\" width=\"150\" height=\"150\" \/><\/a><\/td>\n<\/tr>\n<tr>\n<td style=\"font-weight: bold; border: solid 0px transparent;\" colspan=\"2\" align=\"center\"><b>Catarina de Almeida Rocha<br \/>\n<\/b><\/td>\n<\/tr>\n<tr>\n<td style=\"font-weight: bold; border: solid 0px transparent;\" align=\"right\" width=\"50%\">Status<\/td>\n<td style=\"border: solid 0px transparent;\" align=\"left\" width=\"50%\">PC<\/td>\n<\/tr>\n<tr>\n<td style=\"font-weight: bold; border: solid 0px transparent;\" align=\"right\" width=\"50%\">Spieler<\/td>\n<td style=\"border: solid 0px transparent;\" align=\"left\" width=\"50%\">Luis A.<\/td>\n<\/tr>\n<tr>\n<td style=\"font-weight: bold; border: solid 0px #003366; background: #555; box-shadow: 0.1em 0.1em 0.5em rgba(255,255,255,0.75); -webkit-box-shadow: 0.1em 0.1em 0.5em rgba(255,255,255,0.75); border-radius: 1em; -webkit-border-radius: 1em;\" colspan=\"2\" align=\"center\">Dienstliche Informationen<\/td>\n<\/tr>\n<tr>\n<td style=\"font-weight: bold; border: solid 0px transparent;\" align=\"right\" width=\"50%\">Ranggrafik<\/td>\n<td style=\"border: solid 0px transparent;\" align=\"left\" width=\"50%\"><img decoding=\"async\" class=\"alignnone\" src=\"https:\/\/www.sf-germany.com\/images\/schemata\/sto\/rot\/ltcmdr.png\" alt=\"\" width=\"100\" \/><\/td>\n<\/tr>\n<tr>\n<td style=\"font-weight: bold; border: solid 0px transparent;\" align=\"right\" width=\"50%\">Rang<\/td>\n<td style=\"border: solid 0px transparent;\" align=\"left\" width=\"50%\">Lieutenant Commander<\/td>\n<\/tr>\n<tr>\n<td style=\"font-weight: bold; border: solid 0px transparent;\" align=\"right\" width=\"50%\">Posten<\/td>\n<td style=\"border: solid 0px transparent;\" align=\"left\" width=\"50%\">FLG<\/td>\n<\/tr>\n<tr>\n<td style=\"font-weight: bold; border: solid 0px transparent;\" align=\"right\" width=\"50%\">Stationierung<\/td>\n<td style=\"border: solid 0px transparent;\" align=\"left\" width=\"50%\">USS Hephaistos<\/td>\n<\/tr>\n<tr>\n<td style=\"font-weight: bold; border: solid 0px #003366; background: #555; box-shadow: 0.1em 0.1em 0.5em rgba(255,255,255,0.75); -webkit-box-shadow: 0.1em 0.1em 0.5em rgba(255,255,255,0.75); border-radius: 1em; -webkit-border-radius: 1em;\" colspan=\"2\" align=\"center\">Biographische Informationen<\/td>\n<\/tr>\n<tr>\n<td style=\"font-weight: bold; border: solid 0px transparent;\" align=\"right\" width=\"50%\">Geburtstag<\/td>\n<td style=\"border: solid 0px transparent;\" align=\"left\" width=\"50%\">12.10.2381<\/td>\n<\/tr>\n<tr>\n<td style=\"font-weight: bold; border: solid 0px transparent;\" align=\"right\" width=\"50%\">Geburtsort<\/td>\n<td style=\"border: solid 0px transparent;\" align=\"left\" width=\"50%\">USS Davenport (zerst\u00f6rt)<\/td>\n<\/tr>\n<tr>\n<td style=\"font-weight: bold; border: solid 0px transparent;\" align=\"right\" width=\"50%\">Familienstand<\/td>\n<td style=\"border: solid 0px transparent;\" align=\"left\" width=\"50%\">ledig<\/td>\n<\/tr>\n<tr>\n<td style=\"font-weight: bold; border: 0px solid transparent;\" align=\"right\" valign=\"top\" width=\"50%\">Vater<\/td>\n<td style=\"border: 0px solid transparent;\" align=\"left\" width=\"50%\">Pedro Manuel<br \/>\nLavaredas de Almeida,<br \/>\nHausmeister auf einer<br \/>\nGesamtschule in Lissabon<\/td>\n<\/tr>\n<tr>\n<td style=\"font-weight: bold; border: solid 0px transparent;\" align=\"right\" valign=\"top\" width=\"50%\">Mutter<\/td>\n<td style=\"border: solid 0px transparent;\" align=\"left\" width=\"50%\">Lt. (jg.)Ana Isabel<br \/>\nCruz Rocha,<br \/>\nstv. OPS USS Davenport<\/td>\n<\/tr>\n<tr>\n<td style=\"font-weight: bold; border: solid 0px transparent;\" align=\"right\" valign=\"top\" width=\"50%\">Geschwister<\/td>\n<td style=\"border: solid 0px transparent;\" align=\"left\" width=\"50%\">Joana de Almeida Rocha,<br \/>\n(geboren 2385)<\/td>\n<\/tr>\n<tr>\n<td style=\"font-weight: bold; border: solid 0px #003366; background: #555; box-shadow: 0.1em 0.1em 0.5em rgba(255,255,255,0.75); -webkit-box-shadow: 0.1em 0.1em 0.5em rgba(255,255,255,0.75); border-radius: 1em; -webkit-border-radius: 1em;\" colspan=\"2\" align=\"center\">Physische Beschreibung<\/td>\n<\/tr>\n<tr>\n<td style=\"font-weight: bold; border: solid 0px transparent;\" align=\"right\" width=\"50%\">Spezies<\/td>\n<td style=\"border: solid 0px transparent;\" align=\"left\" width=\"50%\">Mensch<\/td>\n<\/tr>\n<tr>\n<td style=\"font-weight: bold; border: solid 0px transparent;\" align=\"right\" width=\"50%\">Geschlecht<\/td>\n<td style=\"border: solid 0px transparent;\" align=\"left\" width=\"50%\">weiblich<\/td>\n<\/tr>\n<tr>\n<td style=\"font-weight: bold; border: solid 0px transparent;\" align=\"right\" width=\"50%\">Gr\u00f6\u00dfe<\/td>\n<td style=\"border: solid 0px transparent;\" align=\"left\" width=\"50%\">176 cm<\/td>\n<\/tr>\n<tr>\n<td style=\"font-weight: bold; border: solid 0px transparent;\" align=\"right\" width=\"50%\">Gewicht<\/td>\n<td style=\"border: solid 0px transparent;\" align=\"left\" width=\"50%\">65 kg<\/td>\n<\/tr>\n<tr>\n<td style=\"font-weight: bold; border: solid 0px transparent;\" align=\"right\" width=\"50%\">Haarfarbe<\/td>\n<td style=\"border: solid 0px transparent;\" align=\"left\" width=\"50%\">schwarz<\/td>\n<\/tr>\n<tr>\n<td style=\"font-weight: bold; border: solid 0px transparent;\" align=\"right\" width=\"50%\">Augenfarbe<\/td>\n<td style=\"border: solid 0px transparent;\" align=\"left\" width=\"50%\">gr\u00fcn<\/td>\n<\/tr>\n<tr>\n<td style=\"font-weight: bold; border: solid 0px transparent;\" align=\"right\" width=\"50%\">Aussehen<\/td>\n<td style=\"border: solid 0px transparent;\" align=\"left\" width=\"50%\">leicht gebr\u00e4unt; lange Haare,<br \/>\nim Dienst zu einem<br \/>\nPferdeschwanz gebunden;<\/td>\n<\/tr>\n<tr>\n<td style=\"font-weight: bold; border: solid 0px transparent;\" align=\"right\" width=\"50%\">Kurzinfo<\/td>\n<td style=\"border: solid 0px transparent;\" align=\"left\" width=\"50%\">l\u00e4chelt viel, sehr geschickt<br \/>\nim Aufbrechen von Shuttles<br \/>\nund eine geh\u00f6rige Portion<br \/>\nKombinationsverm\u00f6gen<\/td>\n<\/tr>\n<tr>\n<td style=\"font-weight: bold; border: solid 0px transparent;\" align=\"right\" width=\"50%\">Religion<\/td>\n<td style=\"border: solid 0px transparent;\" align=\"left\" width=\"50%\">katholisch<\/td>\n<\/tr>\n<tr>\n<td style=\"font-weight: bold; border: solid 0px #003366; background: #555; box-shadow: 0.1em 0.1em 0.5em rgba(255,255,255,0.75); -webkit-box-shadow: 0.1em 0.1em 0.5em rgba(255,255,255,0.75); border-radius: 1em; -webkit-border-radius: 1em;\" colspan=\"2\" align=\"center\">Politische informationen<\/td>\n<\/tr>\n<tr>\n<td style=\"font-weight: bold; border: solid 0px transparent;\" align=\"right\" width=\"50%\">Buergerschaft<\/td>\n<td style=\"border: solid 0px transparent;\" align=\"left\" width=\"50%\">F\u00f6derationsb\u00fcrger<\/td>\n<\/tr>\n<\/tbody>\n<\/table>\n<\/div>\n<h2>Lebenslauf<\/h2>\n<p>Catarina ist auf der USS Davenport zur Welt gekommen. Als Tochter des Shuttletechnikers (mittlerweile Hausmeister) Pedro de Almeida Rocha und Ana Isabel Cruz Rocha, von Beruf stellvertretende OPS auf der USS Davenport. Da Catarinas Vater im Shuttlehangar t\u00e4tig war besuchte Catarina ihn dort oft. Bereits mit ihren sechs Jahren lernte sie somit Wissen \u00fcber Shuttles die viele sonst nicht kannten.<\/p>\n<p>Nach der langsam erkaltenden Beziehung zwischen Klingonen und F\u00f6deration, entschieden sich Catarinas Eltern die Kinder auf die Erde zu bringen. Pedro war mit beiden in einem Shuttle auf dem Weg zur Erde, als zwei Tage nach Aufbruch der drei, die USS Davenport explodierte. Catarinas Vater erfuhr davon, als sie auf der Erde ankamen. Laut offiziellem Bericht des FKOM f\u00fchrte ein Fehler im Warpkern zur Explosion, jedoch glaubte Pedro dies nicht und quittierte seinen Dienst, um als verbliebener Elternteil f\u00fcr beide M\u00e4dchen da zu sein.<\/p>\n<p>Der Verlust ihrer Mutter war f\u00fcr die zwei M\u00e4dchen ein Schock. Catarina verarbeitete ihren Schock mit der Lernarbeit in der Schule, sie wurde von der zweiten Klasse sofort in die vierte versetzt, da sie den Lernstoff aus der dritten Klasse bereits im zweiten Halbjahr des zweiten Schuljahres gelernt hatte. Zus\u00e4tzlich zu den Lehrb\u00fcchern vertiefte sich Catarina in die Phantasiewelt von Detektiv- und Abenteuerromanen.<\/p>\n<p>Catarina absolvierte den normalen Schulweg, wobei sie in den F\u00e4chern, Mathematik und Informationstechnologie sehr gut abschloss, w\u00e4hrend sie sich in Sprachenverst\u00e4ndnis und F\u00f6derationsgeschichte gerade noch retten konnte.<\/p>\n<p>Da ihre Eltern sowie ihr Gro\u00dfvater allesamt etwas mit der F\u00f6deration zu tun hatten, entschied sich Catarina, mit dem Ziel FLG zu werden, auf die Akademie zu gehen. Sie bewarb sich 2400 an der Akademie.<\/p>\n<p>Nachdem sie ihre Aufnahmepr\u00fcfung mit Bravur bestanden hatte wurde sie 2401 auf der Akademie eingeschult. Unter den Professoren wurde gemunkelt, dass der Direktor der Lissabonner Akademie, der zugleich Catarinas Gro\u00dfvater war, ihr die L\u00f6sungen zugesteckt haben sollte. Die Ger\u00fcchte nahmen so \u00fcberhand, dass Catarina sich einer freiwilligen m\u00fcndlichen Zusatzpr\u00fcfung unterzog und mit wehenden Fahnen bestand.<\/p>\n<p>Catarina legte daraufhin eine sehr passable Studienhaltung hin, bis sie im f\u00fcnften Semester, ihrem Akademie Direktor, gleichzeitig ihrem Gro\u00dfvater, das Dienstshuttle geklaut hatte, damit sie zu einer Feier auf Ganymed konnte. Um zu zeigen, dass Herr de Almeida seine Enkelin nicht bevorzugte, bestrafte er sie mit einer R\u00fcckversetzung in das dritte Studiensemester.<\/p>\n<p>Das Praxissemester im sechsten und letzten Semester vollzog die mittlerweile ausgebildete und disziplinierte Pilotin an Bord der USS Quigley, unter der Schirmherrschaft ihres Cousins Afonso Henriques, seines Zeichens FLG auf der Quigley.<\/p>\n<p>Nach bestandener Abschlusspr\u00fcfung wurde Ensign Catarina Rocha zur stellvertretenden FLG an Bord der USS Phenomenon versetzt. Von dort f\u00fchrte die Reise der Ensign zur FLG an Bord der USS Plato, einem Schiff der Miranda-Klasse.<\/p>\n<p>Nach ihrer Bef\u00f6rderung zur Lt. (jg.) lie\u00df sich Catarina beurlauben und reiste zur\u00fcck zur Erde, wo sie sich um ihren Gro\u00dfvater k\u00fcmmerte. Dort traf sie erneut auf ihren Cousin Afonso Henriques, der ebenfalls zu diesem Zeitpunkt beurlaubt war.<\/p>\n<p>Nach dem Tode des Gro\u00dfvaters, trat Catarina erneut in den aktiven Dienst ein. Sie diente an der Lissabonner Akademie, als Flugausbilderin. Nach einem tragischen Unfall unter ihren Kadetten, f\u00fcr den sie sich die Schuld gab \u2013 die Kadetten sollten ein riskantes Man\u00f6ver fliegen, so wie es in Kriegszeiten gerne mal vorkommt \u2013 wurde sie von jeglicher Schuld freigesprochen. Dennoch nagte das Wissen, um ihre verstorbenen Kadetten an ihr, so dass sie \u00fcberlegte den Dienst in der F\u00f6deration zu quittieren.<\/p>\n<p>Den \u00dcberredungsk\u00fcnsten ihrer Schwester Joana allein, ist es zu verdanken, dass die Pilotin noch Dienst in der F\u00f6deration schiebt. Catarina wechselte von der Akademie an Bord der USS Lusitania, unter das Kommando ihres Gro\u00dfonkels Vice-Admiral Pedro de Almeida.<\/p>\n<p>Zu SD 2412: Bef\u00f6rderung zum Lt. (SG.) Zu SD 2414: Bef\u00f6rderung zum Lt. Cmdr. und Versetzung zum 2O\/FLG auf die USS Aurora (Ambassador-Class)<br \/>\nZu SD 2415: Vernichtung der USS Aurora\u00a0durch den Wahren Weg \u2013 Rettung durch die USS Hephaistos \u2013 Versetzung als FLG an Bord der Hephaistos<\/p>\n<p>&nbsp;<\/p>\n<hr \/>\n<h2>Psychologisches Profil<\/h2>\n<p>Catarina hatte durch den Verlust ihrer Mutter einen fr\u00fchen Schock erlitten. Nachdem sie sich f\u00fcnf Jahre in ihren B\u00fcchern verkrochen hatte, schaffte sie es mit Hilfe einer Psychologin, dieses Trauma mit viel Arbeit zu bew\u00e4ltigen.<\/p>\n<p>Sie ist zur Zeit der ersten Akademiejahre sehr hochn\u00e4sig gewesen, da sie mit ihrem Gro\u00dfvater als Akademieleiter dachte dass man ihr nichts anhaben k\u00f6nnte. Die Wiederholung des dritten Jahres brachte sie aber wieder auf den Boden der Tatsachen zur\u00fcck. Catarina scheint f\u00fcr eine besondere Art der \u201eMelancholie\u201c anf\u00e4llig zu sein. Die \u201eSaudade\u201c ist eine Form von Weltschmerz, die, wenn sie bei Catarina aufkommt, mit viel Schokolade und Sekt bek\u00e4mpft werden muss.<\/p>\n<table>\n<tbody>\n<tr>\n<td width=\"302\"><strong>Positiv<\/strong><\/td>\n<td width=\"302\"><strong>Negativ<\/strong><\/td>\n<\/tr>\n<tr>\n<td width=\"202\">loyal<\/td>\n<td width=\"202\">dickk\u00f6pfig<\/td>\n<\/tr>\n<tr>\n<td width=\"202\">gerissen<\/td>\n<td width=\"202\">un\u00fcberlegt (beim Flirten\/au\u00dferhalb des Dienstes)<\/td>\n<\/tr>\n<tr>\n<td width=\"202\">humorvoll<\/td>\n<td width=\"202\">reizbar (nicht leicht, aber durch bl\u00f6de anmachen)<\/td>\n<\/tr>\n<tr>\n<td width=\"202\">besitzt ein Auge f\u00fcrs Detail<\/td>\n<td width=\"202\">Hang zum \u00fcberdramatisieren<\/td>\n<\/tr>\n<tr>\n<td width=\"202\">Bestimmt, aber nicht bestimmend<\/td>\n<td width=\"202\">leidenschaftlich<\/td>\n<\/tr>\n<tr>\n<td width=\"202\">Auf ihre weiblichen Vorz\u00fcge bedacht<\/td>\n<td width=\"202\">Feuer und Flamme f\u00fcr neues und eine schnell nachlassende Begeisterung<\/td>\n<\/tr>\n<\/tbody>\n<\/table>\n<p>&nbsp;<\/p>\n<hr \/>\n<h2>Spezialgebiete<\/h2>\n<ul>\n<li>Pilotin verschiedener J\u00e4ger- und Shuttleklassen<\/li>\n<li>Sprachen: Standard; Portugiesisch, ein paar Brocken Deutsch, mit anderen Sprachen tut sie sich schwer<\/li>\n<li>sehr gute Shuttletechnikerin, kennt Tricks die \u00fcberraschen<\/li>\n<li>sehr gute Scharfsch\u00fctzin, [was wohl in der Familie der de Almeidas liegt, halten sie in der Lissaboner Akademie den Trefferrekord auf der Schie\u00dfanlage]<\/li>\n<li>vertiefende Lehrg\u00e4nge zur Sicherheitsoffizierin<\/li>\n<\/ul>\n<p><strong>Hobbies<\/strong><\/p>\n<ul>\n<li>Brettspiele<\/li>\n<li>Detektivgeschichten<\/li>\n<li>Themen-Filmabende des 20. und 21. Jahrhundert<\/li>\n<li>Lesen<\/li>\n<li>Essen<\/li>\n<li>Fu\u00dfball<\/li>\n<\/ul>\n<p>&nbsp;<\/p>\n<hr \/>\n<h2>Medizinisches Profil<\/h2>\n<p>Catarina ist bei bester Gesundheit. Sie hat eine leichte Allergie gegen Daunen, weswegen sie vom OPS ein spezielles Kissen gestellt bekommen sollte.<\/p>\n<p>&nbsp;<\/p>\n<hr \/>\n<h2>Klassifzierte Sektion<\/h2>\n<p>Die USS Davenport wurde bei einem geheimen Einsatz im Raum der Klingonen zerst\u00f6rt. Die Aufgabe der Davenport war es in Erfahrung zu bringen, wieso der damalige Kanzler der Klingonen auf dem Weg zur ehemaligen Neutralen Zone zwischen den Klingonen und der Romulaner war. Leider befand sich, ein Imperialer Romulaner an Bord der Devonport, der den Warpkern der Davenport sabotierte und so die Mission zum Scheitern brachte.<\/p>\n<p>&nbsp;<\/p>\n","protected":false},"excerpt":{"rendered":"<p>&nbsp; Catarina de Almeida Rocha Status PC Spieler Luis A. Dienstliche Informationen Ranggrafik Rang Lieutenant Commander Posten FLG Stationierung USS Hephaistos Biographische Informationen Geburtstag 12.10.2381 Geburtsort USS Davenport (zerst\u00f6rt) Familienstand ledig Vater Pedro Manuel Lavaredas de Almeida, Hausmeister auf einer Gesamtschule in Lissabon Mutter Lt. (jg.)Ana Isabel Cruz Rocha, stv. OPS USS Davenport Geschwister Joana&#8230;<\/p>\n<p class=\"more-link-wrap\"><a href=\"https:\/\/www.sf-germany.org\/einheiten\/uss-hephaistos\/die-crew\/charakter-archiv\/catarina-de-almeida-rocha\/\" class=\"more-link\">Read More<span class=\"screen-reader-text\"> &ldquo;Catarina de Almeida Rocha&rdquo;<\/span> &raquo;<\/a><\/p>\n","protected":false},"author":2,"featured_media":0,"parent":1100,"menu_order":2,"comment_status":"closed","ping_status":"closed","template":"page-templates\/medium.php","meta":{"footnotes":""},"class_list":["post-421","page","type-page","status-publish","hentry"],"_links":{"self":[{"href":"https:\/\/www.sf-germany.org\/einheiten\/uss-hephaistos\/wp-json\/wp\/v2\/pages\/421","targetHints":{"allow":["GET"]}}],"collection":[{"href":"https:\/\/www.sf-germany.org\/einheiten\/uss-hephaistos\/wp-json\/wp\/v2\/pages"}],"about":[{"href":"https:\/\/www.sf-germany.org\/einheiten\/uss-hephaistos\/wp-json\/wp\/v2\/types\/page"}],"author":[{"embeddable":true,"href":"https:\/\/www.sf-germany.org\/einheiten\/uss-hephaistos\/wp-json\/wp\/v2\/users\/2"}],"replies":[{"embeddable":true,"href":"https:\/\/www.sf-germany.org\/einheiten\/uss-hephaistos\/wp-json\/wp\/v2\/comments?post=421"}],"version-history":[{"count":19,"href":"https:\/\/www.sf-germany.org\/einheiten\/uss-hephaistos\/wp-json\/wp\/v2\/pages\/421\/revisions"}],"predecessor-version":[{"id":5535,"href":"https:\/\/www.sf-germany.org\/einheiten\/uss-hephaistos\/wp-json\/wp\/v2\/pages\/421\/revisions\/5535"}],"up":[{"embeddable":true,"href":"https:\/\/www.sf-germany.org\/einheiten\/uss-hephaistos\/wp-json\/wp\/v2\/pages\/1100"}],"wp:attachment":[{"href":"https:\/\/www.sf-germany.org\/einheiten\/uss-hephaistos\/wp-json\/wp\/v2\/media?parent=421"}],"curies":[{"name":"wp","href":"https:\/\/api.w.org\/{rel}","templated":true}]}}