{"id":470,"date":"2016-12-03T20:24:10","date_gmt":"2016-12-03T19:24:10","guid":{"rendered":"http:\/\/www.sf-germany.org\/einheiten\/hephaistos\/?page_id=470"},"modified":"2022-10-07T21:34:28","modified_gmt":"2022-10-07T19:34:28","slug":"nikolaj-andreievich-enovo","status":"publish","type":"page","link":"https:\/\/www.sf-germany.org\/einheiten\/uss-hephaistos\/die-crew\/nikolaj-andreievich-enovo\/","title":{"rendered":"Nikolaj Andreievich Enovo"},"content":{"rendered":"<p>&nbsp;<\/p>\n<div style=\"float: right; margin-left: 15px; margin-bottom: 15px; font-size: 11px;\">\n<table style=\"border: solid 0px #003366; background: transparent; box-shadow: 0.1em 0.1em 0.5em rgba(255,255,255,0.75); -moz-box-shadow: 0.1em 0.1em 0.5em rgba(255,255,255,0.75); -webkit-box-shadow: 0.1em 0.1em 0.5em rgba(255,255,255,0.75); border-radius: 1em; -moz-border-radius: 1em; -webkit-border-radius: 1em;\" border=\"3\" cellspacing=\"10\" align=\"right\">\n<tbody>\n<tr>\n<td style=\"font-weight: bold; border: solid 0px transparent;\" colspan=\"2\" align=\"center\"><\/td>\n<\/tr>\n<tr>\n<td style=\"background: transparent; border: solid 0px transparent;\" colspan=\"2\" align=\"center\"><a href=\"https:\/\/www.sf-germany.org\/einheiten\/uss-hephaistos\/wp-content\/uploads\/2016\/01\/CharBild.png\" rel=\"attachment wp-att-111\"><img decoding=\"async\" class=\"alignnone size-full wp-image-111\" src=\"https:\/\/www.sf-germany.org\/einheiten\/uss-hephaistos\/wp-content\/uploads\/2016\/01\/CharBild.png\" alt=\"CharBild\" width=\"140\" \/><\/a><\/td>\n<\/tr>\n<tr>\n<td style=\"font-weight: bold; border: solid 0px transparent;\" colspan=\"2\" align=\"center\"><b>Nikolaj Andreievich Enovo<\/b><\/td>\n<\/tr>\n<tr>\n<td style=\"font-weight: bold; border: solid 0px transparent;\" align=\"right\" width=\"50%\">Status<\/td>\n<td style=\"border: solid 0px transparent;\" align=\"left\" width=\"50%\">NPC<\/td>\n<\/tr>\n<tr>\n<td style=\"font-weight: bold; border: solid 0px transparent;\" align=\"right\" width=\"50%\">Spieler<\/td>\n<td style=\"border: solid 0px transparent;\" align=\"left\" width=\"50%\">Sunny<\/td>\n<\/tr>\n<tr>\n<td style=\"font-weight: bold; border: solid 0px #003366; background: #555; box-shadow: 0.1em 0.1em 0.5em rgba(255,255,255,0.75); -webkit-box-shadow: 0.1em 0.1em 0.5em rgba(255,255,255,0.75); border-radius: 1em; -webkit-border-radius: 1em;\" colspan=\"2\" align=\"center\">Dienstliche Informationen<\/td>\n<\/tr>\n<tr>\n<td style=\"font-weight: bold; border: solid 0px transparent;\" align=\"right\" width=\"50%\">Ranggrafik<\/td>\n<td style=\"border: solid 0px transparent;\" align=\"left\" width=\"50%\"><img loading=\"lazy\" decoding=\"async\" src=\"https:\/\/www.sf-germany.com\/images\/schemata\/sto\/rot\/ens.png\" alt=\"\" width=\"100\" height=\"25\" \/><\/td>\n<\/tr>\n<tr>\n<td style=\"font-weight: bold; border: solid 0px transparent;\" align=\"right\" width=\"50%\">Rang<\/td>\n<td style=\"border: solid 0px transparent;\" align=\"left\" width=\"50%\">Ensign<\/td>\n<\/tr>\n<tr>\n<td style=\"font-weight: bold; border: solid 0px transparent;\" align=\"right\" width=\"50%\">Posten<\/td>\n<td style=\"border: solid 0px transparent;\" align=\"left\" width=\"50%\">COMM<\/td>\n<\/tr>\n<tr>\n<td style=\"font-weight: bold; border: solid 0px transparent;\" align=\"right\" width=\"50%\">Stationierung<\/td>\n<td style=\"border: solid 0px transparent;\" align=\"left\" width=\"50%\">USS Hephaistos<\/td>\n<\/tr>\n<tr>\n<td style=\"font-weight: bold; border: solid 0px #003366; background: #555; box-shadow: 0.1em 0.1em 0.5em rgba(255,255,255,0.75); -webkit-box-shadow: 0.1em 0.1em 0.5em rgba(255,255,255,0.75); border-radius: 1em; -webkit-border-radius: 1em;\" colspan=\"2\" align=\"center\">Biographische Informationen<\/td>\n<\/tr>\n<tr>\n<td style=\"font-weight: bold; border: solid 0px transparent;\" align=\"right\" width=\"50%\">Geburtstag<\/td>\n<td style=\"border: solid 0px transparent;\" align=\"left\" width=\"50%\">25.08.2390<\/td>\n<\/tr>\n<tr>\n<td style=\"font-weight: bold; border: solid 0px transparent;\" align=\"right\" width=\"50%\">Geburtsort<\/td>\n<td style=\"border: solid 0px transparent;\" align=\"left\" width=\"50%\">Moskau \/ Erde<\/td>\n<\/tr>\n<tr>\n<td style=\"font-weight: bold; border: solid 0px transparent;\" align=\"right\" width=\"50%\">Familienstand<\/td>\n<td style=\"border: solid 0px transparent;\" align=\"left\" width=\"50%\">ledig<\/td>\n<\/tr>\n<tr>\n<td style=\"font-weight: bold; border: solid 0px transparent;\" align=\"right\" width=\"50%\">Familie<\/td>\n<td style=\"border: solid 0px transparent;\" align=\"left\" width=\"50%\">&#8211; Vater<br \/>\nEimred Enovo<br \/>\nProfessor (Xenolinguistik)<br \/>\n&#8211; Mutter:<br \/>\nJewa Enovo<br \/>\nProfessorin (Xenolinguistik)<br \/>\n&#8211; Geschwister:<br \/>\nAnastasia Enovo<br \/>\nStudentin (Xenolinguistik)<\/td>\n<\/tr>\n<tr>\n<td style=\"font-weight: bold; border: solid 0px transparent;\" align=\"right\" width=\"50%\">Religion<\/td>\n<td style=\"border: solid 0px transparent;\" align=\"left\" width=\"50%\">Russisch-Orthodox<\/td>\n<\/tr>\n<tr>\n<td style=\"font-weight: bold; border: solid 0px #003366; background: #555; box-shadow: 0.1em 0.1em 0.5em rgba(255,255,255,0.75); -webkit-box-shadow: 0.1em 0.1em 0.5em rgba(255,255,255,0.75); border-radius: 1em; -webkit-border-radius: 1em;\" colspan=\"2\" align=\"center\">Physische Beschreibung<\/td>\n<\/tr>\n<tr>\n<td style=\"font-weight: bold; border: solid 0px transparent;\" align=\"right\" width=\"50%\">Spezies<\/td>\n<td style=\"border: solid 0px transparent;\" align=\"left\" width=\"50%\">Mensch\/Betazoid<\/td>\n<\/tr>\n<tr>\n<td style=\"font-weight: bold; border: solid 0px transparent;\" align=\"right\" width=\"50%\">Geschlecht<\/td>\n<td style=\"border: solid 0px transparent;\" align=\"left\" width=\"50%\">m\u00e4nnlich<\/td>\n<\/tr>\n<tr>\n<td style=\"font-weight: bold; border: solid 0px transparent;\" align=\"right\" width=\"50%\">Gr\u00f6\u00dfe<\/td>\n<td style=\"border: solid 0px transparent;\" align=\"left\" width=\"50%\">180 cm<\/td>\n<\/tr>\n<tr>\n<td style=\"font-weight: bold; border: solid 0px transparent;\" align=\"right\" width=\"50%\">Hautfarbe<\/td>\n<td style=\"border: solid 0px transparent;\" align=\"left\" width=\"50%\">blass<\/td>\n<\/tr>\n<tr>\n<td style=\"font-weight: bold; border: solid 0px transparent;\" align=\"right\" width=\"50%\">Haarfarbe<\/td>\n<td style=\"border: solid 0px transparent;\" align=\"left\" width=\"50%\">braun<\/td>\n<\/tr>\n<tr>\n<td style=\"font-weight: bold; border: solid 0px transparent;\" align=\"right\" width=\"50%\">Augenfarbe<\/td>\n<td style=\"border: solid 0px transparent;\" align=\"left\" width=\"50%\">violett\/ lila<\/td>\n<\/tr>\n<tr>\n<td style=\"font-weight: bold; border: solid 0px #003366; background: #555; box-shadow: 0.1em 0.1em 0.5em rgba(255,255,255,0.75); -webkit-box-shadow: 0.1em 0.1em 0.5em rgba(255,255,255,0.75); border-radius: 1em; -webkit-border-radius: 1em;\" colspan=\"2\" align=\"center\">Politische informationen<\/td>\n<\/tr>\n<tr>\n<td style=\"font-weight: bold; border: solid 0px transparent;\" align=\"right\" width=\"50%\">Buergerschaft<\/td>\n<td style=\"border: solid 0px transparent;\" align=\"left\" width=\"50%\">F\u00f6derationsb\u00fcrger<\/td>\n<\/tr>\n<tr>\n<td style=\"font-weight: bold; border: solid 0px transparent;\" align=\"right\" width=\"50%\"><\/td>\n<td style=\"border: solid 0px transparent;\" align=\"left\" width=\"50%\"><\/td>\n<\/tr>\n<\/tbody>\n<\/table>\n<\/div>\n<p><strong><span style=\"font-size: 24pt;\">Lebenslauf<\/span><\/strong><\/p>\n<p>Nikolaj wurde in Moskau geboren.<br \/>\nSein Vater arbeitete viele Jahre \u00fcber f\u00fcr die Sternenflotte, erst als Berater, sp\u00e4ter als Dozent. Schon Nikolajs Gro\u00dfvater befasste sich mit der Xenolingoistik.<br \/>\nAuf der Erde lernte Nikolajs Vater auch Jawa kennen. Schnell und Hals \u00fcber Kopf verlieben sich die Beiden in einander und nach knapp drei Monaten stellte sie junge Frau auch schon fest das sie schwanger war.<br \/>\nHeiraten wollte sie nicht, sie wollte sich noch einige Zeit lang ihre Unabh\u00e4ngigkeit bewahren.<br \/>\nNokolaj wuchs sehr beh\u00fctet auf, auch seine Schwester die nur wenige Jahre nach ihm zur Welt kam wurde von der Mutter immer gluckenartig bewacht.<br \/>\nBeide Geschwister konnten immer auf eine wundervolle Kindheit zur\u00fcckblicken und waren sehr stolz als sie Blumenkinder auf der Hochzeit ihrer Eltern sein konnten.<br \/>\nDie Kinder waren schon 8 und 6 Jahre alt, so es dem Vater endlich gelungen war, seine Lebensgef\u00e4hrtin davon zu \u00fcberzeugen, dass eine Hochzeit etwas Wundervolles war.<br \/>\nMan einigte sich jedoch auf eine Zeremonie nach den Sitten der Erde.<\/p>\n<p>In der Schule hatte Nik selten Probleme mit dem Stoff, er war immer flei\u00dfig und lernte gern. Mit den anderen Kindern hingegen hatte er oft seine Schwierigkeiten, dass seine auffallenden Augen ihn immer schnell als nicht ganz menschlich enttarnten. Kinder konnten wirklich gemein sein und so war er oft Opfer von H\u00e4ndeleien.<br \/>\nAuch das er eigentlich fast immer gute Noten hatte, steigerte seine Beliebtheit nicht gerade.<\/p>\n<p>Kinder wurden jedoch \u00e4lter und damit meistens auch einsichtiger, so lie\u00dfen die H\u00e4nseleien irgendwann nach und Nik war mehr als froh dar\u00fcber.<br \/>\nEr begann wie es in seiner Familie \u00fcblich war ein Studium der Linguistik, schon damals sprach er vier Sprachen, da seine Eltern ihre Kinder schon aus Spa\u00df und nat\u00fcrlich beruflichem Interesse mehrsprachiger erzogen hatten.<br \/>\nNach dem Ende seines Studiums bewarb Nik sich bei der Sternenflotte, er liebte n\u00e4mlich nicht nur die unterschiedlichen Sprachen, er liebte auch den Weltraum und war schon immer an unterschiedlichen Kulturen interessiert.<br \/>\nDie Zeit an der Akademie genoss der junge Mann und nutzte jeder freie Minute zum lernen, dass machte ihn zwar bei seinen Dozenten sehr beliebt, aber doch hatte er ab und zu das Gef\u00fchl irgendetwas zu verpassen.<br \/>\nSchon immer war ihm das Lernen jedoch wichtiger und so war es nicht verwunderlich das er oft positiv erw\u00e4hnt wurde.<\/p>\n<p><strong><span style=\"font-size: 24pt;\">Psychologisches Profil<\/span><\/strong><\/p>\n<p>Nikolaj ist eher ein ruhiger zur\u00fcckhaltender Geselle, der zwar auch schnell Kontakt zu anderen Leuten findet, sich aber niemals aufdr\u00e4ngt oder gar in den Mittelpunkt stellt. Er ist oft gut gelaunt und fast immer freundliche. Seine Mutter hat ihn immer zur H\u00f6flichkeit angehalten und auch in Erwachsenen Jahren legt er viel Wert auf gute Umgangsformen.<br \/>\nNik ist sehr loyal und w\u00fcrde niemals freiwillig Jemanden in den R\u00fccken fallen.<br \/>\nEr ist alles andere als der harte r\u00fcpelhafte Macho und legt oft eher eine sehr weiche Art an den Tag.<br \/>\nSeinen Job liebt er, schon immer hatte er ein gro\u00dfes Talent f\u00fcr Sprachen, wie viele Mitglieder in seiner Familie und lernt auch in seiner Freizeit stetig neue Sprachen und Dialekte.<br \/>\nFrauen gegen\u00fcber ist er oft unsicher, auch mit Wesen die immer und immer wieder l\u00fcgen, sind f\u00fcr ihn nur schwer zu ertragen.<br \/>\nAb und zu wirkt er ein wenig unsicher.<\/p>\n<p><strong>St\u00e4rken<\/strong><br \/>\n+ Gesp\u00fcr f\u00fcr Sprachen<br \/>\n+ Freundlich, aufgeschlossen<br \/>\n+ Kann sich gut auf neue Situationen einstellen<br \/>\n+ Geduldig<br \/>\n+ Einf\u00fchlsam<br \/>\n+ sehr gut ausgepr\u00e4gtes Geh\u00f6r<\/p>\n<p><strong>Schw\u00e4chen<\/strong><br \/>\n&#8211; leicht sch\u00fcchtern<br \/>\n&#8211; oft etwas zu still<br \/>\n&#8211; steht sehr ungern im Mittelpunkt<br \/>\n&#8211; wirkt oft ein wenig besserwisserisch<br \/>\n&#8211; Im privaten Umgang mit weiblichen Wesen etwas unsicher<\/p>\n<p><strong>Vorlieben<\/strong><br \/>\n+ Die Natur\/ Katzen<br \/>\n+ Gutes Essen<br \/>\n+ Literature William Shakespeare, Leo N. Tolstoi<br \/>\n+ Pflanzen<br \/>\n+ Kristalle<\/p>\n<p><strong>Abneigungen<\/strong><br \/>\n&#8211; Streit<br \/>\n&#8211; Starke Emotionen<br \/>\n&#8211; Alkohol<br \/>\n&#8211; Gl\u00fccksspiel<br \/>\n&#8211; L\u00fcgen sofort zu erkennen,\u00a0niemand will immer wissen wenn er belogen wird<\/p>\n<p><span style=\"font-size: 24pt;\"><strong>Spezialgebiete<\/strong><\/span><\/p>\n<p><strong>Zivile &#8211; Vorbildung:<\/strong><\/p>\n<p>Schulbildung in Moskau(aufgrund von extrem guten Leistungen mehrere Klassen \u00fcbersprungen)<br \/>\n-Studium Linguistik\/ Xenolinguistik (Universit\u00e4t Moskau\/ Universit\u00e4t San Francisco)<\/p>\n<p><strong>Sternenflottenakademie:<\/strong><br \/>\n&#8211; Grundausbildung<br \/>\n&#8211; Vertiefende Ausbildung: Xenolinguistik<br \/>\n&#8211; Morphologie, Phonologie, Syntax<br \/>\n&#8211; Verschl\u00fcsselungs.- und Entschl\u00fcsselungstechniken<br \/>\n&#8211; Kryptologie<\/p>\n<p><strong>Lehrg\u00e4nge<\/strong><br \/>\n&#8211; Erste Hilfe Kurs<\/p>\n<p><strong>Sprachen:<\/strong><br \/>\n&#8211; F\u00f6derationsstandart<br \/>\n&#8211; Russisch<br \/>\n&#8211; Holl\u00e4ndisch<br \/>\n&#8211; Sprache der Betazoiden<br \/>\n&#8211; Sprache der Trill<br \/>\n&#8211; Vulkanisch<br \/>\n&#8211; Klingonisch<br \/>\n&#8211; Ferasa (Sprache der Caitianer)<\/p>\n<p><strong>Besonderheiten der eigenen Spezies<\/strong><br \/>\nNikolajs Vater ist Betazoid und Telepath, seine Mutter jedoch ist ein Mensch und somit nicht telepathisch veranlagt.<br \/>\nNikolaj ist ein Empath, er kann die Gef\u00fchle der meisten Wesen um sich herum deuten, au\u00dferdem wei\u00df er fast immer sofort ob er belogen wird. Er ist sehr geschickt darin sich gegen andere Telepathen abzuschirmen und kann diese F\u00e4higkeit auf eine weitere Person ausweiten, jedoch nur bei direktem K\u00f6rperkontakt.<br \/>\nWenn eine Person emotional extrem aufgew\u00fchlt ist und er direkten K\u00f6rperkontakt hat, kann es vorkommen, dass er Bilder aufschnappt, die jedoch oft nur schwer zu deuten sind.<\/p>\n<p>&nbsp;<\/p>\n<p><strong><span style=\"font-size: 24pt;\">Hobbies<\/span><\/strong><\/p>\n<p>Lesen<br \/>\nSprachen lernen<br \/>\nSchach<br \/>\nDenkspiele<br \/>\nKristalle z\u00fcchten<\/p>\n<p>&nbsp;<\/p>\n<p><strong><span style=\"font-size: 24pt;\">Medizinisches Profil<\/span><\/strong><\/p>\n<p>&#8211; keine Auff\u00e4lligkeiten<br \/>\n&#8211; Rassentypisch: empathisch veranlagt<br \/>\n&#8211; Extrem gut ausgepr\u00e4gtes Geh\u00f6r<\/p>\n<p>&nbsp;<\/p>\n<p><strong><span style=\"font-size: 24pt;\">Klassifzierte Sektion<\/span><\/strong><\/p>\n<p>keine Eintr\u00e4ge<\/p>\n","protected":false},"excerpt":{"rendered":"<p>&nbsp; Nikolaj Andreievich Enovo Status NPC Spieler Sunny Dienstliche Informationen Ranggrafik Rang Ensign Posten COMM Stationierung USS Hephaistos Biographische Informationen Geburtstag 25.08.2390 Geburtsort Moskau \/ Erde Familienstand ledig Familie &#8211; Vater Eimred Enovo Professor (Xenolinguistik) &#8211; Mutter: Jewa Enovo Professorin (Xenolinguistik) &#8211; Geschwister: Anastasia Enovo Studentin (Xenolinguistik) Religion Russisch-Orthodox Physische Beschreibung Spezies Mensch\/Betazoid Geschlecht m\u00e4nnlich&#8230;<\/p>\n<p class=\"more-link-wrap\"><a href=\"https:\/\/www.sf-germany.org\/einheiten\/uss-hephaistos\/die-crew\/nikolaj-andreievich-enovo\/\" class=\"more-link\">Read More<span class=\"screen-reader-text\"> &ldquo;Nikolaj Andreievich Enovo&rdquo;<\/span> &raquo;<\/a><\/p>\n","protected":false},"author":1,"featured_media":0,"parent":27,"menu_order":1,"comment_status":"closed","ping_status":"closed","template":"page-templates\/medium.php","meta":{"footnotes":""},"class_list":["post-470","page","type-page","status-publish","hentry"],"_links":{"self":[{"href":"https:\/\/www.sf-germany.org\/einheiten\/uss-hephaistos\/wp-json\/wp\/v2\/pages\/470","targetHints":{"allow":["GET"]}}],"collection":[{"href":"https:\/\/www.sf-germany.org\/einheiten\/uss-hephaistos\/wp-json\/wp\/v2\/pages"}],"about":[{"href":"https:\/\/www.sf-germany.org\/einheiten\/uss-hephaistos\/wp-json\/wp\/v2\/types\/page"}],"author":[{"embeddable":true,"href":"https:\/\/www.sf-germany.org\/einheiten\/uss-hephaistos\/wp-json\/wp\/v2\/users\/1"}],"replies":[{"embeddable":true,"href":"https:\/\/www.sf-germany.org\/einheiten\/uss-hephaistos\/wp-json\/wp\/v2\/comments?post=470"}],"version-history":[{"count":3,"href":"https:\/\/www.sf-germany.org\/einheiten\/uss-hephaistos\/wp-json\/wp\/v2\/pages\/470\/revisions"}],"predecessor-version":[{"id":7004,"href":"https:\/\/www.sf-germany.org\/einheiten\/uss-hephaistos\/wp-json\/wp\/v2\/pages\/470\/revisions\/7004"}],"up":[{"embeddable":true,"href":"https:\/\/www.sf-germany.org\/einheiten\/uss-hephaistos\/wp-json\/wp\/v2\/pages\/27"}],"wp:attachment":[{"href":"https:\/\/www.sf-germany.org\/einheiten\/uss-hephaistos\/wp-json\/wp\/v2\/media?parent=470"}],"curies":[{"name":"wp","href":"https:\/\/api.w.org\/{rel}","templated":true}]}}