{"id":489,"date":"2017-03-03T20:31:28","date_gmt":"2017-03-03T19:31:28","guid":{"rendered":"http:\/\/www.sf-germany.org\/einheiten\/hephaistos\/?page_id=489"},"modified":"2022-10-07T12:53:13","modified_gmt":"2022-10-07T10:53:13","slug":"john-sinclair","status":"publish","type":"page","link":"https:\/\/www.sf-germany.org\/einheiten\/uss-hephaistos\/die-crew\/charakter-archiv\/john-sinclair\/","title":{"rendered":"John Sinclair"},"content":{"rendered":"<p>&nbsp;<\/p>\n<div style=\"float: right; margin-left: 15px; margin-bottom: 15px; font-size: 11px;\">\n<table style=\"border: solid 0px #003366; background: transparent; box-shadow: 0.1em 0.1em 0.5em rgba(255,255,255,0.75); -moz-box-shadow: 0.1em 0.1em 0.5em rgba(255,255,255,0.75); -webkit-box-shadow: 0.1em 0.1em 0.5em rgba(255,255,255,0.75); border-radius: 1em; -moz-border-radius: 1em; -webkit-border-radius: 1em;\" border=\"3\" cellspacing=\"10\" align=\"right\">\n<tbody>\n<tr>\n<td style=\"font-weight: bold; border: solid 0px transparent;\" colspan=\"2\" align=\"center\"><\/td>\n<\/tr>\n<tr>\n<td style=\"background: transparent; border: solid 0px transparent;\" colspan=\"2\" align=\"center\"><a href=\"https:\/\/www.sf-germany.org\/einheiten\/uss-hephaistos\/wp-content\/uploads\/2016\/01\/CharBild.png\" rel=\"attachment wp-att-111\"><img decoding=\"async\" class=\"alignnone size-full wp-image-111\" src=\"https:\/\/www.sf-germany.org\/einheiten\/uss-hephaistos\/wp-content\/uploads\/2016\/01\/CharBild.png\" alt=\"CharBild\" width=\"140\" \/><\/a><\/td>\n<\/tr>\n<tr>\n<td style=\"font-weight: bold; border: solid 0px transparent;\" colspan=\"2\" align=\"center\">John Sinclair<\/td>\n<\/tr>\n<tr>\n<td style=\"font-weight: bold; border: solid 0px transparent;\" align=\"right\" width=\"50%\">Status<\/td>\n<td style=\"border: solid 0px transparent;\" align=\"left\" width=\"50%\">PC<\/td>\n<\/tr>\n<tr>\n<td style=\"font-weight: bold; border: solid 0px transparent;\" align=\"right\" width=\"50%\">Spieler<\/td>\n<td style=\"border: solid 0px transparent;\" align=\"left\" width=\"50%\">Pegasus<\/td>\n<\/tr>\n<tr>\n<td style=\"font-weight: bold; border: solid 0px #003366; background: #555; box-shadow: 0.1em 0.1em 0.5em rgba(255,255,255,0.75); -webkit-box-shadow: 0.1em 0.1em 0.5em rgba(255,255,255,0.75); border-radius: 1em; -webkit-border-radius: 1em;\" colspan=\"2\" align=\"center\">Dienstliche Informationen<\/td>\n<\/tr>\n<tr>\n<td style=\"font-weight: bold; border: solid 0px transparent;\" align=\"right\" width=\"50%\">Ranggrafik<\/td>\n<td style=\"border: solid 0px transparent;\" align=\"left\" width=\"50%\"><img loading=\"lazy\" decoding=\"async\" src=\"https:\/\/www.sf-germany.com\/images\/schemata\/sto\/rot\/ltjg.png\" alt=\"\" width=\"100\" height=\"25\" \/><\/td>\n<\/tr>\n<tr>\n<td style=\"font-weight: bold; border: solid 0px transparent;\" align=\"right\" width=\"50%\">Rang<\/td>\n<td style=\"border: solid 0px transparent;\" align=\"left\" width=\"50%\">Lieutenant junior grade<\/td>\n<\/tr>\n<tr>\n<td style=\"font-weight: bold; border: solid 0px transparent;\" align=\"right\" width=\"50%\">Posten<\/td>\n<td style=\"border: solid 0px transparent;\" align=\"left\" width=\"50%\">TAK<\/td>\n<\/tr>\n<tr>\n<td style=\"font-weight: bold; border: solid 0px transparent;\" align=\"right\" width=\"50%\">Stationierung<\/td>\n<td style=\"border: solid 0px transparent;\" align=\"left\" width=\"50%\">USS Hephaistos<\/td>\n<\/tr>\n<tr>\n<td style=\"font-weight: bold; border: solid 0px #003366; background: #555; box-shadow: 0.1em 0.1em 0.5em rgba(255,255,255,0.75); -webkit-box-shadow: 0.1em 0.1em 0.5em rgba(255,255,255,0.75); border-radius: 1em; -webkit-border-radius: 1em;\" colspan=\"2\" align=\"center\">Biographische Informationen<\/td>\n<\/tr>\n<tr>\n<td style=\"font-weight: bold; border: solid 0px transparent;\" align=\"right\" width=\"50%\">Herkunft<\/td>\n<td style=\"border: solid 0px transparent;\" align=\"left\" width=\"50%\">London, England (Erde)<\/td>\n<\/tr>\n<tr>\n<td style=\"font-weight: bold; border: solid 0px transparent;\" align=\"right\" width=\"50%\">Geburtstag<\/td>\n<td style=\"border: solid 0px transparent;\" align=\"left\" width=\"50%\">10.5.2374<\/td>\n<\/tr>\n<tr>\n<td style=\"font-weight: bold; border: solid 0px transparent;\" align=\"right\" width=\"50%\">Familienstand<\/td>\n<td style=\"border: solid 0px transparent;\" align=\"left\" width=\"50%\">Witwer<\/td>\n<\/tr>\n<tr>\n<td style=\"font-weight: bold; border: solid 0px transparent;\" align=\"right\" width=\"50%\">Familie<\/td>\n<td style=\"border: solid 0px transparent;\" align=\"left\" width=\"50%\">-Mutter Glenda Sinclair, Botanikerin<br \/>\n-Vater Bill Sinclair (+2380)<\/td>\n<\/tr>\n<tr>\n<td style=\"font-weight: bold; border: solid 0px transparent;\" align=\"right\" width=\"50%\">Religion<\/td>\n<td style=\"border: solid 0px transparent;\" align=\"left\" width=\"50%\">k.A.<\/td>\n<\/tr>\n<tr>\n<td style=\"font-weight: bold; border: solid 0px #003366; background: #555; box-shadow: 0.1em 0.1em 0.5em rgba(255,255,255,0.75); -webkit-box-shadow: 0.1em 0.1em 0.5em rgba(255,255,255,0.75); border-radius: 1em; -webkit-border-radius: 1em;\" colspan=\"2\" align=\"center\">Physische Beschreibung<\/td>\n<\/tr>\n<tr>\n<td style=\"font-weight: bold; border: solid 0px transparent;\" align=\"right\" width=\"50%\">Spezies<\/td>\n<td style=\"border: solid 0px transparent;\" align=\"left\" width=\"50%\">\u00be Mensch \u00bc Klingone<\/td>\n<\/tr>\n<tr>\n<td style=\"font-weight: bold; border: solid 0px transparent;\" align=\"right\" width=\"50%\">Geschlecht<\/td>\n<td style=\"border: solid 0px transparent;\" align=\"left\" width=\"50%\">m\u00e4nnlich<\/td>\n<\/tr>\n<tr>\n<td style=\"font-weight: bold; border: solid 0px transparent;\" align=\"right\" width=\"50%\">Gr\u00f6\u00dfe<\/td>\n<td style=\"border: solid 0px transparent;\" align=\"left\" width=\"50%\">185cm<\/td>\n<\/tr>\n<tr>\n<td style=\"font-weight: bold; border: solid 0px transparent;\" align=\"right\" width=\"50%\">Haarfarbe<\/td>\n<td style=\"border: solid 0px transparent;\" align=\"left\" width=\"50%\">rotblond<\/td>\n<\/tr>\n<tr>\n<td style=\"font-weight: bold; border: solid 0px transparent;\" align=\"right\" width=\"50%\">Augenfarbe<\/td>\n<td style=\"border: solid 0px transparent;\" align=\"left\" width=\"50%\">gr\u00fcn<\/td>\n<\/tr>\n<tr>\n<td style=\"font-weight: bold; border: solid 0px transparent;\" align=\"right\" width=\"50%\">Hautfarbe<\/td>\n<td style=\"border: solid 0px transparent;\" align=\"left\" width=\"50%\">wei\u00df<\/td>\n<\/tr>\n<tr>\n<td style=\"font-weight: bold; border: solid 0px #003366; background: #555; box-shadow: 0.1em 0.1em 0.5em rgba(255,255,255,0.75); -webkit-box-shadow: 0.1em 0.1em 0.5em rgba(255,255,255,0.75); border-radius: 1em; -webkit-border-radius: 1em;\" colspan=\"2\" align=\"center\">Politische informationen<\/td>\n<\/tr>\n<tr>\n<td style=\"font-weight: bold; border: solid 0px transparent;\" align=\"right\" width=\"50%\">Buergerschaft<\/td>\n<td style=\"border: solid 0px transparent;\" align=\"left\" width=\"50%\">F\u00f6derationsb\u00fcrger<\/td>\n<\/tr>\n<tr>\n<td style=\"font-weight: bold; border: solid 0px transparent;\" align=\"right\" width=\"50%\"><\/td>\n<td style=\"border: solid 0px transparent;\" align=\"left\" width=\"50%\"><\/td>\n<\/tr>\n<\/tbody>\n<\/table>\n<\/div>\n<h2>Lebenslauf<\/h2>\n<p>Eltern:<br \/>\n&#8211; Vater: Bill Sinclair, Commander USS Sydney, Rasse: Mensch, Status: Verstorben. Starb bei einem Angriff der Romulaner auf die USS Sydney im Jahre 2380.<br \/>\n&#8211; Mutter: Glenda Sinclair, Botanikerin.Rasse: \u00bd Mensch \u00bd Klingonin, Status: Lebt zur Zeit in San Francisco. Sie arbeitet als freie Wissenschaftlerin f\u00fcr die Sternenflotte.<\/p>\n<p>John Sinclair wurde am 10.5.2374 in London geboren.<br \/>\nEr besuchte die normalen Schulen.<br \/>\nNach dem Tod seines Vaters gingen er und seine Mutter nach San Francisco wo seine Mutter eine Stelle bei der Sternenflotte erhalten hatte.<br \/>\nSeit damals als er zum ersten mal die Akademie gesehen hatte wollte er Sternenflottenoffizier werden.<br \/>\nMit 21 Jahren ging entgegen dem Wunsch seiner Mutter zur Sternenflotte.<\/p>\n<p><strong>Dienstlaufbahn<\/strong><\/p>\n<p>2391 Eintritt in die Akademie<br \/>\n2395 Abschku\u00df an der Akademie. Mit Abschlu\u00df in Taktik, Sicherheit undTechnik.<br \/>\n2395 Bef\u00f6rderung zum Ensign. Als TAK\\CSO auf die Agamemnon versetzt.<br \/>\n2396 Aufgabe des TAK\\CSO Posten wegen Tod des Onkels.<br \/>\n2397 Versetzung als 2 Chef der Runaboatabteilung auf der Agamemnon.<br \/>\n2398 Bei einem Unfall auf dem Holodeck wurde Sinclair so schwer verletzt das man nur sein Leben retten konnte in dem man ihm ein Verbotenes Wissen implantierte das sein Leben rettete.<br \/>\nF\u00fcr n\u00e4here Informationen siehe Sonstiges.<br \/>\n2398 Versetzung als TO auf die USB Atlantis<br \/>\n2398 Heirat mit Lt(jg) Marie Thomson auf der USB Atlantis<br \/>\n2398 Bef\u00f6rderung zum 2O\/OPs auf der USB Atlantis<br \/>\n2399 Beurlaubung wegen Todesfall seiner Frau. Trat seinen Dienst nach dem Trauerurlaub nicht mehr an und wurde seitdem nicht mehr gesehen.<br \/>\n2414 Wird nahe Bajor auf einem Pakletransporter aufgegriffen und vorerst unter Arrest gestellt. Nach einer kurzen Befragung und auf seinen Wunsch hin nicht weiter Mitglied der Flotte sein zu wollen wird er ehrenhaft aus der Flotte entlassen und soll auf der USS Hephaistos zur Starbase 97 gebracht werden.<\/p>\n<p>&nbsp;<\/p>\n<hr \/>\n<h2>Psychologisches Profil<\/h2>\n<p>Erweist sich in Stresssituationen als sehr stabil.<br \/>\nHat durch das implantieren des VW (siehe klas. Sektion) keine Sch\u00e4den davongetragen.<\/p>\n<p>&nbsp;<\/p>\n<hr \/>\n<h2>Spezialgebiete<\/h2>\n<ul>\n<li>Taktik: Gut<\/li>\n<li>Technik: Gut<\/li>\n<li>Sicherheit: Gut<\/li>\n<li>Medezin: Durchschnitlich<\/li>\n<li>Counselor: Durchschnitlich<\/li>\n<li>Wissenschaft: Durchschnitlich<\/li>\n<\/ul>\n<p>F\u00e4higkeiten. John Sinclair und VWKommando:Gut<\/p>\n<ul>\n<li>Taktik: Sehr Gut<\/li>\n<li>Technik: Sehr Gut<\/li>\n<li>Sicherheit: Gut bis Sehr Gut<\/li>\n<li>Medezin: Sehr Gut<\/li>\n<li>Counselor: Gut<\/li>\n<li>Wissenschaft: Sehr Gut<\/li>\n<li>Sprachen: Englisch, Deutsch, Franz\u00f6sich, Klingonisch ein wenig Vulkanisch.<\/li>\n<\/ul>\n<p>&nbsp;<\/p>\n<hr \/>\n<h2>Medizinisches Profil<\/h2>\n<p>Krankheiten: Keine<br \/>\nImplantate: Keine.<br \/>\nWenn das VW aktiv wird. Verf\u00fcgt Sinclair nur \u00fcber sehr viel Wissen. Sonst ist nicht bekannt was es sonst noch bewirken kann.<\/p>\n<p>&nbsp;<\/p>\n<hr \/>\n<h2>Klassifzierte Sektion<\/h2>\n<p><em>Sinclair erhielt bei SD 40922.8 ein Verbotens Wissen implantiert das bei SD 40701.5 an Bord genommen wurde.<br \/>\nErkl\u00e4rung Verbotenes Wissen. Auszug aus dem Missionsbericht der USS Agamemnon. SD 40820.<br \/>\n2338 Die fremde Pr\u00e4senz wird als &#8222;ES&#8220; identifiziert. &#8222;ES&#8220; ist eine elektronisch, computertechnische Entit\u00e4t. Diese Entit\u00e4t ist nicht wirklich zu Gef\u00fchlen f\u00e4hig, sondern st\u00fctzt sich auf Theorien und Informationen, die &#8222;ES&#8220;gesammelt hat. Innerhalb dieser Entit\u00e4t &#8222;ES&#8220; befindet sich desweiteren das sogenannte &#8222;Verbotene Wissen&#8220;, da\u00df die Rekonstruktion eines biologischen Gehirns darstellt. Dieses &#8222;Verbotene Wissen&#8220; soll dem &#8222;ES&#8220;Menschlichkeit verleihen, der einzige Effekt ist allerdings die Trennung beider Komponenten, wobei das &#8222;Verbotene Wissen&#8220;, das die Befehle des &#8222;ES&#8220;dringlich befolgen soll, sich als eingeschlossen und gefangen empfindet.<br \/>\n&#8222;ES&#8220; hingegen hat eine unbestimmte Regung, die wohl den Hang zum&#8220;\u00dcberleben&#8220; simuliert, &#8222;ES&#8220; hat Angst. Bei dem Gehirn handelt es sich tats\u00e4chlich um ein lebendes, sich ineiner N\u00e4hrl\u00f6sung befindliches Gehirn. In der Folge der Auseinandersetzung mit Captain Allen und dessen Versprechen, eine weitere Bioform f\u00fcr das&#8220;Verbotene Wissen&#8220; zu suchen, was genauso ein Hund wie ein Klingone sein k\u00f6nnte, transferiert das Gehirn seine Neuraldaten in den Schiffscomputer der U.S.S. Agamemnon. Weiters wird das Gehirn von der N\u00e4hrversorgungabgeschaltet und stirbt.SD 40823.2108<br \/>\nDas &#8222;Verbotene Wissen&#8220; wird von der Crew einen ausgesuchten Wirtbekommen,das erkl\u00e4rt der Captain der Mannschaft. Mittlerweile versucht man die elektronische Entit\u00e4t &#8222;ES&#8220; zu neutralisieren,soda\u00df sie nicht in die Schiffssysteme eingreifen kann oder aus freiem Entschlu\u00df nicht will. Captain Allen verwei\u00df auf geltende F\u00f6derationsgesetze, die Gewalt an intelligenten Wesen nicht zul\u00e4\u00dft, um&#8220;ES&#8220; zur Kooperation zu bewegen. Der Rest ist Verschlu\u00dfsache.<br \/>\n<\/em><\/p>\n<p>&nbsp;<\/p>\n","protected":false},"excerpt":{"rendered":"<p>&nbsp; John Sinclair Status PC Spieler Pegasus Dienstliche Informationen Ranggrafik Rang Lieutenant junior grade Posten TAK Stationierung USS Hephaistos Biographische Informationen Herkunft London, England (Erde) Geburtstag 10.5.2374 Familienstand Witwer Familie -Mutter Glenda Sinclair, Botanikerin -Vater Bill Sinclair (+2380) Religion k.A. Physische Beschreibung Spezies \u00be Mensch \u00bc Klingone Geschlecht m\u00e4nnlich Gr\u00f6\u00dfe 185cm Haarfarbe rotblond Augenfarbe gr\u00fcn&#8230;<\/p>\n<p class=\"more-link-wrap\"><a href=\"https:\/\/www.sf-germany.org\/einheiten\/uss-hephaistos\/die-crew\/charakter-archiv\/john-sinclair\/\" class=\"more-link\">Read More<span class=\"screen-reader-text\"> &ldquo;John Sinclair&rdquo;<\/span> &raquo;<\/a><\/p>\n","protected":false},"author":1,"featured_media":0,"parent":1100,"menu_order":3,"comment_status":"closed","ping_status":"closed","template":"page-templates\/medium.php","meta":{"footnotes":""},"class_list":["post-489","page","type-page","status-publish","hentry"],"_links":{"self":[{"href":"https:\/\/www.sf-germany.org\/einheiten\/uss-hephaistos\/wp-json\/wp\/v2\/pages\/489","targetHints":{"allow":["GET"]}}],"collection":[{"href":"https:\/\/www.sf-germany.org\/einheiten\/uss-hephaistos\/wp-json\/wp\/v2\/pages"}],"about":[{"href":"https:\/\/www.sf-germany.org\/einheiten\/uss-hephaistos\/wp-json\/wp\/v2\/types\/page"}],"author":[{"embeddable":true,"href":"https:\/\/www.sf-germany.org\/einheiten\/uss-hephaistos\/wp-json\/wp\/v2\/users\/1"}],"replies":[{"embeddable":true,"href":"https:\/\/www.sf-germany.org\/einheiten\/uss-hephaistos\/wp-json\/wp\/v2\/comments?post=489"}],"version-history":[{"count":3,"href":"https:\/\/www.sf-germany.org\/einheiten\/uss-hephaistos\/wp-json\/wp\/v2\/pages\/489\/revisions"}],"predecessor-version":[{"id":5602,"href":"https:\/\/www.sf-germany.org\/einheiten\/uss-hephaistos\/wp-json\/wp\/v2\/pages\/489\/revisions\/5602"}],"up":[{"embeddable":true,"href":"https:\/\/www.sf-germany.org\/einheiten\/uss-hephaistos\/wp-json\/wp\/v2\/pages\/1100"}],"wp:attachment":[{"href":"https:\/\/www.sf-germany.org\/einheiten\/uss-hephaistos\/wp-json\/wp\/v2\/media?parent=489"}],"curies":[{"name":"wp","href":"https:\/\/api.w.org\/{rel}","templated":true}]}}