{"id":492,"date":"2017-03-03T20:38:57","date_gmt":"2017-03-03T19:38:57","guid":{"rendered":"http:\/\/www.sf-germany.org\/einheiten\/hephaistos\/?page_id=492"},"modified":"2022-10-07T12:53:14","modified_gmt":"2022-10-07T10:53:14","slug":"iconianisches-tor","status":"publish","type":"page","link":"https:\/\/www.sf-germany.org\/einheiten\/uss-hephaistos\/logbuch\/missionen\/iconianisches-tor\/","title":{"rendered":"Iconianisches Tor"},"content":{"rendered":"<p><a href=\"https:\/\/www.sf-germany.org\/einheiten\/uss-hephaistos\/hephaistos\/wp-content\/uploads\/2016\/01\/hephaistoscprw3.png\" rel=\"attachment wp-att-11\"><img decoding=\"async\" class=\"size-full wp-image-11 aligncenter\" src=\"https:\/\/www.sf-germany.org\/einheiten\/uss-hephaistos\/hephaistos\/wp-content\/uploads\/2016\/01\/hephaistoscprw3.png\" alt=\"hephaistoscprw3\" width=\"150\" srcset=\"https:\/\/www.sf-germany.org\/einheiten\/uss-hephaistos\/wp-content\/uploads\/2016\/01\/hephaistoscprw3.png 388w, https:\/\/www.sf-germany.org\/einheiten\/uss-hephaistos\/wp-content\/uploads\/2016\/01\/hephaistoscprw3-300x254.png 300w\" sizes=\"(max-width: 388px) 100vw, 388px\" \/><\/a><\/p>\n<hr \/>\n<p>&nbsp;<\/p>\n<table border=\"0\" width=\"400\" cellspacing=\"1\" cellpadding=\"1\">\n<tbody>\n<tr>\n<td colspan=\"2\" align=\"left\" valign=\"middle\" nowrap=\"nowrap\" bgcolor=\"#ea4701\"><span style=\"font-size: 16px;\"><strong>MISSIONSDATEN<\/strong><\/span><\/td>\n<\/tr>\n<tr>\n<td align=\"left\" valign=\"middle\" width=\"110\"><strong>CODENAME:<\/strong><\/td>\n<td align=\"left\" valign=\"middle\" width=\"290\">Das Iconianische Tor<\/td>\n<\/tr>\n<tr>\n<td align=\"left\" valign=\"middle\" width=\"110\"><strong>MISSIONSTYP:<\/strong><\/td>\n<td align=\"left\" valign=\"middle\" width=\"290\">SND<\/td>\n<\/tr>\n<tr>\n<td align=\"left\" valign=\"middle\" width=\"110\"><strong>ZEITRAUM:<\/strong><\/td>\n<td align=\"left\" valign=\"middle\" width=\"290\">SD 220301 &#8211; SD 221120<\/td>\n<\/tr>\n<tr>\n<td align=\"left\" valign=\"middle\" width=\"110\"><strong>STATUS:<\/strong><\/td>\n<td align=\"left\" valign=\"middle\" width=\"290\">beendet<\/td>\n<\/tr>\n<tr>\n<td align=\"left\" valign=\"middle\" width=\"110\"><strong>EINHEITEN:<\/strong><\/td>\n<td align=\"left\" valign=\"middle\" width=\"290\">USS Hephaistos<\/td>\n<\/tr>\n<\/tbody>\n<\/table>\n<p><strong><span style=\"font-size: 18px;\"><span style=\"font-family: Arial;\">Missionsverlauf<\/span><\/span><\/strong><\/p>\n<p><strong>Vorgeschichte:<\/strong><br \/>\nNachdem die Hephaistos Spezies 8472 mit Hilfe der neuen Sensorenmodifikationen ausfindig und unsch\u00e4dlich machen konnte ist man nun wieder auf der Suche nach dem Wahren Weg. Die Karte der Romulaner hat einen ersten Anhaltspunkt ergeben und auf dem Weg dorthin wurde die Hephaistos von einem JemHadar J\u00e4ger \u00fcberrascht. Dieser lie\u00df sich gewaltlos per Traktorstrahl bergen. An Bord fand man eine kleine cardassianische Mannschaft die versuchte Selbstmord zu begehen. Einen der Cardassianer konnte man jedoch retten und den J\u00e4ger wieder von der Hephaistos entfernen bevor dieser sich selbst zerst\u00f6rte. Ebenfalls an Bod des J\u00e4gers war Cmdr. Ethan Kendrick der eigentlich mit der USS Last Hope an Bord der Hephaistos h\u00e4tte kommen sollen um als TAK zu dienen.<\/p>\n<p><strong>Aktuelle Ereignisse:<br \/>\n<\/strong>Wie der Cardassianer Gul Maref zu Protokoll gab war er f\u00fcr die Zerst\u00f6rung der USS Last Hope verantwortlich und wollte ebenfalls die Hephaistos zerst\u00f6ren. Gleichzeitig gab er die Koordinaten f\u00fcr die Forschungsstation preis. Da an dem Wahrheitsgehalt der Angaben gezweifelt wird versuchen der CWI Koron Konda, der CING Shruk Al&#8217;katok sowie der OPS K&#8217;eeral herauszufinden wo sich der JemHadar J\u00e4ger des Gul Maref aufgehalten hat.<br \/>\nNachdem man die Station ausfindig gemacht hatte und man festgestellt hat das dort tats\u00e4chlich ein Iconianisches Tor gebaut wurde, beschloss der CO, Shay Ruthven die Station zu infiltrieren. Daf\u00fcr wurde das Hazard Team unter Leitung des CSO, Jori Tania ausgesandt.<br \/>\nUm eine fr\u00fchzeitige Entdeckung zu vermeiden wurde beschlossen mit zwei Teams zu agieren. Team A w\u00fcrde in die H\u00f6hle des L\u00f6wen fliegen und Team B als Backup fungieren.<br \/>\nTeam A bestehend aus dem CSO Jori Tainia und der FLG Mizuko Yamshita flogen in einem cardassianischen Shuttle zur station und gaben sich dort als H\u00e4ndler aus die dem Stationscommandanten eine Nachricht von Gul Maref \u00fcberbringen sollten.<br \/>\nDer Bluff funktionierte leider nur kurzzeitig und beide wurde von den Cardassianern festgesetzt und verh\u00f6rt.<br \/>\nEine unbekannte Person verhalf dem CSO jedoch zur Flucht und durch das Eingreifen von Team B konnte auch die FLG &#8218;gerettet&#8216; werden.<br \/>\nWeit kam das Hazard Team jedoch nicht, den pl\u00f6tzlich aktivierte sich aus unbekannten Gr\u00fcnden &#8211; vermutet wird eine Sabotage &#8211; die Selbstzerst\u00f6rung der Station.<br \/>\nDie Hephaistos hatte sich in der Zwischenzeit in 3 Teile geteilt um f\u00fcr einen evtl. Angriff ger\u00fcstet zu sein. Stattdessen sahen sich gezwungen soviele Rettungskappseln der Station wie m\u00f6glich aufzunehmen die fluchtartig die Station verlassen hatten.<br \/>\nDie Explosion zerst\u00f6rte nicht nur die Station sondern auch das Tor welches jedoch einen Raum\/Zeit Sog erzeugte und alle drei Teile der Hephaistos zu sich zog. Auf Vorschlag des EO Torak gab man den Widerstand gegen den Sog des Tores auf und flog stattdessen absichtlich hinein in der Hoffnung das ganze irgendwie zu \u00fcberleben.<\/p>\n<p>&nbsp;<\/p>\n<p><strong>W\u00e4hrend der Mission ausgesprochene Bef\u00f6rderungen \/ Degradierungen \/ Postenwechsel:<\/strong><\/p>\n<p>Cmdr. Ethan Kendrick wurde der Posten des TAK \u00fcbertragen<\/p>\n<p>&nbsp;<\/p>\n<p>gez.<br \/>\nCmdr. Shay Ruthven, CO USS Hephaistos<\/p>\n<p>&nbsp;<\/p>\n<p><strong><span style=\"color: #ff0000;\">Bitte beachten das Klingonen und F\u00f6deration nicht gut aufeinander zu sprechen sind und wir zwar mit den Cardassianern auf freundschaftlichem Fu\u00df stehen, die Splittergruppe des Wahren Weges will jedoch das &#8218;alte&#8216; Cardassia wieder aufleben lassen. Die Romulaner sind nach der Zerst\u00f6rung von Romulus wieder auf dem Weg zur alten St\u00e4rke zur\u00fcck zu finden, aber die bereitwillige Hilfe durch die F\u00f6deration der vergangenen Jahre haben zu einem eher neutralen bis freundschaftlichen Verh\u00e4ltnis gef\u00fchrt.<\/span><br \/>\n<\/strong><\/p>\n","protected":false},"excerpt":{"rendered":"<p>&nbsp; MISSIONSDATEN CODENAME: Das Iconianische Tor MISSIONSTYP: SND ZEITRAUM: SD 220301 &#8211; SD 221120 STATUS: beendet EINHEITEN: USS Hephaistos Missionsverlauf Vorgeschichte: Nachdem die Hephaistos Spezies 8472 mit Hilfe der neuen Sensorenmodifikationen ausfindig und unsch\u00e4dlich machen konnte ist man nun wieder auf der Suche nach dem Wahren Weg. Die Karte der Romulaner hat einen ersten Anhaltspunkt&#8230;<\/p>\n<p class=\"more-link-wrap\"><a href=\"https:\/\/www.sf-germany.org\/einheiten\/uss-hephaistos\/logbuch\/missionen\/iconianisches-tor\/\" class=\"more-link\">Read More<span class=\"screen-reader-text\"> &ldquo;Iconianisches Tor&rdquo;<\/span> &raquo;<\/a><\/p>\n","protected":false},"author":1,"featured_media":0,"parent":127,"menu_order":26,"comment_status":"closed","ping_status":"closed","template":"page-templates\/medium.php","meta":{"footnotes":""},"class_list":["post-492","page","type-page","status-publish","hentry"],"_links":{"self":[{"href":"https:\/\/www.sf-germany.org\/einheiten\/uss-hephaistos\/wp-json\/wp\/v2\/pages\/492","targetHints":{"allow":["GET"]}}],"collection":[{"href":"https:\/\/www.sf-germany.org\/einheiten\/uss-hephaistos\/wp-json\/wp\/v2\/pages"}],"about":[{"href":"https:\/\/www.sf-germany.org\/einheiten\/uss-hephaistos\/wp-json\/wp\/v2\/types\/page"}],"author":[{"embeddable":true,"href":"https:\/\/www.sf-germany.org\/einheiten\/uss-hephaistos\/wp-json\/wp\/v2\/users\/1"}],"replies":[{"embeddable":true,"href":"https:\/\/www.sf-germany.org\/einheiten\/uss-hephaistos\/wp-json\/wp\/v2\/comments?post=492"}],"version-history":[{"count":6,"href":"https:\/\/www.sf-germany.org\/einheiten\/uss-hephaistos\/wp-json\/wp\/v2\/pages\/492\/revisions"}],"predecessor-version":[{"id":5584,"href":"https:\/\/www.sf-germany.org\/einheiten\/uss-hephaistos\/wp-json\/wp\/v2\/pages\/492\/revisions\/5584"}],"up":[{"embeddable":true,"href":"https:\/\/www.sf-germany.org\/einheiten\/uss-hephaistos\/wp-json\/wp\/v2\/pages\/127"}],"wp:attachment":[{"href":"https:\/\/www.sf-germany.org\/einheiten\/uss-hephaistos\/wp-json\/wp\/v2\/media?parent=492"}],"curies":[{"name":"wp","href":"https:\/\/api.w.org\/{rel}","templated":true}]}}