{"id":5452,"date":"2019-12-05T18:53:31","date_gmt":"2019-12-05T17:53:31","guid":{"rendered":"http:\/\/www.sf-germany.org\/einheiten\/hephaistos\/?page_id=5452"},"modified":"2022-10-07T12:53:13","modified_gmt":"2022-10-07T10:53:13","slug":"charley-crane","status":"publish","type":"page","link":"https:\/\/www.sf-germany.org\/einheiten\/uss-hephaistos\/die-crew\/charakter-archiv\/charley-crane\/","title":{"rendered":"Charley Crane"},"content":{"rendered":"<div style=\"float: right; margin-left: 15px; margin-bottom: 15px; font-size: 11px; width: 350px; padding-left: 10px; padding-right: 10px;\">\n<table style=\"border: 0px solid #003366; background: transparent; box-shadow: rgba(255, 255, 255, 0.75) 0.1em 0.1em 0.5em; border-radius: 1em; width: 100%;\" border=\"3\" cellspacing=\"10\" align=\"right\">\n<tbody>\n<tr>\n<td style=\"font-weight: bold; border: 0px solid transparent; width: 100%;\" colspan=\"2\" align=\"center\"><\/td>\n<\/tr>\n<tr>\n<td style=\"background: transparent; border: 0px solid transparent; width: 100%;\" colspan=\"2\" align=\"center\"><a href=\"https:\/\/www.sf-germany.org\/einheiten\/uss-hephaistos\/wp-content\/uploads\/Charley_portrait_final.jpg\"><img decoding=\"async\" class=\"aligncenter wp-image-5462\" src=\"https:\/\/www.sf-germany.org\/einheiten\/uss-hephaistos\/wp-content\/uploads\/Charley_portrait_final-150x150.jpg\" alt=\"\" width=\"150\" srcset=\"https:\/\/www.sf-germany.org\/einheiten\/uss-hephaistos\/wp-content\/uploads\/Charley_portrait_final-150x150.jpg 150w, https:\/\/www.sf-germany.org\/einheiten\/uss-hephaistos\/wp-content\/uploads\/Charley_portrait_final-300x300.jpg 300w, https:\/\/www.sf-germany.org\/einheiten\/uss-hephaistos\/wp-content\/uploads\/Charley_portrait_final.jpg 658w\" sizes=\"(max-width: 150px) 100vw, 150px\" \/><\/a><\/td>\n<\/tr>\n<tr>\n<td style=\"font-weight: bold; border: 0px solid transparent; width: 100%;\" colspan=\"2\" align=\"center\"><b>Charaktername<\/b><\/td>\n<\/tr>\n<tr>\n<td style=\"font-weight: bold; border: 0px solid transparent; width: 50%;\" align=\"right\" width=\"50%\">Status<\/td>\n<td style=\"border: 0px solid transparent; width: 50%;\" align=\"left\" width=\"50%\">PC<\/td>\n<\/tr>\n<tr>\n<td style=\"font-weight: bold; border: 0px solid transparent; width: 50%;\" align=\"right\" width=\"50%\">Spieler<\/td>\n<td style=\"border: 0px solid transparent; width: 50%;\" align=\"left\" width=\"50%\">Mo B.<\/td>\n<\/tr>\n<tr>\n<td style=\"font-weight: bold; border: 0px solid #003366; background: #555555; box-shadow: rgba(255, 255, 255, 0.75) 0.1em 0.1em 0.5em; border-radius: 1em; width: 100%;\" colspan=\"2\" align=\"center\">Dienstliche Informationen<\/td>\n<\/tr>\n<tr>\n<td style=\"font-weight: bold; border: 0px solid transparent; width: 50%;\" align=\"right\" width=\"50%\">Ranggrafik<\/td>\n<td style=\"border: 0px solid transparent; width: 50%;\" align=\"left\" width=\"50%\"><img loading=\"lazy\" decoding=\"async\" class=\"alignnone\" src=\"https:\/\/www.sf-germany.com\/images\/schemata\/sto\/schwarz\/lt.png\" alt=\"\" width=\"100\" height=\"25\" \/><\/td>\n<\/tr>\n<tr>\n<td style=\"font-weight: bold; border: 0px solid transparent; width: 50%;\" align=\"right\" width=\"50%\">Rang<\/td>\n<td style=\"border: 0px solid transparent; width: 50%;\" align=\"left\" width=\"50%\">Lieutenant<\/td>\n<\/tr>\n<tr>\n<td style=\"font-weight: bold; border: 0px solid transparent; width: 50%;\" align=\"right\" width=\"50%\">Posten<\/td>\n<td style=\"border: 0px solid transparent; width: 50%;\" align=\"left\" width=\"50%\">HAZ-OP<\/td>\n<\/tr>\n<tr>\n<td style=\"font-weight: bold; border: 0px solid transparent; width: 50%;\" align=\"right\" width=\"50%\">Stationierung<\/td>\n<td style=\"border: 0px solid transparent; width: 50%;\" align=\"left\" width=\"50%\">USS Hephaistos<\/td>\n<\/tr>\n<tr>\n<td style=\"font-weight: bold; border: 0px solid #003366; background: #555555; box-shadow: rgba(255, 255, 255, 0.75) 0.1em 0.1em 0.5em; border-radius: 1em; width: 100%;\" colspan=\"2\" align=\"center\">Physische Beschreibung<\/td>\n<\/tr>\n<tr>\n<td style=\"font-weight: bold; border: 0px solid transparent; width: 50%;\" align=\"right\" width=\"50%\">Spezies<\/td>\n<td style=\"border: 0px solid transparent; width: 50%;\" align=\"left\" width=\"50%\">Mensch<\/td>\n<\/tr>\n<tr>\n<td style=\"font-weight: bold; border: 0px solid transparent; width: 50%;\" align=\"right\" width=\"50%\">Geschlecht<\/td>\n<td style=\"border: 0px solid transparent; width: 50%;\" align=\"left\" width=\"50%\">m\u00e4nnlich<\/td>\n<\/tr>\n<tr>\n<td style=\"font-weight: bold; border: 0px solid transparent; width: 50%;\" align=\"right\" width=\"50%\">Gr\u00f6\u00dfe<\/td>\n<td style=\"border: 0px solid transparent; width: 50%;\" align=\"left\" width=\"50%\">186cm<\/td>\n<\/tr>\n<tr>\n<td style=\"font-weight: bold; border: 0px solid transparent; width: 50%;\" align=\"right\" width=\"50%\">Gewicht<\/td>\n<td style=\"border: 0px solid transparent; width: 50%;\" align=\"left\" width=\"50%\">84kg<\/td>\n<\/tr>\n<tr>\n<td style=\"font-weight: bold; border: 0px solid transparent; width: 50%;\" align=\"right\" width=\"50%\">Hautfarbe<\/td>\n<td style=\"border: 0px solid transparent; width: 50%;\" align=\"left\" width=\"50%\">hell<\/td>\n<\/tr>\n<tr>\n<td style=\"font-weight: bold; border: 0px solid transparent; width: 50%;\" align=\"right\" width=\"50%\">Haarfarbe<\/td>\n<td style=\"border: 0px solid transparent; width: 50%;\" align=\"left\" width=\"50%\">braun<\/td>\n<\/tr>\n<tr>\n<td style=\"font-weight: bold; border: 0px solid transparent; width: 50%;\" align=\"right\" width=\"50%\">Augenfarbe<\/td>\n<td style=\"border: 0px solid transparent; width: 50%;\" align=\"left\" width=\"50%\">gr\u00fcn<\/td>\n<\/tr>\n<tr>\n<td style=\"font-weight: bold; border: 0px solid transparent; width: 50%;\" align=\"right\" width=\"50%\">Besonderheiten<\/td>\n<td style=\"border: 0px solid transparent; width: 50%;\" align=\"left\" width=\"50%\">Charley tr\u00e4gt im rechten Auge ein Okularimplantat.<br \/>\nDer Bereich der Iris ist durch das Implantat hellblau,<br \/>\nw\u00e4hrend die Pupille aussieht<br \/>\nwie ein langer schwarzer Strich<br \/>\n(Infos siehe Krankenakte).<\/td>\n<\/tr>\n<tr>\n<td style=\"font-weight: bold; border: 0px solid #003366; background: #555555; box-shadow: rgba(255, 255, 255, 0.75) 0.1em 0.1em 0.5em; border-radius: 1em; width: 100%;\" colspan=\"2\" align=\"center\">Biographische Informationen<\/td>\n<\/tr>\n<tr>\n<td style=\"font-weight: bold; border: 0px solid transparent; width: 50%;\" align=\"right\" width=\"50%\">Geburtsort<\/td>\n<td style=\"border: 0px solid transparent; width: 50%;\" align=\"left\" width=\"50%\">Erde, Amerika, LA<\/td>\n<\/tr>\n<tr>\n<td style=\"font-weight: bold; border: 0px solid transparent; width: 50%;\" align=\"right\" width=\"50%\">Geburtstag<\/td>\n<td style=\"border: 0px solid transparent; width: 50%;\" align=\"left\" width=\"50%\">14.01.2380<\/td>\n<\/tr>\n<tr>\n<td style=\"font-weight: bold; border: 0px solid transparent; width: 50%;\" align=\"right\" width=\"50%\">Familienstand<\/td>\n<td style=\"border: 0px solid transparent; width: 50%;\" align=\"left\" width=\"50%\">ledig<\/td>\n<\/tr>\n<tr>\n<td style=\"font-weight: bold; border: 0px solid transparent; width: 50%;\" align=\"right\" width=\"50%\">Familie<\/td>\n<td style=\"border: 0px solid transparent; width: 50%;\" align=\"left\" width=\"50%\">Eltern: Nathan Crane<br \/>\nAllison Crane-Whitesmith<br \/>\nBruder: William Sebastian<br \/>\nCrane (drei Jahre j\u00fcnger)<\/td>\n<\/tr>\n<tr>\n<td style=\"font-weight: bold; border: 0px solid transparent; width: 50%;\" align=\"right\" width=\"50%\">Religion<\/td>\n<td style=\"border: 0px solid transparent; width: 50%;\" align=\"left\" width=\"50%\">&#8211;<\/td>\n<\/tr>\n<tr>\n<td style=\"font-weight: bold; border: 0px solid #003366; background: #555555; box-shadow: rgba(255, 255, 255, 0.75) 0.1em 0.1em 0.5em; border-radius: 1em; width: 100%;\" colspan=\"2\" align=\"center\">Politische informationen<\/td>\n<\/tr>\n<tr>\n<td style=\"font-weight: bold; border: 0px solid transparent; width: 50%;\" align=\"right\" width=\"50%\">Buergerschaft<\/td>\n<td style=\"border: 0px solid transparent; width: 50%;\" align=\"left\" width=\"50%\">F\u00f6derationsb\u00fcrger<\/td>\n<\/tr>\n<\/tbody>\n<\/table>\n<\/div>\n<h2>Lebenslauf<\/h2>\n<p>Charley Crane kam als erster Sohn eines \u00c4rtzeehepaares in einem gro\u00dfen, hektischen Krankenhaus in Los Angeles zur Welt. Im Alter von drei Jahren wanderten seine Eltern mit dem jungen Charley nach S\u00fcdengland aus, um mehr Zeit f\u00fcr die Familie zu haben. Hier im beschaulichen High Wycombe kam ein Jahr sp\u00e4ter Charleys Bruder William zur Welt. Charley verbindet seit seiner Jugend ein dickes Band mit seinem Bruder, trotz des Altersunterschiedes.<\/p>\n<p>W\u00e4hrend der ganzen Highschool Zeit interessierte er sich immer mehr f\u00fcr die Sternenflotte. Schuld daran war der Umstand, dass er und sein Bruder durch das hohe Arbeitspensum der Eltern viel Zeit vor den Bildschirmen zuhause verbrachten. Einige kindgerechte Superheldenstorys \u00fcber die Helden der Sternenflotte taten ihr \u00dcbriges. Die Eltern versuchten diesen Gedanken entgegen zu wirken da sie hofften, ihr Sohn w\u00fcrde ihnen beruflich nacheifern oder wenigstens etwas gleichwertiges erreichen wollen.<\/p>\n<p>Nachdem er das College abschloss, begann Charley mit 18 Jahren ein Jurastudium im International Law Institute in London. Kurz vor Ende des zweiten Semesters stellte sich heraus, dass Charley dem Leistungsdruck nicht gewachsen war. Er litt unter Depressionen und Minderwertigkeitskomplexen. Auch die Beziehung zu seinen Eltern litt in dieser Zeit. Sein Bruder William riet ihm, die Universit\u00e4t zu verlassen da seine Leistungen ins Bodenlose gefallen waren.<\/p>\n<p>Charley verlies das Institute und nahm sehr schlecht bezahlte Jobs an, um sich \u00fcber Wasser zu halten. Auf seine Eltern wollte er nicht zur\u00fcckgreifen. Auch in dieser Phase seines Lebens, spielte sein Bruder erneut eine wichtige Rolle. In langen Gespr\u00e4chen diskutierte er mit ihm \u00fcber seine Zukunft. Sollte er das Studienfach wechseln? Aber was wollte er werden? Bei einem dieser Gespr\u00e4che kam William wie durch Zufall erneut auf die Sternenflotte. Charley begann diese Option ernsthafter in Betracht zu ziehen. Aber w\u00fcrde er es wirklich schaffen seinen Teenagertraum zu leben?<\/p>\n<p>Nach l\u00e4ngerem hin und her entschied er sich, den Kadetteneignungstest zu machen, bei dem er mit sehr guten Ergebnissen abschloss. Er war \u00fcbergl\u00fccklich. Er fand schnell Anschluss und lebte richtig auf. Seine Leistung bewegten sich kontinuierlich im vorderen Drittel. Besonders die F\u00e4cher wie das Phasertraining, Raumkampf, taktische Analyse und Bewaffneter Nahkampf waren seine Highlights.<\/p>\n<p>Seine Abschlusspr\u00fcfung im vierten Jahr schloss er mit \u201eSehr gut\u201c ab. Zeitgleich mit den Pr\u00fcfungsergebnissen flatterte auch seine Versetzung auf den Tisch. F\u00fcr ihn ging es als CSO auf die USS Aquin. Leider hatte Charley nicht sonderlich viel Gl\u00fcck auf dem Schiff. Bereits in der ersten Mission an Bord musste sich das Schiff gegen einen Borgkubus zur Wehr setzen. Dieser Kampf verlangte der Crew alles ab. Als Lt. (jg. ) verlies er das Schiff, um auf einem anderen Posten zu Atem zu kommen. Der Einstieg war heftig gewesen. R\u00fcckwirkend ist sich Charley sicher, dass ihn dieses erste Jahr zu dem machte, der er heute ist.<\/p>\n<p>Die USS Montgomery, ein Schiff der kleinen Independence Klasse, sollte f\u00fcr die n\u00e4chsten zwei Jahre sein Zuhause sein. Auch die Einheit f\u00fchrte Charley gradewegs ins n\u00e4chste Kriegsgebiet. Auf dem H\u00f6hepunkt des Krieges gegen die Romulaner wurde die USS Montgomery an der Front gravierend besch\u00e4digt und Charley wurde bei den Angriffen schwer verletzt. Der Doktor verordnete Ruhe f\u00fcr den jungen Mann. Der CO verlieh Charley die Tapferkeitsmedaille und lies ihn auf den Monden von Iloria ausspannen. Aber die erw\u00fcnschte Ruhe blieb aus. Schlaflos warf sich der junge CSO von der einen Seite des Bettes auf die Andere. Die Umst\u00e4nde seiner ersten Berufsjahre hatten ihm zugesetzt. Das&#8220;Funktionieren&#8220; war ihm so in Fleisch und Blut \u00fcbergegangen, dass er gro\u00dfe Schwierigkeiten hatte, mental abzuschalten. Die langj\u00e4hrige Beziehung zu einer Mitkadettin Adze zerbrach daran ebenfalls.<\/p>\n<p>Unsicher wie es weitergehen sollte entschied sich Charley dazu der Sternenflotte erstmal den R\u00fccken zu kehren. Obwohl Charley ganz und gar nicht den Typ des heroischen K\u00e4mpfers widerspiegelte, lie\u00df er sich auf mehrmaliges Bitten des Generals Pekkala doch auf eine Versetzung in die Reihen der Starfleet Marine Corps ein. Hier f\u00fchlte er sich nach seinen Erlebnissen von Gleichgesinnten umgeben.<\/p>\n<p>Als 1st Lieutenant wurde er auf die USB Atlantis geschickt um den freien CMA Posten zu \u00fcbernehmen. Gro\u00dfe Einheiten hatten ihn schon immer fasziniert und die Atlantis war eine Legende innerhalb der Sternenflotte. Die Arbeit ging ihm leicht von der Hand, bis eine seiner Operationen schief ging. So geriet er mit seiner kleinen Aufkl\u00e4rungseinheit mitten in einen Kommandoangriff der Romulaner hinein und wie durch ein Wunder schaffte er es, seine Einheit durch das Sperrfeuer zu dirigieren. Es kam zu einer Auseinandersetzung mit FltCapt. Sheldran, dem Kommandanten der Atlantis. Der Andorianer riskierte in Charleys Augen v\u00f6llig unn\u00f6tig Leben, nur um seinen Standpunkt vor dem Admiralsrat zu untermauern. Charley verlie\u00df die Atlantis, da er mit dieser Politik nichts zutun haben wollte.<\/p>\n<p>Die darauf folgenden Eins\u00e4tze brachten Charley von einem Kriegsgebiet ins N\u00e4chste. Mittlerweile als Marine Captain war er st\u00e4ndig fremden M\u00e4chten, menschenfeindlicher Natur und extremer Gewalt ausgesetzt. Bei einem Scharm\u00fctzel wurde Charleys rechten Auge schwer verletzt. Er muss fortan ein Okularimplantat tragen. Ein internes Empfehlungsschreiben des behandelnden Arztes hatte Erfolg. Frisch mit dem Marine Corps Medal und dem Crimson Angel (Gold Class) ausgezeichnet, lie\u00df Charley die Front hinter sich und begann nun im Auftrag der Generalit\u00e4t Marines auszubilden. W\u00e4hrend er in dieser Arbeit sehr erfolgreich war, schlug der beigeordnete CNS Alarm. Charley zeigte die Symptome einer verdr\u00e4ngten Posttraumatischen Belastungsst\u00f6rung. Dieser wollte davon nichts wissen und widersetzte sich einer weiterf\u00fchrenden Behandlung.<\/p>\n<hr \/>\n<h2>Auszeichnungen \/ Orden<\/h2>\n<p style=\"text-align: center;\"><a href=\"https:\/\/www.sf-germany.org\/einheiten\/uss-hephaistos\/wp-content\/uploads\/escaped_prisoner_of_war.png\"><img loading=\"lazy\" decoding=\"async\" class=\"aligncenter size-full wp-image-6087\" src=\"https:\/\/www.sf-germany.org\/einheiten\/uss-hephaistos\/wp-content\/uploads\/escaped_prisoner_of_war.png\" alt=\"\" width=\"109\" height=\"35\" \/><\/a><span style=\"font-size: 10pt;\"><em>(Escaped Prisoner of War Spange)<\/em><\/span><\/p>\n<p>&nbsp;<\/p>\n<hr \/>\n<h2>Psychologisches Profil<\/h2>\n<p>Die letzten Jahre waren eine enorme Belastung f\u00fcr Charley. Das Leben an der Front fordert leider viele Leben. Immer wieder musste Charley zusehen, wie Freunde und Kameraden auf den Schlachtfeldern des Universums zur\u00fcck blieben. Diese Erlebnisse verhindern bis heute regelm\u00e4\u00dfig Charleys Schlaf, weshalb er sich angew\u00f6hnt hat, zum Einschlafen Alkohol zu sich zu nehmen. In seiner Ausbilderzeit fiel ihm das Einschlafen leichter. Es bleibt abzuwarten wie sich dieses Problem auf der Hephaistos entwickelt.<\/p>\n<p>Grunds\u00e4tzlich ist es Charley egal, was andere von ihm denken. Allerdings kann er es nicht leiden wenn ein Mitglied seines Teams beleidigt oder nicht ernst genommen wird. Diese Sachen nimmt er pers\u00f6nlich. Gemeinsam Erlebtes schwei\u00dft eben zusammen. Aus diesem Grund beschr\u00e4nkt sich Charley&#8217;s soziales Leben auf seine Crew. F\u00fcr Au\u00dfenstehende ist es deshalb sehr schwer, Zugang zu seinem \u201eInnenleben\u201c zu bekommen. Seine h\u00e4ufigste Reaktion innerhalb eines Gespr\u00e4chs sind ein paar sehr zynisch\/ ironische Bemerkungen.<\/p>\n<p>Da Marines oft eine gewisse &#8222;Einf\u00e4ltigkeit&#8220; vorgeworfen wird, hat Charleys Team begonnen sich als Antwort Spitznamen von ber\u00fchmten Intellektuellen, K\u00fcnstlern und besonderen Pers\u00f6nlichkeiten der Menschheitsgeschichte zu geben. Charleys Spitzname im Team lautet &#8222;Gandhi&#8220;. Wenn Au\u00dfenstehende diesen Spitznamen benutzen, reagiert Charley ablehnend bis ver\u00e4rgert.<\/p>\n<p>Im Laufe der Jahre hat sich bei ihm eine starke Platzangst entwickelt. Diese Schw\u00e4che entfaltete sich w\u00e4hrend der Kriegsjahre zu einer regelrechten Paranoia. Enge Stellen wie beispielsweise Jeffreysr\u00f6hren sind dadurch leider zu einem echten Problem geworden.<\/p>\n<p>Charley hat \u00c4rzten gegen\u00fcber Vorurteile. Er h\u00e4lt sie oft f\u00fcr Aufschneider, Angeber und Waschlappen. Dies Tatsache scheint mit seinem Elternbild zusammenzuh\u00e4ngen.<\/p>\n<p>Lt. Crane`s Auftreten wei\u00dft auf einige typische Verhaltensmuster langj\u00e4hriger Kriegsveteranen hin. Er nimmt oft nur Mitglieder seines Teams ernst.<\/p>\n<p>Trotz seiner Krankenakte und der bisherigen psychologischen Beurteilung komme ich zu dem Schluss, dass Charley kommandotauglich ist, auch wenn ich den zust\u00e4ndigen psychologischen Betreuern eine regelm\u00e4\u00dfige Bewertung ans Herz lege.<\/p>\n<p><em>&lt;Igoba Ende&gt;<\/em><\/p>\n<hr \/>\n<h2>Spezialgebiete<\/h2>\n<p>Charley ist seit dem zarten Alter von 10 Jahren Kampfsportler und mittlerweile Tr\u00e4ger des 2. Dan in Aikido.<\/p>\n<p>Die Kriegsjahre haben aus dem jungen Kadetten einen guten Sch\u00fctzen gemacht. Au\u00dferdem hat er sich angew\u00f6hnt, im Dienst schwarze Lederhandschuhe zu tragen.<\/p>\n<p>Das Koordinieren und Befehlen einer ihm unterstellten Einheit, hat Charley auf die harte Tour lernen m\u00fcssen. Unter massivem Feindbeschuss, auf sich alleine gestellt, ohne Schlaf oder Pausen, entwickelt man irgendwann seine ganz pers\u00f6nliche \u00dcberlebensstrategie. Die Erfahrung macht ihn zu einem guten Kommandeur. Er fordert stets absolute Treue ein, opfert aber zu jedem Zeitpunkt alles was n\u00f6tig ist, um seine Jungs heil nach Hause zu bekommen.<\/p>\n<p>Technik \u00fcberfordert Charley schnell, au\u00dfer sie hat mit Waffen und R\u00fcstungen zutun. Noch schlimmer ist allerdings, wenn ihm jemand versucht die Technik zu erkl\u00e4ren!<\/p>\n<p>Charleys Eltern bestanden in seiner Schulzeit darauf, dass ihr Sohn ein Instrument erlernt. Widerwillig lernte der Junge erst Geige, wechselte dann sp\u00e4ter zu Cello. Erst w\u00e4hrend seines Jura Studiums entfaltete sich Charleys Interesse f\u00fcr diese Art von Musik. Er wechselte erneut das Instrument und spielt bis heute, in den wenigen Momenten v\u00f6lliger Entspanntheit, Kontrabass. Die Liebe zu diesem Instrument wirkt sich nat\u00fcrlich auch auf seinen Musikgeschmack aus.<\/p>\n<p>&nbsp;<\/p>\n<hr \/>\n<h2>Hobbies<\/h2>\n<ul>\n<li>k. A.<\/li>\n<\/ul>\n<hr \/>\n<h2>Medizinisches Profil<\/h2>\n<p>Charley hat alle Kinderkrankheiten und auch die meisten ansteckenden typischen Erkrankungen der Erde hinter sich.<\/p>\n<p>Bei einem seiner letzten Eins\u00e4tze an der direkten Front, wurde Charleys rechtes Auge von einem herumfliegenden Schrapnell getroffen. Der zust\u00e4ndige Stabarzt Cmdr. Tolu konnte die Erblindung erfolgreich verhindern, allerdings tr\u00e4gt Charley seit dem Vorfall ein Okularimplantat. Das Implantat ist hellblau, w\u00e4hrend der Bereich der Iris ein einziger schwarzer Strich ist. Das Implantat erm\u00f6glich Charley auch bei sehr geringem Licht seine Umgebung genau wahrzunehmen (Nachtsicht Modus).<\/p>\n<p>Leider muss ich feststellen, dass Lt. Crane trotz mehrfacher Ermahnung einen sehr alkohollastigen Lebensstil pflegt. Er erf\u00fcllt seine Dienst zu vollster Zufriedenheit. Trotzdem prognostiziere ich eine dauerhafte Sch\u00e4digung seiner Leber, sollte er seinen Konsum nicht erheblich einschr\u00e4nken.<\/p>\n<p>Sein Okularimplantat hingegen ist gut vom K\u00f6rper angenommen worden und bereitet ihm keine weiteren Probleme. Ich empfehle das Implantat halbj\u00e4hrig zu warten, um etwaigen technischen Problemen vorzub\u00e4ugen.<\/p>\n<p><em>&lt;Tolu Ende&gt;<\/em><\/p>\n<hr \/>\n<h2>Klassifzierte Sektion<\/h2>\n<p>Keine Eintr\u00e4ge<\/p>\n","protected":false},"excerpt":{"rendered":"<p>Charaktername Status PC Spieler Mo B. Dienstliche Informationen Ranggrafik Rang Lieutenant Posten HAZ-OP Stationierung USS Hephaistos Physische Beschreibung Spezies Mensch Geschlecht m\u00e4nnlich Gr\u00f6\u00dfe 186cm Gewicht 84kg Hautfarbe hell Haarfarbe braun Augenfarbe gr\u00fcn Besonderheiten Charley tr\u00e4gt im rechten Auge ein Okularimplantat. Der Bereich der Iris ist durch das Implantat hellblau, w\u00e4hrend die Pupille aussieht wie ein&#8230;<\/p>\n<p class=\"more-link-wrap\"><a href=\"https:\/\/www.sf-germany.org\/einheiten\/uss-hephaistos\/die-crew\/charakter-archiv\/charley-crane\/\" class=\"more-link\">Read More<span class=\"screen-reader-text\"> &ldquo;Charley Crane&rdquo;<\/span> &raquo;<\/a><\/p>\n","protected":false},"author":1,"featured_media":0,"parent":1100,"menu_order":4,"comment_status":"closed","ping_status":"closed","template":"page-templates\/medium.php","meta":{"footnotes":""},"class_list":["post-5452","page","type-page","status-publish","hentry"],"_links":{"self":[{"href":"https:\/\/www.sf-germany.org\/einheiten\/uss-hephaistos\/wp-json\/wp\/v2\/pages\/5452","targetHints":{"allow":["GET"]}}],"collection":[{"href":"https:\/\/www.sf-germany.org\/einheiten\/uss-hephaistos\/wp-json\/wp\/v2\/pages"}],"about":[{"href":"https:\/\/www.sf-germany.org\/einheiten\/uss-hephaistos\/wp-json\/wp\/v2\/types\/page"}],"author":[{"embeddable":true,"href":"https:\/\/www.sf-germany.org\/einheiten\/uss-hephaistos\/wp-json\/wp\/v2\/users\/1"}],"replies":[{"embeddable":true,"href":"https:\/\/www.sf-germany.org\/einheiten\/uss-hephaistos\/wp-json\/wp\/v2\/comments?post=5452"}],"version-history":[{"count":6,"href":"https:\/\/www.sf-germany.org\/einheiten\/uss-hephaistos\/wp-json\/wp\/v2\/pages\/5452\/revisions"}],"predecessor-version":[{"id":6108,"href":"https:\/\/www.sf-germany.org\/einheiten\/uss-hephaistos\/wp-json\/wp\/v2\/pages\/5452\/revisions\/6108"}],"up":[{"embeddable":true,"href":"https:\/\/www.sf-germany.org\/einheiten\/uss-hephaistos\/wp-json\/wp\/v2\/pages\/1100"}],"wp:attachment":[{"href":"https:\/\/www.sf-germany.org\/einheiten\/uss-hephaistos\/wp-json\/wp\/v2\/media?parent=5452"}],"curies":[{"name":"wp","href":"https:\/\/api.w.org\/{rel}","templated":true}]}}