{"id":546,"date":"2018-03-27T21:20:02","date_gmt":"2018-03-27T19:20:02","guid":{"rendered":"http:\/\/www.sf-germany.org\/einheiten\/hephaistos\/?page_id=546"},"modified":"2022-10-07T12:53:13","modified_gmt":"2022-10-07T10:53:13","slug":"andih-skubalon","status":"publish","type":"page","link":"https:\/\/www.sf-germany.org\/einheiten\/uss-hephaistos\/die-crew\/charakter-archiv\/andih-skubalon\/","title":{"rendered":"An&#8217;dih Skubalon"},"content":{"rendered":"<p>&nbsp;<\/p>\n<div style=\"float: right; margin-left: 15px; margin-bottom: 15px; font-size: 11px;\">\n<table style=\"border: solid 0px #003366; background: transparent; box-shadow: 0.1em 0.1em 0.5em rgba(255,255,255,0.75); -moz-box-shadow: 0.1em 0.1em 0.5em rgba(255,255,255,0.75); -webkit-box-shadow: 0.1em 0.1em 0.5em rgba(255,255,255,0.75); border-radius: 1em; -moz-border-radius: 1em; -webkit-border-radius: 1em;\" border=\"3\" cellspacing=\"10\" align=\"right\">\n<tbody>\n<tr>\n<td style=\"font-weight: bold; border: solid 0px transparent;\" colspan=\"2\" align=\"center\"><\/td>\n<\/tr>\n<tr>\n<td style=\"background: transparent; border: solid 0px transparent;\" colspan=\"2\" align=\"center\"><a href=\"https:\/\/www.sf-germany.org\/einheiten\/uss-hephaistos\/wp-content\/uploads\/Emily.png\"><img loading=\"lazy\" decoding=\"async\" class=\"aligncenter wp-image-477 size-thumbnail\" src=\"https:\/\/www.sf-germany.org\/einheiten\/uss-hephaistos\/wp-content\/uploads\/2016\/01\/CharBild.png\" alt=\"\" width=\"150\" height=\"150\" \/><\/a><\/td>\n<\/tr>\n<tr>\n<td style=\"font-weight: bold; border: solid 0px transparent;\" colspan=\"2\" align=\"center\"><b>Dr. An&#8217;dih Skubalon<\/b><\/td>\n<\/tr>\n<tr>\n<td style=\"font-weight: bold; border: solid 0px transparent;\" align=\"right\" width=\"50%\">Status<\/td>\n<td style=\"border: solid 0px transparent;\" align=\"left\" width=\"50%\">PC<\/td>\n<\/tr>\n<tr>\n<td style=\"font-weight: bold; border: solid 0px transparent;\" align=\"right\" width=\"50%\">Spieler<\/td>\n<td style=\"border: solid 0px transparent;\" align=\"left\" width=\"50%\">Andreas R.<\/td>\n<\/tr>\n<tr>\n<td style=\"font-weight: bold; border: solid 0px #003366; background: #555; box-shadow: 0.1em 0.1em 0.5em rgba(255,255,255,0.75); -webkit-box-shadow: 0.1em 0.1em 0.5em rgba(255,255,255,0.75); border-radius: 1em; -webkit-border-radius: 1em;\" colspan=\"2\" align=\"center\">Dienstliche Informationen<\/td>\n<\/tr>\n<tr>\n<td style=\"font-weight: bold; border: solid 0px transparent;\" align=\"right\" width=\"50%\">Ranggrafik<\/td>\n<td style=\"border: solid 0px transparent;\" align=\"left\" width=\"50%\"><img decoding=\"async\" class=\"alignnone\" src=\"https:\/\/www.sf-germany.com\/images\/schemata\/sto\/blau\/ens.png\" alt=\"\" width=\"100\" \/><\/td>\n<\/tr>\n<tr>\n<td style=\"font-weight: bold; border: solid 0px transparent;\" align=\"right\" width=\"50%\">Rang<\/td>\n<td style=\"border: solid 0px transparent;\" align=\"left\" width=\"50%\">Ensign<\/td>\n<\/tr>\n<tr>\n<td style=\"font-weight: bold; border: solid 0px transparent;\" align=\"right\" width=\"50%\">Posten<\/td>\n<td style=\"border: solid 0px transparent;\" align=\"left\" width=\"50%\">CM<\/td>\n<\/tr>\n<tr>\n<td style=\"font-weight: bold; border: solid 0px transparent;\" align=\"right\" width=\"50%\">Stationierung<\/td>\n<td style=\"border: solid 0px transparent;\" align=\"left\" width=\"50%\">USS Hephaistos<\/td>\n<\/tr>\n<tr>\n<td style=\"font-weight: bold; border: solid 0px #003366; background: #555; box-shadow: 0.1em 0.1em 0.5em rgba(255,255,255,0.75); -webkit-box-shadow: 0.1em 0.1em 0.5em rgba(255,255,255,0.75); border-radius: 1em; -webkit-border-radius: 1em;\" colspan=\"2\" align=\"center\">Biographische Informationen<\/td>\n<\/tr>\n<tr>\n<td style=\"font-weight: bold; border: solid 0px transparent;\" align=\"right\" width=\"50%\">Geburtstag<\/td>\n<td style=\"border: solid 0px transparent;\" align=\"left\" width=\"50%\">26.04.2387<\/td>\n<\/tr>\n<tr>\n<td style=\"font-weight: bold; border: solid 0px transparent;\" align=\"right\" width=\"50%\">Geburtsort<\/td>\n<td style=\"border: solid 0px transparent;\" align=\"left\" width=\"50%\">Neu-Berlin \/<br \/>\nMond, Erde<\/td>\n<\/tr>\n<tr>\n<td style=\"font-weight: bold; border: solid 0px transparent;\" align=\"right\" width=\"50%\">Familienstand<\/td>\n<td style=\"border: solid 0px transparent;\" align=\"left\" width=\"50%\">ledig<\/td>\n<\/tr>\n<tr>\n<td style=\"font-weight: bold; border: 0px solid transparent;\" align=\"right\" valign=\"top\" width=\"50%\">Religion<\/td>\n<td style=\"border: 0px solid transparent;\" align=\"left\" width=\"50%\">\n<div>Christentum<\/div>\n<\/td>\n<\/tr>\n<tr>\n<td style=\"font-weight: bold; border: 0px solid transparent;\" align=\"right\" valign=\"top\" width=\"50%\">Vater<\/td>\n<td style=\"border: 0px solid transparent;\" align=\"left\" width=\"50%\">\n<div>Jonathan Skubalon<br \/>\n(Metallh\u00e4ndler und<br \/>\nP\u00e4chter einer<br \/>\nTreibstoffnachf\u00fcllanlage)<\/div>\n<\/td>\n<\/tr>\n<tr>\n<td style=\"font-weight: bold; border: solid 0px transparent;\" align=\"right\" valign=\"top\" width=\"50%\">Mutter<\/td>\n<td style=\"border: solid 0px transparent;\" align=\"left\" width=\"50%\">Maria Skubalon,<br \/>\ngeb. H\u00e4gelmeier<br \/>\n(Hausfrau und Mutter)<\/td>\n<\/tr>\n<tr>\n<td style=\"font-weight: bold; border: solid 0px transparent;\" align=\"right\" valign=\"top\" width=\"50%\">Geschwister<\/td>\n<td style=\"border: solid 0px transparent;\" align=\"left\" width=\"50%\">Lisa Skubalon<\/td>\n<\/tr>\n<tr>\n<td style=\"font-weight: bold; border: solid 0px #003366; background: #555; box-shadow: 0.1em 0.1em 0.5em rgba(255,255,255,0.75); -webkit-box-shadow: 0.1em 0.1em 0.5em rgba(255,255,255,0.75); border-radius: 1em; -webkit-border-radius: 1em;\" colspan=\"2\" align=\"center\">Physische Beschreibung<\/td>\n<\/tr>\n<tr>\n<td style=\"font-weight: bold; border: solid 0px transparent;\" align=\"right\" width=\"50%\">Spezies<\/td>\n<td style=\"border: solid 0px transparent;\" align=\"left\" width=\"50%\">Mensch<\/td>\n<\/tr>\n<tr>\n<td style=\"font-weight: bold; border: solid 0px transparent;\" align=\"right\" width=\"50%\">Geschlecht<\/td>\n<td style=\"border: solid 0px transparent;\" align=\"left\" width=\"50%\">M\u00e4nnlich<\/td>\n<\/tr>\n<tr>\n<td style=\"font-weight: bold; border: solid 0px transparent;\" align=\"right\" width=\"50%\">Gr\u00f6\u00dfe<\/td>\n<td style=\"border: solid 0px transparent;\" align=\"left\" width=\"50%\">182 cm<\/td>\n<\/tr>\n<tr>\n<td style=\"font-weight: bold; border: solid 0px transparent;\" align=\"right\" width=\"50%\">Haarfarbe<\/td>\n<td style=\"border: solid 0px transparent;\" align=\"left\" width=\"50%\">dunkel-blond<\/td>\n<\/tr>\n<tr>\n<td style=\"font-weight: bold; border: solid 0px transparent;\" align=\"right\" width=\"50%\">Augenfarbe<\/td>\n<td style=\"border: solid 0px transparent;\" align=\"left\" width=\"50%\">blau<\/td>\n<\/tr>\n<tr>\n<td style=\"font-weight: bold; border: solid 0px transparent;\" align=\"right\" width=\"50%\">Hautfarbe<\/td>\n<td style=\"border: solid 0px transparent;\" align=\"left\" width=\"50%\">weiss<\/td>\n<\/tr>\n<tr>\n<td style=\"font-weight: bold; border: solid 0px #003366; background: #555; box-shadow: 0.1em 0.1em 0.5em rgba(255,255,255,0.75); -webkit-box-shadow: 0.1em 0.1em 0.5em rgba(255,255,255,0.75); border-radius: 1em; -webkit-border-radius: 1em;\" colspan=\"2\" align=\"center\">Politische informationen<\/td>\n<\/tr>\n<tr>\n<td style=\"font-weight: bold; border: solid 0px transparent;\" align=\"right\" valign=\"top\" width=\"50%\">Buergerschaft<\/td>\n<td style=\"border: solid 0px transparent;\" align=\"left\" width=\"50%\">F\u00f6derationsb\u00fcrger<\/td>\n<\/tr>\n<\/tbody>\n<\/table>\n<\/div>\n<h2>Lebenslauf<\/h2>\n<p>An&#8217;dih wurde als \u00e4ltester Sohn auf Neu-Berlin geboren, der Erdenkolonie auf dem Erdtrabanten. Schon als Kind liebte er es alle erdenklichen Ger\u00e4te im Haushalt seiner Eltern auf zuschrauben und zu erforschen, was sich im Inneren verbarg. Daraus entstand die Faszination zu erfahren, was sich in einem Tier oder in einem Menschen verbergen k\u00f6nnte und wie ein K\u00f6rper funktioniert.<\/p>\n<p>Seine erste Erfahrung mit einem Shuttle war der Ausflug seines Kindergartens zu den Shuttlehangars im S\u00fcdteil von Neu-Berlin. Von diesem Tage an war ihm klar, dass er mit diesen engelsgleichen Maschinen alt werden wollte. Der H\u00f6hepunkt dieser Leidenschaft war der Erwerb eines alten verrosteten F-Klasse Shuttle im Alter von 14 Jahren. Kaum flugtauglich und halb ausgeschlachtet stand<br \/>\nes in einer Ecke eines Schrottplatzes, kurz vor der endg\u00fcltigen Verschrottung. Er konnte seinen Vater \u00fcberreden, dieses Shuttle zu erwerben, damit er es \u00fcber Jahre hinweg zu dem St\u00fcck heimlicher<br \/>\nLiebe kreieren konnte, was er heute \u201eRostiger Falke\u201c nennt.<\/p>\n<p>Sein Verh\u00e4ltnis zur Familie war im Gro\u00dfen und Ganzen gut, bis auf die Leidenschaft seiner Eltern f\u00fcr au\u00dfergew\u00f6hnliche Aliennamen. Wer bitte nennt sein Kind An&#8217;dih? H\u00e4tte er f\u00fcr jeden Moment, in welchem er erkl\u00e4ren musste, dass er An&#8217;dih und nicht Andy hei\u00dft, ein St\u00fcck Schokolade bekommen, er w\u00fcrde nicht mehr in die \u201eRostiger Falken\u201c passen.<\/p>\n<p>Die Entscheidung zur Sternenflotte zu gehen gr\u00fcndet in seiner Leidenschaft f\u00fcr alte Weltraumfilme, die er in der Videothek seines Vaters entdeckte und mit Begeisterung schaute. Dadurch<br \/>\nentwickelte sich auf die Leidenschaft, die Actionfiguren dieser alten Filme zu sammeln. Die Entscheidung f\u00fcr das Medizinstudium gr\u00fcndet sich auf den Wunsch in der Sternenflotte Gutes zu tun, ohne dabei zwingend eine Waffe tragen zu m\u00fcssen.<\/p>\n<p>Schlimmstes Erlebnis seiner Kindheit war ein versehentlich falsch eingestelltes Ziel beim Beamen vom Mond zur Erde, als er mit seinen Eltern seine Gro\u00dfeltern besuchen wollte. Er materialisierte allein inmitten eines Waldes und verbrachte dort eine gef\u00fchlte halbe Ewigkeit (dem Bericht des Transporterdienstes waren es exakt 32,87 Sekunden bis zum Eintreffen eines Mitarbeiters, der An&#8217;dih einsammelte und zur\u00fcck brachte, wo er ein kostenloses Eis bekam und eine Kuscheltierversion des Firmenmaskottchen). F\u00fcr den gerade mal 4-j\u00e4hrigen Jungen eine traumatische Erfahrung.<\/p>\n<hr \/>\n<h2>Psychologisches Profil<\/h2>\n<ul>\n<li>Besonderes Verst\u00e4ndnis f\u00fcr kleinere Maschinen und Konstrukte und eine damit daher gehende Kreativit\u00e4t f\u00fcr den Umbau und der Modifikation<\/li>\n<li>Freundliches und herzliches Gem\u00fct<\/li>\n<li>Sammlerdrang<\/li>\n<li>starke Unruhe, erkennbar durch st\u00e4ndiges auf und ab Wackeln der Beine beim Sitzen und durch spielen mit Gegenst\u00e4nden beim Gespr\u00e4ch mit anderen<\/li>\n<li>Kontrollzwang, hervorgerufen durch eine Zwangsneurose<\/li>\n<li>starke Angst bei Nutzung von Materietransportern<\/li>\n<\/ul>\n<p><strong>St\u00e4rken:<\/strong><\/p>\n<ul>\n<li>empathischer Umgang mit anderen Menschen (au\u00dfer bei Patienten, die sich enorm dumm anstellen)<\/li>\n<li>gutes H\u00e4ndchen f\u00fcr Werkzeuge und Chirurgieinstrumente<\/li>\n<li>zuverl\u00e4ssig und ausdauernd<\/li>\n<\/ul>\n<p><strong>Schw\u00e4chen<\/strong><\/p>\n<ul>\n<li>stark ausgepr\u00e4gte Sammlerleidenschaft<\/li>\n<li>Verschwenderisch im Umgang mit Geldmitteln<\/li>\n<li>Zwangsneurosen (\u201eIst die T\u00fcr verschlossen?\u201c, \u201eHabe ich meinen Wecker gestellt?\u201c, &#8222;Habt ihr den Beamer richtig eingestellt?!&#8220;)<\/li>\n<\/ul>\n<p><strong>Hobbies<\/strong><\/p>\n<ul>\n<li>Mitgliedschaft im Sch\u00fctzenverein \u201ePhaser- und Projektilfreunde Neu-Berlin 2360 e.V.\u201c<\/li>\n<li>Sammeln von antiken Actionfiguren aus dem 20. und 21. Jahrhundert<\/li>\n<li>Restauration und Modifikation von Shuttles und anderen kleinen Fortbewegungsmitteln<\/li>\n<li>Erforschung fremder primitiver Lebensformen, mit Potential zum Haustier<\/li>\n<\/ul>\n<hr \/>\n<h2>Spezialgebiete<\/h2>\n<p><strong>Ausbildung<\/strong><\/p>\n<ul>\n<li>Absolvent der Neu-Berliner Schule f\u00fcr begabte Studenten<\/li>\n<li>Ziviler u. milit\u00e4rischer Flugschein f\u00fcr Shuttles und weitere Kleinstraumschiffe<\/li>\n<li>Studium der Medizin an der Sternenflottenakademie mit Schwerpunkt auf Humanmedizin und Xenobiologie<\/li>\n<\/ul>\n<hr \/>\n<h2>Medizinisches Profil<\/h2>\n<ul>\n<li>div. Tattoos (altes Segelschiff \u2013 linker Oberarm; Name in griech. Buchstaben \u2013 rechtes Schulterblatt; religi\u00f6se Symbole \u2013 beide Waden und rechter Oberarm)<\/li>\n<li>Chronische R\u00fcckenschmerzen<\/li>\n<\/ul>\n<hr \/>\n<h2>Klassifzierte Sektion<\/h2>\n<p>keine Eintr\u00e4ge<\/p>\n","protected":false},"excerpt":{"rendered":"<p>&nbsp; Dr. An&#8217;dih Skubalon Status PC Spieler Andreas R. Dienstliche Informationen Ranggrafik Rang Ensign Posten CM Stationierung USS Hephaistos Biographische Informationen Geburtstag 26.04.2387 Geburtsort Neu-Berlin \/ Mond, Erde Familienstand ledig Religion Christentum Vater Jonathan Skubalon (Metallh\u00e4ndler und P\u00e4chter einer Treibstoffnachf\u00fcllanlage) Mutter Maria Skubalon, geb. H\u00e4gelmeier (Hausfrau und Mutter) Geschwister Lisa Skubalon Physische Beschreibung Spezies Mensch&#8230;<\/p>\n<p class=\"more-link-wrap\"><a href=\"https:\/\/www.sf-germany.org\/einheiten\/uss-hephaistos\/die-crew\/charakter-archiv\/andih-skubalon\/\" class=\"more-link\">Read More<span class=\"screen-reader-text\"> &ldquo;An&#8217;dih Skubalon&rdquo;<\/span> &raquo;<\/a><\/p>\n","protected":false},"author":1,"featured_media":0,"parent":1100,"menu_order":8,"comment_status":"closed","ping_status":"closed","template":"page-templates\/medium.php","meta":{"footnotes":""},"class_list":["post-546","page","type-page","status-publish","hentry"],"_links":{"self":[{"href":"https:\/\/www.sf-germany.org\/einheiten\/uss-hephaistos\/wp-json\/wp\/v2\/pages\/546","targetHints":{"allow":["GET"]}}],"collection":[{"href":"https:\/\/www.sf-germany.org\/einheiten\/uss-hephaistos\/wp-json\/wp\/v2\/pages"}],"about":[{"href":"https:\/\/www.sf-germany.org\/einheiten\/uss-hephaistos\/wp-json\/wp\/v2\/types\/page"}],"author":[{"embeddable":true,"href":"https:\/\/www.sf-germany.org\/einheiten\/uss-hephaistos\/wp-json\/wp\/v2\/users\/1"}],"replies":[{"embeddable":true,"href":"https:\/\/www.sf-germany.org\/einheiten\/uss-hephaistos\/wp-json\/wp\/v2\/comments?post=546"}],"version-history":[{"count":12,"href":"https:\/\/www.sf-germany.org\/einheiten\/uss-hephaistos\/wp-json\/wp\/v2\/pages\/546\/revisions"}],"predecessor-version":[{"id":5607,"href":"https:\/\/www.sf-germany.org\/einheiten\/uss-hephaistos\/wp-json\/wp\/v2\/pages\/546\/revisions\/5607"}],"up":[{"embeddable":true,"href":"https:\/\/www.sf-germany.org\/einheiten\/uss-hephaistos\/wp-json\/wp\/v2\/pages\/1100"}],"wp:attachment":[{"href":"https:\/\/www.sf-germany.org\/einheiten\/uss-hephaistos\/wp-json\/wp\/v2\/media?parent=546"}],"curies":[{"name":"wp","href":"https:\/\/api.w.org\/{rel}","templated":true}]}}