{"id":585,"date":"2018-04-08T12:48:32","date_gmt":"2018-04-08T10:48:32","guid":{"rendered":"http:\/\/www.sf-germany.org\/einheiten\/hephaistos\/?page_id=585"},"modified":"2024-01-01T20:14:42","modified_gmt":"2024-01-01T19:14:42","slug":"daniel-claton-2","status":"publish","type":"page","link":"https:\/\/www.sf-germany.org\/einheiten\/uss-hephaistos\/die-crew\/charakter-archiv\/daniel-claton-2\/","title":{"rendered":"Daniel Claton"},"content":{"rendered":"<p>&nbsp;<\/p>\n<div style=\"float: right; margin-left: 15px; margin-bottom: 15px; font-size: 11px;\">\n<table style=\"border: solid 0px #003366; background: transparent; box-shadow: 0.1em 0.1em 0.5em rgba(255,255,255,0.75); -moz-box-shadow: 0.1em 0.1em 0.5em rgba(255,255,255,0.75); -webkit-box-shadow: 0.1em 0.1em 0.5em rgba(255,255,255,0.75); border-radius: 1em; -moz-border-radius: 1em; -webkit-border-radius: 1em;\" border=\"3\" cellspacing=\"10\" align=\"right\">\n<tbody>\n<tr>\n<td style=\"font-weight: bold; border: solid 0px transparent;\" colspan=\"2\" align=\"center\"><\/td>\n<\/tr>\n<tr>\n<td style=\"background: transparent; border: solid 0px transparent;\" colspan=\"2\" align=\"center\"><img loading=\"lazy\" decoding=\"async\" class=\"aligncenter size-thumbnail wp-image-586\" src=\"https:\/\/www.sf-germany.org\/einheiten\/uss-hephaistos\/wp-content\/uploads\/DanielClaton-150x150.jpg\" alt=\"\" width=\"150\" height=\"150\" srcset=\"https:\/\/www.sf-germany.org\/einheiten\/uss-hephaistos\/wp-content\/uploads\/DanielClaton-150x150.jpg 150w, https:\/\/www.sf-germany.org\/einheiten\/uss-hephaistos\/wp-content\/uploads\/DanielClaton.jpg 200w\" sizes=\"auto, (max-width: 150px) 100vw, 150px\" \/><\/td>\n<\/tr>\n<tr>\n<td style=\"font-weight: bold; border: solid 0px transparent;\" colspan=\"2\" align=\"center\"><b>Daniel Claton<br \/>\n<\/b><\/td>\n<\/tr>\n<tr>\n<td style=\"font-weight: bold; border: solid 0px transparent;\" align=\"right\" width=\"50%\">Status<\/td>\n<td style=\"border: solid 0px transparent;\" align=\"left\" width=\"50%\">PC<\/td>\n<\/tr>\n<tr>\n<td style=\"font-weight: bold; border: solid 0px transparent;\" align=\"right\" width=\"50%\">Spieler<\/td>\n<td style=\"border: solid 0px transparent;\" align=\"left\" width=\"50%\">Dominik<\/td>\n<\/tr>\n<tr>\n<td style=\"font-weight: bold; border: solid 0px #003366; background: #555; box-shadow: 0.1em 0.1em 0.5em rgba(255,255,255,0.75); -webkit-box-shadow: 0.1em 0.1em 0.5em rgba(255,255,255,0.75); border-radius: 1em; -webkit-border-radius: 1em;\" colspan=\"2\" align=\"center\">Dienstliche Informationen<\/td>\n<\/tr>\n<tr>\n<td style=\"font-weight: bold; border: solid 0px transparent;\" align=\"right\" width=\"50%\">Ranggrafik<\/td>\n<td style=\"border: solid 0px transparent;\" align=\"left\" width=\"50%\"><img loading=\"lazy\" decoding=\"async\" src=\"https:\/\/www.sf-germany.com\/images\/schemata\/sto\/blau\/lt.png\" alt=\"\" width=\"100\" height=\"25\" \/><\/td>\n<\/tr>\n<tr>\n<td style=\"font-weight: bold; border: solid 0px transparent;\" align=\"right\" width=\"50%\">Rang<\/td>\n<td style=\"border: solid 0px transparent;\" align=\"left\" width=\"50%\">Lieutenant<\/td>\n<\/tr>\n<tr>\n<td style=\"font-weight: bold; border: solid 0px transparent;\" align=\"right\" width=\"50%\">Posten<\/td>\n<td style=\"border: solid 0px transparent;\" align=\"left\" width=\"50%\">CWI<\/td>\n<\/tr>\n<tr>\n<td style=\"font-weight: bold; border: solid 0px transparent;\" align=\"right\" width=\"50%\">Stationierung<\/td>\n<td style=\"border: solid 0px transparent;\" align=\"left\" width=\"50%\">USS Hephaistos<\/td>\n<\/tr>\n<tr>\n<td style=\"font-weight: bold; border: solid 0px #003366; background: #555; box-shadow: 0.1em 0.1em 0.5em rgba(255,255,255,0.75); -webkit-box-shadow: 0.1em 0.1em 0.5em rgba(255,255,255,0.75); border-radius: 1em; -webkit-border-radius: 1em;\" colspan=\"2\" align=\"center\">Physische Beschreibung<\/td>\n<\/tr>\n<tr>\n<td style=\"font-weight: bold; border: solid 0px transparent;\" align=\"right\" width=\"50%\">Spezies<\/td>\n<td style=\"border: solid 0px transparent;\" align=\"left\" width=\"50%\">Mensch\/Betazoid<\/td>\n<\/tr>\n<tr>\n<td style=\"font-weight: bold; border: solid 0px transparent;\" align=\"right\" width=\"50%\">Geschlecht<\/td>\n<td style=\"border: solid 0px transparent;\" align=\"left\" width=\"50%\">m\u00e4nnlich<\/td>\n<\/tr>\n<tr>\n<td style=\"font-weight: bold; border: 0px solid transparent;\" align=\"right\" width=\"50%\">Gr\u00f6\u00dfe<\/td>\n<td style=\"border: 0px solid transparent;\" align=\"left\" width=\"50%\">172 cm<\/td>\n<\/tr>\n<tr>\n<td style=\"font-weight: bold; border: solid 0px transparent;\" align=\"right\" width=\"50%\">Gewicht<\/td>\n<td style=\"border: solid 0px transparent;\" align=\"left\" width=\"50%\">70 kg<\/td>\n<\/tr>\n<tr>\n<td style=\"font-weight: bold; border: solid 0px transparent;\" align=\"right\" width=\"50%\">Haarfarbe<\/td>\n<td style=\"border: solid 0px transparent;\" align=\"left\" width=\"50%\">dunkelblond<\/td>\n<\/tr>\n<tr>\n<td style=\"font-weight: bold; border: solid 0px transparent;\" align=\"right\" width=\"50%\">Augenfarbe<\/td>\n<td style=\"border: solid 0px transparent;\" align=\"left\" width=\"50%\">schwarz<\/td>\n<\/tr>\n<tr>\n<td style=\"font-weight: bold; border: solid 0px #003366; background: #555; box-shadow: 0.1em 0.1em 0.5em rgba(255,255,255,0.75); -webkit-box-shadow: 0.1em 0.1em 0.5em rgba(255,255,255,0.75); border-radius: 1em; -webkit-border-radius: 1em;\" colspan=\"2\" align=\"center\">Biographische Informationen<\/td>\n<\/tr>\n<tr>\n<td style=\"font-weight: bold; border: solid 0px transparent;\" align=\"right\" width=\"50%\">Geburtstag<\/td>\n<td style=\"border: solid 0px transparent;\" align=\"left\" width=\"50%\">22.7.2379<\/td>\n<\/tr>\n<tr>\n<td style=\"font-weight: bold; border: solid 0px transparent;\" align=\"right\" width=\"50%\">Geburtsort<\/td>\n<td style=\"border: solid 0px transparent;\" align=\"left\" width=\"50%\">Jo&#8217;hra Provinz, Betazed<\/td>\n<\/tr>\n<tr>\n<td style=\"font-weight: bold; border: solid 0px transparent;\" align=\"right\" width=\"50%\">Religion<\/td>\n<td style=\"border: solid 0px transparent;\" align=\"left\" width=\"50%\">Christentum<\/td>\n<\/tr>\n<tr>\n<td style=\"font-weight: bold; border: 0px solid transparent;\" align=\"right\" width=\"50%\">Familienstand<\/td>\n<td style=\"border: 0px solid transparent;\" align=\"left\" width=\"50%\">ledig<\/td>\n<\/tr>\n<tr>\n<td style=\"font-weight: bold; border: 0px solid transparent;\" align=\"right\" valign=\"top\" width=\"50%\">Vater<\/td>\n<td style=\"border: 0px solid transparent;\" align=\"left\" width=\"50%\">Georg Claton,<br \/>\nInhaber Claton<br \/>\nInterstellar Cargo<\/td>\n<\/tr>\n<tr>\n<td style=\"font-weight: bold; border: 0px solid transparent;\" align=\"right\" valign=\"top\" width=\"50%\">Mutter<\/td>\n<td style=\"border: 0px solid transparent;\" align=\"left\" width=\"50%\">Miriam Claton Geb. Janderaz,<br \/>\nPolitikerin von Betazed,<br \/>\nBotanikerin<\/td>\n<\/tr>\n<tr>\n<td style=\"font-weight: bold; border: 0px solid transparent;\" align=\"right\" valign=\"top\" width=\"50%\">Geschwister<\/td>\n<td style=\"border: 0px solid transparent;\" align=\"left\" width=\"50%\">Susanne Claton (Geb. 2381)<br \/>\nLandwirtschaftsingenieurin auf<br \/>\nDeneva<\/td>\n<\/tr>\n<tr>\n<td style=\"font-weight: bold; border: solid 0px #003366; background: #555; box-shadow: 0.1em 0.1em 0.5em rgba(255,255,255,0.75); -webkit-box-shadow: 0.1em 0.1em 0.5em rgba(255,255,255,0.75); border-radius: 1em; -webkit-border-radius: 1em;\" colspan=\"2\" align=\"center\">Politische informationen<\/td>\n<\/tr>\n<tr>\n<td style=\"font-weight: bold; border: solid 0px transparent;\" align=\"right\" width=\"50%\">Buergerschaft<\/td>\n<td style=\"border: solid 0px transparent;\" align=\"left\" width=\"50%\">F\u00f6derationsb\u00fcrger<\/td>\n<\/tr>\n<\/tbody>\n<\/table>\n<\/div>\n<p><span style=\"font-size: 24pt;\"><strong>Lebenslauf<\/strong><\/span><\/p>\n<p>Daniel Claton wurde als erstes Kind seiner Eltern auf Betazed geboren. Sein Vater ist einer der Hauptanteilseigner des Familienunternehmens Claton Interstellar Cargo und war in Clatons Kindheit h\u00e4ufig im interstellaren Raum unterwegs, so dass Daniel in erster Linie von seiner Mutter und seinen betazoiden Gro\u00dfeltern aufgewachsen ist. Er lebte zusammen mit seinen vielen Cousins und Cousinen auf Betazed, jedoch fiel schon recht fr\u00fch auf, dass seine telepathischen F\u00e4higkeiten eher eingeschr\u00e4nkt waren.<\/p>\n<p>In der Schule war Daniel eher ein ruhiger, zur\u00fcckhaltender Sch\u00fcler, der lieber in Ruhe arbeitete, statt sich stark in die Klassengemeinschaft zu integrieren. Um sein menschliches Erbe nicht g\u00e4nzlich au\u00dfer Acht zu lassen, wurde er jedes Jahr in den Sommerferien zu seinen Gro\u00dfeltern nach Wimbourne, England, geschickt und verlebte dort dann auch sein vierzehntes Lebensjahr. Aufgrund der Ermutigung einer Lehrerin, die die Lernbegabung Daniels erkannte, begann er zu der Zeit, Romulanisch zu lernen. Mit siebzehn, kurz nach seinem Schulabschluss, konnte er dann sogar einen Monat auf Sprachaustausch auf Romulus leben, wo er erkannte, dass die Romulaner netter sind als ihr eigentlicher Ruf.<br \/>\nNach dem Schulabschluss wusste er nicht so recht, was er nun tun sollte und \u00fcberlegte sich, ein Arch\u00e4ologie-Studium aufzunehmen. Zun\u00e4chst einmal nahm er an einer arch\u00e4ologischen Expedition nach Gamma Carnaris III teil. Die Expedition muss dort einen antiken Transporter in Betrieb genommen haben, denn das gesamte Team, bis auf Daniel, war verschwunden, anscheinend an einen anderen Ort teleportiert. Daniel wurde von der USS Nept\u00fcl gerettet.<\/p>\n<p>Sein Vater w\u00fcnschte sich, dass der Junge in das Frachtunternehmen eintrat. Daniel mochte zwar das Reisen, aber andererseits auch die Wissenschaften. Um das Ganze zu kombinieren, bewarb er sich auf der Sternenflottenakademie und wurde auch genommen.<br \/>\nIn seiner Akademiezeit fiel er nicht weiter auf. Er hatte einige Freunde, war freundlich, aber auch zur\u00fcckhaltend und ein wenig ein B\u00fccherwurm. Die einzige Sportart, die er dauerhaft aus\u00fcbte, war das Schwimmen. Seine Spezialisierung ging immer mehr in Richtung der Naturwissenschaften, darunter Mathematik und Physik, Nebenfach Arch\u00e4ologie.<\/p>\n<p>2401 gelingt Daniel der Abschluss der Akademie auf dem Holodeck unter Lt.Cmdr Fred Dinns. Danach wurde er als CWI auf die USS Hawking versetzt. Hier fand er einen guten Freund im FLG Tarin McSilver. Bei seiner ersten Mission auf der Hawking wurde Claton zusammen mit McSilver und Lt. Zirkarie, der 2O, in eine alternative Version des Spiegeluniversums versetzt, sie konnten aber alle entkommen.<br \/>\n2402 wurde Claton durch Commander McKnight zum Lt. (jg) bef\u00f6rdert und zusammen mit einem Gro\u00dfteil der Crew auf die USS Nova Aquilla versetzt. Nach mehreren Problemen mit dem CO wurde Daniel zwar von diesem in den Rang eines Lt. bef\u00f6rdert- aufgrund seiner Forschungsverdienste f\u00fcr das Daystrom-Institut, wurde dann aber 2403 auf die USS Avalon als CWI versetzt.<\/p>\n<p>Von 2403 bis 2406 diente er als CWI auf der USS Avalon und wurde dann, 2407, auf die USB Atlantis versetzt. Ab 2408 war er dann als CWI auf der USS Phenomenon, mit Bef\u00f6rderung zum Lt.Cmdr. und Einsatz als 2O\/CWI. 2409 wurde er zum CO der USS Phenomenon ernannt und ein Jahr sp\u00e4ter zum Commander bef\u00f6rdert.<\/p>\n<p>W\u00e4hrend der Erforschung des Giza-Nebels traf eine elektrische Entladung die Phenomenon und der Warpkern \u00fcberhitzte sich, w\u00e4hrend Claton bei einer Routineinspektion war. Die Verletzungen waren so schwer, dass er in Stase gelegt werden musste.<\/p>\n<p>Im Krankenhaus auf Sternbasis 117 musste er einige Jahre in Stasis verbleiben, da f\u00fcr diese speziellen Verletzungen, die zu einer \u00dcberladung des zelebralen Kortexes f\u00fchrten, noch keine ad\u00e4quaten Behandlungsmethoden verf\u00fcgbar waren. Nach 7 Jahren konnte die Operation erfolgreich durchgef\u00fchrt werden und die Reha eingeleitet werden.<\/p>\n<p>W\u00e4hrend der tiefgreifenden Operation wurde entdeckt, dass die neuralen Bahnen Clatons anscheinend in seiner Kindheit k\u00fcnstlich aufgewertet worden waren. Als genetisch aufgewertete Person ist eine Karriere in der Sternenflotte eigentlich nicht m\u00f6glich, aus diesem Grund verlor Daniel Claton das Kapit\u00e4nspatent und wurde in den Rang eines Lieutenants zur\u00fcckgestuft und 2418 als CWI auf die USS Hephaistos versetzt.<\/p>\n<hr \/>\n<p><strong><span style=\"font-size: 24pt;\">Orden \/ Auszeichnungen<\/span><\/strong><\/p>\n<p style=\"text-align: center;\"><a href=\"https:\/\/www.sf-germany.org\/einheiten\/uss-hephaistos\/wp-content\/uploads\/Daniel-Claton.jpg\"><img loading=\"lazy\" decoding=\"async\" class=\"aligncenter size-medium wp-image-6085\" src=\"https:\/\/www.sf-germany.org\/einheiten\/uss-hephaistos\/wp-content\/uploads\/Daniel-Claton-212x300.jpg\" alt=\"\" width=\"212\" height=\"300\" srcset=\"https:\/\/www.sf-germany.org\/einheiten\/uss-hephaistos\/wp-content\/uploads\/Daniel-Claton-212x300.jpg 212w, https:\/\/www.sf-germany.org\/einheiten\/uss-hephaistos\/wp-content\/uploads\/Daniel-Claton.jpg 620w\" sizes=\"auto, (max-width: 212px) 100vw, 212px\" \/><\/a><span style=\"font-size: 10pt;\"><em>(Ernennungsurkunde zum CWI der Hephaistos)<\/em><\/span><\/p>\n<p>&nbsp;<\/p>\n<hr \/>\n<p><strong><span style=\"font-size: 24pt;\">Psychologisches Profil<\/span><\/strong><\/p>\n<p>Daniel Claton ist ein generell freundlicher, manchmal etwas \u00fcberschw\u00e4nglicher Mensch. Er ist sehr offen und mag es, auf andere zuzugehen. Er lacht sehr gerne und f\u00fchlt sich in der Sternenflotte sehr wohl. Am Anfang war er zun\u00e4chst etwas beleidigt, dass es mit der Karriere nicht so gut voranging, wie eigentlich von ihm geplant, aber es wurde dann besser.<br \/>\nSeine Degradierung zum Lt. steckt er sehr ruhig weg, da er erkannte, dass ihm die Forschung doch mehr lag als die Kommandoverantwortung.<\/p>\n<p>Er ist ein treuer Freund und ein guter Zuh\u00f6rer. Was er \u00fcberhaupt nicht mag, sind Doppelmoral und Heuchelei. An sich ist er eher pazifistisch veranlagt, aber doch in der Lage, sich, seine Freunde, seine Crew und die F\u00f6deration notfalls auch mit Gewalt zu verteidigen. Er ist jemand, der zuerst fragt und erst dann schie\u00dft- wenn \u00fcberhaupt. Als jemand mit teilweiser englischer Kultur ist er sehr p\u00fcnktlich und meist sehr h\u00f6flich.<\/p>\n<p>Das Verh\u00e4ltnis zu seiner Familie ist generell gut, auch wenn ihm seine Mutter mit ihrer stark \u00fcberbeh\u00fctenden Art auf den Geist geht. Sie h\u00e4tte gerne Enkelkinder und m\u00f6chte, dass ihr Sohn endlich eine Familie gr\u00fcndet, dieser hat aber derzeit nicht wirklich Interesse daran und ist, was Frauen angeht, sehr langsam. Auch steckte sie die Degradierung ihres Sohnes deutlich weniger gut weg als sein Vater oder Daniel selbst.<\/p>\n<hr \/>\n<p><strong><span style=\"font-size: 24pt;\">Spezialgebiete<\/span><\/strong><\/p>\n<p>Auf dem Gebiet der Wissenschaften ist Daniel sehr bewandert und begabt. Eine nat\u00fcrliche Begabung f\u00fcr Naturwissenschaften, besonders f\u00fcr Mathematik, war schon aus der Kindheit bekannt und f\u00fchrt dazu, dass er sehr gut logisch denken kann. F\u00fcr einen Halbbetazoiden sind seine telepathischen F\u00e4higkeiten recht eingeschr\u00e4nkt und auch die empathischen F\u00e4higkeiten reichen gerade so zur Gef\u00fchlserkennung aus.<br \/>\nSeine Flugf\u00e4higkeiten sind eine Best\u00e4tigung, dass die Erfindung des Autopiloten eine sehr wichtige war.<\/p>\n<p><strong><span style=\"font-size: 18pt;\">Hobbies:<\/span><\/strong><\/p>\n<ul>\n<li>Lesen<\/li>\n<li>Holoromane<\/li>\n<li>Schwimmen<\/li>\n<li>Forschung<\/li>\n<li>Mathematik (Algebra und Stochastik)<\/li>\n<\/ul>\n<hr \/>\n<p><strong><span style=\"font-size: 24pt;\">Medizinisches Profil<\/span><\/strong><\/p>\n<p>Daniel Claton ist v\u00f6llig gesund. Aufgrund seiner genetischen Modifikation verf\u00fcgt er \u00fcber ein sehr gutes Ged\u00e4chtnis und hohe Intelligenz. Die Verletzungen, die er auf der Phenomenon erlitt, f\u00fchrten dazu, dass das Ged\u00e4chtnis etwas beeintr\u00e4chtigt wurde und er manchmal Dinge vergisst, dies trifft in erster Linie auf das Kurzzeitged\u00e4chtnis zu. Es sollte beobachtet werden.<\/p>\n<hr \/>\n<p><span style=\"font-size: 24pt;\"><strong>Klassifzierte Sektion<\/strong><\/span><\/p>\n<p>Ohne seine Mutter w\u00e4re Daniel aus der Sternenflotte entlassen worden, sie konnte die Admiralit\u00e4t aufgrund ihres Einflusses \u00fcberzeugen. (Hies: Sie hat so ein Theater gemacht, dass die Admiralit\u00e4t Daniel in der Flotte gelassen hat, nur um Mama Claton loszubekommen.)<\/p>\n","protected":false},"excerpt":{"rendered":"<p>&nbsp; Daniel Claton Status PC Spieler Dominik Dienstliche Informationen Ranggrafik Rang Lieutenant Posten CWI Stationierung USS Hephaistos Physische Beschreibung Spezies Mensch\/Betazoid Geschlecht m\u00e4nnlich Gr\u00f6\u00dfe 172 cm Gewicht 70 kg Haarfarbe dunkelblond Augenfarbe schwarz Biographische Informationen Geburtstag 22.7.2379 Geburtsort Jo&#8217;hra Provinz, Betazed Religion Christentum Familienstand ledig Vater Georg Claton, Inhaber Claton Interstellar Cargo Mutter Miriam Claton&#8230;<\/p>\n<p class=\"more-link-wrap\"><a href=\"https:\/\/www.sf-germany.org\/einheiten\/uss-hephaistos\/die-crew\/charakter-archiv\/daniel-claton-2\/\" class=\"more-link\">Read More<span class=\"screen-reader-text\"> &ldquo;Daniel Claton&rdquo;<\/span> &raquo;<\/a><\/p>\n","protected":false},"author":1,"featured_media":0,"parent":1100,"menu_order":6,"comment_status":"closed","ping_status":"closed","template":"page-templates\/medium.php","meta":{"footnotes":""},"class_list":["post-585","page","type-page","status-publish","hentry"],"_links":{"self":[{"href":"https:\/\/www.sf-germany.org\/einheiten\/uss-hephaistos\/wp-json\/wp\/v2\/pages\/585","targetHints":{"allow":["GET"]}}],"collection":[{"href":"https:\/\/www.sf-germany.org\/einheiten\/uss-hephaistos\/wp-json\/wp\/v2\/pages"}],"about":[{"href":"https:\/\/www.sf-germany.org\/einheiten\/uss-hephaistos\/wp-json\/wp\/v2\/types\/page"}],"author":[{"embeddable":true,"href":"https:\/\/www.sf-germany.org\/einheiten\/uss-hephaistos\/wp-json\/wp\/v2\/users\/1"}],"replies":[{"embeddable":true,"href":"https:\/\/www.sf-germany.org\/einheiten\/uss-hephaistos\/wp-json\/wp\/v2\/comments?post=585"}],"version-history":[{"count":5,"href":"https:\/\/www.sf-germany.org\/einheiten\/uss-hephaistos\/wp-json\/wp\/v2\/pages\/585\/revisions"}],"predecessor-version":[{"id":6988,"href":"https:\/\/www.sf-germany.org\/einheiten\/uss-hephaistos\/wp-json\/wp\/v2\/pages\/585\/revisions\/6988"}],"up":[{"embeddable":true,"href":"https:\/\/www.sf-germany.org\/einheiten\/uss-hephaistos\/wp-json\/wp\/v2\/pages\/1100"}],"wp:attachment":[{"href":"https:\/\/www.sf-germany.org\/einheiten\/uss-hephaistos\/wp-json\/wp\/v2\/media?parent=585"}],"curies":[{"name":"wp","href":"https:\/\/api.w.org\/{rel}","templated":true}]}}