{"id":5997,"date":"2020-12-05T19:23:20","date_gmt":"2020-12-05T18:23:20","guid":{"rendered":"http:\/\/www.sf-germany.org\/einheiten\/uss-hephaistos\/?page_id=5997"},"modified":"2024-01-01T20:15:08","modified_gmt":"2024-01-01T19:15:08","slug":"skye-johnson","status":"publish","type":"page","link":"https:\/\/www.sf-germany.org\/einheiten\/uss-hephaistos\/die-crew\/charakter-archiv\/skye-johnson\/","title":{"rendered":"Skye Johnson"},"content":{"rendered":"<div style=\"float: right; margin-left: 15px; margin-bottom: 15px; font-size: 11px; width: 350px; padding-left: 10px; padding-right: 10px;\">\n<table style=\"border: 0px solid #003366; background: transparent; box-shadow: rgba(255, 255, 255, 0.75) 0.1em 0.1em 0.5em; border-radius: 1em; width: 100%;\" border=\"3\" cellspacing=\"10\" align=\"right\">\n<tbody>\n<tr>\n<td style=\"font-weight: bold; border: 0px solid transparent; width: 100%;\" colspan=\"2\" align=\"center\"><\/td>\n<\/tr>\n<tr>\n<td style=\"background: transparent; border: 0px solid transparent; width: 100%;\" colspan=\"2\" align=\"center\"><a href=\"https:\/\/www.sf-germany.org\/einheiten\/uss-hephaistos\/wp-content\/uploads\/2016\/01\/CharBild.png\" rel=\"attachment wp-att-117\"><img loading=\"lazy\" decoding=\"async\" class=\"alignnone wp-image-111 size-full\" src=\"https:\/\/www.sf-germany.org\/einheiten\/uss-hephaistos\/wp-content\/uploads\/2016\/01\/CharBild.png\" alt=\"\" width=\"179\" height=\"140\" \/><\/a><\/td>\n<\/tr>\n<tr>\n<td style=\"font-weight: bold; border: 0px solid transparent; width: 100%;\" colspan=\"2\" align=\"center\"><b>Skye Johnson<\/b><\/td>\n<\/tr>\n<tr>\n<td style=\"font-weight: bold; border: 0px solid transparent; width: 50%;\" align=\"right\" width=\"50%\">Status<\/td>\n<td style=\"border: 0px solid transparent; width: 50%;\" align=\"left\" width=\"50%\">PC<\/td>\n<\/tr>\n<tr>\n<td style=\"font-weight: bold; border: 0px solid transparent; width: 50%;\" align=\"right\" width=\"50%\">Spieler<\/td>\n<td style=\"border: 0px solid transparent; width: 50%;\" align=\"left\" width=\"50%\">Kathi<\/td>\n<\/tr>\n<tr>\n<td style=\"font-weight: bold; border: 0px solid #003366; background: #555555; box-shadow: rgba(255, 255, 255, 0.75) 0.1em 0.1em 0.5em; border-radius: 1em; width: 100%;\" colspan=\"2\" align=\"center\">Dienstliche Informationen<\/td>\n<\/tr>\n<tr>\n<td style=\"font-weight: bold; border: 0px solid transparent; width: 50%;\" align=\"right\" width=\"50%\">Ranggrafik<\/td>\n<td style=\"border: 0px solid transparent; width: 50%;\" align=\"left\" width=\"50%\"><img loading=\"lazy\" decoding=\"async\" class=\"alignnone\" src=\"https:\/\/www.sf-germany.com\/images\/schemata\/sto\/gelb\/ens.png\" alt=\"\" width=\"100\" height=\"25\" \/><\/td>\n<\/tr>\n<tr>\n<td style=\"font-weight: bold; border: 0px solid transparent; width: 50%;\" align=\"right\" width=\"50%\">Rang<\/td>\n<td style=\"border: 0px solid transparent; width: 50%;\" align=\"left\" width=\"50%\">Ensign<\/td>\n<\/tr>\n<tr>\n<td style=\"font-weight: bold; border: 0px solid transparent; width: 50%;\" align=\"right\" width=\"50%\">Posten<\/td>\n<td style=\"border: 0px solid transparent; width: 50%;\" align=\"left\" width=\"50%\">CSO<\/td>\n<\/tr>\n<tr>\n<td style=\"font-weight: bold; border: 0px solid transparent; width: 50%;\" align=\"right\" width=\"50%\">Stationierung<\/td>\n<td style=\"border: 0px solid transparent; width: 50%;\" align=\"left\" width=\"50%\">USS Hephaistos<\/td>\n<\/tr>\n<tr>\n<td style=\"font-weight: bold; border: 0px solid #003366; background: #555555; box-shadow: rgba(255, 255, 255, 0.75) 0.1em 0.1em 0.5em; border-radius: 1em; width: 100%;\" colspan=\"2\" align=\"center\">Physische Beschreibung<\/td>\n<\/tr>\n<tr>\n<td style=\"font-weight: bold; border: 0px solid transparent; width: 50%;\" align=\"right\" width=\"50%\">Spezies<\/td>\n<td style=\"border: 0px solid transparent; width: 50%;\" align=\"left\" width=\"50%\">Mensch<\/td>\n<\/tr>\n<tr>\n<td style=\"font-weight: bold; border: 0px solid transparent; width: 50%;\" align=\"right\" width=\"50%\">Geschlecht<\/td>\n<td style=\"border: 0px solid transparent; width: 50%;\" align=\"left\" width=\"50%\">weiblich<\/td>\n<\/tr>\n<tr>\n<td style=\"font-weight: bold; border: 0px solid transparent; width: 50%;\" align=\"right\" width=\"50%\">Gr\u00f6\u00dfe<\/td>\n<td style=\"border: 0px solid transparent; width: 50%;\" align=\"left\" width=\"50%\">165\u00a0cm<\/td>\n<\/tr>\n<tr>\n<td style=\"font-weight: bold; border: 0px solid transparent; width: 50%;\" align=\"right\" width=\"50%\">Gewicht<\/td>\n<td style=\"border: 0px solid transparent; width: 50%;\" align=\"left\" width=\"50%\">65\u00a0kg<\/td>\n<\/tr>\n<tr>\n<td style=\"font-weight: bold; border: 0px solid transparent; width: 50%;\" align=\"right\" width=\"50%\">Hautfarbe<\/td>\n<td style=\"border: 0px solid transparent; width: 50%;\" align=\"left\" width=\"50%\">hell<\/td>\n<\/tr>\n<tr>\n<td style=\"font-weight: bold; border: 0px solid transparent; width: 50%;\" align=\"right\" width=\"50%\">Haarfarbe<\/td>\n<td style=\"border: 0px solid transparent; width: 50%;\" align=\"left\" width=\"50%\">dunkelbraun<\/td>\n<\/tr>\n<tr>\n<td style=\"font-weight: bold; border: 0px solid transparent; width: 50%;\" align=\"right\" width=\"50%\">Augenfarbe<\/td>\n<td style=\"border: 0px solid transparent; width: 50%;\" align=\"left\" width=\"50%\">braun<\/td>\n<\/tr>\n<tr>\n<td style=\"font-weight: bold; border: 0px solid #003366; background: #555555; box-shadow: rgba(255, 255, 255, 0.75) 0.1em 0.1em 0.5em; border-radius: 1em; width: 100%;\" colspan=\"2\" align=\"center\">Biographische Informationen<\/td>\n<\/tr>\n<tr>\n<td style=\"font-weight: bold; border: 0px solid transparent; width: 50%;\" align=\"right\" width=\"50%\">Geburtsort<\/td>\n<td style=\"border: 0px solid transparent; width: 50%;\" align=\"left\" width=\"50%\">Erde, San Francisco<\/td>\n<\/tr>\n<tr>\n<td style=\"font-weight: bold; border: 0px solid transparent; width: 50%;\" align=\"right\" width=\"50%\">Geburtstag<\/td>\n<td style=\"border: 0px solid transparent; width: 50%;\" align=\"left\" width=\"50%\">13. November 2393<\/td>\n<\/tr>\n<tr>\n<td style=\"font-weight: bold; border: 0px solid transparent; width: 50%;\" align=\"right\" width=\"50%\">Familienstand<\/td>\n<td style=\"border: 0px solid transparent; width: 50%;\" align=\"left\" width=\"50%\">ledig<\/td>\n<\/tr>\n<tr>\n<td style=\"font-weight: bold; border: 0px solid transparent; width: 50%;\" align=\"right\" width=\"50%\">Familie<\/td>\n<td style=\"border: 0px solid transparent; width: 50%;\" align=\"left\" width=\"50%\">Eltern:<br \/>\nLin &amp;<br \/>\nGrant Johnson<br \/>\nBr\u00fcder:<br \/>\nFinley Johnson,<br \/>\nLuke Johnson (verstorben)<\/td>\n<\/tr>\n<tr>\n<td style=\"font-weight: bold; border: 0px solid transparent; width: 50%;\" align=\"right\" width=\"50%\">Religion<\/td>\n<td style=\"border: 0px solid transparent; width: 50%;\" align=\"left\" width=\"50%\">keine<\/td>\n<\/tr>\n<tr>\n<td style=\"font-weight: bold; border: 0px solid #003366; background: #555555; box-shadow: rgba(255, 255, 255, 0.75) 0.1em 0.1em 0.5em; border-radius: 1em; width: 100%;\" colspan=\"2\" align=\"center\">Politische informationen<\/td>\n<\/tr>\n<tr>\n<td style=\"font-weight: bold; border: 0px solid transparent; width: 50%;\" align=\"right\" width=\"50%\">Buergerschaft<\/td>\n<td style=\"border: 0px solid transparent; width: 50%;\" align=\"left\" width=\"50%\">F\u00f6derationsb\u00fcrger<\/td>\n<\/tr>\n<\/tbody>\n<\/table>\n<\/div>\n<p><strong><span style=\"font-size: 24pt;\">Lebenslauf<\/span><\/strong><\/p>\n<p>Skye wurde am 13. November 2394 in San Francisco als Nachz\u00fcgler der Familie geboren. Ihre Br\u00fcder hatten in den vorherigen Jahren das Leben der Eltern so weit auf den Kopf gestellt, dass man sich einig gewesen war, nicht noch ein drittes Kind hinzu zu f\u00fcgen, doch manchmal kommt es eben anders als man denkt. Die Nachricht \u00fcber eine erneute Schwangerschaft kam unerwartet, aber die Freude war dennoch gro\u00df, besonders als sich heraus stellte, dass es ein M\u00e4dchen werden w\u00fcrde.<br \/>\nDie beiden Br\u00fcder waren erst einmal recht skeptisch, allerdings sehr schnell in Skye verliebt, als sie aus dem Krankenhaus nach Hause gebracht wurde. Zwar war sie nat\u00fcrlich noch sehr klein und etwas uninteressant, aber beide Jung gaben sich von vorne herein viel M\u00fche, gute gro\u00dfe Br\u00fcder zu sein.<\/p>\n<p>Trotz ihres Altersunterschieds standen sich die Drei immer sehr nah. Skye lernte viel von den Beiden \u2013 prim\u00e4r Unsinn, wenn man ihre Mutter fragt \u2013 und war immer irgendwie &#8218;einer von den Jungs&#8216;, weil niemand einen Unterschied zwischen ihr und den Br\u00fcdern machte. So wurde sie bereits im Kleinkindalter \u00fcberall hin mit genommen von Finn und Luke, egal ob es altersentsprechend war oder nicht. Nat\u00fcrlich passten sie immer gut auf Skye auf und halfen ihr, wenn n\u00f6tig, aber die kleine Nachz\u00fcglerin lie\u00df sich nie darin beirren, dass sie alles machen konnte wie die Jungs \u2013 auch wenn sie 8, beziehungsweise 11 Jahre j\u00fcnger war. Bereits mit 2 Jahren kletterte sie im Prinzessinnenkleid und Gummistiefeln auf B\u00e4ume und wollte mit 4 nichts sehnlicher werden als Skateboarderin. Mit anderen M\u00e4dchen in ihrem Alter konnte sie nicht sonderlich viel anfangen, weil die immer so sensibel und unselbstst\u00e4ndig waren. Puppen und Barbies waren f\u00fcr sie nicht sonderlich interessant, wenn sie stattdessen auch skaten oder toben konnte. Aufgrund ihres wilden Naturells war Skyes Mutter froh, als sie schlie\u00dflich in die Schule kam und dort einen etwas alters entsprechenderen Kontakt zu anderen Kindern hatten, die ihr Temperament etwas m\u00e4\u00dfigten. Von vorne herein war Skye sehr interessiert daran zu lernen und eine engagierte Sch\u00fclerin. Ihre Noten waren immer gut und ihre Lehrer sehr zufrieden mit ihrem Verhalten, auch wenn sie manchmal etwas stur und temperamentvoll sein konnte, ins Besondere wenn sie das Gef\u00fchl hatte, ihre Freunde besch\u00fctzen zu m\u00fcssen. Dann kam es durchaus schon mal vor, dass die F\u00e4uste flogen und ihre Eltern j\u00e4h daran erinnert wurden, dass Finn und Luke ihr vielleicht ein bisschen zu viele Flausen in den Kopf gesetzt hatten.<\/p>\n<p>Generell verliefen ihre fr\u00fchen Jahre unspektakul\u00e4r und ihre High School Zeit war ebenso problemlos. Skye war gut in der Schule, hatte ein reges Sozialleben und war aktiv in diversen au\u00dferschulischen Vereinen und Clubs. Sie spielte Theater, war im Track Team und spielte eine Zeit lang Fu\u00dfball, was sie in den letzten 2 Schuljahren an den Nagel h\u00e4ngte, weil sie nicht mehr alles unter einen Hut bekam. Zu dem Zeitpunkt waren ihre wesentlich \u00e4lteren Br\u00fcder beide bereits aus dem Haus und auch wenn es seltsam war sie nicht mehr jeden Tag zu sehen, tat das ihrer guten Beziehung keinen Abbruch. Die ver\u00e4nderte sich zwar \u00fcber die Jahre hinweg, aber blieb durchgehend innig.<\/p>\n<p>Als die Entscheidung zur Berufswahl anstand, gingen beide Eltern fest davon aus, dass Skye in die Fu\u00dfstapfen ihres Vaters treten w\u00fcrde, da sie immer sehr interessiert am Lehrberuf gewesen war. Umso erstaunter war die komplette Familie, als sie einen vollkommen anderen Weg einschlagen wollte und sich an der Sternenflotten Akademie einschrieb, um Sicherheit zu studieren und als Nebenfach eine Pilotenausbildung zu durchlaufen, genau wie ihr \u00e4lterer Bruder Finn. Ihre Eltern waren zwar stolz, aber durchaus \u00fcberrascht dass sie eine so wenig akademische Karriere einschlagen wollte und einen Berufsweg ausw\u00e4hlte, der sehr k\u00f6rperlich war und sie vor allem mit gro\u00dfer Wahrscheinlichkeit ins Weltall bringen w\u00fcrde. Skye selbst hatte zwar lange dar\u00fcber nachgedacht, eher einen intellektuelleren Zweig einzuschlagen und vielleicht zu lehren, oder in die Forschung zu gehen, aber war fest davon \u00fcberzeugt, dass ihr diese Sachen weniger liegen w\u00fcrden. Sie sehnte sich nach mehr Abwechslung, neuen Herausforderungen und vielleicht auch ein bisschen danach, mal etwas Anderes zu sehen als nur San Francisco. Der Einstand in ihr Leben als Studentin an der Akademie wurde von der Krebsdiagnose ihres Bruders Luke \u00fcberschattet, dessen Erkrankung bereits so weit fortgeschritten, dass \u00c4rzte nichts mehr f\u00fcr ihn tun konnten.<\/p>\n<p>Das war ein harter Schicksalsschlag f\u00fcr die ganze Familie, denn Luke war gerade erst verheiratet und hatte eine vier Monate alte Tochter, die schon kurze Zeit sp\u00e4ter zur Halbwaisen wurde, als Luke verstarb. Diese Ereignisse \u00fcberschatteten Skyes erstes Jahr an der Akademie und dr\u00fcckten ihre Noten soweit in den Keller, dass sie Angst hatte \u00fcberhaupt nicht durch die Pr\u00fcfungen zu kommen, doch sie schaffte es letztendlich doch, zu ihrer gro\u00dfen Erleichterung. Die folgenden Jahre liefen deutlich erfolgreicher f\u00fcr sie und sie war eine der besten Studentinnen ihres Jahrgangs. Besonders als Pilotin konnte sie immer wieder positiv herausstechen, doch auch in ihren freiwillig gew\u00e4hlten Nebenf\u00e4chern Diplomatie und Forensische Psychologie war sie ebenso gut, wie in allen Pflichtf\u00e4chern.<br \/>\nAkademisch bl\u00fchte Skye in dieser Zeit sehr auf und war immer ehrgeizig bei der Sache. Gerne rieb sie ihrem Bruder die weitaus besseren Noten unter die Nase, die sie im Vergleich zu ihm in allen Pr\u00fcfungen erreichte, aber prim\u00e4r war sie stolz auf sich selbst, weil sie ihren Eltern beweisen konnte, dass sie den richtigen Weg eingeschlagen hatte. Genau wie zu Schulzeiten, hatte Skye auch auf der Akademie keinerlei Probleme einen bunt gemischten Freundeskreis zu finden, der bis zum heutigen Tag besteht, auch wenn alle von ihnen \u00fcberall auf der Welt, oder im Weltraum verstreut sind mittlerweile.<\/p>\n<p>Die Abschlusspr\u00fcfungen an der Akademie schloss sie hervorragend ab \u2013 obwohl sie das erste Mal im Leben wirklich nerv\u00f6s war \u2013 und ist nun auf der Suche nach ihrer ersten Anstellung in der Sternenflotte auf einem der hoch gelobten Schiffe, die sie bisher prim\u00e4r aus B\u00fcchern und Erz\u00e4hlungen kennt.<\/p>\n<hr \/>\n<p><strong><span style=\"font-size: 24pt;\">Orden \/ Auszeichnungen<\/span><\/strong><\/p>\n<p style=\"text-align: center;\"><a href=\"https:\/\/www.sf-germany.org\/einheiten\/uss-hephaistos\/wp-content\/uploads\/Skye-Johnson.jpg\"><img loading=\"lazy\" decoding=\"async\" class=\"aligncenter size-medium wp-image-6093\" src=\"https:\/\/www.sf-germany.org\/einheiten\/uss-hephaistos\/wp-content\/uploads\/Skye-Johnson-212x300.jpg\" alt=\"\" width=\"212\" height=\"300\" srcset=\"https:\/\/www.sf-germany.org\/einheiten\/uss-hephaistos\/wp-content\/uploads\/Skye-Johnson-212x300.jpg 212w, https:\/\/www.sf-germany.org\/einheiten\/uss-hephaistos\/wp-content\/uploads\/Skye-Johnson.jpg 620w\" sizes=\"auto, (max-width: 212px) 100vw, 212px\" \/><\/a><br \/>\n<span style=\"font-size: 10pt;\"><em>(Ernennungsurkunde zum CSO der Hephaistos)<\/em><\/span><\/p>\n<p>&nbsp;<\/p>\n<hr \/>\n<p><strong><span style=\"font-size: 24pt;\">Psychologisches Profil<\/span><\/strong><\/p>\n<p>Skye wuchs als j\u00fcngstes Kind unter Br\u00fcdern auf, weshalb sie von Anfang an eher ein raues Naturell hatte. Zwar war sie durchaus f\u00fcr Prinzessinnenkleider und Puppen zu begeistern, allerdings fand man sie meist im Tutu auf irgendeinem Baum im Garten, oder ihre Puppen wurden zu Au\u00dferirdischen verkleidet und mussten Sternenflotte mit ihr spielen. Blessuren st\u00f6rten sie meist wenig und je wilder gespielt wurde, desto besser. Ihre Br\u00fcder machten nie einen gro\u00dfen Unterschied zwischen ihr und wesentlich \u00e4lteren Freunden aus der Nachbarschaft, weshalb Skye recht fr\u00fch sehr eigenst\u00e4ndig war, um mithalten zu k\u00f6nnen. Ihre Eltern hatten bei der Geburt der Tochter an etwas Abwechslung im Alltag mit zwei wilden Jungs gedacht, wurden allerdings gr\u00f6\u00dftenteils entt\u00e4uscht, denn Skye war nur wenig gem\u00e4\u00dfigter als Finn und Luke, etwas das sich bis ins Erwachsenenalter kaum ge\u00e4ndert hat.<br \/>\nAuch ihren Br\u00fcdern hat sie zu verdanken, dass sie schon immer sehr willensstark und stur war. Sich durchzusetzen war essentiell als einziges M\u00e4dchen in der Familie, genau wie sich nicht unter kriegen lassen. Skye war immer der Meinung, dass sie sich behaupten m\u00fcsse, auch wenn sie eigentlich ein bisschen Prinzessin unter den Geschwistern war und ihre Br\u00fcder so ziemlich alles f\u00fcr sie gemacht h\u00e4tten. Trotzdem hatte sie schon als Kind ein eher lautes Organ und ist auch im Erwachsenenalter eher selten unauff\u00e4llig.<\/p>\n<p>Ihr Sozialleben zur Schul- und Akademiezeit war immer sehr ausgef\u00fcllt und sie hatte viele Freunde, auch wenn sie mit zunehmendem Alter etwas mehr Wert auf die Qualit\u00e4t der Bekanntschaften legt. Schulisch gesehen war sie immer sehr ehrgeizig und konnte mit Niederlagen nicht sonderlich gut umgehen. Verlieren geh\u00f6rt noch heute zu den Eigenschaften die in ihr ein wenig gez\u00fcgeltes Temperament hervorrufen, auch wenn sie meist nur ziemlich w\u00fctend auf sich selbst wird und den Rest des Tages schlechte Laune hat. Allgemein ist Skye wenig launisch, aber erwischt man sie an einem schlechten Tag, bring man sich besser in Sicherheit. Sie hat eine scharfe Zunge und nimmt kein Blatt vor den Mund, selbst an guten Tagen. Unter ihren Freunden ist sie bekannt f\u00fcr ihre sarkastischen Kommentare und Ehrlichkeit in allen Lebenslagen, aber sie ist sich durchaus der Tatsache bewusst, dass nicht jeder damit gut umgehen kann. Gerade an der Akademie hat sie sich nicht immer nur Freunde gemacht, denn die Kombination aus guten Noten und bissigen Bemerkungen hat sie oft arroganter erscheinen lassen, als sie eigentlich ist. Gl\u00fccklicherweise gibt Skye nicht viel auf die Meinungen Anderer und orientiert sich lediglich an ihrem Freundeskreis.<\/p>\n<p>Skye ist gewissenhaft in ihren Aufgaben und sehr loyal ihrem Team gegen\u00fcber, hat allerdings bereits in der Akademie ein kleines Problem mit Autorit\u00e4t gehabt, wann immer sie Befehle f\u00fcr unsinnig h\u00e4lt. Das hei\u00dft nicht, dass sie sich offen widersetzt, aber es hat durchaus in der Vergangenheit Diskussionen mit ihren Vorgesetzten gegeben, dar\u00fcber welche Meinung die Bessere ist. Sie hat zudem einen ausgepr\u00e4gten Sinn f\u00fcr Gerechtigkeit \u2013 ein Grund f\u00fcr ihre Berufswahl \u2013 und stellt das Wohl Anderer vor ihr Eigenes, wann auch immer es n\u00f6tig ist.<\/p>\n<hr \/>\n<p><strong><span style=\"font-size: 24pt;\">Spezialgebiete<\/span><\/strong><\/p>\n<p>Skye hat im Zuge ihrer Ausbildung an der Akademie neben ihren Hauptf\u00e4chern ebenso Kurse in Diplomatie und Forensischer Psychologie belegt und erfolgreich abgeschlossen, genau wie ihre Pilotenausbildung.<br \/>\nDar\u00fcber hinaus war sie immer sehr sportbegeistert und hat neben dem Nahkampftraining an der Akademie zus\u00e4tzlich weitere Sportarten ausge\u00fcbt und war engagiertes Mitglied des Track Teams und des Fu\u00dfballteams, genau wie zu Schulzeiten.<br \/>\nSportliche Bet\u00e4tigung war schon immer ihr favorisierter Ausgleich zum anstrengenden Lernalltag.<\/p>\n<p>&nbsp;<\/p>\n<hr \/>\n<p><strong><span style=\"font-size: 24pt;\">Hobbies<\/span><\/strong><\/p>\n<ul>\n<li>keine Eintr\u00e4ge<\/li>\n<\/ul>\n<hr \/>\n<p><strong><span style=\"font-size: 24pt;\">Medizinisches Profil<\/span><\/strong><\/p>\n<p>Skye hat gl\u00fccklicherweise in ihrem Leben keinerlei ernste Krankheiten durchleben m\u00fcssen, anders als ihr Bruder Luke, der vor drei Jahren an Krebs verstarb. Bis dahin hatten sich alle Johnson Kinder stets bester Gesundheit erfreut, abgesehen von den \u00fcblichen Erk\u00e4ltungen im Winter. Da sie allerdings ein wildes Kind war, hat Skye einige Narben von Knochenbr\u00fcchen und Platzwunden. So hat sie eine Narbe \u00fcber der Augenbraue, die von einem unsanften Aufprall auf einen Wohnzimmertisch herr\u00fchrt und eine Narbe unter dem Kinn von einem Sturz die Kellertreppe hinunter. Des Weiteren ziert eine Operationsnarbe ihren linken Kn\u00f6chel, den sie sich mit 7 Jahren auf dem Trampolin gebrochen hat. Keine der ehemaligen Blessuren behindert sie heute noch in ihrem Alltag und Skye verschwendet keinen Gedanken an sie.<\/p>\n<hr \/>\n<p><strong><span style=\"font-size: 24pt;\">Klassifzierte Sektion<\/span><\/strong><\/p>\n<p>Keine Eintr\u00e4ge<\/p>\n","protected":false},"excerpt":{"rendered":"<p>Skye Johnson Status PC Spieler Kathi Dienstliche Informationen Ranggrafik Rang Ensign Posten CSO Stationierung USS Hephaistos Physische Beschreibung Spezies Mensch Geschlecht weiblich Gr\u00f6\u00dfe 165\u00a0cm Gewicht 65\u00a0kg Hautfarbe hell Haarfarbe dunkelbraun Augenfarbe braun Biographische Informationen Geburtsort Erde, San Francisco Geburtstag 13. November 2393 Familienstand ledig Familie Eltern: Lin &amp; Grant Johnson Br\u00fcder: Finley Johnson, Luke Johnson&#8230;<\/p>\n<p class=\"more-link-wrap\"><a href=\"https:\/\/www.sf-germany.org\/einheiten\/uss-hephaistos\/die-crew\/charakter-archiv\/skye-johnson\/\" class=\"more-link\">Read More<span class=\"screen-reader-text\"> &ldquo;Skye Johnson&rdquo;<\/span> &raquo;<\/a><\/p>\n","protected":false},"author":1,"featured_media":0,"parent":1100,"menu_order":6,"comment_status":"closed","ping_status":"closed","template":"page-templates\/medium.php","meta":{"footnotes":""},"class_list":["post-5997","page","type-page","status-publish","hentry"],"_links":{"self":[{"href":"https:\/\/www.sf-germany.org\/einheiten\/uss-hephaistos\/wp-json\/wp\/v2\/pages\/5997","targetHints":{"allow":["GET"]}}],"collection":[{"href":"https:\/\/www.sf-germany.org\/einheiten\/uss-hephaistos\/wp-json\/wp\/v2\/pages"}],"about":[{"href":"https:\/\/www.sf-germany.org\/einheiten\/uss-hephaistos\/wp-json\/wp\/v2\/types\/page"}],"author":[{"embeddable":true,"href":"https:\/\/www.sf-germany.org\/einheiten\/uss-hephaistos\/wp-json\/wp\/v2\/users\/1"}],"replies":[{"embeddable":true,"href":"https:\/\/www.sf-germany.org\/einheiten\/uss-hephaistos\/wp-json\/wp\/v2\/comments?post=5997"}],"version-history":[{"count":5,"href":"https:\/\/www.sf-germany.org\/einheiten\/uss-hephaistos\/wp-json\/wp\/v2\/pages\/5997\/revisions"}],"predecessor-version":[{"id":6989,"href":"https:\/\/www.sf-germany.org\/einheiten\/uss-hephaistos\/wp-json\/wp\/v2\/pages\/5997\/revisions\/6989"}],"up":[{"embeddable":true,"href":"https:\/\/www.sf-germany.org\/einheiten\/uss-hephaistos\/wp-json\/wp\/v2\/pages\/1100"}],"wp:attachment":[{"href":"https:\/\/www.sf-germany.org\/einheiten\/uss-hephaistos\/wp-json\/wp\/v2\/media?parent=5997"}],"curies":[{"name":"wp","href":"https:\/\/api.w.org\/{rel}","templated":true}]}}