{"id":6002,"date":"2020-12-05T20:15:27","date_gmt":"2020-12-05T19:15:27","guid":{"rendered":"http:\/\/www.sf-germany.org\/einheiten\/uss-hephaistos\/?page_id=6002"},"modified":"2022-10-07T12:53:12","modified_gmt":"2022-10-07T10:53:12","slug":"permin","status":"publish","type":"page","link":"https:\/\/www.sf-germany.org\/einheiten\/uss-hephaistos\/die-crew\/spieler\/decoster\/permin\/","title":{"rendered":"Permin"},"content":{"rendered":"<p><em><strong>&#8211; Auszug aus der Bio von Samantha DeCoster &#8211; <\/strong><\/em><\/p>\n<p><em>W\u00e4hrend der Entf\u00fchrung von Lessa McLeod, Tamari Eschner und Samantha De Coster durch die Freiheitssiedler des Planeten Ilirion \u2018adoptierte\u2019 der noch junge Kobold Sam. Es wird vermutet, dass Kobolde, sobald sie eine Beziehung zu einem anderen Wesen aufbauen, gleichzeitig auch eine empathische Bindung zu diesen eingehen. Sie sind damit an sie gebunden und sterben innerhalb kurzer Zeit, wenn sie ihren Partner verlieren. Deshalb bekam Samantha nach ihrer Rettung die Erlaubnis, Permin mit an Bord der Marie Curie zu bringen.<\/em><\/p>\n<p>&nbsp;<\/p>\n<p><strong>Merkmale der Spezies<\/strong><br \/>\nAusgewachsen sind Kobolde etwas 50 cm lang und haben einen 70 cm langen Schwanz. Junge Kobolde ben\u00f6tigen sehr viel Schlaf und Essen. W\u00e4hrend der ersten Zeit ist das ihre einzige Besch\u00e4ftigung. Mit zunehmenden Alter geht das Schlafbed\u00fcrfnis zur\u00fcck und der Spieltrieb setzt verst\u00e4rkt ein. Sie ern\u00e4hren sich haupts\u00e4chlich von Fr\u00fcchten. Aber auch Brot und \u00e4hnlich zubereitete Gerichte m\u00f6gen sie gern. Auf ihre Heimatwelt haben Kobolde nur wenig Feinde. Sie sind sehr flink und k\u00f6nnen sich notfalls auf B\u00e4ume und \u00e4hnliches fl\u00fcchten. Doch auch vor einem Kampf brauchen sie sich nicht zu f\u00fcrchten, da ihre Krallen und giftigen Z\u00e4hne gute Waffen darstellen.<\/p>\n<p><strong>Aussehen<\/strong><br \/>\nPermin ist 48 cm lang mit zus\u00e4tzlich 70 cm Schwanz. Der gesamte K\u00f6rper ist von einem weichen, braunschattiertem Fell bedeckt. Weit hinten am Kopf sitzen kleine runde Ohren. Im Kontrast dazu wirken die gro\u00dfen, schwarzen Augen. Er besitzt nadelscharfe Z\u00e4hne, die in drei Reihen angeordnet sind. Durch die Eckz\u00e4hne kann ein Gift abgesondert werden. Die Pfoten bestehen aus 6 krallenbesetzten Fingern, die gut zum Greifen geeignet sind.<\/p>\n<p>Vorlieben: mag besonders gern Kuchen<\/p>\n","protected":false},"excerpt":{"rendered":"<p>&#8211; Auszug aus der Bio von Samantha DeCoster &#8211; W\u00e4hrend der Entf\u00fchrung von Lessa McLeod, Tamari Eschner und Samantha De Coster durch die Freiheitssiedler des Planeten Ilirion \u2018adoptierte\u2019 der noch junge Kobold Sam. Es wird vermutet, dass Kobolde, sobald sie eine Beziehung zu einem anderen Wesen aufbauen, gleichzeitig auch eine empathische Bindung zu diesen eingehen&#8230;.<\/p>\n<p class=\"more-link-wrap\"><a href=\"https:\/\/www.sf-germany.org\/einheiten\/uss-hephaistos\/die-crew\/spieler\/decoster\/permin\/\" class=\"more-link\">Read More<span class=\"screen-reader-text\"> &ldquo;Permin&rdquo;<\/span> &raquo;<\/a><\/p>\n","protected":false},"author":1,"featured_media":0,"parent":1228,"menu_order":1,"comment_status":"closed","ping_status":"closed","template":"page-templates\/medium.php","meta":{"footnotes":""},"class_list":["post-6002","page","type-page","status-publish","hentry"],"_links":{"self":[{"href":"https:\/\/www.sf-germany.org\/einheiten\/uss-hephaistos\/wp-json\/wp\/v2\/pages\/6002","targetHints":{"allow":["GET"]}}],"collection":[{"href":"https:\/\/www.sf-germany.org\/einheiten\/uss-hephaistos\/wp-json\/wp\/v2\/pages"}],"about":[{"href":"https:\/\/www.sf-germany.org\/einheiten\/uss-hephaistos\/wp-json\/wp\/v2\/types\/page"}],"author":[{"embeddable":true,"href":"https:\/\/www.sf-germany.org\/einheiten\/uss-hephaistos\/wp-json\/wp\/v2\/users\/1"}],"replies":[{"embeddable":true,"href":"https:\/\/www.sf-germany.org\/einheiten\/uss-hephaistos\/wp-json\/wp\/v2\/comments?post=6002"}],"version-history":[{"count":1,"href":"https:\/\/www.sf-germany.org\/einheiten\/uss-hephaistos\/wp-json\/wp\/v2\/pages\/6002\/revisions"}],"predecessor-version":[{"id":6003,"href":"https:\/\/www.sf-germany.org\/einheiten\/uss-hephaistos\/wp-json\/wp\/v2\/pages\/6002\/revisions\/6003"}],"up":[{"embeddable":true,"href":"https:\/\/www.sf-germany.org\/einheiten\/uss-hephaistos\/wp-json\/wp\/v2\/pages\/1228"}],"wp:attachment":[{"href":"https:\/\/www.sf-germany.org\/einheiten\/uss-hephaistos\/wp-json\/wp\/v2\/media?parent=6002"}],"curies":[{"name":"wp","href":"https:\/\/api.w.org\/{rel}","templated":true}]}}