{"id":6014,"date":"2020-12-06T11:40:09","date_gmt":"2020-12-06T10:40:09","guid":{"rendered":"http:\/\/www.sf-germany.org\/einheiten\/uss-hephaistos\/?page_id=6014"},"modified":"2025-05-09T12:36:15","modified_gmt":"2025-05-09T10:36:15","slug":"kiba-und-dema","status":"publish","type":"page","link":"https:\/\/www.sf-germany.org\/einheiten\/uss-hephaistos\/die-crew\/spieler\/jetsun-pema\/kiba-und-dema\/","title":{"rendered":"Kiba und Dema (kikonische Bergh\u00f6rnchen)"},"content":{"rendered":"<p><strong><span style=\"font-size: 18pt;\"><img loading=\"lazy\" decoding=\"async\" class=\"alignleft\" src=\"https:\/\/www.sf-germany.org\/einheiten\/uss-hephaistos\/wp-content\/uploads\/Kiba-und-Dema.png\" alt=\"Kiba und Dema\" width=\"495\" height=\"495\" \/>Kiba &amp; Dema<\/span><\/strong><\/p>\n<p>Die kikonischen Bergh\u00f6rnchen (<em>kik: Oreiskiouros (sg.), Oreiskiouroi (pl.)<\/em>) sind kleine vierbeinige S\u00e4ugetiere. Als wilde Tiere leben sie vor allem in den k\u00fchleren Bergregionen Thyenes oberhalb von 3000 Metern, wo sie in Rudeln von bis zu 20 Tieren miteinander leben. Domestizierte Bergh\u00f6rnchen sind gesellig und sollten daher mindestens paarweise gehalten werden.<\/p>\n<p>Ausgewachsene Bergh\u00f6rnchen sind etwa 40 cm lang und haben dazu einen etwa 20cm langen pl\u00fcschigen Schwanz. Die Tiere sind durchg\u00e4ngig dunkel-orange-gef\u00e4rbt mit noch etwas dunkleren Tupfen. Auf der Brust und an den Pfoten kommt es h\u00e4ufig zu wei\u00dfen Verf\u00e4rbungen welches man auf der Brust L\u00e4tzchen nennt. Bergh\u00f6rnchen haben kleine dreieckige Ohren, schwarze Knopfaugen und eine kurze Schnauze mit Tasthaaren daran. Das Fell ist sehr weich, weshalb sie auch gern als Haus- und Kuscheltiere beliebt sind. In freier Wildbahn sind sie eher scheu, k\u00f6nnen aber in Gefangenschaft gehalten schnell Vertrauen zu ihren Bezugspersonen fassen.<\/p>\n<p>Anders als der Name es vermuten lie\u00df, sind Bergh\u00f6rnchen Allesfresser und lebten auch von der Jagd. Sie essen gern N\u00fcsse, Fr\u00fcchte und frische Triebe, aber auch Insekten, Reptilien, Fische oder kleinere S\u00e4ugetiere, sofern sie solche erbeuten k\u00f6nnen.<\/p>\n","protected":false},"excerpt":{"rendered":"<p>Kiba &amp; Dema Die kikonischen Bergh\u00f6rnchen (kik: Oreiskiouros (sg.), Oreiskiouroi (pl.)) sind kleine vierbeinige S\u00e4ugetiere. Als wilde Tiere leben sie vor allem in den k\u00fchleren Bergregionen Thyenes oberhalb von 3000 Metern, wo sie in Rudeln von bis zu 20 Tieren miteinander leben. Domestizierte Bergh\u00f6rnchen sind gesellig und sollten daher mindestens paarweise gehalten werden. Ausgewachsene Bergh\u00f6rnchen&#8230;<\/p>\n<p class=\"more-link-wrap\"><a href=\"https:\/\/www.sf-germany.org\/einheiten\/uss-hephaistos\/die-crew\/spieler\/jetsun-pema\/kiba-und-dema\/\" class=\"more-link\">Read More<span class=\"screen-reader-text\"> &ldquo;Kiba und Dema (kikonische Bergh\u00f6rnchen)&rdquo;<\/span> &raquo;<\/a><\/p>\n","protected":false},"author":12,"featured_media":0,"parent":644,"menu_order":0,"comment_status":"closed","ping_status":"closed","template":"page-templates\/medium.php","meta":{"footnotes":""},"class_list":["post-6014","page","type-page","status-publish","hentry"],"_links":{"self":[{"href":"https:\/\/www.sf-germany.org\/einheiten\/uss-hephaistos\/wp-json\/wp\/v2\/pages\/6014","targetHints":{"allow":["GET"]}}],"collection":[{"href":"https:\/\/www.sf-germany.org\/einheiten\/uss-hephaistos\/wp-json\/wp\/v2\/pages"}],"about":[{"href":"https:\/\/www.sf-germany.org\/einheiten\/uss-hephaistos\/wp-json\/wp\/v2\/types\/page"}],"author":[{"embeddable":true,"href":"https:\/\/www.sf-germany.org\/einheiten\/uss-hephaistos\/wp-json\/wp\/v2\/users\/12"}],"replies":[{"embeddable":true,"href":"https:\/\/www.sf-germany.org\/einheiten\/uss-hephaistos\/wp-json\/wp\/v2\/comments?post=6014"}],"version-history":[{"count":7,"href":"https:\/\/www.sf-germany.org\/einheiten\/uss-hephaistos\/wp-json\/wp\/v2\/pages\/6014\/revisions"}],"predecessor-version":[{"id":8934,"href":"https:\/\/www.sf-germany.org\/einheiten\/uss-hephaistos\/wp-json\/wp\/v2\/pages\/6014\/revisions\/8934"}],"up":[{"embeddable":true,"href":"https:\/\/www.sf-germany.org\/einheiten\/uss-hephaistos\/wp-json\/wp\/v2\/pages\/644"}],"wp:attachment":[{"href":"https:\/\/www.sf-germany.org\/einheiten\/uss-hephaistos\/wp-json\/wp\/v2\/media?parent=6014"}],"curies":[{"name":"wp","href":"https:\/\/api.w.org\/{rel}","templated":true}]}}