{"id":617,"date":"2018-06-13T20:07:06","date_gmt":"2018-06-13T18:07:06","guid":{"rendered":"http:\/\/www.sf-germany.org\/einheiten\/hephaistos\/?page_id=617"},"modified":"2022-10-07T12:53:14","modified_gmt":"2022-10-07T10:53:14","slug":"marcus-voltaire","status":"publish","type":"page","link":"https:\/\/www.sf-germany.org\/einheiten\/uss-hephaistos\/die-crew\/charakter-archiv\/marcus-voltaire\/","title":{"rendered":"Marcus Voltaire"},"content":{"rendered":"<p>&nbsp;<\/p>\n<div style=\"float: right; margin-left: 15px; margin-bottom: 15px; font-size: 11px;\">\n<table style=\"border: solid 0px #003366; background: transparent; box-shadow: 0.1em 0.1em 0.5em rgba(255,255,255,0.75); -moz-box-shadow: 0.1em 0.1em 0.5em rgba(255,255,255,0.75); -webkit-box-shadow: 0.1em 0.1em 0.5em rgba(255,255,255,0.75); border-radius: 1em; -moz-border-radius: 1em; -webkit-border-radius: 1em;\" border=\"3\" cellspacing=\"10\" align=\"right\">\n<tbody>\n<tr>\n<td style=\"font-weight: bold; border: solid 0px transparent;\" colspan=\"2\" align=\"center\"><\/td>\n<\/tr>\n<tr>\n<td style=\"background: transparent; border: solid 0px transparent;\" colspan=\"2\" align=\"center\"><img loading=\"lazy\" decoding=\"async\" class=\"aligncenter size-thumbnail wp-image-111\" src=\"https:\/\/www.sf-germany.org\/einheiten\/uss-hephaistos\/wp-content\/uploads\/2016\/01\/CharBild-150x140.png\" alt=\"\" width=\"150\" height=\"140\" \/><\/td>\n<\/tr>\n<tr>\n<td style=\"font-weight: bold; border: solid 0px transparent;\" colspan=\"2\" align=\"center\"><b>Marcus Voltaire<br \/>\n<\/b><\/td>\n<\/tr>\n<tr>\n<td style=\"font-weight: bold; border: solid 0px transparent;\" align=\"right\" width=\"50%\">Status<\/td>\n<td style=\"border: solid 0px transparent;\" align=\"left\" width=\"50%\">NPC<\/td>\n<\/tr>\n<tr>\n<td style=\"font-weight: bold; border: solid 0px transparent;\" align=\"right\" width=\"50%\">Spieler<\/td>\n<td style=\"border: solid 0px transparent;\" align=\"left\" width=\"50%\">Andy<\/td>\n<\/tr>\n<tr>\n<td style=\"font-weight: bold; border: solid 0px #003366; background: #555; box-shadow: 0.1em 0.1em 0.5em rgba(255,255,255,0.75); -webkit-box-shadow: 0.1em 0.1em 0.5em rgba(255,255,255,0.75); border-radius: 1em; -webkit-border-radius: 1em;\" colspan=\"2\" align=\"center\">Dienstliche Informationen<\/td>\n<\/tr>\n<tr>\n<td style=\"font-weight: bold; border: solid 0px transparent;\" align=\"right\" width=\"50%\">Ranggrafik<\/td>\n<td style=\"border: solid 0px transparent;\" align=\"left\" width=\"50%\"><img loading=\"lazy\" decoding=\"async\" src=\"https:\/\/www.sf-germany.com\/images\/schemata\/sto\/blau\/ens.png\" alt=\"\" width=\"100\" height=\"25\" \/><\/td>\n<\/tr>\n<tr>\n<td style=\"font-weight: bold; border: solid 0px transparent;\" align=\"right\" width=\"50%\">Rang<\/td>\n<td style=\"border: solid 0px transparent;\" align=\"left\" width=\"50%\">Ensign<\/td>\n<\/tr>\n<tr>\n<td style=\"font-weight: bold; border: solid 0px transparent;\" align=\"right\" width=\"50%\">Posten<\/td>\n<td style=\"border: solid 0px transparent;\" align=\"left\" width=\"50%\">Assistenzarzt<\/td>\n<\/tr>\n<tr>\n<td style=\"font-weight: bold; border: solid 0px transparent;\" align=\"right\" width=\"50%\">Stationierung<\/td>\n<td style=\"border: solid 0px transparent;\" align=\"left\" width=\"50%\">USS Hephaistos<\/td>\n<\/tr>\n<tr>\n<td style=\"font-weight: bold; border: solid 0px #003366; background: #555; box-shadow: 0.1em 0.1em 0.5em rgba(255,255,255,0.75); -webkit-box-shadow: 0.1em 0.1em 0.5em rgba(255,255,255,0.75); border-radius: 1em; -webkit-border-radius: 1em;\" colspan=\"2\" align=\"center\">Physische Beschreibung<\/td>\n<\/tr>\n<tr>\n<td style=\"font-weight: bold; border: solid 0px transparent;\" align=\"right\" width=\"50%\">Spezies<\/td>\n<td style=\"border: solid 0px transparent;\" align=\"left\" width=\"50%\">Mensch<\/td>\n<\/tr>\n<tr>\n<td style=\"font-weight: bold; border: solid 0px transparent;\" align=\"right\" width=\"50%\">Geschlecht<\/td>\n<td style=\"border: solid 0px transparent;\" align=\"left\" width=\"50%\">m\u00e4nnlich<\/td>\n<\/tr>\n<tr>\n<td style=\"font-weight: bold; border: 0px solid transparent;\" align=\"right\" width=\"50%\">Gr\u00f6\u00dfe<\/td>\n<td style=\"border: 0px solid transparent;\" align=\"left\" width=\"50%\">174 cm<\/td>\n<\/tr>\n<tr>\n<td style=\"font-weight: bold; border: solid 0px transparent;\" align=\"right\" width=\"50%\">Gewicht<\/td>\n<td style=\"border: solid 0px transparent;\" align=\"left\" width=\"50%\">79 kg<\/td>\n<\/tr>\n<tr>\n<td style=\"font-weight: bold; border: solid 0px transparent;\" align=\"right\" width=\"50%\">Haarfarbe<\/td>\n<td style=\"border: solid 0px transparent;\" align=\"left\" width=\"50%\">braun<\/td>\n<\/tr>\n<tr>\n<td style=\"font-weight: bold; border: solid 0px transparent;\" align=\"right\" width=\"50%\">Hautfarbe<\/td>\n<td style=\"border: solid 0px transparent;\" align=\"left\" width=\"50%\">wei\u00df<\/td>\n<\/tr>\n<tr>\n<td style=\"font-weight: bold; border: solid 0px transparent;\" align=\"right\" width=\"50%\">Augenfarbe<\/td>\n<td style=\"border: solid 0px transparent;\" align=\"left\" width=\"50%\">gr\u00fcn<\/td>\n<\/tr>\n<tr>\n<td style=\"font-weight: bold; border: solid 0px #003366; background: #555; box-shadow: 0.1em 0.1em 0.5em rgba(255,255,255,0.75); -webkit-box-shadow: 0.1em 0.1em 0.5em rgba(255,255,255,0.75); border-radius: 1em; -webkit-border-radius: 1em;\" colspan=\"2\" align=\"center\">Biographische Informationen<\/td>\n<\/tr>\n<tr>\n<td style=\"font-weight: bold; border: solid 0px transparent;\" align=\"right\" width=\"50%\">Geburtstag<\/td>\n<td style=\"border: solid 0px transparent;\" align=\"left\" width=\"50%\">2385<\/td>\n<\/tr>\n<tr>\n<td style=\"font-weight: bold; border: 0px solid transparent;\" align=\"right\" valign=\"top\" width=\"50%\">herkunft<\/td>\n<td style=\"border: 0px solid transparent;\" align=\"left\" width=\"50%\">Erde &#8211; Le Havre<\/td>\n<\/tr>\n<tr>\n<td style=\"font-weight: bold; border: 0px solid transparent;\" align=\"right\" width=\"50%\">Familienstand<\/td>\n<td style=\"border: 0px solid transparent;\" align=\"left\" width=\"50%\">ledig<\/td>\n<\/tr>\n<tr>\n<td style=\"font-weight: bold; border: solid 0px #003366; background: #555; box-shadow: 0.1em 0.1em 0.5em rgba(255,255,255,0.75); -webkit-box-shadow: 0.1em 0.1em 0.5em rgba(255,255,255,0.75); border-radius: 1em; -webkit-border-radius: 1em;\" colspan=\"2\" align=\"center\">Politische informationen<\/td>\n<\/tr>\n<tr>\n<td style=\"font-weight: bold; border: solid 0px transparent;\" align=\"right\" width=\"50%\">Buergerschaft<\/td>\n<td style=\"border: solid 0px transparent;\" align=\"left\" width=\"50%\">F\u00f6derationsb\u00fcrger<\/td>\n<\/tr>\n<\/tbody>\n<\/table>\n<\/div>\n<h2>Lebenslauf<\/h2>\n<p>Marcus Voltaire ist ein ehrgeiziger Mediziner. Er sehnt sich nach einem Posten als erster medizinischer Offizier auf einem Schiff der F\u00f6deration, da sein Gro\u00dfvater als solcher Dienst getan hatte, bis er bei der Schlacht von Wolf 359 fiel. Marcus Vater erz\u00e4hlte ihm oft von den Heldentaten seines Gro\u00dfvaters.<br \/>\nW\u00e4hrend seines Studiums zeigte er allerdings keine gro\u00dfen F\u00e4higkeiten im Bereich der F\u00fchrung von Untergebenen, sondern zeigte sich eher als Mensch, der gef\u00fchrt werden musste. Um diesen Mangel auszugleichen belegte er neben den normalen medizinischen Kursen auch Kurse in Psychologie. Dadurch etablierte er sich als verl\u00e4sslicher Allrounder.<\/p>\n<hr \/>\n<h2>Psychologisches Profil<\/h2>\n<p>Trotz seiner F\u00e4higkeiten ist er manchmal nicht in der Lage selbstst\u00e4ndig zu agieren. Insbesondere in organisatorischen Bereichen.<br \/>\nDieser Umstand kratzt gelegentlich an seinem Selbstwertgef\u00fchl, da er gerne in eine h\u00f6here und verantwortungsvollere Position aufsteigen m\u00f6chte.<\/p>\n<hr \/>\n<h2>Spezialgebiete<\/h2>\n<p>k. A.<\/p>\n<hr \/>\n<h2>Hobbies<\/h2>\n<p>k. A.<\/p>\n<hr \/>\n<h2>Medizinisches Profil<\/h2>\n<p>Keine bekannten gesundheitlichen Leiden.<\/p>\n<hr \/>\n<h2>Klassifzierte Sektion<\/h2>\n<p>k. A.<\/p>\n","protected":false},"excerpt":{"rendered":"<p>&nbsp; Marcus Voltaire Status NPC Spieler Andy Dienstliche Informationen Ranggrafik Rang Ensign Posten Assistenzarzt Stationierung USS Hephaistos Physische Beschreibung Spezies Mensch Geschlecht m\u00e4nnlich Gr\u00f6\u00dfe 174 cm Gewicht 79 kg Haarfarbe braun Hautfarbe wei\u00df Augenfarbe gr\u00fcn Biographische Informationen Geburtstag 2385 herkunft Erde &#8211; Le Havre Familienstand ledig Politische informationen Buergerschaft F\u00f6derationsb\u00fcrger Lebenslauf Marcus Voltaire ist ein&#8230;<\/p>\n<p class=\"more-link-wrap\"><a href=\"https:\/\/www.sf-germany.org\/einheiten\/uss-hephaistos\/die-crew\/charakter-archiv\/marcus-voltaire\/\" class=\"more-link\">Read More<span class=\"screen-reader-text\"> &ldquo;Marcus Voltaire&rdquo;<\/span> &raquo;<\/a><\/p>\n","protected":false},"author":1,"featured_media":0,"parent":1100,"menu_order":30,"comment_status":"closed","ping_status":"closed","template":"page-templates\/medium.php","meta":{"footnotes":""},"class_list":["post-617","page","type-page","status-publish","hentry"],"_links":{"self":[{"href":"https:\/\/www.sf-germany.org\/einheiten\/uss-hephaistos\/wp-json\/wp\/v2\/pages\/617","targetHints":{"allow":["GET"]}}],"collection":[{"href":"https:\/\/www.sf-germany.org\/einheiten\/uss-hephaistos\/wp-json\/wp\/v2\/pages"}],"about":[{"href":"https:\/\/www.sf-germany.org\/einheiten\/uss-hephaistos\/wp-json\/wp\/v2\/types\/page"}],"author":[{"embeddable":true,"href":"https:\/\/www.sf-germany.org\/einheiten\/uss-hephaistos\/wp-json\/wp\/v2\/users\/1"}],"replies":[{"embeddable":true,"href":"https:\/\/www.sf-germany.org\/einheiten\/uss-hephaistos\/wp-json\/wp\/v2\/comments?post=617"}],"version-history":[{"count":2,"href":"https:\/\/www.sf-germany.org\/einheiten\/uss-hephaistos\/wp-json\/wp\/v2\/pages\/617\/revisions"}],"predecessor-version":[{"id":5613,"href":"https:\/\/www.sf-germany.org\/einheiten\/uss-hephaistos\/wp-json\/wp\/v2\/pages\/617\/revisions\/5613"}],"up":[{"embeddable":true,"href":"https:\/\/www.sf-germany.org\/einheiten\/uss-hephaistos\/wp-json\/wp\/v2\/pages\/1100"}],"wp:attachment":[{"href":"https:\/\/www.sf-germany.org\/einheiten\/uss-hephaistos\/wp-json\/wp\/v2\/media?parent=617"}],"curies":[{"name":"wp","href":"https:\/\/api.w.org\/{rel}","templated":true}]}}