{"id":6286,"date":"2021-02-15T20:29:36","date_gmt":"2021-02-15T19:29:36","guid":{"rendered":"http:\/\/www.sf-germany.org\/einheiten\/uss-hephaistos\/?page_id=6286"},"modified":"2022-10-07T12:53:14","modified_gmt":"2022-10-07T10:53:14","slug":"urlaub-auf-station-k7","status":"publish","type":"page","link":"https:\/\/www.sf-germany.org\/einheiten\/uss-hephaistos\/logbuch\/missionen\/urlaub-auf-station-k7\/","title":{"rendered":"Urlaub auf Station K7"},"content":{"rendered":"<p><a href=\"https:\/\/www.sf-germany.org\/einheiten\/uss-hephaistos\/wp-content\/uploads\/2016\/01\/hephaistoscprw3.png\" rel=\"attachment wp-att-11\"><img loading=\"lazy\" decoding=\"async\" class=\"aligncenter wp-image-11\" src=\"https:\/\/www.sf-germany.org\/einheiten\/uss-hephaistos\/wp-content\/uploads\/2016\/01\/hephaistoscprw3.png\" alt=\"hephaistoscprw3\" width=\"193\" height=\"163\" srcset=\"https:\/\/www.sf-germany.org\/einheiten\/uss-hephaistos\/wp-content\/uploads\/2016\/01\/hephaistoscprw3.png 388w, https:\/\/www.sf-germany.org\/einheiten\/uss-hephaistos\/wp-content\/uploads\/2016\/01\/hephaistoscprw3-300x254.png 300w\" sizes=\"auto, (max-width: 193px) 100vw, 193px\" \/><\/a><\/p>\n<hr \/>\n<table border=\"0\" width=\"400\" cellspacing=\"1\" cellpadding=\"1\">\n<tbody>\n<tr>\n<td colspan=\"2\" align=\"left\" valign=\"middle\" nowrap=\"nowrap\" bgcolor=\"#ea4701\"><span style=\"font-size: 16px;\"><strong>MISSIONSDATEN<\/strong><\/span><\/td>\n<\/tr>\n<tr>\n<td align=\"left\" valign=\"middle\" width=\"110\"><strong>CODENAME:<\/strong><\/td>\n<td align=\"left\" valign=\"middle\" width=\"290\">Raumstation K7<\/td>\n<\/tr>\n<tr>\n<td align=\"left\" valign=\"middle\" width=\"110\"><strong>MISSIONSTYP:<\/strong><\/td>\n<td align=\"left\" valign=\"middle\" width=\"290\"><strong>Soap<\/strong><\/td>\n<\/tr>\n<tr>\n<td align=\"left\" valign=\"middle\" width=\"110\"><strong>ZEITRAUM:<\/strong><\/td>\n<td align=\"left\" valign=\"middle\" width=\"290\">SD 261103 &#8211; jetzt<\/td>\n<\/tr>\n<tr>\n<td align=\"left\" valign=\"middle\" width=\"110\"><strong>STATUS:<\/strong><\/td>\n<td align=\"left\" valign=\"middle\" width=\"290\">l\u00e4uft<\/td>\n<\/tr>\n<tr>\n<td align=\"left\" valign=\"middle\" width=\"110\"><strong>EINHEITEN:<\/strong><\/td>\n<td align=\"left\" valign=\"middle\" width=\"290\">USS Hephaistos \/ K7<\/td>\n<\/tr>\n<\/tbody>\n<\/table>\n<h2><strong><span style=\"font-size: 18px;\"><span style=\"font-family: Arial;\">Auftrag<\/span><\/span><\/strong><\/h2>\n<p>Nach der halbwegs erfolgreichen Mission auf Thassos IV ist die Hephaistos bei Raumstation K7 angekommen um notwendige Reperaturen vorzunehmen, Personal aufzunehmen und Urlaub zu machen.<\/p>\n<h2><strong><span style=\"font-size: 18px;\"><span style=\"font-family: Arial;\">Missionsverlauf<\/span><\/span><\/strong><\/h2>\n<p>Kaum ist man auf der Station angekommen, gibt es scheinbar fliegende Posten-\/Personalwechsel und die ersten Schwierigkeiten bahnen sich bereits an.<br \/>\nDie neu ernannte OPS Jennifer Larson wird des Mordes an einem Offizier der Station beschuldigt und verhaftet. Und die CING Lt. Wells soll sich im Trillcenter der Station melden und sich sowie ihren Symbionten untersuchen lassen.<\/p>\n<h3><strong>Aktuelle Ereignisse<\/strong><\/h3>\n<ul>\n<li>Jennifer Larson macht sich gleich beim ersten Landgang an Bord der Station unbeliebt und nachdem der Mord an Lt. Sigmarsson bekannt wird ger\u00e4t Jennifer sofort unter Mordverdacht und wird verhaftet.<\/li>\n<li>Emily Wells dr\u00fcckt sich erst vor dem Trillcenter und trifft dann auf alte Bekannte aus vorherigen Leben<\/li>\n<li>Shay wird Zeuge von den mittelalterlichen Haftmethoden auf der Station und erwirkt mit Hilfe einer Anw\u00e4ltin, die Emily besorgt hat, dass Jennifer auf der Hephaistos unter Quartierarrest gestellt wird.<\/li>\n<li>Emily geht zusammen mit Samantha in das Trillcenter und muss erkennen, dass es einen guten Grund gab, warum sie nicht dorthin wollte. Beide werden vom Direktor des Centers gefangen gesetzt.<\/li>\n<li>Shay erf\u00e4hrt, dass Samantha und Emily nicht zur\u00fcck sind und geht nun seinerseits in das Center zusammen mit der neuen CSO Skye Johnson und Permin. Im Center kommt es zu unsch\u00f6nen Szenen und Shay kann Sam und Emily befreien.<\/li>\n<li>Die Aktion im Trillcenter scheint f\u00fcr Shay glimpflich abzulaufen und er erf\u00e4hrt das Claudia den Posten als FKOM OPS an Bord der Station bekommen soll.<\/li>\n<li>Ein unbekannter Cardassianer meldet sich bei Shay und Ajur und bittet beide um Hilfe bez\u00fcglich Transaktionen, die Jennifer gemacht haben soll und diese weiter belasten.<\/li>\n<li>Skye findet heraus, dass die Transaktionen nicht von Jennifer kommen sondern vom Tellariten Talav der bereits mit Jennifer aneinandergeraten war. Er wird verhaftet und verh\u00f6rt.<\/li>\n<li>Talev ist gest\u00e4ndig und Jennifer Larson wird von allen Anklagepunkten freigesprochen<\/li>\n<li>Der Direktor des Trillcenters wird nach Trill beordert, leider hat sein Shuttle auf dem Weg einen Unfall und wird zerst\u00f6rt<\/li>\n<li>Die Hephaistos Crew tobt sich auf dem Holodeck zusammen mit Pinguinen auf dem Eis aus.<\/li>\n<li>Es gibt wieder \u00c4rger zwischen der OPS Abteilung der Hephaistos und der Station K7<\/li>\n<li>Talev wird \u00fcberfallen und man verd\u00e4chtigt nat\u00fcrlich Jenn, die hat jedoch ein Alibi<\/li>\n<li>Nachdem die Hephaistos abgeflogen ist wird sowohl Lt. Tully von der Sicherheit von K7 sowie Talev von Ferengi ermordet<\/li>\n<\/ul>\n<p>&nbsp;<\/p>\n<h2><strong>Personelle \u00c4nderungen<\/strong><\/h2>\n<h3><strong>W\u00e4hrend der Mission ausgesprochene Bef\u00f6rderungen \/ Degradierungen \/ Postenwechsel<\/strong><\/h3>\n<ul>\n<li>CSO Ens. John Geary verl\u00e4sst aus pers\u00f6nlichen Gr\u00fcnden die Hephaistos<\/li>\n<li>Ens. Skye Johnson wird als CSO auf die Hephaistos versetzt<\/li>\n<li>OPS Ens. William Connor verl\u00e4sst aus pers\u00f6nlichen Gr\u00fcnden die Hephaistos und fliegt zur Erde zu seinem Ehemann<\/li>\n<li>Ens. Jennifer Larson wird zun\u00e4chst als sOPS und nach Weggang von Mr. Connor als OPS auf die Hephaistos versetzt<\/li>\n<li>Lt. Cmdr. Samantha DeCoster wird als EO auf die Hephaistos versetzt<\/li>\n<li>Lt. Fabien LaGroille wird trotz Kriegsgefangenschaft bei den Klingonen Diensttauglichkeit bescheinigt und als FLG auf die Hephaistos versetzt.<br \/>\nAu\u00dferdem erh\u00e4lt er die &#8218;Escaped Prisoner of War&#8216; Spange<\/li>\n<li>CING Lt.jg Emily Lesi Krax Wells erh\u00e4lt die &#8218;Escaped Prisoner of War&#8216; Spange<\/li>\n<li>CM Ens. Jetsun Pema wird aufgrund ihrer Leistungen w\u00e4hrend der Thassos-Mission und der Doppelbelastung Diplomat\/temp. CM als CM auf die Hephaistos versetzt und zum Lt.jg bef\u00f6rdert<\/li>\n<li>Cmdr. Elisa Careen wird als Berater in die TAK Abteilung versetzt<\/li>\n<li>Cdor. Claudia Ruthven \u00fcbernimmt den Posten des FKOM-OPS auf Raumstation K7<\/li>\n<li>Lwaxana Ivoin kommt mit ihrer Verlobten an Bord und \u00fcbernimmt den Posten des TO<\/li>\n<\/ul>\n<h3><strong>W\u00e4hrend der Mission verstorben \/ verschollen<\/strong><\/h3>\n<ul>\n<li>derzeit keine Vorkommnisse<\/li>\n<\/ul>\n<h2><strong>Weitere Bemerkungen<\/strong><\/h2>\n<ul>\n<li>derzeit keine Vorkommnisse<\/li>\n<\/ul>\n<p>gez. Cpt. Shay Ruthven, CO USS Hephaistos<\/p>\n<h2><\/h2>\n","protected":false},"excerpt":{"rendered":"<p>MISSIONSDATEN CODENAME: Raumstation K7 MISSIONSTYP: Soap ZEITRAUM: SD 261103 &#8211; jetzt STATUS: l\u00e4uft EINHEITEN: USS Hephaistos \/ K7 Auftrag Nach der halbwegs erfolgreichen Mission auf Thassos IV ist die Hephaistos bei Raumstation K7 angekommen um notwendige Reperaturen vorzunehmen, Personal aufzunehmen und Urlaub zu machen. Missionsverlauf Kaum ist man auf der Station angekommen, gibt es scheinbar&#8230;<\/p>\n<p class=\"more-link-wrap\"><a href=\"https:\/\/www.sf-germany.org\/einheiten\/uss-hephaistos\/logbuch\/missionen\/urlaub-auf-station-k7\/\" class=\"more-link\">Read More<span class=\"screen-reader-text\"> &ldquo;Urlaub auf Station K7&rdquo;<\/span> &raquo;<\/a><\/p>\n","protected":false},"author":1,"featured_media":0,"parent":127,"menu_order":22,"comment_status":"closed","ping_status":"closed","template":"page-templates\/medium.php","meta":{"footnotes":""},"class_list":["post-6286","page","type-page","status-publish","hentry"],"_links":{"self":[{"href":"https:\/\/www.sf-germany.org\/einheiten\/uss-hephaistos\/wp-json\/wp\/v2\/pages\/6286","targetHints":{"allow":["GET"]}}],"collection":[{"href":"https:\/\/www.sf-germany.org\/einheiten\/uss-hephaistos\/wp-json\/wp\/v2\/pages"}],"about":[{"href":"https:\/\/www.sf-germany.org\/einheiten\/uss-hephaistos\/wp-json\/wp\/v2\/types\/page"}],"author":[{"embeddable":true,"href":"https:\/\/www.sf-germany.org\/einheiten\/uss-hephaistos\/wp-json\/wp\/v2\/users\/1"}],"replies":[{"embeddable":true,"href":"https:\/\/www.sf-germany.org\/einheiten\/uss-hephaistos\/wp-json\/wp\/v2\/comments?post=6286"}],"version-history":[{"count":1,"href":"https:\/\/www.sf-germany.org\/einheiten\/uss-hephaistos\/wp-json\/wp\/v2\/pages\/6286\/revisions"}],"predecessor-version":[{"id":6287,"href":"https:\/\/www.sf-germany.org\/einheiten\/uss-hephaistos\/wp-json\/wp\/v2\/pages\/6286\/revisions\/6287"}],"up":[{"embeddable":true,"href":"https:\/\/www.sf-germany.org\/einheiten\/uss-hephaistos\/wp-json\/wp\/v2\/pages\/127"}],"wp:attachment":[{"href":"https:\/\/www.sf-germany.org\/einheiten\/uss-hephaistos\/wp-json\/wp\/v2\/media?parent=6286"}],"curies":[{"name":"wp","href":"https:\/\/api.w.org\/{rel}","templated":true}]}}