{"id":6369,"date":"2021-02-18T10:40:08","date_gmt":"2021-02-18T09:40:08","guid":{"rendered":"http:\/\/www.sf-germany.org\/einheiten\/uss-hephaistos\/?page_id=6369"},"modified":"2022-10-07T21:26:34","modified_gmt":"2022-10-07T19:26:34","slug":"jurot-elbrum","status":"publish","type":"page","link":"https:\/\/www.sf-germany.org\/einheiten\/uss-hephaistos\/die-crew\/spieler\/jurot-elbrum\/","title":{"rendered":"Jurot Elbrum"},"content":{"rendered":"<p><strong><span style=\"font-size: 24pt;\">Lebenslauf<\/span><\/strong><\/p>\n<div style=\"float: right; margin-left: 15px; margin-bottom: 15px; font-size: 11px; width: 350px; padding-left: 10px; padding-right: 10px;\">\n<table style=\"border: 0px solid #003366; background: transparent; box-shadow: rgba(255, 255, 255, 0.75) 0.1em 0.1em 0.5em; border-radius: 1em; width: 100%;\" border=\"3\" cellspacing=\"10\" align=\"right\">\n<tbody>\n<tr>\n<td style=\"background: transparent; border: 0px solid transparent; width: 100%;\" colspan=\"2\" align=\"center\"><a href=\"https:\/\/www.sf-germany.org\/einheiten\/uss-hephaistos\/wp-content\/uploads\/2016\/01\/CharBild.png\" rel=\"attachment wp-att-117\"><img loading=\"lazy\" decoding=\"async\" class=\"alignnone wp-image-111 size-full\" src=\"https:\/\/www.sf-germany.org\/einheiten\/uss-hephaistos\/wp-content\/uploads\/2016\/01\/CharBild.png\" alt=\"\" width=\"179\" height=\"140\" \/><\/a><\/td>\n<\/tr>\n<tr>\n<td style=\"font-weight: bold; border: 0px solid transparent; width: 100%;\" colspan=\"2\" align=\"center\"><b>Charaktername<\/b><\/td>\n<\/tr>\n<tr>\n<td style=\"font-weight: bold; border: 0px solid transparent; width: 50%;\" align=\"right\" width=\"50%\">Status<\/td>\n<td style=\"border: 0px solid transparent; width: 50%;\" align=\"left\" width=\"50%\">PC<\/td>\n<\/tr>\n<tr>\n<td style=\"font-weight: bold; border: 0px solid transparent; width: 50%;\" align=\"right\" width=\"50%\">Spieler<\/td>\n<td style=\"border: 0px solid transparent; width: 50%;\" align=\"left\" width=\"50%\">Spielername<\/td>\n<\/tr>\n<tr>\n<td style=\"font-weight: bold; border: 0px solid #003366; background: #555555; box-shadow: rgba(255, 255, 255, 0.75) 0.1em 0.1em 0.5em; border-radius: 1em; width: 100%;\" colspan=\"2\" align=\"center\">Dienstliche Informationen<\/td>\n<\/tr>\n<tr>\n<td style=\"font-weight: bold; border: 0px solid transparent; width: 50%;\" align=\"right\" width=\"50%\">Ranggrafik<\/td>\n<td style=\"border: 0px solid transparent; width: 50%;\" align=\"left\" width=\"50%\"><img loading=\"lazy\" decoding=\"async\" class=\"alignnone\" src=\"https:\/\/www.sf-germany.com\/images\/schemata\/sto\/gelb\/ens.png\" alt=\"\" width=\"100\" height=\"25\" \/><\/td>\n<\/tr>\n<tr>\n<td style=\"font-weight: bold; border: 0px solid transparent; width: 50%;\" align=\"right\" width=\"50%\">Rang<\/td>\n<td style=\"border: 0px solid transparent; width: 50%;\" align=\"left\" width=\"50%\">Ensign<\/td>\n<\/tr>\n<tr>\n<td style=\"font-weight: bold; border: 0px solid transparent; width: 50%;\" align=\"right\" width=\"50%\">Posten<\/td>\n<td style=\"border: 0px solid transparent; width: 50%;\" align=\"left\" width=\"50%\"><\/td>\n<\/tr>\n<tr>\n<td style=\"font-weight: bold; border: 0px solid transparent; width: 50%;\" align=\"right\" width=\"50%\">Stationierung<\/td>\n<td style=\"border: 0px solid transparent; width: 50%;\" align=\"left\" width=\"50%\">USS Hephaistos<\/td>\n<\/tr>\n<tr>\n<td style=\"font-weight: bold; border: 0px solid #003366; background: #555555; box-shadow: rgba(255, 255, 255, 0.75) 0.1em 0.1em 0.5em; border-radius: 1em; width: 100%;\" colspan=\"2\" align=\"center\">Physische Beschreibung<\/td>\n<\/tr>\n<tr>\n<td style=\"font-weight: bold; border: 0px solid transparent; width: 50%;\" align=\"right\" width=\"50%\">Spezies<\/td>\n<td style=\"border: 0px solid transparent; width: 50%;\" align=\"left\" width=\"50%\">Mensch<\/td>\n<\/tr>\n<tr>\n<td style=\"font-weight: bold; border: 0px solid transparent; width: 50%;\" align=\"right\" width=\"50%\">Geschlecht<\/td>\n<td style=\"border: 0px solid transparent; width: 50%;\" align=\"left\" width=\"50%\"><\/td>\n<\/tr>\n<tr>\n<td style=\"font-weight: bold; border: 0px solid transparent; width: 50%;\" align=\"right\" width=\"50%\">Gr\u00f6\u00dfe<\/td>\n<td style=\"border: 0px solid transparent; width: 50%;\" align=\"left\" width=\"50%\">\u00a0cm<\/td>\n<\/tr>\n<tr>\n<td style=\"font-weight: bold; border: 0px solid transparent; width: 50%;\" align=\"right\" width=\"50%\">Gewicht<\/td>\n<td style=\"border: 0px solid transparent; width: 50%;\" align=\"left\" width=\"50%\">\u00a0kg<\/td>\n<\/tr>\n<tr>\n<td style=\"font-weight: bold; border: 0px solid transparent; width: 50%;\" align=\"right\" width=\"50%\">Hautfarbe<\/td>\n<td style=\"border: 0px solid transparent; width: 50%;\" align=\"left\" width=\"50%\"><\/td>\n<\/tr>\n<tr>\n<td style=\"font-weight: bold; border: 0px solid transparent; width: 50%;\" align=\"right\" width=\"50%\">Haarfarbe<\/td>\n<td style=\"border: 0px solid transparent; width: 50%;\" align=\"left\" width=\"50%\"><\/td>\n<\/tr>\n<tr>\n<td style=\"font-weight: bold; border: 0px solid transparent; width: 50%;\" align=\"right\" width=\"50%\">Augenfarbe<\/td>\n<td style=\"border: 0px solid transparent; width: 50%;\" align=\"left\" width=\"50%\"><\/td>\n<\/tr>\n<tr>\n<td style=\"font-weight: bold; border: 0px solid #003366; background: #555555; box-shadow: rgba(255, 255, 255, 0.75) 0.1em 0.1em 0.5em; border-radius: 1em; width: 100%;\" colspan=\"2\" align=\"center\">Biographische Informationen<\/td>\n<\/tr>\n<tr>\n<td style=\"font-weight: bold; border: 0px solid transparent; width: 50%;\" align=\"right\" width=\"50%\">Geburtsort<\/td>\n<td style=\"border: 0px solid transparent; width: 50%;\" align=\"left\" width=\"50%\"><\/td>\n<\/tr>\n<tr>\n<td style=\"font-weight: bold; border: 0px solid transparent; width: 50%;\" align=\"right\" width=\"50%\">Geburtstag<\/td>\n<td style=\"border: 0px solid transparent; width: 50%;\" align=\"left\" width=\"50%\"><\/td>\n<\/tr>\n<tr>\n<td style=\"font-weight: bold; border: 0px solid transparent; width: 50%;\" align=\"right\" width=\"50%\">Familienstand<\/td>\n<td style=\"border: 0px solid transparent; width: 50%;\" align=\"left\" width=\"50%\">ledig<\/td>\n<\/tr>\n<tr>\n<td style=\"font-weight: bold; border: 0px solid transparent; width: 50%;\" align=\"right\" width=\"50%\">Familie<\/td>\n<td style=\"border: 0px solid transparent; width: 50%;\" align=\"left\" width=\"50%\"><\/td>\n<\/tr>\n<tr>\n<td style=\"font-weight: bold; border: 0px solid transparent; width: 50%;\" align=\"right\" width=\"50%\">Religion<\/td>\n<td style=\"border: 0px solid transparent; width: 50%;\" align=\"left\" width=\"50%\"><\/td>\n<\/tr>\n<tr>\n<td style=\"font-weight: bold; border: 0px solid #003366; background: #555555; box-shadow: rgba(255, 255, 255, 0.75) 0.1em 0.1em 0.5em; border-radius: 1em; width: 100%;\" colspan=\"2\" align=\"center\">Politische informationen<\/td>\n<\/tr>\n<tr>\n<td style=\"font-weight: bold; border: 0px solid transparent; width: 50%;\" align=\"right\" width=\"50%\">Buergerschaft<\/td>\n<td style=\"border: 0px solid transparent; width: 50%;\" align=\"left\" width=\"50%\">F\u00f6derationsb\u00fcrger<\/td>\n<\/tr>\n<\/tbody>\n<\/table>\n<\/div>\n<h2><\/h2>\n<p>&nbsp;<\/p>\n<p>&nbsp;<\/p>\n<hr \/>\n<p><strong><span style=\"font-size: 24pt;\">Psychologisches Profil<\/span><\/strong><\/p>\n<p>&nbsp;<\/p>\n<p><strong><span style=\"font-size: 18pt;\">St\u00e4rken \/ Schw\u00e4chen<\/span><\/strong><\/p>\n<p><strong>Positiv:<\/strong><\/p>\n<ul>\n<li><\/li>\n<\/ul>\n<p><strong>Negativ:<\/strong><\/p>\n<ul>\n<li><\/li>\n<\/ul>\n<p><strong>Vorlieben:<\/strong><\/p>\n<ul>\n<li><\/li>\n<\/ul>\n<p><strong>Abneigungen:\u00a0<\/strong><\/p>\n<ul>\n<li><\/li>\n<\/ul>\n<hr \/>\n<p><strong><span style=\"font-size: 24pt;\">Spezialgebiete<\/span><\/strong><\/p>\n<p><strong>Studien auf der Sternenflottenakademie:<\/strong><\/p>\n<p>&nbsp;<\/p>\n<p>Hauptf\u00e4cher:<\/p>\n<ul>\n<li><\/li>\n<\/ul>\n<p>Nebenf\u00e4cher:<\/p>\n<ul>\n<li><\/li>\n<\/ul>\n<p><strong>Besonderheiten der eigenen Spezies:<\/strong><br \/>\nKeine<\/p>\n<p><strong>Sonstiges:<\/strong><\/p>\n<p>&nbsp;<\/p>\n<hr \/>\n<p><strong><span style=\"font-size: 24pt;\">Hobbies<\/span><\/strong><\/p>\n<ul>\n<li><\/li>\n<\/ul>\n<hr \/>\n<p><strong><span style=\"font-size: 24pt;\">Medizinisches Profil<\/span><\/strong><\/p>\n<p>&nbsp;<\/p>\n<p><strong>Krankheiten &amp; Gesundheit:<\/strong><\/p>\n<ul>\n<li><\/li>\n<\/ul>\n<hr \/>\n<p><strong><span style=\"font-size: 24pt;\">Klassifzierte Sektion<\/span><\/strong><\/p>\n<p>Keine Eintr\u00e4ge<\/p>\n","protected":false},"excerpt":{"rendered":"<p>Lebenslauf Charaktername Status PC Spieler Spielername Dienstliche Informationen Ranggrafik Rang Ensign Posten Stationierung USS Hephaistos Physische Beschreibung Spezies Mensch Geschlecht Gr\u00f6\u00dfe \u00a0cm Gewicht \u00a0kg Hautfarbe Haarfarbe Augenfarbe Biographische Informationen Geburtsort Geburtstag Familienstand ledig Familie Religion Politische informationen Buergerschaft F\u00f6derationsb\u00fcrger &nbsp; &nbsp; Psychologisches Profil &nbsp; St\u00e4rken \/ Schw\u00e4chen Positiv: Negativ: Vorlieben: Abneigungen:\u00a0 Spezialgebiete Studien auf der&#8230;<\/p>\n<p class=\"more-link-wrap\"><a href=\"https:\/\/www.sf-germany.org\/einheiten\/uss-hephaistos\/die-crew\/spieler\/jurot-elbrum\/\" class=\"more-link\">Read More<span class=\"screen-reader-text\"> &ldquo;Jurot Elbrum&rdquo;<\/span> &raquo;<\/a><\/p>\n","protected":false},"author":2,"featured_media":0,"parent":54,"menu_order":203,"comment_status":"closed","ping_status":"closed","template":"page-templates\/medium.php","meta":{"footnotes":""},"class_list":["post-6369","page","type-page","status-publish","hentry"],"_links":{"self":[{"href":"https:\/\/www.sf-germany.org\/einheiten\/uss-hephaistos\/wp-json\/wp\/v2\/pages\/6369","targetHints":{"allow":["GET"]}}],"collection":[{"href":"https:\/\/www.sf-germany.org\/einheiten\/uss-hephaistos\/wp-json\/wp\/v2\/pages"}],"about":[{"href":"https:\/\/www.sf-germany.org\/einheiten\/uss-hephaistos\/wp-json\/wp\/v2\/types\/page"}],"author":[{"embeddable":true,"href":"https:\/\/www.sf-germany.org\/einheiten\/uss-hephaistos\/wp-json\/wp\/v2\/users\/2"}],"replies":[{"embeddable":true,"href":"https:\/\/www.sf-germany.org\/einheiten\/uss-hephaistos\/wp-json\/wp\/v2\/comments?post=6369"}],"version-history":[{"count":4,"href":"https:\/\/www.sf-germany.org\/einheiten\/uss-hephaistos\/wp-json\/wp\/v2\/pages\/6369\/revisions"}],"predecessor-version":[{"id":6999,"href":"https:\/\/www.sf-germany.org\/einheiten\/uss-hephaistos\/wp-json\/wp\/v2\/pages\/6369\/revisions\/6999"}],"up":[{"embeddable":true,"href":"https:\/\/www.sf-germany.org\/einheiten\/uss-hephaistos\/wp-json\/wp\/v2\/pages\/54"}],"wp:attachment":[{"href":"https:\/\/www.sf-germany.org\/einheiten\/uss-hephaistos\/wp-json\/wp\/v2\/media?parent=6369"}],"curies":[{"name":"wp","href":"https:\/\/api.w.org\/{rel}","templated":true}]}}