{"id":644,"date":"2018-10-21T14:13:49","date_gmt":"2018-10-21T12:13:49","guid":{"rendered":"http:\/\/www.sf-germany.org\/einheiten\/hephaistos\/?page_id=644"},"modified":"2025-08-18T18:41:24","modified_gmt":"2025-08-18T16:41:24","slug":"jetsun-pema","status":"publish","type":"page","link":"https:\/\/www.sf-germany.org\/einheiten\/uss-hephaistos\/die-crew\/spieler\/jetsun-pema\/","title":{"rendered":"Jetsun Pema"},"content":{"rendered":"<div style=\"float: right; margin-left: 15px; margin-bottom: 15px; font-size: 11px;\">\n<table style=\"border: solid 0px #003366; background: transparent; box-shadow: 0.1em 0.1em 0.5em rgba(255,255,255,0.75); -moz-box-shadow: 0.1em 0.1em 0.5em rgba(255,255,255,0.75); -webkit-box-shadow: 0.1em 0.1em 0.5em rgba(255,255,255,0.75); border-radius: 1em; -moz-border-radius: 1em; -webkit-border-radius: 1em;\" border=\"3\" cellspacing=\"10\" align=\"right\">\n<tbody>\n<tr>\n<td style=\"font-weight: bold; border: solid 0px transparent;\" colspan=\"2\" align=\"center\"><\/td>\n<\/tr>\n<tr>\n<td style=\"background: transparent; border: solid 0px transparent;\" colspan=\"2\" align=\"center\"><a href=\"https:\/\/www.sf-germany.org\/einheiten\/uss-hephaistos\/wp-content\/uploads\/6.png\"><img loading=\"lazy\" decoding=\"async\" class=\"aligncenter\" src=\"https:\/\/www.sf-germany.org\/einheiten\/uss-hephaistos\/wp-content\/uploads\/6q.png\" alt=\"\" width=\"190\" height=\"163\" \/><\/a><\/td>\n<\/tr>\n<tr>\n<td style=\"font-weight: bold; border: solid 0px transparent;\" colspan=\"2\" align=\"center\"><b>Dr. Jetsun Pema<\/b><\/td>\n<\/tr>\n<tr>\n<td style=\"font-weight: bold; border: solid 0px transparent;\" align=\"right\" width=\"50%\">Status<\/td>\n<td style=\"border: solid 0px transparent;\" align=\"left\" width=\"50%\">PC<\/td>\n<\/tr>\n<tr>\n<td style=\"font-weight: bold; border: solid 0px transparent;\" align=\"right\" width=\"50%\">Spieler<\/td>\n<td style=\"border: solid 0px transparent;\" align=\"left\" width=\"50%\">Isabelle<\/td>\n<\/tr>\n<tr>\n<td style=\"font-weight: bold; border: solid 0px #003366; background: #555; box-shadow: 0.1em 0.1em 0.5em rgba(255,255,255,0.75); -webkit-box-shadow: 0.1em 0.1em 0.5em rgba(255,255,255,0.75); border-radius: 1em; -webkit-border-radius: 1em;\" colspan=\"2\" align=\"center\">Dienstliche Informationen<\/td>\n<\/tr>\n<tr>\n<td style=\"font-weight: bold; border: solid 0px transparent;\" align=\"right\" width=\"50%\">Ranggrafik<\/td>\n<td style=\"border: solid 0px transparent;\" align=\"left\" width=\"50%\"><img loading=\"lazy\" decoding=\"async\" src=\"https:\/\/www.sf-germany.com\/images\/schemata\/sto\/blau\/ltjg.png\" alt=\"\" width=\"100\" height=\"25\" \/><\/td>\n<\/tr>\n<tr>\n<td style=\"font-weight: bold; border: solid 0px transparent;\" align=\"right\" width=\"50%\">Rang<\/td>\n<td style=\"border: solid 0px transparent;\" align=\"left\" width=\"50%\">Lieutenant j.g.<\/td>\n<\/tr>\n<tr>\n<td style=\"font-weight: bold; border: solid 0px transparent;\" align=\"right\" width=\"50%\">Posten<\/td>\n<td style=\"border: solid 0px transparent;\" align=\"left\" width=\"50%\">CM<\/td>\n<\/tr>\n<tr>\n<td style=\"font-weight: bold; border: solid 0px transparent;\" align=\"right\" width=\"50%\">Stationierung<\/td>\n<td style=\"border: solid 0px transparent;\" align=\"left\" width=\"50%\">USS Hephaistos<\/td>\n<\/tr>\n<tr>\n<td style=\"font-weight: bold; border: solid 0px #003366; background: #555; box-shadow: 0.1em 0.1em 0.5em rgba(255,255,255,0.75); -webkit-box-shadow: 0.1em 0.1em 0.5em rgba(255,255,255,0.75); border-radius: 1em; -webkit-border-radius: 1em;\" colspan=\"2\" align=\"center\">Biographische Informationen<\/td>\n<\/tr>\n<tr>\n<td style=\"font-weight: bold; border: solid 0px transparent;\" align=\"right\" width=\"50%\">Geburtstag<\/td>\n<td style=\"border: solid 0px transparent;\" align=\"left\" width=\"50%\">04.06.2386<\/td>\n<\/tr>\n<tr>\n<td style=\"font-weight: bold; border: solid 0px transparent;\" align=\"right\" width=\"50%\">Herkunft<\/td>\n<td style=\"border: solid 0px transparent;\" align=\"left\" width=\"50%\">Thimphu \/ Bhutan, Erde<\/td>\n<\/tr>\n<tr>\n<td style=\"font-weight: bold; border: solid 0px transparent;\" align=\"right\" width=\"50%\">Familienstand<\/td>\n<td style=\"border: solid 0px transparent;\" align=\"left\" width=\"50%\">verwitwet<\/td>\n<\/tr>\n<tr>\n<td style=\"font-weight: bold; border: 0px solid transparent;\" align=\"right\" valign=\"top\" width=\"50%\">Vater<\/td>\n<td style=\"border: 0px solid transparent;\" align=\"left\" width=\"50%\">\n<div>Mathu Prakash,<br \/>\nPilot auf einem<br \/>\ninterplanetaren<br \/>\nSpaceliner<\/div>\n<\/td>\n<\/tr>\n<tr>\n<td style=\"font-weight: bold; border: solid 0px transparent;\" align=\"right\" valign=\"top\" width=\"50%\">Mutter<\/td>\n<td style=\"border: solid 0px transparent;\" align=\"left\" width=\"50%\">Narayan Devi<\/td>\n<\/tr>\n<tr>\n<td style=\"font-weight: bold; border: solid 0px transparent;\" align=\"right\" valign=\"top\" width=\"50%\">Geschwister<\/td>\n<td style=\"border: solid 0px transparent;\" align=\"left\" width=\"50%\">Mohan Prem (m, 19 J.),<br \/>\nSher Tara (f., 17 J.),<br \/>\nSanti Sita (f., 16 J.,<br \/>\nGopal Tula (m., 13 J.)<\/td>\n<\/tr>\n<tr>\n<td style=\"font-weight: bold; border: solid 0px transparent;\" align=\"right\" valign=\"top\" width=\"50%\">Religion<\/td>\n<td style=\"border: solid 0px transparent;\" align=\"left\" width=\"50%\">Buddhismus<\/td>\n<\/tr>\n<tr>\n<td style=\"font-weight: bold; border: solid 0px #003366; background: #555; box-shadow: 0.1em 0.1em 0.5em rgba(255,255,255,0.75); -webkit-box-shadow: 0.1em 0.1em 0.5em rgba(255,255,255,0.75); border-radius: 1em; -webkit-border-radius: 1em;\" colspan=\"2\" align=\"center\">Physische Beschreibung<\/td>\n<\/tr>\n<tr>\n<td style=\"font-weight: bold; border: solid 0px transparent;\" align=\"right\" width=\"50%\">Spezies<\/td>\n<td style=\"border: solid 0px transparent;\" align=\"left\" width=\"50%\">Mensch<\/td>\n<\/tr>\n<tr>\n<td style=\"font-weight: bold; border: solid 0px transparent;\" align=\"right\" width=\"50%\">Geschlecht<\/td>\n<td style=\"border: solid 0px transparent;\" align=\"left\" width=\"50%\">weiblich<\/td>\n<\/tr>\n<tr>\n<td style=\"font-weight: bold; border: solid 0px transparent;\" align=\"right\" width=\"50%\">Gr\u00f6\u00dfe<\/td>\n<td style=\"border: solid 0px transparent;\" align=\"left\" width=\"50%\">164 cm<\/td>\n<\/tr>\n<tr>\n<td style=\"font-weight: bold; border: solid 0px transparent;\" align=\"right\" width=\"50%\">Gewicht<\/td>\n<td style=\"border: solid 0px transparent;\" align=\"left\" width=\"50%\">62 kg<\/td>\n<\/tr>\n<tr>\n<td style=\"font-weight: bold; border: solid 0px transparent;\" align=\"right\" width=\"50%\">Haarfarbe<\/td>\n<td style=\"border: solid 0px transparent;\" align=\"left\" width=\"50%\">tiefschwarz<\/td>\n<\/tr>\n<tr>\n<td style=\"font-weight: bold; border: solid 0px transparent;\" align=\"right\" width=\"50%\">Augenfarbe<\/td>\n<td style=\"border: solid 0px transparent;\" align=\"left\" width=\"50%\">braun<\/td>\n<\/tr>\n<tr>\n<td style=\"font-weight: bold; border: solid 0px transparent;\" align=\"right\" width=\"50%\">Hautfarbe<\/td>\n<td style=\"border: solid 0px transparent;\" align=\"left\" width=\"50%\">hell-Kupferbraun<\/td>\n<\/tr>\n<tr>\n<td style=\"font-weight: bold; border: solid 0px #003366; background: #555; box-shadow: 0.1em 0.1em 0.5em rgba(255,255,255,0.75); -webkit-box-shadow: 0.1em 0.1em 0.5em rgba(255,255,255,0.75); border-radius: 1em; -webkit-border-radius: 1em;\" colspan=\"2\" align=\"center\">Politische informationen<\/td>\n<\/tr>\n<tr>\n<td style=\"font-weight: bold; border: solid 0px transparent;\" align=\"right\" valign=\"top\" width=\"50%\">Buergerschaft<\/td>\n<td style=\"border: solid 0px transparent;\" align=\"left\" width=\"50%\">F\u00f6deration<\/td>\n<\/tr>\n<\/tbody>\n<\/table>\n<\/div>\n<p><strong><span style=\"font-size: 24pt;\">Lebenslauf<\/span><\/strong><\/p>\n<p>Jetsun Pema wurde am 13. Mai 2386 in Thimphu in Bhutan geboren. Ihr Vater war Pilot auf einem interplanetaren Spaceliner, ihre Mutter verwaltete das heimische Gut. Das klingt nach mehr als es ist. Ihre Familie ist zwar adlig und Jetsun f\u00fchrt den Titel einer Ashi, aber in Bhutan ist nach wie vor weniger mehr und das Gut der Familie entsprechend eher klein.<\/p>\n<p>Jetsun wurde sehr traditionell erzogen. Auch im 25. Jahrhundert wird in Bhutan noch gern die Nationaltracht getragen. F\u00fcr Frauen ist das die Kira, f\u00fcr M\u00e4nner der Gho. Au\u00dferdem pflegte die Familie der jungen Jetsun ihre bhuddistische Religion und brachte h\u00e4ufig Opfergaben in den verschiedenen Tempeln dar. F\u00fcr Jetsun war dies mehr als nur eine Pflicht.<\/p>\n<p>Im Alter von sieben Jahren lernte die junge Jetsun bei einem Picknick den zehn Jahre \u00e4lteren Arjun kennen. W\u00e4re Bhutan noch eine echte Monarchie, w\u00e4re er Kronprinz. So aber f\u00fchrte er diesen Titel nur noch ehrenhalber. Schon damals schwor der junge Mann, Jetsun zu heiraten sobald sie erwachsen sein w\u00fcrde. Das junge M\u00e4dchen konnte mit diesem Schwur allerdings noch nicht allzu viel anfangen. Den jungen Mann aber mochte sie durchaus. Und so gab sie sich M\u00fche, durch viel lernen und sportliche Bet\u00e4tigung dem jungen Prinzen gerecht zu werden und ihre Konkurrentinnen, von denen es eine Menge gab, auszustechen. Notwendig war das aber nicht. Arjun hatte seinen Schwur nicht vergessen und so besuchte er die Familie seiner jungen Braut regelm\u00e4\u00dfig und das Paar heiratete schlie\u00dflich am 13.10.2405, kurz nachdem Jetsun ihre Schulausbildung abgeschlossen hatte. Schon einige Monate sp\u00e4ter erwartete die junge Frau ihr erstes Kind.<\/p>\n<p>Ihr Mann Arjun w\u00e4re, w\u00e4re Bhutan noch ein selbstst\u00e4ndiges K\u00f6nigreich, inzwischen selber K\u00f6nig und sie seine K\u00f6nigin. So aber erlangte er durch die Hochzeit den Titel &#8222;Druk Gyalpo&#8220; und konnte seiner jungen Frau somit den korrespondierenden Titel &#8222;Druk Gyaltsuen&#8220; verleihen. Dies hei\u00dft \u00fcbersetzt &#8222;Drachenherrscherin&#8220;, hatte aber keinerlei Bedeutung mehr f\u00fcr das Land und war nur ein reiner Adelstitel.<\/p>\n<p>Doch das Schicksal meinte es b\u00f6se mit der jungen Familie. Eine technische Fehlfunktion &#8211; manche wiederum behaupten, ein bewusster Akt von Sabotage &#8211; an dem Gleiter des jungen Prinzen lie\u00df diesen bei voller Geschwindigkeit ausbrechen und gegen einen entgegenkommenden Transporter krachen. Wie durch ein Wunder \u00fcberlebte Jetsun den Unfall, wenn auch schwer verletzt. Ihr Mann und ihr neugeborener Sohn starben noch am Unfallort.<br \/>\nEs dauerte Wochen, bis Jetsun wieder ansprechbar war. Ihre Verletzungen heilten, dank modernster Medizin im National Referral Hospital behandelt, schnell. Doch der Schock sa\u00df tiefer. Viele Freunde rieten der jungen Frau, sich zur\u00fcck zu ziehen, vielleicht einen Urlaub oder eine Reise anzutreten um auf andere Gedanken zu kommen. Doch Jetsun w\u00e4hlte einen anderen Weg und trat die Flucht nach vorn an: Sie bewarb sich auf einen Offiziersposten an der Sternenflottenakademie.<\/p>\n<p>Schnell zeigte sich, dass Jetsun eine intelligente junge Frau war, die sich selber einfach nur nie allzu viel zugetraut hatte. Sie hatte eine ausgezeichnete Schulbildung mit sehr guten Abschlusszensuren. Nun lernte sie noch mehr, spezialisierte sich dabei vor allem auf Medizin. Ihre Nebenf\u00e4cher waren Diplomatie und Jura.<\/p>\n<p>Nach einer tragischen Explosion an Bord der Hephaistos bei der sowohl der CM als auch der sCM ums Leben kamen machte Jetsun durch ihr besonnenes Verhalten und ihre medizinischen Kenntnisse auf sich aufmerksam so das ihr kurz darauf angeboten wurde den Posten des CM zun\u00e4chst teilweise und sp\u00e4ter dann komplett zu \u00fcbernehmen. Um ihre Kenntnisse vor allem auf dem Gebiet fremder Spezies weiter zu verbessern, nimmt Jetsun immer wieder an Fernschulungen, auch auf dem Holodeck teil. Dies soll am Ende dazu f\u00fchren, dass sie auch ihren Doktor med. machen kann.<\/p>\n<p>Seit der Mission im Thassos-System hat Jetsun eine starke Beziehung zu den dort lebenden Kikonen. Sie pflegt eine intime Freundschaft mit Arsinoe Myzen Xanthia Solange atto Myzen, der Tochter einer der zwei Prinkipaxi, der F\u00fcrstinnen des Planeten.<br \/>\nNach Abschluss der Mission wurde Jetsun zum Lieutenant Junior Grade bef\u00f6rdert.<\/p>\n<p>Nachdem die Hephaisos w\u00e4hrend eines Einsatz in eine fraktale Anomalie gezogen wurde, hat Jetsun, hervorgerufen durch die Gegebenheiten in der Anomalie zwei schwarze Fl\u00fcgel auf dem R\u00fccken entwickelt. Diese Schwingen erlauben ihr theoretisch, zu fliegen, was aber an Bord des Schiffes aufgrund der r\u00e4umlichen Gegebenheiten weder m\u00f6glich noch hilfreich ist. Seit dieser Mission verbindet Jetsun und Staff Sergeant Massimo Aquila vom Hazzard Team auch eine innige Liebesbeziehung.<\/p>\n<p>Im September 2416 promovierte sie auf Shermans Planet und bekam ihre Dkotorw\u00fcrde verliehen. Au\u00dferdem, als Folge einer Mission, welche Sie hinter die feindlichen klingonischen Linien f\u00fchrte, wurde ihr auch die Sternenflotten-Auszeichnung f\u00fcr medizinischen Dienst unter Extrembedingungen verliehen.<\/p>\n<hr \/>\n<p><strong><span style=\"font-size: 24pt;\">Auszeichnungen \/ Orden<\/span><\/strong><\/p>\n<p style=\"text-align: center;\"><a href=\"https:\/\/www.sf-germany.org\/einheiten\/uss-hephaistos\/wp-content\/uploads\/JetsunPema.jpg\"><img loading=\"lazy\" decoding=\"async\" class=\"aligncenter wp-image-6121 size-medium\" src=\"https:\/\/www.sf-germany.org\/einheiten\/uss-hephaistos\/wp-content\/uploads\/JetsunPema-212x300.jpg\" alt=\"\" width=\"212\" height=\"300\" srcset=\"https:\/\/www.sf-germany.org\/einheiten\/uss-hephaistos\/wp-content\/uploads\/JetsunPema-212x300.jpg 212w, https:\/\/www.sf-germany.org\/einheiten\/uss-hephaistos\/wp-content\/uploads\/JetsunPema.jpg 620w\" sizes=\"auto, (max-width: 212px) 100vw, 212px\" \/><\/a><br \/>\n<span style=\"font-size: 10pt;\"><em>(Ernennungsurkunde zur CM der Hephaistos)<\/em><\/span><\/p>\n<p style=\"text-align: center;\"><img loading=\"lazy\" decoding=\"async\" class=\"alignnone wp-image-6183 size-medium\" src=\"https:\/\/www.sf-germany.org\/einheiten\/uss-hephaistos\/wp-content\/uploads\/bhutan-Druk-Wangyel-1st-cl-sash-badge-273x300.jpg\" alt=\"\" width=\"273\" height=\"300\" srcset=\"https:\/\/www.sf-germany.org\/einheiten\/uss-hephaistos\/wp-content\/uploads\/bhutan-Druk-Wangyel-1st-cl-sash-badge-273x300.jpg 273w, https:\/\/www.sf-germany.org\/einheiten\/uss-hephaistos\/wp-content\/uploads\/bhutan-Druk-Wangyel-1st-cl-sash-badge.jpg 400w\" sizes=\"auto, (max-width: 273px) 100vw, 273px\" \/><\/p>\n<p style=\"text-align: center;\"><span style=\"font-size: 10pt;\"><em>(Druk Yi-Shin Wangyel [\u2018Wish-fulfilling Power of the Thunder Dragon\u2019])<\/em><\/span><\/p>\n<p style=\"text-align: center;\"><a href=\"https:\/\/www.sf-germany.org\/einheiten\/uss-hephaistos\/wp-content\/uploads\/BCO.f89ec13c-e438-4e3c-b946-0acf6be078cf.png\"><img loading=\"lazy\" decoding=\"async\" class=\"alignnone wp-image-9084\" src=\"https:\/\/www.sf-germany.org\/einheiten\/uss-hephaistos\/wp-content\/uploads\/BCO.88f75e43-3616-4ab6-a8fe-aa2006d3393f-200x300.png\" alt=\"\" width=\"300\" height=\"450\" srcset=\"https:\/\/www.sf-germany.org\/einheiten\/uss-hephaistos\/wp-content\/uploads\/BCO.88f75e43-3616-4ab6-a8fe-aa2006d3393f-200x300.png 200w, https:\/\/www.sf-germany.org\/einheiten\/uss-hephaistos\/wp-content\/uploads\/BCO.88f75e43-3616-4ab6-a8fe-aa2006d3393f-683x1024.png 683w, https:\/\/www.sf-germany.org\/einheiten\/uss-hephaistos\/wp-content\/uploads\/BCO.88f75e43-3616-4ab6-a8fe-aa2006d3393f.png 1024w\" sizes=\"auto, (max-width: 300px) 100vw, 300px\" \/><\/a><\/p>\n<p style=\"text-align: center;\"><span style=\"font-size: 10pt;\"><em>Sternenflotten Auszeichung f\u00fcr medizinischen Dienst unter Extrembedingungen hinter feindlichen Linien.<\/em><\/span><\/p>\n<p>&nbsp;<\/p>\n<hr \/>\n<p><strong><span style=\"font-size: 24pt;\">Psychologisches Profil<\/span><\/strong><\/p>\n<p>Jetsun war ein ganz normaler Mensch ohne au\u00dfergew\u00f6hnlichen Gaben oder gar psionische F\u00e4higkeiten.<br \/>\nDies hat sich seit &#8222;Arcadia&#8220; ge\u00e4ndert (\u2192 Klassifizierte Sektion)<br \/>\nIhre gro\u00dfe St\u00e4rke ist ihre Offenheit gegen\u00fcber den meisten anderen Lebewesen, solange diese ihrerseits nicht \u00fcberheblich auftreten.<br \/>\nSie hatte einige Jahre gebraucht, um die Folgen des Unfalls und den Verlust ihrer jungen Familie zu verkraften und dabei viele Stunden in Gespr\u00e4chen bei einer Psychologin verbracht. Auch jetzt sucht sie noch ab und zu Rat bei einem Counselor. Jedoch hat ihr die Sternenflotte eine Freigabe f\u00fcr den Dienst auf einem Sternenschiff oder einer Station erteilt, wenn auch eben mit der Auflage, sich regelm\u00e4\u00dfig zu einem Gespr\u00e4ch einzufinden.<\/p>\n<p><strong>St\u00e4rken \/ Schw\u00e4chen<\/strong><br \/>\n(+) nicht nachtragend<br \/>\n(+) sehr gutes Ged\u00e4chtnis<br \/>\n(-) versteht die meisten Witze nicht. Daher l\u00e4sst sie sich leicht foppen.<br \/>\n(-) ist schnell beleidigt,<br \/>\n(-) religi\u00f6s etwas voreingenommen<\/p>\n<hr \/>\n<p><strong><span style=\"font-size: 24pt;\">Spezialgebiete<\/span><\/strong><\/p>\n<ul>\n<li>Sprachen: Dzongkha, English (fed. Std.), Hindi,<\/li>\n<li>Lehrg\u00e4nge: standard-Ausbildung an der SF-Akademie mit besonderem Augenmerk auf Diplomatie.<\/li>\n<li>Zusatzausbildungen: Medizin I (Humanmedizin) und II (Medizin nichtirdischer Spezies)<\/li>\n<li>Doktorgrad in Medizin<\/li>\n<li>zivile Vorbildung: Sprachen, Bogenschie\u00dfen<\/li>\n<\/ul>\n<hr \/>\n<p><strong><span style=\"font-size: 24pt;\">Hobbies<\/span><\/strong><\/p>\n<ul>\n<li>Kunst \/ Malerei,<\/li>\n<li>Musik,<\/li>\n<li>Tanzen,<\/li>\n<li>Basketball,<\/li>\n<li>Bogenschie\u00dfen<\/li>\n<\/ul>\n<hr \/>\n<p><strong><span style=\"font-size: 24pt;\">Medizinisches Profil<\/span><\/strong><\/p>\n<p>Jetsun hat keine Narben durch den Unfall davon getragen. Moderne Medizin konnte solche leicht behandeln. Gebrochene Knochen und verletzte innere Organe wurden wieder komplett hergestellt.<br \/>\nJetsun mag keine Tatoos oder Piercings. Deshalb wird sie nie einwilligen, solcherlei Verunstaltungen an ihrem K\u00f6rper vorzunehmen.<\/p>\n<p>Seit der Mission <a href=\"https:\/\/www.sf-germany.org\/einheiten\/uss-hephaistos\/logbuch\/missionen\/welcome-to-arcadia\/\">Welcome to Arcadia<\/a> besitzt Jetsun lange schwarze engelsgleiche Fl\u00fcgel.<\/p>\n<hr \/>\n<p><strong><span style=\"font-size: 24pt;\">Klassifizierte Sektion<\/span><\/strong><\/p>\n<p>SD 290502 \u2013 SD 300101 wurde die USS Hephaistos in einen fraktalen Strukturriss, also einer Anomalie, gezogen und galt einige Zeit als verschollen.<br \/>\n(Siehe Mission <a href=\"https:\/\/www.sf-germany.org\/einheiten\/uss-hephaistos\/logbuch\/missionen\/welcome-to-arcadia\/\">Welcome to Arcadia<\/a>)<br \/>\nDie Besatzungsmitglieder lebten dort in einer mittelalterlichen Welt mit starkem Fantasy-Einschlag und eigener Vergangenheit und ohne Erinnerung an ihr Leben in der Sternenflotte. Es gab Fabelwesen, Magie und die typischen Spezies aus Fantasy-Universen wie Elfen, Zwerge und Orks.<br \/>\nJetsun war dort eine gefl\u00fcgelte Magierin, eine Svargiya. Sie lebte mit einigen Feen-Dienern und ihren beiden gefl\u00fcgelten Bergh\u00f6rnchen alleine in einem h\u00f6lzernen Palast au\u00dferhalb der anderen Ortschaften.<br \/>\nNach der Wiedervereinigung mit ihrem Sternenflotten-ich hat Jetsun an sich einige Ver\u00e4nderungen bemerkt. So sind nach und nach einige ihrer Svargiya-Auspr\u00e4gungen wieder an die Oberfl\u00e4che gekommen.<br \/>\nSie hat wieder ihre Svargiya-Schwingen entwickelt, mit denen sie tats\u00e4chlich fliegen kann. Ihre in Arcadia funktionierenden, dort als Eis-Magie geltene psionische F\u00e4higkeit der K\u00e4ltemanipulation sind, zwar deutlich schw\u00e4cher ausgepr\u00e4gt, ebenfalls wieder vorhanden.<\/p>\n","protected":false},"excerpt":{"rendered":"<p>Dr. Jetsun Pema Status PC Spieler Isabelle Dienstliche Informationen Ranggrafik Rang Lieutenant j.g. Posten CM Stationierung USS Hephaistos Biographische Informationen Geburtstag 04.06.2386 Herkunft Thimphu \/ Bhutan, Erde Familienstand verwitwet Vater Mathu Prakash, Pilot auf einem interplanetaren Spaceliner Mutter Narayan Devi Geschwister Mohan Prem (m, 19 J.), Sher Tara (f., 17 J.), Santi Sita (f., 16&#8230;<\/p>\n<p class=\"more-link-wrap\"><a href=\"https:\/\/www.sf-germany.org\/einheiten\/uss-hephaistos\/die-crew\/spieler\/jetsun-pema\/\" class=\"more-link\">Read More<span class=\"screen-reader-text\"> &ldquo;Jetsun Pema&rdquo;<\/span> &raquo;<\/a><\/p>\n","protected":false},"author":1,"featured_media":0,"parent":54,"menu_order":15,"comment_status":"closed","ping_status":"closed","template":"page-templates\/medium.php","meta":{"footnotes":""},"class_list":["post-644","page","type-page","status-publish","hentry"],"_links":{"self":[{"href":"https:\/\/www.sf-germany.org\/einheiten\/uss-hephaistos\/wp-json\/wp\/v2\/pages\/644","targetHints":{"allow":["GET"]}}],"collection":[{"href":"https:\/\/www.sf-germany.org\/einheiten\/uss-hephaistos\/wp-json\/wp\/v2\/pages"}],"about":[{"href":"https:\/\/www.sf-germany.org\/einheiten\/uss-hephaistos\/wp-json\/wp\/v2\/types\/page"}],"author":[{"embeddable":true,"href":"https:\/\/www.sf-germany.org\/einheiten\/uss-hephaistos\/wp-json\/wp\/v2\/users\/1"}],"replies":[{"embeddable":true,"href":"https:\/\/www.sf-germany.org\/einheiten\/uss-hephaistos\/wp-json\/wp\/v2\/comments?post=644"}],"version-history":[{"count":40,"href":"https:\/\/www.sf-germany.org\/einheiten\/uss-hephaistos\/wp-json\/wp\/v2\/pages\/644\/revisions"}],"predecessor-version":[{"id":9087,"href":"https:\/\/www.sf-germany.org\/einheiten\/uss-hephaistos\/wp-json\/wp\/v2\/pages\/644\/revisions\/9087"}],"up":[{"embeddable":true,"href":"https:\/\/www.sf-germany.org\/einheiten\/uss-hephaistos\/wp-json\/wp\/v2\/pages\/54"}],"wp:attachment":[{"href":"https:\/\/www.sf-germany.org\/einheiten\/uss-hephaistos\/wp-json\/wp\/v2\/media?parent=644"}],"curies":[{"name":"wp","href":"https:\/\/api.w.org\/{rel}","templated":true}]}}