{"id":6474,"date":"2021-05-02T18:40:40","date_gmt":"2021-05-02T16:40:40","guid":{"rendered":"http:\/\/www.sf-germany.org\/einheiten\/uss-hephaistos\/?page_id=6474"},"modified":"2022-10-07T12:53:13","modified_gmt":"2022-10-07T10:53:13","slug":"atak-thn","status":"publish","type":"page","link":"https:\/\/www.sf-germany.org\/einheiten\/uss-hephaistos\/die-crew\/atak-thn\/","title":{"rendered":"Taktisches Notfall-Hologramm"},"content":{"rendered":"<div style=\"float: right; margin-left: 15px; margin-bottom: 15px; font-size: 11px;\">\n<table style=\"border: 0px solid #003366; background: transparent; box-shadow: rgba(255, 255, 255, 0.75) 0.1em 0.1em 0.5em; border-radius: 1em; width: 100%; height: 776px;\" border=\"3\" cellspacing=\"10\" align=\"right\">\n<tbody>\n<tr style=\"height: 38px;\">\n<td style=\"font-weight: bold; border: 0px solid transparent; height: 38px; width: 100%;\" colspan=\"2\" align=\"center\">\n<ul>\n<li><\/li>\n<\/ul>\n<\/td>\n<\/tr>\n<tr style=\"height: 267px;\">\n<td style=\"background: transparent; border: 0px solid transparent; height: 267px; width: 100%;\" colspan=\"2\" align=\"center\"><img loading=\"lazy\" decoding=\"async\" class=\"alignnone size-full wp-image-6475\" src=\"https:\/\/www.sf-germany.org\/einheiten\/uss-hephaistos\/wp-content\/uploads\/SFT-240.png\" alt=\"\" width=\"240\" height=\"241\" srcset=\"https:\/\/www.sf-germany.org\/einheiten\/uss-hephaistos\/wp-content\/uploads\/SFT-240.png 240w, https:\/\/www.sf-germany.org\/einheiten\/uss-hephaistos\/wp-content\/uploads\/SFT-240-150x150.png 150w\" sizes=\"auto, (max-width: 240px) 100vw, 240px\" \/><\/td>\n<\/tr>\n<tr style=\"font-weight: bold; border: solid 0px transparent;\" align=\"center\">\n<td style=\"height: 16px; width: 100%;\" colspan=\"2\" align=\"center\">TNH (Mark VIIx)<\/td>\n<\/tr>\n<tr style=\"font-weight: bold; border: solid 0px transparent;\" align=\"center\">\n<td style=\"font-weight: bold; border: 0px solid transparent; height: 16px; width: 50%;\" align=\"right\" width=\"50%\">Status<\/td>\n<td style=\"border: 0px solid transparent; height: 16px; width: 50%;\" align=\"left\" width=\"50%\">NPC (Effi)<\/td>\n<\/tr>\n<tr style=\"font-weight: bold; border: solid 0px transparent;\" align=\"center\">\n<td style=\"height: 16px; width: 50%;\" align=\"right\" width=\"50%\">Spieler<\/td>\n<td style=\"height: 16px; width: 50%;\" align=\"left\" width=\"50%\">alle<\/td>\n<\/tr>\n<tr style=\"font-weight: bold; border: solid 0px transparent;\" align=\"center\">\n<td style=\"font-weight: bold; border: 0px solid #003366; background: #555555; box-shadow: rgba(255, 255, 255, 0.75) 0.1em 0.1em 0.5em; border-radius: 1em; height: 16px; width: 100%;\" colspan=\"2\" align=\"center\">Dienstliche Informationen<\/td>\n<\/tr>\n<tr style=\"font-weight: bold; border: solid 0px transparent;\" align=\"center\">\n<td style=\"height: 23px; width: 50%;\" align=\"right\" width=\"50%\">Ranggrafik<\/td>\n<td style=\"border: 0px solid transparent; height: 23px; width: 50%;\" align=\"left\" width=\"50%\"><img loading=\"lazy\" decoding=\"async\" src=\"https:\/\/www.sf-germany.com\/images\/schemata\/sto\/rot\/ziv.png\" alt=\"\" width=\"100\" height=\"25\" \/><\/td>\n<\/tr>\n<tr style=\"font-weight: bold; border: solid 0px transparent;\" align=\"center\">\n<td style=\"height: 16px; width: 50%;\" align=\"right\" width=\"50%\">Rang<\/td>\n<td style=\"border: 0px solid transparent; height: 16px; width: 50%;\" align=\"left\" width=\"50%\">TNH<\/td>\n<\/tr>\n<tr style=\"font-weight: bold; border: solid 0px transparent;\" align=\"center\">\n<td style=\"height: 16px; width: 50%;\" align=\"right\" width=\"50%\">Posten<\/td>\n<td style=\"border: 0px solid transparent; height: 16px; width: 50%;\" align=\"left\" width=\"50%\">TNH<\/td>\n<\/tr>\n<tr style=\"font-weight: bold; border: solid 0px transparent;\" align=\"center\">\n<td style=\"height: 16px; width: 50%;\" align=\"right\" width=\"50%\">Stationierung<\/td>\n<td style=\"border: 0px solid transparent; height: 16px; width: 50%;\" align=\"left\" width=\"50%\">USS Hephaistos<\/td>\n<\/tr>\n<tr style=\"font-weight: bold; border: solid 0px #003366; background: #555; box-shadow: 0.1em 0.1em 0.5em rgba(255,255,255,0.75); -webkit-box-shadow: 0.1em 0.1em 0.5em rgba(255,255,255,0.75); border-radius: 1em; -webkit-border-radius: 1em;\" align=\"center\">\n<td style=\"height: 16px; width: 100%;\" colspan=\"2\" align=\"center\">Biographische Informationen<\/td>\n<\/tr>\n<tr style=\"font-weight: bold; border: solid 0px transparent;\" align=\"center\">\n<td style=\"height: 16px; width: 50%;\" align=\"right\" width=\"50%\">Geburtstag<\/td>\n<td style=\"border: 0px solid transparent; height: 16px; width: 50%;\" align=\"left\" width=\"50%\">&#8211;<\/td>\n<\/tr>\n<tr style=\"font-weight: bold; border: solid 0px transparent;\" align=\"center\">\n<td style=\"height: 16px; width: 50%;\" align=\"right\" width=\"50%\">Geburtsort<\/td>\n<td style=\"border: 0px solid transparent; height: 16px; width: 50%;\" align=\"left\" width=\"50%\">USB Ganymed<\/td>\n<\/tr>\n<tr style=\"font-weight: bold; border: solid 0px #003366; background: #555; box-shadow: 0.1em 0.1em 0.5em rgba(255,255,255,0.75); -webkit-box-shadow: 0.1em 0.1em 0.5em rgba(255,255,255,0.75); border-radius: 1em; -webkit-border-radius: 1em;\" align=\"center\">\n<td style=\"height: 16px; width: 100%;\" colspan=\"2\" align=\"center\">Physische Beschreibung<\/td>\n<\/tr>\n<tr style=\"font-weight: bold; border: solid 0px transparent;\" align=\"center\">\n<td style=\"height: 16px; width: 50%;\" align=\"right\" width=\"50%\">Spezies<\/td>\n<td style=\"border: 0px solid transparent; height: 16px; width: 50%;\" align=\"left\" width=\"50%\">Hologramm<\/td>\n<\/tr>\n<tr style=\"font-weight: bold; border: solid 0px transparent;\" align=\"center\">\n<td style=\"height: 16px; width: 50%;\" align=\"right\" width=\"50%\">Geschlecht<\/td>\n<td style=\"border: 0px solid transparent; height: 16px; width: 50%;\" align=\"left\" width=\"50%\">weiblich<\/td>\n<\/tr>\n<tr style=\"font-weight: bold; border: solid 0px transparent;\" align=\"center\">\n<td style=\"height: 16px; width: 50%;\" align=\"right\" width=\"50%\">Gr\u00f6\u00dfe<\/td>\n<td style=\"border: 0px solid transparent; height: 16px; width: 50%;\" align=\"left\" width=\"50%\">175 cm<\/td>\n<\/tr>\n<tr style=\"font-weight: bold; border: solid 0px transparent;\" align=\"center\">\n<td style=\"height: 16px; width: 50%;\" align=\"right\" width=\"50%\">Gewicht<\/td>\n<td style=\"border: 0px solid transparent; height: 16px; width: 50%;\" align=\"left\" width=\"50%\">&#8211;<\/td>\n<\/tr>\n<tr style=\"font-weight: bold; border: solid 0px transparent;\" align=\"center\">\n<td style=\"height: 16px; width: 50%;\" align=\"right\" width=\"50%\">Haarfarbe<\/td>\n<td style=\"border: 0px solid transparent; height: 16px; width: 50%;\" align=\"left\" width=\"50%\">schwarz<\/td>\n<\/tr>\n<tr style=\"font-weight: bold; border: solid 0px transparent;\" align=\"center\">\n<td style=\"height: 16px; width: 50%;\" align=\"right\" width=\"50%\">Augenfarbe<\/td>\n<td style=\"border: 0px solid transparent; height: 16px; width: 50%;\" align=\"left\" width=\"50%\">braun<\/td>\n<\/tr>\n<tr style=\"font-weight: bold; border: solid 0px transparent;\" align=\"center\">\n<td style=\"height: 16px; width: 50%;\" align=\"right\" width=\"50%\">Haut<\/td>\n<td style=\"border: 0px solid transparent; height: 16px; width: 50%;\" align=\"left\" width=\"50%\">dunkel<\/td>\n<\/tr>\n<tr style=\"font-weight: bold; border: solid 0px #003366; background: #555; box-shadow: 0.1em 0.1em 0.5em rgba(255,255,255,0.75); -webkit-box-shadow: 0.1em 0.1em 0.5em rgba(255,255,255,0.75); border-radius: 1em; -webkit-border-radius: 1em;\" align=\"center\">\n<td style=\"height: 16px; width: 100%;\" colspan=\"2\" align=\"center\">Politische Informationen<\/td>\n<\/tr>\n<tr style=\"font-weight: bold; border: solid 0px transparent;\" align=\"center\">\n<td style=\"height: 16px; width: 50%;\" align=\"right\" valign=\"top\" width=\"50%\">Buergerschaft<\/td>\n<td style=\"border: 0px solid transparent; height: 16px; width: 50%;\" align=\"left\" width=\"50%\">F\u00f6derationsb\u00fcrger<\/td>\n<\/tr>\n<\/tbody>\n<\/table>\n<\/div>\n<h2>Beschreibung<\/h2>\n<p>Das TNH Mark VIIx hat das Aussehen einer afrikanischen Menschenfrau Anfang 40, mit schwarzem Kraushaar und braunen Augen. Im sichtbaren Zustand tr\u00e4gt sie eine taktische Offiziersuniform des f\u00fcr die Einheit festgelegten Standardtyps mit speziellen Rangpins, die sie als Hologramm ausweisen. Sie tr\u00e4gt zudem das TASK Logo an der Uniform.<\/p>\n<p>Falls ein Name ben\u00f6tigt wird, identifiziert sich das Hologramm als &#8218;Adisa Aiyetoro&#8216; &#8211; Adisa bedeutet auf nigerianisch &#8218;Die Klare&#8216;, w\u00e4hrend Aiyetoro mit &#8218;Friede auf Erden&#8216; \u00fcbersetzt werden kann.<\/p>\n<h2>Lebenslauf<\/h2>\n<p>Das TNH Mark VIIx wurde f\u00fcr das <a href=\"https:\/\/www.sf-germany.org\/einheiten\/uss-hephaistos\/das-schiff\/autonome-taktische-analyse-komponente-atak\/\">ATAK<\/a> entwickelt und ist mit diesem auf der USS Hephaistos eingesetzt. Im Gegensatz zu der sonstigen holographischen Crew befindet es sich in einem separaten, speziell abgesicherten Speicherbereich, der an das ATAK angeschlossen ist und nicht in den Speicherb\u00e4nken des Hauptcomputers.<\/p>\n<hr \/>\n<h2>Psychologisches Profil<\/h2>\n<p>Das TNH wurde einerseits als Erg\u00e4nzung zum ATAK entwickelt, um Entscheidungskompetenz und eine gewissen Unberechenbarkeit mit einzubringen, zum anderen als Ersatz f\u00fcr den Taktischen Offizier w\u00e4hrend Gefahrensituationen. Daher ist das Profil des TNH das einer ruhigen, \u00fcberlegt und methodisch agierenden Frau, die durchaus impulsiv aber nie aufbrausend agiert und sich streng an die Hierachie an Bord h\u00e4lt.<\/p>\n<p>Wird Sie im Notfallmodus aktiviert, nimmt sie nur noch Befehle von CO, EO, 2O, TAK und sTAK entgegen. Ihre erste Pr\u00e4misse ist es dabei, Zivilisten, Crew und Schiff in Sicherheit zu bringen &#8211; in dieser Reihenfolge.<\/p>\n<hr \/>\n<h2>Spezialgebiete<\/h2>\n<p>Das TNH ist direkt mit dem ATAK verbunden, verf\u00fcgt aber \u00fcber einen von diesem getrennten Speicher. Dieser stellt ein selbstlernendes System dar, was mit den Erfahrungen verschiedener taktischer Offiziere gef\u00fcttert wurde. Dar\u00fcber hinaus sind dort die Vorschriften und Direktiven der Sternenflotte abgelegt. Zudem verschiedene kulturelle Informationen, gerade im Bereich Interspezies-Protokolle. Das soll dabei helfen, unangenehme Missverst\u00e4ndnisse zu vermeiden.<\/p>\n<hr \/>\n<h3>Sprachen<\/h3>\n<ul>\n<li>Alle Sprachen, die der Universal\u00fcbersetzer versteht.<\/li>\n<\/ul>\n<hr \/>\n<h2>Hobbies<\/h2>\n<p>Keine<\/p>\n<hr \/>\n<h2>Technisches Profil<\/h2>\n<p>Das TNH ist ein Hologramm mit selbstlernender neuronaler Matrix, dessen Speicher in dem ATAK angeschlossenen Komponenten liegt und somit nicht im Speicher des Hauptcomputers. W\u00e4hrend der Ausf\u00fchrung beansprucht es zwar Rechenleistung des Hauptcomputers &#8211; das ATAK besitzt aber selbst einen Mikro-Kern um im Falle eines Ausfall des Hauptcomputers oder bei fremden Eindringen selbst Notfallma\u00dfnahmen einleiten zu k\u00f6nnen. In diesem Fall wird aber die holographische Komponente aktiviert.<\/p>\n<p>Das ATAK blockiert hart den Bootvorgang anderer holographischer taktischer Offiziere beziehungsweise beendet deren Ausf\u00fchrung, wenn das TNH aktiviert wird.<\/p>\n<hr \/>\n<h2>Klassifzierte Sektion<\/h2>\n<p>Das gesamte TNH, seine Algorithmen und Daten, unterliegen einer Klassifizierung. Der Speicherbereich selbst ist verplompt und verschl\u00fcsselt. Eine Modifikation ohne entsprechende Sicherheitszertifikate f\u00fchrt zu einer Zur\u00fccksetzung des TNH auf das letzte als sicher erkannte Backup.<\/p>\n","protected":false},"excerpt":{"rendered":"<p>TNH (Mark VIIx) Status NPC (Effi) Spieler alle Dienstliche Informationen Ranggrafik Rang TNH Posten TNH Stationierung USS Hephaistos Biographische Informationen Geburtstag &#8211; Geburtsort USB Ganymed Physische Beschreibung Spezies Hologramm Geschlecht weiblich Gr\u00f6\u00dfe 175 cm Gewicht &#8211; Haarfarbe schwarz Augenfarbe braun Haut dunkel Politische Informationen Buergerschaft F\u00f6derationsb\u00fcrger Beschreibung Das TNH Mark VIIx hat das Aussehen einer&#8230;<\/p>\n<p class=\"more-link-wrap\"><a href=\"https:\/\/www.sf-germany.org\/einheiten\/uss-hephaistos\/die-crew\/atak-thn\/\" class=\"more-link\">Read More<span class=\"screen-reader-text\"> &ldquo;Taktisches Notfall-Hologramm&rdquo;<\/span> &raquo;<\/a><\/p>\n","protected":false},"author":4,"featured_media":0,"parent":27,"menu_order":20,"comment_status":"closed","ping_status":"closed","template":"page-templates\/medium.php","meta":{"footnotes":""},"class_list":["post-6474","page","type-page","status-publish","hentry"],"_links":{"self":[{"href":"https:\/\/www.sf-germany.org\/einheiten\/uss-hephaistos\/wp-json\/wp\/v2\/pages\/6474","targetHints":{"allow":["GET"]}}],"collection":[{"href":"https:\/\/www.sf-germany.org\/einheiten\/uss-hephaistos\/wp-json\/wp\/v2\/pages"}],"about":[{"href":"https:\/\/www.sf-germany.org\/einheiten\/uss-hephaistos\/wp-json\/wp\/v2\/types\/page"}],"author":[{"embeddable":true,"href":"https:\/\/www.sf-germany.org\/einheiten\/uss-hephaistos\/wp-json\/wp\/v2\/users\/4"}],"replies":[{"embeddable":true,"href":"https:\/\/www.sf-germany.org\/einheiten\/uss-hephaistos\/wp-json\/wp\/v2\/comments?post=6474"}],"version-history":[{"count":3,"href":"https:\/\/www.sf-germany.org\/einheiten\/uss-hephaistos\/wp-json\/wp\/v2\/pages\/6474\/revisions"}],"predecessor-version":[{"id":6478,"href":"https:\/\/www.sf-germany.org\/einheiten\/uss-hephaistos\/wp-json\/wp\/v2\/pages\/6474\/revisions\/6478"}],"up":[{"embeddable":true,"href":"https:\/\/www.sf-germany.org\/einheiten\/uss-hephaistos\/wp-json\/wp\/v2\/pages\/27"}],"wp:attachment":[{"href":"https:\/\/www.sf-germany.org\/einheiten\/uss-hephaistos\/wp-json\/wp\/v2\/media?parent=6474"}],"curies":[{"name":"wp","href":"https:\/\/api.w.org\/{rel}","templated":true}]}}