{"id":6637,"date":"2022-01-24T19:01:19","date_gmt":"2022-01-24T18:01:19","guid":{"rendered":"http:\/\/www.sf-germany.org\/einheiten\/uss-hephaistos\/?page_id=6637"},"modified":"2022-10-07T12:53:14","modified_gmt":"2022-10-07T10:53:14","slug":"das-geisterschiff","status":"publish","type":"page","link":"https:\/\/www.sf-germany.org\/einheiten\/uss-hephaistos\/logbuch\/missionen\/das-geisterschiff\/","title":{"rendered":"Das Geisterschiff"},"content":{"rendered":"<p><span style=\"font-family: arial, helvetica, sans-serif;\"><a href=\"https:\/\/www.sf-germany.org\/einheiten\/uss-hephaistos\/wp-content\/uploads\/2016\/01\/hephaistoscprw3.png\" rel=\"attachment wp-att-11\"><img loading=\"lazy\" decoding=\"async\" class=\"aligncenter wp-image-11\" src=\"https:\/\/www.sf-germany.org\/einheiten\/uss-hephaistos\/wp-content\/uploads\/2016\/01\/hephaistoscprw3.png\" alt=\"hephaistoscprw3\" width=\"193\" height=\"163\" srcset=\"https:\/\/www.sf-germany.org\/einheiten\/uss-hephaistos\/wp-content\/uploads\/2016\/01\/hephaistoscprw3.png 388w, https:\/\/www.sf-germany.org\/einheiten\/uss-hephaistos\/wp-content\/uploads\/2016\/01\/hephaistoscprw3-300x254.png 300w\" sizes=\"auto, (max-width: 193px) 100vw, 193px\" \/><\/a><\/span><\/p>\n<hr \/>\n<table border=\"0\" width=\"400\" cellspacing=\"1\" cellpadding=\"1\">\n<tbody>\n<tr>\n<td colspan=\"2\" align=\"left\" valign=\"middle\" nowrap=\"nowrap\" bgcolor=\"#ea4701\"><span style=\"font-size: 16px; font-family: arial, helvetica, sans-serif;\"><strong>MISSIONSDATEN<\/strong><\/span><\/td>\n<\/tr>\n<tr>\n<td align=\"left\" valign=\"middle\" width=\"110\"><span style=\"font-family: arial, helvetica, sans-serif;\"><strong>CODENAME:<\/strong><\/span><\/td>\n<td align=\"left\" valign=\"middle\" width=\"290\"><span style=\"font-family: arial, helvetica, sans-serif;\">Das Geisterschiff<\/span><\/td>\n<\/tr>\n<tr>\n<td align=\"left\" valign=\"middle\" width=\"110\"><span style=\"font-family: arial, helvetica, sans-serif;\"><strong>MISSIONSTYP:<\/strong><\/span><\/td>\n<td align=\"left\" valign=\"middle\" width=\"290\"><span style=\"font-family: arial, helvetica, sans-serif;\"><strong>Horror \/ Forschung \/ SnD<\/strong><\/span><\/td>\n<\/tr>\n<tr>\n<td align=\"left\" valign=\"middle\" width=\"110\"><span style=\"font-family: arial, helvetica, sans-serif;\"><strong>ZEITRAUM:<\/strong><\/span><\/td>\n<td align=\"left\" valign=\"middle\" width=\"290\"><span style=\"font-family: arial, helvetica, sans-serif;\">SD 270215 &#8211; SD 270924<\/span><\/td>\n<\/tr>\n<tr>\n<td align=\"left\" valign=\"middle\" width=\"110\"><span style=\"font-family: arial, helvetica, sans-serif;\"><strong>STATUS:<\/strong><\/span><\/td>\n<td align=\"left\" valign=\"middle\" width=\"290\"><span style=\"font-family: arial, helvetica, sans-serif;\">beendet<\/span><\/td>\n<\/tr>\n<tr>\n<td align=\"left\" valign=\"middle\" width=\"110\"><span style=\"font-family: arial, helvetica, sans-serif;\"><strong>EINHEITEN:<\/strong><\/span><\/td>\n<td align=\"left\" valign=\"middle\" width=\"290\"><span style=\"font-family: arial, helvetica, sans-serif;\">USS Hephaistos \/ USS Baltimore<\/span><\/td>\n<\/tr>\n<\/tbody>\n<\/table>\n<h2><span style=\"font-family: arial, helvetica, sans-serif;\"><strong><span style=\"font-size: 18px;\">Auftrag<\/span><\/strong><\/span><\/h2>\n<p><span style=\"font-family: arial, helvetica, sans-serif;\">Nach dem Urlaub auf K7 wird die Hephastos beauftragt herauszufinden ob die Klingonen einen nahen Nebel als Sammelplatz f\u00fcr ihren Angriff auf den Briars Patch nutzen.<\/span><br \/>\n<span style=\"font-family: arial, helvetica, sans-serif;\">Als sich die Hephaistos nach 10 Flugtagen dem Nebel n\u00e4hert empf\u00e4ngt sie jedoch einen automatischen Notruf der USS Baltimore, ein Schiff das seit 150 Jahren als verschollen gilt.<\/span><br \/>\n<span style=\"font-family: arial, helvetica, sans-serif;\">Ist dies eine Falle der Klingonen? Was hat es mit dem merkw\u00fcrdigen Geisterschiff auf sich? Wird die Crew das Schiff untersuchen oder erst ihrem eigentlichen Auftrag erledigen?<\/span><\/p>\n<h2><span style=\"font-family: arial, helvetica, sans-serif;\"><strong><span style=\"font-size: 14pt;\">Hintergrund:<\/span><\/strong><\/span><\/h2>\n<p><span style=\"font-family: arial, helvetica, sans-serif;\">Die USS Baltimore verschwand vor gut 150 Jahren spurlos am Rande des Alpha \u2013 Quadranten. Die F\u00f6deration ordnete eine umfassende Untersuchung an, welche jedoch mehr als fruchtlos war, es wurde weder Tr\u00fcmmer noch Signale des Schiffes der <a href=\"https:\/\/memory-alpha.fandom.com\/wiki\/Walker_class\">Walker Klasse<\/a>\u00a0 ausfindig gemacht.<\/span><br \/>\n<span style=\"font-family: arial, helvetica, sans-serif;\">Nach einer sechsmonatigen Untersuchung an welche mehrere Schiffe der Sternenflotte beteilig waren, wurde das Schiff, als auch seine Besatzung als verschollen deklariert.<\/span><br \/>\n<span style=\"font-family: arial, helvetica, sans-serif;\">Bei einem routinem\u00e4\u00dfigen Scan der Hephaistos wird die Kennung eines Schiffes der Sternenflotte geortet. Schnell stellt sich heraus, da\u00df es sich um die verschollene USS Baltimore handelt. Es wird versucht einen Kontakt herzustellen, jedoch bleibt dieser Versuch unbeantwortet. Erste Nahgebietscans zeigen dass es keine humanoide Lebensformen auf dem Schiff gibt.<\/span><\/p>\n<p><span style=\"font-family: arial, helvetica, sans-serif;\"><strong>Personen:<\/strong><\/span><br \/>\n<span style=\"font-family: arial, helvetica, sans-serif;\">&#8211; Captain Nanuk \u2013 Mensch \u2013 (M) \u2013 (Name gr\u00f6nl\u00e4ndisch \u2013 Eisb\u00e4r) &#8211; Inuit<\/span><br \/>\n<span style=\"font-family: arial, helvetica, sans-serif;\">&#8211; XO Lt.Cm. Nafi Dinawari &#8211; (W) \u2013 Persische\/ \u00c4gyptische Wurzeln<\/span><br \/>\n<span style=\"font-family: arial, helvetica, sans-serif;\">&#8211; CWI Lt. Scota McLain \u2013 (W) \u2013 Irische Wurzeln<\/span><br \/>\n<span style=\"font-family: arial, helvetica, sans-serif;\">&#8211; CSO Lt. Norio Tanaka &#8211; (M) &#8211; Japaner<\/span><\/p>\n<h2><span style=\"font-family: arial, helvetica, sans-serif;\"><strong><span style=\"font-size: 18px;\">Missionsverlauf<\/span><\/strong><\/span><\/h2>\n<p><span style=\"font-family: arial, helvetica, sans-serif;\">Am Rande des Nebels f\u00e4ngt die Hephaistos den automatischen Notruf der USS Baltimore auf und ber\u00e4t wie sie nun weiter vor gehen sollen.<\/span><\/p>\n<h3><span style=\"font-family: arial, helvetica, sans-serif;\"><strong>Aktuelle Ereignisse<\/strong><\/span><\/h3>\n<p>Die Crew der Hephaistos hat die USS Baltimore entdeckt und begonnen das Geisterschiff zu durchsuchen. Das Au\u00dfenteam wird von merkw\u00fcrdigen Erscheinungen geplagt und stellt fest das etwas an Bord mit durch ziemlich echte Halluzinationen mit ihren \u00c4ngsten spielt. Die CM hat aufgrund einer dieser Halluzinationen mit einer Rettungskapsel das Schiff verlassen und wurde von der Hephaistos wieder eingesammelt.<br \/>\nWas auch immer auf der Baltimore ist &#8211; offenbar\u00a0 hat dies ebenfalls Einfluss auf die Hephaistos, den auch hier h\u00e4ufen sich Berichte \u00fcber seltsame angsteinfl\u00f6\u00dfende Ereignisse und es gab bereits einen Toten der von &#8218;Lava&#8216; verschluckt wurde. Der CO hat angeordnet im Notfall die Holographische Crew zu aktivieren.<br \/>\nInzwischen wurde der Crew klar das sie das was auch immer an Bord war fangen mussten und erste Pl\u00e4ne wurde ausgearbeitet um dies zu tun. Eines der Wesen wurde so auf das Holodeck gelockt und von Kraftfeldern eingeschlossen.<br \/>\nKurz darauf erschien ein klingonisches Scoutschiff auf den Sensoren das Kurs auf die Baltimore machte. Nachdem die Br\u00fcckencrew verifiziert hatte das diese Meldung tats\u00e4chlich echt war wurde ein Plan ausgearbeitet mir dem man die Klingonen mit Hilfe des Einflusses des Wesens vielleicht in die Flucht schlagen k\u00f6nnte ohne k\u00e4mpfen zu m\u00fcssen. Diese Plan umfasste neben den Holoprojektoren auch den Einsatz eines klingonischen Chors. Man darf gespannt sein ob der Plan auf geht. Der Gesang der Hephaistos Crew hat offenbar die klingonische Barke der Toten vom Kurs abgebracht &#8211; etwas das unsere Chars nat\u00fcrlich nicht wissen. F\u00fcr diese bildet sich im nahen Nebel eine rote Anomalie und auch das Wesen auf der Baltimore scheint an dem neuen Ph\u00e4nomen im Nebel interessiert zu sein. Ob das klingonische Scoutschiff die Anomalie bereits bemerkt hat ist noch unbekannt.<br \/>\nDas Scoutschiff hat sowohl die Anomalie als auch die Baltimore entdeckt, die Hephaistos jedoch nicht. W\u00e4hrend diese sich anpirschen und bereit sind das Feuer auf die Baltimore zu er\u00f6ffnen wird die Anomalie gr\u00f6\u00dfer und die Baltimore n\u00e4hert sich ihr. Gleichzeitig wird der Nachwuchs des Baltimorewesens eingefangen und ein Plan entworfen wie man diese zur\u00fcck zu Mama schicken kann.<br \/>\nDann geschehen mehrere Dinge gleichzeitig. Die Klingonen greifen die Baltimore an, die Hephaistos enttarnt sich als &#8218;Barke der Toten&#8216; w\u00e4hrend angelockt durch den Gesang die Echte Barke der Toten aus der Anomalie auftaucht. In der Verwirrung gelingt es der Hephaistoscrew die Kinder-Wesen zur\u00fcck zur Baltimore zu beamen und das Geisterschiff steuert anschlie\u00dfend direkt auf die Anomalie und die echte Barke zu.<br \/>\nDie Klingonen sind sich ihrem Ruhm sicher und nehmen die Verfolgung auf w\u00e4hrend sich die Hephaistos schnellstens zur\u00fcckzieht. Nicht zu fr\u00fch wie es scheint den die Anomalie &#8218;explodiert&#8216; f\u00f6rmlich. Diese Explosion wiederum schadet zwar der Hephaistos nicht erzeugt aber einen Ionensturm der die versteckte klingonische Flotte fast kampfunf\u00e4hig macht.<br \/>\nDamit hat die Hephaistos ihren urspr\u00fcnglichen Auftrag mehr als erf\u00fcllt und fliegt zur\u00fcck zu K7 um Bericht zu erstattet.<br \/>\nDer Crew wird ausgiebiger Landurlaub auf Shermans Planet gew\u00e4hrt.<\/p>\n<h3><span style=\"font-family: arial, helvetica, sans-serif;\">Die Baltimore<\/span><\/h3>\n<p><a href=\"https:\/\/treksphere.com\/sponsored-content\/truth-or-myth\/truth-or-myth-the-walker-class-u-s-s-shenzhou\/\">Walker-Klasse (englisch)<\/a><\/p>\n<p><span style=\"font-family: arial, helvetica, sans-serif;\">&#8222;[Die H\u00fclle] war in Anbetracht der Zeit noch ganz gut in Schuss, auch wenn sie Spuren von Mikroeinschl\u00e4gen und Verbrennungen aufwies.&#8220;<\/span><\/p>\n<p><span style=\"font-family: arial, helvetica, sans-serif;\">Innentemperatur 12\u00b0C -&gt; Lebenserhaltung funktioniert (zum Teil)<\/span><\/p>\n<pre class=\"moz-quote-pre\"><span style=\"font-family: arial, helvetica, sans-serif;\">Die Gravitation betr\u00e4gt 0.6 Standard.<\/span><\/pre>\n<p><span style=\"font-family: arial, helvetica, sans-serif;\">&#8222;Offensichtlich diente der Teppich als N\u00e4hrboden f\u00fcr Mikroorganismen. [&#8230;] An den meisten Stellen fehlte der Teppich g\u00e4nzlich &#8211; und dort, wo noch welcher war, war er von seltsamen Flechten und Pilzen bedeckt.&#8220;<\/span><\/p>\n<p><span style=\"font-family: arial, helvetica, sans-serif;\">&#8222;Die dunklen G\u00e4nge und das flackernde Licht tat hier sein \u00dcbriges. Die Minimalbeleuchtung funktionierte offensichtlich nicht mehr reibungsfrei. Was andererseits auch kein Wunder war, wenn man das Alter des Schiffes bedachte und davon ausging, dass es seither nicht mehr gepflegt worden war.&#8220;<\/span><\/p>\n<p><span style=\"font-family: arial, helvetica, sans-serif;\">&#8222;Es war tats\u00e4chlich nicht ratsam die Luft, ohne die Anzugssystem zu atmen&#8220;<\/span><\/p>\n<h3><span style=\"font-family: arial, helvetica, sans-serif;\">Zeraowa<\/span><\/h3>\n<p><span style=\"font-family: arial, helvetica, sans-serif;\">speist das Schiff mit Energie aus seiner Dimension<\/span><\/p>\n<p class=\"moz-quote-pre\"><span style=\"font-family: arial, helvetica, sans-serif;\">&#8222;Es war also ein Kreislauf den das Zeraowa nicht durchbrechen konnte, es konnte nicht entkommen, bevor die Energie des Kerns schlussendlich erloschen war, aber ohne diese Energie wurde keine Beute angelockt und es w\u00fcrde verhungern.&#8220;<\/span><\/p>\n<p class=\"moz-quote-pre\"><span style=\"font-family: arial, helvetica, sans-serif;\">&#8222;Es wollte spielen, denn noch mehr als das es nach Nahrung l\u00fcsterte war die Langeweile zu einem Feind geworden.&#8220;<\/span><\/p>\n<p class=\"moz-quote-pre\"><span style=\"font-family: arial, helvetica, sans-serif;\"><strong>Personelle \u00c4nderungen<\/strong><\/span><\/p>\n<h3><span style=\"font-family: arial, helvetica, sans-serif;\"><strong>W\u00e4hrend der Mission ausgesprochene Bef\u00f6rderungen \/ Degradierungen \/ Postenwechsel<\/strong><\/span><\/h3>\n<ul>\n<li><span style=\"font-family: arial, helvetica, sans-serif;\">derzeit noch keine<\/span><\/li>\n<\/ul>\n<h3><span style=\"font-family: arial, helvetica, sans-serif;\"><strong>W\u00e4hrend der Mission verstorben \/ verschollen<\/strong><\/span><\/h3>\n<ul>\n<li><span style=\"font-family: arial, helvetica, sans-serif;\">derzeit keine Vorkommnisse<\/span><\/li>\n<\/ul>\n<h2><span style=\"font-family: arial, helvetica, sans-serif;\"><strong>Weitere Bemerkungen<\/strong><\/span><\/h2>\n<ul>\n<li><span style=\"font-family: arial, helvetica, sans-serif;\">derzeit keine Vorkommnisse<\/span><\/li>\n<\/ul>\n<p><span style=\"font-family: arial, helvetica, sans-serif;\">gez. Cpt. Shay Ruthven, CO USS Hephaistos<\/span><\/p>\n<h2><\/h2>\n","protected":false},"excerpt":{"rendered":"<p>MISSIONSDATEN CODENAME: Das Geisterschiff MISSIONSTYP: Horror \/ Forschung \/ SnD ZEITRAUM: SD 270215 &#8211; SD 270924 STATUS: beendet EINHEITEN: USS Hephaistos \/ USS Baltimore Auftrag Nach dem Urlaub auf K7 wird die Hephastos beauftragt herauszufinden ob die Klingonen einen nahen Nebel als Sammelplatz f\u00fcr ihren Angriff auf den Briars Patch nutzen. Als sich die Hephaistos&#8230;<\/p>\n<p class=\"more-link-wrap\"><a href=\"https:\/\/www.sf-germany.org\/einheiten\/uss-hephaistos\/logbuch\/missionen\/das-geisterschiff\/\" class=\"more-link\">Read More<span class=\"screen-reader-text\"> &ldquo;Das Geisterschiff&rdquo;<\/span> &raquo;<\/a><\/p>\n","protected":false},"author":1,"featured_media":0,"parent":127,"menu_order":21,"comment_status":"closed","ping_status":"closed","template":"page-templates\/medium.php","meta":{"footnotes":""},"class_list":["post-6637","page","type-page","status-publish","hentry"],"_links":{"self":[{"href":"https:\/\/www.sf-germany.org\/einheiten\/uss-hephaistos\/wp-json\/wp\/v2\/pages\/6637","targetHints":{"allow":["GET"]}}],"collection":[{"href":"https:\/\/www.sf-germany.org\/einheiten\/uss-hephaistos\/wp-json\/wp\/v2\/pages"}],"about":[{"href":"https:\/\/www.sf-germany.org\/einheiten\/uss-hephaistos\/wp-json\/wp\/v2\/types\/page"}],"author":[{"embeddable":true,"href":"https:\/\/www.sf-germany.org\/einheiten\/uss-hephaistos\/wp-json\/wp\/v2\/users\/1"}],"replies":[{"embeddable":true,"href":"https:\/\/www.sf-germany.org\/einheiten\/uss-hephaistos\/wp-json\/wp\/v2\/comments?post=6637"}],"version-history":[{"count":2,"href":"https:\/\/www.sf-germany.org\/einheiten\/uss-hephaistos\/wp-json\/wp\/v2\/pages\/6637\/revisions"}],"predecessor-version":[{"id":6645,"href":"https:\/\/www.sf-germany.org\/einheiten\/uss-hephaistos\/wp-json\/wp\/v2\/pages\/6637\/revisions\/6645"}],"up":[{"embeddable":true,"href":"https:\/\/www.sf-germany.org\/einheiten\/uss-hephaistos\/wp-json\/wp\/v2\/pages\/127"}],"wp:attachment":[{"href":"https:\/\/www.sf-germany.org\/einheiten\/uss-hephaistos\/wp-json\/wp\/v2\/media?parent=6637"}],"curies":[{"name":"wp","href":"https:\/\/api.w.org\/{rel}","templated":true}]}}