{"id":671,"date":"2018-12-23T00:06:50","date_gmt":"2018-12-22T23:06:50","guid":{"rendered":"http:\/\/www.sf-germany.org\/einheiten\/hephaistos\/?page_id=671"},"modified":"2024-04-10T20:04:43","modified_gmt":"2024-04-10T18:04:43","slug":"trish-greene","status":"publish","type":"page","link":"https:\/\/www.sf-germany.org\/einheiten\/uss-hephaistos\/die-crew\/trish-greene\/","title":{"rendered":"Trish Greene"},"content":{"rendered":"<div id=\"box\" style=\"float: right; margin-left: 15px; font-size: 11px; position: sticky; width: 25%;\">\u200b<\/p>\n<table style=\"border: 0px solid #003366; background: transparent; box-shadow: rgba(255, 255, 255, 0.75) 0.1em 0.1em 0.5em; border-radius: 1em; width: 100%; height: 897px;\" border=\"3\" cellspacing=\"10\" align=\"right\">\n<tbody>\n<tr style=\"height: 52px;\">\n<td style=\"font-weight: bold; border: 0px solid transparent; height: 52px;\" colspan=\"2\" align=\"center\"><\/td>\n<\/tr>\n<tr style=\"height: 231px;\">\n<td style=\"background: transparent; border: 0px solid transparent; height: 231px;\" colspan=\"2\" align=\"center\"><img loading=\"lazy\" decoding=\"async\" class=\"alignnone size-medium wp-image-8312\" src=\"https:\/\/www.sf-germany.org\/einheiten\/uss-hephaistos\/wp-content\/uploads\/trish-is-a-beautiful-and-sensual-woman-23-years-old-of-irish-and-french-heritage-she-has-bright-gr-1-300x300.png\" alt=\"\" width=\"300\" height=\"300\" srcset=\"https:\/\/www.sf-germany.org\/einheiten\/uss-hephaistos\/wp-content\/uploads\/trish-is-a-beautiful-and-sensual-woman-23-years-old-of-irish-and-french-heritage-she-has-bright-gr-1-300x300.png 300w, https:\/\/www.sf-germany.org\/einheiten\/uss-hephaistos\/wp-content\/uploads\/trish-is-a-beautiful-and-sensual-woman-23-years-old-of-irish-and-french-heritage-she-has-bright-gr-1-1024x1024.png 1024w, https:\/\/www.sf-germany.org\/einheiten\/uss-hephaistos\/wp-content\/uploads\/trish-is-a-beautiful-and-sensual-woman-23-years-old-of-irish-and-french-heritage-she-has-bright-gr-1-150x150.png 150w, https:\/\/www.sf-germany.org\/einheiten\/uss-hephaistos\/wp-content\/uploads\/trish-is-a-beautiful-and-sensual-woman-23-years-old-of-irish-and-french-heritage-she-has-bright-gr-1-1536x1536.png 1536w, https:\/\/www.sf-germany.org\/einheiten\/uss-hephaistos\/wp-content\/uploads\/trish-is-a-beautiful-and-sensual-woman-23-years-old-of-irish-and-french-heritage-she-has-bright-gr-1-2048x2048.png 2048w\" sizes=\"auto, (max-width: 300px) 100vw, 300px\" \/><\/td>\n<\/tr>\n<tr style=\"font-weight: bold; border: solid 0px transparent;\" align=\"center\">\n<td style=\"height: 38px;\" colspan=\"2\" align=\"center\">Trish Sophie Greene<br \/>\nTrish Sophie \u00d3 Grianna<\/td>\n<\/tr>\n<tr style=\"font-weight: bold; border: solid 0px transparent;\" align=\"center\">\n<td style=\"font-weight: bold; border: 0px solid transparent; height: 19px;\" align=\"right\" width=\"50%\">Status<\/td>\n<td style=\"border: 0px solid transparent; height: 19px;\" align=\"left\" width=\"50%\">NPC (Effi)<\/td>\n<\/tr>\n<tr style=\"font-weight: bold; border: solid 0px transparent;\" align=\"center\">\n<td style=\"height: 19px;\" align=\"right\" width=\"50%\">Spieler<\/td>\n<td style=\"height: 19px;\" align=\"left\" width=\"50%\">alle<\/td>\n<\/tr>\n<tr style=\"font-weight: bold; border: solid 0px transparent;\" align=\"center\">\n<td style=\"font-weight: bold; border: 0px solid #003366; background: #555555; box-shadow: rgba(255, 255, 255, 0.75) 0.1em 0.1em 0.5em; border-radius: 1em; height: 19px;\" colspan=\"2\" align=\"center\">Dienstliche Informationen<\/td>\n<\/tr>\n<tr style=\"font-weight: bold; border: solid 0px transparent;\" align=\"center\">\n<td style=\"height: 29px;\" align=\"right\" width=\"50%\">Ranggrafik<\/td>\n<td style=\"border: 0px solid transparent; height: 29px;\" align=\"left\" width=\"50%\"><img loading=\"lazy\" decoding=\"async\" src=\"https:\/\/www.sf-germany.com\/images\/schemata\/sto\/gelb\/po1.png\" alt=\"\" width=\"100\" height=\"25\" \/><\/td>\n<\/tr>\n<tr style=\"font-weight: bold; border: solid 0px transparent;\" align=\"center\">\n<td style=\"height: 19px;\" align=\"right\" width=\"50%\">Rang<\/td>\n<td style=\"border: 0px solid transparent; height: 19px;\" align=\"left\" width=\"50%\">PO1<\/td>\n<\/tr>\n<tr style=\"font-weight: bold; border: solid 0px transparent;\" align=\"center\">\n<td style=\"height: 19px;\" align=\"right\" width=\"50%\">Posten<\/td>\n<td style=\"border: 0px solid transparent; height: 19px;\" align=\"left\" width=\"50%\">Techniker<\/td>\n<\/tr>\n<tr style=\"font-weight: bold; border: solid 0px transparent;\" align=\"center\">\n<td style=\"height: 19px;\" align=\"right\" width=\"50%\">Stationierung<\/td>\n<td style=\"border: 0px solid transparent; height: 19px;\" align=\"left\" width=\"50%\">USS Hephaistos<\/td>\n<\/tr>\n<tr style=\"font-weight: bold; border: solid 0px #003366; background: #555; box-shadow: 0.1em 0.1em 0.5em rgba(255,255,255,0.75); -webkit-box-shadow: 0.1em 0.1em 0.5em rgba(255,255,255,0.75); border-radius: 1em; -webkit-border-radius: 1em;\" align=\"center\">\n<td style=\"height: 19px;\" colspan=\"2\" align=\"center\">Biographische Informationen<\/td>\n<\/tr>\n<tr style=\"font-weight: bold; border: solid 0px transparent;\" align=\"center\">\n<td style=\"height: 19px;\" align=\"right\" width=\"50%\">Geburtstag<\/td>\n<td style=\"border: 0px solid transparent; height: 19px;\" align=\"left\" width=\"50%\">07.11.2393<\/td>\n<\/tr>\n<tr style=\"font-weight: bold; border: solid 0px transparent;\" align=\"center\">\n<td style=\"height: 19px;\" align=\"right\" width=\"50%\">Geburtsort<\/td>\n<td style=\"border: 0px solid transparent; height: 19px;\" align=\"left\" width=\"50%\">Betazed<\/td>\n<\/tr>\n<tr style=\"font-weight: bold; border: solid 0px transparent;\" align=\"center\">\n<td style=\"height: 36px;\" align=\"right\" width=\"50%\">Familienstand<\/td>\n<td style=\"border: 0px solid transparent; height: 36px;\" align=\"left\" width=\"50%\">ledig (liiert mit Shay Ruthven)<\/td>\n<\/tr>\n<tr style=\"font-weight: bold; border: solid 0px transparent;\" align=\"center\">\n<td style=\"height: 19px;\" align=\"right\" width=\"50%\">Sexualit\u00e4t<\/td>\n<td style=\"border: 0px solid transparent; height: 19px;\" align=\"left\" width=\"50%\"><a href=\"https:\/\/de.wikipedia.org\/wiki\/Pansexualit%C3%A4t\">poly- bis pansexuell<\/a><\/td>\n<\/tr>\n<tr style=\"font-weight: bold; border: solid 0px transparent;\" align=\"center\">\n<td style=\"height: 19px;\" align=\"right\" valign=\"top\" width=\"50%\">Partner<\/td>\n<td style=\"border: 0px solid transparent; height: 19px;\" align=\"left\" width=\"50%\"><a href=\"https:\/\/www.sf-germany.org\/einheiten\/uss-hephaistos\/die-crew\/spieler\/shay-ruthven\/\">Shay Ruthven<\/a><\/td>\n<\/tr>\n<tr style=\"font-weight: bold; border: solid 0px transparent;\" align=\"center\">\n<td style=\"height: 19px;\" align=\"right\" valign=\"top\" width=\"50%\">Kinder<\/td>\n<td style=\"border: 0px solid transparent; height: 19px;\" align=\"left\" width=\"50%\">\n<div>&#8212;<\/div>\n<\/td>\n<\/tr>\n<tr style=\"font-weight: bold; border: solid 0px transparent;\" align=\"center\">\n<td style=\"height: 19px;\" align=\"right\" valign=\"top\" width=\"50%\">Vater<\/td>\n<td style=\"border: 0px solid transparent; height: 19px;\" align=\"left\" width=\"50%\">\n<div>Grady \u00d3 Grianna<\/div>\n<\/td>\n<\/tr>\n<tr style=\"font-weight: bold; border: solid 0px transparent;\" align=\"center\">\n<td style=\"height: 19px;\" align=\"right\" valign=\"top\" width=\"50%\">Mutter<\/td>\n<td style=\"border: 0px solid transparent; height: 19px;\" align=\"left\" width=\"50%\">Fleur de Sauvignon<\/td>\n<\/tr>\n<tr style=\"font-weight: bold; border: solid 0px transparent;\" align=\"center\">\n<td style=\"height: 19px;\" align=\"right\" valign=\"top\" width=\"50%\">Geschwister<\/td>\n<td style=\"border: 0px solid transparent; height: 19px;\" align=\"left\" width=\"50%\">&#8212;<\/td>\n<\/tr>\n<tr style=\"font-weight: bold; border: solid 0px transparent;\" align=\"center\">\n<td style=\"height: 19px;\" align=\"right\" valign=\"top\" width=\"50%\">Haustier<\/td>\n<td style=\"border: 0px solid transparent; height: 19px;\" align=\"left\" width=\"50%\">&#8212;<\/td>\n<\/tr>\n<tr style=\"font-weight: bold; border: solid 0px #003366; background: #555; box-shadow: 0.1em 0.1em 0.5em rgba(255,255,255,0.75); -webkit-box-shadow: 0.1em 0.1em 0.5em rgba(255,255,255,0.75); border-radius: 1em; -webkit-border-radius: 1em;\" align=\"center\">\n<td style=\"height: 19px;\" colspan=\"2\" align=\"center\">Physische Beschreibung<\/td>\n<\/tr>\n<tr style=\"font-weight: bold; border: solid 0px transparent;\" align=\"center\">\n<td style=\"height: 19px;\" align=\"right\" width=\"50%\">Spezies<\/td>\n<td style=\"border: 0px solid transparent; height: 19px;\" align=\"left\" width=\"50%\">Mensch<\/td>\n<\/tr>\n<tr style=\"font-weight: bold; border: solid 0px transparent;\" align=\"center\">\n<td style=\"height: 19px;\" align=\"right\" width=\"50%\">Geschlecht<\/td>\n<td style=\"border: 0px solid transparent; height: 19px;\" align=\"left\" width=\"50%\">weiblich<\/td>\n<\/tr>\n<tr style=\"font-weight: bold; border: solid 0px transparent;\" align=\"center\">\n<td style=\"height: 19px;\" align=\"right\" width=\"50%\">Gr\u00f6\u00dfe<\/td>\n<td style=\"border: 0px solid transparent; height: 19px;\" align=\"left\" width=\"50%\">173 cm<\/td>\n<\/tr>\n<tr style=\"font-weight: bold; border: solid 0px transparent;\" align=\"center\">\n<td style=\"height: 19px;\" align=\"right\" width=\"50%\">Gewicht<\/td>\n<td style=\"border: 0px solid transparent; height: 19px;\" align=\"left\" width=\"50%\">71 kg<\/td>\n<\/tr>\n<tr style=\"font-weight: bold; border: solid 0px transparent;\" align=\"center\">\n<td style=\"height: 19px;\" align=\"right\" width=\"50%\">Haarfarbe<\/td>\n<td style=\"border: 0px solid transparent; height: 19px;\" align=\"left\" width=\"50%\">rot<\/td>\n<\/tr>\n<tr style=\"font-weight: bold; border: solid 0px transparent;\" align=\"center\">\n<td style=\"height: 36px;\" align=\"right\" width=\"50%\">Augenfarbe<\/td>\n<td style=\"border: 0px solid transparent; height: 36px;\" align=\"left\" width=\"50%\">rehbraun mit gr\u00fcnem Einstich<\/td>\n<\/tr>\n<tr style=\"font-weight: bold; border: solid 0px transparent;\" align=\"center\">\n<td style=\"height: 19px;\" align=\"right\" width=\"50%\">Haut<\/td>\n<td style=\"border: 0px solid transparent; height: 19px;\" align=\"left\" width=\"50%\">hell mit Sommersprossen<\/td>\n<\/tr>\n<tr style=\"font-weight: bold; border: solid 0px #003366; background: #555; box-shadow: 0.1em 0.1em 0.5em rgba(255,255,255,0.75); -webkit-box-shadow: 0.1em 0.1em 0.5em rgba(255,255,255,0.75); border-radius: 1em; -webkit-border-radius: 1em;\" align=\"center\">\n<td style=\"height: 19px;\" colspan=\"2\" align=\"center\">Politische Informationen<\/td>\n<\/tr>\n<tr style=\"font-weight: bold; border: solid 0px transparent;\" align=\"center\">\n<td style=\"height: 19px;\" align=\"right\" valign=\"top\" width=\"50%\">Buergerschaft<\/td>\n<td style=\"border: 0px solid transparent; height: 19px;\" align=\"left\" width=\"50%\">F\u00f6derationsb\u00fcrger<\/td>\n<\/tr>\n<\/tbody>\n<\/table>\n<\/div>\n<p><strong><span style=\"font-size: 24pt;\">Lebenslauf<\/span><\/strong><\/p>\n<p>Trish wurde in einer menschlichen K\u00fcnstlerkolonie auf Betazed geboren. Ihr Vater, Grady \u00d3 Grianna, experimentierte mit exotischen Musikinstrumenten, w\u00e4hrend ihre Mutter Fleur de Sauvignon urspr\u00fcnglich in Paris als Kabarett-S\u00e4ngerin ihr Geld verdient hatte. Nach dem Tod ihrer Mutter auf Grund von Drogenkonsum wurde Trish mit 9 von ihrer Gro\u00dfmutter Claire nach Paris geholt, da Grady nicht in der Lage schien, sich um seine Tochter zu k\u00fcmmern.<\/p>\n<p>Dort, auf dem Anwesen der de Sauvignon entdeckte die junge Trish ihre Liebe zur Technik. Den Kontakten ihres Gro\u00dfvaters hat sie es zu verdanken, dass sie eine Ausbildung bei der Flotte erhielt.<\/p>\n<p>Auf der USS Hephaistos arbeitet sie in der Technikabteilung und betreibt in ihrer Freizeit &#8211; etwa ein- bis zweimal im Monat &#8211; mit dem &#8222;Topf voll Gold&#8220; eine Holodeck-Kneipe, die unter der Crew ein Event darstellt.<\/p>\n<p>Trish war 2416 w\u00e4hrend einer Au\u00dfenmission der Hephaistos Teil der Delegation auf dem Heimatplaneten der Kikonen, wo sie von einem m\u00e4nnlichen Prix &#8211; einer gefl\u00fcgelten Echsenart &#8211; entf\u00fchrt wurde, allerdings wohlbehalten zur\u00fcck kehrte. Dies hatte ungeahnte Folgen: Teile der Kikonen begannen sie als G\u00f6ttin oder g\u00f6ttliche Gesandte zu verehren &#8211; mittels ernster diplomatischer Bem\u00fchungen seitens der Sternenflotte gelang es, dass Trish &#8217;nur&#8216; den Status einer Gesandten innehat (und nicht selbst verg\u00f6ttlicht wurde), dennoch gibt es von ihr mittlerweile Statuen und Statuetten. Trish ist dieser Rummel um ihre Person \u00e4u\u00dferst unangenehm &#8211; bisher musste sie sich aber noch nicht weiter mit diesem neuen &#8218;Ruhm&#8216; auseinandersetzen.<\/p>\n<p>Als die Hephaistos in einer Raum-Anomalie verschwindet, wacht Trish als die Wirtin des &#8222;Red Dragon&#8220; in Reedale auf, woraus sie im Hintergrund einige F\u00e4den zieht aber auch eine Aff\u00e4re mit dem Einhornz\u00fcchter Shay hat. Nachdem die Crew die Erinnerungen zur\u00fcckerlangt, verschmilzt Trish mit ihrem Barfrau-Ich und kehrt auf die Hephaistos zur\u00fcck.<\/p>\n<p>Im September 2416 wird sie zum Petty Officer 1st Class bef\u00f6rdert.<\/p>\n<hr \/>\n<p><strong><span style=\"font-size: 24pt;\">Psychologisches Profil<\/span><\/strong><\/p>\n<p><img loading=\"lazy\" decoding=\"async\" class=\"size-medium wp-image-8313 alignright\" src=\"https:\/\/www.sf-germany.org\/einheiten\/uss-hephaistos\/wp-content\/uploads\/trish-is-a-beautiful-and-sensual-woman-23-years-old-of-irish-and-french-heritage-she-has-bright-gr-300x300.png\" alt=\"\" width=\"300\" height=\"300\" srcset=\"https:\/\/www.sf-germany.org\/einheiten\/uss-hephaistos\/wp-content\/uploads\/trish-is-a-beautiful-and-sensual-woman-23-years-old-of-irish-and-french-heritage-she-has-bright-gr-300x300.png 300w, https:\/\/www.sf-germany.org\/einheiten\/uss-hephaistos\/wp-content\/uploads\/trish-is-a-beautiful-and-sensual-woman-23-years-old-of-irish-and-french-heritage-she-has-bright-gr-1024x1024.png 1024w, https:\/\/www.sf-germany.org\/einheiten\/uss-hephaistos\/wp-content\/uploads\/trish-is-a-beautiful-and-sensual-woman-23-years-old-of-irish-and-french-heritage-she-has-bright-gr-150x150.png 150w, https:\/\/www.sf-germany.org\/einheiten\/uss-hephaistos\/wp-content\/uploads\/trish-is-a-beautiful-and-sensual-woman-23-years-old-of-irish-and-french-heritage-she-has-bright-gr-1536x1536.png 1536w, https:\/\/www.sf-germany.org\/einheiten\/uss-hephaistos\/wp-content\/uploads\/trish-is-a-beautiful-and-sensual-woman-23-years-old-of-irish-and-french-heritage-she-has-bright-gr-2048x2048.png 2048w\" sizes=\"auto, (max-width: 300px) 100vw, 300px\" \/>Trish ist eine abenteuerlustige Frau, die irische Lebensfreude mit franz\u00f6sischem Temperament und betazoidischer Aufgeschlossenheit vereint. Sie bewundert die Sch\u00f6nheit des Augenblicks und fragt wenig nach Gestern oder Morgen. Sie kann in ihrer Arbeit ebenso aufgehen, wie bei einem Holodeck-Abenteuer oder einem Kartenspiel.<\/p>\n<p>Sie ist von einer Gro\u00dffamilie gepr\u00e4gt und gerne mit anderen zusammen. Dabei hat sie auch Verst\u00e4ndnis f\u00fcr allerlei Arten von Beziehungen &#8211; so lange nicht einer den anderen ausnutzt. Das Gef\u00fchl, benutzt zu werden, hatte damals auch zum Bruch mit Cat gef\u00fchrt.<\/p>\n<p><span style=\"font-size: 18pt;\"><strong>Beziehungen zu anderen Crewmitgliedern<\/strong><\/span><\/p>\n<ul>\n<li>Sie ist mit <a href=\"https:\/\/www.sf-germany.org\/einheiten\/uss-hephaistos\/die-crew\/spieler\/emily-lesi-wells\/\">Emily<\/a> sehr gut befreundet &#8211; die wiederum auch ihre Kochk\u00fcnste zu sch\u00e4tzen wei\u00df.<\/li>\n<li>Bei ihrer ehemaligen Zimmergenossin, <a href=\"https:\/\/www.sf-germany.org\/einheiten\/uss-hephaistos\/die-crew\/sarah-brown\/\">Sarah Brown<\/a>, st\u00f6\u00dft sie auf Abneigung &#8211; etwas, dass sie sich nicht wirklich erkl\u00e4ren kann.\n<ul>\n<li>Da der Streit mit Sarah nicht besser wurde, wohnte sie eine Zeitlang mit Emily in deren Quartier.<\/li>\n<\/ul>\n<\/li>\n<li>Mittlerweile teilt sich Trish ein Quartier mit\u00a0<a href=\"https:\/\/www.sf-germany.org\/einheiten\/uss-hephaistos\/die-crew\/spieler\/fabien-lagroille\/\">Fabien LaGroille<\/a><\/li>\n<li>Trish hat seit einiger Zeit eine Beziehung mit\u00a0<a href=\"https:\/\/www.sf-germany.org\/einheiten\/uss-hephaistos\/die-crew\/spieler\/shay-ruthven\/\">Shay Ruthven<\/a> &#8211; und platonisch auch irgendwie mit\u00a0<a href=\"https:\/\/www.sf-germany.org\/einheiten\/uss-hephaistos\/die-crew\/spieler\/elisa-careen\/\">Elisa Careen<\/a>. In ihrer Freizeit befindet sie sich h\u00e4ufig im Quartier der Eheleute und auch wenn sie viel Zeit mit Shay verbringt, unternehmen manchmal auch die beiden Frauen etwas miteinander.\n<ul>\n<li>Trish ist es aktuell mit Shay ernst &#8211; und so hat sie, sehr zum Leidwesen einiger Crewmitglieder &#8211; jegliches andere Techtelmechtel beendet. Was sie nicht daran hindert, zumindest als Barfrau hin und wieder zu flirten.<\/li>\n<\/ul>\n<\/li>\n<\/ul>\n<hr \/>\n<p><strong><span style=\"font-size: 24pt;\">Besonderes<\/span><\/strong><\/p>\n<ul>\n<li>W\u00e4hrend der Mission auf Thyene wurde sie von einigen Kikonen eine Gesandte der G\u00f6tter genannt. Dass es ihr gelang, einen m\u00e4nnlichen Prix (durch Backwerk) zu z\u00e4hmen, als sie von diesem entf\u00fchrt wurde, hat die kulturellen Schwierigkeiten nur vergr\u00f6\u00dfert. Mittlerweile gibt es unter den Kikonen eine kleine religi\u00f6se Bewegung, die Trish als Gesandte der G\u00f6tter oder mindere G\u00f6ttin verehren &#8211; dies f\u00fchrte dazu, dass man angefragt hat, ob man eine Statue von ihr anfertigen k\u00f6nne.<\/li>\n<\/ul>\n<hr \/>\n<p><strong><span style=\"font-size: 24pt;\">Spezialgebiete<\/span><\/strong><\/p>\n<p>Technikerin mit Spezialgebieten Sensoren, Emitter und Energieleitungen.<\/p>\n<p>Sie programmiert eigene Holodeckszenarien und ist sehr ge\u00fcbt im Modellieren von Figuren und Handlungsstr\u00e4ngen. Ihre Holodeckprogramme haben eigentlich immer irgendwo versteckte Kontrollen, wie z.B. eine Uhr mit der man die Tageszeit in der Simulation verstellen kann.<\/p>\n<p>Sie hat zudem einen Shuttleschein und fliegt mehr als nur passabel\u00a0 &#8211; allerdings zieht sie programmierte Kurse dem ewigen Rumd\u00fcmpeln im All vor. Vermutlich ist sie deswegen auch ganz gut im Fernsteuern von Shuttlen.<\/p>\n<hr \/>\n<p><strong><span style=\"font-size: 24pt;\">Sprachen<\/span><\/strong><\/p>\n<ul>\n<li>Trish wuchs dreisprachig mit franz\u00f6sisch, irisch-g\u00e4lisch und betazoidisch auf. Fr\u00fch lernte sie noch F\u00f6derationsstandard.<\/li>\n<li>W\u00e4hrend ihrer Ausbildung lernte sie auf Grund einer Liebelei etwas oronisch, vertiefte diese Sprachkenntnisse nach Ende der Beziehung jedoch nicht weiter.<\/li>\n<li>Trish beherrscht Bettgefl\u00fcster in mehreren anderen Sprachen, jedoch ist die Anwendbarkeit au\u00dferhalb des Schlafzimmers wohl eher begrenzt.<\/li>\n<\/ul>\n<hr \/>\n<p><strong><span style=\"font-size: 24pt;\">Hobbies<\/span><\/strong><\/p>\n<p>Trish spielt Fidel und Darts, daneben hat sie eine ausgebildete aber nicht weiter ge\u00fcbte Singstimme. Auch ist ihr die Ironie der vielen irisch-st\u00e4mmigen Personen an Bord der USS Hephaistos nicht entgangen und so veranstaltet sie alle paar Wochen einen &#8222;irischen Abend&#8220; im Holodeck, f\u00fcr das sie zu diesem Zweck mit dem &#8222;Topf voll Gold&#8220; ein Programm von einer &#8222;<a href=\"https:\/\/www.sf-germany.org\/einheiten\/uss-hephaistos\/das-schiff\/topf-voll-gold\/\">typisch irischen Kneipe<\/a>&#8220; geschrieben hat &#8211; komplett mit Hinterzimmer, Fluchtkeller und Live-Musik.<\/p>\n<p>Sie kocht und backt zudem recht gerne und gut &#8211; gerade ihr Backwerk ist an Bord sehr beliebt. Sie hat (auf Grund von Kindheitserinnerungen) eine Vorliebe f\u00fcr irische und britische (Nach-)Speisen, beherrscht aber auch die franz\u00f6sische und betazoidische K\u00fcche.<\/p>\n<p><span style=\"font-size: 18pt;\"><strong>Besondere Besitzt\u00fcmer<\/strong><\/span><\/p>\n<ul>\n<li>ein Holodeckprogramm von Shays Zuhause in Schottland<\/li>\n<li>Ohrringe in Form einer keltischen Harfe<\/li>\n<li><a href=\"https:\/\/cngln.com\/media\/mageworx\/optionfeatures\/product\/option\/value\/P\/5\/P565_1_stone_1_GPR&amp;R_diamond.jpg\" target=\"_blank\" rel=\"nofollow noopener\">Halskette mit einem keltischen Anh\u00e4nger<\/a><\/li>\n<\/ul>\n<hr \/>\n<p><strong><span style=\"font-size: 24pt;\">Medizinisches Profil<\/span><\/strong><\/p>\n<p>Ihre Liebe zu S\u00fc\u00dfigkeit hat der Rothaarigen ein leichtes \u00dcbergewicht eingebracht, doch das sorgt in ihrem Fall eher f\u00fcr ansehnliche Kurven.<\/p>\n<hr \/>\n<p><span style=\"font-size: 24pt;\"><strong>Klassifizierte Sektion<\/strong><\/span><\/p>\n<p>keine Eintr\u00e4ge<\/p>\n<hr \/>\n<p><strong><span style=\"font-size: 24pt;\">Posts<\/span><\/strong><\/p>\n<p>Trish hat einen gr\u00f6\u00dferen Auftritt u.a. in folgenden Posts der Hephaistos:<\/p>\n<p>[<a href=\"https:\/\/de.groups.yahoo.com\/neo\/groups\/USS-Hephaistos\/conversations\/messages\/500\">500<\/a>], [<a href=\"https:\/\/de.groups.yahoo.com\/neo\/groups\/USS-Hephaistos\/conversations\/messages\/502\">502<\/a>], [<a href=\"https:\/\/de.groups.yahoo.com\/neo\/groups\/USS-Hephaistos\/conversations\/messages\/512\">512<\/a>], [<a href=\"https:\/\/de.groups.yahoo.com\/neo\/groups\/USS-Hephaistos\/conversations\/messages\/514\">514<\/a>], [<a href=\"https:\/\/de.groups.yahoo.com\/neo\/groups\/USS-Hephaistos\/conversations\/messages\/516\">516<\/a>], [<a href=\"https:\/\/de.groups.yahoo.com\/neo\/groups\/USS-Hephaistos\/conversations\/messages\/522\">522<\/a>], [<a href=\"https:\/\/de.groups.yahoo.com\/neo\/groups\/USS-Hephaistos\/conversations\/messages\/529\">529<\/a>], [<a href=\"https:\/\/de.groups.yahoo.com\/neo\/groups\/USS-Hephaistos\/conversations\/messages\/549\">549<\/a>]<\/p>\n","protected":false},"excerpt":{"rendered":"<p>\u200b Trish Sophie Greene Trish Sophie \u00d3 Grianna Status NPC (Effi) Spieler alle Dienstliche Informationen Ranggrafik Rang PO1 Posten Techniker Stationierung USS Hephaistos Biographische Informationen Geburtstag 07.11.2393 Geburtsort Betazed Familienstand ledig (liiert mit Shay Ruthven) Sexualit\u00e4t poly- bis pansexuell Partner Shay Ruthven Kinder &#8212; Vater Grady \u00d3 Grianna Mutter Fleur de Sauvignon Geschwister &#8212; Haustier&#8230;<\/p>\n<p class=\"more-link-wrap\"><a href=\"https:\/\/www.sf-germany.org\/einheiten\/uss-hephaistos\/die-crew\/trish-greene\/\" class=\"more-link\">Read More<span class=\"screen-reader-text\"> &ldquo;Trish Greene&rdquo;<\/span> &raquo;<\/a><\/p>\n","protected":false},"author":2,"featured_media":0,"parent":27,"menu_order":20,"comment_status":"closed","ping_status":"closed","template":"page-templates\/medium.php","meta":{"footnotes":""},"class_list":["post-671","page","type-page","status-publish","hentry"],"_links":{"self":[{"href":"https:\/\/www.sf-germany.org\/einheiten\/uss-hephaistos\/wp-json\/wp\/v2\/pages\/671","targetHints":{"allow":["GET"]}}],"collection":[{"href":"https:\/\/www.sf-germany.org\/einheiten\/uss-hephaistos\/wp-json\/wp\/v2\/pages"}],"about":[{"href":"https:\/\/www.sf-germany.org\/einheiten\/uss-hephaistos\/wp-json\/wp\/v2\/types\/page"}],"author":[{"embeddable":true,"href":"https:\/\/www.sf-germany.org\/einheiten\/uss-hephaistos\/wp-json\/wp\/v2\/users\/2"}],"replies":[{"embeddable":true,"href":"https:\/\/www.sf-germany.org\/einheiten\/uss-hephaistos\/wp-json\/wp\/v2\/comments?post=671"}],"version-history":[{"count":43,"href":"https:\/\/www.sf-germany.org\/einheiten\/uss-hephaistos\/wp-json\/wp\/v2\/pages\/671\/revisions"}],"predecessor-version":[{"id":8314,"href":"https:\/\/www.sf-germany.org\/einheiten\/uss-hephaistos\/wp-json\/wp\/v2\/pages\/671\/revisions\/8314"}],"up":[{"embeddable":true,"href":"https:\/\/www.sf-germany.org\/einheiten\/uss-hephaistos\/wp-json\/wp\/v2\/pages\/27"}],"wp:attachment":[{"href":"https:\/\/www.sf-germany.org\/einheiten\/uss-hephaistos\/wp-json\/wp\/v2\/media?parent=671"}],"curies":[{"name":"wp","href":"https:\/\/api.w.org\/{rel}","templated":true}]}}