{"id":6751,"date":"2022-04-23T14:40:15","date_gmt":"2022-04-23T12:40:15","guid":{"rendered":"http:\/\/www.sf-germany.org\/einheiten\/uss-hephaistos\/?page_id=6751"},"modified":"2022-10-07T21:57:09","modified_gmt":"2022-10-07T19:57:09","slug":"estefania-terutti","status":"publish","type":"page","link":"https:\/\/www.sf-germany.org\/einheiten\/uss-hephaistos\/die-crew\/estefania-terutti\/","title":{"rendered":"Estefania Terutti"},"content":{"rendered":"<div style=\"float: right; margin-left: 15px; margin-bottom: 15px; font-size: 11px; width: 350px; padding-left: 10px; padding-right: 10px;\">\n<table style=\"border: 0px solid #003366; background: transparent; box-shadow: rgba(255, 255, 255, 0.75) 0.1em 0.1em 0.5em; border-radius: 1em; width: 100%; height: 531px;\" border=\"3\" cellspacing=\"10\" align=\"right\">\n<tbody>\n<tr style=\"height: 15px;\">\n<td style=\"font-weight: bold; border: 0px solid transparent; width: 100%; height: 15px;\" colspan=\"2\" align=\"center\"><\/td>\n<\/tr>\n<tr style=\"height: 143px;\">\n<td style=\"background: transparent; border: 0px solid transparent; width: 100%; height: 143px;\" colspan=\"2\" align=\"center\"><a href=\"https:\/\/www.sf-germany.org\/einheiten\/uss-hephaistos\/wp-content\/uploads\/2016\/01\/CharBild.png\" rel=\"attachment wp-att-117\"><img loading=\"lazy\" decoding=\"async\" class=\"alignnone wp-image-6152 size-medium\" src=\"https:\/\/www.sf-germany.org\/einheiten\/uss-hephaistos\/wp-content\/uploads\/Estefania-001.png\" alt=\"\" width=\"279\" height=\"300\" \/><\/a><\/td>\n<\/tr>\n<tr style=\"height: 15px;\">\n<td style=\"font-weight: bold; border: 0px solid transparent; width: 100%; height: 15px;\" colspan=\"2\" align=\"center\"><b>Estefania Florenzia Terutti<\/b><\/td>\n<\/tr>\n<tr style=\"height: 15px;\">\n<td style=\"font-weight: bold; border: 0px solid transparent; width: 50.2857%; height: 15px;\" align=\"right\" width=\"50%\">Status<\/td>\n<td style=\"border: 0px solid transparent; width: 49.7143%; height: 15px;\" align=\"left\" width=\"50%\">NPC<\/td>\n<\/tr>\n<tr style=\"height: 15px;\">\n<td style=\"font-weight: bold; border: 0px solid transparent; width: 50.2857%; height: 15px;\" align=\"right\" width=\"50%\">Spieler<\/td>\n<td style=\"border: 0px solid transparent; width: 49.7143%; height: 15px;\" align=\"left\" width=\"50%\">Friddi H.<\/td>\n<\/tr>\n<tr style=\"height: 15px;\">\n<td style=\"font-weight: bold; border: 0px solid #003366; background: #555555; box-shadow: rgba(255, 255, 255, 0.75) 0.1em 0.1em 0.5em; border-radius: 1em; width: 100%; height: 15px;\" colspan=\"2\" align=\"center\">Dienstliche Informationen<\/td>\n<\/tr>\n<tr style=\"height: 28px;\">\n<td style=\"font-weight: bold; border: 0px solid transparent; width: 50.2857%; height: 28px;\" align=\"right\" width=\"50%\">Ranggrafik<\/td>\n<td style=\"border: 0px solid transparent; width: 49.7143%; height: 28px;\" align=\"left\" width=\"50%\"><img decoding=\"async\" class=\"alignnone\" src=\"https:\/\/www.sf-germany.com\/images\/schemata\/sto\/gelb\/ens.png\" alt=\"\" width=\"100\" \/><\/td>\n<\/tr>\n<tr style=\"height: 15px;\">\n<td style=\"font-weight: bold; border: 0px solid transparent; width: 50.2857%; height: 15px;\" align=\"right\" width=\"50%\">Rang<\/td>\n<td style=\"border: 0px solid transparent; width: 49.7143%; height: 15px;\" align=\"left\" width=\"50%\">Ens.<\/td>\n<\/tr>\n<tr style=\"height: 15px;\">\n<td style=\"font-weight: bold; border: 0px solid transparent; width: 50.2857%; height: 15px;\" align=\"right\" width=\"50%\">Posten<\/td>\n<td style=\"border: 0px solid transparent; width: 49.7143%; height: 15px;\" align=\"left\" width=\"50%\">stlv. OPS<\/td>\n<\/tr>\n<tr style=\"height: 15px;\">\n<td style=\"font-weight: bold; border: 0px solid transparent; width: 50.2857%; height: 15px;\" align=\"right\" width=\"50%\">Stationierung<\/td>\n<td style=\"border: 0px solid transparent; width: 49.7143%; height: 15px;\" align=\"left\" width=\"50%\">USS Hephaistos<\/td>\n<\/tr>\n<tr style=\"height: 15px;\">\n<td style=\"font-weight: bold; border: 0px solid #003366; background: #555555; box-shadow: rgba(255, 255, 255, 0.75) 0.1em 0.1em 0.5em; border-radius: 1em; width: 100%; height: 15px;\" colspan=\"2\" align=\"center\">Physische Beschreibung<\/td>\n<\/tr>\n<tr style=\"height: 15px;\">\n<td style=\"font-weight: bold; border: 0px solid transparent; width: 50.2857%; height: 15px;\" align=\"right\" width=\"50%\">Spezies<\/td>\n<td style=\"border: 0px solid transparent; width: 49.7143%; height: 15px;\" align=\"left\" width=\"50%\">Mensch<\/td>\n<\/tr>\n<tr style=\"height: 15px;\">\n<td style=\"font-weight: bold; border: 0px solid transparent; width: 50.2857%; height: 15px;\" align=\"right\" width=\"50%\">Geschlecht<\/td>\n<td style=\"border: 0px solid transparent; width: 49.7143%; height: 15px;\" align=\"left\" width=\"50%\">weiblich<\/td>\n<\/tr>\n<tr style=\"height: 15px;\">\n<td style=\"font-weight: bold; border: 0px solid transparent; width: 50.2857%; height: 15px;\" align=\"right\" width=\"50%\">Gr\u00f6\u00dfe<\/td>\n<td style=\"border: 0px solid transparent; width: 49.7143%; height: 15px;\" align=\"left\" width=\"50%\">\u00a0164 cm<\/td>\n<\/tr>\n<tr style=\"height: 15px;\">\n<td style=\"font-weight: bold; border: 0px solid transparent; width: 50.2857%; height: 15px;\" align=\"right\" width=\"50%\">Gewicht<\/td>\n<td style=\"border: 0px solid transparent; width: 49.7143%; height: 15px;\" align=\"left\" width=\"50%\">54 kg<\/td>\n<\/tr>\n<tr style=\"height: 15px;\">\n<td style=\"font-weight: bold; border: 0px solid transparent; width: 50.2857%; height: 15px;\" align=\"right\" width=\"50%\">Hautfarbe<\/td>\n<td style=\"border: 0px solid transparent; width: 49.7143%; height: 15px;\" align=\"left\" width=\"50%\">wei\u00df<\/td>\n<\/tr>\n<tr style=\"height: 15px;\">\n<td style=\"font-weight: bold; border: 0px solid transparent; width: 50.2857%; height: 15px;\" align=\"right\" width=\"50%\">Haarfarbe<\/td>\n<td style=\"border: 0px solid transparent; width: 49.7143%; height: 15px;\" align=\"left\" width=\"50%\">blond (gef\u00e4rbt)<\/td>\n<\/tr>\n<tr style=\"height: 15px;\">\n<td style=\"font-weight: bold; border: 0px solid transparent; width: 50.2857%; height: 15px;\" align=\"right\" width=\"50%\">Augenfarbe<\/td>\n<td style=\"border: 0px solid transparent; width: 49.7143%; height: 15px;\" align=\"left\" width=\"50%\">hellbraun<\/td>\n<\/tr>\n<tr style=\"height: 15px;\">\n<td style=\"font-weight: bold; border: 0px solid #003366; background: #555555; box-shadow: rgba(255, 255, 255, 0.75) 0.1em 0.1em 0.5em; border-radius: 1em; width: 100%; height: 15px;\" colspan=\"2\" align=\"center\">Biographische Informationen<\/td>\n<\/tr>\n<tr style=\"height: 15px;\">\n<td style=\"font-weight: bold; border: 0px solid transparent; width: 50.2857%; height: 15px;\" align=\"right\" width=\"50%\">Geburtsort<\/td>\n<td style=\"border: 0px solid transparent; width: 49.7143%; height: 15px;\" align=\"left\" width=\"50%\">Erde, Turin<\/td>\n<\/tr>\n<tr style=\"height: 15px;\">\n<td style=\"font-weight: bold; border: 0px solid transparent; width: 50.2857%; height: 15px;\" align=\"right\" width=\"50%\">Geburtstag<\/td>\n<td style=\"border: 0px solid transparent; width: 49.7143%; height: 15px;\" align=\"left\" width=\"50%\">13.08.2393<\/td>\n<\/tr>\n<tr style=\"height: 15px;\">\n<td style=\"font-weight: bold; border: 0px solid transparent; width: 50.2857%; height: 15px;\" align=\"right\" width=\"50%\">Familienstand<\/td>\n<td style=\"border: 0px solid transparent; width: 49.7143%; height: 15px;\" align=\"left\" width=\"50%\">ledig<\/td>\n<\/tr>\n<tr style=\"height: 15px;\">\n<td style=\"font-weight: bold; border: 0px solid transparent; width: 50.2857%; height: 15px;\" align=\"right\" width=\"50%\">Familie<\/td>\n<td style=\"border: 0px solid transparent; width: 49.7143%; height: 15px;\" align=\"left\" width=\"50%\">Vater:<br \/>\nLorenzo Terutti &#8211;<br \/>\nKoch u. Pizzab\u00e4ckerMutter:<br \/>\nPhilippa Terutti -Barista und Kauffrau<\/td>\n<\/tr>\n<tr style=\"height: 15px;\">\n<td style=\"font-weight: bold; border: 0px solid transparent; width: 50.2857%; height: 15px;\" align=\"right\" width=\"50%\">Religion<\/td>\n<td style=\"border: 0px solid transparent; width: 49.7143%; height: 15px;\" align=\"left\" width=\"50%\">katholisch<\/td>\n<\/tr>\n<tr style=\"height: 15px;\">\n<td style=\"font-weight: bold; border: 0px solid #003366; background: #555555; box-shadow: rgba(255, 255, 255, 0.75) 0.1em 0.1em 0.5em; border-radius: 1em; width: 100%; height: 15px;\" colspan=\"2\" align=\"center\">Politische informationen<\/td>\n<\/tr>\n<tr style=\"height: 15px;\">\n<td style=\"font-weight: bold; border: 0px solid transparent; width: 50.2857%; height: 15px;\" align=\"right\" width=\"50%\">Buergerschaft<\/td>\n<td style=\"border: 0px solid transparent; width: 49.7143%; height: 15px;\" align=\"left\" width=\"50%\">F\u00f6derationsb\u00fcrger<\/td>\n<\/tr>\n<\/tbody>\n<\/table>\n<\/div>\n<p><strong><span style=\"font-size: 24pt;\">Lebenslauf<\/span><\/strong><\/p>\n<p>Schon von klein auf bekommt Estefania die Liebe zu Essen, Espresso, Vino und italienischer Kultur in die Wiege gelegt. Ihr Vater und ihre Mutter f\u00fchren eine kleines Caf\u00e9, welches sich Abends in eine Pizzeria verwandelt. Dabei gibt es nicht nur Espresso und Pizza, sondern wirklich die komplette Bandbreite italienischer Kulinarik. Ebenfalls von ihren Eltern hat sie es gelernt, dass man sich durchaus laut streiten kann, die Familie aber das h\u00f6chste Gut ist und man zueinander und f\u00fcreinander einsteht.<\/p>\n<p>Mit ihren Freundinnen und Freunden besucht Estefania von daher in Turin die Schule. Ihr ist lange klar, dass sie einmal in die Fu\u00dfstapfen ihrer Eltern treten wird. Deshalb wei\u00df sie alles \u00fcber Hefeteig, Kaffee, Pasta, Antipasti, Fisch, Wein und noch vieles mehr. Sie kennt die optimalen H\u00e4ndler und wei\u00df, wo man in Turin die besten Waren bekommt. Ihr Talent f\u00fcr Mathematik und kaufm\u00e4nnisches f\u00fchrt auch dazu, dass sie schon fr\u00fch im elterlichen Betrieb aushilft und so ihren Vater und ihre Mutter entlastet.<\/p>\n<p>Alles \u00e4ndert sich, als ein ehemaliger Diplomat w\u00e4hrend der Sekundarstufe II an ihre Schule kommt und von seinen Erlebnissen im Dienste der F\u00f6deration berichtet. Eine seltsame Sehnsucht wird in Estefania geweckt. Sie tr\u00e4umt davon andere V\u00f6lker kennenzulernen, fremde Welten zu besuchen und in das unerforschte aufzubrechen. Mit viel Eifer eignet sie sich Wissen \u00fcber die F\u00f6deration, diplomatische Prozeduren und Erstkontaktmissionen an. Alles was sie an sp\u00e4rlicher freier Zeit hat, geh\u00f6rt nun der Sehnsucht in das unendliche Weltall aufzubrechen.<br \/>\nIhre Eltern merken den Wandel im Verhalten ihrer Tochter relativ schnell. An einem Weihnachtsabend kommt es in der Familie zur Diskussion, w\u00e4hrend ihre Mutter m\u00f6chte das Estefania den Betrieb weiterf\u00fchrt ist es schlie\u00dflich ihr Vater, welcher zugibt, dass auch er immer noch vom Weltall tr\u00e4umt und es bereut sich nie f\u00fcr die Flotte gemeldet zu haben. Schlie\u00dflich entscheidet die Familie zusammen, dass Estefania diesen Weg einschlagen soll.<\/p>\n<p>Sie schreibt sich auf der Akademie ein und erh\u00e4lt auch als eine der letzten eine Zusage. Sie hat durchschnittliche Noten in ihrem ersten Jahr, was nicht daran liegt dass sie nicht lernen will, aber die fremde Umgebung, das Neue was auf sie einprasselt und das Heimweh nach ihrer Familie nehmen sie in Beschlag. Ihre Professoren legen ihr nahe, als Schwerpunktfach Operations zu w\u00e4hlen, da sie dort ihre Talente gut einbringen kann, doch sie entscheidet sich stattdessen f\u00fcr Kommunikation. Denn sie m\u00f6chte unbedingt eine diplomatische Laufbahn einschlagen. Allerdings st\u00fcrzen ihre Noten noch weiter ab, was dazu f\u00fchrt dass sie \u201ezwangsweise\u201c das Schwerpunktfach wechselt und nun doch Operations nimmt. Tats\u00e4chlich liegt ihr das Fach und ihre Noten verbessern sich zusehends.<\/p>\n<p>Sie schlie\u00dft als einer der 50 besten ihres Jahrgangs die Akademie ab und erh\u00e4lt die Stelle der stlv. OPS auf der Hephaistos nach einem ungew\u00f6hnlichen Bewerbungsgespr\u00e4ch mit Cpt. Shay Ruthven und Ens. Jennifer Larson.<\/p>\n<hr \/>\n<p><strong><span style=\"font-size: 24pt;\">Psychologisches Profil<\/span><\/strong><\/p>\n<p>Estefania ist eine ruhige Person welche genau beobachtet. Sie dr\u00e4ngt sich nicht in den Vordergrund und h\u00e4lt sich auch nicht f\u00fcr wichtig. Trotzdem h\u00e4lt sie mit ihrer ruhigen und zuverl\u00e4ssigen Art vieles am Laufen. Sie ist eine Pers\u00f6nlichkeit welche man gerne auch als Seele oder R\u00fcckgrat eines Teams bezeichnet.<br \/>\nMan sollte nicht den Fehler machen und sie aus ihrem Schneckenhaus hervorlocken zu wollen. Das f\u00fchrt eher zu st\u00f6rrischem Verhalten oder einem weiteren R\u00fcckzug. Man muss Estefania behutsam f\u00fcr sich gewinnen und erobern.<br \/>\nKomplett anders verh\u00e4lt es sich wenn man mit Estefania in Streit ger\u00e4t. Dann schl\u00e4gt ihr italienisches Temperament durch und es k\u00f6nnen leicht Gegenst\u00e4nde fliegen. Meistens sch\u00e4mt sich Estefania im Nachhinein aber f\u00fcr ihr Verhalten und entschuldigt sich dann tausendmal.<\/p>\n<p><strong><span style=\"font-size: 24pt;\">St\u00e4rken \/ Schw\u00e4chen<\/span><\/strong><\/p>\n<p><strong>Positiv:<\/strong><\/p>\n<ul>\n<li>Kaufm\u00e4nnisches Verst\u00e4ndnis<\/li>\n<li>Regelkonform und hohe Zuverl\u00e4ssigkeit<\/li>\n<\/ul>\n<p><strong>Negativ:<\/strong><\/p>\n<ul>\n<li>Verschlie\u00dft sich gerne vor Fremden<\/li>\n<li>Kann mit eigenen Fehlern schlecht umgehen, neigt dazu sich zu &#8222;zerfleischen&#8220;<\/li>\n<\/ul>\n<p><strong>Vorlieben:<\/strong><\/p>\n<ul>\n<li>Italienisches Essen und Trinken<\/li>\n<\/ul>\n<p><strong>Abneigungen:\u00a0<\/strong><\/p>\n<ul>\n<li>Regelbrecher<\/li>\n<li>Kaffee aus dem Replikator<\/li>\n<\/ul>\n<hr \/>\n<p><strong><span style=\"font-size: 24pt;\">Spezialgebiete<\/span><\/strong><\/p>\n<p><strong>Studien auf der Sternenflottenakademie:<\/strong><\/p>\n<p>Schwerpunktfach I:<\/p>\n<ul>\n<li>Kommunikation (wegen schlechter Noten abgebrochen)<\/li>\n<li>Operations<\/li>\n<\/ul>\n<p>Schwerpunktfach II:<\/p>\n<ul>\n<li>Steuerung und Navigation<\/li>\n<\/ul>\n<p><strong>Besonderheiten der eigenen Spezies:<\/strong><br \/>\nKeine<\/p>\n<p><strong>Sonstiges:<\/strong><\/p>\n<p>W\u00fcrde gerne eine diplomatische Karriere anstreben, hat allerdings auf der Akademie in diesem Feld nicht \u00fcberzeugt, was es ihr schwer macht, diesen Traum zu verwirklichen.<\/p>\n<hr \/>\n<p><strong><span style=\"font-size: 24pt;\">Hobbies<\/span><\/strong><\/p>\n<ul>\n<li>Kocht f\u00fcr ihr Leben gerne<\/li>\n<li>Sammelt Berichte von Erstkontaktmissionen<\/li>\n<\/ul>\n<hr \/>\n<p><span style=\"font-size: 24pt;\"><strong>Medizinisches Profil<\/strong><\/span><\/p>\n<p>Estefania hat eine Allergie gegen Erdbeeren, Bienen, Bl\u00fctenpollen, Mondstaub und andorianisches Gefl\u00fcgelfleisch. Alle Allergien k\u00f6nnen gut behandelt werden, allerdings hat sie immer einen Notfallkit bei sich um gegen eine allergische Reaktion vorgehen zu k\u00f6nnen. Vor allem das andorianische Gefl\u00fcgelfleisch kann bei ihr zu einem anaphylaktischen Schock f\u00fchren.<\/p>\n<p>Ansonsten erfreut sie sich bester Gesundheit.<\/p>\n<hr \/>\n<p><span style=\"font-size: 24pt;\"><strong>Klassifzierte Sektion<\/strong><\/span><\/p>\n<p>Keine Eintr\u00e4ge<\/p>\n","protected":false},"excerpt":{"rendered":"<p>Estefania Florenzia Terutti Status NPC Spieler Friddi H. Dienstliche Informationen Ranggrafik Rang Ens. Posten stlv. OPS Stationierung USS Hephaistos Physische Beschreibung Spezies Mensch Geschlecht weiblich Gr\u00f6\u00dfe \u00a0164 cm Gewicht 54 kg Hautfarbe wei\u00df Haarfarbe blond (gef\u00e4rbt) Augenfarbe hellbraun Biographische Informationen Geburtsort Erde, Turin Geburtstag 13.08.2393 Familienstand ledig Familie Vater: Lorenzo Terutti &#8211; Koch u. Pizzab\u00e4ckerMutter:&#8230;<\/p>\n<p class=\"more-link-wrap\"><a href=\"https:\/\/www.sf-germany.org\/einheiten\/uss-hephaistos\/die-crew\/estefania-terutti\/\" class=\"more-link\">Read More<span class=\"screen-reader-text\"> &ldquo;Estefania Terutti&rdquo;<\/span> &raquo;<\/a><\/p>\n","protected":false},"author":2,"featured_media":0,"parent":27,"menu_order":2,"comment_status":"closed","ping_status":"closed","template":"page-templates\/medium.php","meta":{"footnotes":""},"class_list":["post-6751","page","type-page","status-publish","hentry"],"_links":{"self":[{"href":"https:\/\/www.sf-germany.org\/einheiten\/uss-hephaistos\/wp-json\/wp\/v2\/pages\/6751","targetHints":{"allow":["GET"]}}],"collection":[{"href":"https:\/\/www.sf-germany.org\/einheiten\/uss-hephaistos\/wp-json\/wp\/v2\/pages"}],"about":[{"href":"https:\/\/www.sf-germany.org\/einheiten\/uss-hephaistos\/wp-json\/wp\/v2\/types\/page"}],"author":[{"embeddable":true,"href":"https:\/\/www.sf-germany.org\/einheiten\/uss-hephaistos\/wp-json\/wp\/v2\/users\/2"}],"replies":[{"embeddable":true,"href":"https:\/\/www.sf-germany.org\/einheiten\/uss-hephaistos\/wp-json\/wp\/v2\/comments?post=6751"}],"version-history":[{"count":3,"href":"https:\/\/www.sf-germany.org\/einheiten\/uss-hephaistos\/wp-json\/wp\/v2\/pages\/6751\/revisions"}],"predecessor-version":[{"id":7008,"href":"https:\/\/www.sf-germany.org\/einheiten\/uss-hephaistos\/wp-json\/wp\/v2\/pages\/6751\/revisions\/7008"}],"up":[{"embeddable":true,"href":"https:\/\/www.sf-germany.org\/einheiten\/uss-hephaistos\/wp-json\/wp\/v2\/pages\/27"}],"wp:attachment":[{"href":"https:\/\/www.sf-germany.org\/einheiten\/uss-hephaistos\/wp-json\/wp\/v2\/media?parent=6751"}],"curies":[{"name":"wp","href":"https:\/\/api.w.org\/{rel}","templated":true}]}}