{"id":6776,"date":"2022-05-21T19:33:59","date_gmt":"2022-05-21T17:33:59","guid":{"rendered":"http:\/\/www.sf-germany.org\/einheiten\/uss-hephaistos\/?page_id=6776"},"modified":"2024-01-01T20:14:09","modified_gmt":"2024-01-01T19:14:09","slug":"richard-t-grand-iii","status":"publish","type":"page","link":"https:\/\/www.sf-germany.org\/einheiten\/uss-hephaistos\/die-crew\/charakter-archiv\/richard-t-grand-iii\/","title":{"rendered":"Richard T. Grand III"},"content":{"rendered":"<div style=\"float: right; margin-left: 15px; margin-bottom: 15px; font-size: 11px; width: 350px; padding-left: 10px; padding-right: 10px;\">\n<table style=\"border: 0px solid #003366; background: transparent; box-shadow: rgba(255, 255, 255, 0.75) 0.1em 0.1em 0.5em; border-radius: 1em; width: 100%;\" border=\"3\" cellspacing=\"10\" align=\"right\">\n<tbody>\n<tr>\n<td style=\"font-weight: bold; border: 0px solid transparent; width: 100%;\" colspan=\"2\" align=\"center\"><\/td>\n<\/tr>\n<tr>\n<td style=\"background: transparent; border: 0px solid transparent; width: 100%;\" colspan=\"2\" align=\"center\"><a href=\"https:\/\/www.sf-germany.org\/einheiten\/uss-hephaistos\/wp-content\/uploads\/richard.png\"><img loading=\"lazy\" decoding=\"async\" class=\"aligncenter wp-image-6785\" src=\"https:\/\/www.sf-germany.org\/einheiten\/uss-hephaistos\/wp-content\/uploads\/richard-150x150.png\" alt=\"\" width=\"167\" height=\"140\" srcset=\"https:\/\/www.sf-germany.org\/einheiten\/uss-hephaistos\/wp-content\/uploads\/richard-300x252.png 300w, https:\/\/www.sf-germany.org\/einheiten\/uss-hephaistos\/wp-content\/uploads\/richard.png 621w\" sizes=\"auto, (max-width: 167px) 100vw, 167px\" \/><\/a><\/td>\n<\/tr>\n<tr>\n<td style=\"font-weight: bold; border: 0px solid transparent; width: 100%;\" colspan=\"2\" align=\"center\"><b>Richard T. Grand III<\/b><\/td>\n<\/tr>\n<tr>\n<td style=\"font-weight: bold; border: 0px solid transparent; width: 50%;\" align=\"right\" width=\"50%\">Status<\/td>\n<td style=\"border: 0px solid transparent; width: 50%;\" align=\"left\" width=\"50%\">PC<\/td>\n<\/tr>\n<tr>\n<td style=\"font-weight: bold; border: 0px solid transparent; width: 50%;\" align=\"right\" width=\"50%\">Spieler<\/td>\n<td style=\"border: 0px solid transparent; width: 50%;\" align=\"left\" width=\"50%\">Karanor<\/td>\n<\/tr>\n<tr>\n<td style=\"font-weight: bold; border: 0px solid #003366; background: #555555; box-shadow: rgba(255, 255, 255, 0.75) 0.1em 0.1em 0.5em; border-radius: 1em; width: 100%;\" colspan=\"2\" align=\"center\">Dienstliche Informationen<\/td>\n<\/tr>\n<tr>\n<td style=\"font-weight: bold; border: 0px solid transparent; width: 50%;\" align=\"right\" width=\"50%\">Ranggrafik<\/td>\n<td style=\"border: 0px solid transparent; width: 50%;\" align=\"left\" width=\"50%\"><img loading=\"lazy\" decoding=\"async\" class=\"alignnone\" src=\"https:\/\/www.sf-germany.com\/images\/schemata\/sto\/weiss\/ziv.png\" alt=\"\" width=\"100\" height=\"25\" \/><\/td>\n<\/tr>\n<tr>\n<td style=\"font-weight: bold; border: 0px solid transparent; width: 50%;\" align=\"right\" width=\"50%\">Rang<\/td>\n<td style=\"border: 0px solid transparent; width: 50%;\" align=\"left\" width=\"50%\">&#8211;<\/td>\n<\/tr>\n<tr>\n<td style=\"font-weight: bold; border: 0px solid transparent; width: 50%;\" align=\"right\" width=\"50%\">Posten<\/td>\n<td style=\"border: 0px solid transparent; width: 50%;\" align=\"left\" width=\"50%\">Botschafter der F\u00f6deration<\/td>\n<\/tr>\n<tr>\n<td style=\"font-weight: bold; border: 0px solid transparent; width: 50%;\" align=\"right\" width=\"50%\">Stationierung<\/td>\n<td style=\"border: 0px solid transparent; width: 50%;\" align=\"left\" width=\"50%\">USS Hephaistos<\/td>\n<\/tr>\n<tr>\n<td style=\"font-weight: bold; border: 0px solid #003366; background: #555555; box-shadow: rgba(255, 255, 255, 0.75) 0.1em 0.1em 0.5em; border-radius: 1em; width: 100%;\" colspan=\"2\" align=\"center\">Physische Beschreibung<\/td>\n<\/tr>\n<tr>\n<td style=\"font-weight: bold; border: 0px solid transparent; width: 50%;\" align=\"right\" width=\"50%\">Spezies<\/td>\n<td style=\"border: 0px solid transparent; width: 50%;\" align=\"left\" width=\"50%\">Mensch<\/td>\n<\/tr>\n<tr>\n<td style=\"font-weight: bold; border: 0px solid transparent; width: 50%;\" align=\"right\" width=\"50%\">Geschlecht<\/td>\n<td style=\"border: 0px solid transparent; width: 50%;\" align=\"left\" width=\"50%\">m\u00e4nnlich<\/td>\n<\/tr>\n<tr>\n<td style=\"font-weight: bold; border: 0px solid transparent; width: 50%;\" align=\"right\" width=\"50%\">Gr\u00f6\u00dfe<\/td>\n<td style=\"border: 0px solid transparent; width: 50%;\" align=\"left\" width=\"50%\">\u00a0186 cm<\/td>\n<\/tr>\n<tr>\n<td style=\"font-weight: bold; border: 0px solid transparent; width: 50%;\" align=\"right\" width=\"50%\">Gewicht<\/td>\n<td style=\"border: 0px solid transparent; width: 50%;\" align=\"left\" width=\"50%\">103\u00a0kg<\/td>\n<\/tr>\n<tr>\n<td style=\"font-weight: bold; border: 0px solid transparent; width: 50%;\" align=\"right\" width=\"50%\">Hautfarbe<\/td>\n<td style=\"border: 0px solid transparent; width: 50%;\" align=\"left\" width=\"50%\">sonnengebr\u00e4unt<\/td>\n<\/tr>\n<tr>\n<td style=\"font-weight: bold; border: 0px solid transparent; width: 50%;\" align=\"right\" width=\"50%\">Haarfarbe<\/td>\n<td style=\"border: 0px solid transparent; width: 50%;\" align=\"left\" width=\"50%\">dunkelbraun mit grau<\/td>\n<\/tr>\n<tr>\n<td style=\"font-weight: bold; border: 0px solid transparent; width: 50%;\" align=\"right\" width=\"50%\">Augenfarbe<\/td>\n<td style=\"border: 0px solid transparent; width: 50%;\" align=\"left\" width=\"50%\">eisblau\/td&gt;<\/td>\n<\/tr>\n<tr>\n<td style=\"font-weight: bold; border: 0px solid #003366; background: #555555; box-shadow: rgba(255, 255, 255, 0.75) 0.1em 0.1em 0.5em; border-radius: 1em; width: 100%;\" colspan=\"2\" align=\"center\">Biographische Informationen<\/td>\n<\/tr>\n<tr>\n<td style=\"font-weight: bold; border: 0px solid transparent; width: 50%;\" align=\"right\" width=\"50%\">Geburtsort<\/td>\n<td style=\"border: 0px solid transparent; width: 50%;\" align=\"left\" width=\"50%\">Silver City Vega<\/td>\n<\/tr>\n<tr>\n<td style=\"font-weight: bold; border: 0px solid transparent; width: 50%;\" align=\"right\" width=\"50%\">Geburtstag<\/td>\n<td style=\"border: 0px solid transparent; width: 50%;\" align=\"left\" width=\"50%\">2363<\/td>\n<\/tr>\n<tr>\n<td style=\"font-weight: bold; border: 0px solid transparent; width: 50%;\" align=\"right\" width=\"50%\">Familienstand<\/td>\n<td style=\"border: 0px solid transparent; width: 50%;\" align=\"left\" width=\"50%\">verheiratet<\/td>\n<\/tr>\n<tr>\n<td style=\"font-weight: bold; border: 0px solid transparent; width: 50%;\" align=\"right\" width=\"50%\">Familie<\/td>\n<td style=\"border: 0px solid transparent; width: 50%;\" align=\"left\" width=\"50%\">Vater: James T Grand II<br \/>\nMutter:Martha Grand (geb. Braga)<\/td>\n<\/tr>\n<tr>\n<td style=\"font-weight: bold; border: 0px solid transparent; width: 50%;\" align=\"right\" width=\"50%\">Geschwister<\/td>\n<td style=\"border: 0px solid transparent; width: 50%;\" align=\"left\" width=\"50%\">7 (4 Br\u00fcder, 3 Schwestern)<\/td>\n<\/tr>\n<tr>\n<td style=\"font-weight: bold; border: 0px solid #003366; background: #555555; box-shadow: rgba(255, 255, 255, 0.75) 0.1em 0.1em 0.5em; border-radius: 1em; width: 100%;\" colspan=\"2\" align=\"center\">Politische informationen<\/td>\n<\/tr>\n<tr>\n<td style=\"font-weight: bold; border: 0px solid transparent; width: 50%;\" align=\"right\" width=\"50%\">Buergerschaft<\/td>\n<td style=\"border: 0px solid transparent; width: 50%;\" align=\"left\" width=\"50%\">F\u00f6derationsb\u00fcrger<\/td>\n<\/tr>\n<\/tbody>\n<\/table>\n<\/div>\n<p><strong><span style=\"font-size: 24pt;\">Lebenslauf<\/span><\/strong><\/p>\n<p><em><span style=\"font-weight: 400;\">\u201cRegel des Erwerbs 287: Behandele ein Mitglied der Familie Grand wie einen Ferengi.\u201d<\/span><\/em><\/p>\n<p>Die Familie Grand geh\u00f6rte zu den ersten Kolonisten des Vega Systems, einer der fr\u00fchesten Kolonien der Menschheit und hat seit dem dort seinen Kern behalten. Die Geschichte der Dynastie ist \u00e4lter als die Geschichte der Sternenflotte und die Familie hat Zeit ihrer Existenz vom Handel und den Erzeugnissen der Minen von Vega gelebt. Als die F\u00f6deration das Geld hinter sich lie\u00df, brauchte es immer noch jene, die den Handel mit anderen V\u00f6lkern \u00fcberwachten und durchf\u00fchren &#8211; und das Haus Grant \u00fcbernahm, was andere als schwere B\u00fcrde gesehen h\u00e4tten, mit Freude und Leichtigkeit. Als kleine Gegenleistung handelten sie aus, Kontrolle \u00fcber ihre Minen zu behalten, um ein zus\u00e4tzliches Handelsgut zu haben. Die Minen auf Vega sind mittlerweile leer, aber durch Nebenabsprachen bei Verhandlungen hat die Grant-Familie ein Minen- und Handelsnetzwerk, das quer \u00fcber die Galaxis verteilt Reichtum und Einfluss der Familie mehrt.<\/p>\n<p>Richard T. Grand III wurde seit seiner Jugend auf seine Aufgabe vorbereitet, den Besitz der Familie und der F\u00f6deration zu mehren und bei Verhandlungen das beste f\u00fcr sich, seine Familie und die F\u00f6deration herauszuholen (in ungef\u00e4hr dieser Reihenfolge).<br \/>\nBereits mit vierzehn Jahren begleitete er die Handelsschiffe seiner Familie und beobachtete Verhandlungen mit V\u00f6lkern au\u00dferhalb der F\u00f6deration. Mit achtzehn leitete er einen der Frachter, der offiziell der F\u00f6deration geh\u00f6rte aber eigentlich nur seiner Familie diente. Schnell stellte sich heraus, dass er mehr Ahnung von diplomatischen Verhandlungen als von Handel hatte und obgleich er in beiden Feldern Erfahrungen sammelte, holte ihn seine Familie vom Handelsschiff zur\u00fcck und steckte ihn nochmal in eine Schule f\u00fcr seine weiteren Aufgaben.<\/p>\n<p>Mit einundzwanzig begann er seine Tante auf diplomatischen Missionen zu begleiten, ab seinem f\u00fcnfundzwanzigsten Lebensjahr war er selbst Verhandler in Missionen der F\u00f6deration, immer mit einem gr\u00f6\u00dferen Stab unterwegs, der in seinen Augen seinen F\u00e4higkeiten und seiner Stellung angemessen war.<br \/>\nMit siebenundzwanzig wurde er offiziell zum Botschafter ernannt und besteht seit dem auf die Anrede \u201cEure Exzellenz\u201d, seit dem wurden auch seine Missionen gr\u00f6\u00dfer. Seien es Bankette zur Aufnahme neuer Zivilisationen in die F\u00f6deration, Zweitkontakte mit neu entdeckten V\u00f6lkern oder Verhandlungen mit den gro\u00dfen Sternenreichen, Richard bewegt sich auf dem diplomatischen Parkett wie ein Fisch im Wasser. Wie andere seiner Familie wurde er auch h\u00e4ufiger f\u00fcr Verhandlungen mit Ferengi eingesetzt und ist mit der Sprache der Ferengi genauso vertraut wie mit den Regeln des Erwerbs. Und auch wenn ihm niemand mehr den naiven F\u00f6derationsmenschen abnimmt, der Geld und Gewinn abgeschworen hat, wird er bei Verhandlungen mit Ferenginar zu Rate gezogen.<\/p>\n<p>Seit einem Debakel bei einem Zweitkontakt (der die Tochter des Planetenherrschers, Glasperlen und Sch\u00fcrfrechten f\u00fcr die Asteroiden des Systems beinhaltete) ist er verheiratet, Besitzer eines Minenkomplexes in einem Asteroideng\u00fcrtel und wurde f\u00fcnf Jahre auf die Akademie in Vega geschickt, um dort die n\u00e4chsten Verhandler und Diplomaten mit auszubilden. Sein Buch \u00fcber \u201cWirtschaftsethik der V\u00f6lker der bekannten Galaxis\u201d wird dort heute noch kontrovers diskutiert. Durch den Einfluss seiner Familie und um seine Stellung dort zu unterstreichen besitzt er seit dem zwei Doktorw\u00fcrden. Eine in Wirtschaftspsychologie, die andere in Politikwissenschaften.<\/p>\n<p>Nach f\u00fcnf Jahren war sein Exil vom diplomatischen Parkett endlich vorbei. Seine Entourage war deutlich kleiner geworden, aber er wurde dadurch auch flexibler und schneller einsetzbar. Statt einem auf seine Bed\u00fcrfnisse abgestimmten Schiff seiner Familie reiste er nun auf Schiffen der Sternenflotte und vergr\u00f6\u00dferte sein Netzwerk. Zuletzt wurde er an der Grenze des klingonischen Reiches auf Shermans Planeten abgesetzt, von dem ihn nun die USS Hephaistos abholt. Richard hofft, bald wieder mit einem gr\u00f6\u00dferen Gefolge und wieder auf einem eigenen Schiff unterwegs zu sein. Was ihn nicht davon abh\u00e4lt, das Beste aus der Situation zu machen.<\/p>\n<p><strong><span style=\"font-size: 18pt;\">Aussehen:<\/span><\/strong><\/p>\n<p>Die schulterlange dunkelbraune M\u00e4hne des sonnengebr\u00e4unten Mannes enth\u00e4lt die ersten grauen Haare und Richard denkt nicht daran, sie nachzuf\u00e4rben. Schnurr- und Kinnbart sind gewachst und werden jeden Tag gepflegt und passen zur extravaganten, weiten und bunten Garderobe des Botschafters. Klingengeh\u00e4nge und Revolver sind au\u00dferhalb seiner Quartiere h\u00e4ufig anzutreffen, beide im Silber, dass seiner Heimatstadt seinen Namen gab und an dass er seine restliche Kleidung farblich anpasst. Hohe schwarze Stiefel sowie Lederhandschuhe komplettieren seine Kleidung, wann immer es m\u00f6glich ist.<br \/>\nF\u00fcr sein Alter und seine Stellung wirkt Richard mit seinen 1,86 Metern Gr\u00f6\u00dfe noch ziemlich fit, aber die vielen Bankette und seine Liebe zum Essen lassen sich an seinen etwas \u00fcber 100 kg Gewicht ablesen. Auf dem Gesicht hat er h\u00e4ufig ein \u201cg\u00fctiges\u201d L\u00e4cheln eines Herrschers gegen\u00fcber seinen Untergebenen, auch die Kunst des Kalten L\u00e4chelns hat er perfektioniert.<\/p>\n<hr \/>\n<p><strong><span style=\"font-size: 24pt;\">Psychologisches Profil<\/span><\/strong><\/p>\n<p>Richard T Grand III denkt zuerst an sich, dann an seine Familie, dann an die F\u00f6deration. So wurde es ihm beigebracht, so lebt er es. Gl\u00fccklicherweise ist was seiner Familie n\u00fctzt auch h\u00e4ufig n\u00fctzlich f\u00fcr die F\u00f6deration und ein guter Ruf der Grand-Dynastie ist essentiell f\u00fcr ihren Erfolg. Auch deswegen wurde \u201cIhre Exzellenz\u201d f\u00fcr einige Jahre in einer Universit\u00e4t \u201cversteckt\u201d, nachdem Verhandlungen der Familie zwar neue Minen, aber auch negative Aufmerksamkeit brachten.<br \/>\nDer Botschafter sieht sich immer noch als unwiderstehlicher Womanizer und l\u00e4sst sich nicht dadurch abhalten, dass er mit einer Frau einer anderen Spezies verheiratet ist. Aber er will auch nicht wieder f\u00fcr Jahre auf einem Planeten versauern m\u00fcssen, also h\u00e4lt er sich etwas mehr zur\u00fcck und beschr\u00e4nkt sich auf gelegentliche Abenteuer und eine ausf\u00fchrliche Bibliothek an Holosuiteprogrammen.<br \/>\nAndere Personen ordnet er nach n\u00fctzlich, Netzwerkknoten, Diener, irrelevant, bel\u00e4stigend und st\u00f6rend ein, bei den letzten beiden Kategorien l\u00e4sst er manchmal Ma\u00dfnahmen ergreifen, nicht mehr in deren Umfeld sein zu m\u00fcssen. \u00dcber ihm steht seine Familie, besonders seine Gro\u00dfmutter als mehr als hundert Jahre alte Patriarchin. Alle anderen schaffen es vielleicht auf einen gleichwertigen Status.<br \/>\nRichard ist kein Speziezist, allerdings wird schnell klar, dass er Lebewesen nach ihrem Wert &#8211; vor allem f\u00fcr ihn &#8211; beurteilt. Sklaverei verabscheut er \u00f6ffentlich und w\u00fcrde auch nie Sklavenhandel betreiben, verteidigt es aber als kulturelle Eigenheit anderer V\u00f6lker.<\/p>\n<p><strong><span style=\"font-size: 18pt;\">St\u00e4rken \/ Schw\u00e4chen<\/span><\/strong><\/p>\n<p><strong>Positiv:<\/strong><\/p>\n<ul>\n<li>Harter Verhandlungsf\u00fchrer<\/li>\n<li>diplomatisches Gesp\u00fcr<\/li>\n<li>durchschaut komplizierte Vertrags- und Handelsverflechtungen<\/li>\n<li>besitzt Druckmittel gegen einzelne Kollegen und Gegenst\u00fccke bei anderen V\u00f6lkern<\/li>\n<li>Spricht flie\u00dfend ferengi, verhandlungssicher klingonisch und kennt die Gru\u00dfformeln, Trinkspr\u00fcche und Fl\u00fcche dutzender anderer Spezies<\/li>\n<\/ul>\n<p><strong>Negativ:<\/strong><\/p>\n<ul>\n<li>Narzisst<\/li>\n<li>H\u00e4ngt noch den alten Prinzipien der Geldansammlung und -vermehrung nach<\/li>\n<li>Machtmensch<\/li>\n<li>An \u00dcberheblichkeit grenzende Arroganz<\/li>\n<li>Standesdenken<\/li>\n<\/ul>\n<p><strong>Vorlieben:<\/strong><\/p>\n<ul>\n<li>Weibliche gutaussehende Wesen mehrerer Spezies<\/li>\n<li>Zigarren<\/li>\n<li>guter Alkohol<\/li>\n<li>gutes Essen<\/li>\n<li>Seinen Ruhm und den seiner Familie mehren<\/li>\n<\/ul>\n<p><strong>Abneigungen:\u00a0<\/strong><\/p>\n<ul>\n<li>Arbeiten<\/li>\n<li>Personen, die laut Protokoll \u00fcber ihm stehen<\/li>\n<li>Personen, die ihm auf die Nerven gehen<\/li>\n<li>Personen, die seine Befehle nicht sofort befolgen &#8211; egal aus welchem Grund<\/li>\n<\/ul>\n<hr \/>\n<p><strong><span style=\"font-size: 24pt;\">Besonderer Besitz<\/span><\/strong><\/p>\n<ul>\n<li>ein Streifen goldgepresstes Latinum<br \/>\nSein erstes selbst verdientes Latinum und gleichzeitig Erinnerung an Regel des Erwerbs Nummer 3: Gebe niemals mehr f\u00fcr etwas aus als du musst. H\u00e4ngt an einer Schnur um seinen Hals unter seiner Kleidung.<\/li>\n<li>Klingengeh\u00e4nge aus Rapier und Linkhand<br \/>\nSilberverzierte Klingen mit detaillierten Griffk\u00f6rben sind beide kampftauglich und Richard wurde gut in ihrem Gebrauch unterrichtet. In letzter Zeit trainiert er vor allem den Kampf gegen virtuelle Klingonen, ein \u201cFreundschaftskampf\u201d gegen einen realen Klingonen endete in einem zweit\u00e4gigen Aufenthalt auf einer Krankenstation und grundlegendem gegenseitigen Respekt.<\/li>\n<li>silberner Revolver<br \/>\nEine echte Antiquit\u00e4t, die dennoch (durch seine Adjutanten) immer kampftauglich gehalten wird und nichts von ihrer T\u00f6dlichkeit verloren hat. Im Idealfall lenkt sie vom Typ1-Phaser ab, den Richard immer mit sich zu tragen pflegt.<\/li>\n<li>Zigarren \u201cGrand Mist Auslese\u201d<br \/>\nImmer mit mehreren Kisten voller Zigarren unterwegs wurden sie sein Markenzeichen auf dem diplomatischen Parkett und er wird mittlerweile bei Verhandlungen auch danach gefragt. Richard erf\u00e4hrt in seinen Augen viel \u00fcber seinen Gegen\u00fcber wie er auf das Geschenk reagiert.<\/li>\n<li>Holoprogrammbibliothek<br \/>\nNeben Trainingsprogrammen und einem Reitprogramm finden sich viele romantische Orte mit weiblichen Vertretern von hunderten Spezies in seiner privaten Programmbibliothek<\/li>\n<li>\u201cGrand Destiny\u201d<br \/>\nDas Schiff der Raven- Klasse war vor dem Zwischenfall das Transportmittel der Wahl von Richard, seitdem hofft er es samt der zugeh\u00f6rigen Mannschaft und dem gewohnten Luxus wieder zu bekommen. Seit mittlerweile zw\u00f6lf Jahren steht das Schiff in einem Raumhafen auf Vega, ein Modell davon f\u00fchrt er in seiner Ausr\u00fcstung als Erinnerung an seinen Fehlschlag und was er zur\u00fcck haben will mit sich.<\/li>\n<\/ul>\n<p>&nbsp;<\/p>\n<hr \/>\n<p><strong><span style=\"font-size: 24pt;\">Hobbies<\/span><\/strong><\/p>\n<p>Dem Botschafter wurde nahegelegt, sich sportlich zu bet\u00e4tigen und er ist ein begeisterter Reiter, Sch\u00fctze und Fechter. Wann immer es das Protokoll gestattet, tr\u00e4gt er ein Klingengeh\u00e4nge aus Rapier und Linkhand, mit denen er regelm\u00e4\u00dfig trainiert und im Holodeck schon viele virtuelle Gegner bezwungen hat. Ein dazu passender silberner Revolver ist ebenso archaisch, ist aber dennoch hilfreich zur Selbstverteidigung.<br \/>\nDurch seine diplomatische T\u00e4tigkeit ist er viele K\u00fcchen gewohnt und ein begeisterter Esser, Gesellschaftstrinker und Raucher. Letzteres auch dank eines Gesch\u00e4ftszweigs seiner Familie, die Zigarren nach traditioneller Art herstellt und die er gerne als Geschenk in diplomatischen Verhandlungen verwendet. Nat\u00fcrlich raucht er auch in seiner Freizeit, aber niemals in seinen eigenen R\u00e4umlichkeiten, wenn es sich vermeiden l\u00e4sst.<br \/>\nEr besch\u00e4ftigt sich gerne mit der Kunst der V\u00f6lker, mit denen er verhandelt, um ein Gef\u00fchl f\u00fcr sie zu entwickeln und dadurch Vorteile in Verhandlungen zu erreichen. Auch sind viele Kunstwerke von V\u00f6lkern, mit denen er verhandelt hat, mittlerweile in Vega zu besichtigen.<br \/>\nSeinem Hobby, weibliche Wesen in seine Gem\u00e4cher einzuladen, wurde ein starker D\u00e4mpfer verpasst.<\/p>\n<hr \/>\n<p><strong><span style=\"font-size: 24pt;\">Medizinisches Profil<\/span><\/strong><\/p>\n<p>F\u00fcr einen langj\u00e4hrigen Raucher und Trinker sind Lunge wie Leber bemerkenswert gesund, was aber nicht an gesunder Lebensweise sondern regelm\u00e4\u00dfiger \u201cWartung\u201d durch Mediziner der F\u00f6deration liegt, seine kompletten Atemwege mussten bereits ausgetauscht werden.<br \/>\nNeben einer Breitbandimmunisierung finden sich regelm\u00e4\u00dfig Medikamente in seinem K\u00f6rper, die ihn besser auf eine Umgebung anpassen, gegen verbreitete Gifte von Verhandlungspartnern sch\u00fctzen sollen oder ihm l\u00e4ngere Wachphasen in Verhandlungen erm\u00f6glichen.<br \/>\nDurch sein k\u00f6rperliches Training ist der Botschafter gut in Form, hilft hier allerdings auch durch Chemie nach, um besser mit gr\u00f6\u00dferen Banketten oder Alkoholmengen zurecht zu kommen.<\/p>\n<hr \/>\n<p><strong><span style=\"font-size: 24pt;\">Begleiter<\/span><\/strong><\/p>\n<p><strong><span style=\"font-size: 18pt;\">Ilana Rikal, Attach\u00e9 ihrer Exzellenz Richard T Grant III<\/span><\/strong><\/p>\n<p>Die dunkelhaarige Betazoidin ist nicht nur Assistentin seiner Exzellenz, sondern auch seine W\u00e4chterin. Was auch hei\u00dft, dass sie Probleme von ihm fernh\u00e4lt, seine Treffen vor- wie nachbereitet, Gespr\u00e4chspartner \u00fcberwacht und regelm\u00e4\u00dfig selbst Verhandlungen f\u00fchrt, w\u00e4hrend Richard an Veranstaltungen des Protokolls teilnimmt.<br \/>\nWo Richard bunt und auff\u00e4llig ist, bleibt Ilana im Hintergrund. Wo ihre Exzellenz jeden sp\u00fcren l\u00e4sst, welchen Stand er vertritt, hat sie die ihrer Spezies eigene Empathie.<br \/>\nSie ist ihm seit dem \u201cZwischenfall\u201d zugeteilt, beide verbinden keine romantischen Gef\u00fchle und sie hat ihrem \u201cMeister\u201d sehr schnell klar gemacht, wie ihre Meinung zu rein k\u00f6rperlichen Bindungen mit einem verheirateten Mann ist.<br \/>\nF\u00fcr Ilana ist diese Position ein Sprungbrett, eines Tages selbst Botschafterin zu werden, aber sie gef\u00e4llt sich in der zweiten Reihe. Und den ersten in der F\u00f6deration ist aufgefallen, dass sie f\u00fcr einige Erfolge von Richard verantwortlich ist.<\/p>\n<p><strong><span style=\"font-size: 18pt;\">Simon Nesmond und James Mercer, Mitarbeiter ihrer Exzellenz Richard T Grant III<\/span><\/strong><\/p>\n<p>Beide Menschen, die eine Karriere im diplomatischen Corps der F\u00f6deration anstreben und dem Gefolge von Richard zugeteilt worden sind, kommen aus der Vega-Kolonie und hoffen durch ihre Gefolgschaft die richtigen Verbindungen zu bekommen und wichtige Dinge zu lernen. Richard behandelt beide als bessere Dienstboten, aber nimmt sich einmal die Woche ein paar Stunden Zeit, sie in die Feinheiten der diplomatischen Arbeit einzuf\u00fchren &#8211; was meistens hei\u00dft, dass er ihnen von erfolgreichen Verhandlungen erz\u00e4hlt und sie dann dazu befragt. Ilana Rikal unterrichtet die beiden jungen M\u00e4nner, wenn sie Zeit daf\u00fcr findet, ist aber auch deutlich fordernder als ihre Exzellenz.<\/p>\n<p>Er verf\u00fcgt eigentlich \u00fcber einen gr\u00f6\u00dferen Stab, konnte aber nur drei Personen aus seinem Gefolge mit auf die Hephaistos nehmen. Der restliche Stab blieb auf Shermans Planet zur\u00fcck und arbeitet an den Folgen von Richards Arbeit auf dem Planeten.<\/p>\n","protected":false},"excerpt":{"rendered":"<p>Richard T. Grand III Status PC Spieler Karanor Dienstliche Informationen Ranggrafik Rang &#8211; Posten Botschafter der F\u00f6deration Stationierung USS Hephaistos Physische Beschreibung Spezies Mensch Geschlecht m\u00e4nnlich Gr\u00f6\u00dfe \u00a0186 cm Gewicht 103\u00a0kg Hautfarbe sonnengebr\u00e4unt Haarfarbe dunkelbraun mit grau Augenfarbe eisblau\/td&gt; Biographische Informationen Geburtsort Silver City Vega Geburtstag 2363 Familienstand verheiratet Familie Vater: James T Grand II&#8230;<\/p>\n<p class=\"more-link-wrap\"><a href=\"https:\/\/www.sf-germany.org\/einheiten\/uss-hephaistos\/die-crew\/charakter-archiv\/richard-t-grand-iii\/\" class=\"more-link\">Read More<span class=\"screen-reader-text\"> &ldquo;Richard T. Grand III&rdquo;<\/span> &raquo;<\/a><\/p>\n","protected":false},"author":1,"featured_media":0,"parent":1100,"menu_order":20,"comment_status":"closed","ping_status":"closed","template":"page-templates\/medium.php","meta":{"footnotes":""},"class_list":["post-6776","page","type-page","status-publish","hentry"],"_links":{"self":[{"href":"https:\/\/www.sf-germany.org\/einheiten\/uss-hephaistos\/wp-json\/wp\/v2\/pages\/6776","targetHints":{"allow":["GET"]}}],"collection":[{"href":"https:\/\/www.sf-germany.org\/einheiten\/uss-hephaistos\/wp-json\/wp\/v2\/pages"}],"about":[{"href":"https:\/\/www.sf-germany.org\/einheiten\/uss-hephaistos\/wp-json\/wp\/v2\/types\/page"}],"author":[{"embeddable":true,"href":"https:\/\/www.sf-germany.org\/einheiten\/uss-hephaistos\/wp-json\/wp\/v2\/users\/1"}],"replies":[{"embeddable":true,"href":"https:\/\/www.sf-germany.org\/einheiten\/uss-hephaistos\/wp-json\/wp\/v2\/comments?post=6776"}],"version-history":[{"count":9,"href":"https:\/\/www.sf-germany.org\/einheiten\/uss-hephaistos\/wp-json\/wp\/v2\/pages\/6776\/revisions"}],"predecessor-version":[{"id":6994,"href":"https:\/\/www.sf-germany.org\/einheiten\/uss-hephaistos\/wp-json\/wp\/v2\/pages\/6776\/revisions\/6994"}],"up":[{"embeddable":true,"href":"https:\/\/www.sf-germany.org\/einheiten\/uss-hephaistos\/wp-json\/wp\/v2\/pages\/1100"}],"wp:attachment":[{"href":"https:\/\/www.sf-germany.org\/einheiten\/uss-hephaistos\/wp-json\/wp\/v2\/media?parent=6776"}],"curies":[{"name":"wp","href":"https:\/\/api.w.org\/{rel}","templated":true}]}}