{"id":6835,"date":"2022-09-05T11:31:13","date_gmt":"2022-09-05T09:31:13","guid":{"rendered":"http:\/\/www.sf-germany.org\/einheiten\/uss-hephaistos\/?page_id=6835"},"modified":"2022-10-07T12:53:14","modified_gmt":"2022-10-07T10:53:14","slug":"urlaub-auf-shermans-planet","status":"publish","type":"page","link":"https:\/\/www.sf-germany.org\/einheiten\/uss-hephaistos\/logbuch\/missionen\/urlaub-auf-shermans-planet\/","title":{"rendered":"Urlaub auf Shermans Planet"},"content":{"rendered":"<p><span style=\"font-family: arial, helvetica, sans-serif;\"><a href=\"https:\/\/www.sf-germany.org\/einheiten\/uss-hephaistos\/wp-content\/uploads\/2016\/01\/hephaistoscprw3.png\" rel=\"attachment wp-att-11\"><img loading=\"lazy\" decoding=\"async\" class=\"aligncenter wp-image-11\" src=\"https:\/\/www.sf-germany.org\/einheiten\/uss-hephaistos\/wp-content\/uploads\/2016\/01\/hephaistoscprw3.png\" alt=\"hephaistoscprw3\" width=\"193\" height=\"163\" srcset=\"https:\/\/www.sf-germany.org\/einheiten\/uss-hephaistos\/wp-content\/uploads\/2016\/01\/hephaistoscprw3.png 388w, https:\/\/www.sf-germany.org\/einheiten\/uss-hephaistos\/wp-content\/uploads\/2016\/01\/hephaistoscprw3-300x254.png 300w\" sizes=\"auto, (max-width: 193px) 100vw, 193px\" \/><\/a><\/span><\/p>\n<hr \/>\n<table border=\"0\" width=\"400\" cellspacing=\"1\" cellpadding=\"1\">\n<tbody>\n<tr>\n<td colspan=\"2\" align=\"left\" valign=\"middle\" nowrap=\"nowrap\" bgcolor=\"#ea4701\"><span style=\"font-size: 16px; font-family: arial, helvetica, sans-serif;\"><strong>MISSIONSDATEN<\/strong><\/span><\/td>\n<\/tr>\n<tr>\n<td align=\"left\" valign=\"middle\" width=\"110\"><span style=\"font-family: arial, helvetica, sans-serif;\"><strong>CODENAME:<\/strong><\/span><\/td>\n<td align=\"left\" valign=\"middle\" width=\"290\"><span style=\"font-family: arial, helvetica, sans-serif;\">Urlaub auf Sherman&#8217;s Planet<\/span><\/td>\n<\/tr>\n<tr>\n<td align=\"left\" valign=\"middle\" width=\"110\"><span style=\"font-family: arial, helvetica, sans-serif;\"><strong>MISSIONSTYP:<\/strong><\/span><\/td>\n<td align=\"left\" valign=\"middle\" width=\"290\"><span style=\"font-family: arial, helvetica, sans-serif;\"><strong>R &amp; R<\/strong><\/span><\/td>\n<\/tr>\n<tr>\n<td align=\"left\" valign=\"middle\" width=\"110\"><span style=\"font-family: arial, helvetica, sans-serif;\"><strong>ZEITRAUM:<\/strong><\/span><\/td>\n<td align=\"left\" valign=\"middle\" width=\"290\"><span style=\"font-family: arial, helvetica, sans-serif;\">SD 270924 &#8211; 280516<\/span><\/td>\n<\/tr>\n<tr>\n<td align=\"left\" valign=\"middle\" width=\"110\"><span style=\"font-family: arial, helvetica, sans-serif;\"><strong>STATUS:<\/strong><\/span><\/td>\n<td align=\"left\" valign=\"middle\" width=\"290\"><span style=\"font-family: arial, helvetica, sans-serif;\">beendet<\/span><\/td>\n<\/tr>\n<tr>\n<td align=\"left\" valign=\"middle\" width=\"110\"><span style=\"font-family: arial, helvetica, sans-serif;\"><strong>EINHEITEN:<\/strong><\/span><\/td>\n<td align=\"left\" valign=\"middle\" width=\"290\"><span style=\"font-family: arial, helvetica, sans-serif;\">USS Hephaistos<\/span><\/td>\n<\/tr>\n<\/tbody>\n<\/table>\n<h2><span style=\"font-family: arial, helvetica, sans-serif;\"><strong><span style=\"font-size: 18px;\">Auftrag<\/span><\/strong><\/span><\/h2>\n<p><span style=\"font-family: arial, helvetica, sans-serif;\">Die Ereignisse auf dem Geisterschiff USS Balimore haben die Crew derart mitgenommen das beschlossen wurde der Crew einen ausgedehnten Landurlaub auf Shermans Planet zu g\u00f6nnen. Einzige Pr\u00e4misse ist das Jennifer Larson Stationsverbot auf K7 hat und sich dort besser nicht blicken l\u00e4\u00dft.<\/span><\/p>\n<h2><span style=\"font-family: arial, helvetica, sans-serif;\"><strong><span style=\"font-size: 14pt;\">Hintergrund:<\/span><\/strong><\/span><\/h2>\n<p><span style=\"font-family: arial, helvetica, sans-serif;\">Verdienter Landurlaub f\u00fcr die Crew der USS Hephaistos um sich von den Strapazen der letzten erfolgreichen Mission zu erholen.<\/span><\/p>\n<h2><span style=\"font-family: arial, helvetica, sans-serif;\"><strong><span style=\"font-size: 18px;\">Missionsverlauf<\/span><\/strong><\/span><\/h2>\n<p><span style=\"font-family: arial, helvetica, sans-serif;\">Der Landurlaub wurde gut angenommen und verschiedene Ausfl\u00fcge und auch eine Strandparty stehen auf dem Programm<\/span><\/p>\n<h3><span style=\"font-family: arial, helvetica, sans-serif;\"><strong>Aktuelle Ereignisse<\/strong><\/span><\/h3>\n<ul>\n<li><span style=\"font-family: arial, helvetica, sans-serif;\">Fabi und Jetsun wollen zu einer Weinprobe, steigen aber in den falschen Bus und landet in einem Dorf in das sie nicht wollten. Allerdings hat das ebenfalls etwas gutes den dort gibt es einen guten B\u00e4cker und einen kleinen Markt. Dank Gespr\u00e4che mit dem B\u00e4cker gelingt es ihnen eine Mitfahrt bei einem der Weingut-Besch\u00e4ftigten zu ergattern und kommen vielleicht doch noch p\u00fcnktlich zur Weinprobe<\/span><\/li>\n<li><span style=\"font-family: arial, helvetica, sans-serif;\">Shay hat eine Strandparty organisiert und im Zuge dieser den verk\u00fcndet das der CNS Ettore ab sofort 2O sein wird.<\/span><\/li>\n<li><span style=\"font-family: arial, helvetica, sans-serif;\">Fabi kommt sp\u00e4t nachts mit einem Shuttle voller Wein zur\u00fcck zur Hephaistos und wird dabei vom CO erwischen<\/span><\/li>\n<li><span style=\"font-family: arial, helvetica, sans-serif;\">Ana und Ajur suchen nach dem Nagerproblem an Bord das vielleicht gar keines ist sondern ein ungebetener Gast\/Spion<\/span><\/li>\n<li><span style=\"font-family: arial, helvetica, sans-serif;\">Jen und Emily haben Spa\u00df auf dem Holodeck<\/span><\/li>\n<li><span style=\"font-family: arial, helvetica, sans-serif;\">Ajur, Daniel und Sam machen sich \u00fcber eine klingonische Ausgrabungsst\u00e4tte her<\/span><\/li>\n<\/ul>\n<p class=\"moz-quote-pre\"><span style=\"font-family: arial, helvetica, sans-serif;\"><strong>Personelle \u00c4nderungen<\/strong><\/span><\/p>\n<h3><span style=\"font-family: arial, helvetica, sans-serif;\"><strong>W\u00e4hrend der Mission ausgesprochene Bef\u00f6rderungen \/ Degradierungen \/ Postenwechsel<\/strong><\/span><\/h3>\n<ul>\n<li><span style=\"font-family: arial, helvetica, sans-serif;\">Ettore della Scala wird zum 2O bef\u00f6rdert<\/span><\/li>\n<li><span style=\"font-family: arial, helvetica, sans-serif;\">Die neue CNS Nazira Tapai kommt an Bord<\/span><\/li>\n<\/ul>\n<h3><span style=\"font-family: arial, helvetica, sans-serif;\"><strong>W\u00e4hrend der Mission verstorben \/ verschollen<\/strong><\/span><\/h3>\n<ul>\n<li><span style=\"font-family: arial, helvetica, sans-serif;\">derzeit keine Vorkommnisse<\/span><\/li>\n<\/ul>\n<h2><span style=\"font-family: arial, helvetica, sans-serif;\"><strong>Weitere Bemerkungen<\/strong><\/span><\/h2>\n<ul>\n<li><span style=\"font-family: arial, helvetica, sans-serif;\">derzeit keine Vorkommnisse<\/span><\/li>\n<\/ul>\n<p><span style=\"font-family: arial, helvetica, sans-serif;\">gez. Cpt. Shay Ruthven, CO USS Hephaistos<\/span><\/p>\n<h2><\/h2>\n","protected":false},"excerpt":{"rendered":"<p>MISSIONSDATEN CODENAME: Urlaub auf Sherman&#8217;s Planet MISSIONSTYP: R &amp; R ZEITRAUM: SD 270924 &#8211; 280516 STATUS: beendet EINHEITEN: USS Hephaistos Auftrag Die Ereignisse auf dem Geisterschiff USS Balimore haben die Crew derart mitgenommen das beschlossen wurde der Crew einen ausgedehnten Landurlaub auf Shermans Planet zu g\u00f6nnen. Einzige Pr\u00e4misse ist das Jennifer Larson Stationsverbot auf K7&#8230;<\/p>\n<p class=\"more-link-wrap\"><a href=\"https:\/\/www.sf-germany.org\/einheiten\/uss-hephaistos\/logbuch\/missionen\/urlaub-auf-shermans-planet\/\" class=\"more-link\">Read More<span class=\"screen-reader-text\"> &ldquo;Urlaub auf Shermans Planet&rdquo;<\/span> &raquo;<\/a><\/p>\n","protected":false},"author":1,"featured_media":0,"parent":127,"menu_order":20,"comment_status":"closed","ping_status":"closed","template":"page-templates\/medium.php","meta":{"footnotes":""},"class_list":["post-6835","page","type-page","status-publish","hentry"],"_links":{"self":[{"href":"https:\/\/www.sf-germany.org\/einheiten\/uss-hephaistos\/wp-json\/wp\/v2\/pages\/6835","targetHints":{"allow":["GET"]}}],"collection":[{"href":"https:\/\/www.sf-germany.org\/einheiten\/uss-hephaistos\/wp-json\/wp\/v2\/pages"}],"about":[{"href":"https:\/\/www.sf-germany.org\/einheiten\/uss-hephaistos\/wp-json\/wp\/v2\/types\/page"}],"author":[{"embeddable":true,"href":"https:\/\/www.sf-germany.org\/einheiten\/uss-hephaistos\/wp-json\/wp\/v2\/users\/1"}],"replies":[{"embeddable":true,"href":"https:\/\/www.sf-germany.org\/einheiten\/uss-hephaistos\/wp-json\/wp\/v2\/comments?post=6835"}],"version-history":[{"count":2,"href":"https:\/\/www.sf-germany.org\/einheiten\/uss-hephaistos\/wp-json\/wp\/v2\/pages\/6835\/revisions"}],"predecessor-version":[{"id":6840,"href":"https:\/\/www.sf-germany.org\/einheiten\/uss-hephaistos\/wp-json\/wp\/v2\/pages\/6835\/revisions\/6840"}],"up":[{"embeddable":true,"href":"https:\/\/www.sf-germany.org\/einheiten\/uss-hephaistos\/wp-json\/wp\/v2\/pages\/127"}],"wp:attachment":[{"href":"https:\/\/www.sf-germany.org\/einheiten\/uss-hephaistos\/wp-json\/wp\/v2\/media?parent=6835"}],"curies":[{"name":"wp","href":"https:\/\/api.w.org\/{rel}","templated":true}]}}