{"id":7256,"date":"2023-04-18T19:06:13","date_gmt":"2023-04-18T17:06:13","guid":{"rendered":"https:\/\/www.sf-germany.org\/einheiten\/uss-hephaistos\/?page_id=7256"},"modified":"2025-08-18T14:47:31","modified_gmt":"2025-08-18T12:47:31","slug":"tvala","status":"publish","type":"page","link":"https:\/\/www.sf-germany.org\/einheiten\/uss-hephaistos\/die-crew\/spieler\/tvala\/","title":{"rendered":"T&#8217;Vala"},"content":{"rendered":"<div style=\"float: right; margin-left: 15px; margin-bottom: 15px; font-size: 11px; width: 350px; padding-left: 10px; padding-right: 10px;\">\n<table style=\"border: 0px solid #003366; background: transparent; box-shadow: rgba(255, 255, 255, 0.75) 0.1em 0.1em 0.5em; border-radius: 1em; width: 100%;\" border=\"3\" cellspacing=\"10\" align=\"right\">\n<tbody>\n<tr>\n<td style=\"font-weight: bold; border: 0px solid transparent; width: 100%;\" colspan=\"2\" align=\"center\"><\/td>\n<\/tr>\n<tr>\n<td style=\"background: transparent; border: 0px solid transparent; width: 100%;\" colspan=\"2\" align=\"center\"><a href=\"https:\/\/www.sf-germany.org\/einheiten\/uss-hephaistos\/wp-content\/uploads\/2016\/01\/CharBild.png\" rel=\"attachment wp-att-117\"><img loading=\"lazy\" decoding=\"async\" class=\"alignnone wp-image-7885 size-medium\" src=\"https:\/\/www.sf-germany.org\/einheiten\/uss-hephaistos\/wp-content\/uploads\/TVala4-300x300.jpg\" alt=\"\" width=\"300\" height=\"300\" srcset=\"https:\/\/www.sf-germany.org\/einheiten\/uss-hephaistos\/wp-content\/uploads\/TVala4-300x300.jpg 300w, https:\/\/www.sf-germany.org\/einheiten\/uss-hephaistos\/wp-content\/uploads\/TVala4-150x150.jpg 150w, https:\/\/www.sf-germany.org\/einheiten\/uss-hephaistos\/wp-content\/uploads\/TVala4.jpg 1024w\" sizes=\"auto, (max-width: 300px) 100vw, 300px\" \/><\/a><\/td>\n<\/tr>\n<tr>\n<td style=\"font-weight: bold; border: 0px solid transparent; width: 100%;\" colspan=\"2\" align=\"center\">T\u2019Vala<\/td>\n<\/tr>\n<tr>\n<td style=\"font-weight: bold; border: 0px solid transparent; width: 50%;\" align=\"right\" width=\"50%\">Status<\/td>\n<td style=\"border: 0px solid transparent; width: 50%;\" align=\"left\" width=\"50%\">PC<\/td>\n<\/tr>\n<tr>\n<td style=\"font-weight: bold; border: 0px solid transparent; width: 50%;\" align=\"right\" width=\"50%\">Spieler<\/td>\n<td style=\"border: 0px solid transparent; width: 50%;\" align=\"left\" width=\"50%\">Assets<\/td>\n<\/tr>\n<tr>\n<td style=\"font-weight: bold; border: 0px solid #003366; background: #555555; box-shadow: rgba(255, 255, 255, 0.75) 0.1em 0.1em 0.5em; border-radius: 1em; width: 100%;\" colspan=\"2\" align=\"center\">Dienstliche Informationen<\/td>\n<\/tr>\n<tr>\n<td style=\"font-weight: bold; border: 0px solid transparent; width: 50%;\" align=\"right\" width=\"50%\">Ranggrafik<\/td>\n<td style=\"border: 0px solid transparent; width: 50%;\" align=\"left\" width=\"50%\"><img loading=\"lazy\" decoding=\"async\" src=\"https:\/\/www.sf-germany.com\/images\/schemata\/sto\/blau\/lt.png\" alt=\"\" width=\"100\" height=\"25\" \/><\/td>\n<\/tr>\n<tr>\n<td style=\"font-weight: bold; border: 0px solid transparent; width: 50%;\" align=\"right\" width=\"50%\">Rang<\/td>\n<td style=\"border: 0px solid transparent; width: 50%;\" align=\"left\" width=\"50%\">Lieutenant<\/td>\n<\/tr>\n<tr>\n<td style=\"font-weight: bold; border: 0px solid transparent; width: 50%;\" align=\"right\" width=\"50%\">Posten<\/td>\n<td style=\"border: 0px solid transparent; width: 50%;\" align=\"left\" width=\"50%\">WIS<\/td>\n<\/tr>\n<tr>\n<td style=\"font-weight: bold; border: 0px solid transparent; width: 50%;\" align=\"right\" width=\"50%\">Stationierung<\/td>\n<td style=\"border: 0px solid transparent; width: 50%;\" align=\"left\" width=\"50%\">USS Hephaistos<\/td>\n<\/tr>\n<tr>\n<td style=\"font-weight: bold; border: 0px solid #003366; background: #555555; box-shadow: rgba(255, 255, 255, 0.75) 0.1em 0.1em 0.5em; border-radius: 1em; width: 100%;\" colspan=\"2\" align=\"center\">Physische Beschreibung<\/td>\n<\/tr>\n<tr>\n<td style=\"font-weight: bold; border: 0px solid transparent; width: 50%;\" align=\"right\" width=\"50%\">Spezies<\/td>\n<td style=\"border: 0px solid transparent; width: 50%;\" align=\"left\" width=\"50%\">Vulkanierin<\/td>\n<\/tr>\n<tr>\n<td style=\"font-weight: bold; border: 0px solid transparent; width: 50%;\" align=\"right\" width=\"50%\">Geschlecht<\/td>\n<td style=\"border: 0px solid transparent; width: 50%;\" align=\"left\" width=\"50%\">w<\/td>\n<\/tr>\n<tr>\n<td style=\"font-weight: bold; border: 0px solid transparent; width: 50%;\" align=\"right\" width=\"50%\">Gr\u00f6\u00dfe<\/td>\n<td style=\"border: 0px solid transparent; width: 50%;\" align=\"left\" width=\"50%\">169 cm<\/td>\n<\/tr>\n<tr>\n<td style=\"font-weight: bold; border: 0px solid transparent; width: 50%;\" align=\"right\" width=\"50%\">Gewicht<\/td>\n<td style=\"border: 0px solid transparent; width: 50%;\" align=\"left\" width=\"50%\">66 kg<\/td>\n<\/tr>\n<tr>\n<td style=\"font-weight: bold; border: 0px solid transparent; width: 50%;\" align=\"right\" width=\"50%\">Hautfarbe<\/td>\n<td style=\"border: 0px solid transparent; width: 50%;\" align=\"left\" width=\"50%\"><\/td>\n<\/tr>\n<tr>\n<td style=\"font-weight: bold; border: 0px solid transparent; width: 50%;\" align=\"right\" width=\"50%\">Haarfarbe<\/td>\n<td style=\"border: 0px solid transparent; width: 50%;\" align=\"left\" width=\"50%\">braun<\/td>\n<\/tr>\n<tr>\n<td style=\"font-weight: bold; border: 0px solid transparent; width: 50%;\" align=\"right\" width=\"50%\">Augenfarbe<\/td>\n<td style=\"border: 0px solid transparent; width: 50%;\" align=\"left\" width=\"50%\">grau<\/td>\n<\/tr>\n<tr>\n<td style=\"font-weight: bold; border: 0px solid #003366; background: #555555; box-shadow: rgba(255, 255, 255, 0.75) 0.1em 0.1em 0.5em; border-radius: 1em; width: 100%;\" colspan=\"2\" align=\"center\">Biographische Informationen<\/td>\n<\/tr>\n<tr>\n<td style=\"font-weight: bold; border: 0px solid transparent; width: 50%;\" align=\"right\" width=\"50%\">Geburtsort<\/td>\n<td style=\"border: 0px solid transparent; width: 50%;\" align=\"left\" width=\"50%\">Vulkan<\/td>\n<\/tr>\n<tr>\n<td style=\"font-weight: bold; border: 0px solid transparent; width: 50%;\" align=\"right\" width=\"50%\">Geburtstag<\/td>\n<td style=\"border: 0px solid transparent; width: 50%;\" align=\"left\" width=\"50%\">2349<\/td>\n<\/tr>\n<tr>\n<td style=\"font-weight: bold; border: 0px solid transparent; width: 50%;\" align=\"right\" width=\"50%\">Familienstand<\/td>\n<td style=\"border: 0px solid transparent; width: 50%;\" align=\"left\" width=\"50%\">ledig<\/td>\n<\/tr>\n<tr>\n<td style=\"font-weight: bold; border: 0px solid transparent; width: 50%;\" align=\"right\" width=\"50%\">Familie<\/td>\n<td style=\"border: 0px solid transparent; width: 50%;\" align=\"left\" width=\"50%\"><\/td>\n<\/tr>\n<tr>\n<td style=\"font-weight: bold; border: 0px solid transparent; width: 50%;\" align=\"right\" width=\"50%\">Religion<\/td>\n<td style=\"border: 0px solid transparent; width: 50%;\" align=\"left\" width=\"50%\"><\/td>\n<\/tr>\n<tr>\n<td style=\"font-weight: bold; border: 0px solid #003366; background: #555555; box-shadow: rgba(255, 255, 255, 0.75) 0.1em 0.1em 0.5em; border-radius: 1em; width: 100%;\" colspan=\"2\" align=\"center\">Politische informationen<\/td>\n<\/tr>\n<tr>\n<td style=\"font-weight: bold; border: 0px solid transparent; width: 50%;\" align=\"right\" width=\"50%\">Buergerschaft<\/td>\n<td style=\"border: 0px solid transparent; width: 50%;\" align=\"left\" width=\"50%\">F\u00f6derationsb\u00fcrger<\/td>\n<\/tr>\n<\/tbody>\n<\/table>\n<\/div>\n<p><strong><span style=\"font-size: 24pt;\">Lebenslauf<\/span><\/strong><\/p>\n<p>T&#8217;Vala wuchs in klassischen Verh\u00e4ltnissen auf, besuchte Schule und Universit\u00e4t ebenso wie die Meditationskammern und Tempel. Schon fr\u00fch wurde sie &#8211; ganz nach vulkanischer Tradition &#8211; einem zuk\u00fcnftigen Ehemann versprochen. Aufgewachsen lehnte sie Halee &#8211; ihren Verlobten &#8211; allerdings ab der daraufhin das Kal-if-fee anrief, den traditionellen Kampf, bei dem er sie h\u00e4tte unterwerfen k\u00f6nnen. T&#8217;Vala suchte sich keinen Vertreter sondern focht den Kampf selbst aus, wobei sie Halee t\u00f6tete. Danach verbrachte sie einige Monate in den Meditationstempeln ihres Volkes, nur um sich schliesslich von Vulkan abzuwenden und die Sternenflottenakademie zu besuchen. Mit dem Abschlu\u00df als Doktor der Mathematik und der Bef\u00f6rderung zum Ensign wurde sie auf die USS Equinox, NCC-72318, versetzt. Zwei weitere Bef\u00f6rderungen und gewissenhafte Arbeit im Bereich Wissenschaft auf mehreren Missionen folgten, bis sie auf die Gallantry versetzt wurde, um dort die Wissenschaftliche Abteilung zu \u00fcbernehmen, ein Jahr sp\u00e4ter Versetzung auf die USS Bochum, 7 Jahre sp\u00e4ter Versetzung auf die USS Hephaistos.<\/p>\n<p>Als die Hephaistos w\u00e4hrend der Flucht vor klingonischen Schiffen in eine Anomalie geriet, landeten weite Teile der Crew in einer Parallelwelt, eine Welt voller Magie, Einh\u00f6rnern und Drachen, in der die Vulkanierin &#8211; zusammen mit ihrer &#8222;Schwester&#8220; Reha &#8211; ebenfalls Wissenschaftlerin der Hephaistos &#8211; ein ganzes Leben lang, mehrere hundert Jahre &#8211; als Waldelfe, Heilerin und Helferin lebte. In dieser Welt hatte sie Gef\u00fchle, auch wenn sie dennoch emotional eher k\u00fchl reagierte. Hier fand sie einige wenige Freunde oder zumindest etwas, was dem nahe kam. Zur\u00fcck auf der Hephaistos, allein in einem Flur mit ihrer &#8222;Eflenschwester&#8220; erlebte sie das Auftauchen und einen sehr realen Kampf mit ihrem\u00a0 D\u00e4mon\/ehemaligen Verlobten, die Verschmelzung ihrer Pers\u00f6nlichkeiten und gestand Reha, was sie war. Diese n\u00f6tigte T&#8217;Vala, sich einer anderen Person zu offenbaren, damit diese im Notfall eingteifen k\u00f6nnte und so gestand sie der CNS, Nazira Tapei, ihren inneren Zustand. Ebenfalls bat sie den CSO Jori Tainia auf sie acht zu geben und falls sie unlogisch agierte, f\u00fcr andere gef\u00e4hrlich wurde, sie mit allen Mitteln aufzuhalten.<\/p>\n<p>&nbsp;<\/p>\n<p><strong>2408<\/strong><br \/>\nVersetzung auf die USS Gallantry<\/p>\n<p><strong>2409<\/strong><br \/>\nVersetzung auf die USS Bochum<\/p>\n<p><strong>2416<\/strong><br \/>\nVersetzung auf die USS Hephaistos<\/p>\n<p><strong>Sep. 2416<\/strong><br \/>\nVerleihung des Sternenflotten Survival Abzeichen<br \/>\n<a href=\"https:\/\/www.sf-germany.org\/einheiten\/uss-hephaistos\/wp-content\/uploads\/20250818_1446_Lagerfeuer-vor-Bergkette_simple_compose_01k2ykc5d3e9487tt9b01afccc.png\"><img loading=\"lazy\" decoding=\"async\" class=\"aligncenter wp-image-9079\" src=\"https:\/\/www.sf-germany.org\/einheiten\/uss-hephaistos\/wp-content\/uploads\/20250818_1446_Lagerfeuer-vor-Bergkette_simple_compose_01k2ykc5d3e9487tt9b01afccc.png\" alt=\"\" width=\"300\" height=\"200\" srcset=\"https:\/\/www.sf-germany.org\/einheiten\/uss-hephaistos\/wp-content\/uploads\/20250818_1446_Lagerfeuer-vor-Bergkette_simple_compose_01k2ykc5d3e9487tt9b01afccc.png 1536w, https:\/\/www.sf-germany.org\/einheiten\/uss-hephaistos\/wp-content\/uploads\/20250818_1446_Lagerfeuer-vor-Bergkette_simple_compose_01k2ykc5d3e9487tt9b01afccc-300x200.png 300w, https:\/\/www.sf-germany.org\/einheiten\/uss-hephaistos\/wp-content\/uploads\/20250818_1446_Lagerfeuer-vor-Bergkette_simple_compose_01k2ykc5d3e9487tt9b01afccc-1024x683.png 1024w\" sizes=\"auto, (max-width: 300px) 100vw, 300px\" \/><\/a><br \/>\n<span style=\"font-size: 10pt;\"><em>(Starfleet Survival Abzeichen)<\/em><\/span><\/p>\n<hr \/>\n<p><strong><span style=\"font-size: 24pt;\">Besondere F\u00e4higkeiten<br \/>\n<\/span><\/strong><\/p>\n<p>T&#8217;Vala beherrscht die Gedankenverschmelzung ebenso wie die vulkanische Kampfkunst. Typische F\u00e4higkeiten der vulkanischen Spezies.<\/p>\n<p>An der Akademie erwarb sie ihren Doktor der Mathematik, interessierte sich aber auch f\u00fcr andere Wissenschaften und verf\u00fcgt zusammen mit ihrer vulkanischen Schulbildung \u00fcber ein ausgedehntes Wissen in verschiedensten wissenschaftlichen und technischen Bereichen.<\/p>\n<p><strong><span style=\"font-size: 18pt;\">St\u00e4rken<\/span><\/strong>:<\/p>\n<p>Logisches Denken<br \/>\nWissenschaftliche Kenntnisse auf vielen Gebieten<br \/>\nNahezu eidetisches Ged\u00e4chtnis<br \/>\nTypische vulkanische F\u00e4higkeiten<br \/>\nVulkanische Harfe spielen<\/p>\n<p><strong><span style=\"font-size: 18pt;\">Schw\u00e4chen<\/span><\/strong><\/p>\n<p>Wenig Verst\u00e4ndnis f\u00fcr Emotionen<br \/>\nTeamf\u00e4higkeit in Grenzen, sobald es um private Dinge geht, oder um Gef\u00fchlsebenen, wird es schwierig<br \/>\nL\u00e4sst niemanden zu eng an sich heran<br \/>\nSpa\u00dfbremse (unfreiwillig)<\/p>\n<p><strong><span style=\"font-size: 18pt;\">Vorlieben:<\/span><\/strong><\/p>\n<p>Essen: Streng vegetarisch<br \/>\nGetr\u00e4nk: Wasser<br \/>\nMusik (Hier die absolute Ausnahme &#8211; je emotionaler, desto lieber)<\/p>\n<p><span style=\"font-size: 18pt;\"><strong>Abneigungen:<\/strong><\/span><\/p>\n<p>Unlogisches Verhalten<br \/>\nVerschwendung von Ressourcen<\/p>\n<hr \/>\n<p><strong><span style=\"font-size: 24pt;\">Hobbies<\/span><\/strong><\/p>\n<ul>\n<li>Musizieren<\/li>\n<\/ul>\n<hr \/>\n<p><strong><span style=\"font-size: 24pt;\">Psychologisches Profil<\/span><\/strong><\/p>\n<p>Logik durchdringt jeden ihrer Schritte, nur im Bereich der Musik, wenn sie die vulkanische Harfe spielt, bemerkt man Emotionen, die jeden Ton leidenschaftlich durchdringen, was sie &#8211; darauf angesprochen &#8211; vehement abstreitet und als logische und mathematische Gegebenheiten abtut. In manchen Momenten wirkt sie abwesend, in Gedanken versunken, was sie versucht zu \u00fcberspielen. F\u00fcr den Dienst in der Flotte ist sie voll tauglich.<\/p>\n<p>Seit dem Aufenthalt in einer Anomalie und dem Durchleben mehrerer hundert Jahre in einer Fantasywelt, durchbricht manchmal die Waldelfenpers\u00f6nlichkeit die k\u00fchle Logik der Vulkanierin. Die elfische Heilerin T&#8217;Vala kommt selten zum Vorschein, aber ist unter der Oberfl\u00e4che immer da.<\/p>\n<hr \/>\n<p><span style=\"font-size: 24pt;\"><strong>Medizinisches Profil<\/strong><\/span><\/p>\n<p>Alle alten Verletzungen aufgrund von Unf\u00e4llen und ihrem Kampf mit Halee, in dem sie einige schwere Verwundungen davontrug, verheilten nahezu r\u00fcckstandsfrei, kleine Narben an ihrem K\u00f6rper zeugen davon.<\/p>\n<hr \/>\n<p><strong><span style=\"font-size: 24pt;\">Klassifzierte Sektion<\/span><\/strong><\/p>\n<p>Bei ihrem Kampf mit Halee konnte dieser seine Katra im Moment des Todes auf T&#8217;Vala \u00fcbertragen, seitdem spukt er in ihrem Geist und fordert weiter ihre Unterwerfung. In den Monaten nach Halees Tod lernte sie von den M\u00f6nchen spezielle Meditationstechniken um ihn nieder zu ringen, doch befreien konnten sie T&#8217;Vala nicht.<\/p>\n<p>Au\u00dferhalb Vulkans wissen nur die vulkanische Wissenschaftlerin Reha und die CNS Nazira Tapai von ihrem Zustand, dem CSO Jori Nainia gegen\u00fcber hat sie Andeutungen gemacht und gebeten, sie aufzuhalten, falls sie andere Personen verletzen sollte. Der FLG Fabien LaGroille ist seit einem Ausflug in den Geist der CING Emily Wells Karx ebenfalls \u00fcber Halee informiert, einen Teil der Hintergr\u00fcnde kennt er.<\/p>\n","protected":false},"excerpt":{"rendered":"<p>T\u2019Vala Status PC Spieler Assets Dienstliche Informationen Ranggrafik Rang Lieutenant Posten WIS Stationierung USS Hephaistos Physische Beschreibung Spezies Vulkanierin Geschlecht w Gr\u00f6\u00dfe 169 cm Gewicht 66 kg Hautfarbe Haarfarbe braun Augenfarbe grau Biographische Informationen Geburtsort Vulkan Geburtstag 2349 Familienstand ledig Familie Religion Politische informationen Buergerschaft F\u00f6derationsb\u00fcrger Lebenslauf T&#8217;Vala wuchs in klassischen Verh\u00e4ltnissen auf, besuchte Schule&#8230;<\/p>\n<p class=\"more-link-wrap\"><a href=\"https:\/\/www.sf-germany.org\/einheiten\/uss-hephaistos\/die-crew\/spieler\/tvala\/\" class=\"more-link\">Read More<span class=\"screen-reader-text\"> &ldquo;T&#8217;Vala&rdquo;<\/span> &raquo;<\/a><\/p>\n","protected":false},"author":8,"featured_media":0,"parent":54,"menu_order":0,"comment_status":"closed","ping_status":"closed","template":"page-templates\/medium.php","meta":{"footnotes":""},"class_list":["post-7256","page","type-page","status-publish","hentry"],"_links":{"self":[{"href":"https:\/\/www.sf-germany.org\/einheiten\/uss-hephaistos\/wp-json\/wp\/v2\/pages\/7256","targetHints":{"allow":["GET"]}}],"collection":[{"href":"https:\/\/www.sf-germany.org\/einheiten\/uss-hephaistos\/wp-json\/wp\/v2\/pages"}],"about":[{"href":"https:\/\/www.sf-germany.org\/einheiten\/uss-hephaistos\/wp-json\/wp\/v2\/types\/page"}],"author":[{"embeddable":true,"href":"https:\/\/www.sf-germany.org\/einheiten\/uss-hephaistos\/wp-json\/wp\/v2\/users\/8"}],"replies":[{"embeddable":true,"href":"https:\/\/www.sf-germany.org\/einheiten\/uss-hephaistos\/wp-json\/wp\/v2\/comments?post=7256"}],"version-history":[{"count":15,"href":"https:\/\/www.sf-germany.org\/einheiten\/uss-hephaistos\/wp-json\/wp\/v2\/pages\/7256\/revisions"}],"predecessor-version":[{"id":9080,"href":"https:\/\/www.sf-germany.org\/einheiten\/uss-hephaistos\/wp-json\/wp\/v2\/pages\/7256\/revisions\/9080"}],"up":[{"embeddable":true,"href":"https:\/\/www.sf-germany.org\/einheiten\/uss-hephaistos\/wp-json\/wp\/v2\/pages\/54"}],"wp:attachment":[{"href":"https:\/\/www.sf-germany.org\/einheiten\/uss-hephaistos\/wp-json\/wp\/v2\/media?parent=7256"}],"curies":[{"name":"wp","href":"https:\/\/api.w.org\/{rel}","templated":true}]}}