{"id":7285,"date":"2023-05-02T10:55:21","date_gmt":"2023-05-02T08:55:21","guid":{"rendered":"https:\/\/www.sf-germany.org\/einheiten\/uss-hephaistos\/?page_id=7285"},"modified":"2024-01-10T09:58:13","modified_gmt":"2024-01-10T08:58:13","slug":"verhandlungen-auf-donatu-v","status":"publish","type":"page","link":"https:\/\/www.sf-germany.org\/einheiten\/uss-hephaistos\/logbuch\/missionen\/verhandlungen-auf-donatu-v\/","title":{"rendered":"Verhandlungen auf Donatu V"},"content":{"rendered":"<span style=\"font-family: arial, helvetica, sans-serif;\"><a href=\"https:\/\/www.sf-germany.org\/einheiten\/uss-hephaistos\/wp-content\/uploads\/2016\/01\/hephaistoscprw3.png\" rel=\"attachment wp-att-11\"><img loading=\"lazy\" decoding=\"async\" class=\"aligncenter wp-image-11\" src=\"https:\/\/www.sf-germany.org\/einheiten\/uss-hephaistos\/wp-content\/uploads\/2016\/01\/hephaistoscprw3.png\" alt=\"hephaistoscprw3\" width=\"193\" height=\"163\" srcset=\"https:\/\/www.sf-germany.org\/einheiten\/uss-hephaistos\/wp-content\/uploads\/2016\/01\/hephaistoscprw3.png 388w, https:\/\/www.sf-germany.org\/einheiten\/uss-hephaistos\/wp-content\/uploads\/2016\/01\/hephaistoscprw3-300x254.png 300w\" sizes=\"auto, (max-width: 193px) 100vw, 193px\" \/><\/a><\/span>\r\n\r\n<hr \/>\r\n\r\n<table border=\"0\" width=\"400\" cellspacing=\"1\" cellpadding=\"1\">\r\n<tbody>\r\n<tr>\r\n<td colspan=\"2\" align=\"left\" valign=\"middle\" nowrap=\"nowrap\" bgcolor=\"#ea4701\"><span style=\"font-size: 16px; font-family: arial, helvetica, sans-serif;\"><strong>MISSIONSDATEN<\/strong><\/span><\/td>\r\n<\/tr>\r\n<tr>\r\n<td align=\"left\" valign=\"middle\" width=\"110\"><span style=\"font-family: arial, helvetica, sans-serif;\"><strong>CODENAME:<\/strong><\/span><\/td>\r\n<td align=\"left\" valign=\"middle\" width=\"290\"><span style=\"font-family: arial, helvetica, sans-serif;\">Verhandlungen auf Donatu V<\/span><\/td>\r\n<\/tr>\r\n<tr>\r\n<td align=\"left\" valign=\"middle\" width=\"110\"><span style=\"font-family: arial, helvetica, sans-serif;\"><strong>MISSIONSTYP:<\/strong><\/span><\/td>\r\n<td align=\"left\" valign=\"middle\" width=\"290\"><span style=\"font-family: arial, helvetica, sans-serif;\"><strong>Diplomatie<\/strong><\/span><\/td>\r\n<\/tr>\r\n<tr>\r\n<td align=\"left\" valign=\"middle\" width=\"110\"><span style=\"font-family: arial, helvetica, sans-serif;\"><strong>ZEITRAUM:<\/strong><\/span><\/td>\r\n<td align=\"left\" valign=\"middle\" width=\"290\"><span style=\"font-family: arial, helvetica, sans-serif;\">SD 280516 &#8211; SD 290501<\/span><\/td>\r\n<\/tr>\r\n<tr>\r\n<td align=\"left\" valign=\"middle\" width=\"110\"><span style=\"font-family: arial, helvetica, sans-serif;\"><strong>STATUS:<\/strong><\/span><\/td>\r\n<td align=\"left\" valign=\"middle\" width=\"290\"><span style=\"font-family: arial, helvetica, sans-serif;\">beendet &#8211; fehlgeschlagen<\/span><\/td>\r\n<\/tr>\r\n<tr>\r\n<td align=\"left\" valign=\"middle\" width=\"110\"><span style=\"font-family: arial, helvetica, sans-serif;\"><strong>EINHEITEN:<\/strong><\/span><\/td>\r\n<td align=\"left\" valign=\"middle\" width=\"290\"><span style=\"font-family: arial, helvetica, sans-serif;\">USS Hephaistos<\/span><\/td>\r\n<\/tr>\r\n<\/tbody>\r\n<\/table>\r\n<h2><span style=\"font-family: arial, helvetica, sans-serif;\"><strong><span style=\"font-size: 18px;\">Auftrag<\/span><\/strong><\/span><\/h2>\r\n<span style=\"font-family: arial, helvetica, sans-serif;\">Die Hephaistos soll den hochrangigen Botschafter Richard T. Grand III. nach Donatu V bringen. Dort finden Verhandlungen mit den Klingonen in Bezug auf Evakuierungen von Acamar statt..<\/span>\r\n<h2><span style=\"font-family: arial, helvetica, sans-serif;\"><strong><span style=\"font-size: 14pt;\">Hintergrund:<\/span><\/strong><\/span><\/h2>\r\n<span style=\"font-family: arial, helvetica, sans-serif;\">Acamar wird noch immer von den Klingonen belagert. Die F\u00f6deration hat es geschafft die Klingonen an einen Verhandlungstisch zu bekommen was die Evakuierung der Bev\u00f6lkerung Acamars abgeht. Die Klingonen haben jedoch darauf bestanden das die Verhandlungen auf Donatu V stattfinden das momentan im klingonischen Gebiet liegt und sicheres Geleit zugesichert. Die Hephaistos nimmt daher den Botschafter Richard T. Grand III. an Bord um ihn nach Donatu zu bringen.\u00a0<\/span>\r\n<h2><span style=\"font-family: arial, helvetica, sans-serif;\"><strong><span style=\"font-size: 18px;\">Missionsverlauf<\/span><\/strong><\/span><\/h2>\r\n<span style=\"font-family: arial, helvetica, sans-serif;\">Der Botschafter kam an Bord und hat bereits vor seinem Eintreffen mit einer Wunschliste f\u00fcr allerlei Wirbel in den Abteilungen gesorgt. Dieser Zustand hat sich mit seinem Eintreffen bislang nicht ge\u00e4ndert. Die CNS und der 2O sind als Verbindungsoffiziere zum Botschafter eingeteilt und haben mit ihm zun\u00e4chst eine Schiffsf\u00fchrung gemacht.\r\nAu\u00dferdem war der Botschafter zum Abendessen mit dem CO eingeladen.\r\nEbenfalls zu diesem Essen geladen war die CING des Schiffes um geschlechtertechnisch ein Gleichgewicht herzustellen.\u00a0<\/span>\r\n\r\n<span style=\"font-family: arial, helvetica, sans-serif;\">Weiterhin haben sich 3 ehemalige Geliebte des Botschafters zusammen getan und sinnen auf Rache. Sie sind auf einem Kurs der sie in die N\u00e4her der Flugroute der Hephaistos bringen wird und planen an Bord genommen zu werden um ihre Pl\u00e4ne weiter zu verfolgen.<\/span>\r\n\r\n<span style=\"font-family: arial, helvetica, sans-serif;\">Tats\u00e4chlich erreichte ein Notruf die Hephaistos kaum das diese in Reichweite eines Asteroidenfeldes war. Obwohl man auf eine Falle gefasst war wurden die 3 Frauen an Bord auf die Krankenstation gebeamt. Kaum waren die Schilde der Hephaistos unten enttarnte sich das Schiff von M&#8217;Kor und begann auf die Hephaistos zu feuern. Ebenfalls in der n\u00e4he befand sich ein klingonischer Frachter an dessen Bord Mitglieder der Sternenflotte waren. Einer davon war der ex-CSO der Hephaistos, Jori Tainia. Durch eine List gelang es dem Frachter den Sensoren vorzugaukeln das sie ein sehr viel gr\u00f6\u00dferes Schiff seien woraufhin M&#8217;Kor die Flucht ergriff.\u00a0<\/span>\r\n\r\n<span style=\"font-family: arial, helvetica, sans-serif;\">W\u00e4hrend Captain Ruthven auf der Br\u00fccke die ganzen Zusammenh\u00e4nge versuchte aufzul\u00f6sen und die Personen vom Frachter auf die Hephaistos zu beamen, gelang es der Klingon Hera auf der Krankenstation einen Phaser zu entwenden und zu fliehen. Auf ihrer Flucht nahm sie eine Technikerin als Geisel und versucht nun ein Treffen mit Botschafter Grand herbeizuf\u00fchren.\u00a0<\/span>\r\n\r\n<span style=\"font-family: arial, helvetica, sans-serif;\">Dieser wiederum wurde auf Befehl des Captains von der OPS Jen Larson in seinem Quartier festgehalten und es war Hilfe der CNS Nazira Tapai n\u00f6tig um diese Situation wieder zu entspannen und dem Botschafter das versprechen abzuringen das er in seinem Quartier bleiben w\u00fcrde. <\/span>\r\n\r\n<span style=\"font-family: arial, helvetica, sans-serif;\">Als w\u00e4re dies noch nicht genug erscheint nun auch endlich die klingonische Eskorte welche die Hephaistos nach Donatu V bringen soll.\r\n<\/span>\r\n\r\n<span style=\"font-family: arial, helvetica, sans-serif;\">Der CSO Skye Johnson gelang es durch eine List die Klingonin zu \u00fcberrumpeln und festzusetzen. Nur langsam wurde aus den Verh\u00f6ren der Damen klar was diese vor hatten. Offenbar waren alle drei Ex-Geliebte des Botschafters die mit diesem noch eine Rechnung offen hatten, das erkl\u00e4rte auch die Verzweiflungstat der Klingonin.<\/span>\r\n\r\n<span style=\"font-family: arial, helvetica, sans-serif;\">W\u00e4hrend man an Bord versuchte Licht in diese Geschichte zu bringen traf die versprochene klingonische Eskorte ein welche die Hephaistos weiter nach Donatu begleiten sollte. Die Crew hatte jedoch nur eine kleine Verschnaufpause den mitten im klingonischen Raum erschien pl\u00f6tzlich ein seltsames Wesen auf den Sensoren das am ehesten als Weltraumdrache umschrieben werden konnte. Die klingonische Eskorte erkl\u00e4rte das es ihre Pflicht sei diesen Drachen zu stellen und wenn m\u00f6glich zu t\u00f6ten und lie\u00dfen die Hephaistos allein.<\/span>\r\n\r\n<span style=\"font-family: arial, helvetica, sans-serif;\">Noch w\u00e4hrend auf der Br\u00fccke dar\u00fcber diskutiert wurde ob man sich der dieser &#8218;heiligen&#8216; Jagd der Klingonen anschlie\u00dfen sollte kam es auf der sekund\u00e4ren Krankenstation zu einem weiteren Attentatsversuch auf Botschafter Grand. Diesmal ausgehend von seinem Attach\u00e9e. Dieser drohte den Botschafter und die Hephaistos mit einer Bainit Bombe zu zerst\u00f6ren. Dank des schnellen Eingreifens der CNS die den Attent\u00e4ter besch\u00e4ftigte sowie der CING welche versuchte die Sch\u00e4den der Bombe gering zu halten sowie der telepathischen Botschaften durch die TO zur Br\u00fccke konnte das schlimmste Verhindert werden indem die Schiffsteile getrennt wurden und sowohl Geos als auch Hades wenn m\u00f6glich den Ereignishorizont der Bombe verlassen sollten.<\/span>\r\n\r\n<span style=\"font-family: arial, helvetica, sans-serif;\">Dennoch wurde durch den Attent\u00e4ter die Bombe gez\u00fcndet allerdings nicht ganz mit der verheerenden Wirkung die beabsichtig war. Die Olymp-Sektion auf der die Bombe gez\u00fcndet worden war wurde dank Kraftfeldern und durch die Hilfe des ATAK Systems vor der Zerst\u00f6rung bewahrt und niemand der anwesenden kam ums Leben. Allerdings erzeugte die Explosion ein kleines Schwarzes Loch knapp au\u00dferhalb der Olymp Sektion und der ganze Schiffsteil war komplett ohne Energie.<\/span>\r\n\r\n<span style=\"font-family: arial, helvetica, sans-serif;\">Sofort machten sich die \u00dcberlebenden Offiziere daran einen Weg in den Maschinenraum zu finden um die Olymp-Sektion wieder mit Energie zu versorgen. Zeitgleich kehrte die Geos-Sektion zur Olymp-Sektion zur\u00fcck um dabei zu unterst\u00fctzen.<\/span>\r\n\r\n<span style=\"font-family: arial, helvetica, sans-serif;\">W\u00e4hrenddessen betrachtete besagter Weltraumdrache das schwarze Loch offenbar als Nahrung und gerade als man mit vereinten Kr\u00e4ften der Olymp-Sektion wieder etwas Energie spendieren konnte erschien der Drache und &#8218;fra\u00df&#8216; das schwarze Loch. Verfolgt wurde er weiterhin von der klingonischen Eskorte die ohne R\u00fccksicht auf die Hephaistos das Feuer er\u00f6ffnete.<\/span>\r\n\r\n<span style=\"font-family: arial, helvetica, sans-serif;\">Gerade noch rechtzeitig gelang es der Hephaistos alle Schiffsteile wieder miteinander und den Deflektor erneut zu modifizieren. Offenbar schien diese Modifizierung das perfekte Weltraumdrache-Abwehrmittel zu sein, denn der Drache wurde durch die Strahlung geschw\u00e4cht und einem der klingonischen Schiffe gelang es ihn ein wenig zu verletzen. Damit machte der Drache kehrt und entschwand erneut im Asteroidenfeld.<\/span>\r\n<span style=\"font-family: arial, helvetica, sans-serif;\">Der Captain des klingonischen Schiffs hat den CO der Hephaistos zu einem Grill-Festmahl eingeladen da man in Bezug auf den Drachen nun Jagdpartner war.<\/span>\r\n\r\n<span style=\"font-family: arial, helvetica, sans-serif;\">F\u00fcr die unterk\u00fchlte Mannschaft wurde recht schnell eine Art Suppenk\u00fcche aufgebaut in der sich alle eine w\u00e4rmende Suppe besorgen konnten die von keinem anderen als dem Botschafter selbst ausgeschenkt wurde.\r\n<\/span>\r\n<span style=\"font-family: arial, helvetica, sans-serif;\">Der Beginn des Grillabends mit den Klingonen war leicht aufgeheizt was nicht am Grillgut lag. Da Ajur mit dabei war kam es hier zu einer ersten Begegnung der beiden Br\u00fcder und die zeigte sich erwartete Feindselig. Der Botschafter zeigte sich hier in seinem Element und machte auch sogleich einer anwesenden Klingonin Avancen.<\/span>\r\n<span style=\"font-family: arial, helvetica, sans-serif;\">An Bord der Hephaistos versuchen sich die verbliebenen Crewmitglieder nun daran sich zum einen auszuruhen von den Strapazen und gleichzeitig das Schiff wieder einsatzf\u00e4hig zu bekommen solange die Klingonen friedlich bleiben.<\/span>\r\n\r\n<span style=\"font-family: arial, helvetica, sans-serif;\">Wie erwartet lief das grillen bei den Klingonen aus dem Ruder. An Bord des klingonischen Schiffes befand sich ein ehemaliges Crewmitglied der USS Ainama. Die Frau, Lydia Antoniou, bat um Hilfe und nach erster Aufregung und gestiegenem Aggressionspotenzial kam auch noch heraus das sie schwanger war.<\/span>\r\n<span style=\"font-family: arial, helvetica, sans-serif;\">Das alles f\u00fchrte am Ende zu einem Duell zwischen Botschafter Grand und dem Captain des klingonischen Schiffes M&#8217;Kor.<\/span>\r\n<span style=\"font-family: arial, helvetica, sans-serif;\">Auch wenn sich der Botschafter wacker schlug war er dem j\u00fcngeren Klingonen nicht gewachsen und st\u00fcrzte am Ende durch einen speziellen Schmerzstab verletzt in die Feuergrube.<\/span>\r\n<span style=\"font-family: arial, helvetica, sans-serif;\">Sofort wurde ein Notfalltransport durchgef\u00fchrt und der Botschafter sowie Au\u00dfenteam zur Krankenstation transportiert. Die Klingonen er\u00f6ffneten zwar sofort das Feuer doch die Hephaistos war darauf vorbereitet und suchte ihr Heil in der Flucht, was nur gelang weil die Klingonen nicht die Verfolgung aufnahmen.<\/span>\r\n\r\n<span style=\"font-family: arial, helvetica, sans-serif;\">Der Botschafter erlag sp\u00e4ter seine zahlreichen Verletzungen und verstarb an Bord.<\/span>\r\n<span style=\"font-family: arial, helvetica, sans-serif;\">Einen Tag sp\u00e4ter wurde dann bei einem kurzen Rendevous mit der USS Bochum die neue Wissenschaftlerin T&#8217;Vala an Bord genommen.<\/span>\r\n\r\n<span style=\"font-family: arial, helvetica, sans-serif;\">Der R\u00fcckweg der Hephaistos wurde immer wieder durch klingonische Angriffe unterbrochen die offenbar genau wussten wo das Schiff war. Man stellte fest, das ein kurzes Subraumsignal wohl den Klingonen als Peilsender dient und beschlo\u00dft das Signal zu blockieren um dringend ben\u00f6tigte Reparaturen durchzuf\u00fchren.\r\nEin letzter Kampf knapp im F\u00f6derationsgebiet verschl\u00e4gt die Hephaistos zu einem fraktalen Riss und trotz Hilfe durch die USS Gravity welche die angreifenden Klingonen besiegen kann wird die Hephaistos in den Ri\u00df gezogen und gilt ab sofort als verschollen.<\/span>\r\n\r\n&nbsp;\r\n\r\n<span style=\"font-family: arial, helvetica, sans-serif; font-size: 18pt;\"><strong>Aktuelle Ereignisse<\/strong><\/span>\r\n<ul>\r\n \t<li><span style=\"font-family: arial, helvetica, sans-serif;\">Abendessen des CO mit dem Botschafter, Elisa und Emily<\/span><\/li>\r\n \t<li><span style=\"font-family: arial, helvetica, sans-serif;\">Geiselnahme von WO Kiadra durch die Klingonin Hera<\/span><\/li>\r\n \t<li><span style=\"font-family: arial, helvetica, sans-serif;\">Botschafter Grand versucht das Quartier zu verlassen und wird dabei von der OPS und anschlie\u00dfend der CNS aufgehalten<\/span><\/li>\r\n \t<li><span style=\"font-family: arial, helvetica, sans-serif;\">Der CO l\u00e4\u00dft sich erkl\u00e4ren wie Jori Tania auf den klingonischen Frachter kommt<\/span><\/li>\r\n \t<li><span style=\"font-family: arial, helvetica, sans-serif;\">Die klingonische Eskorte taucht auf<\/span><\/li>\r\n \t<li><span style=\"font-family: arial, helvetica, sans-serif;\">Der Weltraumdrache taucht auf und die Klingonen nehmen die Verfolgung des Drachens auf<\/span><\/li>\r\n \t<li><span style=\"font-family: arial, helvetica, sans-serif;\">An Bord der Hephaistos nimmt en attent\u00e4ter den Botschafter als Geisel und droht eine Bainit Bombe zu z\u00fcnden<\/span><\/li>\r\n \t<li><span style=\"font-family: arial, helvetica, sans-serif;\">Die Schiffsteile werden getrennt um den schaden so gering wie m\u00f6glich zu halten dan explodiert die Bombe<\/span><\/li>\r\n \t<li><span style=\"font-family: arial, helvetica, sans-serif;\">Durch einen hastig erzegten schutzsild wurde die Olymp nicht von der Bombe zerst\u00f6rt aber nichts funktioniert mehr auch nicht die Lebenserhaltung und es wird empfindlich k\u00fchl<\/span><\/li>\r\n \t<li><span style=\"font-family: arial, helvetica, sans-serif;\">Die anderen beiden Schiffsteile kehren zur Olymp zur\u00fcck und versuchen zu helfen.<\/span><\/li>\r\n \t<li><span style=\"font-family: arial, helvetica, sans-serif;\">Der Drache hat unterdessen Witterung aufgenommen den durch die explosion auf de Olymp-Sektion hat sich ein kleins schwarzes Loch gebildet<\/span><\/li>\r\n \t<li><span style=\"font-family: arial, helvetica, sans-serif;\">Die Schiffsteile werden hastig zusammengesetzt w\u00e4hrend der Drache das schwarze Loch fri\u00dft. Mit Hilfe des modifizierten Deflektors der Hephaistos gelingt es den Klingonen schlie\u00dflich den Drachen zu verwunden so das dieser flieht.\u00a0<\/span><\/li>\r\n \t<li><span style=\"font-family: arial, helvetica, sans-serif;\">Der Captain der Klingonen l\u00e4d den Co der Hephaistos zu einem grillabend ein um die heilige Jagd zu ehren<\/span><\/li>\r\n \t<li><span style=\"font-family: arial, helvetica, sans-serif;\">Das grillen endet in einem Duell zwischen dem Botschafter und dem CO des klingonischen Schiffes, M&#8217;Kor. Der Botschafter wird schwer verletzt und zur Hephaistos gebeamt.<\/span><\/li>\r\n \t<li><span style=\"font-family: arial, helvetica, sans-serif;\">Der Botschafter erliegt seinen Verletzungen w\u00e4hrend die Hephaistos versucht heil aus dem klingonischen raum zu kommen<\/span><\/li>\r\n \t<li><span style=\"font-family: arial, helvetica, sans-serif;\">Offenbar sp\u00fcren die Klingonen die Hephaistos mit Hilfe eines Peilsenders auf und man beschlie\u00dft diesen zu blockieren<\/span><\/li>\r\n \t<li><span style=\"font-family: arial, helvetica, sans-serif;\">Knapp zur\u00fcck in F\u00f6derationsraum muss sich die Hephaistos erneut 3 warbirds stellen und beschlie\u00dft zu einem fraktalen Riss zu fliegen um die Klingonen dort abzusch\u00fctteln.<\/span><\/li>\r\n \t<li><span style=\"font-family: arial, helvetica, sans-serif;\">Die USS Gravity empf\u00e4ngt den Notruf und eilt der hephaistos zur Hilfe. Zwar werden die Klingonen zur\u00fcckgeschlagen doch das letzte Man\u00f6ver der Hephaistos sorgt daf\u00fcr das diese in den riss gezogen wird.<\/span><\/li>\r\n \t<li><span style=\"font-family: arial, helvetica, sans-serif;\">Unf\u00e4hig zu helfen muss dieUSS Gravity Crew mit ansehen wie die Hephaistos in den ri\u00df gezogen wird und verschwindet<\/span><\/li>\r\n<\/ul>\r\n&nbsp;\r\n<p class=\"moz-quote-pre\"><span style=\"font-family: arial, helvetica, sans-serif; font-size: 14pt;\"><strong>Personelle \u00c4nderungen<\/strong><\/span><\/p>\r\n\r\n<ul>\r\n \t<li><span style=\"font-family: arial, helvetica, sans-serif;\">Lt. Jori Tainia kommt an Bord und wird sCSO<\/span><\/li>\r\n \t<li><span style=\"font-family: arial, helvetica, sans-serif;\">Lt. T&#8217;Vala kommt an Bord als Wissenschaftlerin<\/span><\/li>\r\n \t<li><span style=\"font-family: arial, helvetica, sans-serif;\">Ens. Skye Johnson wird bei einem Angriff verwundet und liegt auf der Krankenstation<\/span><\/li>\r\n \t<li><span style=\"font-family: arial, helvetica, sans-serif;\">Lt. Claton wird bei derExplosion der Bombe verletzt und liegt auf der Krankenstation<\/span><\/li>\r\n<\/ul>\r\n<span style=\"font-family: arial, helvetica, sans-serif; font-size: 18pt;\"><strong>W\u00e4hrend der Mission ausgesprochene Bef\u00f6rderungen \/ Degradierungen \/ Postenwechsel<\/strong><\/span>\r\n<ul>\r\n \t<li><span style=\"font-family: arial, helvetica, sans-serif;\">&#8211;<\/span><\/li>\r\n<\/ul>\r\n<span style=\"font-family: arial, helvetica, sans-serif; font-size: 18pt;\"><strong>W\u00e4hrend der Mission verstorben \/ verschollen<\/strong><\/span>\r\n<ul>\r\n \t<li><span style=\"font-family: arial, helvetica, sans-serif;\">Richard T. Grand III<\/span><\/li>\r\n<\/ul>\r\n<span style=\"font-family: arial, helvetica, sans-serif; font-size: 18pt;\"><strong>Weitere Bemerkungen<\/strong><\/span>\r\n<ul>\r\n \t<li><span style=\"font-family: arial, helvetica, sans-serif;\">derzeit keine Vorkommnisse<\/span><\/li>\r\n<\/ul>\r\n<span style=\"font-family: arial, helvetica, sans-serif;\">gez. Cpt. Shay Ruthven, CO USS Hephaistos<\/span>\r\n<h2><\/h2>\r\n<!-- \/wp:post-content -->","protected":false},"excerpt":{"rendered":"<p>MISSIONSDATEN CODENAME: Verhandlungen auf Donatu V MISSIONSTYP: Diplomatie ZEITRAUM: SD 280516 &#8211; SD 290501 STATUS: beendet &#8211; fehlgeschlagen EINHEITEN: USS Hephaistos Auftrag Die Hephaistos soll den hochrangigen Botschafter Richard T. Grand III. nach Donatu V bringen. Dort finden Verhandlungen mit den Klingonen in Bezug auf Evakuierungen von Acamar statt.. Hintergrund: Acamar wird noch immer von&#8230;<\/p>\n<p class=\"more-link-wrap\"><a href=\"https:\/\/www.sf-germany.org\/einheiten\/uss-hephaistos\/logbuch\/missionen\/verhandlungen-auf-donatu-v\/\" class=\"more-link\">Read More<span class=\"screen-reader-text\"> &ldquo;Verhandlungen auf Donatu V&rdquo;<\/span> &raquo;<\/a><\/p>\n","protected":false},"author":1,"featured_media":0,"parent":127,"menu_order":1,"comment_status":"closed","ping_status":"closed","template":"","meta":{"footnotes":""},"class_list":["post-7285","page","type-page","status-publish","hentry"],"_links":{"self":[{"href":"https:\/\/www.sf-germany.org\/einheiten\/uss-hephaistos\/wp-json\/wp\/v2\/pages\/7285","targetHints":{"allow":["GET"]}}],"collection":[{"href":"https:\/\/www.sf-germany.org\/einheiten\/uss-hephaistos\/wp-json\/wp\/v2\/pages"}],"about":[{"href":"https:\/\/www.sf-germany.org\/einheiten\/uss-hephaistos\/wp-json\/wp\/v2\/types\/page"}],"author":[{"embeddable":true,"href":"https:\/\/www.sf-germany.org\/einheiten\/uss-hephaistos\/wp-json\/wp\/v2\/users\/1"}],"replies":[{"embeddable":true,"href":"https:\/\/www.sf-germany.org\/einheiten\/uss-hephaistos\/wp-json\/wp\/v2\/comments?post=7285"}],"version-history":[{"count":4,"href":"https:\/\/www.sf-germany.org\/einheiten\/uss-hephaistos\/wp-json\/wp\/v2\/pages\/7285\/revisions"}],"predecessor-version":[{"id":7289,"href":"https:\/\/www.sf-germany.org\/einheiten\/uss-hephaistos\/wp-json\/wp\/v2\/pages\/7285\/revisions\/7289"}],"up":[{"embeddable":true,"href":"https:\/\/www.sf-germany.org\/einheiten\/uss-hephaistos\/wp-json\/wp\/v2\/pages\/127"}],"wp:attachment":[{"href":"https:\/\/www.sf-germany.org\/einheiten\/uss-hephaistos\/wp-json\/wp\/v2\/media?parent=7285"}],"curies":[{"name":"wp","href":"https:\/\/api.w.org\/{rel}","templated":true}]}}