{"id":7526,"date":"2023-11-12T19:05:00","date_gmt":"2023-11-12T18:05:00","guid":{"rendered":"https:\/\/www.sf-germany.org\/einheiten\/uss-hephaistos\/?page_id=7526"},"modified":"2023-11-12T19:05:00","modified_gmt":"2023-11-12T18:05:00","slug":"luca-johansen","status":"publish","type":"page","link":"https:\/\/www.sf-germany.org\/einheiten\/uss-hephaistos\/die-crew\/luca-johansen\/","title":{"rendered":"Luca Johansen"},"content":{"rendered":"<div style=\"float: right; margin-left: 15px; margin-bottom: 15px; font-size: 11px; width: 350px; padding-left: 10px; padding-right: 10px;\">\n<table style=\"border: 0px solid #003366; background: transparent; box-shadow: rgba(255, 255, 255, 0.75) 0.1em 0.1em 0.5em; border-radius: 1em; width: 100%; height: 652px;\" border=\"3\" cellspacing=\"10\" align=\"right\">\n<tbody>\n<tr style=\"height: 19px;\">\n<td style=\"font-weight: bold; border: 0px solid transparent; width: 100%; height: 19px;\" colspan=\"2\" align=\"center\"><\/td>\n<\/tr>\n<tr style=\"height: 146px;\">\n<td style=\"background: transparent; border: 0px solid transparent; width: 100%; height: 146px;\" colspan=\"2\" align=\"center\"><a href=\"https:\/\/www.sf-germany.org\/einheiten\/uss-hephaistos\/wp-content\/uploads\/2016\/01\/CharBild.png\" rel=\"attachment wp-att-117\"><img loading=\"lazy\" decoding=\"async\" class=\"alignnone wp-image-111 size-full\" src=\"https:\/\/www.sf-germany.org\/einheiten\/uss-hephaistos\/wp-content\/uploads\/2016\/01\/CharBild.png\" alt=\"\" width=\"179\" height=\"140\" \/><\/a><\/td>\n<\/tr>\n<tr style=\"height: 19px;\">\n<td style=\"font-weight: bold; border: 0px solid transparent; width: 100%; height: 19px;\" colspan=\"2\" align=\"center\">Luca Johansen<\/td>\n<\/tr>\n<tr style=\"height: 19px;\">\n<td style=\"font-weight: bold; border: 0px solid transparent; width: 50%; height: 19px;\" align=\"right\" width=\"50%\">Status<\/td>\n<td style=\"border: 0px solid transparent; width: 50%; height: 19px;\" align=\"left\" width=\"50%\">NPC<\/td>\n<\/tr>\n<tr style=\"height: 19px;\">\n<td style=\"font-weight: bold; border: 0px solid transparent; width: 50%; height: 19px;\" align=\"right\" width=\"50%\">Spieler<\/td>\n<td style=\"border: 0px solid transparent; width: 50%; height: 19px;\" align=\"left\" width=\"50%\">Mac<\/td>\n<\/tr>\n<tr style=\"height: 19px;\">\n<td style=\"font-weight: bold; border: 0px solid #003366; background: #555555; box-shadow: rgba(255, 255, 255, 0.75) 0.1em 0.1em 0.5em; border-radius: 1em; width: 100%; height: 19px;\" colspan=\"2\" align=\"center\">Dienstliche Informationen<\/td>\n<\/tr>\n<tr style=\"height: 31px;\">\n<td style=\"font-weight: bold; border: 0px solid transparent; width: 50%; height: 31px;\" align=\"right\" width=\"50%\">Ranggrafik<\/td>\n<td style=\"border: 0px solid transparent; width: 50%; height: 31px;\" align=\"left\" width=\"50%\"><img loading=\"lazy\" decoding=\"async\" class=\"alignnone\" src=\"https:\/\/www.sf-germany.com\/images\/schemata\/sto\/weiss\/ziv.png\" alt=\"\" width=\"100\" height=\"25\" \/><\/td>\n<\/tr>\n<tr style=\"height: 19px;\">\n<td style=\"font-weight: bold; border: 0px solid transparent; width: 50%; height: 19px;\" align=\"right\" width=\"50%\">Rang<\/td>\n<td style=\"border: 0px solid transparent; width: 50%; height: 19px;\" align=\"left\" width=\"50%\">ZIV<\/td>\n<\/tr>\n<tr style=\"height: 19px;\">\n<td style=\"font-weight: bold; border: 0px solid transparent; width: 50%; height: 19px;\" align=\"right\" width=\"50%\">Posten<\/td>\n<td style=\"border: 0px solid transparent; width: 50%; height: 19px;\" align=\"left\" width=\"50%\">&#8211;<\/td>\n<\/tr>\n<tr style=\"height: 19px;\">\n<td style=\"font-weight: bold; border: 0px solid transparent; width: 50%; height: 19px;\" align=\"right\" width=\"50%\">Stationierung<\/td>\n<td style=\"border: 0px solid transparent; width: 50%; height: 19px;\" align=\"left\" width=\"50%\">Erde, Scotland<\/td>\n<\/tr>\n<tr style=\"height: 19px;\">\n<td style=\"font-weight: bold; border: 0px solid #003366; background: #555555; box-shadow: rgba(255, 255, 255, 0.75) 0.1em 0.1em 0.5em; border-radius: 1em; width: 100%; height: 19px;\" colspan=\"2\" align=\"center\">Physische Beschreibung<\/td>\n<\/tr>\n<tr style=\"height: 19px;\">\n<td style=\"font-weight: bold; border: 0px solid transparent; width: 50%; height: 19px;\" align=\"right\" width=\"50%\">Spezies<\/td>\n<td style=\"border: 0px solid transparent; width: 50%; height: 19px;\" align=\"left\" width=\"50%\">Mensch<\/td>\n<\/tr>\n<tr style=\"height: 19px;\">\n<td style=\"font-weight: bold; border: 0px solid transparent; width: 50%; height: 19px;\" align=\"right\" width=\"50%\">Geschlecht<\/td>\n<td style=\"border: 0px solid transparent; width: 50%; height: 19px;\" align=\"left\" width=\"50%\">m\u00e4nnlich<\/td>\n<\/tr>\n<tr style=\"height: 19px;\">\n<td style=\"font-weight: bold; border: 0px solid transparent; width: 50%; height: 19px;\" align=\"right\" width=\"50%\">Gr\u00f6\u00dfe<\/td>\n<td style=\"border: 0px solid transparent; width: 50%; height: 19px;\" align=\"left\" width=\"50%\">\u00a0150cm<\/td>\n<\/tr>\n<tr style=\"height: 19px;\">\n<td style=\"font-weight: bold; border: 0px solid transparent; width: 50%; height: 19px;\" align=\"right\" width=\"50%\">Gewicht<\/td>\n<td style=\"border: 0px solid transparent; width: 50%; height: 19px;\" align=\"left\" width=\"50%\">\u00a048kg<\/td>\n<\/tr>\n<tr style=\"height: 19px;\">\n<td style=\"font-weight: bold; border: 0px solid transparent; width: 50%; height: 19px;\" align=\"right\" width=\"50%\">Hautfarbe<\/td>\n<td style=\"border: 0px solid transparent; width: 50%; height: 19px;\" align=\"left\" width=\"50%\">hell<\/td>\n<\/tr>\n<tr style=\"height: 19px;\">\n<td style=\"font-weight: bold; border: 0px solid transparent; width: 50%; height: 19px;\" align=\"right\" width=\"50%\">Haarfarbe<\/td>\n<td style=\"border: 0px solid transparent; width: 50%; height: 19px;\" align=\"left\" width=\"50%\">aschblond<\/td>\n<\/tr>\n<tr style=\"height: 19px;\">\n<td style=\"font-weight: bold; border: 0px solid transparent; width: 50%; height: 19px;\" align=\"right\" width=\"50%\">Augenfarbe<\/td>\n<td style=\"border: 0px solid transparent; width: 50%; height: 19px;\" align=\"left\" width=\"50%\">blau<\/td>\n<\/tr>\n<tr style=\"height: 19px;\">\n<td style=\"font-weight: bold; border: 0px solid #003366; background: #555555; box-shadow: rgba(255, 255, 255, 0.75) 0.1em 0.1em 0.5em; border-radius: 1em; width: 100%; height: 19px;\" colspan=\"2\" align=\"center\">Biographische Informationen<\/td>\n<\/tr>\n<tr style=\"height: 19px;\">\n<td style=\"font-weight: bold; border: 0px solid transparent; width: 50%; height: 19px;\" align=\"right\" width=\"50%\">Geburtsort<\/td>\n<td style=\"border: 0px solid transparent; width: 50%; height: 19px;\" align=\"left\" width=\"50%\">USS Avalon<\/td>\n<\/tr>\n<tr style=\"height: 19px;\">\n<td style=\"font-weight: bold; border: 0px solid transparent; width: 50%; height: 19px;\" align=\"right\" width=\"50%\">Geburtstag<\/td>\n<td style=\"border: 0px solid transparent; width: 50%; height: 19px;\" align=\"left\" width=\"50%\">12.11.2402<\/td>\n<\/tr>\n<tr style=\"height: 19px;\">\n<td style=\"font-weight: bold; border: 0px solid transparent; width: 50%; height: 19px;\" align=\"right\" width=\"50%\">Familienstand<\/td>\n<td style=\"border: 0px solid transparent; width: 50%; height: 19px;\" align=\"left\" width=\"50%\">ledig<\/td>\n<\/tr>\n<tr style=\"height: 38px;\">\n<td style=\"font-weight: bold; border: 0px solid transparent; width: 50%; height: 38px;\" align=\"right\" width=\"50%\">Familie<\/td>\n<td style=\"border: 0px solid transparent; width: 50%; height: 38px;\" align=\"left\" width=\"50%\">Leif Johansen<br \/>\nEshe Johansen<\/td>\n<\/tr>\n<tr style=\"height: 19px;\">\n<td style=\"font-weight: bold; border: 0px solid transparent; width: 50%; height: 19px;\" align=\"right\" width=\"50%\">\u00a0Religion<\/td>\n<td style=\"border: 0px solid transparent; width: 50%; height: 19px;\" align=\"left\" width=\"50%\">&#8211;<\/td>\n<\/tr>\n<tr style=\"height: 19px;\">\n<td style=\"font-weight: bold; border: 0px solid #003366; background: #555555; box-shadow: rgba(255, 255, 255, 0.75) 0.1em 0.1em 0.5em; border-radius: 1em; width: 100%; height: 19px;\" colspan=\"2\" align=\"center\">Politische informationen<\/td>\n<\/tr>\n<tr style=\"height: 19px;\">\n<td style=\"font-weight: bold; border: 0px solid transparent; width: 50%; height: 19px;\" align=\"right\" width=\"50%\">Buergerschaft<\/td>\n<td style=\"border: 0px solid transparent; width: 50%; height: 19px;\" align=\"left\" width=\"50%\">F\u00f6derationsb\u00fcrger<\/td>\n<\/tr>\n<\/tbody>\n<\/table>\n<\/div>\n<p><strong><span style=\"font-size: 24pt;\">Lebenslauf<\/span><\/strong><\/p>\n<div id=\"magicdomid3196\" class=\"ace-line\" aria-live=\"assertive\"><span class=\"author-a-z68zdz79zienz67zz76zz89zdjz79zxmz76zi\">Luca wurde an Bord der USS Avalon geboren und verbracht seine ersten 10 Jahre auf der USS Avalon und sp\u00e4ter auf der USS Hephaistos.<\/span><\/div>\n<div id=\"magicdomid666\" class=\"ace-line\" aria-live=\"assertive\"><span class=\"author-a-z68zdz79zienz67zz76zz89zdjz79zxmz76zi\">Seine Kindheit war gepr\u00e4gt von h\u00e4uslicher Gewalt. Sein Vater lie\u00df seinen Arbeitsfrust gern an seiner Ehefrau Eshe und gelegentlich auch an Luca aus.\u00a0<\/span><\/div>\n<div id=\"magicdomid3197\" class=\"ace-line\" aria-live=\"assertive\"><span class=\"author-a-z68zdz79zienz67zz76zz89zdjz79zxmz76zi\">Die \u00d6ffentlichkeit wusste von all dem nichts oder wollte es nicht wissen.<\/span><\/div>\n<div id=\"magicdomid3199\" class=\"ace-line\" aria-live=\"assertive\"><\/div>\n<div id=\"magicdomid3965\" class=\"ace-line\" aria-live=\"assertive\"><span class=\"author-a-z68zdz79zienz67zz76zz89zdjz79zxmz76zi\">Der Junge versteckte sich damals gerne im Avalon Arboretum in einem Baumhaus. Dort musste er 2408 im Alter von 6 Jahren mit ansehen wie ein Speer den damaligen CSO Shay Ruthven durchbohrte und nur Lucas schneller Reaktion und mit Hilfe von Jynah Ros konnte sofort ein Notfallstransports auf die Krankenstation eingeleitet werden was dem Schotten das Leben rettete.<\/span><\/div>\n<div id=\"magicdomid744\" class=\"ace-line\" aria-live=\"assertive\"><\/div>\n<div id=\"magicdomid3615\" class=\"ace-line\" aria-live=\"assertive\"><span class=\"author-a-z68zdz79zienz67zz76zz89zdjz79zxmz76zi\">Die h\u00e4usliche Gewalt gipfelte am\u00a0Ende darin das Eshe versuchte ihren Ehemann Leif mit Hilfe einer pr\u00e4parierten Plasmaleitung zu t\u00f6ten. Das ganze sollte wie ein Unfall aussehen.<\/span><\/div>\n<div id=\"magicdomid1038\" class=\"ace-line\" aria-live=\"assertive\"><span class=\"author-a-z68zdz79zienz67zz76zz89zdjz79zxmz76zi\">Leider tauschte Leif an dem Tag seine Schicht mit Lt. Rasha die bei der Explosion der Plasmaleitung ums Leben kam.\u00a0<\/span><\/div>\n<div id=\"magicdomid1040\" class=\"ace-line\" aria-live=\"assertive\"><\/div>\n<div id=\"magicdomid1409\" class=\"ace-line\" aria-live=\"assertive\"><span class=\"author-a-z68zdz79zienz67zz76zz89zdjz79zxmz76zi\">Die nachfolgenden Ermittlungen deckten das ganze Geschehen auf und beiden wurde das Sorgerecht f\u00fcr Luca entzogen. Eshe Johansen wurde unehrenhaft aus der Sternenflotte entlassen und verb\u00fc\u00dft ihre Freiheitsstrafe f\u00fcr versuchten Mord im Gef\u00e4ngnis.<\/span><\/div>\n<div id=\"magicdomid1411\" class=\"ace-line\" aria-live=\"assertive\"><\/div>\n<div id=\"magicdomid1686\" class=\"ace-line\" aria-live=\"assertive\"><span class=\"author-a-z68zdz79zienz67zz76zz89zdjz79zxmz76zi\">Leif Johansen wurde vom Dienst freigestellt mit der Option wieder Dienst in der Sternenflotte ver\u00fcben zu d\u00fcrfen sofern er nachweisen kann das er sein Gewaltproblem im Griff hat. Aktuell befindet er sich in einem Rehabilitationszentrum.\u00a0<\/span><\/div>\n<div id=\"magicdomid1688\" class=\"ace-line\" aria-live=\"assertive\"><\/div>\n<div id=\"magicdomid3616\" class=\"ace-line\" aria-live=\"assertive\"><span class=\"author-a-z68zdz79zienz67zz76zz89zdjz79zxmz76zi\">Luca selbst wurde nach einigem Hin und Her von Shay und Elisa Ruthven in Pflege genommen. Elisa lie\u00df sich vom Dienst freistellen und lebte mit Luca auf der Erde in Schottland bei Shays Vater Marcus Ruthven.\u00a0<\/span><\/div>\n<div id=\"magicdomid1962\" class=\"ace-line\" aria-live=\"assertive\"><\/div>\n<div id=\"magicdomid3622\" class=\"ace-line\" aria-live=\"assertive\"><span class=\"author-a-z68zdz79zienz67zz76zz89zdjz79zxmz76zi\">Dort hat er sich sehr an Teresa Ruthven &#8211; Shays j\u00fcngste Schwester &#8211; orientiert und eine Zeitlang waren die beiden unzertrennlich. Nachdem Elisa Besuch von Colin Shamar erhalten hatte\u00a0und pl\u00f6tzlich verschwand um kurze Zeit sp\u00e4ter auf der USS Hephaistos aufzutauchen, hielt es auch Teresa nicht mehr in Schottland und sie verlie\u00df das Anwesen bei Nacht und Nebel um &#8217;sich selbst zu finden&#8216;.<\/span><\/div>\n<div id=\"magicdomid2462\" class=\"ace-line\" aria-live=\"assertive\"><\/div>\n<div id=\"magicdomid3528\" class=\"ace-line\" aria-live=\"assertive\"><span class=\"author-a-z68zdz79zienz67zz76zz89zdjz79zxmz76zi\">Damit verlor Luca gleich 2 Bezugspersonen auf einmal und stand mit seinen noch 13 Jahre und beginnender Pubert\u00e4t gef\u00fchlt erneut allein da.<\/span><\/div>\n<div id=\"magicdomid2608\" class=\"ace-line\" aria-live=\"assertive\"><\/div>\n<div id=\"magicdomid3624\" class=\"ace-line\" aria-live=\"assertive\"><span class=\"author-a-z68zdz79zienz67zz76zz89zdjz79zxmz76zi\">Marcus versuchte sich in den darauffolgenden Wochen um Luca so gut es ging zu k\u00fcmmern, aber der Junge zog sich mehr und mehr zur\u00fcck. Das einzige bei dem er ein wenig auflebte waren die t\u00e4glichen Ausritte mit den Pferden die er mit Marcus unternahm.<\/span><\/div>\n<div id=\"magicdomid3625\" class=\"ace-line\" aria-live=\"assertive\"><span class=\"author-a-z68zdz79zienz67zz76zz89zdjz79zxmz76zi\">Befragt man ihn zu seinen Eltern gibt er zu seine Mutter zu vermissen,\u00a0schweigt sich aber ansonsten aus.<\/span><\/div>\n<div id=\"magicdomid3127\" class=\"ace-line\" aria-live=\"assertive\"><span class=\"author-a-z68zdz79zienz67zz76zz89zdjz79zxmz76zi\">Aus schulischer Sicht ist er im besseren Mittelfeld wobei vermutet wird das er besser sein k\u00f6nnte wenn er sich etwas mehr anstrengen w\u00fcrde.<\/span><\/div>\n<div id=\"magicdomid3129\" class=\"ace-line\" aria-live=\"assertive\"><\/div>\n<div id=\"magicdomid3827\" class=\"ace-line\" aria-live=\"assertive\"><span class=\"author-a-z68zdz79zienz67zz76zz89zdjz79zxmz76zi\">Seine Eltern sind inzwischen geschieden und Leif versucht immer wieder das Sorgerecht f\u00fcr Luca zur\u00fcck zu bekommen. Bislang ohne Erfolg da seine Rehbilitation keine nennenswerten Fortschritte macht.\u00a0<\/span><\/div>\n<div aria-live=\"assertive\"><\/div>\n<hr \/>\n<p><strong><span style=\"font-size: 24pt;\">Psychologisches Profil<\/span><\/strong><\/p>\n<p>&nbsp;<\/p>\n<p><strong><span style=\"font-size: 18pt;\">St\u00e4rken \/ Schw\u00e4chen<\/span><\/strong><\/p>\n<p><strong>Positiv:<\/strong><\/p>\n<ul>\n<li><\/li>\n<\/ul>\n<p><strong>Negativ:<\/strong><\/p>\n<ul>\n<li><\/li>\n<\/ul>\n<p><strong>Vorlieben:<\/strong><\/p>\n<ul>\n<li><\/li>\n<\/ul>\n<p><strong>Abneigungen:\u00a0<\/strong><\/p>\n<ul>\n<li><\/li>\n<\/ul>\n<hr \/>\n<p><strong><span style=\"font-size: 24pt;\">Spezialgebiete<\/span><\/strong><\/p>\n<p><strong>Studien auf der Sternenflottenakademie:<\/strong><\/p>\n<p>&nbsp;<\/p>\n<p>Hauptf\u00e4cher:<\/p>\n<ul>\n<li><\/li>\n<\/ul>\n<p>Nebenf\u00e4cher:<\/p>\n<ul>\n<li><\/li>\n<\/ul>\n<p><strong>Besonderheiten der eigenen Spezies:<\/strong><br \/>\nKeine<\/p>\n<p><strong>Sonstiges:<\/strong><\/p>\n<p>&nbsp;<\/p>\n<hr \/>\n<p><strong><span style=\"font-size: 24pt;\">Hobbies<\/span><\/strong><\/p>\n<ul>\n<li><\/li>\n<\/ul>\n<hr \/>\n<p><strong><span style=\"font-size: 24pt;\">Medizinisches Profil<\/span><\/strong><\/p>\n<p>&nbsp;<\/p>\n<p><strong>Krankheiten &amp; Gesundheit:<\/strong><\/p>\n<ul>\n<li><\/li>\n<\/ul>\n<hr \/>\n<p><strong><span style=\"font-size: 24pt;\">Klassifzierte Sektion<\/span><\/strong><\/p>\n<div id=\"magicdomid59\" class=\"ace-line\" aria-live=\"assertive\"><span class=\"author-a-z68zdz79zienz67zz76zz89zdjz79zxmz76zi\">Eltern<\/span><\/div>\n<div id=\"magicdomid191\" class=\"ace-line\" aria-live=\"assertive\"><span class=\"author-a-z68zdz79zienz67zz76zz89zdjz79zxmz76zi\">&#8211; Vater: Leif Johansen, Mensch, WO (a.D.) Technik, zur Zeit in Rehabilitation<\/span><\/div>\n<div id=\"magicdomid3564\" class=\"ace-line\" aria-live=\"assertive\"><span class=\"author-a-z68zdz79zienz67zz76zz89zdjz79zxmz76zi\">&#8211; Mutter: Eshe Johansen, Mensch ehm. PO Sicherheit (unehrenhaft entlassen), zur Zeit Gef\u00e4ngnis wegen versuchtem Mord<\/span><\/div>\n","protected":false},"excerpt":{"rendered":"<p>Luca Johansen Status NPC Spieler Mac Dienstliche Informationen Ranggrafik Rang ZIV Posten &#8211; Stationierung Erde, Scotland Physische Beschreibung Spezies Mensch Geschlecht m\u00e4nnlich Gr\u00f6\u00dfe \u00a0150cm Gewicht \u00a048kg Hautfarbe hell Haarfarbe aschblond Augenfarbe blau Biographische Informationen Geburtsort USS Avalon Geburtstag 12.11.2402 Familienstand ledig Familie Leif Johansen Eshe Johansen \u00a0Religion &#8211; Politische informationen Buergerschaft F\u00f6derationsb\u00fcrger Lebenslauf Luca wurde&#8230;<\/p>\n<p class=\"more-link-wrap\"><a href=\"https:\/\/www.sf-germany.org\/einheiten\/uss-hephaistos\/die-crew\/luca-johansen\/\" class=\"more-link\">Read More<span class=\"screen-reader-text\"> &ldquo;Luca Johansen&rdquo;<\/span> &raquo;<\/a><\/p>\n","protected":false},"author":1,"featured_media":0,"parent":27,"menu_order":25,"comment_status":"closed","ping_status":"closed","template":"page-templates\/medium.php","meta":{"footnotes":""},"class_list":["post-7526","page","type-page","status-publish","hentry"],"_links":{"self":[{"href":"https:\/\/www.sf-germany.org\/einheiten\/uss-hephaistos\/wp-json\/wp\/v2\/pages\/7526","targetHints":{"allow":["GET"]}}],"collection":[{"href":"https:\/\/www.sf-germany.org\/einheiten\/uss-hephaistos\/wp-json\/wp\/v2\/pages"}],"about":[{"href":"https:\/\/www.sf-germany.org\/einheiten\/uss-hephaistos\/wp-json\/wp\/v2\/types\/page"}],"author":[{"embeddable":true,"href":"https:\/\/www.sf-germany.org\/einheiten\/uss-hephaistos\/wp-json\/wp\/v2\/users\/1"}],"replies":[{"embeddable":true,"href":"https:\/\/www.sf-germany.org\/einheiten\/uss-hephaistos\/wp-json\/wp\/v2\/comments?post=7526"}],"version-history":[{"count":1,"href":"https:\/\/www.sf-germany.org\/einheiten\/uss-hephaistos\/wp-json\/wp\/v2\/pages\/7526\/revisions"}],"predecessor-version":[{"id":7527,"href":"https:\/\/www.sf-germany.org\/einheiten\/uss-hephaistos\/wp-json\/wp\/v2\/pages\/7526\/revisions\/7527"}],"up":[{"embeddable":true,"href":"https:\/\/www.sf-germany.org\/einheiten\/uss-hephaistos\/wp-json\/wp\/v2\/pages\/27"}],"wp:attachment":[{"href":"https:\/\/www.sf-germany.org\/einheiten\/uss-hephaistos\/wp-json\/wp\/v2\/media?parent=7526"}],"curies":[{"name":"wp","href":"https:\/\/api.w.org\/{rel}","templated":true}]}}