{"id":760,"date":"2019-01-20T14:59:19","date_gmt":"2019-01-20T13:59:19","guid":{"rendered":"http:\/\/www.sf-germany.org\/einheiten\/hephaistos\/?page_id=760"},"modified":"2022-10-07T12:53:13","modified_gmt":"2022-10-07T10:53:13","slug":"carlos-isu","status":"publish","type":"page","link":"https:\/\/www.sf-germany.org\/einheiten\/uss-hephaistos\/die-crew\/carlos-isu\/","title":{"rendered":"Carlos Isu"},"content":{"rendered":"<div style=\"float: right; margin-left: 15px; margin-bottom: 15px; font-size: 11px;\">\n<table style=\"border: solid 0px #003366; background: transparent; box-shadow: 0.1em 0.1em 0.5em rgba(255,255,255,0.75); -moz-box-shadow: 0.1em 0.1em 0.5em rgba(255,255,255,0.75); -webkit-box-shadow: 0.1em 0.1em 0.5em rgba(255,255,255,0.75); border-radius: 1em; -moz-border-radius: 1em; -webkit-border-radius: 1em;\" border=\"3\" cellspacing=\"10\" align=\"right\">\n<tbody>\n<tr>\n<td style=\"font-weight: bold; border: solid 0px transparent;\" colspan=\"2\" align=\"center\"><\/td>\n<\/tr>\n<tr>\n<td style=\"background: transparent; border: solid 0px transparent;\" colspan=\"2\" align=\"center\"><a href=\"https:\/\/pixabay.com\/de\/frau-roter-kopf-natur-rot-haar-2542261\/\"><img loading=\"lazy\" decoding=\"async\" class=\"alignnone wp-image-111 size-full\" src=\"https:\/\/www.sf-germany.org\/einheiten\/uss-hephaistos\/wp-content\/uploads\/2016\/01\/CharBild.png\" alt=\"\" width=\"179\" height=\"140\" \/><\/a><\/td>\n<\/tr>\n<tr style=\"font-weight: bold; border: solid 0px transparent;\" align=\"center\">\n<td colspan=\"2\" align=\"center\">Carlos Isu<\/td>\n<\/tr>\n<tr style=\"font-weight: bold; border: solid 0px transparent;\" align=\"center\">\n<td style=\"font-weight: bold; border: solid 0px transparent;\" align=\"right\" width=\"50%\">Status<\/td>\n<td style=\"border: solid 0px transparent;\" align=\"left\" width=\"50%\">NPC (Effi)<\/td>\n<\/tr>\n<tr style=\"font-weight: bold; border: solid 0px transparent;\" align=\"center\">\n<td align=\"right\" width=\"50%\">Spieler<\/td>\n<td align=\"left\" width=\"50%\">alle<\/td>\n<\/tr>\n<tr style=\"font-weight: bold; border: solid 0px transparent;\" align=\"center\">\n<td style=\"font-weight: bold; border: solid 0px #003366; background: #555; box-shadow: 0.1em 0.1em 0.5em rgba(255,255,255,0.75); -webkit-box-shadow: 0.1em 0.1em 0.5em rgba(255,255,255,0.75); border-radius: 1em; -webkit-border-radius: 1em;\" colspan=\"2\" align=\"center\">Dienstliche Informationen<\/td>\n<\/tr>\n<tr style=\"font-weight: bold; border: solid 0px transparent;\" align=\"center\">\n<td align=\"right\" width=\"50%\">Ranggrafik<\/td>\n<td style=\"border: solid 0px transparent;\" align=\"left\" width=\"50%\"><img loading=\"lazy\" decoding=\"async\" src=\"https:\/\/www.sf-germany.com\/images\/schemata\/sto\/blau\/cpo.png\" alt=\"Chief Petty Officer\" width=\"100\" height=\"25\" \/><\/td>\n<\/tr>\n<tr style=\"font-weight: bold; border: solid 0px transparent;\" align=\"center\">\n<td align=\"right\" width=\"50%\">Rang<\/td>\n<td style=\"border: solid 0px transparent;\" align=\"left\" width=\"50%\">CPO<\/td>\n<\/tr>\n<tr style=\"font-weight: bold; border: solid 0px transparent;\" align=\"center\">\n<td align=\"right\" width=\"50%\">Posten<\/td>\n<td style=\"border: solid 0px transparent;\" align=\"left\" width=\"50%\">Datenanalyst<\/td>\n<\/tr>\n<tr style=\"font-weight: bold; border: solid 0px transparent;\" align=\"center\">\n<td align=\"right\" width=\"50%\">Stationierung<\/td>\n<td style=\"border: solid 0px transparent;\" align=\"left\" width=\"50%\">USS Hephaistos<\/td>\n<\/tr>\n<tr style=\"font-weight: bold; border: solid 0px #003366; background: #555; box-shadow: 0.1em 0.1em 0.5em rgba(255,255,255,0.75); -webkit-box-shadow: 0.1em 0.1em 0.5em rgba(255,255,255,0.75); border-radius: 1em; -webkit-border-radius: 1em;\" align=\"center\">\n<td colspan=\"2\" align=\"center\">Biographische Informationen<\/td>\n<\/tr>\n<tr style=\"font-weight: bold; border: solid 0px transparent;\" align=\"center\">\n<td align=\"right\" width=\"50%\">Geburtstag<\/td>\n<td style=\"border: solid 0px transparent;\" align=\"left\" width=\"50%\">2379<\/td>\n<\/tr>\n<tr style=\"font-weight: bold; border: solid 0px transparent;\" align=\"center\">\n<td align=\"right\" width=\"50%\">Geburtsort<\/td>\n<td style=\"border: solid 0px transparent;\" align=\"left\" width=\"50%\">Luna<\/td>\n<\/tr>\n<tr style=\"font-weight: bold; border: solid 0px transparent;\" align=\"center\">\n<td align=\"right\" width=\"50%\">Familienstand<\/td>\n<td style=\"border: solid 0px transparent;\" align=\"left\" width=\"50%\">ledig<\/td>\n<\/tr>\n<tr style=\"font-weight: bold; border: solid 0px transparent;\" align=\"center\">\n<td align=\"right\" width=\"50%\">Religion<\/td>\n<td style=\"border: solid 0px transparent;\" align=\"left\" width=\"50%\">Flalaxanischer Glaube der Universellen Kirche des \u00c4therischen H\u00f6chsten<\/td>\n<\/tr>\n<tr style=\"font-weight: bold; border: solid 0px transparent;\" align=\"center\">\n<td align=\"right\" width=\"50%\">Sexualit\u00e4t<\/td>\n<td style=\"border: solid 0px transparent;\" align=\"left\" width=\"50%\"><\/td>\n<\/tr>\n<tr style=\"font-weight: bold; border: solid 0px transparent;\" align=\"center\">\n<td align=\"right\" valign=\"top\" width=\"50%\">Ehepartner<\/td>\n<td style=\"border: solid 0px transparent;\" align=\"left\" width=\"50%\">&#8212;<\/td>\n<\/tr>\n<tr style=\"font-weight: bold; border: solid 0px transparent;\" align=\"center\">\n<td align=\"right\" valign=\"top\" width=\"50%\">Kinder<\/td>\n<td style=\"border: solid 0px transparent;\" align=\"left\" width=\"50%\">\n<div>&#8212;<\/div>\n<\/td>\n<\/tr>\n<tr style=\"font-weight: bold; border: solid 0px transparent;\" align=\"center\">\n<td align=\"right\" valign=\"top\" width=\"50%\">Vater<\/td>\n<td style=\"border: solid 0px transparent;\" align=\"left\" width=\"50%\">\n<div><\/div>\n<\/td>\n<\/tr>\n<tr style=\"font-weight: bold; border: solid 0px transparent;\" align=\"center\">\n<td align=\"right\" valign=\"top\" width=\"50%\">Mutter<\/td>\n<td style=\"border: solid 0px transparent;\" align=\"left\" width=\"50%\"><\/td>\n<\/tr>\n<tr style=\"font-weight: bold; border: solid 0px transparent;\" align=\"center\">\n<td align=\"right\" valign=\"top\" width=\"50%\">Geschwister<\/td>\n<td style=\"border: solid 0px transparent;\" align=\"left\" width=\"50%\">&#8212;<\/td>\n<\/tr>\n<tr style=\"font-weight: bold; border: solid 0px transparent;\" align=\"center\">\n<td align=\"right\" valign=\"top\" width=\"50%\">Haustier<\/td>\n<td style=\"border: solid 0px transparent;\" align=\"left\" width=\"50%\">&#8212;<\/td>\n<\/tr>\n<tr style=\"font-weight: bold; border: solid 0px #003366; background: #555; box-shadow: 0.1em 0.1em 0.5em rgba(255,255,255,0.75); -webkit-box-shadow: 0.1em 0.1em 0.5em rgba(255,255,255,0.75); border-radius: 1em; -webkit-border-radius: 1em;\" align=\"center\">\n<td colspan=\"2\" align=\"center\">Physische Beschreibung<\/td>\n<\/tr>\n<tr style=\"font-weight: bold; border: solid 0px transparent;\" align=\"center\">\n<td align=\"right\" width=\"50%\">Spezies<\/td>\n<td style=\"border: solid 0px transparent;\" align=\"left\" width=\"50%\">Mensch \/ Betazoide<\/td>\n<\/tr>\n<tr style=\"font-weight: bold; border: solid 0px transparent;\" align=\"center\">\n<td align=\"right\" width=\"50%\">Geschlecht<\/td>\n<td style=\"border: solid 0px transparent;\" align=\"left\" width=\"50%\">m\u00e4nnlich<\/td>\n<\/tr>\n<tr style=\"font-weight: bold; border: solid 0px transparent;\" align=\"center\">\n<td align=\"right\" width=\"50%\">Gr\u00f6\u00dfe<\/td>\n<td style=\"border: solid 0px transparent;\" align=\"left\" width=\"50%\"><\/td>\n<\/tr>\n<tr style=\"font-weight: bold; border: solid 0px transparent;\" align=\"center\">\n<td align=\"right\" width=\"50%\">Gewicht<\/td>\n<td style=\"border: solid 0px transparent;\" align=\"left\" width=\"50%\"><\/td>\n<\/tr>\n<tr style=\"font-weight: bold; border: solid 0px transparent;\" align=\"center\">\n<td align=\"right\" width=\"50%\">Haarfarbe<\/td>\n<td style=\"border: solid 0px transparent;\" align=\"left\" width=\"50%\"><\/td>\n<\/tr>\n<tr style=\"font-weight: bold; border: solid 0px transparent;\" align=\"center\">\n<td align=\"right\" width=\"50%\">Augenfarbe<\/td>\n<td style=\"border: solid 0px transparent;\" align=\"left\" width=\"50%\"><\/td>\n<\/tr>\n<tr style=\"font-weight: bold; border: solid 0px transparent;\" align=\"center\">\n<td align=\"right\" width=\"50%\">Haut<\/td>\n<td style=\"border: solid 0px transparent;\" align=\"left\" width=\"50%\"><\/td>\n<\/tr>\n<tr style=\"font-weight: bold; border: solid 0px #003366; background: #555; box-shadow: 0.1em 0.1em 0.5em rgba(255,255,255,0.75); -webkit-box-shadow: 0.1em 0.1em 0.5em rgba(255,255,255,0.75); border-radius: 1em; -webkit-border-radius: 1em;\" align=\"center\">\n<td colspan=\"2\" align=\"center\">Politische Informationen<\/td>\n<\/tr>\n<tr style=\"font-weight: bold; border: solid 0px transparent;\" align=\"center\">\n<td align=\"right\" valign=\"top\" width=\"50%\">Buergerschaft<\/td>\n<td style=\"border: solid 0px transparent;\" align=\"left\" width=\"50%\">F\u00f6derationsb\u00fcrger<\/td>\n<\/tr>\n<\/tbody>\n<\/table>\n<\/div>\n<h2>Lebenslauf<\/h2>\n<p>Chief Petty Officer Carlos Isu ist ein kleiner, untersetzter Mann mit langen, leicht fettigen schwarzen Haaren, die ihm bis zur Schultermitte reichten, und stumpfen braunen Augen, die gut zu seinem weichen, wabbligen Kinn passten. Auf seiner Stirn hat er aus religi\u00f6sen Gr\u00fcnden einen kleinen Halbedelstein aufgeklebt.<\/p>\n<p>Der Mittdrei\u00dfiger arbeitet als Datenanalyst in der Wissenschaftlichen Abteilung der Hephaistos und ist\u00a0 der Sohn einer Halbbetazoidin mit einem Menschen. Er wuchs &#8211; ohne Vater &#8211; auf Luna auf.<\/p>\n<hr \/>\n<h2>Psychologisches Profil<\/h2>\n<p>Carlos hat sich vor einer Weile dem flalaxanischen Glauben der Universellen Kirche des \u00c4therischen H\u00f6chsten zugewandt und nimmt diesen ernst. Leider ist dies nicht ohne Probleme, erfordert dieser Glaube doch u.a. die Lebendopferung von bestimmten Tieren, den Verzicht auf Haareschneiden sowie das Tragen von Licht- und Luftdurchl\u00e4ssiger Kleidung.<\/p>\n<h3>Beziehungen zu anderen Crewmitgliedern<\/h3>\n<ul>\n<li><\/li>\n<\/ul>\n<hr \/>\n<h2>Spezialgebiete<\/h2>\n<p>Carlos Isu ist ein Datenanalyst und auf die \u00dcberpr\u00fcfung und Auswertung gro\u00dfer, vernetzter Datenmengen spezialisiert. Ganz gleich, ob es um die Suche nach einem Molek\u00fcl in einem Haufen Materie, um die Auswertung von Sternenkarten oder um die Suche nach Korrelationen in Messwerte geht &#8211; Carlos Isu ist der Mann f\u00fcr solche Dinge.<\/p>\n<hr \/>\n<h2>Hobbies<\/h2>\n<hr \/>\n<h2>Medizinisches Profil<\/h2>\n<hr \/>\n<h2>Klassifzierte Sektion<\/h2>\n<p>keine Eintr\u00e4ge<\/p>\n<hr \/>\n<h2>Posts<\/h2>\n<p>Carlos hat einen Auftritt in folgenden Posts der Hephaistos:<\/p>\n<p>[<a href=\"https:\/\/de.groups.yahoo.com\/neo\/groups\/USS-Hephaistos\/conversations\/messages\/516\">516<\/a>]<\/p>\n","protected":false},"excerpt":{"rendered":"<p>Carlos Isu Status NPC (Effi) Spieler alle Dienstliche Informationen Ranggrafik Rang CPO Posten Datenanalyst Stationierung USS Hephaistos Biographische Informationen Geburtstag 2379 Geburtsort Luna Familienstand ledig Religion Flalaxanischer Glaube der Universellen Kirche des \u00c4therischen H\u00f6chsten Sexualit\u00e4t Ehepartner &#8212; Kinder &#8212; Vater Mutter Geschwister &#8212; Haustier &#8212; Physische Beschreibung Spezies Mensch \/ Betazoide Geschlecht m\u00e4nnlich Gr\u00f6\u00dfe Gewicht&#8230;<\/p>\n<p class=\"more-link-wrap\"><a href=\"https:\/\/www.sf-germany.org\/einheiten\/uss-hephaistos\/die-crew\/carlos-isu\/\" class=\"more-link\">Read More<span class=\"screen-reader-text\"> &ldquo;Carlos Isu&rdquo;<\/span> &raquo;<\/a><\/p>\n","protected":false},"author":2,"featured_media":0,"parent":27,"menu_order":30,"comment_status":"closed","ping_status":"closed","template":"page-templates\/medium.php","meta":{"footnotes":""},"class_list":["post-760","page","type-page","status-publish","hentry"],"_links":{"self":[{"href":"https:\/\/www.sf-germany.org\/einheiten\/uss-hephaistos\/wp-json\/wp\/v2\/pages\/760","targetHints":{"allow":["GET"]}}],"collection":[{"href":"https:\/\/www.sf-germany.org\/einheiten\/uss-hephaistos\/wp-json\/wp\/v2\/pages"}],"about":[{"href":"https:\/\/www.sf-germany.org\/einheiten\/uss-hephaistos\/wp-json\/wp\/v2\/types\/page"}],"author":[{"embeddable":true,"href":"https:\/\/www.sf-germany.org\/einheiten\/uss-hephaistos\/wp-json\/wp\/v2\/users\/2"}],"replies":[{"embeddable":true,"href":"https:\/\/www.sf-germany.org\/einheiten\/uss-hephaistos\/wp-json\/wp\/v2\/comments?post=760"}],"version-history":[{"count":3,"href":"https:\/\/www.sf-germany.org\/einheiten\/uss-hephaistos\/wp-json\/wp\/v2\/pages\/760\/revisions"}],"predecessor-version":[{"id":5559,"href":"https:\/\/www.sf-germany.org\/einheiten\/uss-hephaistos\/wp-json\/wp\/v2\/pages\/760\/revisions\/5559"}],"up":[{"embeddable":true,"href":"https:\/\/www.sf-germany.org\/einheiten\/uss-hephaistos\/wp-json\/wp\/v2\/pages\/27"}],"wp:attachment":[{"href":"https:\/\/www.sf-germany.org\/einheiten\/uss-hephaistos\/wp-json\/wp\/v2\/media?parent=760"}],"curies":[{"name":"wp","href":"https:\/\/api.w.org\/{rel}","templated":true}]}}