{"id":7774,"date":"2024-01-31T19:24:58","date_gmt":"2024-01-31T18:24:58","guid":{"rendered":"https:\/\/www.sf-germany.org\/einheiten\/uss-hephaistos\/?page_id=7774"},"modified":"2026-01-03T14:37:38","modified_gmt":"2026-01-03T13:37:38","slug":"cassian_zevran","status":"publish","type":"page","link":"https:\/\/www.sf-germany.org\/einheiten\/uss-hephaistos\/die-crew\/charakter-archiv\/cassian_zevran\/","title":{"rendered":"Cassian Zevran"},"content":{"rendered":"<div style=\"float: right; margin-left: 15px; margin-bottom: 15px; font-size: 11px;\">\n<table style=\"border: 0px solid #003366; background: transparent; box-shadow: rgba(255, 255, 255, 0.75) 0.1em 0.1em 0.5em; border-radius: 1em; width: 106.397%; height: 646px;\" border=\"3\" cellspacing=\"10\" align=\"right\">\n<tbody>\n<tr style=\"height: 19px;\">\n<td style=\"font-weight: bold; border: 0px solid transparent; height: 19px; width: 100%;\" colspan=\"2\" align=\"center\"><\/td>\n<\/tr>\n<tr style=\"height: 140px;\">\n<td style=\"background: transparent; border: 0px solid transparent; height: 140px; width: 100%;\" colspan=\"2\" align=\"center\"><a href=\"https:\/\/www.sf-germany.org\/einheiten\/uss-hephaistos\/wp-content\/uploads\/old_guy.png\"><img loading=\"lazy\" decoding=\"async\" class=\"aligncenter wp-image-7775\" src=\"https:\/\/www.sf-germany.org\/einheiten\/uss-hephaistos\/wp-content\/uploads\/old_guy.png\" alt=\"Alter Mann im Rollstuhl\" width=\"150\" height=\"150\" srcset=\"https:\/\/www.sf-germany.org\/einheiten\/uss-hephaistos\/wp-content\/uploads\/old_guy.png 2048w, https:\/\/www.sf-germany.org\/einheiten\/uss-hephaistos\/wp-content\/uploads\/old_guy-300x300.png 300w, https:\/\/www.sf-germany.org\/einheiten\/uss-hephaistos\/wp-content\/uploads\/old_guy-1024x1024.png 1024w, https:\/\/www.sf-germany.org\/einheiten\/uss-hephaistos\/wp-content\/uploads\/old_guy-150x150.png 150w, https:\/\/www.sf-germany.org\/einheiten\/uss-hephaistos\/wp-content\/uploads\/old_guy-1536x1536.png 1536w\" sizes=\"auto, (max-width: 150px) 100vw, 150px\" \/><\/a><\/td>\n<\/tr>\n<tr style=\"height: 19px;\">\n<td style=\"font-weight: bold; border: 0px solid transparent; height: 19px; width: 100%;\" colspan=\"2\" align=\"center\"><b>Cassian Zevran<\/b><\/td>\n<\/tr>\n<tr style=\"height: 19px;\">\n<td style=\"font-weight: bold; border: 0px solid transparent; height: 19px; width: 53.4188%;\" align=\"right\" width=\"50%\">Status<\/td>\n<td style=\"border: 0px solid transparent; height: 19px; width: 46.5812%;\" align=\"left\" width=\"50%\">PC<\/td>\n<\/tr>\n<tr style=\"height: 19px;\">\n<td style=\"font-weight: bold; border: 0px solid transparent; height: 19px; width: 53.4188%;\" align=\"right\" width=\"50%\">Spieler<\/td>\n<td style=\"border: 0px solid transparent; height: 19px; width: 46.5812%;\" align=\"left\" width=\"50%\">Fynn<\/td>\n<\/tr>\n<tr style=\"height: 19px;\">\n<td style=\"font-weight: bold; border: 0px solid #003366; background: #555555; box-shadow: rgba(255, 255, 255, 0.75) 0.1em 0.1em 0.5em; border-radius: 1em; height: 19px; width: 100%;\" colspan=\"2\" align=\"center\">Dienstliche Informationen<\/td>\n<\/tr>\n<tr style=\"height: 31px;\">\n<td style=\"font-weight: bold; border: 0px solid transparent; height: 31px; width: 53.4188%;\" align=\"right\" width=\"50%\">Ranggrafik<\/td>\n<td style=\"border: 0px solid transparent; height: 31px; width: 46.5812%;\" align=\"left\" width=\"50%\"><img loading=\"lazy\" decoding=\"async\" src=\"http:\/\/www.sf-germany.com\/images\/schemata\/sto\/weiss\/cpoad.png\" alt=\"\" width=\"100\" height=\"25\" \/><\/td>\n<\/tr>\n<tr style=\"height: 19px;\">\n<td style=\"font-weight: bold; border: 0px solid transparent; height: 19px; width: 53.4188%;\" align=\"right\" width=\"50%\">Rang<\/td>\n<td style=\"border: 0px solid transparent; height: 19px; width: 46.5812%;\" align=\"left\" width=\"50%\">Chief Petty Officer<\/td>\n<\/tr>\n<tr style=\"height: 19px;\">\n<td style=\"font-weight: bold; border: 0px solid transparent; height: 19px; width: 53.4188%;\" align=\"right\" width=\"50%\">Titel:<\/td>\n<td style=\"border: 0px solid transparent; height: 19px; width: 46.5812%;\" align=\"left\" width=\"50%\">Prof. Dr. med Dr. vet<\/td>\n<\/tr>\n<tr style=\"height: 19px;\">\n<td style=\"font-weight: bold; border: 0px solid transparent; height: 19px; width: 53.4188%;\" align=\"right\" width=\"50%\">Titel:<\/td>\n<td style=\"border: 0px solid transparent; height: 19px; width: 46.5812%;\" align=\"left\" width=\"50%\">Sohn des 9. Hauses von<br \/>\nBetazed, Wahrer der<br \/>\nempathischen Kaskade,<br \/>\nW\u00e4chter \u00fcber den<br \/>\nsilbernen Schl\u00fcssel<br \/>\nvon Aberfax<\/td>\n<\/tr>\n<tr style=\"height: 19px;\">\n<td style=\"font-weight: bold; border: 0px solid transparent; height: 19px; width: 53.4188%;\" align=\"right\" width=\"50%\">Posten<\/td>\n<td style=\"border: 0px solid transparent; height: 19px; width: 46.5812%;\" align=\"left\" width=\"50%\">Tierarzt<\/td>\n<\/tr>\n<tr style=\"height: 19px;\">\n<td style=\"font-weight: bold; border: 0px solid transparent; height: 19px; width: 53.4188%;\" align=\"right\" width=\"50%\">Stationierung<\/td>\n<td style=\"border: 0px solid transparent; height: 19px; width: 46.5812%;\" align=\"left\" width=\"50%\">USS Hephaistos<\/td>\n<\/tr>\n<tr style=\"height: 19px;\">\n<td style=\"font-weight: bold; border: 0px solid #003366; background: #555555; box-shadow: rgba(255, 255, 255, 0.75) 0.1em 0.1em 0.5em; border-radius: 1em; height: 19px; width: 100%;\" colspan=\"2\" align=\"center\">Physische Beschreibung<\/td>\n<\/tr>\n<tr style=\"height: 19px;\">\n<td style=\"font-weight: bold; border: 0px solid transparent; height: 19px; width: 53.4188%;\" align=\"right\" width=\"50%\">Spezies<\/td>\n<td style=\"border: 0px solid transparent; height: 19px; width: 46.5812%;\" align=\"left\" width=\"50%\">Betazoid<\/td>\n<\/tr>\n<tr style=\"height: 19px;\">\n<td style=\"font-weight: bold; border: 0px solid transparent; height: 19px; width: 53.4188%;\" align=\"right\" width=\"50%\">Geschlecht<\/td>\n<td style=\"border: 0px solid transparent; height: 19px; width: 46.5812%;\" align=\"left\" width=\"50%\">m\u00e4nnlich<\/td>\n<\/tr>\n<tr style=\"height: 19px;\">\n<td style=\"font-weight: bold; border: 0px solid transparent; height: 19px; width: 53.4188%;\" align=\"right\" width=\"50%\">Gr\u00f6\u00dfe<\/td>\n<td style=\"border: 0px solid transparent; height: 19px; width: 46.5812%;\" align=\"left\" width=\"50%\">177 cm<\/td>\n<\/tr>\n<tr style=\"height: 19px;\">\n<td style=\"font-weight: bold; border: 0px solid transparent; height: 19px; width: 53.4188%;\" align=\"right\" width=\"50%\">Gewicht<\/td>\n<td style=\"border: 0px solid transparent; height: 19px; width: 46.5812%;\" align=\"left\" width=\"50%\">61 kg<\/td>\n<\/tr>\n<tr style=\"height: 19px;\">\n<td style=\"font-weight: bold; border: 0px solid transparent; height: 19px; width: 53.4188%;\" align=\"right\" width=\"50%\">Haarfarbe<\/td>\n<td style=\"border: 0px solid transparent; height: 19px; width: 46.5812%;\" align=\"left\" width=\"50%\">wei\u00df<\/td>\n<\/tr>\n<tr style=\"height: 19px;\">\n<td style=\"font-weight: bold; border: 0px solid transparent; height: 19px; width: 53.4188%;\" align=\"right\" width=\"50%\">Hautfarbe<\/td>\n<td style=\"border: 0px solid transparent; height: 19px; width: 46.5812%;\" align=\"left\" width=\"50%\">kaukasisch<\/td>\n<\/tr>\n<tr style=\"height: 19px;\">\n<td style=\"font-weight: bold; border: 0px solid transparent; height: 19px; width: 53.4188%;\" align=\"right\" width=\"50%\">Augenfarbe<\/td>\n<td style=\"border: 0px solid transparent; height: 19px; width: 46.5812%;\" align=\"left\" width=\"50%\">schwarz<\/td>\n<\/tr>\n<tr style=\"height: 19px;\">\n<td style=\"font-weight: bold; border: 0px solid #003366; background: #555555; box-shadow: rgba(255, 255, 255, 0.75) 0.1em 0.1em 0.5em; border-radius: 1em; height: 19px; width: 100%;\" colspan=\"2\" align=\"center\">Biographische Informationen<\/td>\n<\/tr>\n<tr style=\"height: 19px;\">\n<td style=\"font-weight: bold; border: 0px solid transparent; height: 19px; width: 53.4188%;\" align=\"right\" width=\"50%\">Geburtstag<\/td>\n<td style=\"border: 0px solid transparent; height: 19px; width: 46.5812%;\" align=\"left\" width=\"50%\">2334 (82 Jahre)<\/td>\n<\/tr>\n<tr style=\"height: 19px;\">\n<td style=\"font-weight: bold; border: 0px solid transparent; height: 19px; width: 53.4188%;\" align=\"right\" valign=\"top\" width=\"50%\">Herkunft<\/td>\n<td style=\"border: 0px solid transparent; height: 19px; width: 46.5812%;\" align=\"left\" width=\"50%\">Betazed<\/td>\n<\/tr>\n<tr style=\"height: 19px;\">\n<td style=\"font-weight: bold; border: 0px solid transparent; height: 19px; width: 53.4188%;\" align=\"right\" width=\"50%\">Familienstand<\/td>\n<td style=\"border: 0px solid transparent; height: 19px; width: 46.5812%;\" align=\"left\" width=\"50%\">Witwer<\/td>\n<\/tr>\n<tr style=\"height: 19px;\">\n<td style=\"font-weight: bold; border: 0px solid transparent; height: 19px; width: 53.4188%;\" align=\"right\" width=\"50%\">Ehefrau<\/td>\n<td style=\"border: 0px solid transparent; height: 19px; width: 46.5812%;\" align=\"left\" width=\"50%\">Feuzia Zevran (\u2020 2402)<\/td>\n<\/tr>\n<tr style=\"height: 19px;\">\n<td style=\"font-weight: bold; border: 0px solid transparent; height: 19px; width: 53.4188%;\" align=\"right\" width=\"50%\">Kinder<\/td>\n<td style=\"border: 0px solid transparent; height: 19px; width: 46.5812%;\" align=\"left\" width=\"50%\">keiner<\/td>\n<\/tr>\n<tr style=\"height: 19px;\">\n<td style=\"font-weight: bold; border: 0px solid transparent; height: 19px; width: 53.4188%;\" align=\"right\" width=\"50%\">Eltern<\/td>\n<td style=\"border: 0px solid transparent; height: 19px; width: 46.5812%;\" align=\"left\" width=\"50%\">&#8211;<\/td>\n<\/tr>\n<tr style=\"height: 19px;\">\n<td style=\"font-weight: bold; border: 0px solid #003366; background: #555555; box-shadow: rgba(255, 255, 255, 0.75) 0.1em 0.1em 0.5em; border-radius: 1em; height: 19px; width: 100%;\" colspan=\"2\" align=\"center\">Politische Informationen<\/td>\n<\/tr>\n<tr style=\"height: 19px;\">\n<td style=\"font-weight: bold; border: 0px solid transparent; height: 19px; width: 53.4188%;\" align=\"right\" width=\"50%\">Buergerschaft<\/td>\n<td style=\"border: 0px solid transparent; height: 19px; width: 46.5812%;\" align=\"left\" width=\"50%\">F\u00f6derationsb\u00fcrger<\/td>\n<\/tr>\n<\/tbody>\n<\/table>\n<\/div>\n<p><span style=\"font-size: 24pt;\"><strong>Lebenslauf<\/strong><\/span><\/p>\n<p><strong>Tabellarischer Lebenslauf:<\/strong><\/p>\n<p>2334 Geburt auf Betazed<br \/>\n2340 Beginn der Schulbildung<br \/>\n2346 Besuch der Hochschule<br \/>\n2350 Beginn des 1. Medizinstudiums (Humanoidmedizin)<br \/>\n2356 Verm\u00e4hlung mit Feuzia Aget<br \/>\n2358 1 Promotion (Dr. med.), Arzt im im Valwan-Krankenhaus, Betazed<br \/>\n2359 Wechsel ins rechtsmedizinischen Instituts, Amsterdam<br \/>\n2366 Ernennung zum Leiter des rechtsmedizinischen Instituts, Amsterdam<br \/>\n2376 Beginn des 2. Medizinstudiums, Veterin\u00e4rmedizin<br \/>\n2382 2. Promotion (Dr. vet.)<br \/>\n2384 Beginn der NC-Ausbildung an der Sternenflottenakademie<br \/>\n2388 Abschluss der Ausbildung und Bef\u00f6rderung zum PO3, Versetzung zu SB 002<br \/>\n2392 Bef\u00f6rderung zum PO2<br \/>\n2397 Bef\u00f6rderung zum PO1<br \/>\n2402 Bef\u00f6rderung zum CPO \/ sp\u00e4ter: Austritt aus der Flotte &amp; Sabbatical<br \/>\n2410 Er\u00f6ffnung einer Tierarztpraxis auf Betazed<br \/>\n2413 Franchise Gr\u00fcndung der &#8222;Zevran Tierkliniken&#8220; auf drei weiteren F\u00f6derationswelten<br \/>\n2414 R\u00fcckkehr in den Flottendienst als Zivilist \/ Pers\u00f6nlicher Tierarzt f\u00fcr Commodore Snider<br \/>\n2416 Versetzung auf die U.S.S. Hephaistos als TA.<\/p>\n<hr align=\"left\" width=\"65%\" \/>\n<p><span style=\"font-size: 24pt;\"><strong>Psychologisches Profil<\/strong><\/span><\/p>\n<p>Cassian Zevran mag auf den ersten Blick wie ein eigenbr\u00f6tlerischer und sarkastischer Zeitgenosse erscheinen. Mit einem Dr.-med-Titel in Humanoidmedizin und einem Dr.-vet-Titel in Veterin\u00e4rmedizin hat er sich von den Lebenden abgewandt und ist jetzt der Mann f\u00fcr tierisches Wohlbefinden an Bord. Trotz seiner offensichtlichen Abneigung gegen\u00fcber lebenden Menschen ist Cassian in der Gesellschaft gefangen, ein &#8222;kleiner Nihilist und Misanthrop&#8220; mit einem untr\u00fcglichen Sinn f\u00fcr Humor.<\/p>\n<p>Seine sozialen Interaktionen sind von einer gewissen Inkompetenz (Aufgrund von Distanz) gepr\u00e4gt, w\u00e4hrend er versucht, seine Zugeh\u00f6rigkeit zur humanoiden Rasse zu verbergen. Sarkasmus und Ironie sind seine Waffen der Wahl, um ernsten Themen zu entkommen. Selbst ironisch und mit einem Hang zu praktischen Scherzen, setzt er Streiche als Ventil f\u00fcr seine eigenen inneren Konflikte ein.<\/p>\n<p>Unter der harten Schale verbirgt sich jedoch eine unerwartete Seite. Cassian kann unverhofft Zuneigung und Verbundenheit zu seinen Mitmenschen zeigen, auch wenn er seine nihilistischen \u00dcberzeugungen nicht aufgibt. Der Tierarzt der USS Hephaistos mag Tiere lieber als Menschen, aber vielleicht gibt es eine Chance, dass seine humorvolle Fassade von wahren Bindungen durchbrochen wird.<\/p>\n<hr \/>\n<p><span style=\"font-size: 24pt;\"><strong>Spezialgebiete<\/strong><\/span><\/p>\n<p>k. A.<\/p>\n<hr \/>\n<p><span style=\"font-size: 24pt;\"><strong>Hobbies<\/strong><\/span><\/p>\n<p>k. A.<\/p>\n<hr \/>\n<p><strong><span style=\"font-size: 24pt;\">Medizinisches Profil<\/span><\/strong><\/p>\n<p>Cassian Zevran ist trotz seines fortgeschrittenen Alters in erstaunlich guter k\u00f6rperlicher und mentaler Verfassung. Im Jahr 2406 wurde er allerdings (laut eigenen Angaben) w\u00e4hrend eines zivilen Einsatzes auf einem fremden Planeten einer exotischen Strahlung ausgesetzt, die zu schweren Nervensch\u00e4den f\u00fchrte: selbst die fortgeschrittenen medizinischen Technologien des 25. Jahrhunderts konnten die Folgen dieser Strahlung nicht vollst\u00e4ndig beheben, sodass Cassian seit dem Vorfall auf einen Rollstuhl angewiesen ist. Trotz dieser Herausforderung hat er seine Eignung f\u00fcr den zivilen Flottendienst durch seine beeindruckende medizinische Expertise und sein humorvolles Durchhalteverm\u00f6gen unter Beweis gestellt.<\/p>\n<p><strong>Eigenschaften der Spezies<\/strong><\/p>\n<p>1. Telepathie: Betazoiden sind telepathisch veranlagt, was bedeutet, dass sie die F\u00e4higkeit haben, die Gedanken und Emotionen anderer Lebewesen zu lesen. Diese F\u00e4higkeit ist bei Betazoiden angeboren und erm\u00f6glicht ihnen eine tiefe emotionale Verbindung zu anderen.<\/p>\n<p>2. Empathie: Neben der Telepathie besitzen Betazoiden eine ausgepr\u00e4gte Empathie. Sie k\u00f6nnen nicht nur die Gedanken anderer lesen, sondern auch deren Emotionen sp\u00fcren. Dies erm\u00f6glicht es ihnen, die Gef\u00fchle und Stimmungen ihrer Mitmenschen zu verstehen und darauf zu reagieren.<\/p>\n<p>3. Eingeschr\u00e4nkte Telepathie mit Nicht-Betazoiden: W\u00e4hrend Betazoiden untereinander telepathisch kommunizieren k\u00f6nnen, ist ihre Telepathie gegen\u00fcber anderen Spezies begrenzt.<\/p>\n<p>4. Tele-Empathie gegen\u00fcber Tieren und nicht-humanoiden Wesen: Cassian Zevran kann nicht nur die Gedanken und Emotionen humanoider Spezies lesen, sondern besitzt auch tele-empathische F\u00e4higkeiten, die es ihm erm\u00f6glichen, die Emotionen und Bed\u00fcrfnisse von Tieren zu interpretieren und (in einem stark begrenzten Umfang) mit ihnen zu kommunizieren.<\/p>\n<hr \/>\n<p><span style=\"font-size: 24pt;\"><span style=\"font-size: 32px;\"><b>Klassifizierte<\/b><\/span><strong style=\"font-size: 24pt;\">\u00a0Sektion<\/strong><\/span><\/p>\n<p><strong>Spielhilfe:<\/strong><br \/>\nCassian Zevran, ein Betazoid mit einem schillernden Werdegang in der medizinischen Welt, begann in der Humanoidmedizin, spezialisierte sich jedoch aufgrund wachsender Entfremdung von lebenden Humanoiden auf Rechtsmedizin. Als Leiter des rechtsmedizinischen Instituts in Amsterdam fand er Trost in der d\u00fcsteren Klarheit des Todes. Doch die ersehnte Ruhe fand er erst in der Veterin\u00e4rmedizin: Die Abneigung gegen den st\u00e4ndigen Kontakt mit Humanoiden trieb ihn zu diesem ungew\u00f6hnlichen Schritt. Tiere wurden seine bevorzugten Begleiter, da ihre Welt einfacher, ihre Emotionen reiner und die Beziehungen unkomplizierter waren. Auf der USS Hephaistos dient Cassian nun als Tierarzt, kombiniert seine einzigartige Perspektive auf Leben, Tod und Heilung mit einer Prise Humor und sucht weiterhin, dem direkten Kontakt mit den Unvorhersehbarkeiten der humanoiden Natur zu entkommen.<\/p>\n","protected":false},"excerpt":{"rendered":"<p>Cassian Zevran Status PC Spieler Fynn Dienstliche Informationen Ranggrafik Rang Chief Petty Officer Titel: Prof. Dr. med Dr. vet Titel: Sohn des 9. Hauses von Betazed, Wahrer der empathischen Kaskade, W\u00e4chter \u00fcber den silbernen Schl\u00fcssel von Aberfax Posten Tierarzt Stationierung USS Hephaistos Physische Beschreibung Spezies Betazoid Geschlecht m\u00e4nnlich Gr\u00f6\u00dfe 177 cm Gewicht 61 kg Haarfarbe&#8230;<\/p>\n<p class=\"more-link-wrap\"><a href=\"https:\/\/www.sf-germany.org\/einheiten\/uss-hephaistos\/die-crew\/charakter-archiv\/cassian_zevran\/\" class=\"more-link\">Read More<span class=\"screen-reader-text\"> &ldquo;Cassian Zevran&rdquo;<\/span> &raquo;<\/a><\/p>\n","protected":false},"author":1,"featured_media":0,"parent":1100,"menu_order":16,"comment_status":"closed","ping_status":"closed","template":"","meta":{"footnotes":""},"class_list":["post-7774","page","type-page","status-publish","hentry"],"_links":{"self":[{"href":"https:\/\/www.sf-germany.org\/einheiten\/uss-hephaistos\/wp-json\/wp\/v2\/pages\/7774","targetHints":{"allow":["GET"]}}],"collection":[{"href":"https:\/\/www.sf-germany.org\/einheiten\/uss-hephaistos\/wp-json\/wp\/v2\/pages"}],"about":[{"href":"https:\/\/www.sf-germany.org\/einheiten\/uss-hephaistos\/wp-json\/wp\/v2\/types\/page"}],"author":[{"embeddable":true,"href":"https:\/\/www.sf-germany.org\/einheiten\/uss-hephaistos\/wp-json\/wp\/v2\/users\/1"}],"replies":[{"embeddable":true,"href":"https:\/\/www.sf-germany.org\/einheiten\/uss-hephaistos\/wp-json\/wp\/v2\/comments?post=7774"}],"version-history":[{"count":12,"href":"https:\/\/www.sf-germany.org\/einheiten\/uss-hephaistos\/wp-json\/wp\/v2\/pages\/7774\/revisions"}],"predecessor-version":[{"id":8132,"href":"https:\/\/www.sf-germany.org\/einheiten\/uss-hephaistos\/wp-json\/wp\/v2\/pages\/7774\/revisions\/8132"}],"up":[{"embeddable":true,"href":"https:\/\/www.sf-germany.org\/einheiten\/uss-hephaistos\/wp-json\/wp\/v2\/pages\/1100"}],"wp:attachment":[{"href":"https:\/\/www.sf-germany.org\/einheiten\/uss-hephaistos\/wp-json\/wp\/v2\/media?parent=7774"}],"curies":[{"name":"wp","href":"https:\/\/api.w.org\/{rel}","templated":true}]}}