{"id":7796,"date":"2024-02-04T11:21:28","date_gmt":"2024-02-04T10:21:28","guid":{"rendered":"https:\/\/www.sf-germany.org\/einheiten\/uss-hephaistos\/?page_id=7796"},"modified":"2024-04-15T19:15:48","modified_gmt":"2024-04-15T17:15:48","slug":"shuttle-cassandra","status":"publish","type":"page","link":"https:\/\/www.sf-germany.org\/einheiten\/uss-hephaistos\/das-schiff\/shuttle-cassandra\/","title":{"rendered":"Shuttle &#8222;Cassandra&#8220;"},"content":{"rendered":"<p><a href=\"https:\/\/www.sf-germany.org\/einheiten\/uss-hephaistos\/wp-content\/uploads\/2016\/01\/hephaistoscprw3.png\" rel=\"attachment wp-att-11\"><img decoding=\"async\" class=\"size-medium wp-image-11 aligncenter\" src=\"https:\/\/www.sf-germany.org\/einheiten\/uss-hephaistos\/wp-content\/uploads\/2016\/01\/hephaistoscprw3-300x254.png\" alt=\"hephaistoscprw3\" width=\"150\" srcset=\"https:\/\/www.sf-germany.org\/einheiten\/uss-hephaistos\/wp-content\/uploads\/2016\/01\/hephaistoscprw3-300x254.png 300w, https:\/\/www.sf-germany.org\/einheiten\/uss-hephaistos\/wp-content\/uploads\/2016\/01\/hephaistoscprw3.png 388w\" sizes=\"(max-width: 300px) 100vw, 300px\" \/><\/a><\/p>\r\n<hr \/>\r\n<p>Die &#8222;Cassandra&#8220; oder &#8222;Cassy&#8220; ist ein romulanisches Shuttle der <a href=\"https:\/\/memory-beta.fandom.com\/de\/wiki\/Kestrel-Klasse\">Kestrel-Klasse<\/a>, das ins Inventar des Schiffes aufgenommen wurde. Regul\u00e4r ist sie im Shuttlehangar geparkt.<\/p>\r\n<h2>Beschreibung<\/h2>\r\n<p>F\u00fcr eine vollst\u00e4ndige technische Beschreibung siehe <a href=\"https:\/\/memory-beta.fandom.com\/de\/wiki\/Kestrel-Klasse\">https:\/\/memory-beta.fandom.com\/de\/wiki\/Kestrel-Klasse<\/a>.<\/p>\r\n<h3>Name<\/h3>\r\n<p>Der urspr\u00fcngliche Name des Schiffes lautete &#8222;Cassiopeia&#8220;, wurde aber fast immer als &#8222;Cassy&#8220; abgek\u00fcrzt. Das Schiff ging durch viele H\u00e4nde und irgenwann war der urspr\u00fcngliche Name vergessen. Nach einer grundlegenden Instandsetzung wurde es auf &#8222;Cassandra&#8220; getauft. (Nicht zu verwechseln mit der USS Cassandra, die bei Thassos zerst\u00f6rt wurde).<\/p>\r\n<h3>\u00c4u\u00dferes<\/h3>\r\n<p><a href=\"https:\/\/memory-alpha.fandom.com\/wiki\/Romulan_shuttle?file=Romulan_shuttle.jpg\">Bild 1 [Memory Alpha]<\/a> <a href=\"https:\/\/memory-beta.fandom.com\/wiki\/Kestrel_class_(runabout)?file=Kestrel_class_runabout.jpg\">Bild 2 [Memory Beta]<\/a><\/p>\r\n<p>Die Kestrel-Klasse ist eine seit l\u00e4ngerem eingestellte Baureihe der Romulaner. Das Schiff \u00e4hnelt den romulanischen Warbirds, nur ist es viel kleiner. An zwei Heckfl\u00fcgeln sind die Warpgondeln befestigt.<\/p>\r\n<p>Von den Abmessungen her ist es etwas gr\u00f6\u00dfer als die Danube, aber dabei viel bulliger, und die schmutzig-dunkelgr\u00fcne Farbe macht es nicht unbedingt h\u00fcbscher. Vorne an der Seite ist eine Plakette mit dem Namen &#8222;Cassandra&#8220; angebracht worden.<\/p>\r\n<h3>Inneres<\/h3>\r\n<p>Trotz der H\u00f6he von nur 6,50 Meter enth\u00e4lt das Schiff drei Decks. An dem schmalen Hauptgang liegen<br \/>links und rechts Kaj\u00fcten f\u00fcr bis zu 25 Mann. Auf dem Oberdeck gibt es weitere 10 Verschl\u00e4ge mit Doppelbett.<\/p>\r\n<h3>Technische Ausstattung<\/h3>\r\n<p>Die Cassy besitzt einen Warpantrieb und ist damit langstreckentauglich.<\/p>\r\n<p>Das Shuttle verf\u00fcgt wie alle romulanischen Schiffe \u00fcber eine Tarnvorrichtung, die jedoch wegen des Alters des Schiffes verschiedene heutzutage bekannte M\u00e4ngel aufweist. Man sollte sich also nicht zu sehr darauf verlassen.<\/p>\r\n<p>Im hinteren Bereich des Oberdecks befindet sich ein Schmugglerversteck, das gegenw\u00e4rtig zwei Kisten romulanisches Ale enth\u00e4lt. Nur Fabi und Emily wissen von diesem Versteck.<\/p>\r\n<h2>Besonderheiten<\/h2>\r\n<h3>Pers\u00f6nlichkeit<\/h3>\r\n<p><a href=\"https:\/\/www.sf-germany.org\/einheiten\/uss-hephaistos\/wp-content\/uploads\/Cassy_Panther_small.png\"><img loading=\"lazy\" decoding=\"async\" class=\"alignnone wp-image-7849\" src=\"https:\/\/www.sf-germany.org\/einheiten\/uss-hephaistos\/wp-content\/uploads\/Cassy_Panther_small-300x168.png\" alt=\"\" width=\"450\" height=\"252\" srcset=\"https:\/\/www.sf-germany.org\/einheiten\/uss-hephaistos\/wp-content\/uploads\/Cassy_Panther_small-300x168.png 300w, https:\/\/www.sf-germany.org\/einheiten\/uss-hephaistos\/wp-content\/uploads\/Cassy_Panther_small.png 800w\" sizes=\"auto, (max-width: 450px) 100vw, 450px\" \/><\/a>\u00a0<\/p>\r\n<p>Es gibt Indizien, dass die Cassy eine Art Pers\u00f6nlichkeit besitzt. Von den meisten werden diese Ansichten als Aberglaube abgetan, doch Fabi\u00e8n, der das Shuttle betreut, ist fest davon \u00fcberzeugt. Zum Beispiel funktionieren Bordsysteme besser oder schlechter, je nachdem wer das Shuttle fliegt.In der N\u00e4he des Schiffes sollte man sich besser nicht kritisch \u00fcber seinen Zustand \u00e4u\u00dfern. Ansonsten passiert es schnell, dass man sich die Hand in einer T\u00fcr quetscht, einem ein vergessener Schraubenschl\u00fcssel auf den Kopf f\u00e4llt oder \u00e4hnliches.<\/p>\r\n<p>Auch kann es vorkommen, dass man an Bord unerkl\u00e4rliche Ger\u00e4usche h\u00f6rt. Beispielsweise ein unverst\u00e4ndliches Fl\u00fcstern, ein zufriedenes Schnurren oder \u00e4hnliches.<\/p>\r\n<p>W\u00e4hrend der Zeit in Arcadia ist die &#8222;Cassy&#8220; in Form eines schwarzen Panthers in Erscheinung getreten. Zudem ist Fabi\u00e8n seit der R\u00fcckkehr in der Lage, eine schwarze Aura um das Shuttle zu erkennen, wie er sie sonst nur bei Lebewesen sieht.<\/p>\r\n<p>Bislang gibt es jedoch keine wissenschaftlichen Beweise, dass das nicht alles nur Einbildung ist.<\/p>\r\n<h3>Schwarze Kugel<\/h3>\r\n<p><img loading=\"lazy\" decoding=\"async\" class=\"alignnone wp-image-7850\" src=\"https:\/\/www.sf-germany.org\/einheiten\/uss-hephaistos\/wp-content\/uploads\/Cassy_Kugel_small.png\" alt=\"\" width=\"100\" height=\"99\" \/><\/p>\r\n<p>An Bord befindet sich eine schwarze Kugel \u00e4hnlich des &#8222;Magic 8-Ball&#8220; in einer Mulde im Cockpit. Wenn man sie sch\u00fcttelt und ihr eine Frage stellt, erscheint kurz darauf eine Antwort in einem kleinen Sichtfenster. Man kann sich einbilden, auf diese Weise mit dem Schiff zu kommunizieren. M\u00f6glicherweise sind die Antworten aber auch rein zufallsgesteuert.<\/p>\r\n<p>Eine Zeitlang zeigte sie bei jedem Sch\u00fctteln nur &#8222;13&#8220; an, woraufhin im Regelfall etwas unangenehmes passierte.<\/p>\r\n<p>Auf der R\u00fcckseite der Kugel ist der Name &#8222;Cassy&#8220; eingraviert, wodurch die Verbindung zum Schiff eindeutig belegt ist.<\/p>\r\n<hr \/>\r\n<p><strong>Posts<\/strong><\/p>\r\n<p>Die Cassandra spielt in folgenden RPG-Posts eine gr\u00f6\u00dfere Rolle:<\/p>\r\n<ul>\r\n<li><a href=\"https:\/\/groups.io\/g\/USS-Hephaistos\/message\/848\">848<\/a>, <a href=\"https:\/\/groups.io\/g\/USS-Hephaistos\/message\/857\">857<\/a>, <a href=\"https:\/\/groups.io\/g\/USS-Hephaistos\/message\/859\">859<\/a>, <a href=\"https:\/\/groups.io\/g\/USS-Hephaistos\/message\/861\">861<\/a> (Vorkommnisse w\u00e4hrend der Instandsetzung)<\/li>\r\n<li><a href=\"https:\/\/groups.io\/g\/USS-Hephaistos\/message\/1079\">1079<\/a>, <a href=\"https:\/\/groups.io\/g\/USS-Hephaistos\/message\/1082\">1082<\/a> (Unerkl\u00e4rliche Ph\u00e4nomene)<\/li>\r\n<li><a href=\"https:\/\/groups.io\/g\/USS-Hephaistos\/message\/1044\">1044<\/a> (Befragung der magischen Kugel)<\/li>\r\n<li><a href=\"https:\/\/groups.io\/g\/USS-Hephaistos\/message\/1238\">1238<\/a>, <a href=\"https:\/\/groups.io\/g\/USS-Hephaistos\/message\/1319\">1319<\/a> (Erscheinungsform als Panther)<\/li>\r\n<li><a href=\"https:\/\/groups.io\/g\/USS-Hephaistos\/message\/1303\">1303<\/a> (kleiner Einblick in die Geschichte des Shuttles)<\/li>\r\n<\/ul>\r\n","protected":false},"excerpt":{"rendered":"<p>Die &#8222;Cassandra&#8220; oder &#8222;Cassy&#8220; ist ein romulanisches Shuttle der Kestrel-Klasse, das ins Inventar des Schiffes aufgenommen wurde. Regul\u00e4r ist sie im Shuttlehangar geparkt. Beschreibung F\u00fcr eine vollst\u00e4ndige technische Beschreibung siehe https:\/\/memory-beta.fandom.com\/de\/wiki\/Kestrel-Klasse. Name Der urspr\u00fcngliche Name des Schiffes lautete &#8222;Cassiopeia&#8220;, wurde aber fast immer als &#8222;Cassy&#8220; abgek\u00fcrzt. Das Schiff ging durch viele H\u00e4nde und irgenwann war&#8230;<\/p>\n<p class=\"more-link-wrap\"><a href=\"https:\/\/www.sf-germany.org\/einheiten\/uss-hephaistos\/das-schiff\/shuttle-cassandra\/\" class=\"more-link\">Read More<span class=\"screen-reader-text\"> &ldquo;Shuttle &#8222;Cassandra&#8220;&rdquo;<\/span> &raquo;<\/a><\/p>\n","protected":false},"author":6,"featured_media":0,"parent":43,"menu_order":20,"comment_status":"closed","ping_status":"closed","template":"page-templates\/medium.php","meta":{"footnotes":""},"class_list":["post-7796","page","type-page","status-publish","hentry"],"_links":{"self":[{"href":"https:\/\/www.sf-germany.org\/einheiten\/uss-hephaistos\/wp-json\/wp\/v2\/pages\/7796","targetHints":{"allow":["GET"]}}],"collection":[{"href":"https:\/\/www.sf-germany.org\/einheiten\/uss-hephaistos\/wp-json\/wp\/v2\/pages"}],"about":[{"href":"https:\/\/www.sf-germany.org\/einheiten\/uss-hephaistos\/wp-json\/wp\/v2\/types\/page"}],"author":[{"embeddable":true,"href":"https:\/\/www.sf-germany.org\/einheiten\/uss-hephaistos\/wp-json\/wp\/v2\/users\/6"}],"replies":[{"embeddable":true,"href":"https:\/\/www.sf-germany.org\/einheiten\/uss-hephaistos\/wp-json\/wp\/v2\/comments?post=7796"}],"version-history":[{"count":9,"href":"https:\/\/www.sf-germany.org\/einheiten\/uss-hephaistos\/wp-json\/wp\/v2\/pages\/7796\/revisions"}],"predecessor-version":[{"id":8368,"href":"https:\/\/www.sf-germany.org\/einheiten\/uss-hephaistos\/wp-json\/wp\/v2\/pages\/7796\/revisions\/8368"}],"up":[{"embeddable":true,"href":"https:\/\/www.sf-germany.org\/einheiten\/uss-hephaistos\/wp-json\/wp\/v2\/pages\/43"}],"wp:attachment":[{"href":"https:\/\/www.sf-germany.org\/einheiten\/uss-hephaistos\/wp-json\/wp\/v2\/media?parent=7796"}],"curies":[{"name":"wp","href":"https:\/\/api.w.org\/{rel}","templated":true}]}}