{"id":7999,"date":"2024-03-06T13:13:35","date_gmt":"2024-03-06T12:13:35","guid":{"rendered":"https:\/\/www.sf-germany.org\/einheiten\/uss-hephaistos\/?page_id=7999"},"modified":"2024-03-06T13:16:16","modified_gmt":"2024-03-06T12:16:16","slug":"jaxon-bryn","status":"publish","type":"page","link":"https:\/\/www.sf-germany.org\/einheiten\/uss-hephaistos\/sektor\/uss-nemesis-ncc-7666\/jaxon-bryn\/","title":{"rendered":"Jaxon Bryn"},"content":{"rendered":"<div style=\"float: right; margin-left: 15px; margin-bottom: 15px; font-size: 11px; width: 350px; padding-left: 10px; padding-right: 10px;\">\n<p>\u200b<\/p>\n<table style=\"border: 0px solid #003366; background: transparent; box-shadow: rgba(255, 255, 255, 0.75) 0.1em 0.1em 0.5em; border-radius: 1em; width: 100%; height: 850px;\" border=\"3\" cellspacing=\"10\" align=\"right\">\n<tbody>\n<tr style=\"height: 16px;\">\n<td style=\"font-weight: bold; border: 0px solid transparent; width: 100%; height: 16px;\" colspan=\"2\" align=\"center\"><\/td>\n<\/tr>\n<tr style=\"height: 304px;\">\n<td style=\"background: transparent; border: 0px solid transparent; width: 100%; height: 304px;\" colspan=\"2\" align=\"center\"><img loading=\"lazy\" decoding=\"async\" class=\"alignnone size-medium wp-image-8000\" src=\"https:\/\/www.sf-germany.org\/einheiten\/uss-hephaistos\/wp-content\/uploads\/Jaxon-Bryn-300x300.png\" alt=\"\" width=\"300\" height=\"300\" srcset=\"https:\/\/www.sf-germany.org\/einheiten\/uss-hephaistos\/wp-content\/uploads\/Jaxon-Bryn-300x300.png 300w, https:\/\/www.sf-germany.org\/einheiten\/uss-hephaistos\/wp-content\/uploads\/Jaxon-Bryn-150x150.png 150w, https:\/\/www.sf-germany.org\/einheiten\/uss-hephaistos\/wp-content\/uploads\/Jaxon-Bryn.png 1024w\" sizes=\"auto, (max-width: 300px) 100vw, 300px\" \/><\/td>\n<\/tr>\n<tr style=\"height: 16px;\">\n<td style=\"font-weight: bold; border: 0px solid transparent; width: 100%; height: 16px;\" colspan=\"2\" align=\"center\"><b>Charaktername <\/b>Jaxon Bryn<\/td>\n<\/tr>\n<tr style=\"height: 16px;\">\n<td style=\"font-weight: bold; border: 0px solid transparent; width: 48%; height: 16px;\" align=\"right\" width=\"50%\">Status<\/td>\n<td style=\"border: 0px solid transparent; width: 52%; height: 16px;\" align=\"left\" width=\"50%\">NPC<\/td>\n<\/tr>\n<tr style=\"height: 16px;\">\n<td style=\"font-weight: bold; border: 0px solid transparent; width: 48%; height: 16px;\" align=\"right\" width=\"50%\">Spieler<\/td>\n<td style=\"border: 0px solid transparent; width: 52%; height: 16px;\" align=\"left\" width=\"50%\">Debora<\/td>\n<\/tr>\n<tr style=\"height: 16px;\">\n<td style=\"font-weight: bold; border: 0px solid #003366; background: #555555; box-shadow: rgba(255, 255, 255, 0.75) 0.1em 0.1em 0.5em; border-radius: 1em; width: 100%; height: 16px;\" colspan=\"2\" align=\"center\">Dienstliche Informationen<\/td>\n<\/tr>\n<tr style=\"height: 29px;\">\n<td style=\"font-weight: bold; border: 0px solid transparent; width: 48%; height: 29px;\" align=\"right\" width=\"50%\">Ranggrafik<\/td>\n<td style=\"border: 0px solid transparent; width: 52%; height: 29px;\" align=\"left\" width=\"50%\"><img decoding=\"async\" src=\"https:\/\/www.sf-germany.com\/images\/schemata\/sto\/blau\/lt.png\" \/><\/td>\n<\/tr>\n<tr style=\"height: 16px;\">\n<td style=\"font-weight: bold; border: 0px solid transparent; width: 48%; height: 16px;\" align=\"right\" width=\"50%\">Rang<\/td>\n<td style=\"border: 0px solid transparent; width: 52%; height: 16px;\" align=\"left\" width=\"50%\">Lieutenant Senior Grade<\/td>\n<\/tr>\n<tr style=\"height: 16px;\">\n<td style=\"font-weight: bold; border: 0px solid transparent; width: 48%; height: 16px;\" align=\"right\" width=\"50%\">Posten<\/td>\n<td style=\"border: 0px solid transparent; width: 52%; height: 16px;\" align=\"left\" width=\"50%\">stlv. CM \/ CNS<\/td>\n<\/tr>\n<tr style=\"height: 16px;\">\n<td style=\"font-weight: bold; border: 0px solid transparent; width: 48%; height: 16px;\" align=\"right\" width=\"50%\">Stationierung<\/td>\n<td style=\"border: 0px solid transparent; width: 52%; height: 16px;\" align=\"left\" width=\"50%\">USS Nemesis<\/td>\n<\/tr>\n<tr style=\"height: 16px;\">\n<td style=\"font-weight: bold; border: 0px solid #003366; background: #555555; box-shadow: rgba(255, 255, 255, 0.75) 0.1em 0.1em 0.5em; border-radius: 1em; width: 100%; height: 16px;\" colspan=\"2\" align=\"center\">Physische Beschreibung<\/td>\n<\/tr>\n<tr style=\"height: 16px;\">\n<td style=\"font-weight: bold; border: 0px solid transparent; width: 48%; height: 16px;\" align=\"right\" width=\"50%\">Spezies<\/td>\n<td style=\"border: 0px solid transparent; width: 52%; height: 16px;\" align=\"left\" width=\"50%\">Trill (vereinigt)<\/td>\n<\/tr>\n<tr style=\"height: 16px;\">\n<td style=\"font-weight: bold; border: 0px solid transparent; width: 48%; height: 16px;\" align=\"right\" width=\"50%\">Geschlecht<\/td>\n<td style=\"border: 0px solid transparent; width: 52%; height: 16px;\" align=\"left\" width=\"50%\">M\u00e4nnlich<\/td>\n<\/tr>\n<tr style=\"height: 16px;\">\n<td style=\"font-weight: bold; border: 0px solid transparent; width: 48%; height: 16px;\" align=\"right\" width=\"50%\">Gr\u00f6\u00dfe<\/td>\n<td style=\"border: 0px solid transparent; width: 52%; height: 16px;\" align=\"left\" width=\"50%\">\u00a0182 cm<\/td>\n<\/tr>\n<tr style=\"height: 16px;\">\n<td style=\"font-weight: bold; border: 0px solid transparent; width: 48%; height: 16px;\" align=\"right\" width=\"50%\">Gewicht<\/td>\n<td style=\"border: 0px solid transparent; width: 52%; height: 16px;\" align=\"left\" width=\"50%\">\u00a078 kg<\/td>\n<\/tr>\n<tr style=\"height: 33px;\">\n<td style=\"font-weight: bold; border: 0px solid transparent; width: 48%; height: 33px;\" align=\"right\" width=\"50%\">Hautfarbe<\/td>\n<td style=\"border: 0px solid transparent; width: 52%; height: 33px;\" align=\"left\" width=\"50%\">hell mit Trillflecken<\/td>\n<\/tr>\n<tr style=\"height: 16px;\">\n<td style=\"font-weight: bold; border: 0px solid transparent; width: 48%; height: 16px;\" align=\"right\" width=\"50%\">Haarfarbe<\/td>\n<td style=\"border: 0px solid transparent; width: 52%; height: 16px;\" align=\"left\" width=\"50%\">hellbraun<\/td>\n<\/tr>\n<tr style=\"height: 16px;\">\n<td style=\"font-weight: bold; border: 0px solid transparent; width: 48%; height: 16px;\" align=\"right\" width=\"50%\">Augenfarbe<\/td>\n<td style=\"border: 0px solid transparent; width: 52%; height: 16px;\" align=\"left\" width=\"50%\">grau<\/td>\n<\/tr>\n<tr style=\"height: 16px;\">\n<td style=\"font-weight: bold; border: 0px solid #003366; background: #555555; box-shadow: rgba(255, 255, 255, 0.75) 0.1em 0.1em 0.5em; border-radius: 1em; width: 100%; height: 16px;\" colspan=\"2\" align=\"center\">Biographische Informationen<\/td>\n<\/tr>\n<tr style=\"height: 16px;\">\n<td style=\"font-weight: bold; border: 0px solid transparent; width: 48%; height: 16px;\" align=\"right\" width=\"50%\">Geburtsort<\/td>\n<td style=\"border: 0px solid transparent; width: 52%; height: 16px;\" align=\"left\" width=\"50%\">Trill<\/td>\n<\/tr>\n<tr style=\"height: 16px;\">\n<td style=\"font-weight: bold; border: 0px solid transparent; width: 48%; height: 16px;\" align=\"right\" width=\"50%\">Geburtstag<\/td>\n<td style=\"border: 0px solid transparent; width: 52%; height: 16px;\" align=\"left\" width=\"50%\">10.03.2386<\/td>\n<\/tr>\n<tr style=\"height: 16px;\">\n<td style=\"font-weight: bold; border: 0px solid transparent; width: 48%; height: 16px;\" align=\"right\" width=\"50%\">Familienstand<\/td>\n<td style=\"border: 0px solid transparent; width: 52%; height: 16px;\" align=\"left\" width=\"50%\">ledig<\/td>\n<\/tr>\n<tr style=\"height: 132px;\">\n<td style=\"font-weight: bold; border: 0px solid transparent; width: 48%; height: 132px;\" align=\"right\" width=\"50%\">Familie<\/td>\n<td style=\"border: 0px solid transparent; width: 52%; height: 132px;\" align=\"left\" width=\"50%\">Vater:\u00a0 Meral Flars<br \/>\nMutter:\u00a0 Rawina Flars<br \/>\nBruder: Shamon Flars (3 Jahre \u00e4lter)<\/td>\n<\/tr>\n<tr style=\"height: 16px;\">\n<td style=\"font-weight: bold; border: 0px solid transparent; width: 48%; height: 16px;\" align=\"right\" width=\"50%\">Religion<\/td>\n<td style=\"border: 0px solid transparent; width: 52%; height: 16px;\" align=\"left\" width=\"50%\">Trill<\/td>\n<\/tr>\n<tr style=\"height: 16px;\">\n<td style=\"font-weight: bold; border: 0px solid #003366; background: #555555; box-shadow: rgba(255, 255, 255, 0.75) 0.1em 0.1em 0.5em; border-radius: 1em; width: 100%; height: 16px;\" colspan=\"2\" align=\"center\">Politische informationen<\/td>\n<\/tr>\n<tr style=\"height: 16px;\">\n<td style=\"font-weight: bold; border: 0px solid transparent; width: 48%; height: 16px;\" align=\"right\" width=\"50%\">Buergerschaft<\/td>\n<td style=\"border: 0px solid transparent; width: 52%; height: 16px;\" align=\"left\" width=\"50%\">F\u00f6derationsb\u00fcrger<\/td>\n<\/tr>\n<\/tbody>\n<\/table>\n<\/div>\n<p><strong><span style=\"font-size: 24pt;\">Lebenslauf<\/span><\/strong><\/p>\n<p>&nbsp;<\/p>\n<hr align=\"left\" width=\"60%\" \/>\n<p><span style=\"font-size: 24pt;\"><strong>Psychologisches Profil<\/strong><\/span><\/p>\n<p>&nbsp;<\/p>\n<hr align=\"left\" width=\"60%\" \/>\n<p><strong><span style=\"font-size: 24pt;\">Spezialgebiete<\/span><\/strong><\/p>\n<p>&nbsp;<\/p>\n<hr align=\"left\" width=\"60%\" \/>\n<p><strong><span style=\"font-size: 24pt;\">Hobbies<\/span><\/strong><\/p>\n<ul>\n<li><\/li>\n<\/ul>\n<hr align=\"left\" width=\"60%\" \/>\n<p><strong><span style=\"font-size: 24pt;\">Medizinisches Profil<\/span><\/strong><\/p>\n<p><strong>Krankheiten &amp; Gesundheit:<\/strong><\/p>\n<p>&nbsp;<\/p>\n<hr align=\"left\" width=\"60%\" \/>\n<p><strong><span style=\"font-size: 24pt;\">Klassifzierte Sektion<\/span><\/strong><\/p>\n<p>&nbsp;<\/p>\n","protected":false},"excerpt":{"rendered":"<p>\u200b Charaktername Jaxon Bryn Status NPC Spieler Debora Dienstliche Informationen Ranggrafik Rang Lieutenant Senior Grade Posten stlv. CM \/ CNS Stationierung USS Nemesis Physische Beschreibung Spezies Trill (vereinigt) Geschlecht M\u00e4nnlich Gr\u00f6\u00dfe \u00a0182 cm Gewicht \u00a078 kg Hautfarbe hell mit Trillflecken Haarfarbe hellbraun Augenfarbe grau Biographische Informationen Geburtsort Trill Geburtstag 10.03.2386 Familienstand ledig Familie Vater:\u00a0 Meral&#8230;<\/p>\n<p class=\"more-link-wrap\"><a href=\"https:\/\/www.sf-germany.org\/einheiten\/uss-hephaistos\/sektor\/uss-nemesis-ncc-7666\/jaxon-bryn\/\" class=\"more-link\">Read More<span class=\"screen-reader-text\"> &ldquo;Jaxon Bryn&rdquo;<\/span> &raquo;<\/a><\/p>\n","protected":false},"author":2,"featured_media":0,"parent":7662,"menu_order":2,"comment_status":"closed","ping_status":"closed","template":"page-templates\/medium.php","meta":{"footnotes":""},"class_list":["post-7999","page","type-page","status-publish","hentry"],"_links":{"self":[{"href":"https:\/\/www.sf-germany.org\/einheiten\/uss-hephaistos\/wp-json\/wp\/v2\/pages\/7999","targetHints":{"allow":["GET"]}}],"collection":[{"href":"https:\/\/www.sf-germany.org\/einheiten\/uss-hephaistos\/wp-json\/wp\/v2\/pages"}],"about":[{"href":"https:\/\/www.sf-germany.org\/einheiten\/uss-hephaistos\/wp-json\/wp\/v2\/types\/page"}],"author":[{"embeddable":true,"href":"https:\/\/www.sf-germany.org\/einheiten\/uss-hephaistos\/wp-json\/wp\/v2\/users\/2"}],"replies":[{"embeddable":true,"href":"https:\/\/www.sf-germany.org\/einheiten\/uss-hephaistos\/wp-json\/wp\/v2\/comments?post=7999"}],"version-history":[{"count":3,"href":"https:\/\/www.sf-germany.org\/einheiten\/uss-hephaistos\/wp-json\/wp\/v2\/pages\/7999\/revisions"}],"predecessor-version":[{"id":8004,"href":"https:\/\/www.sf-germany.org\/einheiten\/uss-hephaistos\/wp-json\/wp\/v2\/pages\/7999\/revisions\/8004"}],"up":[{"embeddable":true,"href":"https:\/\/www.sf-germany.org\/einheiten\/uss-hephaistos\/wp-json\/wp\/v2\/pages\/7662"}],"wp:attachment":[{"href":"https:\/\/www.sf-germany.org\/einheiten\/uss-hephaistos\/wp-json\/wp\/v2\/media?parent=7999"}],"curies":[{"name":"wp","href":"https:\/\/api.w.org\/{rel}","templated":true}]}}