{"id":8005,"date":"2024-03-06T14:25:01","date_gmt":"2024-03-06T13:25:01","guid":{"rendered":"https:\/\/www.sf-germany.org\/einheiten\/uss-hephaistos\/?page_id=8005"},"modified":"2024-03-06T15:41:32","modified_gmt":"2024-03-06T14:41:32","slug":"vtaila","status":"publish","type":"page","link":"https:\/\/www.sf-germany.org\/einheiten\/uss-hephaistos\/sektor\/uss-nemesis-ncc-7666\/vtaila\/","title":{"rendered":"V&#8217;Taila"},"content":{"rendered":"<div style=\"float: right; margin-left: 15px; margin-bottom: 15px; font-size: 11px; width: 350px; padding-left: 10px; padding-right: 10px;\">\n<p>\u200b<\/p>\n<table style=\"border: 0px solid #003366; background: transparent; box-shadow: rgba(255, 255, 255, 0.75) 0.1em 0.1em 0.5em; border-radius: 1em; width: 100%; height: 850px;\" border=\"3\" cellspacing=\"10\" align=\"right\">\n<tbody>\n<tr style=\"height: 16px;\">\n<td style=\"font-weight: bold; border: 0px solid transparent; width: 100%; height: 16px;\" colspan=\"2\" align=\"center\"><\/td>\n<\/tr>\n<tr style=\"height: 304px;\">\n<td style=\"background: transparent; border: 0px solid transparent; width: 100%; height: 304px;\" colspan=\"2\" align=\"center\"><img loading=\"lazy\" decoding=\"async\" class=\"alignnone size-medium wp-image-8021\" src=\"https:\/\/www.sf-germany.org\/einheiten\/uss-hephaistos\/wp-content\/uploads\/Vtaila-1-218x300.png\" alt=\"\" width=\"218\" height=\"300\" srcset=\"https:\/\/www.sf-germany.org\/einheiten\/uss-hephaistos\/wp-content\/uploads\/Vtaila-1-218x300.png 218w, https:\/\/www.sf-germany.org\/einheiten\/uss-hephaistos\/wp-content\/uploads\/Vtaila-1.png 512w\" sizes=\"auto, (max-width: 218px) 100vw, 218px\" \/><\/td>\n<\/tr>\n<tr style=\"height: 16px;\">\n<td style=\"font-weight: bold; border: 0px solid transparent; width: 100%; height: 16px;\" colspan=\"2\" align=\"center\"><b>Charaktername <\/b>V&#8217;taila<\/td>\n<\/tr>\n<tr style=\"height: 16px;\">\n<td style=\"font-weight: bold; border: 0px solid transparent; width: 48%; height: 16px;\" align=\"right\" width=\"50%\">Status<\/td>\n<td style=\"border: 0px solid transparent; width: 52%; height: 16px;\" align=\"left\" width=\"50%\">NPC<\/td>\n<\/tr>\n<tr style=\"height: 16px;\">\n<td style=\"font-weight: bold; border: 0px solid transparent; width: 48%; height: 16px;\" align=\"right\" width=\"50%\">Spieler<\/td>\n<td style=\"border: 0px solid transparent; width: 52%; height: 16px;\" align=\"left\" width=\"50%\">Debora<\/td>\n<\/tr>\n<tr style=\"height: 16px;\">\n<td style=\"font-weight: bold; border: 0px solid #003366; background: #555555; box-shadow: rgba(255, 255, 255, 0.75) 0.1em 0.1em 0.5em; border-radius: 1em; width: 100%; height: 16px;\" colspan=\"2\" align=\"center\">Dienstliche Informationen<\/td>\n<\/tr>\n<tr style=\"height: 29px;\">\n<td style=\"font-weight: bold; border: 0px solid transparent; width: 48%; height: 29px;\" align=\"right\" width=\"50%\">Ranggrafik<\/td>\n<td style=\"border: 0px solid transparent; width: 52%; height: 29px;\" align=\"left\" width=\"50%\"><img decoding=\"async\" src=\"https:\/\/images-ext-1.discordapp.net\/external\/j2SwyvI7VVVHgjoBqVpmjtphg5dUmp3DDBaM0NTvLi4\/https\/www.sf-germany.com\/images\/schemata\/sto\/gelb\/ltcmdr.png?format=webp&amp;quality=lossless\" \/><\/td>\n<\/tr>\n<tr style=\"height: 16px;\">\n<td style=\"font-weight: bold; border: 0px solid transparent; width: 48%; height: 16px;\" align=\"right\" width=\"50%\">Rang<\/td>\n<td style=\"border: 0px solid transparent; width: 52%; height: 16px;\" align=\"left\" width=\"50%\">Lieutenant Commander<\/td>\n<\/tr>\n<tr style=\"height: 16px;\">\n<td style=\"font-weight: bold; border: 0px solid transparent; width: 48%; height: 16px;\" align=\"right\" width=\"50%\">Posten<\/td>\n<td style=\"border: 0px solid transparent; width: 52%; height: 16px;\" align=\"left\" width=\"50%\">2O \/ OPS<\/td>\n<\/tr>\n<tr style=\"height: 16px;\">\n<td style=\"font-weight: bold; border: 0px solid transparent; width: 48%; height: 16px;\" align=\"right\" width=\"50%\">Stationierung<\/td>\n<td style=\"border: 0px solid transparent; width: 52%; height: 16px;\" align=\"left\" width=\"50%\">USS Nemesis<\/td>\n<\/tr>\n<tr style=\"height: 16px;\">\n<td style=\"font-weight: bold; border: 0px solid #003366; background: #555555; box-shadow: rgba(255, 255, 255, 0.75) 0.1em 0.1em 0.5em; border-radius: 1em; width: 100%; height: 16px;\" colspan=\"2\" align=\"center\">Physische Beschreibung<\/td>\n<\/tr>\n<tr style=\"height: 16px;\">\n<td style=\"font-weight: bold; border: 0px solid transparent; width: 48%; height: 16px;\" align=\"right\" width=\"50%\">Spezies<\/td>\n<td style=\"border: 0px solid transparent; width: 52%; height: 16px;\" align=\"left\" width=\"50%\">Vulkanier<\/td>\n<\/tr>\n<tr style=\"height: 16px;\">\n<td style=\"font-weight: bold; border: 0px solid transparent; width: 48%; height: 16px;\" align=\"right\" width=\"50%\">Geschlecht<\/td>\n<td style=\"border: 0px solid transparent; width: 52%; height: 16px;\" align=\"left\" width=\"50%\">M\u00e4nnlich<\/td>\n<\/tr>\n<tr style=\"height: 16px;\">\n<td style=\"font-weight: bold; border: 0px solid transparent; width: 48%; height: 16px;\" align=\"right\" width=\"50%\">Gr\u00f6\u00dfe<\/td>\n<td style=\"border: 0px solid transparent; width: 52%; height: 16px;\" align=\"left\" width=\"50%\">\u00a0185 cm<\/td>\n<\/tr>\n<tr style=\"height: 16px;\">\n<td style=\"font-weight: bold; border: 0px solid transparent; width: 48%; height: 16px;\" align=\"right\" width=\"50%\">Gewicht<\/td>\n<td style=\"border: 0px solid transparent; width: 52%; height: 16px;\" align=\"left\" width=\"50%\">\u00a080 kg<\/td>\n<\/tr>\n<tr style=\"height: 33px;\">\n<td style=\"font-weight: bold; border: 0px solid transparent; width: 48%; height: 33px;\" align=\"right\" width=\"50%\">Hautfarbe<\/td>\n<td style=\"border: 0px solid transparent; width: 52%; height: 33px;\" align=\"left\" width=\"50%\">hell<\/td>\n<\/tr>\n<tr style=\"height: 16px;\">\n<td style=\"font-weight: bold; border: 0px solid transparent; width: 48%; height: 16px;\" align=\"right\" width=\"50%\">Haarfarbe<\/td>\n<td style=\"border: 0px solid transparent; width: 52%; height: 16px;\" align=\"left\" width=\"50%\">dunkelbraun<\/td>\n<\/tr>\n<tr style=\"height: 16px;\">\n<td style=\"font-weight: bold; border: 0px solid transparent; width: 48%; height: 16px;\" align=\"right\" width=\"50%\">Augenfarbe<\/td>\n<td style=\"border: 0px solid transparent; width: 52%; height: 16px;\" align=\"left\" width=\"50%\">halsenuss<\/td>\n<\/tr>\n<tr style=\"height: 16px;\">\n<td style=\"font-weight: bold; border: 0px solid #003366; background: #555555; box-shadow: rgba(255, 255, 255, 0.75) 0.1em 0.1em 0.5em; border-radius: 1em; width: 100%; height: 16px;\" colspan=\"2\" align=\"center\">Biographische Informationen<\/td>\n<\/tr>\n<tr style=\"height: 16px;\">\n<td style=\"font-weight: bold; border: 0px solid transparent; width: 48%; height: 16px;\" align=\"right\" width=\"50%\">Geburtsort<\/td>\n<td style=\"border: 0px solid transparent; width: 52%; height: 16px;\" align=\"left\" width=\"50%\">Vulkan<\/td>\n<\/tr>\n<tr style=\"height: 16px;\">\n<td style=\"font-weight: bold; border: 0px solid transparent; width: 48%; height: 16px;\" align=\"right\" width=\"50%\">Geburtstag<\/td>\n<td style=\"border: 0px solid transparent; width: 52%; height: 16px;\" align=\"left\" width=\"50%\">21.06.2470<\/td>\n<\/tr>\n<tr style=\"height: 16px;\">\n<td style=\"font-weight: bold; border: 0px solid transparent; width: 48%; height: 16px;\" align=\"right\" width=\"50%\">Familienstand<\/td>\n<td style=\"border: 0px solid transparent; width: 52%; height: 16px;\" align=\"left\" width=\"50%\">ledig<\/td>\n<\/tr>\n<tr style=\"height: 132px;\">\n<td style=\"font-weight: bold; border: 0px solid transparent; width: 48%; height: 132px;\" align=\"right\" width=\"50%\">Familie<\/td>\n<td style=\"border: 0px solid transparent; width: 52%; height: 132px;\" align=\"left\" width=\"50%\">Vater:\u00a0 K&#8217;tor<br \/>\nMutter:\u00a0 T&#8217;vera<\/td>\n<\/tr>\n<tr style=\"height: 16px;\">\n<td style=\"font-weight: bold; border: 0px solid transparent; width: 48%; height: 16px;\" align=\"right\" width=\"50%\">Religion<\/td>\n<td style=\"border: 0px solid transparent; width: 52%; height: 16px;\" align=\"left\" width=\"50%\">&#8211;<\/td>\n<\/tr>\n<tr style=\"height: 16px;\">\n<td style=\"font-weight: bold; border: 0px solid #003366; background: #555555; box-shadow: rgba(255, 255, 255, 0.75) 0.1em 0.1em 0.5em; border-radius: 1em; width: 100%; height: 16px;\" colspan=\"2\" align=\"center\">Politische informationen<\/td>\n<\/tr>\n<tr style=\"height: 16px;\">\n<td style=\"font-weight: bold; border: 0px solid transparent; width: 48%; height: 16px;\" align=\"right\" width=\"50%\">Buergerschaft<\/td>\n<td style=\"border: 0px solid transparent; width: 52%; height: 16px;\" align=\"left\" width=\"50%\">F\u00f6derationsb\u00fcrger<\/td>\n<\/tr>\n<\/tbody>\n<\/table>\n<\/div>\n<p><strong><span style=\"font-size: 24pt;\">Lebenslauf<\/span><\/strong><\/p>\n<p>&nbsp;<\/p>\n<hr align=\"left\" width=\"60%\" \/>\n<p><span style=\"font-size: 24pt;\"><strong>Psychologisches Profil<\/strong><\/span><\/p>\n<p>&nbsp;<\/p>\n<hr align=\"left\" width=\"60%\" \/>\n<p><strong><span style=\"font-size: 24pt;\">Spezialgebiete<\/span><\/strong><\/p>\n<p>&nbsp;<\/p>\n<hr align=\"left\" width=\"60%\" \/>\n<p><strong><span style=\"font-size: 24pt;\">Hobbies<\/span><\/strong><\/p>\n<ul>\n<li><\/li>\n<\/ul>\n<hr align=\"left\" width=\"60%\" \/>\n<p><strong><span style=\"font-size: 24pt;\">Medizinisches Profil<\/span><\/strong><\/p>\n<p><strong>Krankheiten &amp; Gesundheit:<\/strong><\/p>\n<p>&nbsp;<\/p>\n<hr align=\"left\" width=\"60%\" \/>\n<p><strong><span style=\"font-size: 24pt;\">Klassifzierte Sektion<\/span><\/strong><\/p>\n<p>&nbsp;<\/p>\n","protected":false},"excerpt":{"rendered":"<p>\u200b Charaktername V&#8217;taila Status NPC Spieler Debora Dienstliche Informationen Ranggrafik Rang Lieutenant Commander Posten 2O \/ OPS Stationierung USS Nemesis Physische Beschreibung Spezies Vulkanier Geschlecht M\u00e4nnlich Gr\u00f6\u00dfe \u00a0185 cm Gewicht \u00a080 kg Hautfarbe hell Haarfarbe dunkelbraun Augenfarbe halsenuss Biographische Informationen Geburtsort Vulkan Geburtstag 21.06.2470 Familienstand ledig Familie Vater:\u00a0 K&#8217;tor Mutter:\u00a0 T&#8217;vera Religion &#8211; Politische informationen&#8230;<\/p>\n<p class=\"more-link-wrap\"><a href=\"https:\/\/www.sf-germany.org\/einheiten\/uss-hephaistos\/sektor\/uss-nemesis-ncc-7666\/vtaila\/\" class=\"more-link\">Read More<span class=\"screen-reader-text\"> &ldquo;V&#8217;Taila&rdquo;<\/span> &raquo;<\/a><\/p>\n","protected":false},"author":2,"featured_media":0,"parent":7662,"menu_order":2,"comment_status":"closed","ping_status":"closed","template":"page-templates\/medium.php","meta":{"footnotes":""},"class_list":["post-8005","page","type-page","status-publish","hentry"],"_links":{"self":[{"href":"https:\/\/www.sf-germany.org\/einheiten\/uss-hephaistos\/wp-json\/wp\/v2\/pages\/8005","targetHints":{"allow":["GET"]}}],"collection":[{"href":"https:\/\/www.sf-germany.org\/einheiten\/uss-hephaistos\/wp-json\/wp\/v2\/pages"}],"about":[{"href":"https:\/\/www.sf-germany.org\/einheiten\/uss-hephaistos\/wp-json\/wp\/v2\/types\/page"}],"author":[{"embeddable":true,"href":"https:\/\/www.sf-germany.org\/einheiten\/uss-hephaistos\/wp-json\/wp\/v2\/users\/2"}],"replies":[{"embeddable":true,"href":"https:\/\/www.sf-germany.org\/einheiten\/uss-hephaistos\/wp-json\/wp\/v2\/comments?post=8005"}],"version-history":[{"count":5,"href":"https:\/\/www.sf-germany.org\/einheiten\/uss-hephaistos\/wp-json\/wp\/v2\/pages\/8005\/revisions"}],"predecessor-version":[{"id":8026,"href":"https:\/\/www.sf-germany.org\/einheiten\/uss-hephaistos\/wp-json\/wp\/v2\/pages\/8005\/revisions\/8026"}],"up":[{"embeddable":true,"href":"https:\/\/www.sf-germany.org\/einheiten\/uss-hephaistos\/wp-json\/wp\/v2\/pages\/7662"}],"wp:attachment":[{"href":"https:\/\/www.sf-germany.org\/einheiten\/uss-hephaistos\/wp-json\/wp\/v2\/media?parent=8005"}],"curies":[{"name":"wp","href":"https:\/\/api.w.org\/{rel}","templated":true}]}}