{"id":8038,"date":"2024-03-06T22:31:45","date_gmt":"2024-03-06T21:31:45","guid":{"rendered":"https:\/\/www.sf-germany.org\/einheiten\/uss-hephaistos\/?page_id=8038"},"modified":"2024-03-06T22:31:45","modified_gmt":"2024-03-06T21:31:45","slug":"lurdon-urdan","status":"publish","type":"page","link":"https:\/\/www.sf-germany.org\/einheiten\/uss-hephaistos\/sektor\/uss-nemesis-ncc-7666\/lurdon-urdan\/","title":{"rendered":"Lurdon Urdan"},"content":{"rendered":"<div style=\"float: right; margin-left: 15px; margin-bottom: 15px; font-size: 11px; width: 350px; padding-left: 10px; padding-right: 10px;\">\n<p>\u200b<\/p>\n<table style=\"border: 0px solid #003366; background: transparent; box-shadow: rgba(255, 255, 255, 0.75) 0.1em 0.1em 0.5em; border-radius: 1em; width: 100.857%; height: 850px;\" border=\"3\" cellspacing=\"10\" align=\"right\">\n<tbody>\n<tr style=\"height: 16px;\">\n<td style=\"font-weight: bold; border: 0px solid transparent; width: 100.857%; height: 16px;\" colspan=\"2\" align=\"center\"><\/td>\n<\/tr>\n<tr style=\"height: 304px;\">\n<td style=\"background: transparent; border: 0px solid transparent; width: 100.857%; height: 304px;\" colspan=\"2\" align=\"center\"><img loading=\"lazy\" decoding=\"async\" class=\"alignnone  wp-image-8039\" src=\"https:\/\/www.sf-germany.org\/einheiten\/uss-hephaistos\/wp-content\/uploads\/star-trek-officer-male-andorian-25-years-old-blue-skin-whilte-hair-black-eyes-photo-realistic-218x300.png\" alt=\"\" width=\"235\" height=\"323\" srcset=\"https:\/\/www.sf-germany.org\/einheiten\/uss-hephaistos\/wp-content\/uploads\/star-trek-officer-male-andorian-25-years-old-blue-skin-whilte-hair-black-eyes-photo-realistic-218x300.png 218w, https:\/\/www.sf-germany.org\/einheiten\/uss-hephaistos\/wp-content\/uploads\/star-trek-officer-male-andorian-25-years-old-blue-skin-whilte-hair-black-eyes-photo-realistic.png 512w\" sizes=\"auto, (max-width: 235px) 100vw, 235px\" \/><\/td>\n<\/tr>\n<tr style=\"height: 16px;\">\n<td style=\"font-weight: bold; border: 0px solid transparent; width: 100.857%; height: 16px;\" colspan=\"2\" align=\"center\"><b>Charaktername Lurdon Urdan<\/b><\/td>\n<\/tr>\n<tr style=\"height: 16px;\">\n<td style=\"font-weight: bold; border: 0px solid transparent; width: 48%; height: 16px;\" align=\"right\" width=\"50%\">Status<\/td>\n<td style=\"border: 0px solid transparent; width: 52.8571%; height: 16px;\" align=\"left\" width=\"50%\">NPC<\/td>\n<\/tr>\n<tr style=\"height: 16px;\">\n<td style=\"font-weight: bold; border: 0px solid transparent; width: 48%; height: 16px;\" align=\"right\" width=\"50%\">Spieler<\/td>\n<td style=\"border: 0px solid transparent; width: 52.8571%; height: 16px;\" align=\"left\" width=\"50%\">Debora<\/td>\n<\/tr>\n<tr style=\"height: 16px;\">\n<td style=\"font-weight: bold; border: 0px solid #003366; background: #555555; box-shadow: rgba(255, 255, 255, 0.75) 0.1em 0.1em 0.5em; border-radius: 1em; width: 100.857%; height: 16px;\" colspan=\"2\" align=\"center\">Dienstliche Informationen<\/td>\n<\/tr>\n<tr style=\"height: 29px;\">\n<td style=\"font-weight: bold; border: 0px solid transparent; width: 48%; height: 29px;\" align=\"right\" width=\"50%\">Ranggrafik<\/td>\n<td style=\"border: 0px solid transparent; width: 52.8571%; height: 29px;\" align=\"left\" width=\"50%\"><img decoding=\"async\" src=\"https:\/\/www.sf-germany.com\/images\/schemata\/sto\/gelb\/ltjg.png\" \/><\/td>\n<\/tr>\n<tr style=\"height: 16px;\">\n<td style=\"font-weight: bold; border: 0px solid transparent; width: 48%; height: 16px;\" align=\"right\" width=\"50%\">Rang<\/td>\n<td style=\"border: 0px solid transparent; width: 52.8571%; height: 16px;\" align=\"left\" width=\"50%\">Lieutenant Junior Grade<\/td>\n<\/tr>\n<tr style=\"height: 16px;\">\n<td style=\"font-weight: bold; border: 0px solid transparent; width: 48%; height: 16px;\" align=\"right\" width=\"50%\">Posten<\/td>\n<td style=\"border: 0px solid transparent; width: 52.8571%; height: 16px;\" align=\"left\" width=\"50%\">CSO<\/td>\n<\/tr>\n<tr style=\"height: 16px;\">\n<td style=\"font-weight: bold; border: 0px solid transparent; width: 48%; height: 16px;\" align=\"right\" width=\"50%\">Stationierung<\/td>\n<td style=\"border: 0px solid transparent; width: 52.8571%; height: 16px;\" align=\"left\" width=\"50%\">USS Nemesis<\/td>\n<\/tr>\n<tr style=\"height: 16px;\">\n<td style=\"font-weight: bold; border: 0px solid #003366; background: #555555; box-shadow: rgba(255, 255, 255, 0.75) 0.1em 0.1em 0.5em; border-radius: 1em; width: 100.857%; height: 16px;\" colspan=\"2\" align=\"center\">Physische Beschreibung<\/td>\n<\/tr>\n<tr style=\"height: 16px;\">\n<td style=\"font-weight: bold; border: 0px solid transparent; width: 48%; height: 16px;\" align=\"right\" width=\"50%\">Spezies<\/td>\n<td style=\"border: 0px solid transparent; width: 52.8571%; height: 16px;\" align=\"left\" width=\"50%\">Andorianer<\/td>\n<\/tr>\n<tr style=\"height: 16px;\">\n<td style=\"font-weight: bold; border: 0px solid transparent; width: 48%; height: 16px;\" align=\"right\" width=\"50%\">Geschlecht<\/td>\n<td style=\"border: 0px solid transparent; width: 52.8571%; height: 16px;\" align=\"left\" width=\"50%\">M\u00e4nnlich<\/td>\n<\/tr>\n<tr style=\"height: 16px;\">\n<td style=\"font-weight: bold; border: 0px solid transparent; width: 48%; height: 16px;\" align=\"right\" width=\"50%\">Gr\u00f6\u00dfe<\/td>\n<td style=\"border: 0px solid transparent; width: 52.8571%; height: 16px;\" align=\"left\" width=\"50%\">\u00a0175 cm<\/td>\n<\/tr>\n<tr style=\"height: 16px;\">\n<td style=\"font-weight: bold; border: 0px solid transparent; width: 48%; height: 16px;\" align=\"right\" width=\"50%\">Gewicht<\/td>\n<td style=\"border: 0px solid transparent; width: 52.8571%; height: 16px;\" align=\"left\" width=\"50%\">\u00a075 kg<\/td>\n<\/tr>\n<tr style=\"height: 33px;\">\n<td style=\"font-weight: bold; border: 0px solid transparent; width: 48%; height: 33px;\" align=\"right\" width=\"50%\">Hautfarbe<\/td>\n<td style=\"border: 0px solid transparent; width: 52.8571%; height: 33px;\" align=\"left\" width=\"50%\">blau<\/td>\n<\/tr>\n<tr style=\"height: 16px;\">\n<td style=\"font-weight: bold; border: 0px solid transparent; width: 48%; height: 16px;\" align=\"right\" width=\"50%\">Haarfarbe<\/td>\n<td style=\"border: 0px solid transparent; width: 52.8571%; height: 16px;\" align=\"left\" width=\"50%\">wei\u00df<\/td>\n<\/tr>\n<tr style=\"height: 16px;\">\n<td style=\"font-weight: bold; border: 0px solid transparent; width: 48%; height: 16px;\" align=\"right\" width=\"50%\">Augenfarbe<\/td>\n<td style=\"border: 0px solid transparent; width: 52.8571%; height: 16px;\" align=\"left\" width=\"50%\">schwarz<\/td>\n<\/tr>\n<tr style=\"height: 16px;\">\n<td style=\"font-weight: bold; border: 0px solid #003366; background: #555555; box-shadow: rgba(255, 255, 255, 0.75) 0.1em 0.1em 0.5em; border-radius: 1em; width: 100.857%; height: 16px;\" colspan=\"2\" align=\"center\">Biographische Informationen<\/td>\n<\/tr>\n<tr style=\"height: 16px;\">\n<td style=\"font-weight: bold; border: 0px solid transparent; width: 48%; height: 16px;\" align=\"right\" width=\"50%\">Geburtsort<\/td>\n<td style=\"border: 0px solid transparent; width: 52.8571%; height: 16px;\" align=\"left\" width=\"50%\">Andoria<\/td>\n<\/tr>\n<tr style=\"height: 16px;\">\n<td style=\"font-weight: bold; border: 0px solid transparent; width: 48%; height: 16px;\" align=\"right\" width=\"50%\">Geburtstag<\/td>\n<td style=\"border: 0px solid transparent; width: 52.8571%; height: 16px;\" align=\"left\" width=\"50%\">07.01.2487<\/td>\n<\/tr>\n<tr style=\"height: 16px;\">\n<td style=\"font-weight: bold; border: 0px solid transparent; width: 48%; height: 16px;\" align=\"right\" width=\"50%\">Familienstand<\/td>\n<td style=\"border: 0px solid transparent; width: 52.8571%; height: 16px;\" align=\"left\" width=\"50%\">ledig<\/td>\n<\/tr>\n<tr style=\"height: 132px;\">\n<td style=\"font-weight: bold; border: 0px solid transparent; width: 48%; height: 132px;\" align=\"right\" width=\"50%\">Familie<\/td>\n<td style=\"border: 0px solid transparent; width: 52.8571%; height: 132px;\" align=\"left\" width=\"50%\">Vater:\u00a0 Bron Urdan<br \/>\nMutter: Lamia Urdan<br \/>\nSchwester: Ramia Urdan (4 Jahre j\u00fcnger)<\/td>\n<\/tr>\n<tr style=\"height: 16px;\">\n<td style=\"font-weight: bold; border: 0px solid transparent; width: 48%; height: 16px;\" align=\"right\" width=\"50%\">Religion<\/td>\n<td style=\"border: 0px solid transparent; width: 52.8571%; height: 16px;\" align=\"left\" width=\"50%\">&#8211;<\/td>\n<\/tr>\n<tr style=\"height: 16px;\">\n<td style=\"font-weight: bold; border: 0px solid #003366; background: #555555; box-shadow: rgba(255, 255, 255, 0.75) 0.1em 0.1em 0.5em; border-radius: 1em; width: 100.857%; height: 16px;\" colspan=\"2\" align=\"center\">Politische informationen<\/td>\n<\/tr>\n<tr style=\"height: 16px;\">\n<td style=\"font-weight: bold; border: 0px solid transparent; width: 48%; height: 16px;\" align=\"right\" width=\"50%\">Buergerschaft<\/td>\n<td style=\"border: 0px solid transparent; width: 52.8571%; height: 16px;\" align=\"left\" width=\"50%\">F\u00f6derationsb\u00fcrger<\/td>\n<\/tr>\n<\/tbody>\n<\/table>\n<\/div>\n<p><strong><span style=\"font-size: 24pt;\">Lebenslauf<\/span><\/strong><\/p>\n<p>&nbsp;<\/p>\n<hr align=\"left\" width=\"60%\" \/>\n<p><span style=\"font-size: 24pt;\"><strong>Psychologisches Profil<\/strong><\/span><\/p>\n<p>&nbsp;<\/p>\n<hr align=\"left\" width=\"60%\" \/>\n<p><strong><span style=\"font-size: 24pt;\">Spezialgebiete<\/span><\/strong><\/p>\n<p>&nbsp;<\/p>\n<hr align=\"left\" width=\"60%\" \/>\n<p><strong><span style=\"font-size: 24pt;\">Hobbies<\/span><\/strong><\/p>\n<ul>\n<li><\/li>\n<\/ul>\n<hr align=\"left\" width=\"60%\" \/>\n<p><strong><span style=\"font-size: 24pt;\">Medizinisches Profil<\/span><\/strong><\/p>\n<p><strong>Krankheiten &amp; Gesundheit:<\/strong><\/p>\n<p>&nbsp;<\/p>\n<hr align=\"left\" width=\"60%\" \/>\n<p><strong><span style=\"font-size: 24pt;\">Klassifzierte Sektion<\/span><\/strong><\/p>\n<p>&nbsp;<\/p>\n","protected":false},"excerpt":{"rendered":"<p>\u200b Charaktername Lurdon Urdan Status NPC Spieler Debora Dienstliche Informationen Ranggrafik Rang Lieutenant Junior Grade Posten CSO Stationierung USS Nemesis Physische Beschreibung Spezies Andorianer Geschlecht M\u00e4nnlich Gr\u00f6\u00dfe \u00a0175 cm Gewicht \u00a075 kg Hautfarbe blau Haarfarbe wei\u00df Augenfarbe schwarz Biographische Informationen Geburtsort Andoria Geburtstag 07.01.2487 Familienstand ledig Familie Vater:\u00a0 Bron Urdan Mutter: Lamia Urdan Schwester: Ramia&#8230;<\/p>\n<p class=\"more-link-wrap\"><a href=\"https:\/\/www.sf-germany.org\/einheiten\/uss-hephaistos\/sektor\/uss-nemesis-ncc-7666\/lurdon-urdan\/\" class=\"more-link\">Read More<span class=\"screen-reader-text\"> &ldquo;Lurdon Urdan&rdquo;<\/span> &raquo;<\/a><\/p>\n","protected":false},"author":2,"featured_media":0,"parent":7662,"menu_order":2,"comment_status":"closed","ping_status":"closed","template":"page-templates\/medium.php","meta":{"footnotes":""},"class_list":["post-8038","page","type-page","status-publish","hentry"],"_links":{"self":[{"href":"https:\/\/www.sf-germany.org\/einheiten\/uss-hephaistos\/wp-json\/wp\/v2\/pages\/8038","targetHints":{"allow":["GET"]}}],"collection":[{"href":"https:\/\/www.sf-germany.org\/einheiten\/uss-hephaistos\/wp-json\/wp\/v2\/pages"}],"about":[{"href":"https:\/\/www.sf-germany.org\/einheiten\/uss-hephaistos\/wp-json\/wp\/v2\/types\/page"}],"author":[{"embeddable":true,"href":"https:\/\/www.sf-germany.org\/einheiten\/uss-hephaistos\/wp-json\/wp\/v2\/users\/2"}],"replies":[{"embeddable":true,"href":"https:\/\/www.sf-germany.org\/einheiten\/uss-hephaistos\/wp-json\/wp\/v2\/comments?post=8038"}],"version-history":[{"count":1,"href":"https:\/\/www.sf-germany.org\/einheiten\/uss-hephaistos\/wp-json\/wp\/v2\/pages\/8038\/revisions"}],"predecessor-version":[{"id":8040,"href":"https:\/\/www.sf-germany.org\/einheiten\/uss-hephaistos\/wp-json\/wp\/v2\/pages\/8038\/revisions\/8040"}],"up":[{"embeddable":true,"href":"https:\/\/www.sf-germany.org\/einheiten\/uss-hephaistos\/wp-json\/wp\/v2\/pages\/7662"}],"wp:attachment":[{"href":"https:\/\/www.sf-germany.org\/einheiten\/uss-hephaistos\/wp-json\/wp\/v2\/media?parent=8038"}],"curies":[{"name":"wp","href":"https:\/\/api.w.org\/{rel}","templated":true}]}}