{"id":814,"date":"2019-02-01T21:50:26","date_gmt":"2019-02-01T20:50:26","guid":{"rendered":"http:\/\/www.sf-germany.org\/einheiten\/hephaistos\/?page_id=814"},"modified":"2024-03-06T08:44:14","modified_gmt":"2024-03-06T07:44:14","slug":"claudia-ruthven","status":"publish","type":"page","link":"https:\/\/www.sf-germany.org\/einheiten\/uss-hephaistos\/die-crew\/charakter-archiv\/claudia-ruthven\/","title":{"rendered":"Claudia Ruthven"},"content":{"rendered":"<div style=\"float: right; margin-left: 15px; margin-bottom: 15px; font-size: 12px;\">\r\n<table style=\"border: solid 0px #003366; background: transparent; box-shadow: 0.1em 0.1em 0.5em rgba(255,255,255,0.75); -moz-box-shadow: 0.1em 0.1em 0.5em rgba(255,255,255,0.75); -webkit-box-shadow: 0.1em 0.1em 0.5em rgba(255,255,255,0.75); border-radius: 1em; -moz-border-radius: 1em; -webkit-border-radius: 1em;\" border=\"3\" cellspacing=\"10\" align=\"right\">\r\n<tbody>\r\n<tr>\r\n<td style=\"font-weight: bold; border: solid 0px transparent;\" colspan=\"2\" align=\"center\">\u00a0<\/td>\r\n<\/tr>\r\n<tr>\r\n<td style=\"background: transparent; border: solid 0px transparent;\" colspan=\"2\" align=\"center\"><a href=\"https:\/\/www.sf-germany.org\/einheiten\/uss-hephaistos\/wp-content\/uploads\/claudia_v1.png\"><img loading=\"lazy\" decoding=\"async\" class=\"aligncenter wp-image-1181 size-thumbnail\" src=\"https:\/\/www.sf-germany.org\/einheiten\/uss-hephaistos\/wp-content\/uploads\/claudia_v1-150x150.png\" alt=\"\" width=\"150\" height=\"150\" srcset=\"https:\/\/www.sf-germany.org\/einheiten\/uss-hephaistos\/wp-content\/uploads\/claudia_v1-150x150.png 150w, https:\/\/www.sf-germany.org\/einheiten\/uss-hephaistos\/wp-content\/uploads\/claudia_v1-300x300.png 300w, https:\/\/www.sf-germany.org\/einheiten\/uss-hephaistos\/wp-content\/uploads\/claudia_v1.png 599w\" sizes=\"auto, (max-width: 150px) 100vw, 150px\" \/><\/a><\/td>\r\n<\/tr>\r\n<tr>\r\n<td style=\"font-weight: bold; border: solid 0px transparent;\" colspan=\"2\" align=\"center\"><b>Claudia Ruthven<br \/><\/b><\/td>\r\n<\/tr>\r\n<tr>\r\n<td style=\"font-weight: bold; border: solid 0px transparent;\" align=\"right\" width=\"50%\">Status<\/td>\r\n<td style=\"border: solid 0px transparent;\" align=\"left\" width=\"50%\">NPC<\/td>\r\n<\/tr>\r\n<tr>\r\n<td style=\"font-weight: bold; border: solid 0px transparent;\" align=\"right\" width=\"50%\">Spieler<\/td>\r\n<td style=\"border: solid 0px transparent;\" align=\"left\" width=\"50%\">Mac<\/td>\r\n<\/tr>\r\n<tr>\r\n<td style=\"font-weight: bold; border: solid 0px #003366; background: #555; box-shadow: 0.1em 0.1em 0.5em rgba(255,255,255,0.75); -webkit-box-shadow: 0.1em 0.1em 0.5em rgba(255,255,255,0.75); border-radius: 1em; -webkit-border-radius: 1em;\" colspan=\"2\" align=\"center\">Dienstliche Informationen<\/td>\r\n<\/tr>\r\n<tr>\r\n<td style=\"font-weight: bold; border: solid 0px transparent;\" align=\"right\" width=\"50%\">Ranggrafik<\/td>\r\n<td style=\"border: solid 0px transparent;\" align=\"left\" width=\"50%\"><img loading=\"lazy\" decoding=\"async\" class=\"alignnone\" src=\"https:\/\/www.sf-germany.com\/images\/schemata\/sto\/rot\/cdor.png\" alt=\"\" width=\"100\" height=\"25\" \/><\/td>\r\n<\/tr>\r\n<tr>\r\n<td style=\"font-weight: bold; border: solid 0px transparent;\" align=\"right\" width=\"50%\">Rang<\/td>\r\n<td style=\"border: solid 0px transparent;\" align=\"left\" width=\"50%\">Commodore<\/td>\r\n<\/tr>\r\n<tr>\r\n<td style=\"font-weight: bold; border: solid 0px transparent;\" align=\"right\" width=\"50%\">Posten<\/td>\r\n<td style=\"border: solid 0px transparent;\" align=\"left\" width=\"50%\">CO USS Ainama (zerst\u00f6rt)<\/td>\r\n<\/tr>\r\n<tr>\r\n<td style=\"font-weight: bold; border: solid 0px transparent;\" align=\"right\" width=\"50%\">Stationierung<\/td>\r\n<td style=\"border: solid 0px transparent;\" align=\"left\" width=\"50%\">USS Hephaistos<\/td>\r\n<\/tr>\r\n<tr>\r\n<td style=\"font-weight: bold; border: solid 0px #003366; background: #555; box-shadow: 0.1em 0.1em 0.5em rgba(255,255,255,0.75); -webkit-box-shadow: 0.1em 0.1em 0.5em rgba(255,255,255,0.75); border-radius: 1em; -webkit-border-radius: 1em;\" colspan=\"2\" align=\"center\">Biographische Informationen<\/td>\r\n<\/tr>\r\n<tr>\r\n<td style=\"font-weight: bold; border: solid 0px transparent;\" align=\"right\" width=\"50%\">Geburtstag<\/td>\r\n<td style=\"border: solid 0px transparent;\" align=\"left\" width=\"50%\">2369<\/td>\r\n<\/tr>\r\n<tr>\r\n<td style=\"font-weight: bold; border: solid 0px transparent;\" align=\"right\" width=\"50%\">Familienstand<\/td>\r\n<td style=\"border: solid 0px transparent;\" align=\"left\" width=\"50%\">ledig<\/td>\r\n<\/tr>\r\n<tr>\r\n<td style=\"font-weight: bold; border: 0px solid transparent;\" align=\"right\" width=\"50%\">Vater<\/td>\r\n<td style=\"border: 0px solid transparent;\" align=\"left\" width=\"50%\">Adm. a.D Marcus Ruthven<\/td>\r\n<\/tr>\r\n<tr>\r\n<td style=\"font-weight: bold; border: solid 0px transparent;\" align=\"right\" width=\"50%\">Mutter<\/td>\r\n<td style=\"border: solid 0px transparent;\" align=\"left\" width=\"50%\">Cmdr. Miranda Wallace,<br \/>CWI USS Valliant<\/td>\r\n<\/tr>\r\n<tr>\r\n<td style=\"font-weight: bold; border: solid 0px transparent;\" align=\"right\" width=\"50%\">Geschwister<\/td>\r\n<td style=\"border: solid 0px transparent;\" align=\"left\" width=\"50%\">Cpt. <a href=\"https:\/\/www.sf-germany.org\/einheiten\/uss-hephaistos\/die-crew\/spieler\/shay-ruthven\/\">Shay Ruthven<\/a>,<br \/>CO USS Hephaistos<br \/>Cmdr. Quinn Ruthven,<br \/>gest. 2381<br \/>Lt. Felix Ruthven,<br \/>gest. 2392<br \/>Teresa Ruthven,<br \/>geb. 2396<\/td>\r\n<\/tr>\r\n<tr>\r\n<td style=\"font-weight: bold; border: solid 0px #003366; background: #555; box-shadow: 0.1em 0.1em 0.5em rgba(255,255,255,0.75); -webkit-box-shadow: 0.1em 0.1em 0.5em rgba(255,255,255,0.75); border-radius: 1em; -webkit-border-radius: 1em;\" colspan=\"2\" align=\"center\">Physische Beschreibung<\/td>\r\n<\/tr>\r\n<tr>\r\n<td style=\"font-weight: bold; border: solid 0px transparent;\" align=\"right\" width=\"50%\">Spezies<\/td>\r\n<td style=\"border: solid 0px transparent;\" align=\"left\" width=\"50%\">Mensch<\/td>\r\n<\/tr>\r\n<tr>\r\n<td style=\"font-weight: bold; border: solid 0px transparent;\" align=\"right\" width=\"50%\">Geschlecht<\/td>\r\n<td style=\"border: solid 0px transparent;\" align=\"left\" width=\"50%\">weiblich<\/td>\r\n<\/tr>\r\n<tr>\r\n<td style=\"font-weight: bold; border: solid 0px transparent;\" align=\"right\" width=\"50%\">Gr\u00f6\u00dfe<\/td>\r\n<td style=\"border: solid 0px transparent;\" align=\"left\" width=\"50%\">173 cm<\/td>\r\n<\/tr>\r\n<tr>\r\n<td style=\"font-weight: bold; border: solid 0px transparent;\" align=\"right\" width=\"50%\">Haarfarbe<\/td>\r\n<td style=\"border: solid 0px transparent;\" align=\"left\" width=\"50%\">Aschblond \/ lang<\/td>\r\n<\/tr>\r\n<tr>\r\n<td style=\"font-weight: bold; border: solid 0px transparent;\" align=\"right\" width=\"50%\">Augenfarbe<\/td>\r\n<td style=\"border: solid 0px transparent;\" align=\"left\" width=\"50%\">grau-blau<\/td>\r\n<\/tr>\r\n<tr>\r\n<td style=\"font-weight: bold; border: solid 0px #003366; background: #555; box-shadow: 0.1em 0.1em 0.5em rgba(255,255,255,0.75); -webkit-box-shadow: 0.1em 0.1em 0.5em rgba(255,255,255,0.75); border-radius: 1em; -webkit-border-radius: 1em;\" colspan=\"2\" align=\"center\">Politische informationen<\/td>\r\n<\/tr>\r\n<tr>\r\n<td style=\"font-weight: bold; border: solid 0px transparent;\" align=\"right\" width=\"50%\">Buergerschaft<\/td>\r\n<td style=\"border: solid 0px transparent;\" align=\"left\" width=\"50%\">F\u00f6derationsb\u00fcrger<\/td>\r\n<\/tr>\r\n<\/tbody>\r\n<\/table>\r\n<\/div>\r\n<p><strong><span style=\"font-size: 24pt;\">Lebenslauf<\/span><\/strong><\/p>\r\n<p>Claudia wurde im Winter 2365 geboren. Sie das zweite Kind und die erste Tochter der Familie des Marcus Ruthven.<\/p>\r\n<p>Ihr 3 Jahre \u00e4lterer Bruder, Quinn, starb als Claudia 16 Jahre alt war. Er st\u00fcrzte mit einem Gleiter ab. B\u00f6se Zungen behaupteten, er sei betrunken gewesen und h\u00e4tte versucht mit dem Gleiter in einem W\u00e4ldchen zu landen. Er zerschellte an den B\u00e4umen und st\u00fcrzte in einen nahe gelegenen See. Die Leiche wurde niemals gefunden.<\/p>\r\n<p>Ihr ein Jahre j\u00fcngerer Bruder, Felix, fiel 2389 einem Attentat zum Opfer. Er wurde w\u00e4hrend einer \u00f6ffentliche Rede erschossen. Als Mitglied des diplomatischen Corps wurde er ironischerweise von der Gruppierung ermordet, f\u00fcr deren Rechte er sich eingesetzt hatte.<\/p>\r\n<p>Diese Vorkommnisse blieben nicht spurlos in Claudias Leben. Sie war nie der Liebling ihres Vaters (diese Rolle hatte erst Quinn, sp\u00e4ter Teresa), aber bereits fr\u00fch jemand, auf den sich Marcus verlassen konnte. So kam es das sie schon sehr fr\u00fch von ihrem Vater Aufgaben \u00fcbertragen bekam, die er ihren beiden Br\u00fcdern nicht \u00fcbertragen wollte.<\/p>\r\n<p>Dennoch war sie f\u00fcr ihren Vater immer nur ein &#8218;M\u00e4dchen&#8216; und als 2377 ihr j\u00fcngerer Bruder Shay zur Welt kam, schien dies das ganze nur noch zu verst\u00e4rken. Daher legte sie sich schlie\u00dflich 2385 die Aufnahmepr\u00fcfung f\u00fcr die Sternenflottenakademie ab und bestand diese knapp. Sie tat dies haupts\u00e4chlich, um ihrem Vater zu beweisen, dass sie genauso gut wie Quinn war. Trotz all seiner Fehler hatte sie ihren \u00e4lteren Bruder verg\u00f6ttert und hat seinen Tod nie wirklich \u00fcberwunden. Das erste Jahr war hart f\u00fcr sie, allerdings wurde es im zweiten Jahr besser als ihr Bruder Felix ebenfalls zur Akademie zugelassen worden war.<\/p>\r\n<p>Nach ihrem Abschluss wurde sie als CWI auf die USS Saratoga versetzt, stellte aber nur Monate sp\u00e4ter einen Versetzungsantrag auf den Posten des TAK der auch bewilligt wurde. Mit ihrem Bruder Felix blieb sie bis zu seinem Tod in regelm\u00e4\u00dfigem Kontakt und verfolgte seine Karriere. Sein Tod war ebenfalls ein gro\u00dfer Schock, den sie mit einem Mehr an Arbeit kompensierte.<\/p>\r\n<p>Sie blieb der Saratoga treu bis sie 2405 zur Lt. Cmdr. bef\u00f6rdert wurde und einen Kommandolehrgang auf der Erde besuchen musste. Die Saratoga wurde w\u00e4hrend dieser Zeit au\u00dfer Dienst gestellt. W\u00e4hrend des Lehrgangs lernte sie Gary Li kennen und verliebte sich in ihn. Das ganze ging sogar soweit, dass sie beschloss, ihre Karriere vorerst an den Nagel zu h\u00e4ngen und ihn 2406 zu heiraten.<\/p>\r\n<p>Diesem Vorhaben wurde ein j\u00e4hes Ende gesetzt, als sie Gary zusammen mit ihrem Bruder Shay inflagranti erwischte. Dass beide betrunken waren, half der Situation nicht.<\/p>\r\n<p>Zutiefst verletzt und entt\u00e4uscht bewarb sie sich sofort auf einen Posten als 2O\/TAK auf der USS Vermont f\u00fcr eine auf f\u00fcnf Jahre angesetzte Tiefenraumerkundung.<\/p>\r\n<p>Die Vermont kam, nach Konflikten, wegen starker Sch\u00e4den ein Jahr fr\u00fcher als geplant zur\u00fcck mit der inzwischen zur Commander bef\u00f6rderten Claudia als amtierende CO.<\/p>\r\n<p>Nach dem sichten der Berichte wurde sie schlie\u00dflich ganz offiziell zu Captain bef\u00f6rdert und bekam das Kommando \u00fcber die USS Ainama. Zun\u00e4chst im Sol-Sektor stationiert, wurden ihr schlie\u00dflich immer wieder neue Missionen, haupts\u00e4chlich zur Begleitung verschiedener Konvois an Schiffen, \u00fcbertragen. Dabei konnte Claudia Kontakte zu verschiedenen hochrangigen Pers\u00f6nlichkeiten der Admiralit\u00e4t und des diplomatischen Dienstes sammeln.<\/p>\r\n<p>Kurz vor Ausbruch des Krieges mit den Klingonen (gegen Ende 2415) wurde sie schlie\u00dflich zur Commodore bef\u00f6rdert und obgleich sie das Kommando \u00fcber die Ainama behalten durfte, hatte sie nun auch den Oberbefehl \u00fcber weitere Schiffe ihrer kleinen Flotte.<\/p>\r\n<p>Ihr erste Mission als Commodore war es nun Minenarbeiter im Ba\u2019aja Sektor zu evakuieren und diese zur nahe gelegenen Raumstation K7 zu bringen. Die Nachricht dar\u00fcber, dass ihr Bruder Shay als CO der USS Hephaistos das Ganze unterst\u00fctzen sollte, hatte einen bitteren Beigeschmack, hatte sie ihren Bruder doch seit dem Vorfall damals weder gesehen noch gesprochen.<\/p>\r\n<p>Ihre dunklen Ahnungen schienen sich schlie\u00dflich zu best\u00e4tigen, als ein Teil der Minenarbeiter sich weigerte evakuiert zu werden und sie mit der USS Ainama zur\u00fcck blieb, w\u00e4hrend der Konvoi ohne sie sein Gl\u00fcck versuchte.\u00a0Nur wenige Stunden nach Abflug des Konvois erreichte an gef\u00e4lschter Notruf die Ainama und Claudia beschloss diesem nachzugehen, nur um von den wartenden Klingonen \u00fcberfallen zu werden, so dass ihr nichts weiter \u00fcbrig blieb, als die Selbstzerst\u00f6rung des Schiffs einzuleiten (damit die wichtigen Informationen im Bordcomputer dem Feind nicht in die H\u00e4nde fielen). \u00dcberzeugt davon das sie mit ihrem Schiff untergehn w\u00fcrde, war sie doch \u00fcberrascht dar\u00fcber, dass sie schlie\u00dflich in einer klingonischen Zelle erwachte.<\/p>\r\n<p><strong><span style=\"font-size: 18pt;\">Sternenflotten-Karriere (Zusammenfassung)<\/span><\/strong><\/p>\r\n<ul>\r\n<li><strong>2385<\/strong>: Aufnahme in die Sternenflotten-Akademie.<\/li>\r\n<li><strong>2389<\/strong>: Versetzung als Ensign auf die <em>USS Saratoga<\/em>, \u00dcbernahme des CWI-Posten.<\/li>\r\n<li><strong>2389<\/strong>: Versetzung auf den TAK-Posten<\/li>\r\n<li><strong>2391<\/strong>: Bef\u00f6rderung zur Lt. (jg)<\/li>\r\n<li><strong>2396<\/strong>: Bef\u00f6rderung zur Lt. (sg)<\/li>\r\n<li><strong>2405<\/strong>: Bef\u00f6rderung zum Lt. Cmdr.<\/li>\r\n<li><strong>2405<\/strong>: Kommando-Lehrgang<\/li>\r\n<li><strong>2406<\/strong>: Versetzung als 2O\/TAK auf die <em>USS Vermont<\/em>. Aufbruch zu einer Tiefenraum-Mission.<\/li>\r\n<li><strong>2409<\/strong>: Bef\u00f6rderung zum Cmdr., Bef\u00f6rderung zur EO.<\/li>\r\n<li><strong>2410<\/strong>: Vorzeitige R\u00fcckkehr der <em>USS Vermont<\/em>. Claudia f\u00fchrt das Schiff als amtierende CO.<\/li>\r\n<li><strong>2410<\/strong>: Vorzeitige Bef\u00f6rderung zum Captain auf Grund herausragender Leistungen in Krisensituationen.<\/li>\r\n<li><strong>2411<\/strong>: Claudia wird zur CO der <em>USS Ainama<\/em>.<\/li>\r\n<li><strong>2415<\/strong>: Bef\u00f6rderung zur Commodore.<\/li>\r\n<li><strong>2416<\/strong>: Zerst\u00f6rung der <em>USS Ainama<\/em>, kurzzeitige Gefangenschaft durch die Klingonen. Rettung durch die <em>USS Hephaistos<\/em>.<\/li>\r\n<li><strong>2416:<\/strong> Bef\u00f6rderung auf den Posten der FKOM-OPS mit Stationierung K7<\/li>\r\n<\/ul>\r\n<p><span style=\"font-size: 18pt;\"><strong>Bekannte Personen<\/strong><\/span><\/p>\r\n<p><span style=\"font-size: 18pt;\">Botschafter Jared<\/span><\/p>\r\n<p>Claudia kennt den Botschafter seit 2413, als sie diesen zu wichtigen Verhandlungen eskortierte. Tats\u00e4chlich wandelte sich die anf\u00e4ngliche Abneigung f\u00fcreinander zu gegenseitigem Respekt. Jared bemerkte einmal, dass sie beide sich wohl in manchen Dingen zu \u00e4hnlich seien, um sich zu m\u00f6gen.<\/p>\r\n<p><span style=\"font-size: 18pt;\">Captain John J.J. Barca<\/span><\/p>\r\n<p>Claudia Ruthven kennt Captain Barca von zwei taktischen Lehrg\u00e4ngen und aus verschiedenen Briefings zur Sicherung des Sol Systems. Dass sie ihn rangm\u00e4\u00dfig \u00fcberfl\u00fcgelt hat, war ihr durchaus eine Befriedigung, doch wei\u00df sie, dass Captain Barca hinter den Kulissen umfangreiche Kontakte pflegt und hat Ger\u00fcchte geh\u00f6rt, dass er eine Bef\u00f6rderung ausgeschlagen habe. Tats\u00e4chlich w\u00fcrde sie Barca als guten Bekannten bezeichnen, mit dem sie zusammenarbeiten kann.<\/p>\r\n<p>&nbsp;<\/p>\r\n<p><span style=\"font-size: 24pt;\"><strong>Psychologisches Profil<\/strong><\/span><\/p>\r\n<p>Claudia wird von ihren Untergebenen sowohl geliebt als auch gef\u00fcrchtet. Trotz ihrer eher zierlichen Gestalt strahlt sie eine k\u00fchle H\u00e4rte aus, die ihres Gleichen sucht. Sie ist direkt, streng, unnachgiebig, aber &#8222;gerecht&#8220;, ohne Bevorzugung einzelner. Und ihrer Crew gegen\u00fcber sehr loyal. Sie w\u00fcrde niemals jemanden zur\u00fccklassen &#8211; schon gar nicht in Gefangenschaft.<\/p>\r\n<p>Gleichzeitig schwingt aber auch immer noch unterschwellig das Bed\u00fcrfnis mit, sich beweisen zu m\u00fcssen.<\/p>\r\n<p>Der Verlust ihrer Br\u00fcder, zu denen sie eine enge Bindung hatte, traf sie schwer um so schlimmer war es, dass ausgerechnet ihr j\u00fcngster Bruder Shay sie mit ihrem damaligen Verlobten hintergangen hat.<\/p>\r\n<p>Obwohl sie sich insgeheim nach Familie sehnt, hat sie diese Familie nun f\u00fcr sich in der Flotte gefunden.<\/p>\r\n<blockquote>\r\n<p>&gt;&gt; Commander Ruthven verf\u00fcgt \u00fcber eine starke und ausgepr\u00e4gte Pers\u00f6nlichkeit, der es nicht schwer f\u00e4llt, Entscheidungen zu treffen. Ihre Entschlossenheit und die F\u00e4higkeit, unangenehme Entscheidungen zu treffen, werden durch ihre F\u00fcrsorge f\u00fcr ihre Untergebenen erg\u00e4nzt. [&#8230;] Nach eingehender Untersuchung stelle ich fest, dass Cmdr. Ruthven die Strapazen und Erfahrungen der Vermont-Mission gut verarbeitet hat und keine Anzeichen f\u00fcr eine Belastungsst\u00f6rung vorliegt. Die Diensttauglichkeit ist nicht eingeschr\u00e4nkt. Ich sehe zudem keinen Grund, der vorgeschlagenen Bef\u00f6rderung zu widersprechen.&lt;&lt;<\/p>\r\n<\/blockquote>\r\n<p><em>&#8212; Dr. Sarah Voigt, USB Ganymed (2410)<\/em><\/p>\r\n<hr \/>\r\n<p><strong><span style=\"font-size: 24pt;\">Hobbies<\/span><\/strong><\/p>\r\n<ul>\r\n<li>Reiten<\/li>\r\n<li>Fechten (Florett)<\/li>\r\n<li>Lesen (Liebesschnulzen &#8211; was sie niemals zugeben w\u00fcrde)<\/li>\r\n<li>Schwimmen<\/li>\r\n<li>Free Climbing<\/li>\r\n<\/ul>\r\n<hr \/>\r\n<p><strong><span style=\"font-size: 24pt;\">Medizinisches Profil<\/span><\/strong><\/p>\r\n<blockquote>\r\n<p>&gt;&gt; Ms. Ruthven hatte die \u00fcblichen Kinderkrankheiten und erfreut sich ansonsten bester Gesundheit und ist voll diensttauglich&lt;&lt;<\/p>\r\n<\/blockquote>\r\n<p><em>&#8212; Dr. Wintewski, CM, USS Saratoga<\/em><\/p>\r\n<blockquote>\r\n<p>&gt;&gt; Ms. Ruthven wurde nach einem Kampf verletzt und trug etliche Phaserverbrennungen von sich. Die Verletzungen sind gut verheilt und beeintr\u00e4chtigen ihre Dienst nicht.&lt;&lt;<\/p>\r\n<\/blockquote>\r\n<p><em>&#8212; Dr. Bziaar, USS Vermont &#8212;<\/em><\/p>\r\n<blockquote>\r\n<p>&gt;&gt; Commodore Ruthven wurde f\u00fcr einen kurzen Zeitraum Gefangene der Klingonen. Dabei hatte sie einige leichte bis mittlere Verletzungen davon getragen. Diese Verletzungen sind bis dato noch nicht komplett ausgeheilt.<br \/>Im Verlauf dieser Gefangenschaft wurde Commodore Ruthven ohne Schutzkleidung f\u00fcr einige Sekunden dem Vakuum des Weltalls ausgesetzt. Dabei wurden ihre Augen, Ohren und Atmungsorgane in Mitleidenschaft gezogen. Diese Verletzungen sind ebenfalls noch nicht wieder vollst\u00e4ndig ausgeheilt.<br \/>Commodore Ruthven ist aus medizinischer Sicht f\u00fcr k\u00f6rperlich nicht anstrengende Innendiensteins\u00e4tze diensttauglich. Au\u00dfeneins\u00e4tze oder k\u00f6rperlich anstrengende T\u00e4tigkeiten sollten dringend vermieden werden.&lt;&lt;<\/p>\r\n<\/blockquote>\r\n<p><em>&#8212; Ens. Jetsun Pema (CM), USS Hephaistos &#8212;<\/em><\/p>\r\n<blockquote>\r\n<p>&gt;&gt; Inzwischen erfreut sich Claudia wieder bester Gesundheit und kann ihren Dienst uneingeschr\u00e4nkt aufnehmen.<\/p>\r\n<\/blockquote>\r\n<p><em>&#8212; Lt.jg. Nhu Ylesia (CM), Station K7 &#8212;<\/em><\/p>\r\n<hr \/>\r\n<p><span style=\"font-size: 24pt;\"><strong>Klassifizierte Sektion<\/strong><\/span><\/p>\r\n<p>W\u00e4hrend ihrer Stationierung im Sol-System, nach ihrer Ernennung zum Captain, wurde sie vom Sternenflottengeheimdienst kontaktiert. Damals ging es darum, ein Auge auf die Botschafter und Gesandten zu haben, die sie transportierte, und ungew\u00f6hnliche Vorg\u00e4nge zu melden. Gleichzeitig wurde sie in das Sicherheitsnetz zum Schutz der F\u00f6derationsgeb\u00e4ude im Sol-System eingebunden.<\/p>\r\n<p>Ihre recht rasche Ernennung zur Commodore kann man sicherlich sowohl auf ihre Kontakte zu hohen Mitgliedern der Admiralit\u00e4t als auch ihre Verbindungen zum Geheimdienst zur\u00fcck f\u00fchren. Und nat\u00fcrlich hatte auch ihr Vater seine Finger mit im Spiel.<\/p>\r\n\r\n<p>&nbsp;<\/p>\r\n","protected":false},"excerpt":{"rendered":"<p>\u00a0 Claudia Ruthven Status NPC Spieler Mac Dienstliche Informationen Ranggrafik Rang Commodore Posten CO USS Ainama (zerst\u00f6rt) Stationierung USS Hephaistos Biographische Informationen Geburtstag 2369 Familienstand ledig Vater Adm. a.D Marcus Ruthven Mutter Cmdr. Miranda Wallace,CWI USS Valliant Geschwister Cpt. Shay Ruthven,CO USS HephaistosCmdr. Quinn Ruthven,gest. 2381Lt. Felix Ruthven,gest. 2392Teresa Ruthven,geb. 2396 Physische Beschreibung Spezies Mensch&#8230;<\/p>\n<p class=\"more-link-wrap\"><a href=\"https:\/\/www.sf-germany.org\/einheiten\/uss-hephaistos\/die-crew\/charakter-archiv\/claudia-ruthven\/\" class=\"more-link\">Read More<span class=\"screen-reader-text\"> &ldquo;Claudia Ruthven&rdquo;<\/span> &raquo;<\/a><\/p>\n","protected":false},"author":1,"featured_media":0,"parent":1100,"menu_order":1,"comment_status":"closed","ping_status":"closed","template":"page-templates\/medium.php","meta":{"footnotes":""},"class_list":["post-814","page","type-page","status-publish","hentry"],"_links":{"self":[{"href":"https:\/\/www.sf-germany.org\/einheiten\/uss-hephaistos\/wp-json\/wp\/v2\/pages\/814","targetHints":{"allow":["GET"]}}],"collection":[{"href":"https:\/\/www.sf-germany.org\/einheiten\/uss-hephaistos\/wp-json\/wp\/v2\/pages"}],"about":[{"href":"https:\/\/www.sf-germany.org\/einheiten\/uss-hephaistos\/wp-json\/wp\/v2\/types\/page"}],"author":[{"embeddable":true,"href":"https:\/\/www.sf-germany.org\/einheiten\/uss-hephaistos\/wp-json\/wp\/v2\/users\/1"}],"replies":[{"embeddable":true,"href":"https:\/\/www.sf-germany.org\/einheiten\/uss-hephaistos\/wp-json\/wp\/v2\/comments?post=814"}],"version-history":[{"count":15,"href":"https:\/\/www.sf-germany.org\/einheiten\/uss-hephaistos\/wp-json\/wp\/v2\/pages\/814\/revisions"}],"predecessor-version":[{"id":7995,"href":"https:\/\/www.sf-germany.org\/einheiten\/uss-hephaistos\/wp-json\/wp\/v2\/pages\/814\/revisions\/7995"}],"up":[{"embeddable":true,"href":"https:\/\/www.sf-germany.org\/einheiten\/uss-hephaistos\/wp-json\/wp\/v2\/pages\/1100"}],"wp:attachment":[{"href":"https:\/\/www.sf-germany.org\/einheiten\/uss-hephaistos\/wp-json\/wp\/v2\/media?parent=814"}],"curies":[{"name":"wp","href":"https:\/\/api.w.org\/{rel}","templated":true}]}}