{"id":8160,"date":"2024-04-01T01:04:34","date_gmt":"2024-03-31T23:04:34","guid":{"rendered":"https:\/\/www.sf-germany.org\/einheiten\/uss-hephaistos\/?page_id=8160"},"modified":"2024-04-01T01:15:31","modified_gmt":"2024-03-31T23:15:31","slug":"amrit-doobay","status":"publish","type":"page","link":"https:\/\/www.sf-germany.org\/einheiten\/uss-hephaistos\/sektor\/uss-nemesis-ncc-7666\/amrit-doobay\/","title":{"rendered":"Amrit Doobay"},"content":{"rendered":"<div style=\"float: right; margin-left: 15px; margin-bottom: 15px; font-size: 11px; width: 350px; padding-left: 10px; padding-right: 10px;\">\n<p>\u200b<\/p>\n<table style=\"border: 0px solid #003366; background: transparent; box-shadow: rgba(255, 255, 255, 0.75) 0.1em 0.1em 0.5em; border-radius: 1em; width: 100%; height: 850px;\" border=\"3\" cellspacing=\"10\" align=\"right\">\n<tbody>\n<tr style=\"height: 16px;\">\n<td style=\"font-weight: bold; border: 0px solid transparent; width: 100%; height: 16px;\" colspan=\"2\" align=\"center\"><\/td>\n<\/tr>\n<tr style=\"height: 304px;\">\n<td style=\"background: transparent; border: 0px solid transparent; width: 100%; height: 304px;\" colspan=\"2\" align=\"center\"><img loading=\"lazy\" decoding=\"async\" class=\"alignnone size-medium wp-image-8161\" src=\"https:\/\/www.sf-germany.org\/einheiten\/uss-hephaistos\/wp-content\/uploads\/Amrit-Doobay-300x272.jpeg\" alt=\"\" width=\"300\" height=\"272\" srcset=\"https:\/\/www.sf-germany.org\/einheiten\/uss-hephaistos\/wp-content\/uploads\/Amrit-Doobay-300x272.jpeg 300w, https:\/\/www.sf-germany.org\/einheiten\/uss-hephaistos\/wp-content\/uploads\/Amrit-Doobay.jpeg 375w\" sizes=\"auto, (max-width: 300px) 100vw, 300px\" \/><\/td>\n<\/tr>\n<tr style=\"height: 16px;\">\n<td style=\"font-weight: bold; border: 0px solid transparent; width: 100%; height: 16px;\" colspan=\"2\" align=\"center\"><b>Charaktername Amrit Doobay<\/b><\/td>\n<\/tr>\n<tr style=\"height: 16px;\">\n<td style=\"font-weight: bold; border: 0px solid transparent; width: 48%; height: 16px;\" align=\"right\" width=\"50%\">Status<\/td>\n<td style=\"border: 0px solid transparent; width: 52%; height: 16px;\" align=\"left\" width=\"50%\">NPC<\/td>\n<\/tr>\n<tr style=\"height: 16px;\">\n<td style=\"font-weight: bold; border: 0px solid transparent; width: 48%; height: 16px;\" align=\"right\" width=\"50%\">Spieler<\/td>\n<td style=\"border: 0px solid transparent; width: 52%; height: 16px;\" align=\"left\" width=\"50%\">Debora<\/td>\n<\/tr>\n<tr style=\"height: 16px;\">\n<td style=\"font-weight: bold; border: 0px solid #003366; background: #555555; box-shadow: rgba(255, 255, 255, 0.75) 0.1em 0.1em 0.5em; border-radius: 1em; width: 100%; height: 16px;\" colspan=\"2\" align=\"center\">Dienstliche Informationen<\/td>\n<\/tr>\n<tr style=\"height: 29px;\">\n<td style=\"font-weight: bold; border: 0px solid transparent; width: 48%; height: 29px;\" align=\"right\" width=\"50%\">Ranggrafik<\/td>\n<td style=\"border: 0px solid transparent; width: 52%; height: 29px;\" align=\"left\" width=\"50%\"><img decoding=\"async\" src=\"https:\/\/www.sf-germany.com\/images\/schemata\/sto\/rot\/lt.png\" \/><\/td>\n<\/tr>\n<tr style=\"height: 16px;\">\n<td style=\"font-weight: bold; border: 0px solid transparent; width: 48%; height: 16px;\" align=\"right\" width=\"50%\">Rang<\/td>\n<td style=\"border: 0px solid transparent; width: 52%; height: 16px;\" align=\"left\" width=\"50%\">Lieutenant Senior Grade<\/td>\n<\/tr>\n<tr style=\"height: 16px;\">\n<td style=\"font-weight: bold; border: 0px solid transparent; width: 48%; height: 16px;\" align=\"right\" width=\"50%\">Posten<\/td>\n<td style=\"border: 0px solid transparent; width: 52%; height: 16px;\" align=\"left\" width=\"50%\">FLG<\/td>\n<\/tr>\n<tr style=\"height: 16px;\">\n<td style=\"font-weight: bold; border: 0px solid transparent; width: 48%; height: 16px;\" align=\"right\" width=\"50%\">Stationierung<\/td>\n<td style=\"border: 0px solid transparent; width: 52%; height: 16px;\" align=\"left\" width=\"50%\">USS Nemesis<\/td>\n<\/tr>\n<tr style=\"height: 16px;\">\n<td style=\"font-weight: bold; border: 0px solid #003366; background: #555555; box-shadow: rgba(255, 255, 255, 0.75) 0.1em 0.1em 0.5em; border-radius: 1em; width: 100%; height: 16px;\" colspan=\"2\" align=\"center\">Physische Beschreibung<\/td>\n<\/tr>\n<tr style=\"height: 16px;\">\n<td style=\"font-weight: bold; border: 0px solid transparent; width: 48%; height: 16px;\" align=\"right\" width=\"50%\">Spezies<\/td>\n<td style=\"border: 0px solid transparent; width: 52%; height: 16px;\" align=\"left\" width=\"50%\">Mensch<\/td>\n<\/tr>\n<tr style=\"height: 16px;\">\n<td style=\"font-weight: bold; border: 0px solid transparent; width: 48%; height: 16px;\" align=\"right\" width=\"50%\">Geschlecht<\/td>\n<td style=\"border: 0px solid transparent; width: 52%; height: 16px;\" align=\"left\" width=\"50%\">M\u00e4nnlich<\/td>\n<\/tr>\n<tr style=\"height: 16px;\">\n<td style=\"font-weight: bold; border: 0px solid transparent; width: 48%; height: 16px;\" align=\"right\" width=\"50%\">Gr\u00f6\u00dfe<\/td>\n<td style=\"border: 0px solid transparent; width: 52%; height: 16px;\" align=\"left\" width=\"50%\">\u00a0187 cm<\/td>\n<\/tr>\n<tr style=\"height: 16px;\">\n<td style=\"font-weight: bold; border: 0px solid transparent; width: 48%; height: 16px;\" align=\"right\" width=\"50%\">Gewicht<\/td>\n<td style=\"border: 0px solid transparent; width: 52%; height: 16px;\" align=\"left\" width=\"50%\">\u00a080 kg<\/td>\n<\/tr>\n<tr style=\"height: 33px;\">\n<td style=\"font-weight: bold; border: 0px solid transparent; width: 48%; height: 33px;\" align=\"right\" width=\"50%\">Hautfarbe<\/td>\n<td style=\"border: 0px solid transparent; width: 52%; height: 33px;\" align=\"left\" width=\"50%\">gebr\u00e4unt<\/td>\n<\/tr>\n<tr style=\"height: 16px;\">\n<td style=\"font-weight: bold; border: 0px solid transparent; width: 48%; height: 16px;\" align=\"right\" width=\"50%\">Haarfarbe<\/td>\n<td style=\"border: 0px solid transparent; width: 52%; height: 16px;\" align=\"left\" width=\"50%\">schwarz<\/td>\n<\/tr>\n<tr style=\"height: 16px;\">\n<td style=\"font-weight: bold; border: 0px solid transparent; width: 48%; height: 16px;\" align=\"right\" width=\"50%\">Augenfarbe<\/td>\n<td style=\"border: 0px solid transparent; width: 52%; height: 16px;\" align=\"left\" width=\"50%\">blau<\/td>\n<\/tr>\n<tr style=\"height: 16px;\">\n<td style=\"font-weight: bold; border: 0px solid #003366; background: #555555; box-shadow: rgba(255, 255, 255, 0.75) 0.1em 0.1em 0.5em; border-radius: 1em; width: 100%; height: 16px;\" colspan=\"2\" align=\"center\">Biographische Informationen<\/td>\n<\/tr>\n<tr style=\"height: 16px;\">\n<td style=\"font-weight: bold; border: 0px solid transparent; width: 48%; height: 16px;\" align=\"right\" width=\"50%\">Geburtsort<\/td>\n<td style=\"border: 0px solid transparent; width: 52%; height: 16px;\" align=\"left\" width=\"50%\">Erde, Indien, Dubai<\/td>\n<\/tr>\n<tr style=\"height: 16px;\">\n<td style=\"font-weight: bold; border: 0px solid transparent; width: 48%; height: 16px;\" align=\"right\" width=\"50%\">Geburtstag<\/td>\n<td style=\"border: 0px solid transparent; width: 52%; height: 16px;\" align=\"left\" width=\"50%\">15.05.2488<\/td>\n<\/tr>\n<tr style=\"height: 16px;\">\n<td style=\"font-weight: bold; border: 0px solid transparent; width: 48%; height: 16px;\" align=\"right\" width=\"50%\">Familienstand<\/td>\n<td style=\"border: 0px solid transparent; width: 52%; height: 16px;\" align=\"left\" width=\"50%\">ledig<\/td>\n<\/tr>\n<tr style=\"height: 132px;\">\n<td style=\"font-weight: bold; border: 0px solid transparent; width: 48%; height: 132px;\" align=\"right\" width=\"50%\">Familie<\/td>\n<td style=\"border: 0px solid transparent; width: 52%; height: 132px;\" align=\"left\" width=\"50%\">Vater:\u00a0 Vimal Doobay<br \/>\nMutter:\u00a0 Amala DoobaySister: Kira Doobay (j\u00fcnger)<\/td>\n<\/tr>\n<tr style=\"height: 16px;\">\n<td style=\"font-weight: bold; border: 0px solid transparent; width: 48%; height: 16px;\" align=\"right\" width=\"50%\">Religion<\/td>\n<td style=\"border: 0px solid transparent; width: 52%; height: 16px;\" align=\"left\" width=\"50%\">Hindu<\/td>\n<\/tr>\n<tr style=\"height: 16px;\">\n<td style=\"font-weight: bold; border: 0px solid #003366; background: #555555; box-shadow: rgba(255, 255, 255, 0.75) 0.1em 0.1em 0.5em; border-radius: 1em; width: 100%; height: 16px;\" colspan=\"2\" align=\"center\">Politische informationen<\/td>\n<\/tr>\n<tr style=\"height: 16px;\">\n<td style=\"font-weight: bold; border: 0px solid transparent; width: 48%; height: 16px;\" align=\"right\" width=\"50%\">Buergerschaft<\/td>\n<td style=\"border: 0px solid transparent; width: 52%; height: 16px;\" align=\"left\" width=\"50%\">F\u00f6derationsb\u00fcrger<\/td>\n<\/tr>\n<\/tbody>\n<\/table>\n<\/div>\n<p><strong><span style=\"font-size: 24pt;\">Lebenslauf<\/span><\/strong><\/p>\n<p>&nbsp;<\/p>\n<hr align=\"left\" width=\"60%\" \/>\n<p><span style=\"font-size: 24pt;\"><strong>Psychologisches Profil<\/strong><\/span><\/p>\n<p>&nbsp;<\/p>\n<hr align=\"left\" width=\"60%\" \/>\n<p><strong><span style=\"font-size: 24pt;\">Spezialgebiete<\/span><\/strong><\/p>\n<p>&nbsp;<\/p>\n<hr align=\"left\" width=\"60%\" \/>\n<p><strong><span style=\"font-size: 24pt;\">Hobbies<\/span><\/strong><\/p>\n<ul>\n<li><\/li>\n<\/ul>\n<hr align=\"left\" width=\"60%\" \/>\n<p><strong><span style=\"font-size: 24pt;\">Medizinisches Profil<\/span><\/strong><\/p>\n<p><strong>Krankheiten &amp; Gesundheit:<\/strong><\/p>\n<p>&nbsp;<\/p>\n<hr align=\"left\" width=\"60%\" \/>\n<p><strong><span style=\"font-size: 24pt;\">Klassifzierte Sektion<\/span><\/strong><\/p>\n<p>&nbsp;<\/p>\n","protected":false},"excerpt":{"rendered":"<p>\u200b Charaktername Amrit Doobay Status NPC Spieler Debora Dienstliche Informationen Ranggrafik Rang Lieutenant Senior Grade Posten FLG Stationierung USS Nemesis Physische Beschreibung Spezies Mensch Geschlecht M\u00e4nnlich Gr\u00f6\u00dfe \u00a0187 cm Gewicht \u00a080 kg Hautfarbe gebr\u00e4unt Haarfarbe schwarz Augenfarbe blau Biographische Informationen Geburtsort Erde, Indien, Dubai Geburtstag 15.05.2488 Familienstand ledig Familie Vater:\u00a0 Vimal Doobay Mutter:\u00a0 Amala DoobaySister:&#8230;<\/p>\n<p class=\"more-link-wrap\"><a href=\"https:\/\/www.sf-germany.org\/einheiten\/uss-hephaistos\/sektor\/uss-nemesis-ncc-7666\/amrit-doobay\/\" class=\"more-link\">Read More<span class=\"screen-reader-text\"> &ldquo;Amrit Doobay&rdquo;<\/span> &raquo;<\/a><\/p>\n","protected":false},"author":2,"featured_media":0,"parent":7662,"menu_order":2,"comment_status":"closed","ping_status":"closed","template":"page-templates\/medium.php","meta":{"footnotes":""},"class_list":["post-8160","page","type-page","status-publish","hentry"],"_links":{"self":[{"href":"https:\/\/www.sf-germany.org\/einheiten\/uss-hephaistos\/wp-json\/wp\/v2\/pages\/8160","targetHints":{"allow":["GET"]}}],"collection":[{"href":"https:\/\/www.sf-germany.org\/einheiten\/uss-hephaistos\/wp-json\/wp\/v2\/pages"}],"about":[{"href":"https:\/\/www.sf-germany.org\/einheiten\/uss-hephaistos\/wp-json\/wp\/v2\/types\/page"}],"author":[{"embeddable":true,"href":"https:\/\/www.sf-germany.org\/einheiten\/uss-hephaistos\/wp-json\/wp\/v2\/users\/2"}],"replies":[{"embeddable":true,"href":"https:\/\/www.sf-germany.org\/einheiten\/uss-hephaistos\/wp-json\/wp\/v2\/comments?post=8160"}],"version-history":[{"count":3,"href":"https:\/\/www.sf-germany.org\/einheiten\/uss-hephaistos\/wp-json\/wp\/v2\/pages\/8160\/revisions"}],"predecessor-version":[{"id":8167,"href":"https:\/\/www.sf-germany.org\/einheiten\/uss-hephaistos\/wp-json\/wp\/v2\/pages\/8160\/revisions\/8167"}],"up":[{"embeddable":true,"href":"https:\/\/www.sf-germany.org\/einheiten\/uss-hephaistos\/wp-json\/wp\/v2\/pages\/7662"}],"wp:attachment":[{"href":"https:\/\/www.sf-germany.org\/einheiten\/uss-hephaistos\/wp-json\/wp\/v2\/media?parent=8160"}],"curies":[{"name":"wp","href":"https:\/\/api.w.org\/{rel}","templated":true}]}}