{"id":8220,"date":"2024-04-02T15:14:26","date_gmt":"2024-04-02T13:14:26","guid":{"rendered":"https:\/\/www.sf-germany.org\/einheiten\/uss-hephaistos\/?page_id=8220"},"modified":"2024-04-02T15:14:26","modified_gmt":"2024-04-02T13:14:26","slug":"richard-hensford","status":"publish","type":"page","link":"https:\/\/www.sf-germany.org\/einheiten\/uss-hephaistos\/die-crew\/spieler\/richard-hensford\/","title":{"rendered":"Richard Hensford"},"content":{"rendered":"<div style=\"float: right; margin-left: 15px; margin-bottom: 15px; font-size: 11px; width: 350px; padding-left: 10px; padding-right: 10px;\">\n<table style=\"border: 0px solid #003366; background: transparent; box-shadow: rgba(255, 255, 255, 0.75) 0.1em 0.1em 0.5em; border-radius: 1em; width: 100%; height: 630px;\" border=\"3\" cellspacing=\"10\" align=\"right\">\n<tbody>\n<tr style=\"height: 19px;\">\n<td style=\"font-weight: bold; border: 0px solid transparent; width: 100%; height: 19px;\" colspan=\"2\" align=\"center\"><\/td>\n<\/tr>\n<tr style=\"height: 145px;\">\n<td style=\"background: transparent; border: 0px solid transparent; width: 100%; height: 145px;\" colspan=\"2\" align=\"center\"><img loading=\"lazy\" decoding=\"async\" class=\"\" src=\"https:\/\/www.sf-germany.org\/einheiten\/uss-hephaistos\/wp-content\/uploads\/20240330_152150000_iOS.jpg\" alt=\"\" width=\"299\" height=\"224\" \/><\/td>\n<\/tr>\n<tr style=\"height: 19px;\">\n<td style=\"font-weight: bold; border: 0px solid transparent; width: 100%; height: 19px;\" colspan=\"2\" align=\"center\"><b>Richard Hensford<br \/>\n<\/b><\/td>\n<\/tr>\n<tr style=\"height: 19px;\">\n<td style=\"font-weight: bold; border: 0px solid transparent; width: 50%; height: 19px;\" align=\"right\" width=\"50%\">Status<\/td>\n<td style=\"border: 0px solid transparent; width: 50%; height: 19px;\" align=\"left\" width=\"50%\">NPC<\/td>\n<\/tr>\n<tr style=\"height: 19px;\">\n<td style=\"font-weight: bold; border: 0px solid transparent; width: 50%; height: 19px;\" align=\"right\" width=\"50%\">Spieler<\/td>\n<td style=\"border: 0px solid transparent; width: 50%; height: 19px;\" align=\"left\" width=\"50%\">Oli<\/td>\n<\/tr>\n<tr style=\"height: 19px;\">\n<td style=\"font-weight: bold; border: 0px solid #003366; background: #555555; box-shadow: rgba(255, 255, 255, 0.75) 0.1em 0.1em 0.5em; border-radius: 1em; width: 100%; height: 19px;\" colspan=\"2\" align=\"center\">Dienstliche Informationen<\/td>\n<\/tr>\n<tr style=\"height: 29px;\">\n<td style=\"font-weight: bold; border: 0px solid transparent; width: 50%; height: 29px;\" align=\"right\" width=\"50%\">Ranggrafik<\/td>\n<td style=\"border: 0px solid transparent; width: 50%; height: 29px;\" align=\"left\" width=\"50%\"><img loading=\"lazy\" decoding=\"async\" class=\"\" src=\"https:\/\/www.sf-germany.com\/images\/schemata\/sto\/gelb\/scpo.png\" alt=\"\" width=\"100\" height=\"25\" \/><\/td>\n<\/tr>\n<tr style=\"height: 19px;\">\n<td style=\"font-weight: bold; border: 0px solid transparent; width: 50%; height: 19px;\" align=\"right\" width=\"50%\">Rang<\/td>\n<td style=\"border: 0px solid transparent; width: 50%; height: 19px;\" align=\"left\" width=\"50%\"><span class=\"BxUVEf ILfuVd\" lang=\"de\"><span class=\"hgKElc\">Senior Chief Petty Officer<br \/>\n<\/span><\/span><\/td>\n<\/tr>\n<tr style=\"height: 19px;\">\n<td style=\"font-weight: bold; border: 0px solid transparent; width: 50%; height: 19px;\" align=\"right\" width=\"50%\">Posten<\/td>\n<td style=\"border: 0px solid transparent; width: 50%; height: 19px;\" align=\"left\" width=\"50%\">sCSO<\/td>\n<\/tr>\n<tr style=\"height: 19px;\">\n<td style=\"font-weight: bold; border: 0px solid transparent; width: 50%; height: 19px;\" align=\"right\" width=\"50%\">Stationierung<\/td>\n<td style=\"border: 0px solid transparent; width: 50%; height: 19px;\" align=\"left\" width=\"50%\">USS Hephaistos<\/td>\n<\/tr>\n<tr style=\"height: 19px;\">\n<td style=\"font-weight: bold; border: 0px solid #003366; background: #555555; box-shadow: rgba(255, 255, 255, 0.75) 0.1em 0.1em 0.5em; border-radius: 1em; width: 100%; height: 19px;\" colspan=\"2\" align=\"center\">Physische Beschreibung<\/td>\n<\/tr>\n<tr style=\"height: 19px;\">\n<td style=\"font-weight: bold; border: 0px solid transparent; width: 50%; height: 19px;\" align=\"right\" width=\"50%\">Spezies<\/td>\n<td style=\"border: 0px solid transparent; width: 50%; height: 19px;\" align=\"left\" width=\"50%\">Mensch<\/td>\n<\/tr>\n<tr style=\"height: 19px;\">\n<td style=\"font-weight: bold; border: 0px solid transparent; width: 50%; height: 19px;\" align=\"right\" width=\"50%\">Geschlecht<\/td>\n<td style=\"border: 0px solid transparent; width: 50%; height: 19px;\" align=\"left\" width=\"50%\">m\u00e4nnlich<\/td>\n<\/tr>\n<tr style=\"height: 19px;\">\n<td style=\"font-weight: bold; border: 0px solid transparent; width: 50%; height: 19px;\" align=\"right\" width=\"50%\">Gr\u00f6\u00dfe<\/td>\n<td style=\"border: 0px solid transparent; width: 50%; height: 19px;\" align=\"left\" width=\"50%\">\u00a0187 cm<\/td>\n<\/tr>\n<tr style=\"height: 19px;\">\n<td style=\"font-weight: bold; border: 0px solid transparent; width: 50%; height: 19px;\" align=\"right\" width=\"50%\">Gewicht<\/td>\n<td style=\"border: 0px solid transparent; width: 50%; height: 19px;\" align=\"left\" width=\"50%\">\u00a081 kg<\/td>\n<\/tr>\n<tr style=\"height: 19px;\">\n<td style=\"font-weight: bold; border: 0px solid transparent; width: 50%; height: 19px;\" align=\"right\" width=\"50%\">Hautfarbe<\/td>\n<td style=\"border: 0px solid transparent; width: 50%; height: 19px;\" align=\"left\" width=\"50%\">hell<\/td>\n<\/tr>\n<tr style=\"height: 19px;\">\n<td style=\"font-weight: bold; border: 0px solid transparent; width: 50%; height: 19px;\" align=\"right\" width=\"50%\">Haarfarbe<\/td>\n<td style=\"border: 0px solid transparent; width: 50%; height: 19px;\" align=\"left\" width=\"50%\">braun\/grau<\/td>\n<\/tr>\n<tr style=\"height: 19px;\">\n<td style=\"font-weight: bold; border: 0px solid transparent; width: 50%; height: 19px;\" align=\"right\" width=\"50%\">Augenfarbe<\/td>\n<td style=\"border: 0px solid transparent; width: 50%; height: 19px;\" align=\"left\" width=\"50%\">grau-braun<\/td>\n<\/tr>\n<tr style=\"height: 19px;\">\n<td style=\"font-weight: bold; border: 0px solid #003366; background: #555555; box-shadow: rgba(255, 255, 255, 0.75) 0.1em 0.1em 0.5em; border-radius: 1em; width: 100%; height: 19px;\" colspan=\"2\" align=\"center\">Biographische Informationen<\/td>\n<\/tr>\n<tr style=\"height: 19px;\">\n<td style=\"font-weight: bold; border: 0px solid transparent; width: 50%; height: 19px;\" align=\"right\" width=\"50%\">Geburtsort<\/td>\n<td style=\"border: 0px solid transparent; width: 50%; height: 19px;\" align=\"left\" width=\"50%\">USS Oberon<\/td>\n<\/tr>\n<tr style=\"height: 19px;\">\n<td style=\"font-weight: bold; border: 0px solid transparent; width: 50%; height: 19px;\" align=\"right\" width=\"50%\">Geburtstag<\/td>\n<td style=\"border: 0px solid transparent; width: 50%; height: 19px;\" align=\"left\" width=\"50%\">5. August 2385<\/td>\n<\/tr>\n<tr style=\"height: 19px;\">\n<td style=\"font-weight: bold; border: 0px solid transparent; width: 50%; height: 19px;\" align=\"right\" width=\"50%\">Familienstand<\/td>\n<td style=\"border: 0px solid transparent; width: 50%; height: 19px;\" align=\"left\" width=\"50%\">ledig<\/td>\n<\/tr>\n<tr style=\"height: 19px;\">\n<td style=\"font-weight: bold; border: 0px solid transparent; width: 50%; height: 19px;\" align=\"right\" width=\"50%\">Familie<\/td>\n<td style=\"border: 0px solid transparent; width: 50%; height: 19px;\" align=\"left\" width=\"50%\">Mutter: Lisa Sunderland<br \/>\nVater: Georg Sunderland<\/td>\n<\/tr>\n<tr style=\"height: 19px;\">\n<td style=\"font-weight: bold; border: 0px solid transparent; width: 50%; height: 19px;\" align=\"right\" width=\"50%\">Religion<\/td>\n<td style=\"border: 0px solid transparent; width: 50%; height: 19px;\" align=\"left\" width=\"50%\">n\/a<\/td>\n<\/tr>\n<tr style=\"height: 19px;\">\n<td style=\"font-weight: bold; border: 0px solid #003366; background: #555555; box-shadow: rgba(255, 255, 255, 0.75) 0.1em 0.1em 0.5em; border-radius: 1em; width: 100%; height: 19px;\" colspan=\"2\" align=\"center\">Politische informationen<\/td>\n<\/tr>\n<tr style=\"height: 19px;\">\n<td style=\"font-weight: bold; border: 0px solid transparent; width: 50%; height: 19px;\" align=\"right\" width=\"50%\">Buergerschaft<\/td>\n<td style=\"border: 0px solid transparent; width: 50%; height: 19px;\" align=\"left\" width=\"50%\">F\u00f6derationsb\u00fcrger<\/td>\n<\/tr>\n<\/tbody>\n<\/table>\n<\/div>\n<p><strong><span style=\"font-size: 24pt;\">Lebenslauf<\/span><\/strong><\/p>\n<p>&nbsp;<\/p>\n<hr \/>\n<p><strong><span style=\"font-size: 24pt;\">Psychologisches Profil<\/span><\/strong><\/p>\n<p>&nbsp;<\/p>\n<p><strong><span style=\"font-size: 18pt;\">St\u00e4rken \/ Schw\u00e4chen<\/span><\/strong><\/p>\n<p><strong>Positiv:<\/strong><\/p>\n<ul>\n<li><\/li>\n<\/ul>\n<p><strong>Negativ:<\/strong><\/p>\n<ul>\n<li><\/li>\n<\/ul>\n<p><strong>Vorlieben:<\/strong><\/p>\n<ul>\n<li><\/li>\n<\/ul>\n<p><strong>Abneigungen:\u00a0<\/strong><\/p>\n<ul>\n<li><\/li>\n<\/ul>\n<hr \/>\n<p><strong><span style=\"font-size: 24pt;\">Spezialgebiete<\/span><\/strong><\/p>\n<p><strong>Studien auf der Sternenflottenakademie:<\/strong><\/p>\n<p>&nbsp;<\/p>\n<p>Hauptf\u00e4cher:<\/p>\n<ul>\n<li><\/li>\n<\/ul>\n<p>Nebenf\u00e4cher:<\/p>\n<ul>\n<li><\/li>\n<\/ul>\n<p><strong>Besonderheiten der eigenen Spezies:<\/strong><br \/>\nKeine<\/p>\n<p><strong>Sonstiges:<\/strong><\/p>\n<p>&nbsp;<\/p>\n<hr \/>\n<p><strong><span style=\"font-size: 24pt;\">Hobbies<\/span><\/strong><\/p>\n<ul>\n<li><\/li>\n<\/ul>\n<hr \/>\n<p><strong><span style=\"font-size: 24pt;\">Medizinisches Profil<\/span><\/strong><\/p>\n<p>&nbsp;<\/p>\n<p><strong>Krankheiten &amp; Gesundheit:<\/strong><\/p>\n<ul>\n<li><\/li>\n<\/ul>\n<hr \/>\n<p><strong><span style=\"font-size: 24pt;\">Klassifzierte Sektion<\/span><\/strong><\/p>\n<p>Keine Eintr\u00e4ge<\/p>\n","protected":false},"excerpt":{"rendered":"<p>Richard Hensford Status NPC Spieler Oli Dienstliche Informationen Ranggrafik Rang Senior Chief Petty Officer Posten sCSO Stationierung USS Hephaistos Physische Beschreibung Spezies Mensch Geschlecht m\u00e4nnlich Gr\u00f6\u00dfe \u00a0187 cm Gewicht \u00a081 kg Hautfarbe hell Haarfarbe braun\/grau Augenfarbe grau-braun Biographische Informationen Geburtsort USS Oberon Geburtstag 5. August 2385 Familienstand ledig Familie Mutter: Lisa Sunderland Vater: Georg Sunderland&#8230;<\/p>\n<p class=\"more-link-wrap\"><a href=\"https:\/\/www.sf-germany.org\/einheiten\/uss-hephaistos\/die-crew\/spieler\/richard-hensford\/\" class=\"more-link\">Read More<span class=\"screen-reader-text\"> &ldquo;Richard Hensford&rdquo;<\/span> &raquo;<\/a><\/p>\n","protected":false},"author":2,"featured_media":0,"parent":54,"menu_order":0,"comment_status":"closed","ping_status":"closed","template":"page-templates\/medium.php","meta":{"footnotes":""},"class_list":["post-8220","page","type-page","status-publish","hentry"],"_links":{"self":[{"href":"https:\/\/www.sf-germany.org\/einheiten\/uss-hephaistos\/wp-json\/wp\/v2\/pages\/8220","targetHints":{"allow":["GET"]}}],"collection":[{"href":"https:\/\/www.sf-germany.org\/einheiten\/uss-hephaistos\/wp-json\/wp\/v2\/pages"}],"about":[{"href":"https:\/\/www.sf-germany.org\/einheiten\/uss-hephaistos\/wp-json\/wp\/v2\/types\/page"}],"author":[{"embeddable":true,"href":"https:\/\/www.sf-germany.org\/einheiten\/uss-hephaistos\/wp-json\/wp\/v2\/users\/2"}],"replies":[{"embeddable":true,"href":"https:\/\/www.sf-germany.org\/einheiten\/uss-hephaistos\/wp-json\/wp\/v2\/comments?post=8220"}],"version-history":[{"count":1,"href":"https:\/\/www.sf-germany.org\/einheiten\/uss-hephaistos\/wp-json\/wp\/v2\/pages\/8220\/revisions"}],"predecessor-version":[{"id":8222,"href":"https:\/\/www.sf-germany.org\/einheiten\/uss-hephaistos\/wp-json\/wp\/v2\/pages\/8220\/revisions\/8222"}],"up":[{"embeddable":true,"href":"https:\/\/www.sf-germany.org\/einheiten\/uss-hephaistos\/wp-json\/wp\/v2\/pages\/54"}],"wp:attachment":[{"href":"https:\/\/www.sf-germany.org\/einheiten\/uss-hephaistos\/wp-json\/wp\/v2\/media?parent=8220"}],"curies":[{"name":"wp","href":"https:\/\/api.w.org\/{rel}","templated":true}]}}