{"id":833,"date":"2019-02-01T23:30:13","date_gmt":"2019-02-01T22:30:13","guid":{"rendered":"http:\/\/www.sf-germany.org\/einheiten\/hephaistos\/?page_id=833"},"modified":"2023-04-03T00:20:30","modified_gmt":"2023-04-02T22:20:30","slug":"lydia-antoniou","status":"publish","type":"page","link":"https:\/\/www.sf-germany.org\/einheiten\/uss-hephaistos\/die-crew\/charakter-archiv\/lydia-antoniou\/","title":{"rendered":"Lydia Antoniou"},"content":{"rendered":"<div style=\"float: right; margin-left: 15px; margin-bottom: 15px; font-size: 11px;\">\n<table style=\"border: solid 0px #003366; background: transparent; box-shadow: 0.1em 0.1em 0.5em rgba(255,255,255,0.75); -moz-box-shadow: 0.1em 0.1em 0.5em rgba(255,255,255,0.75); -webkit-box-shadow: 0.1em 0.1em 0.5em rgba(255,255,255,0.75); border-radius: 1em; -moz-border-radius: 1em; -webkit-border-radius: 1em;\" border=\"3\" cellspacing=\"10\" align=\"right\">\n<tbody>\n<tr>\n<td style=\"font-weight: bold; border: solid 0px transparent;\" colspan=\"2\" align=\"center\"><\/td>\n<\/tr>\n<tr>\n<td style=\"background: transparent; border: solid 0px transparent;\" colspan=\"2\" align=\"center\"><img loading=\"lazy\" decoding=\"async\" class=\"aligncenter size-thumbnail wp-image-111\" src=\"https:\/\/www.sf-germany.org\/einheiten\/uss-hephaistos\/wp-content\/uploads\/2016\/01\/CharBild-150x140.png\" alt=\"\" width=\"150\" height=\"140\" \/><\/td>\n<\/tr>\n<tr>\n<td style=\"font-weight: bold; border: solid 0px transparent;\" colspan=\"2\" align=\"center\"><b>Lydia Antoniou<\/b><\/td>\n<\/tr>\n<tr>\n<td style=\"font-weight: bold; border: solid 0px transparent;\" align=\"right\" width=\"50%\">Status<\/td>\n<td style=\"border: solid 0px transparent;\" align=\"left\" width=\"50%\">NPC<\/td>\n<\/tr>\n<tr>\n<td style=\"font-weight: bold; border: solid 0px transparent;\" align=\"right\" width=\"50%\">Spieler<\/td>\n<td style=\"border: solid 0px transparent;\" align=\"left\" width=\"50%\">Effi<\/td>\n<\/tr>\n<tr>\n<td style=\"font-weight: bold; border: solid 0px #003366; background: #555; box-shadow: 0.1em 0.1em 0.5em rgba(255,255,255,0.75); -webkit-box-shadow: 0.1em 0.1em 0.5em rgba(255,255,255,0.75); border-radius: 1em; -webkit-border-radius: 1em;\" colspan=\"2\" align=\"center\">Dienstliche Informationen<\/td>\n<\/tr>\n<tr>\n<td style=\"font-weight: bold; border: solid 0px transparent;\" align=\"right\" width=\"50%\">Ranggrafik<\/td>\n<td style=\"border: solid 0px transparent;\" align=\"left\" width=\"50%\"><img loading=\"lazy\" decoding=\"async\" src=\"https:\/\/www.sf-germany.com\/images\/schemata\/sto\/rot\/ens.png\" alt=\"\" width=\"100\" height=\"25\" \/><\/td>\n<\/tr>\n<tr>\n<td style=\"font-weight: bold; border: solid 0px transparent;\" align=\"right\" width=\"50%\">Rang<\/td>\n<td style=\"border: solid 0px transparent;\" align=\"left\" width=\"50%\">Ensign<\/td>\n<\/tr>\n<tr>\n<td style=\"font-weight: bold; border: solid 0px transparent;\" align=\"right\" width=\"50%\">Posten<\/td>\n<td style=\"border: solid 0px transparent;\" align=\"left\" width=\"50%\">Adjutantin der CO<\/td>\n<\/tr>\n<tr>\n<td style=\"font-weight: bold; border: solid 0px transparent;\" align=\"right\" width=\"50%\">Stationierung<\/td>\n<td style=\"border: solid 0px transparent;\" align=\"left\" width=\"50%\">USS Ainama (zerst\u00f6rt)<\/td>\n<\/tr>\n<tr>\n<td style=\"font-weight: bold; border: solid 0px #003366; background: #555; box-shadow: 0.1em 0.1em 0.5em rgba(255,255,255,0.75); -webkit-box-shadow: 0.1em 0.1em 0.5em rgba(255,255,255,0.75); border-radius: 1em; -webkit-border-radius: 1em;\" colspan=\"2\" align=\"center\">Physische Beschreibung<\/td>\n<\/tr>\n<tr>\n<td style=\"font-weight: bold; border: solid 0px transparent;\" align=\"right\" width=\"50%\">Spezies<\/td>\n<td style=\"border: solid 0px transparent;\" align=\"left\" width=\"50%\">Mensch<\/td>\n<\/tr>\n<tr>\n<td style=\"font-weight: bold; border: solid 0px transparent;\" align=\"right\" width=\"50%\">Geschlecht<\/td>\n<td style=\"border: solid 0px transparent;\" align=\"left\" width=\"50%\">weiblich<\/td>\n<\/tr>\n<tr>\n<td style=\"font-weight: bold; border: 0px solid transparent;\" align=\"right\" width=\"50%\">Gr\u00f6\u00dfe<\/td>\n<td style=\"border: 0px solid transparent;\" align=\"left\" width=\"50%\">154 cm<\/td>\n<\/tr>\n<tr>\n<td style=\"font-weight: bold; border: solid 0px transparent;\" align=\"right\" width=\"50%\">Gewicht<\/td>\n<td style=\"border: solid 0px transparent;\" align=\"left\" width=\"50%\">48 kg<\/td>\n<\/tr>\n<tr>\n<td style=\"font-weight: bold; border: solid 0px transparent;\" align=\"right\" width=\"50%\">Haarfarbe<\/td>\n<td style=\"border: solid 0px transparent;\" align=\"left\" width=\"50%\">blau-schwarz (lang)<\/td>\n<\/tr>\n<tr>\n<td style=\"font-weight: bold; border: solid 0px transparent;\" align=\"right\" width=\"50%\">Hautfarbe<\/td>\n<td style=\"border: solid 0px transparent;\" align=\"left\" width=\"50%\">bronze<\/td>\n<\/tr>\n<tr>\n<td style=\"font-weight: bold; border: solid 0px transparent;\" align=\"right\" width=\"50%\">Augenfarbe<\/td>\n<td style=\"border: solid 0px transparent;\" align=\"left\" width=\"50%\">dunkel<\/td>\n<\/tr>\n<tr>\n<td style=\"font-weight: bold; border: solid 0px #003366; background: #555; box-shadow: 0.1em 0.1em 0.5em rgba(255,255,255,0.75); -webkit-box-shadow: 0.1em 0.1em 0.5em rgba(255,255,255,0.75); border-radius: 1em; -webkit-border-radius: 1em;\" colspan=\"2\" align=\"center\">Biographische Informationen<\/td>\n<\/tr>\n<tr>\n<td style=\"font-weight: bold; border: solid 0px transparent;\" align=\"right\" width=\"50%\">Geburtstag<\/td>\n<td style=\"border: solid 0px transparent;\" align=\"left\" width=\"50%\">(20)<\/td>\n<\/tr>\n<tr>\n<td style=\"font-weight: bold; border: 0px solid transparent;\" align=\"right\" valign=\"top\" width=\"50%\">herkunft<\/td>\n<td style=\"border: 0px solid transparent;\" align=\"left\" width=\"50%\">Erde \/ Athen<\/td>\n<\/tr>\n<tr>\n<td style=\"font-weight: bold; border: 0px solid transparent;\" align=\"right\" width=\"50%\">Familienstand<\/td>\n<td style=\"border: 0px solid transparent;\" align=\"left\" width=\"50%\">ledig<\/td>\n<\/tr>\n<tr>\n<td style=\"font-weight: bold; border: solid 0px #003366; background: #555; box-shadow: 0.1em 0.1em 0.5em rgba(255,255,255,0.75); -webkit-box-shadow: 0.1em 0.1em 0.5em rgba(255,255,255,0.75); border-radius: 1em; -webkit-border-radius: 1em;\" colspan=\"2\" align=\"center\">Politische informationen<\/td>\n<\/tr>\n<tr>\n<td style=\"font-weight: bold; border: solid 0px transparent;\" align=\"right\" width=\"50%\">Buergerschaft<\/td>\n<td style=\"border: solid 0px transparent;\" align=\"left\" width=\"50%\">F\u00f6derationsb\u00fcrger<\/td>\n<\/tr>\n<\/tbody>\n<\/table>\n<\/div>\n<h2>Lebenslauf<\/h2>\n<p>Lydia wurde als drittes von vier Kindern in Athen (Griechenland, Erde) geboren. Ihr Vater besa\u00df eine Olivenfarm vor der Stadt, mit der er die Familie nur mehr schlecht als recht ern\u00e4hren konnte. Daher arbeitete seine Frau immer wieder als &#8218;Begleiterin&#8216; f\u00fcr zahlende Kunden in Athen. Eine Tatsache, die oft zu Streit f\u00fchrte.<\/p>\n<p>W\u00e4hrend Lydias \u00e4ltester Bruder fr\u00fch auf der v\u00e4terlichen Farm mithalf, taten ihre Eltern alles, dass ihr zweitgeborener Sohn wie auch ihre T\u00f6chter eine gute Ausbildung erhielten und renommierte Schulen besuchten.<\/p>\n<p>Mit f\u00fcnfzehn meldete sich Lydia, unter Vorspiegelung falscher Daten, ebenfalls in einer Agentur an, um als Hostess zu arbeiten. Als ihre Mutter davon erfuhr, wurde diese fuchsteufelswild und untersagte ihrer Tochter diese Art von Arbeit. Sie wollte, dass Lydia es einmal besser habe und studierte.<\/p>\n<p>Mit sechzehn legte Lydia, auf Betreiben ihrer Mutter, die Pr\u00fcfung f\u00fcr die Sternenflottenakademie ab und bestand diese, wenn auch nur knapp.<\/p>\n<p>Lydia besuchte die Akademie und belegte die F\u00e4cher Kommunikation und Operationen. Sie schloss als eine der Besten ihres Jahrgangs ab. Da sie ein Sprachtalent und sehr gute soziale Umgangsformen besa\u00df, wurde nach dem Ende ihrer Akademiezeit ihrer Bewerbung als Adjutantin der <a href=\"https:\/\/www.sf-germany.org\/einheiten\/uss-hephaistos\/die-crew\/spieler\/shay-ruthven\/claudia-ruthven\/\">CO der USS Ainama<\/a> statt gegeben.<\/p>\n<p>W\u00e4hrend ihrer ersten Mission geriet sie in klingonische Gefangenschaft. Die junge Griechin war weder auf k\u00f6rperliche Misshandlungen noch psychische Folter vorbereitet und so gab sie schlie\u00dflich Geheimnisse Preis, die sie aufgeschnappt hatte &#8211; um sich (und ihre Kameraden) zu retten.<\/p>\n<hr \/>\n<h2>Psychologisches Profil<\/h2>\n<p>Lydia besitzt einen starken Selbsterhaltungstrieb und \u00dcberlebenswillen. Dies hat letztendlich zu ihrem Verrat an der Sternenflotte gef\u00fchrt. Sie ist sich diesem wohl bewusst, hat sich aber geschworen, alles Notwendige zu tun, um nicht zu sterben.<\/p>\n<p>Mittlerweile hat sie auf dem Klingonenschiff, in Kriegsgefangenschaft, viel erlebt und eine Art Stockholm-Syndrom entwickelt. Eine R\u00fcckkehr zur Sternenflotte wird von selbst schwer fallen, auch wenn es nicht unm\u00f6glich sein d\u00fcrfte, sie zur\u00fcckzuholen.<\/p>\n<hr \/>\n<h2>Spezialgebiete<\/h2>\n<ul>\n<li>Operationen\n<ul>\n<li>Organisation von Veranstaltungen<\/li>\n<\/ul>\n<\/li>\n<li>Kommunikation\n<ul>\n<li>\u00dcbersetzungen<\/li>\n<\/ul>\n<\/li>\n<\/ul>\n<h3>Sprachen<\/h3>\n<ul>\n<li>F\u00f6derationsstandard<\/li>\n<li>Griechisch (Muttersprache)<\/li>\n<li>Denobulanisch (fortgeschritten)<\/li>\n<li>Vulkanisch (fortgeschritten)<\/li>\n<li>Andorianisch (fl\u00fcssig)<\/li>\n<li>Eldaril (Grundz\u00fcge)<\/li>\n<li>Klingonisch (Grundz\u00fcge)<\/li>\n<\/ul>\n<hr \/>\n<h2>Hobbies<\/h2>\n<ul>\n<li>Tanzen<\/li>\n<li>Lesen<\/li>\n<\/ul>\n<hr \/>\n<h2>Medizinisches Profil<\/h2>\n<p>Keine bekannten gesundheitlichen Leiden.<\/p>\n<ul>\n<li>verschiedene blaue Flecke und Kratzer<\/li>\n<li>Trauma<\/li>\n<\/ul>\n<hr \/>\n<h2>Klassifzierte Sektion<\/h2>\n<p>k. A.<\/p>\n<hr \/>\n<h3>Posts<\/h3>\n<p>Der Charakter taucht in folgenden Posts der Hephaistos auf:<\/p>\n<p>[<a href=\"https:\/\/de.groups.yahoo.com\/neo\/groups\/USS-Hephaistos\/conversations\/messages\/513\">513<\/a>], [<a href=\"https:\/\/de.groups.yahoo.com\/neo\/groups\/USS-Hephaistos\/conversations\/messages\/524\">524<\/a>]<\/p>\n","protected":false},"excerpt":{"rendered":"<p>Lydia Antoniou Status NPC Spieler Effi Dienstliche Informationen Ranggrafik Rang Ensign Posten Adjutantin der CO Stationierung USS Ainama (zerst\u00f6rt) Physische Beschreibung Spezies Mensch Geschlecht weiblich Gr\u00f6\u00dfe 154 cm Gewicht 48 kg Haarfarbe blau-schwarz (lang) Hautfarbe bronze Augenfarbe dunkel Biographische Informationen Geburtstag (20) herkunft Erde \/ Athen Familienstand ledig Politische informationen Buergerschaft F\u00f6derationsb\u00fcrger Lebenslauf Lydia wurde&#8230;<\/p>\n<p class=\"more-link-wrap\"><a href=\"https:\/\/www.sf-germany.org\/einheiten\/uss-hephaistos\/die-crew\/charakter-archiv\/lydia-antoniou\/\" class=\"more-link\">Read More<span class=\"screen-reader-text\"> &ldquo;Lydia Antoniou&rdquo;<\/span> &raquo;<\/a><\/p>\n","protected":false},"author":2,"featured_media":0,"parent":1100,"menu_order":1,"comment_status":"closed","ping_status":"closed","template":"page-templates\/medium.php","meta":{"footnotes":""},"class_list":["post-833","page","type-page","status-publish","hentry"],"_links":{"self":[{"href":"https:\/\/www.sf-germany.org\/einheiten\/uss-hephaistos\/wp-json\/wp\/v2\/pages\/833","targetHints":{"allow":["GET"]}}],"collection":[{"href":"https:\/\/www.sf-germany.org\/einheiten\/uss-hephaistos\/wp-json\/wp\/v2\/pages"}],"about":[{"href":"https:\/\/www.sf-germany.org\/einheiten\/uss-hephaistos\/wp-json\/wp\/v2\/types\/page"}],"author":[{"embeddable":true,"href":"https:\/\/www.sf-germany.org\/einheiten\/uss-hephaistos\/wp-json\/wp\/v2\/users\/2"}],"replies":[{"embeddable":true,"href":"https:\/\/www.sf-germany.org\/einheiten\/uss-hephaistos\/wp-json\/wp\/v2\/comments?post=833"}],"version-history":[{"count":13,"href":"https:\/\/www.sf-germany.org\/einheiten\/uss-hephaistos\/wp-json\/wp\/v2\/pages\/833\/revisions"}],"predecessor-version":[{"id":7235,"href":"https:\/\/www.sf-germany.org\/einheiten\/uss-hephaistos\/wp-json\/wp\/v2\/pages\/833\/revisions\/7235"}],"up":[{"embeddable":true,"href":"https:\/\/www.sf-germany.org\/einheiten\/uss-hephaistos\/wp-json\/wp\/v2\/pages\/1100"}],"wp:attachment":[{"href":"https:\/\/www.sf-germany.org\/einheiten\/uss-hephaistos\/wp-json\/wp\/v2\/media?parent=833"}],"curies":[{"name":"wp","href":"https:\/\/api.w.org\/{rel}","templated":true}]}}