{"id":8341,"date":"2024-04-12T09:59:14","date_gmt":"2024-04-12T07:59:14","guid":{"rendered":"https:\/\/www.sf-germany.org\/einheiten\/uss-hephaistos\/?page_id=8341"},"modified":"2025-05-20T17:44:00","modified_gmt":"2025-05-20T15:44:00","slug":"kurzbeschreibung","status":"publish","type":"page","link":"https:\/\/www.sf-germany.org\/einheiten\/uss-hephaistos\/die-crew\/kurzbeschreibung\/","title":{"rendered":"Kurzbeschreibung"},"content":{"rendered":"<p>Hier findet ihr eine kurze zusammenfasende Beschreibung der Spieler-Charaktere<\/p>\n<div style=\"overflow-x: auto;\">\n<table class=\" alignleft\" style=\"width: 100%; border-collapse: collapse; height: 3236px;\">\n<tbody>\n<tr style=\"height: 167px;\">\n<td style=\"width: 10%; height: 167px;\"><a style=\"color: #f69275; outline: 0px;\" href=\"https:\/\/www.sf-germany.org\/einheiten\/uss-hephaistos\/wp-content\/uploads\/image.webp\"><img loading=\"lazy\" decoding=\"async\" class=\"alignleft wp-image-7924\" src=\"https:\/\/www.sf-germany.org\/einheiten\/uss-hephaistos\/wp-content\/uploads\/image.webp\" alt=\"\" width=\"150\" height=\"150\" srcset=\"https:\/\/www.sf-germany.org\/einheiten\/uss-hephaistos\/wp-content\/uploads\/image.webp 592w, https:\/\/www.sf-germany.org\/einheiten\/uss-hephaistos\/wp-content\/uploads\/image-300x300.webp 300w, https:\/\/www.sf-germany.org\/einheiten\/uss-hephaistos\/wp-content\/uploads\/image-150x150.webp 150w\" sizes=\"auto, (max-width: 150px) 100vw, 150px\" \/><\/a><\/td>\n<td style=\"width: 50%; height: 167px;\" valign=\"top\">Der CO hei\u00dft Shay, ist eher der Typ Pike, man kann mit ihm Zombies jagen oder einen trinken, ist nicht grade verschlossen, kann aber auch durchgreifen.<br \/>\nEr ist verheiratet und hat eine Geliebte und ist der Vater von Shay Jr.<br \/>\nIn der letzten Mission war er Einhornz\u00fcchter.<\/td>\n<\/tr>\n<tr style=\"height: 19px;\">\n<td style=\"width: 60%; height: 19px;\" colspan=\"2\">\n<hr \/>\n<\/td>\n<\/tr>\n<tr style=\"height: 167px;\">\n<td style=\"width: 10%; height: 167px;\"><a style=\"color: #f69275; outline: 0px;\" href=\"https:\/\/www.sf-germany.org\/einheiten\/uss-hephaistos\/wp-content\/uploads\/sam.webp\"><img loading=\"lazy\" decoding=\"async\" class=\"alignleft wp-image-7945\" src=\"https:\/\/www.sf-germany.org\/einheiten\/uss-hephaistos\/wp-content\/uploads\/sam.webp\" alt=\"\" width=\"150\" height=\"150\" srcset=\"https:\/\/www.sf-germany.org\/einheiten\/uss-hephaistos\/wp-content\/uploads\/sam.webp 866w, https:\/\/www.sf-germany.org\/einheiten\/uss-hephaistos\/wp-content\/uploads\/sam-300x300.webp 300w, https:\/\/www.sf-germany.org\/einheiten\/uss-hephaistos\/wp-content\/uploads\/sam-150x150.webp 150w\" sizes=\"auto, (max-width: 150px) 100vw, 150px\" \/><\/a><\/td>\n<td style=\"width: 50%; height: 167px;\" valign=\"top\">Die EO hei\u1e9et Sam. Die ist eher unauff\u00e4llig und h\u00e4lt sich im Hintergrund.<br \/>\nSie kann durchgreifen, will das aber nicht unbedingt.<br \/>\nIn der vorherigen Mission war sie eine machthungrige B\u00fcrgermeisterin und daran hat sie ziemlich zu k\u00e4mpfen, da sie denkt, dies entspricht nicht ihrem Wesen.<\/td>\n<\/tr>\n<tr style=\"height: 19px;\">\n<td style=\"width: 60%; height: 19px;\" colspan=\"2\">\n<hr \/>\n<\/td>\n<\/tr>\n<tr style=\"height: 184px;\">\n<td style=\"width: 10%; height: 184px;\"><a style=\"color: #f69275; outline: 0px;\" href=\"https:\/\/www.sf-germany.org\/einheiten\/uss-hephaistos\/wp-content\/uploads\/2016\/01\/Ettore.jpg\"><img loading=\"lazy\" decoding=\"async\" class=\"alignleft wp-image-125\" src=\"https:\/\/www.sf-germany.org\/einheiten\/uss-hephaistos\/wp-content\/uploads\/2016\/01\/Ettore.jpg\" alt=\"\" width=\"150\" height=\"167\" \/><\/a><\/td>\n<td style=\"width: 50%; height: 184px;\" valign=\"top\">Der 2O hei\u00dfe Ettore. Er lebt eigentlich mit Frau und Kindern an Bord, aber f\u00fcr die Mission ziehen die aus.<br \/>\nBefreundet ist er mit Shay.<br \/>\nEr hat nur einen Arm und hadert manchmal mit der Frage ob er als FO richtig eingesetzt wird<\/td>\n<\/tr>\n<tr style=\"height: 19px;\">\n<td style=\"width: 60%; height: 19px;\" colspan=\"2\">\n<hr \/>\n<\/td>\n<\/tr>\n<tr style=\"height: 183px;\">\n<td style=\"width: 10%; height: 183px;\"><a style=\"color: #f69275; outline: 0px;\" href=\"https:\/\/www.sf-germany.org\/einheiten\/uss-hephaistos\/wp-content\/uploads\/Portrait_Fabien_2_600.jpg\"><img loading=\"lazy\" decoding=\"async\" class=\"alignleft wp-image-7116\" src=\"https:\/\/www.sf-germany.org\/einheiten\/uss-hephaistos\/wp-content\/uploads\/Portrait_Fabien_2_600.jpg\" alt=\"\" width=\"150\" height=\"166\" srcset=\"https:\/\/www.sf-germany.org\/einheiten\/uss-hephaistos\/wp-content\/uploads\/Portrait_Fabien_2_600.jpg 610w, https:\/\/www.sf-germany.org\/einheiten\/uss-hephaistos\/wp-content\/uploads\/Portrait_Fabien_2_600-270x300.jpg 270w\" sizes=\"auto, (max-width: 150px) 100vw, 150px\" \/><\/a><\/td>\n<td style=\"width: 50%; height: 183px;\" valign=\"top\">Der FLG hei\u00dft Fabien. Er hat eine etwas bewegte Vergangenheit hinter sich als Schmuggler.<br \/>\nEr ist der Typ Kumpel, aber manchmal etwas einf\u00e4ltig.<br \/>\nEr wurde aus klingonischer Gefangenschaft befreit.<br \/>\nSeitdem hat er leichte Probleme mit den Augen und kann die Aura von Personen sehen.<br \/>\nEr hat ein romulanisches Shuttle geerbt, welches eine &#8222;Seele&#8220; hat.<\/td>\n<\/tr>\n<tr style=\"height: 19px;\">\n<td style=\"width: 60%; height: 19px;\" colspan=\"2\">\n<hr \/>\n<\/td>\n<\/tr>\n<tr style=\"height: 190px;\">\n<td style=\"width: 10%; height: 190px;\"><a style=\"color: #f69275; outline: 0px;\" href=\"https:\/\/www.sf-germany.org\/einheiten\/uss-hephaistos\/wp-content\/uploads\/ajur_f_.png\"><img loading=\"lazy\" decoding=\"async\" class=\"alignleft wp-image-1172\" src=\"https:\/\/www.sf-germany.org\/einheiten\/uss-hephaistos\/wp-content\/uploads\/ajur_f_.png\" alt=\"\" width=\"150\" height=\"173\" srcset=\"https:\/\/www.sf-germany.org\/einheiten\/uss-hephaistos\/wp-content\/uploads\/ajur_f_.png 378w, https:\/\/www.sf-germany.org\/einheiten\/uss-hephaistos\/wp-content\/uploads\/ajur_f_-260x300.png 260w\" sizes=\"auto, (max-width: 150px) 100vw, 150px\" \/><\/a><\/td>\n<td style=\"width: 50%; height: 190px;\" valign=\"top\">Der TAK hei\u00dft Ajur und ist ein Klingone, der f\u00fcr TASK arbeitet und das experimentelle taktische KI-System betreut.<br \/>\nEr ist in der Regel sehr beherrscht und kontrolliert und denkt immer 5 Schritte voraus.<\/td>\n<\/tr>\n<tr style=\"height: 19px;\">\n<td style=\"width: 60%; height: 19px;\" colspan=\"2\">\n<hr \/>\n<\/td>\n<\/tr>\n<tr style=\"height: 195px;\">\n<td style=\"width: 10%; height: 195px;\"><a href=\"https:\/\/www.sf-germany.org\/einheiten\/uss-hephaistos\/wp-content\/uploads\/2016\/01\/careen.png\"><img loading=\"lazy\" decoding=\"async\" class=\"alignleft wp-image-110\" src=\"https:\/\/www.sf-germany.org\/einheiten\/uss-hephaistos\/wp-content\/uploads\/2016\/01\/careen.png\" alt=\"\" width=\"150\" height=\"179\" \/><\/a><\/td>\n<td style=\"width: 50%; height: 195px;\" valign=\"top\">Ihm zur Seite gestellt wurde Elisa.<br \/>\nSie ist die Frau des CO und brauchte eine Aufgabe.<br \/>\nDer CO wollte gern, dass sie ein Auge auf den TAK hat &#8211; aber sie kann nicht unauff\u00e4llig.<br \/>\nDazu ist sie zu geradlinig und hat das dem Klingone gesagt.<br \/>\nSie ist sehr analytisch und war kurzzeitig Borg.<br \/>\nIhr Nebenjob ist rauszufinden, ob sie gegen alle Regeln und Prinzipien versto\u00dfen m\u00f6chte um wieder bei dem Mann sein zu k\u00f6nnen, den sie liebt.<\/td>\n<\/tr>\n<tr style=\"height: 19px;\">\n<td style=\"width: 60%; height: 19px;\" colspan=\"2\">\n<hr \/>\n<\/td>\n<\/tr>\n<tr style=\"height: 193px;\">\n<td style=\"width: 10%; height: 193px;\"><a href=\"https:\/\/www.sf-germany.org\/einheiten\/uss-hephaistos\/wp-content\/uploads\/Nazira-Tapai.jpg\"><img loading=\"lazy\" decoding=\"async\" class=\"alignleft wp-image-6675\" src=\"https:\/\/www.sf-germany.org\/einheiten\/uss-hephaistos\/wp-content\/uploads\/Nazira-Tapai.jpg\" alt=\"\" width=\"150\" height=\"176\" srcset=\"https:\/\/www.sf-germany.org\/einheiten\/uss-hephaistos\/wp-content\/uploads\/Nazira-Tapai.jpg 1949w, https:\/\/www.sf-germany.org\/einheiten\/uss-hephaistos\/wp-content\/uploads\/Nazira-Tapai-255x300.jpg 255w, https:\/\/www.sf-germany.org\/einheiten\/uss-hephaistos\/wp-content\/uploads\/Nazira-Tapai-871x1024.jpg 871w, https:\/\/www.sf-germany.org\/einheiten\/uss-hephaistos\/wp-content\/uploads\/Nazira-Tapai-1307x1536.jpg 1307w, https:\/\/www.sf-germany.org\/einheiten\/uss-hephaistos\/wp-content\/uploads\/Nazira-Tapai-1742x2048.jpg 1742w\" sizes=\"auto, (max-width: 150px) 100vw, 150px\" \/><\/a><\/td>\n<td style=\"width: 50%; height: 193px;\" valign=\"top\">Nazira ist die CNS, sie ist eine unvereinigte Trill und hat Albinismus (bis auf die Augen).<br \/>\nSie hatte fr\u00fcher in den H\u00f6hlen von Mak&#8217;ala gearbeitet und einen Lieblings-Symbionten, welchen sie sehr vermisst und welcher verschollen ist.<br \/>\nNazira ist in einer Beziehung mit Jori.<br \/>\nIn der letzten Mission war sie eine schweigsame, zur\u00fcckgezogene M\u00fcllerin, die immer nur nachts gearbeitet hat. Ihr engster Vertrauter aus der Anomalie &#8211; der intelligente wei\u00dfe Rabe Caraxes &#8211; ist mit auf die Hephaistos gekommen und treibt nun haupts\u00e4chlich in der Bar sein Unwesen.<\/td>\n<\/tr>\n<tr style=\"height: 19px;\">\n<td style=\"width: 60%; height: 19px;\" colspan=\"2\">\n<hr \/>\n<\/td>\n<\/tr>\n<tr style=\"height: 223px;\">\n<td style=\"width: 10%; height: 223px;\"><a href=\"https:\/\/www.sf-germany.org\/einheiten\/uss-hephaistos\/wp-content\/uploads\/Jori_Versuch_02.jpg\"><img loading=\"lazy\" decoding=\"async\" class=\"alignleft wp-image-8233\" src=\"https:\/\/www.sf-germany.org\/einheiten\/uss-hephaistos\/wp-content\/uploads\/Jori_Versuch_02.jpg\" alt=\"\" width=\"150\" height=\"206\" srcset=\"https:\/\/www.sf-germany.org\/einheiten\/uss-hephaistos\/wp-content\/uploads\/Jori_Versuch_02.jpg 510w, https:\/\/www.sf-germany.org\/einheiten\/uss-hephaistos\/wp-content\/uploads\/Jori_Versuch_02-218x300.jpg 218w\" sizes=\"auto, (max-width: 150px) 100vw, 150px\" \/><\/a><\/td>\n<td style=\"width: 50%; height: 223px;\" valign=\"top\">Als CSO arbeitet Jori.<br \/>\nEr ist ein Eska und ist \u00fcberwiegend umg\u00e4nglich solange sein Schiff und seine Leute nicht bedroht werden.<br \/>\nDa er die Sicherheitsabteilung relativ neu \u00fcbernommen hat ist er dort etwas am aufr\u00e4umen.<br \/>\nStille Wasser sind tief, so auch Jori. Wenn man ihn danach fragt, bekommt man ausf\u00fchrlich von seiner Zeit als traditioneller Eska-J\u00e4ger vorgeschw\u00e4rmt.<br \/>\nJori ist in einer Beziehung mit Nazira.<\/td>\n<\/tr>\n<tr>\n<td style=\"width: 60%;\" colspan=\"2\">\n<hr \/>\n<\/td>\n<\/tr>\n<tr>\n<td style=\"width: 10%;\"><img loading=\"lazy\" decoding=\"async\" class=\"\" src=\"https:\/\/www.sf-germany.org\/einheiten\/uss-hephaistos\/wp-content\/uploads\/Nari-Mando-e1745516837767.png\" width=\"152\" height=\"119\" \/><\/td>\n<td style=\"width: 50%;\">Seine Stellvertreterin hei\u00dft Nari und ist Mindani vom Volk der Najano. Nari ist klein, zart und hat es faustdick hinter den Ohren. Sie ist freundlich und extrovertiert, neigt aber dazu, etwas vorlaut und frech zu werden, wenn sie sich mit den Leuten um sie herum wohlf\u00fchlt. Sie teilt sich ein Quartier mit T&#8217;Vala.<\/p>\n<p>Der Posten als stellvertretende CSO auf der Hephaistos ist Naris erste Position in der Sternenflotte. Davor hat sie bereits Erfahrung im Sicherheitsdienst auf Mindan sammeln k\u00f6nnen.<\/td>\n<\/tr>\n<tr style=\"height: 19px;\">\n<td style=\"width: 60%; height: 19px;\" colspan=\"2\">\n<hr \/>\n<\/td>\n<\/tr>\n<tr style=\"height: 167px;\">\n<td style=\"width: 10%; height: 167px;\"><a style=\"color: #f69275; outline: 0px;\" href=\"https:\/\/www.sf-germany.org\/einheiten\/uss-hephaistos\/wp-content\/uploads\/6q.png\"><img loading=\"lazy\" decoding=\"async\" class=\"wp-image-8071 alignleft\" src=\"https:\/\/www.sf-germany.org\/einheiten\/uss-hephaistos\/wp-content\/uploads\/6q.png\" alt=\"\" width=\"150\" height=\"150\" srcset=\"https:\/\/www.sf-germany.org\/einheiten\/uss-hephaistos\/wp-content\/uploads\/6q.png 1024w, https:\/\/www.sf-germany.org\/einheiten\/uss-hephaistos\/wp-content\/uploads\/6q-300x300.png 300w, https:\/\/www.sf-germany.org\/einheiten\/uss-hephaistos\/wp-content\/uploads\/6q-150x150.png 150w\" sizes=\"auto, (max-width: 150px) 100vw, 150px\" \/><\/a><\/td>\n<td style=\"width: 50%; height: 167px;\" valign=\"top\">Die CM an Bord ist Jetsun Pema, eine Buthanerin, welche an Bord nebenbei versucht an ihrer Dissertation zu arbeiten.<br \/>\nManchmal wird ihr das etwas zu viel.<br \/>\nNach der letzten Mission gab er f\u00fcr sie einschneidende Ver\u00e4nderungen. Ihr sind Fl\u00fcgel gewachsen.<br \/>\nDurch Unachtsamkeit hat sie eine Holofigur zum Leben erweckt, welche sich ihrer selbst bewusst ist und die Jetsun liebt.<br \/>\nJetsun hat eine Liebesbeziehung zu Massimo.<\/td>\n<\/tr>\n<tr style=\"height: 19px;\">\n<td style=\"width: 60%; height: 19px;\" colspan=\"2\">\n<hr \/>\n<\/td>\n<\/tr>\n<tr style=\"height: 117px;\">\n<td style=\"width: 10%; height: 117px;\"><a style=\"color: #f69275; outline: 0px;\" href=\"https:\/\/www.sf-germany.org\/einheiten\/uss-hephaistos\/wp-content\/uploads\/Massimo-Aquila.jpg\"><img loading=\"lazy\" decoding=\"async\" class=\"alignleft wp-image-7881\" src=\"https:\/\/www.sf-germany.org\/einheiten\/uss-hephaistos\/wp-content\/uploads\/Massimo-Aquila.jpg\" alt=\"\" width=\"150\" height=\"100\" srcset=\"https:\/\/www.sf-germany.org\/einheiten\/uss-hephaistos\/wp-content\/uploads\/Massimo-Aquila.jpg 1200w, https:\/\/www.sf-germany.org\/einheiten\/uss-hephaistos\/wp-content\/uploads\/Massimo-Aquila-300x200.jpg 300w, https:\/\/www.sf-germany.org\/einheiten\/uss-hephaistos\/wp-content\/uploads\/Massimo-Aquila-1024x683.jpg 1024w\" sizes=\"auto, (max-width: 150px) 100vw, 150px\" \/><\/a><\/td>\n<td style=\"width: 50%; height: 117px;\" valign=\"top\">Massimo ist Italiener und Teil des Hazard-Teams.<br \/>\nEr ist nicht der typische K\u00e4mpfer sondern hat eine sensible Seite, welche insbesondere zum Tragen kam, als ein der vorhergehenden Mission der sanfte Organist war.<br \/>\nMassimo steht in einer engen Beziehung zu Jetsun<\/td>\n<\/tr>\n<tr style=\"height: 19px;\">\n<td style=\"width: 60%; height: 19px;\" colspan=\"2\">\n<hr \/>\n<\/td>\n<\/tr>\n<tr style=\"height: 178px;\">\n<td style=\"width: 10%; height: 178px;\"><a style=\"color: #f69275; outline: 0px;\" href=\"https:\/\/www.sf-germany.org\/einheiten\/uss-hephaistos\/wp-content\/uploads\/Em.webp\"><img loading=\"lazy\" decoding=\"async\" class=\"alignleft wp-image-7858\" src=\"https:\/\/www.sf-germany.org\/einheiten\/uss-hephaistos\/wp-content\/uploads\/Em.webp\" alt=\"\" width=\"150\" height=\"150\" srcset=\"https:\/\/www.sf-germany.org\/einheiten\/uss-hephaistos\/wp-content\/uploads\/Em.webp 866w, https:\/\/www.sf-germany.org\/einheiten\/uss-hephaistos\/wp-content\/uploads\/Em-300x300.webp 300w, https:\/\/www.sf-germany.org\/einheiten\/uss-hephaistos\/wp-content\/uploads\/Em-150x150.webp 150w\" sizes=\"auto, (max-width: 150px) 100vw, 150px\" \/><\/a><\/td>\n<td style=\"width: 50%; height: 178px;\" valign=\"top\">Emily ist die Cing an Bord und h\u00e4lt das Schiff mit Klebeband zusammen.<br \/>\nNach klingonischer Gefangenschaft ist sie vereinigte Trill.<br \/>\nIhr Symbiont geh\u00f6rt zu einer Splittergruppensekte an. Sie selber it jung und sehr quirlig und extrem lieb.<br \/>\nMit Essen kann man ihr Herz gewinnen, aber eigentlich ist sie mit jedem befreundet und will sich um alle k\u00fcmmern.<br \/>\nBesonders k\u00fcmmert sie sich um die EO Sam, da sie der Meinung ist eine Beziehung mit ihr zu haben. Nur Sam hat das noch nicht mitbekommen und denkt sie sind gute Freunde.<\/td>\n<\/tr>\n<tr style=\"height: 19px;\">\n<td style=\"width: 60%; height: 19px;\" colspan=\"2\">\n<hr \/>\n<\/td>\n<\/tr>\n<tr style=\"height: 242px;\">\n<td style=\"width: 10%; height: 242px;\"><a style=\"color: #f69275; outline: 0px;\" href=\"https:\/\/www.sf-germany.org\/einheiten\/uss-hephaistos\/wp-content\/uploads\/ana.webp\"><img loading=\"lazy\" decoding=\"async\" class=\"alignleft wp-image-7943\" src=\"https:\/\/www.sf-germany.org\/einheiten\/uss-hephaistos\/wp-content\/uploads\/ana.webp\" alt=\"\" width=\"150\" height=\"225\" srcset=\"https:\/\/www.sf-germany.org\/einheiten\/uss-hephaistos\/wp-content\/uploads\/ana.webp 512w, https:\/\/www.sf-germany.org\/einheiten\/uss-hephaistos\/wp-content\/uploads\/ana-200x300.webp 200w\" sizes=\"auto, (max-width: 150px) 100vw, 150px\" \/><\/a><\/td>\n<td style=\"width: 50%; height: 242px;\" valign=\"top\">Das Gegengewicht im Maschinenraum liefert Ana.<br \/>\nAna ist eine betazoidische Autistin und eckt \u00f6fter mit ihrer Art an.<br \/>\nAber Ana kommt sehr gut mit der sCWI T&#8217;Vala aus.<br \/>\nRelativ frisch verheiratet ist Ana mit der Iskyra Ortrichk.<\/td>\n<\/tr>\n<tr style=\"height: 19px;\">\n<td style=\"width: 60%; height: 19px;\" colspan=\"2\">\n<hr \/>\n<\/td>\n<\/tr>\n<tr style=\"height: 167px;\">\n<td style=\"width: 10%; height: 167px;\"><img loading=\"lazy\" decoding=\"async\" class=\"alignleft wp-image-7885\" src=\"https:\/\/www.sf-germany.org\/einheiten\/uss-hephaistos\/wp-content\/uploads\/TVala4.jpg\" alt=\"\" width=\"150\" height=\"150\" srcset=\"https:\/\/www.sf-germany.org\/einheiten\/uss-hephaistos\/wp-content\/uploads\/TVala4.jpg 1024w, https:\/\/www.sf-germany.org\/einheiten\/uss-hephaistos\/wp-content\/uploads\/TVala4-300x300.jpg 300w, https:\/\/www.sf-germany.org\/einheiten\/uss-hephaistos\/wp-content\/uploads\/TVala4-150x150.jpg 150w\" sizes=\"auto, (max-width: 150px) 100vw, 150px\" \/><\/td>\n<td style=\"width: 50%; height: 167px;\" valign=\"top\">Als CWI haben wir T&#8217;Vala.\u00a0 T&#8217;Vala ist Vulkanierin.<br \/>\nSie ist sehr n\u00fcchtern und versucht zu studieren, was emotionalere Wesen antreibt und motiviert.<br \/>\nDabei finde sie in Ana eine gute Unterst\u00fctzung.<br \/>\nT&#8217;Vala k\u00e4mpft damit, dass seit einer misslungenen Geistverschmelzung ihr toter Verlobter sie regelm\u00e4\u00dfig im Geist peinigt.<br \/>\nSie ist mit Nazira befreundet, die ihr bei ihren inneren K\u00e4mpfen hilft und des \u00d6fteren mit ihr zusammen Musik macht, dass die Jeffreysr\u00f6hren nur so klingen.<\/td>\n<\/tr>\n<tr style=\"height: 19px;\">\n<td style=\"width: 60%; height: 19px;\" colspan=\"2\">\n<hr \/>\n<\/td>\n<\/tr>\n<tr style=\"height: 218px;\">\n<td style=\"width: 10%; height: 218px;\"><a href=\"https:\/\/www.sf-germany.org\/einheiten\/uss-hephaistos\/wp-content\/uploads\/Jennifer-Chic-004.png\"><img loading=\"lazy\" decoding=\"async\" class=\"alignleft wp-image-5854\" src=\"https:\/\/www.sf-germany.org\/einheiten\/uss-hephaistos\/wp-content\/uploads\/Jennifer-Chic-004.png\" alt=\"\" width=\"150\" height=\"202\" srcset=\"https:\/\/www.sf-germany.org\/einheiten\/uss-hephaistos\/wp-content\/uploads\/Jennifer-Chic-004.png 446w, https:\/\/www.sf-germany.org\/einheiten\/uss-hephaistos\/wp-content\/uploads\/Jennifer-Chic-004-223x300.png 223w\" sizes=\"auto, (max-width: 150px) 100vw, 150px\" \/><\/a><\/td>\n<td style=\"width: 50%; height: 218px;\" valign=\"top\">An der OPS zu finden ist unsere stets bestens gelaunte (Nein!) Jennifer Larson.<br \/>\nDiese ist der Meinung immer auf sich gestellt zu sein und l\u00e4sst daher niemanden an sich ran bzw. st\u00f6\u00dft Hilfe aktiv weg.<br \/>\nDamit macht sie sich wenig Freunde, was sie aber nicht interessiert.<br \/>\nSam und inzwischen auch Shay sehen das Potential in ihr und versuchen sie daher zu protegieren<\/td>\n<\/tr>\n<tr style=\"height: 19px;\">\n<td style=\"width: 60%; height: 19px;\" colspan=\"2\">\n<hr \/>\n<\/td>\n<\/tr>\n<tr style=\"height: 167px;\">\n<td style=\"width: 10%; height: 167px;\"><a href=\"https:\/\/www.sf-germany.org\/einheiten\/uss-hephaistos\/wp-content\/uploads\/trish-is-a-beautiful-and-sensual-woman-23-years-old-of-irish-and-french-heritage-she-has-bright-gr-1.png\"><img loading=\"lazy\" decoding=\"async\" class=\"wp-image-8312 alignleft\" src=\"https:\/\/www.sf-germany.org\/einheiten\/uss-hephaistos\/wp-content\/uploads\/trish-is-a-beautiful-and-sensual-woman-23-years-old-of-irish-and-french-heritage-she-has-bright-gr-1.png\" alt=\"\" width=\"150\" height=\"150\" srcset=\"https:\/\/www.sf-germany.org\/einheiten\/uss-hephaistos\/wp-content\/uploads\/trish-is-a-beautiful-and-sensual-woman-23-years-old-of-irish-and-french-heritage-she-has-bright-gr-1.png 4096w, https:\/\/www.sf-germany.org\/einheiten\/uss-hephaistos\/wp-content\/uploads\/trish-is-a-beautiful-and-sensual-woman-23-years-old-of-irish-and-french-heritage-she-has-bright-gr-1-300x300.png 300w, https:\/\/www.sf-germany.org\/einheiten\/uss-hephaistos\/wp-content\/uploads\/trish-is-a-beautiful-and-sensual-woman-23-years-old-of-irish-and-french-heritage-she-has-bright-gr-1-1024x1024.png 1024w, https:\/\/www.sf-germany.org\/einheiten\/uss-hephaistos\/wp-content\/uploads\/trish-is-a-beautiful-and-sensual-woman-23-years-old-of-irish-and-french-heritage-she-has-bright-gr-1-150x150.png 150w, https:\/\/www.sf-germany.org\/einheiten\/uss-hephaistos\/wp-content\/uploads\/trish-is-a-beautiful-and-sensual-woman-23-years-old-of-irish-and-french-heritage-she-has-bright-gr-1-1536x1536.png 1536w, https:\/\/www.sf-germany.org\/einheiten\/uss-hephaistos\/wp-content\/uploads\/trish-is-a-beautiful-and-sensual-woman-23-years-old-of-irish-and-french-heritage-she-has-bright-gr-1-2048x2048.png 2048w\" sizes=\"auto, (max-width: 150px) 100vw, 150px\" \/><\/a><\/td>\n<td style=\"width: 50%; height: 167px;\" valign=\"top\">Weniger im Maschinenraum als in den Jeffriesr\u00f6hren unterwegs ist die Technikerin Trish.<br \/>\nSie ist im Nebenerwerb Betreiberin des Topf voll Gold, einer irischen Holodeckbar, welche insbesondere zu festlich-fr\u00f6hlichen Anl\u00e4ssen aktiviert wird.<br \/>\nBei einer fr\u00fcheren Au\u00dfemission wurde sie von den Kikonen verehrt und erhielt den Status einer G\u00f6tterbotin.<br \/>\nSie ist mit dem CO zusammen und ist schon sehr gespannt auf Shay Jr.<\/td>\n<\/tr>\n<tr style=\"height: 19px;\">\n<td style=\"width: 60%; height: 19px;\" colspan=\"2\">\n<hr \/>\n<\/td>\n<\/tr>\n<tr style=\"height: 193px;\">\n<td style=\"width: 10%; height: 193px;\"><img loading=\"lazy\" decoding=\"async\" class=\"alignnone wp-image-8168\" src=\"https:\/\/www.sf-germany.org\/einheiten\/uss-hephaistos\/wp-content\/uploads\/2c297dd942134f44b6a2bcd289e720b9-217x300.jpeg\" alt=\"\" width=\"144\" height=\"199\" srcset=\"https:\/\/www.sf-germany.org\/einheiten\/uss-hephaistos\/wp-content\/uploads\/2c297dd942134f44b6a2bcd289e720b9-217x300.jpeg 217w, https:\/\/www.sf-germany.org\/einheiten\/uss-hephaistos\/wp-content\/uploads\/2c297dd942134f44b6a2bcd289e720b9.jpeg 742w\" sizes=\"auto, (max-width: 144px) 100vw, 144px\" \/><\/td>\n<td style=\"width: 50%; height: 193px;\">Auf der Br\u00fccke beim Schie\u00dfbefehle geben, im Holodeck w\u00e4hrend sie virtuelle Gegner blutig verpr\u00fcgelt oder auch auf dem Tanzparkett, wo sie mit ihrem EO ne hei\u00dfe Sohle schwingt &#8211; Sureya, die CO der USS Nemesis, ist immer und \u00fcberall. Mit ihrem umwerfenden, ja manchmal t\u00f6dlichen Charme hat sie ihr kleines topmodernes und bombenstarkes Kraftpaket von Schiff voll unter Kontrolle. Nicht umsonst hat man ihr fr\u00fcher hinter vorgehaltener Hand den Spitznamen Bumm-Bumm-Bateh verpasst. Je breiter sie l\u00e4chelt, umso gef\u00e4hrlicher ist sie gerade &#8211; und wer dieses L\u00e4cheln nicht sehen m\u00f6chte, sollte sie lieber mit &#8222;Sir&#8220;, statt mit &#8222;Ma&#8217;am&#8220; ansprechen sowie sie auf keinen Fall &#8222;Suri&#8220; nennen. Trotzdem hat sie die gr\u00f6\u00dfte Kontrolle immer noch \u00fcber sich selbst.<br \/>\nHat fr\u00fcher mal unter Shay als EO gedient, bevor sie (wieder) ein eigenes Kommando bekommen hat und kommt bestens mit Ajur aus.<\/td>\n<\/tr>\n<\/tbody>\n<\/table>\n<p>&nbsp;<\/p>\n<\/div>\n","protected":false},"excerpt":{"rendered":"<p>Hier findet ihr eine kurze zusammenfasende Beschreibung der Spieler-Charaktere Der CO hei\u00dft Shay, ist eher der Typ Pike, man kann mit ihm Zombies jagen oder einen trinken, ist nicht grade verschlossen, kann aber auch durchgreifen. Er ist verheiratet und hat eine Geliebte und ist der Vater von Shay Jr. In der letzten Mission war er&#8230;<\/p>\n<p class=\"more-link-wrap\"><a href=\"https:\/\/www.sf-germany.org\/einheiten\/uss-hephaistos\/die-crew\/kurzbeschreibung\/\" class=\"more-link\">Read More<span class=\"screen-reader-text\"> &ldquo;Kurzbeschreibung&rdquo;<\/span> &raquo;<\/a><\/p>\n","protected":false},"author":1,"featured_media":0,"parent":27,"menu_order":0,"comment_status":"closed","ping_status":"closed","template":"","meta":{"footnotes":""},"class_list":["post-8341","page","type-page","status-publish","hentry"],"_links":{"self":[{"href":"https:\/\/www.sf-germany.org\/einheiten\/uss-hephaistos\/wp-json\/wp\/v2\/pages\/8341","targetHints":{"allow":["GET"]}}],"collection":[{"href":"https:\/\/www.sf-germany.org\/einheiten\/uss-hephaistos\/wp-json\/wp\/v2\/pages"}],"about":[{"href":"https:\/\/www.sf-germany.org\/einheiten\/uss-hephaistos\/wp-json\/wp\/v2\/types\/page"}],"author":[{"embeddable":true,"href":"https:\/\/www.sf-germany.org\/einheiten\/uss-hephaistos\/wp-json\/wp\/v2\/users\/1"}],"replies":[{"embeddable":true,"href":"https:\/\/www.sf-germany.org\/einheiten\/uss-hephaistos\/wp-json\/wp\/v2\/comments?post=8341"}],"version-history":[{"count":23,"href":"https:\/\/www.sf-germany.org\/einheiten\/uss-hephaistos\/wp-json\/wp\/v2\/pages\/8341\/revisions"}],"predecessor-version":[{"id":8992,"href":"https:\/\/www.sf-germany.org\/einheiten\/uss-hephaistos\/wp-json\/wp\/v2\/pages\/8341\/revisions\/8992"}],"up":[{"embeddable":true,"href":"https:\/\/www.sf-germany.org\/einheiten\/uss-hephaistos\/wp-json\/wp\/v2\/pages\/27"}],"wp:attachment":[{"href":"https:\/\/www.sf-germany.org\/einheiten\/uss-hephaistos\/wp-json\/wp\/v2\/media?parent=8341"}],"curies":[{"name":"wp","href":"https:\/\/api.w.org\/{rel}","templated":true}]}}