{"id":8385,"date":"2024-04-16T23:25:33","date_gmt":"2024-04-16T21:25:33","guid":{"rendered":"https:\/\/www.sf-germany.org\/einheiten\/uss-hephaistos\/?page_id=8385"},"modified":"2025-05-09T11:50:48","modified_gmt":"2025-05-09T09:50:48","slug":"almira","status":"publish","type":"page","link":"https:\/\/www.sf-germany.org\/einheiten\/uss-hephaistos\/die-crew\/spieler\/nazira-tapai\/almira\/","title":{"rendered":"Almira"},"content":{"rendered":"<p><strong><span style=\"font-size: 18pt;\"><img loading=\"lazy\" decoding=\"async\" class=\"size-medium wp-image-8386 alignleft\" src=\"https:\/\/www.sf-germany.org\/einheiten\/uss-hephaistos\/wp-content\/uploads\/carnivorous-plant-oversized-head-with-sharp-teeth-smaller-leaves-circling-in-a-pot-placed-within--300x300.jpeg\" alt=\"\" width=\"300\" height=\"300\" srcset=\"https:\/\/www.sf-germany.org\/einheiten\/uss-hephaistos\/wp-content\/uploads\/carnivorous-plant-oversized-head-with-sharp-teeth-smaller-leaves-circling-in-a-pot-placed-within--300x300.jpeg 300w, https:\/\/www.sf-germany.org\/einheiten\/uss-hephaistos\/wp-content\/uploads\/carnivorous-plant-oversized-head-with-sharp-teeth-smaller-leaves-circling-in-a-pot-placed-within--150x150.jpeg 150w, https:\/\/www.sf-germany.org\/einheiten\/uss-hephaistos\/wp-content\/uploads\/carnivorous-plant-oversized-head-with-sharp-teeth-smaller-leaves-circling-in-a-pot-placed-within-.jpeg 1024w\" sizes=\"auto, (max-width: 300px) 100vw, 300px\" \/>Almira<\/span><\/strong><\/p>\n<p>Almira ist eine fleischfressende, semi-intelligente Schnapppflanze. Sie kann sehr gro\u00df werden, noch ist sie ein Baby. Emily hat den Ableger Nazira geschenkt.<br \/>\nGef\u00fcttert wird sie haupts\u00e4chlich mit Katzensticks.<\/p>\n<p>Sie kann ihren bisher einen recht gro\u00dfen Fre\u00dfkopf mit den recht beeindruckenden Z\u00e4hnen bewegen und reagiert auf Ansprache. Nazira versucht sie derzeit zu trainieren, da ihr gesagt wurde, dass diese Pflanzen eine Beziehung zu ihrem Besitzer aufbauen k\u00f6nnen.<\/p>\n","protected":false},"excerpt":{"rendered":"<p>Almira Almira ist eine fleischfressende, semi-intelligente Schnapppflanze. Sie kann sehr gro\u00df werden, noch ist sie ein Baby. Emily hat den Ableger Nazira geschenkt. Gef\u00fcttert wird sie haupts\u00e4chlich mit Katzensticks. Sie kann ihren bisher einen recht gro\u00dfen Fre\u00dfkopf mit den recht beeindruckenden Z\u00e4hnen bewegen und reagiert auf Ansprache. Nazira versucht sie derzeit zu trainieren, da ihr&#8230;<\/p>\n<p class=\"more-link-wrap\"><a href=\"https:\/\/www.sf-germany.org\/einheiten\/uss-hephaistos\/die-crew\/spieler\/nazira-tapai\/almira\/\" class=\"more-link\">Read More<span class=\"screen-reader-text\"> &ldquo;Almira&rdquo;<\/span> &raquo;<\/a><\/p>\n","protected":false},"author":2,"featured_media":0,"parent":6668,"menu_order":0,"comment_status":"closed","ping_status":"closed","template":"page-templates\/medium.php","meta":{"footnotes":""},"class_list":["post-8385","page","type-page","status-publish","hentry"],"_links":{"self":[{"href":"https:\/\/www.sf-germany.org\/einheiten\/uss-hephaistos\/wp-json\/wp\/v2\/pages\/8385","targetHints":{"allow":["GET"]}}],"collection":[{"href":"https:\/\/www.sf-germany.org\/einheiten\/uss-hephaistos\/wp-json\/wp\/v2\/pages"}],"about":[{"href":"https:\/\/www.sf-germany.org\/einheiten\/uss-hephaistos\/wp-json\/wp\/v2\/types\/page"}],"author":[{"embeddable":true,"href":"https:\/\/www.sf-germany.org\/einheiten\/uss-hephaistos\/wp-json\/wp\/v2\/users\/2"}],"replies":[{"embeddable":true,"href":"https:\/\/www.sf-germany.org\/einheiten\/uss-hephaistos\/wp-json\/wp\/v2\/comments?post=8385"}],"version-history":[{"count":1,"href":"https:\/\/www.sf-germany.org\/einheiten\/uss-hephaistos\/wp-json\/wp\/v2\/pages\/8385\/revisions"}],"predecessor-version":[{"id":8387,"href":"https:\/\/www.sf-germany.org\/einheiten\/uss-hephaistos\/wp-json\/wp\/v2\/pages\/8385\/revisions\/8387"}],"up":[{"embeddable":true,"href":"https:\/\/www.sf-germany.org\/einheiten\/uss-hephaistos\/wp-json\/wp\/v2\/pages\/6668"}],"wp:attachment":[{"href":"https:\/\/www.sf-germany.org\/einheiten\/uss-hephaistos\/wp-json\/wp\/v2\/media?parent=8385"}],"curies":[{"name":"wp","href":"https:\/\/api.w.org\/{rel}","templated":true}]}}