{"id":8411,"date":"2024-04-18T14:57:29","date_gmt":"2024-04-18T12:57:29","guid":{"rendered":"https:\/\/www.sf-germany.org\/einheiten\/uss-hephaistos\/?page_id=8411"},"modified":"2024-04-18T19:39:30","modified_gmt":"2024-04-18T17:39:30","slug":"urlaub-auf-station-k7-2","status":"publish","type":"page","link":"https:\/\/www.sf-germany.org\/einheiten\/uss-hephaistos\/logbuch\/missionen\/urlaub-auf-station-k7-2\/","title":{"rendered":"Urlaub auf Station K7"},"content":{"rendered":"<p><a href=\"https:\/\/www.sf-germany.org\/einheiten\/uss-hephaistos\/wp-content\/uploads\/2016\/01\/hephaistoscprw3.png\" rel=\"attachment wp-att-11\"><img loading=\"lazy\" decoding=\"async\" class=\"aligncenter wp-image-11\" src=\"https:\/\/www.sf-germany.org\/einheiten\/uss-hephaistos\/wp-content\/uploads\/2016\/01\/hephaistoscprw3.png\" alt=\"hephaistoscprw3\" width=\"193\" height=\"163\" srcset=\"https:\/\/www.sf-germany.org\/einheiten\/uss-hephaistos\/wp-content\/uploads\/2016\/01\/hephaistoscprw3.png 388w, https:\/\/www.sf-germany.org\/einheiten\/uss-hephaistos\/wp-content\/uploads\/2016\/01\/hephaistoscprw3-300x254.png 300w\" sizes=\"auto, (max-width: 193px) 100vw, 193px\" \/><\/a><\/p>\n<hr \/>\n<table border=\"0\" width=\"400\" cellspacing=\"1\" cellpadding=\"1\">\n<tbody>\n<tr>\n<td colspan=\"2\" align=\"left\" valign=\"middle\" nowrap=\"nowrap\" bgcolor=\"#ea4701\"><span style=\"font-size: 16px;\"><strong>MISSIONSDATEN<\/strong><\/span><\/td>\n<\/tr>\n<tr>\n<td align=\"left\" valign=\"middle\" width=\"110\"><strong>CODENAME:<\/strong><\/td>\n<td align=\"left\" valign=\"middle\" width=\"290\">Back Home K7<\/td>\n<\/tr>\n<tr>\n<td align=\"left\" valign=\"middle\" width=\"110\"><strong>MISSIONSTYP:<\/strong><\/td>\n<td align=\"left\" valign=\"middle\" width=\"290\"><strong>Soap<\/strong><\/td>\n<\/tr>\n<tr>\n<td align=\"left\" valign=\"middle\" width=\"110\"><strong>ZEITRAUM:<\/strong><\/td>\n<td align=\"left\" valign=\"middle\" width=\"290\">SD 300213 \u2013 SD 300410<\/td>\n<\/tr>\n<tr>\n<td align=\"left\" valign=\"middle\" width=\"110\"><strong>STATUS:<\/strong><\/td>\n<td align=\"left\" valign=\"middle\" width=\"290\">beendet<\/td>\n<\/tr>\n<tr>\n<td align=\"left\" valign=\"middle\" width=\"110\"><strong>EINHEITEN:<\/strong><\/td>\n<td align=\"left\" valign=\"middle\" width=\"290\">USS Hephaistos \/ K7<\/td>\n<\/tr>\n<\/tbody>\n<\/table>\n<h2><strong><span style=\"font-size: 18px;\"><span style=\"font-family: Arial;\">Auftrag<\/span><\/span><\/strong><\/h2>\n<p>Nach der desastr\u00f6sen Verfolgungsjagd durch die Klingonen und dem Trip in die Anomalie kommt eine zerst\u00f6rte USS Hephaistos an K7 an. Reparaturen, Audits und Trainings sind n\u00f6tig, um das Schiff wieder flott zu machen.<\/p>\n<h2><strong><span style=\"font-size: 18px;\"><span style=\"font-family: Arial;\">Missionsverlauf<\/span><\/span><\/strong><\/h2>\n<p>Es ist wie immer nicht leicht, wenn die Crew der Hephaistos an K7 andockt. Auch wenn Jennifer Larson wieder die Station betreten darf ist es schwierig, die in ihrer Priorit\u00e4t zur\u00fcckgestufte Hephaistos mit Ersatzteilen zu versorgen. Auch dass die sCWI T&#8217;Vala durch Ferengi entf\u00fchrt wird sorgt f\u00fcr Unruhe. W\u00e4hrenddessen versucht man sich an Bord auf ein Audit vorzubereiten und ist nerv\u00f6s.<\/p>\n<h3><strong>Aktuelle Ereignisse<\/strong><\/h3>\n<ul>\n<li>Ersatzteile werden beschafft<\/li>\n<li>T&#8217;Vala wird entf\u00fchrt und gerettet<\/li>\n<li>das Audit l\u00e4uft, aber nicht ganz nach Plan<\/li>\n<li>Emily erholt sich von ihrer Operation und kann sich nun an 7,5 Leben erinnern<\/li>\n<li>Sam hadert mit ihrer B\u00fcrgermeistervergangenheit und geht ins Kloster<\/li>\n<li>eine Hochzeitsreise f\u00fchrt dazu, dass Fabi und T&#8217;Vala sich pl\u00f6tzlich auf einem Elternabend wiederfinden<\/li>\n<li>Jetsun bekommt Fl\u00fcgel und kann Regen und K\u00e4lte zaubern<\/li>\n<li>Nenii soll eine Gerichtsverhandlung bekommen, ob sie eine Person ist<\/li>\n<li>Ana und Ortrichk heiraten<\/li>\n<li>Neue Paare: Jetsun und Massimo; Nazira und Jori; Em und Sam? (je nach dem wen man fragt)<\/li>\n<li>neue Haustiere: Tribble f\u00fcr Nazira und Jori; kleine Einh\u00f6rner f\u00fcr Shay und Elli, Hamster Harry derzeit bei Jetsun<\/li>\n<\/ul>\n<h2><strong>Personelle \u00c4nderungen<\/strong><\/h2>\n<h3><strong>W\u00e4hrend der Mission ausgesprochene Bef\u00f6rderungen \/ Degradierungen \/ Postenwechsel<\/strong><\/h3>\n<ul>\n<li>die Hephaistos erh\u00e4lt einen neuen Tierarzt<\/li>\n<li>Lt.(jg) Emily Karx &#8211;&gt; Lt. Emily Karx<\/li>\n<li>Lt.(jg) Lwaxana Ivoin\u00a0 &#8211;&gt; Lt. Lwaxana Ivoin<\/li>\n<li>Lt. (jg) Nazira Tapai &#8211;&gt; Lt. Nazira Tapai<\/li>\n<li>Lt. (jg) Jori Tainia &#8211;&gt; Lt. Jori Tainia<\/li>\n<li>Lt.Cmdr Samantha DeCoster &#8211;&gt; Cmdr Samantha DeCoster<\/li>\n<\/ul>\n<h3><strong>W\u00e4hrend der Mission verstorben \/ verschollen<\/strong><\/h3>\n<ul>\n<li>Lt. T&#8217;vala (wiedergefunden)<\/li>\n<\/ul>\n<h2><strong>Weitere Bemerkungen<\/strong><\/h2>\n<ul>\n<li>derzeit keine Vorkommnisse<\/li>\n<\/ul>\n<p>gez. Cpt. Shay Ruthven, CO USS Hephaistos<\/p>\n<h2><\/h2>\n","protected":false},"excerpt":{"rendered":"<p>MISSIONSDATEN CODENAME: Back Home K7 MISSIONSTYP: Soap ZEITRAUM: SD 300213 \u2013 SD 300410 STATUS: beendet EINHEITEN: USS Hephaistos \/ K7 Auftrag Nach der desastr\u00f6sen Verfolgungsjagd durch die Klingonen und dem Trip in die Anomalie kommt eine zerst\u00f6rte USS Hephaistos an K7 an. Reparaturen, Audits und Trainings sind n\u00f6tig, um das Schiff wieder flott zu machen&#8230;.<\/p>\n<p class=\"more-link-wrap\"><a href=\"https:\/\/www.sf-germany.org\/einheiten\/uss-hephaistos\/logbuch\/missionen\/urlaub-auf-station-k7-2\/\" class=\"more-link\">Read More<span class=\"screen-reader-text\"> &ldquo;Urlaub auf Station K7&rdquo;<\/span> &raquo;<\/a><\/p>\n","protected":false},"author":8,"featured_media":0,"parent":127,"menu_order":22,"comment_status":"closed","ping_status":"closed","template":"page-templates\/medium.php","meta":{"footnotes":""},"class_list":["post-8411","page","type-page","status-publish","hentry"],"_links":{"self":[{"href":"https:\/\/www.sf-germany.org\/einheiten\/uss-hephaistos\/wp-json\/wp\/v2\/pages\/8411","targetHints":{"allow":["GET"]}}],"collection":[{"href":"https:\/\/www.sf-germany.org\/einheiten\/uss-hephaistos\/wp-json\/wp\/v2\/pages"}],"about":[{"href":"https:\/\/www.sf-germany.org\/einheiten\/uss-hephaistos\/wp-json\/wp\/v2\/types\/page"}],"author":[{"embeddable":true,"href":"https:\/\/www.sf-germany.org\/einheiten\/uss-hephaistos\/wp-json\/wp\/v2\/users\/8"}],"replies":[{"embeddable":true,"href":"https:\/\/www.sf-germany.org\/einheiten\/uss-hephaistos\/wp-json\/wp\/v2\/comments?post=8411"}],"version-history":[{"count":2,"href":"https:\/\/www.sf-germany.org\/einheiten\/uss-hephaistos\/wp-json\/wp\/v2\/pages\/8411\/revisions"}],"predecessor-version":[{"id":8415,"href":"https:\/\/www.sf-germany.org\/einheiten\/uss-hephaistos\/wp-json\/wp\/v2\/pages\/8411\/revisions\/8415"}],"up":[{"embeddable":true,"href":"https:\/\/www.sf-germany.org\/einheiten\/uss-hephaistos\/wp-json\/wp\/v2\/pages\/127"}],"wp:attachment":[{"href":"https:\/\/www.sf-germany.org\/einheiten\/uss-hephaistos\/wp-json\/wp\/v2\/media?parent=8411"}],"curies":[{"name":"wp","href":"https:\/\/api.w.org\/{rel}","templated":true}]}}