{"id":8519,"date":"2024-05-06T15:04:44","date_gmt":"2024-05-06T13:04:44","guid":{"rendered":"https:\/\/www.sf-germany.org\/einheiten\/uss-hephaistos\/?page_id=8519"},"modified":"2024-05-06T15:11:31","modified_gmt":"2024-05-06T13:11:31","slug":"arboretum","status":"publish","type":"page","link":"https:\/\/www.sf-germany.org\/einheiten\/uss-hephaistos\/das-schiff\/arboretum\/","title":{"rendered":"Arboretum"},"content":{"rendered":"<p>&nbsp;<\/p>\n<p><a href=\"https:\/\/www.sf-germany.org\/einheiten\/uss-hephaistos\/wp-content\/uploads\/mac_mackenzie_a_futuristic_arboretum_in_a_Starship_like_in_star_01b23d08-b6b7-46ca-b8db-b9cb5bffbf83.png\"><img loading=\"lazy\" decoding=\"async\" class=\"aligncenter wp-image-8524\" src=\"https:\/\/www.sf-germany.org\/einheiten\/uss-hephaistos\/wp-content\/uploads\/mac_mackenzie_a_futuristic_arboretum_in_a_Starship_like_in_star_01b23d08-b6b7-46ca-b8db-b9cb5bffbf83.png\" alt=\"\" width=\"450\" height=\"252\" srcset=\"https:\/\/www.sf-germany.org\/einheiten\/uss-hephaistos\/wp-content\/uploads\/mac_mackenzie_a_futuristic_arboretum_in_a_Starship_like_in_star_01b23d08-b6b7-46ca-b8db-b9cb5bffbf83.png 1456w, https:\/\/www.sf-germany.org\/einheiten\/uss-hephaistos\/wp-content\/uploads\/mac_mackenzie_a_futuristic_arboretum_in_a_Starship_like_in_star_01b23d08-b6b7-46ca-b8db-b9cb5bffbf83-300x168.png 300w, https:\/\/www.sf-germany.org\/einheiten\/uss-hephaistos\/wp-content\/uploads\/mac_mackenzie_a_futuristic_arboretum_in_a_Starship_like_in_star_01b23d08-b6b7-46ca-b8db-b9cb5bffbf83-1024x574.png 1024w\" sizes=\"auto, (max-width: 450px) 100vw, 450px\" \/><\/a><\/p>\n<p>Das neue Arboretum der USS Hephaisto wurde 2416 er\u00f6ffnet.<br \/>\nNach umfangreichen Reparaturarbeiten am Schiff wurde beschlossen das bisher Miniosium um einig angrenzenden R\u00e4ume zu erweitern und ein richtige Arboretum zu errichten.<\/p>\n<p>Direkt an das Arboretum angrenzend und mit eigenem Eingang befindet sich das CNS B\u00fcro.<br \/>\nSo das Therapiestunden auch in einer nat\u00fcrlicheren Umgebung abgehalten werden k\u00f6nnen.<\/p>\n<p>Weiterhin befindet sich innerhalb des Arboretums ein abgegrenzter H\u00fchnerauslauf mit H\u00fchnerstall. Auf Wunsch der CING Emily Krax wurde der H\u00fchnerstall einem Schlo\u00df nachempfunden. Innerhalb des stalls und der auslaufs gibt es \u00dcberwachungskameras und die Nester der H\u00fchner haben Vorh\u00e4nge.<\/p>\n<p><a href=\"https:\/\/www.sf-germany.org\/einheiten\/uss-hephaistos\/wp-content\/uploads\/0_1.webp\"><img loading=\"lazy\" decoding=\"async\" class=\"aligncenter wp-image-8520\" src=\"https:\/\/www.sf-germany.org\/einheiten\/uss-hephaistos\/wp-content\/uploads\/0_1.webp\" alt=\"\" width=\"450\" height=\"252\" srcset=\"https:\/\/www.sf-germany.org\/einheiten\/uss-hephaistos\/wp-content\/uploads\/0_1.webp 1456w, https:\/\/www.sf-germany.org\/einheiten\/uss-hephaistos\/wp-content\/uploads\/0_1-300x168.webp 300w, https:\/\/www.sf-germany.org\/einheiten\/uss-hephaistos\/wp-content\/uploads\/0_1-1024x574.webp 1024w\" sizes=\"auto, (max-width: 450px) 100vw, 450px\" \/><\/a><\/p>\n<p>&nbsp;<\/p>\n","protected":false},"excerpt":{"rendered":"<p>&nbsp; Das neue Arboretum der USS Hephaisto wurde 2416 er\u00f6ffnet. Nach umfangreichen Reparaturarbeiten am Schiff wurde beschlossen das bisher Miniosium um einig angrenzenden R\u00e4ume zu erweitern und ein richtige Arboretum zu errichten. Direkt an das Arboretum angrenzend und mit eigenem Eingang befindet sich das CNS B\u00fcro. So das Therapiestunden auch in einer nat\u00fcrlicheren Umgebung abgehalten&#8230;<\/p>\n<p class=\"more-link-wrap\"><a href=\"https:\/\/www.sf-germany.org\/einheiten\/uss-hephaistos\/das-schiff\/arboretum\/\" class=\"more-link\">Read More<span class=\"screen-reader-text\"> &ldquo;Arboretum&rdquo;<\/span> &raquo;<\/a><\/p>\n","protected":false},"author":1,"featured_media":0,"parent":43,"menu_order":8,"comment_status":"closed","ping_status":"closed","template":"","meta":{"footnotes":""},"class_list":["post-8519","page","type-page","status-publish","hentry"],"_links":{"self":[{"href":"https:\/\/www.sf-germany.org\/einheiten\/uss-hephaistos\/wp-json\/wp\/v2\/pages\/8519","targetHints":{"allow":["GET"]}}],"collection":[{"href":"https:\/\/www.sf-germany.org\/einheiten\/uss-hephaistos\/wp-json\/wp\/v2\/pages"}],"about":[{"href":"https:\/\/www.sf-germany.org\/einheiten\/uss-hephaistos\/wp-json\/wp\/v2\/types\/page"}],"author":[{"embeddable":true,"href":"https:\/\/www.sf-germany.org\/einheiten\/uss-hephaistos\/wp-json\/wp\/v2\/users\/1"}],"replies":[{"embeddable":true,"href":"https:\/\/www.sf-germany.org\/einheiten\/uss-hephaistos\/wp-json\/wp\/v2\/comments?post=8519"}],"version-history":[{"count":3,"href":"https:\/\/www.sf-germany.org\/einheiten\/uss-hephaistos\/wp-json\/wp\/v2\/pages\/8519\/revisions"}],"predecessor-version":[{"id":8525,"href":"https:\/\/www.sf-germany.org\/einheiten\/uss-hephaistos\/wp-json\/wp\/v2\/pages\/8519\/revisions\/8525"}],"up":[{"embeddable":true,"href":"https:\/\/www.sf-germany.org\/einheiten\/uss-hephaistos\/wp-json\/wp\/v2\/pages\/43"}],"wp:attachment":[{"href":"https:\/\/www.sf-germany.org\/einheiten\/uss-hephaistos\/wp-json\/wp\/v2\/media?parent=8519"}],"curies":[{"name":"wp","href":"https:\/\/api.w.org\/{rel}","templated":true}]}}