{"id":8598,"date":"2024-06-05T08:16:38","date_gmt":"2024-06-05T06:16:38","guid":{"rendered":"https:\/\/www.sf-germany.org\/einheiten\/uss-hephaistos\/?page_id=8598"},"modified":"2024-06-05T08:26:49","modified_gmt":"2024-06-05T06:26:49","slug":"mech-kaefer","status":"publish","type":"page","link":"https:\/\/www.sf-germany.org\/einheiten\/uss-hephaistos\/das-schiff\/hazard-team\/mech-kaefer\/","title":{"rendered":"Mech-K\u00e4fer"},"content":{"rendered":"<div style=\"overflow-x: auto;\">\n<p>(Ausr\u00fcstungsbestandteil des Hazard Teams)<\/p>\n<table style=\"border-collapse: collapse; width: 100%;\">\n<tbody>\n<tr>\n<td style=\"width: 33.3333%; vertical-align: top;\"><strong>Verteidigungsunterst\u00fctzung<\/strong><br \/>\n<strong>Y789<\/strong><\/td>\n<td style=\"width: 33.3333%; vertical-align: top;\"><a href=\"https:\/\/www.sf-germany.org\/einheiten\/uss-hephaistos\/wp-content\/uploads\/Y789.webp\"><img loading=\"lazy\" decoding=\"async\" class=\"aligncenter wp-image-8599\" src=\"https:\/\/www.sf-germany.org\/einheiten\/uss-hephaistos\/wp-content\/uploads\/Y789.webp\" alt=\"\" width=\"300\" height=\"300\" srcset=\"https:\/\/www.sf-germany.org\/einheiten\/uss-hephaistos\/wp-content\/uploads\/Y789.webp 592w, https:\/\/www.sf-germany.org\/einheiten\/uss-hephaistos\/wp-content\/uploads\/Y789-300x300.webp 300w, https:\/\/www.sf-germany.org\/einheiten\/uss-hephaistos\/wp-content\/uploads\/Y789-150x150.webp 150w\" sizes=\"auto, (max-width: 300px) 100vw, 300px\" \/><\/a><\/td>\n<td style=\"width: 33.3333%; vertical-align: top;\">&#8211; K\u00f6rper 40 cm<br \/>\n&#8211; Aufgerichtet mit Beinen 1,5 m<br \/>\n&#8211; 8 spinnenartige Beine<br \/>\n&#8211; Unterschiedliche Lichtquellen, Hellfeld, Dunkelfeld, Infrarot, W\u00e4rmebild,<br \/>\n&#8211; Erweiterte Scanner- M\u00f6glichkeit,<br \/>\n&#8211; Kann durch die Konstruktion senkrecht an W\u00e4nden hinaufklettern,<br \/>\n&#8211; Das nahezu ger\u00e4uschlos,<br \/>\n&#8211; Eine Bild\u00fcbertagung in unter einem zehntel Sekunde<br \/>\nSie verf\u00fcgen \u00fcber unterschiedliche Schwei\u00dfm\u00f6glichkeiten um Hindernisse zu \u00fcberwinden<br \/>\n&#8211; kann Netze Spinnen zur Sicherung von Ausr\u00fcstung<br \/>\n&#8211; Sprachsteuerung auch \u00fcber Funk<br \/>\n&#8211; Steuerung digitale Eingabe<br \/>\n&#8211; Kommunikationsreichweite??<br \/>\n&#8211; Direkte Befehlsgewallt GySgt <a href=\"https:\/\/www.sf-germany.org\/einheiten\/uss-hephaistos\/die-crew\/spieler\/agnes-sunderland\/\">Agnes \u201eSund\u201c Sunderland<\/a><\/td>\n<\/tr>\n<tr>\n<td style=\"width: 33.3333%; vertical-align: top;\" colspan=\"3\"><strong><a href=\"https:\/\/www.sf-germany.org\/einheiten\/uss-hephaistos\/wp-content\/uploads\/2016\/01\/trennline.gif\"><img loading=\"lazy\" decoding=\"async\" class=\"aligncenter size-full wp-image-271\" src=\"https:\/\/www.sf-germany.org\/einheiten\/uss-hephaistos\/wp-content\/uploads\/2016\/01\/trennline.gif\" alt=\"\" width=\"555\" height=\"39\" \/><\/a><\/strong><\/td>\n<\/tr>\n<tr>\n<td style=\"width: 33.3333%; vertical-align: top;\"><strong>Aufkl\u00e4rungseinheit<\/strong><br \/>\n<strong>XK98<\/strong><\/td>\n<td style=\"width: 33.3333%; vertical-align: top;\"><a href=\"https:\/\/www.sf-germany.org\/einheiten\/uss-hephaistos\/wp-content\/uploads\/XK98.png\"><img loading=\"lazy\" decoding=\"async\" class=\"aligncenter wp-image-8601\" src=\"https:\/\/www.sf-germany.org\/einheiten\/uss-hephaistos\/wp-content\/uploads\/XK98.png\" alt=\"\" width=\"300\" height=\"300\" srcset=\"https:\/\/www.sf-germany.org\/einheiten\/uss-hephaistos\/wp-content\/uploads\/XK98.png 706w, https:\/\/www.sf-germany.org\/einheiten\/uss-hephaistos\/wp-content\/uploads\/XK98-300x300.png 300w, https:\/\/www.sf-germany.org\/einheiten\/uss-hephaistos\/wp-content\/uploads\/XK98-150x150.png 150w\" sizes=\"auto, (max-width: 300px) 100vw, 300px\" \/><\/a><\/td>\n<td style=\"width: 33.3333%; vertical-align: top;\">&#8211; Gruppe von mechanischen K\u00e4fern mit geringer KI als Schwarmintelligenz<br \/>\n&#8211; 5 bis 8 cm<br \/>\n&#8211; Fl\u00fcgel<br \/>\n&#8211; Bilder der K\u00e4fer kann in die Optiken der Anz\u00fcge projizieren<br \/>\n&#8211; Sprachsteuerung auch \u00fcber Funk<br \/>\n&#8211; Kommunikationsreichweite ??<br \/>\n&#8211; Ladem\u00f6glichkeit einfache Energiezelle, oder Schnittstelle an einer abnehmbaren Armbinde am Anzug<br \/>\n&#8211; Tr\u00e4ger des Leitk\u00e4fers <a href=\"https:\/\/www.sf-germany.org\/einheiten\/uss-hephaistos\/die-crew\/spieler\/massimo-aquila\/\">Massimo Aquila<\/a><\/td>\n<\/tr>\n<tr>\n<td style=\"width: 33.3333%; vertical-align: top;\" colspan=\"3\"><strong><a href=\"https:\/\/www.sf-germany.org\/einheiten\/uss-hephaistos\/wp-content\/uploads\/2016\/01\/trennline.gif\"><img loading=\"lazy\" decoding=\"async\" class=\"aligncenter size-full wp-image-271\" src=\"https:\/\/www.sf-germany.org\/einheiten\/uss-hephaistos\/wp-content\/uploads\/2016\/01\/trennline.gif\" alt=\"\" width=\"555\" height=\"39\" \/><\/a><\/strong><\/td>\n<\/tr>\n<tr>\n<td style=\"width: 33.3333%; vertical-align: top;\"><strong>\u00dcberwachungsk\u00e4fer<\/strong><br \/>\n<strong>XK97<\/strong><\/td>\n<td style=\"width: 33.3333%; vertical-align: top;\"><a href=\"https:\/\/www.sf-germany.org\/einheiten\/uss-hephaistos\/wp-content\/uploads\/XK97.png\"><img loading=\"lazy\" decoding=\"async\" class=\"aligncenter wp-image-8600\" src=\"https:\/\/www.sf-germany.org\/einheiten\/uss-hephaistos\/wp-content\/uploads\/XK97.png\" alt=\"\" width=\"300\" height=\"300\" srcset=\"https:\/\/www.sf-germany.org\/einheiten\/uss-hephaistos\/wp-content\/uploads\/XK97.png 407w, https:\/\/www.sf-germany.org\/einheiten\/uss-hephaistos\/wp-content\/uploads\/XK97-300x300.png 300w, https:\/\/www.sf-germany.org\/einheiten\/uss-hephaistos\/wp-content\/uploads\/XK97-150x150.png 150w\" sizes=\"auto, (max-width: 300px) 100vw, 300px\" \/><\/a><\/td>\n<td style=\"width: 33.3333%; vertical-align: top;\">&#8211; \u00dcbertr\u00e4gt die Bilder von Team 2 an die Leitung von Team 1<br \/>\n&#8211; Kann selbst auch Bilder an andere Teams \u00fcbermitteln<br \/>\n&#8211; Besitzt einen festen Platz am Anzug von <a href=\"https:\/\/www.sf-germany.org\/einheiten\/uss-hephaistos\/die-crew\/spieler\/agnes-sunderland\/\">Agnes Sunderland<\/a><\/td>\n<\/tr>\n<tr>\n<td style=\"width: 33.3333%; vertical-align: top;\" colspan=\"3\"><strong><a href=\"https:\/\/www.sf-germany.org\/einheiten\/uss-hephaistos\/wp-content\/uploads\/2016\/01\/trennline.gif\"><img loading=\"lazy\" decoding=\"async\" class=\"aligncenter size-full wp-image-271\" src=\"https:\/\/www.sf-germany.org\/einheiten\/uss-hephaistos\/wp-content\/uploads\/2016\/01\/trennline.gif\" alt=\"\" width=\"555\" height=\"39\" \/><\/a><\/strong><\/td>\n<\/tr>\n<\/tbody>\n<\/table>\n<p><strong>Weitere K\u00e4fer der Baureihe:<\/strong><\/p>\n<table style=\"border-collapse: collapse; width: 100%;\">\n<tbody>\n<tr>\n<td style=\"width: 33.3333%;\"><a href=\"https:\/\/www.sf-germany.org\/einheiten\/uss-hephaistos\/wp-content\/uploads\/XK97.png\"><img loading=\"lazy\" decoding=\"async\" class=\"aligncenter wp-image-8600\" src=\"https:\/\/www.sf-germany.org\/einheiten\/uss-hephaistos\/wp-content\/uploads\/XK97.png\" alt=\"\" width=\"150\" height=\"150\" srcset=\"https:\/\/www.sf-germany.org\/einheiten\/uss-hephaistos\/wp-content\/uploads\/XK97.png 407w, https:\/\/www.sf-germany.org\/einheiten\/uss-hephaistos\/wp-content\/uploads\/XK97-300x300.png 300w, https:\/\/www.sf-germany.org\/einheiten\/uss-hephaistos\/wp-content\/uploads\/XK97-150x150.png 150w\" sizes=\"auto, (max-width: 150px) 100vw, 150px\" \/><\/a><\/td>\n<td style=\"width: 33.3333%;\"><a href=\"https:\/\/www.sf-germany.org\/einheiten\/uss-hephaistos\/wp-content\/uploads\/TV.png\"><img loading=\"lazy\" decoding=\"async\" class=\"aligncenter wp-image-8602\" src=\"https:\/\/www.sf-germany.org\/einheiten\/uss-hephaistos\/wp-content\/uploads\/TV.png\" alt=\"\" width=\"150\" height=\"150\" srcset=\"https:\/\/www.sf-germany.org\/einheiten\/uss-hephaistos\/wp-content\/uploads\/TV.png 405w, https:\/\/www.sf-germany.org\/einheiten\/uss-hephaistos\/wp-content\/uploads\/TV-300x300.png 300w, https:\/\/www.sf-germany.org\/einheiten\/uss-hephaistos\/wp-content\/uploads\/TV-150x150.png 150w\" sizes=\"auto, (max-width: 150px) 100vw, 150px\" \/><\/a><\/td>\n<td style=\"width: 33.3333%;\"><a href=\"https:\/\/www.sf-germany.org\/einheiten\/uss-hephaistos\/wp-content\/uploads\/AN.png\"><img loading=\"lazy\" decoding=\"async\" class=\"aligncenter wp-image-8603\" src=\"https:\/\/www.sf-germany.org\/einheiten\/uss-hephaistos\/wp-content\/uploads\/AN.png\" alt=\"\" width=\"150\" height=\"150\" srcset=\"https:\/\/www.sf-germany.org\/einheiten\/uss-hephaistos\/wp-content\/uploads\/AN.png 407w, https:\/\/www.sf-germany.org\/einheiten\/uss-hephaistos\/wp-content\/uploads\/AN-300x300.png 300w, https:\/\/www.sf-germany.org\/einheiten\/uss-hephaistos\/wp-content\/uploads\/AN-150x150.png 150w\" sizes=\"auto, (max-width: 150px) 100vw, 150px\" \/><\/a><\/td>\n<\/tr>\n<tr>\n<td style=\"width: 33.3333%; text-align: center;\"><a href=\"https:\/\/www.sf-germany.org\/einheiten\/uss-hephaistos\/das-schiff\/hazard-team\/\">Hazard Team<\/a><\/td>\n<td style=\"width: 33.3333%; text-align: center;\"><a href=\"https:\/\/www.sf-germany.org\/einheiten\/uss-hephaistos\/die-crew\/spieler\/tvala\/\">T&#8217;Vala<\/a><\/td>\n<td style=\"width: 33.3333%; text-align: center;\"><a href=\"https:\/\/www.sf-germany.org\/einheiten\/uss-hephaistos\/die-crew\/spieler\/lwaxana-ivoin\/\">Ana Ivoin<\/a><\/td>\n<\/tr>\n<\/tbody>\n<\/table>\n<p><strong><a href=\"https:\/\/www.sf-germany.org\/einheiten\/uss-hephaistos\/wp-content\/uploads\/2016\/01\/trennline.gif\"><img loading=\"lazy\" decoding=\"async\" class=\"aligncenter size-full wp-image-271\" src=\"https:\/\/www.sf-germany.org\/einheiten\/uss-hephaistos\/wp-content\/uploads\/2016\/01\/trennline.gif\" alt=\"\" width=\"555\" height=\"39\" \/><\/a><\/strong><\/p>\n<p><strong>Technischer Verbindungsoffizier:<\/strong><br \/>\n<a href=\"https:\/\/www.sf-germany.org\/einheiten\/uss-hephaistos\/die-crew\/spieler\/lwaxana-ivoin\/\">Lt. Lwaxana Ivoin<\/a><br \/>\n&#8211; Ansprechpartner <a href=\"https:\/\/www.sf-germany.org\/einheiten\/uss-hephaistos\/die-crew\/spieler\/massimo-aquila\/\">SSG Massimo Aquila<\/a><br \/>\n&#8211; Wartung und Instanthaltung der Anz\u00fcge<br \/>\n&#8211; Wartung und Instanthaltung der Ausr\u00fcstung<\/p>\n<p><strong>OPS Verbindungsoffizier:<\/strong><br \/>\n???<br \/>\n&#8211; Ansprechpartner <a href=\"https:\/\/www.sf-germany.org\/einheiten\/uss-hephaistos\/die-crew\/spieler\/massimo-aquila\/\">SSG Massimo Aquila<\/a><br \/>\n&#8211; Versorgung Ersatzteile Anz\u00fcge<br \/>\n&#8211; Versorgung Ausr\u00fcstung<\/p>\n<\/div>\n","protected":false},"excerpt":{"rendered":"<p>(Ausr\u00fcstungsbestandteil des Hazard Teams) Verteidigungsunterst\u00fctzung Y789 &#8211; K\u00f6rper 40 cm &#8211; Aufgerichtet mit Beinen 1,5 m &#8211; 8 spinnenartige Beine &#8211; Unterschiedliche Lichtquellen, Hellfeld, Dunkelfeld, Infrarot, W\u00e4rmebild, &#8211; Erweiterte Scanner- M\u00f6glichkeit, &#8211; Kann durch die Konstruktion senkrecht an W\u00e4nden hinaufklettern, &#8211; Das nahezu ger\u00e4uschlos, &#8211; Eine Bild\u00fcbertagung in unter einem zehntel Sekunde Sie verf\u00fcgen \u00fcber&#8230;<\/p>\n<p class=\"more-link-wrap\"><a href=\"https:\/\/www.sf-germany.org\/einheiten\/uss-hephaistos\/das-schiff\/hazard-team\/mech-kaefer\/\" class=\"more-link\">Read More<span class=\"screen-reader-text\"> &ldquo;Mech-K\u00e4fer&rdquo;<\/span> &raquo;<\/a><\/p>\n","protected":false},"author":1,"featured_media":0,"parent":259,"menu_order":1,"comment_status":"closed","ping_status":"closed","template":"","meta":{"footnotes":""},"class_list":["post-8598","page","type-page","status-publish","hentry"],"_links":{"self":[{"href":"https:\/\/www.sf-germany.org\/einheiten\/uss-hephaistos\/wp-json\/wp\/v2\/pages\/8598","targetHints":{"allow":["GET"]}}],"collection":[{"href":"https:\/\/www.sf-germany.org\/einheiten\/uss-hephaistos\/wp-json\/wp\/v2\/pages"}],"about":[{"href":"https:\/\/www.sf-germany.org\/einheiten\/uss-hephaistos\/wp-json\/wp\/v2\/types\/page"}],"author":[{"embeddable":true,"href":"https:\/\/www.sf-germany.org\/einheiten\/uss-hephaistos\/wp-json\/wp\/v2\/users\/1"}],"replies":[{"embeddable":true,"href":"https:\/\/www.sf-germany.org\/einheiten\/uss-hephaistos\/wp-json\/wp\/v2\/comments?post=8598"}],"version-history":[{"count":6,"href":"https:\/\/www.sf-germany.org\/einheiten\/uss-hephaistos\/wp-json\/wp\/v2\/pages\/8598\/revisions"}],"predecessor-version":[{"id":8609,"href":"https:\/\/www.sf-germany.org\/einheiten\/uss-hephaistos\/wp-json\/wp\/v2\/pages\/8598\/revisions\/8609"}],"up":[{"embeddable":true,"href":"https:\/\/www.sf-germany.org\/einheiten\/uss-hephaistos\/wp-json\/wp\/v2\/pages\/259"}],"wp:attachment":[{"href":"https:\/\/www.sf-germany.org\/einheiten\/uss-hephaistos\/wp-json\/wp\/v2\/media?parent=8598"}],"curies":[{"name":"wp","href":"https:\/\/api.w.org\/{rel}","templated":true}]}}