{"id":8938,"date":"2025-05-09T14:30:07","date_gmt":"2025-05-09T12:30:07","guid":{"rendered":"https:\/\/www.sf-germany.org\/einheiten\/uss-hephaistos\/?page_id=8938"},"modified":"2025-05-09T15:23:51","modified_gmt":"2025-05-09T13:23:51","slug":"nenii","status":"publish","type":"page","link":"https:\/\/www.sf-germany.org\/einheiten\/uss-hephaistos\/die-crew\/spieler\/jetsun-pema\/nenii\/","title":{"rendered":"Neniitowuh&#8217;koohut"},"content":{"rendered":"<p><strong><span style=\"font-size: 18pt;\"><a href=\"https:\/\/www.sf-germany.org\/einheiten\/uss-hephaistos\/wp-content\/uploads\/Nenii.png\"><img loading=\"lazy\" decoding=\"async\" class=\"alignleft\" src=\"https:\/\/www.sf-germany.org\/einheiten\/uss-hephaistos\/wp-content\/uploads\/Nenii.png\" alt=\"Neniitowuh'koohut\" width=\"460\" height=\"431\" \/><\/a>Neniitowuh&#8217;koohut<br \/>\n<\/span><\/strong><span style=\"font-size: 18pt;\">(a.k.a. Nenii oder &#8222;Runs Ahead&#8220;)<\/span><strong><span style=\"font-size: 18pt;\"><br \/>\n<\/span><\/strong><\/p>\n<p>Nenii, wie die siebzehnj\u00e4hrige junge Frau gern genannt wird, ist eine intelligente Lebensform, die aus einem Holodeckabenteuer stammt, welches die CM, Jetsun Pema, generiert hatte. Sie ist ein Hologramm, oder auch eine photonische Lebensform. Dabei ist Neniis photonische Tiefe so hoch, dass sie auf zellularer Ebene simuliert wird.<\/p>\n<p>Jetsun hatte hierzu unwissentlich eine spezielle Software des fr\u00fcheren Holodocs der Hephaistos benutzt, welche dem fiktiven Charakter ein komplexes Leben und eine exponentiell gesteigerte Intelligenz verliehen hatte. Nenii war sich setdem ihrer selbst bewusst und erkannte auch, dass es au\u00dferhalb ihrer Welt noch eine andere Welt gab.<\/p>\n<p>Zu einer echten intelligenten Lebensform wurde sie, als die Hephaistos unter dem Einfluss der fraktalen Anomalie &#8222;Arcadia&#8220; stand und Nenii dort aus eigenem Antrieb selbst\u00e4ndig das Holodeck verlassen konnte.<\/p>\n<p>Jetsun hatte angestrebt, Nenii als eigenst\u00e4ndige, echte Lebensform offiziell anerkennen zu lassen, lie\u00df dann aber auf Abraten des CO, Captain Ruthven davon ab, da aller Wahrscheinlichkeit nach der prozess der Anerkennung der jungen Arapahoe nicht guttun w\u00fcrde. Au\u00dferdem m\u00fcsste sie dann wahrscheinlich die Hephaistos verlassen.<\/p>\n<p>In ihrer Holographischen Welt hat Nenii eine komplette Familie, Freunde und ihren Stamm. Dazu geh\u00f6ren unter anderem:<\/p>\n<ul>\n<li>Butterfly (Nih&#8217;ooteibeihii &#8211; ihr Pony)<\/li>\n<li>Bear Robe Woman (Wox\u00fa\u00faseii&#8217;t\u00f3\u00fawut &#8211; ihre Mutter)<\/li>\n<li>Black Coyote (W\u00f3&#8217;teenkoo&#8217;\u00f3h &#8211; ihr Vater)<\/li>\n<li>Spotted Eagle &#8211; (Kokteenii&#8217;eihii &#8211; ihr Bruder)<\/li>\n<li>Falcon Woman (Anovaoo&#8217;o &#8211; Sutai\/Cheyenne &#8211; ihre Freundin)<\/li>\n<li>Red Cloud at Sundown (Sanuye &#8211; Tsitsista\/Cheyenne &#8211; ihre beste Freundin)<\/li>\n<li>Wind in his Hair (Tadewi Niyol &#8211; Ojibwe &#8211; ein weiterer Freund)<\/li>\n<\/ul>\n<div id=\"simple-translate\" class=\"simple-translate-system-theme\">\n<div>\n<div class=\"simple-translate-button isShow\" style=\"background-image: url('moz-extension:\/\/bf9f4db1-f3ed-454d-8882-188f03f1b769\/icons\/512.png'); height: 22px; width: 22px; top: 510px; left: 475px;\"><\/div>\n<div class=\"simple-translate-panel \" style=\"width: 300px; height: 200px; top: 0px; left: 0px; font-size: 13px;\">\n<div class=\"simple-translate-result-wrapper\" style=\"overflow: hidden;\">\n<div class=\"simple-translate-move\" draggable=\"true\"><\/div>\n<div class=\"simple-translate-result-contents\">\n<p class=\"simple-translate-result\" dir=\"auto\">\n<p class=\"simple-translate-candidate\" dir=\"auto\">\n<\/div>\n<\/div>\n<\/div>\n<\/div>\n<\/div>\n","protected":false},"excerpt":{"rendered":"<p>Neniitowuh&#8217;koohut (a.k.a. Nenii oder &#8222;Runs Ahead&#8220;) Nenii, wie die siebzehnj\u00e4hrige junge Frau gern genannt wird, ist eine intelligente Lebensform, die aus einem Holodeckabenteuer stammt, welches die CM, Jetsun Pema, generiert hatte. Sie ist ein Hologramm, oder auch eine photonische Lebensform. Dabei ist Neniis photonische Tiefe so hoch, dass sie auf zellularer Ebene simuliert wird. Jetsun&#8230;<\/p>\n<p class=\"more-link-wrap\"><a href=\"https:\/\/www.sf-germany.org\/einheiten\/uss-hephaistos\/die-crew\/spieler\/jetsun-pema\/nenii\/\" class=\"more-link\">Read More<span class=\"screen-reader-text\"> &ldquo;Neniitowuh&#8217;koohut&rdquo;<\/span> &raquo;<\/a><\/p>\n","protected":false},"author":12,"featured_media":0,"parent":644,"menu_order":0,"comment_status":"closed","ping_status":"closed","template":"page-templates\/medium.php","meta":{"footnotes":""},"class_list":["post-8938","page","type-page","status-publish","hentry"],"_links":{"self":[{"href":"https:\/\/www.sf-germany.org\/einheiten\/uss-hephaistos\/wp-json\/wp\/v2\/pages\/8938","targetHints":{"allow":["GET"]}}],"collection":[{"href":"https:\/\/www.sf-germany.org\/einheiten\/uss-hephaistos\/wp-json\/wp\/v2\/pages"}],"about":[{"href":"https:\/\/www.sf-germany.org\/einheiten\/uss-hephaistos\/wp-json\/wp\/v2\/types\/page"}],"author":[{"embeddable":true,"href":"https:\/\/www.sf-germany.org\/einheiten\/uss-hephaistos\/wp-json\/wp\/v2\/users\/12"}],"replies":[{"embeddable":true,"href":"https:\/\/www.sf-germany.org\/einheiten\/uss-hephaistos\/wp-json\/wp\/v2\/comments?post=8938"}],"version-history":[{"count":13,"href":"https:\/\/www.sf-germany.org\/einheiten\/uss-hephaistos\/wp-json\/wp\/v2\/pages\/8938\/revisions"}],"predecessor-version":[{"id":8960,"href":"https:\/\/www.sf-germany.org\/einheiten\/uss-hephaistos\/wp-json\/wp\/v2\/pages\/8938\/revisions\/8960"}],"up":[{"embeddable":true,"href":"https:\/\/www.sf-germany.org\/einheiten\/uss-hephaistos\/wp-json\/wp\/v2\/pages\/644"}],"wp:attachment":[{"href":"https:\/\/www.sf-germany.org\/einheiten\/uss-hephaistos\/wp-json\/wp\/v2\/media?parent=8938"}],"curies":[{"name":"wp","href":"https:\/\/api.w.org\/{rel}","templated":true}]}}