{"id":9060,"date":"2025-08-06T09:42:42","date_gmt":"2025-08-06T07:42:42","guid":{"rendered":"https:\/\/www.sf-germany.org\/einheiten\/uss-hephaistos\/?page_id=9060"},"modified":"2025-10-20T22:02:31","modified_gmt":"2025-10-20T20:02:31","slug":"deryn-reeko","status":"publish","type":"page","link":"https:\/\/www.sf-germany.org\/einheiten\/uss-hephaistos\/die-crew\/spieler\/deryn-reeko\/","title":{"rendered":"Deryn Reeko"},"content":{"rendered":"<div style=\"float: right; margin-left: 15px; margin-bottom: 15px; font-size: 11px;\">\n<p>\u200b<\/p>\n<table style=\"border: 0px solid #003366; background: transparent; box-shadow: rgba(255, 255, 255, 0.75) 0.1em 0.1em 0.5em; border-radius: 1em; width: 100%;\" border=\"3\" cellspacing=\"10\" align=\"right\">\n<tbody>\n<tr>\n<td style=\"font-weight: bold; border: 0px solid transparent; width: 100%;\" colspan=\"2\" align=\"center\"><\/td>\n<\/tr>\n<tr>\n<td style=\"background: transparent; border: 0px solid transparent; width: 100%;\" colspan=\"2\" align=\"center\"><a href=\"https:\/\/www.sf-germany.org\/einheiten\/uss-hephaistos\/wp-content\/uploads\/business-woman-silhouette.jpg\"><img loading=\"lazy\" decoding=\"async\" class=\"aligncenter wp-image-740\" src=\"https:\/\/www.sf-germany.org\/einheiten\/uss-hephaistos\/wp-content\/uploads\/business-woman-silhouette.jpg\" alt=\"\" width=\"150\" height=\"206\" srcset=\"https:\/\/www.sf-germany.org\/einheiten\/uss-hephaistos\/wp-content\/uploads\/business-woman-silhouette.jpg 447w, https:\/\/www.sf-germany.org\/einheiten\/uss-hephaistos\/wp-content\/uploads\/business-woman-silhouette-218x300.jpg 218w\" sizes=\"auto, (max-width: 150px) 100vw, 150px\" \/><\/a><\/td>\n<\/tr>\n<tr>\n<td style=\"font-weight: bold; border: 0px solid transparent; width: 100%;\" colspan=\"2\" align=\"center\"><b>Deryn Reeko<\/b><\/td>\n<\/tr>\n<tr>\n<td style=\"font-weight: bold; border: 0px solid transparent; width: 50%;\" align=\"right\" width=\"50%\">Status<\/td>\n<td style=\"border: 0px solid transparent; width: 50%;\" align=\"left\" width=\"50%\">PC<\/td>\n<\/tr>\n<tr>\n<td style=\"font-weight: bold; border: 0px solid transparent; width: 50%;\" align=\"right\" width=\"50%\">Spieler<\/td>\n<td style=\"border: 0px solid transparent; width: 50%;\" align=\"left\" width=\"50%\">Leon<\/td>\n<\/tr>\n<tr>\n<td style=\"font-weight: bold; border: 0px solid #003366; background: #555555; box-shadow: rgba(255, 255, 255, 0.75) 0.1em 0.1em 0.5em; border-radius: 1em; width: 100%;\" colspan=\"2\" align=\"center\">Dienstliche Informationen<\/td>\n<\/tr>\n<tr>\n<td style=\"font-weight: bold; border: 0px solid transparent; width: 50%;\" align=\"right\" width=\"50%\">Ranggrafik<\/td>\n<td style=\"border: 0px solid transparent; width: 50%;\" align=\"left\" width=\"50%\"><img decoding=\"async\" class=\"alignnone\" src=\"https:\/\/www.sf-germany.com\/images\/schemata\/sto\/gelb\/ens.png\" alt=\"\" width=\"100\" \/><\/td>\n<\/tr>\n<tr>\n<td style=\"font-weight: bold; border: 0px solid transparent; width: 50%;\" align=\"right\" width=\"50%\">Rang<\/td>\n<td style=\"border: 0px solid transparent; width: 50%;\" align=\"left\" width=\"50%\">Ensign<\/td>\n<\/tr>\n<tr>\n<td style=\"font-weight: bold; border: 0px solid transparent; width: 50%;\" align=\"right\" width=\"50%\">Posten<\/td>\n<td style=\"border: 0px solid transparent; width: 50%;\" align=\"left\" width=\"50%\">sTO<\/td>\n<\/tr>\n<tr>\n<td style=\"font-weight: bold; border: 0px solid transparent; width: 50%;\" align=\"right\" width=\"50%\">Stationierung<\/td>\n<td style=\"border: 0px solid transparent; width: 50%;\" align=\"left\" width=\"50%\">USS Hephaistos<\/td>\n<\/tr>\n<tr>\n<td style=\"font-weight: bold; border: 0px solid #003366; background: #555555; box-shadow: rgba(255, 255, 255, 0.75) 0.1em 0.1em 0.5em; border-radius: 1em; width: 100%;\" colspan=\"2\" align=\"center\">Biographische Informationen<\/td>\n<\/tr>\n<tr>\n<td style=\"font-weight: bold; border: 0px solid transparent; width: 50%;\" align=\"right\" width=\"50%\">Geburtstag<\/td>\n<td style=\"border: 0px solid transparent; width: 50%;\" align=\"left\" width=\"50%\">2392<\/td>\n<\/tr>\n<tr>\n<td style=\"font-weight: bold; border: 0px solid transparent; width: 50%;\" align=\"right\" width=\"50%\">Geburtsort<\/td>\n<td style=\"border: 0px solid transparent; width: 50%;\" align=\"left\" width=\"50%\">Sarukaar<\/td>\n<\/tr>\n<tr>\n<td style=\"font-weight: bold; border: 0px solid transparent; width: 50%;\" align=\"right\" width=\"50%\">Herkunft<\/td>\n<td style=\"border: 0px solid transparent; width: 50%;\" align=\"left\" width=\"50%\">Sarukaar<\/td>\n<\/tr>\n<tr>\n<td style=\"font-weight: bold; border: 0px solid transparent; width: 50%;\" align=\"right\" width=\"50%\">Familienstand<\/td>\n<td style=\"border: 0px solid transparent; width: 50%;\" align=\"left\" width=\"50%\">ledig<\/td>\n<\/tr>\n<tr>\n<td style=\"font-weight: bold; border: 0px solid transparent; width: 50%;\" align=\"right\" valign=\"top\" width=\"50%\">Religion<\/td>\n<td style=\"border: 0px solid transparent; width: 50%;\" align=\"left\" width=\"50%\">Sarukaanischer<br \/>\nOrden<\/td>\n<\/tr>\n<tr>\n<td style=\"font-weight: bold; border: 0px solid transparent; width: 50%;\" align=\"right\" valign=\"top\" width=\"50%\">Geschwister<\/td>\n<td style=\"border: 0px solid transparent; width: 50%;\" align=\"left\" width=\"50%\">\u00a01 Bruder &amp;<br \/>\n1 Schwester<\/td>\n<\/tr>\n<tr>\n<td style=\"font-weight: bold; border: 0px solid transparent; width: 50%;\" align=\"right\" valign=\"top\" width=\"50%\">Eltern<\/td>\n<td style=\"border: 0px solid transparent; width: 50%;\" align=\"left\" width=\"50%\">Nakir Reeko (Mutter), Vyrran Reeko (Vater), beide leben<\/td>\n<\/tr>\n<tr>\n<td style=\"font-weight: bold; border: 0px solid #003366; background: #555555; box-shadow: rgba(255, 255, 255, 0.75) 0.1em 0.1em 0.5em; border-radius: 1em; width: 100%;\" colspan=\"2\" align=\"center\">Physische Beschreibung<\/td>\n<\/tr>\n<tr>\n<td style=\"font-weight: bold; border: 0px solid transparent; width: 50%;\" align=\"right\" width=\"50%\">Spezies<\/td>\n<td style=\"border: 0px solid transparent; width: 50%;\" align=\"left\" width=\"50%\">Sarukaaner<\/td>\n<\/tr>\n<tr>\n<td style=\"font-weight: bold; border: 0px solid transparent; width: 50%;\" align=\"right\" width=\"50%\">Geschlecht<\/td>\n<td style=\"border: 0px solid transparent; width: 50%;\" align=\"left\" width=\"50%\">m\u00e4nnlich<\/td>\n<\/tr>\n<tr>\n<td style=\"font-weight: bold; border: 0px solid transparent; width: 50%;\" align=\"right\" width=\"50%\">Gr\u00f6\u00dfe<\/td>\n<td style=\"border: 0px solid transparent; width: 50%;\" align=\"left\" width=\"50%\">190 cm<\/td>\n<\/tr>\n<tr>\n<td style=\"font-weight: bold; border: 0px solid transparent; width: 50%;\" align=\"right\" width=\"50%\">Haarfarbe<\/td>\n<td style=\"border: 0px solid transparent; width: 50%;\" align=\"left\" width=\"50%\">dunkel braun<\/td>\n<\/tr>\n<tr>\n<td style=\"font-weight: bold; border: 0px solid transparent; width: 50%;\" align=\"right\" width=\"50%\">Augenfarbe<\/td>\n<td style=\"border: 0px solid transparent; width: 50%;\" align=\"left\" width=\"50%\">blau<\/td>\n<\/tr>\n<tr>\n<td style=\"font-weight: bold; border: 0px solid transparent; width: 50%;\" align=\"right\" width=\"50%\">Hautfarbe<\/td>\n<td style=\"border: 0px solid transparent; width: 50%;\" align=\"left\" width=\"50%\">dunkelgrau mit leicht bleu leuchtenden Akzenten auf den Schuppen<\/td>\n<\/tr>\n<tr>\n<td style=\"font-weight: bold; border: 0px solid #003366; background: #555555; box-shadow: rgba(255, 255, 255, 0.75) 0.1em 0.1em 0.5em; border-radius: 1em; width: 100%;\" colspan=\"2\" align=\"center\">Politische informationen<\/td>\n<\/tr>\n<tr>\n<td style=\"font-weight: bold; border: 0px solid transparent; width: 50%;\" align=\"right\" valign=\"top\" width=\"50%\">Buergerschaft<\/td>\n<td style=\"border: 0px solid transparent; width: 50%;\" align=\"left\" width=\"50%\">F\u00f6derationsb\u00fcrger, Sarukaanischer B\u00fcrger<\/td>\n<\/tr>\n<\/tbody>\n<\/table>\n<\/div>\n<p><strong><span style=\"font-size: 24pt;\">Lebenslauf<\/span><\/strong><\/p>\n<ul>\n<li style=\"list-style-type: none;\">\n<ul>\n<li>2392 &#8211; Geburt<\/li>\n<li>2392 bis 2396 Aufzucht in der Klanfamilie Reeko<\/li>\n<li>2396 bis 2407 Grundausbildung auf Sarukaan<\/li>\n<li>2407 bis 2412 &#8211; Sarukaar, technische Ausbildung in Raumschiffwartung und Industrie<\/li>\n<li>2412 bis 2416 &#8211; Akademie der Sternenflotte San Fransisco, Erde<\/li>\n<li>2416 &#8211; Versetzung als sTO auf die USS Hephaistos<\/li>\n<\/ul>\n<\/li>\n<\/ul>\n<p>Deryn wuchs unter gem\u00e4\u00dfigten Umst\u00e4nden auf und war ein etwas spartanisches Leben gewohnt.<\/p>\n<p>Die Gesellschaft seiner Spezies veranlasste ihn in seiner jungen Entwicklung ein starkes Bed\u00fcrfniss der Selbstoptimierung zu entwickeln. Da Sarukaan sich nach Naturkatastrophen in eine Tundrawelt verwandelt hatte, gab es kaum etwas auf der Heimatwelt zu entdecken und so wuchs bei Reeko, wie auch bei so viele seiner Spezies, eine Sehnsucht nach dem Weltall und der Hoffnung mehr aus dem Leben zu machen.<\/p>\n<p>2412 bewarb sich Deryn bei der Sternenflotte und warf eine zweij\u00e4hrige Erfahrung in Raumschiffswartung, welche er auf dem Raumschiff seiner Eltern gemacht hatte, in die Waagschale.<\/p>\n<p>Zu seinem Gl\u00fcck wurde sein Gesuch akzeptiert und ihm erm\u00f6glicht ein technischen Offizierslaufbahn zu beschreiten.<\/p>\n<p>2416 schlo\u00df er die Akademie erfolgreich ab und wurde als stellvertretender Technischer Spezialoffizier auf die USS Hephaistos versetzt.<\/p>\n<hr \/>\n<p><strong><span style=\"font-size: 24pt;\">Auszeichnungen \/ Orden<\/span><\/strong><\/p>\n<p style=\"text-align: center;\"><span style=\"font-size: 10pt;\"><em>(Ernennungsurkunde zum sTO der Hephaistos)<\/em><\/span><\/p>\n<p>&nbsp;<\/p>\n<hr \/>\n<p><strong><span style=\"font-size: 24pt;\">Psychologisches Profil<\/span><\/strong><\/p>\n<p>Analytisches Denken und Kreativit\u00e4t<br \/>\nAversion gegen Akscharianer (alter Feind der Sarukaaner),<br \/>\nHasst S\u00fcmpfe und stille Orte.<br \/>\nDeryn ist gesellig aber behart stark auf Privatssph\u00e4re wenn er sich seinen Projekten widmet, er hat Humor aber neigt \u00fcberwiegend zu ernstem und sehr strengem Verhalten.<br \/>\nPflicht und die Ergebnisse sind ihm extrem wichtig jedoch gibt er diese Notfalls auf wenn dadurch Leben gef\u00e4hrdet werden<\/p>\n<hr \/>\n<p><strong><span style=\"font-size: 24pt;\">Spezialgebiete<\/span><\/strong><\/p>\n<p>&nbsp;<\/p>\n<hr \/>\n<p><strong><span style=\"font-size: 24pt;\">Hobbies<\/span><\/strong><\/p>\n<ul>\n<li>Meditation<\/li>\n<li>F\u00fchren eines Dejatsch-Urag &#8222;Niedergeschriebenes Leben&#8220;<\/li>\n<li>Ambitionen: Vermehrung von Wissen<\/li>\n<\/ul>\n<hr \/>\n<p><strong><span style=\"font-size: 24pt;\">Medizinisches Profil<\/span><\/strong><\/p>\n<ul>\n<li>K\u00e4lte- und Strahlenresistenz<\/li>\n<li>Abh\u00e4ngigkeit von Ukaan-Strahlung<\/li>\n<li>Bei ausbleibender Strahlenbehandlung mit Ukaan-Strahlen beginnt ein zellul\u00e4rer Zerfall<\/li>\n<li>Besonderheiten der eigenen Spezies: Lebensdauer von bis zu \u00fcber 1000 Erdenjahre<\/li>\n<\/ul>\n<p>&nbsp;<\/p>\n<hr \/>\n<p><span style=\"font-size: 24pt;\"><strong>Klassifzierte Sektion<\/strong><\/span><\/p>\n<ul>\n<li>keine Eintr\u00e4ge<\/li>\n<\/ul>\n<p>&nbsp;<\/p>\n<hr \/>\n<p><span style=\"font-size: 24pt;\"><strong>Sarukaaner<\/strong><\/span><\/p>\n<p>Die Sarukaaner haben ein humanoides Aussehen mit reptiloiden raptor\u00e4hnlichen Elementen, zwei kn\u00f6chernde scharfe &#8222;Fangz\u00e4hne&#8220; die seitlich an der Oberlippe liegen und einen Schwanz.<br \/>\nFelide elemente wie etwa eine Nase die entfernt der eines irdischen L\u00f6wens \u00e4hnelt.<\/p>\n<p>Die Ohren sind spitz mit einer Riffelung entlang der Ohrmuschel.<br \/>\nDer Kiefer ist mittig gespalten und l\u00e4sst sich wie Mandibeln jeweils seperate bewegen.<br \/>\nIn den beiden Kieferteilen liegen zwei &#8222;eingefahrene&#8220; klauenartige Fangz\u00e4hne (wie die einer Schlange), welche bei extremer Bedrohung ausgefahren werden k\u00f6nnen. Die Sarukaaner stammen vor Urzeiten von Pr\u00e4datoren auf Sarukaan ab.<\/p>\n<p>Auch der K\u00f6rperbau ist f\u00fcr Jagd ausgelegt. Die H\u00e4nde haben Krallen und die Beine haben eine starke Muskelstruktur und einen Zehengang auf drei krallenbewehrte Zehen. (\u00c4hnlich wie bei einem irdischen Raptor)<\/p>\n<p>Die evolutionelle Entwicklung sorgte daf\u00fcr das viele der raubtierhaften Merkmale und Strukturen erhalten blieben da auf Sarukaan immernoch eine Form der Jagd praktiziert wird. Eine mechanische Version von &#8222;Beutetieren&#8220; wird ausgesetzt und die Sarukaaner trainieren ihre Jagdinstinkte durch die Jagd und das \u00dcberleben in dem tundraartigen \u00d6dland was etwa 80% der planetaren Oberfl\u00e4che ausmacht.<\/p>\n<p>Trotz der Abstammung von Pr\u00e4datoren haben die Sarukaaner eine geistige Entwicklung mitgemacht und ein tiefes spirituelles Leben aufgebaut was sich in der Bedeutung f\u00fcr die sarukaanische Gesellschaft mit den der Bajoraner vergleichbar ist.<br \/>\nSie glauben das die Wissenschaft ein Teil der Realit\u00e4t ist und nicht die absolute Erkl\u00e4rung, wodurch sie die Grunds\u00e4tze ihrer Religion auf der Annahme aufbauen das es mehr gibt als die Wissenschaft (ungeachtet ihres Standes) je zu erkl\u00e4ren in der Lage sein wird. Sie glauben auch das jede Handlung eines Lebewesens die Manifestation des Bed\u00fcrfnisses der &#8222;Schkarii&#8220; (der Seele) ist die Welt zu Beeinflussen.<br \/>\nDaher beurteilen Sarukaaner sich selbst als auch andere anhand der Taten.<\/p>\n","protected":false},"excerpt":{"rendered":"<p>\u200b Deryn Reeko Status PC Spieler Leon Dienstliche Informationen Ranggrafik Rang Ensign Posten sTO Stationierung USS Hephaistos Biographische Informationen Geburtstag 2392 Geburtsort Sarukaar Herkunft Sarukaar Familienstand ledig Religion Sarukaanischer Orden Geschwister \u00a01 Bruder &amp; 1 Schwester Eltern Nakir Reeko (Mutter), Vyrran Reeko (Vater), beide leben Physische Beschreibung Spezies Sarukaaner Geschlecht m\u00e4nnlich Gr\u00f6\u00dfe 190 cm Haarfarbe&#8230;<\/p>\n<p class=\"more-link-wrap\"><a href=\"https:\/\/www.sf-germany.org\/einheiten\/uss-hephaistos\/die-crew\/spieler\/deryn-reeko\/\" class=\"more-link\">Read More<span class=\"screen-reader-text\"> &ldquo;Deryn Reeko&rdquo;<\/span> &raquo;<\/a><\/p>\n","protected":false},"author":1,"featured_media":0,"parent":54,"menu_order":20,"comment_status":"closed","ping_status":"closed","template":"","meta":{"footnotes":""},"class_list":["post-9060","page","type-page","status-publish","hentry"],"_links":{"self":[{"href":"https:\/\/www.sf-germany.org\/einheiten\/uss-hephaistos\/wp-json\/wp\/v2\/pages\/9060","targetHints":{"allow":["GET"]}}],"collection":[{"href":"https:\/\/www.sf-germany.org\/einheiten\/uss-hephaistos\/wp-json\/wp\/v2\/pages"}],"about":[{"href":"https:\/\/www.sf-germany.org\/einheiten\/uss-hephaistos\/wp-json\/wp\/v2\/types\/page"}],"author":[{"embeddable":true,"href":"https:\/\/www.sf-germany.org\/einheiten\/uss-hephaistos\/wp-json\/wp\/v2\/users\/1"}],"replies":[{"embeddable":true,"href":"https:\/\/www.sf-germany.org\/einheiten\/uss-hephaistos\/wp-json\/wp\/v2\/comments?post=9060"}],"version-history":[{"count":6,"href":"https:\/\/www.sf-germany.org\/einheiten\/uss-hephaistos\/wp-json\/wp\/v2\/pages\/9060\/revisions"}],"predecessor-version":[{"id":9113,"href":"https:\/\/www.sf-germany.org\/einheiten\/uss-hephaistos\/wp-json\/wp\/v2\/pages\/9060\/revisions\/9113"}],"up":[{"embeddable":true,"href":"https:\/\/www.sf-germany.org\/einheiten\/uss-hephaistos\/wp-json\/wp\/v2\/pages\/54"}],"wp:attachment":[{"href":"https:\/\/www.sf-germany.org\/einheiten\/uss-hephaistos\/wp-json\/wp\/v2\/media?parent=9060"}],"curies":[{"name":"wp","href":"https:\/\/api.w.org\/{rel}","templated":true}]}}