{"id":925,"date":"2019-03-19T10:13:14","date_gmt":"2019-03-19T09:13:14","guid":{"rendered":"http:\/\/www.sf-germany.org\/einheiten\/hephaistos\/?page_id=925"},"modified":"2022-10-07T12:53:14","modified_gmt":"2022-10-07T10:53:14","slug":"topf-voll-gold","status":"publish","type":"page","link":"https:\/\/www.sf-germany.org\/einheiten\/uss-hephaistos\/das-schiff\/topf-voll-gold\/","title":{"rendered":"Topf voll Gold"},"content":{"rendered":"<p><a href=\"https:\/\/www.sf-germany.org\/einheiten\/uss-hephaistos\/wp-content\/uploads\/2016\/01\/hephaistoscprw3.png\" rel=\"attachment wp-att-11\"><img decoding=\"async\" class=\"size-medium wp-image-11 aligncenter\" src=\"https:\/\/www.sf-germany.org\/einheiten\/uss-hephaistos\/wp-content\/uploads\/2016\/01\/hephaistoscprw3-300x254.png\" alt=\"hephaistoscprw3\" width=\"150\" srcset=\"https:\/\/www.sf-germany.org\/einheiten\/uss-hephaistos\/wp-content\/uploads\/2016\/01\/hephaistoscprw3-300x254.png 300w, https:\/\/www.sf-germany.org\/einheiten\/uss-hephaistos\/wp-content\/uploads\/2016\/01\/hephaistoscprw3.png 388w\" sizes=\"(max-width: 300px) 100vw, 300px\" \/><\/a><\/p>\r\n<hr \/>\r\n<p>Das &#8222;Topf voll Gold&#8220; ist eine holographisch generierte irische Kneipe, die etwa einmal alle vier Wochen &#8211; sowie zu speziellen Anl\u00e4ssen &#8211; an einem Abend auf Holodeck 2 ge\u00f6ffnet hat, um der Unterhaltung und Entspannung zu dienen. Geleitet wird die Kneipe von <a href=\"https:\/\/www.sf-germany.org\/einheiten\/uss-hephaistos\/die-crew\/trish-greene\/\">Trish Greene<\/a>, welche auch die Idee hatte. <a href=\"https:\/\/www.sf-germany.org\/einheiten\/uss-hephaistos\/die-crew\/shawn-finnegan-mcnamara\/\">Shawn Finnegan McNamara<\/a> hilft h\u00e4ufig als Barkeeper und Cocktail-Meister aus.<\/p>\r\n<h2>Programm<\/h2>\r\n<p>\u00dcblicherweise gibt es bei dem typisch irischen Abend Darts, Kartenspiele, irische Speisen und Getr\u00e4nke sowie Folk-Musik, die zum Mitsingen und Tanzen einl\u00e4dt.<\/p>\r\n<p>Zu St. Patrick&#8217;s Day findet jedes Jahr eine gro\u00dfe Feier im Topf voll Gold statt.<\/p>\r\n<h2>\u00d6rtlichkeit<\/h2>\r\n<p>Das mit Holzdielen ausgelegte &#8222;Topf voll Gold&#8220; besteht aus zwei R\u00e4umen und einer B\u00fchne. Die gro\u00dfe, h\u00f6lzerne Theke im Hauptraum ist mit keltischen Mustern verziert. H\u00f6lzerne St\u00fctzbalken gehen in regelm\u00e4\u00dfigen Abst\u00e4nden zur hohen Decke hin weg. Vom Eingang aus rechterhand gibt es einige gem\u00fctliche Sitznischen, linkerhand ist die Wand mit einem \u00fcberlebensgro\u00dfen, aufgemalten Leprechaun. Dort f\u00fchrt eine breite, f\u00fcnfstufige Treppe auf die B\u00fchne, die mal f\u00fcr Vorf\u00fchrungen, mal als Fl\u00e4che f\u00fcr weitere Tische und St\u00fchle genutzt wird. Links des Leprechaun f\u00fchrt ein Durchgang in den Nebenraum, wo die Darts-Scheibe h\u00e4ngt und Poker- sowie Billard- beziehungsweise Pool- Tische stehen. Dort befinden sich auch die (simulierten) Toiletten.<\/p>\r\n<p>Es hei\u00dft, die Kneipe verf\u00fcge auch \u00fcber geheime R\u00e4ume und Fluchttunnel &#8211; das ist allerdings nur zur H\u00e4lfte wahr. Tats\u00e4chlich befinden sich diese im Programm-Code, sind aber meist deaktiviert.<\/p>\r\n<h2>Die Bar-Regeln<\/h2>\r\n<p>Es gibt eine ganze Reihe sinniger und nicht ganz so sinniger Bar-Regeln, die auf einem Schild hinter dem Tresen an der Wand h\u00e4ngen.<\/p>\r\n<p>Einige dieser Regeln lauten:<\/p>\r\n<p>#1 &#8211; Hab Spa\u00df.<\/p>\r\n<p>#2 &#8211; Das Wort des Barkeepers ist Gesetz. Ver\u00e4rgere nicht denjenigen, der deine Getr\u00e4nke einschenkt.<\/p>\r\n<p>#5 &#8211; Wer Whisky versch\u00fcttet ist ein Schuft und m\u00f6ge von seiner Katze gefressen werden.<\/p>\r\n<p>#6 &#8211; Wer einen Leprechaun angeboten bekommt, wird diesen nicht ablehnen.<\/p>\r\n<p>#9 &#8211; Wer mit schmutzigen Witzen oder Spr\u00fcchen auf seine Kosten nicht klar kommt, hat einen mit dieser Kneipe inkompatiblen Humor.<\/p>\r\n<p>#12 &#8211; Schl\u00e4gereien sind Teil der \u00fcberlieferten Kultur und deswegen nicht verboten. Das hei\u00dft nicht, dass wir nicht die Sicherheit rufen.<\/p>\r\n<p>#39 &#8211; Kein Feuerwerk!<\/p>\r\n<p>#42 &#8211; Die Antwort auf die Frage aller Fragen.<\/p>\r\n<h2>Besonderheiten<\/h2>\r\n<h3>Leprechaun<\/h3>\r\n<p>Das Signatur-Getr\u00e4nk der Bar ist der <em>Leprechaun<\/em>, ein minziges alkoholisches Getr\u00e4nk mit goldfarbenen Sprenkeln im Inneren. Das Rezept ist &#8217;streng geheim&#8216;. Es hei\u00dft, dass in jedem hundertsten Getr\u00e4nk ein &#8218;Topf voll Gold&#8216; versenkt sei. Dieser Honig-goldene, s\u00fc\u00df-schmeckende Klumpen gibt einen metallenen Chip frei, der gegen einen Preis eingel\u00f6st werden kann. Dieser scheint stets unterschiedlich zu sein.\u00a0<\/p>\r\n<h3>Gl\u00fcckspiel<\/h3>\r\n<p>F\u00fcr die Gl\u00fcckspiele gibt es spezielle Chips. Da Gl\u00fccksspiel mit materiellem Einsatz innerhalb der Flotte verboten ist, aber es g\u00e4nzlich ohne irgendwie keinen Spa\u00df macht, erh\u00e4lt jedes interessierte Crewmitglied kostenlos eine bestimmte Menge an Spiel-Chips pro Besuch. Beim Gehen muss er diese zur\u00fcck geben, wodurch Gewinne \/ Verluste auf einer virtuellen Rangliste eingetragen werden.<\/p>\r\n<h3>Holo-Romane<\/h3>\r\n<p>Es hei\u00dft, dass Trish die Kneipe manchmal f\u00fcr Holo-Romane &#8218;vermiete&#8216;. Da ihr das Programm geh\u00f6rt, muss sie einen daf\u00fcr allerdings schon m\u00f6gen.<\/p>\r\n<hr \/>\r\n<p><strong>Posts<\/strong><\/p>\r\n<p>Die Bar spielt in folgenden RPG-Posts eine gr\u00f6\u00dfere Rolle:<\/p>\r\n<p>[<a href=\"https:\/\/de.groups.yahoo.com\/neo\/groups\/USS-Hephaistos\/conversations\/messages\/549\">549<\/a>]<\/p>\r\n\r\n<p>&nbsp;<\/p>\r\n","protected":false},"excerpt":{"rendered":"<p>Das &#8222;Topf voll Gold&#8220; ist eine holographisch generierte irische Kneipe, die etwa einmal alle vier Wochen &#8211; sowie zu speziellen Anl\u00e4ssen &#8211; an einem Abend auf Holodeck 2 ge\u00f6ffnet hat, um der Unterhaltung und Entspannung zu dienen. Geleitet wird die Kneipe von Trish Greene, welche auch die Idee hatte. Shawn Finnegan McNamara hilft h\u00e4ufig als&#8230;<\/p>\n<p class=\"more-link-wrap\"><a href=\"https:\/\/www.sf-germany.org\/einheiten\/uss-hephaistos\/das-schiff\/topf-voll-gold\/\" class=\"more-link\">Read More<span class=\"screen-reader-text\"> &ldquo;Topf voll Gold&rdquo;<\/span> &raquo;<\/a><\/p>\n","protected":false},"author":2,"featured_media":0,"parent":43,"menu_order":20,"comment_status":"closed","ping_status":"closed","template":"page-templates\/medium.php","meta":{"footnotes":""},"class_list":["post-925","page","type-page","status-publish","hentry"],"_links":{"self":[{"href":"https:\/\/www.sf-germany.org\/einheiten\/uss-hephaistos\/wp-json\/wp\/v2\/pages\/925","targetHints":{"allow":["GET"]}}],"collection":[{"href":"https:\/\/www.sf-germany.org\/einheiten\/uss-hephaistos\/wp-json\/wp\/v2\/pages"}],"about":[{"href":"https:\/\/www.sf-germany.org\/einheiten\/uss-hephaistos\/wp-json\/wp\/v2\/types\/page"}],"author":[{"embeddable":true,"href":"https:\/\/www.sf-germany.org\/einheiten\/uss-hephaistos\/wp-json\/wp\/v2\/users\/2"}],"replies":[{"embeddable":true,"href":"https:\/\/www.sf-germany.org\/einheiten\/uss-hephaistos\/wp-json\/wp\/v2\/comments?post=925"}],"version-history":[{"count":6,"href":"https:\/\/www.sf-germany.org\/einheiten\/uss-hephaistos\/wp-json\/wp\/v2\/pages\/925\/revisions"}],"predecessor-version":[{"id":5572,"href":"https:\/\/www.sf-germany.org\/einheiten\/uss-hephaistos\/wp-json\/wp\/v2\/pages\/925\/revisions\/5572"}],"up":[{"embeddable":true,"href":"https:\/\/www.sf-germany.org\/einheiten\/uss-hephaistos\/wp-json\/wp\/v2\/pages\/43"}],"wp:attachment":[{"href":"https:\/\/www.sf-germany.org\/einheiten\/uss-hephaistos\/wp-json\/wp\/v2\/media?parent=925"}],"curies":[{"name":"wp","href":"https:\/\/api.w.org\/{rel}","templated":true}]}}